{"id":10429,"date":"2022-11-21T10:39:14","date_gmt":"2022-11-21T10:39:14","guid":{"rendered":"https:\/\/luxpro.pt\/?post_type=product&#038;p=10429"},"modified":"2026-03-09T19:24:51","modified_gmt":"2026-03-09T19:24:51","slug":"central-electronica-mc60-motorline","status":"publish","type":"product","link":"https:\/\/luxpro.pt\/es\/produto\/central-electronica-mc60-motorline","title":{"rendered":"Central Electr\u00f3nica MC60 Motorline"},"content":{"rendered":"<p>Central desenvolvida para trabalhar com 1 motor de 24Vdc, com pot\u00eancia m\u00e1xima de 120W cada.\u00a0Ele tamb\u00e9m inclui os seguintes recursos:<\/p>\n<ul>\n<li>Tecnologia que n\u00e3o permite comuta\u00e7\u00e3o de aquecimento<\/li>\n<li>Detec\u00e7\u00e3o de esfor\u00e7o<\/li>\n<li>Uniformiza\u00e7\u00e3o dos card\u00e1pios<\/li>\n<li>Prote\u00e7\u00e3o reversa da polaridade da bateria<\/li>\n<li>Sa\u00edda para l\u00e2mpada intermitente RGB ou status do port\u00e3o<\/li>\n<li>Possibilidade de excluir um controle remoto espec\u00edfico da mem\u00f3ria<\/li>\n<li>Possibilidade de conex\u00e3o do codificador<\/li>\n<li>Possibilidade de operar com fins de curso ou esfor\u00e7o<\/li>\n<li>Entradas para 2 pares de fotoc\u00e9lulas com diferentes fun\u00e7\u00f5es, como 2 seg.\u00a0invers\u00e3o, parada ou invers\u00e3o, bot\u00e3o de abertura, bot\u00e3o de fechamento, pedestre, bot\u00e3o rotativo (abre e fecha) e fins de curso<\/li>\n<li>Fun\u00e7\u00e3o \u201cFollow me\u201d \u2013 ordem de fecho 5 seg.\u00a0ap\u00f3s o dispositivo de seguran\u00e7a detectar a passagem de um objeto\/usu\u00e1rio<\/li>\n<li>Possibilidade de ajustar o tempo de luz de cortesia<\/li>\n<li>Regulagem do retardo do port\u00e3o para abertura e fechamento<\/li>\n<li>Contador total de manobras<\/li>\n<\/ul>\n","protected":false},"excerpt":{"rendered":"<p>Central desenvolvida para trabalhar com 1 motor de 24Vdc, com pot\u00eancia m\u00e1xima de 120W cada.\u00a0Ele tamb\u00e9m inclui os seguintes recursos: Tecnologia que n\u00e3o permite comuta\u00e7\u00e3o de aquecimento Detec\u00e7\u00e3o de esfor\u00e7o Uniformiza\u00e7\u00e3o dos card\u00e1pios Prote\u00e7\u00e3o reversa da polaridade da bateria Sa\u00edda para l\u00e2mpada intermitente RGB ou status do port\u00e3o Possibilidade de excluir um controle remoto espec\u00edfico da mem\u00f3ria Possibilidade de conex\u00e3o [&hellip;]<\/p>\n","protected":false},"featured_media":11353,"comment_status":"open","ping_status":"closed","template":"","meta":[],"product_brand":[],"product_cat":[652],"product_tag":[],"class_list":{"0":"post-10429","1":"product","2":"type-product","3":"status-publish","4":"has-post-thumbnail","6":"product_cat-acessorios","8":"first","9":"instock","10":"taxable","11":"shipping-taxable","12":"purchasable","13":"product-type-simple"},"yoast_head":"<!-- This site is optimized with the Yoast SEO plugin v26.5 - https:\/\/yoast.com\/wordpress\/plugins\/seo\/ -->\n<title>Central Electr\u00f3nica MC60 Motorline - LuxPro<\/title>\n<meta name=\"description\" content=\"Central desenvolvida para trabalhar com 1 motor de 24Vdc, com pot\u00eancia m\u00e1xima de 120W cada.\u00a0Ele tamb\u00e9m inclui os seguintes recursos: Tecnologia que n\u00e3o\" \/>\n<meta name=\"robots\" content=\"index, follow, max-snippet:-1, max-image-preview:large, max-video-preview:-1\" \/>\n<link rel=\"canonical\" href=\"https:\/\/luxpro.pt\/es\/produto\/central-electronica-mc60-motorline\" \/>\n<meta property=\"og:locale\" content=\"es_ES\" \/>\n<meta property=\"og:type\" content=\"article\" \/>\n<meta property=\"og:title\" content=\"Central Electr\u00f3nica MC60 Motorline - LuxPro\" \/>\n<meta property=\"og:description\" content=\"Central desenvolvida para trabalhar com 1 motor de 24Vdc, com pot\u00eancia m\u00e1xima de 120W cada.\u00a0Ele tamb\u00e9m inclui os seguintes recursos: Tecnologia que n\u00e3o\" \/>\n<meta property=\"og:url\" content=\"https:\/\/luxpro.pt\/es\/produto\/central-electronica-mc60-motorline\" \/>\n<meta property=\"og:site_name\" content=\"LuxPro\" \/>\n<meta property=\"article:modified_time\" content=\"2026-03-09T19:24:51+00:00\" \/>\n<meta property=\"og:image\" content=\"https:\/\/luxpro.pt\/wp-content\/uploads\/2022\/11\/Captura-de-ecra-2023-05-18-as-15.43.58-1024x791.png\" \/>\n\t<meta property=\"og:image:width\" content=\"1024\" \/>\n\t<meta property=\"og:image:height\" content=\"791\" \/>\n\t<meta property=\"og:image:type\" content=\"image\/png\" \/>\n<meta name=\"twitter:card\" content=\"summary_large_image\" \/>\n<meta name=\"twitter:label1\" content=\"Tiempo de lectura\" \/>\n\t<meta name=\"twitter:data1\" content=\"2 minutos\" \/>\n<script type=\"application\/ld+json\" class=\"yoast-schema-graph\">{\"@context\":\"https:\/\/schema.org\",\"@graph\":[{\"@type\":\"WebPage\",\"@id\":\"https:\/\/luxpro.pt\/es\/produto\/central-electronica-mc60-motorline\",\"url\":\"https:\/\/luxpro.pt\/es\/produto\/central-electronica-mc60-motorline\",\"name\":\"Central Electr\u00f3nica MC60 Motorline - LuxPro\",\"isPartOf\":{\"@id\":\"https:\/\/luxpro.pt\/es#website\"},\"primaryImageOfPage\":{\"@id\":\"https:\/\/luxpro.pt\/es\/produto\/central-electronica-mc60-motorline#primaryimage\"},\"image\":{\"@id\":\"https:\/\/luxpro.pt\/es\/produto\/central-electronica-mc60-motorline#primaryimage\"},\"thumbnailUrl\":\"https:\/\/luxpro.pt\/wp-content\/uploads\/2022\/11\/Captura-de-ecra-2023-05-18-as-15.43.58.png\",\"datePublished\":\"2022-11-21T10:39:14+00:00\",\"dateModified\":\"2026-03-09T19:24:51+00:00\",\"description\":\"Central desenvolvida para trabalhar com 1 motor de 24Vdc, com pot\u00eancia m\u00e1xima de 120W cada.\u00a0Ele tamb\u00e9m inclui os seguintes recursos: Tecnologia que n\u00e3o\",\"breadcrumb\":{\"@id\":\"https:\/\/luxpro.pt\/es\/produto\/central-electronica-mc60-motorline#breadcrumb\"},\"inLanguage\":\"es\",\"potentialAction\":[{\"@type\":\"ReadAction\",\"target\":[\"https:\/\/luxpro.pt\/es\/produto\/central-electronica-mc60-motorline\"]}]},{\"@type\":\"ImageObject\",\"inLanguage\":\"es\",\"@id\":\"https:\/\/luxpro.pt\/es\/produto\/central-electronica-mc60-motorline#primaryimage\",\"url\":\"https:\/\/luxpro.pt\/wp-content\/uploads\/2022\/11\/Captura-de-ecra-2023-05-18-as-15.43.58.png\",\"contentUrl\":\"https:\/\/luxpro.pt\/wp-content\/uploads\/2022\/11\/Captura-de-ecra-2023-05-18-as-15.43.58.png\",\"width\":1958,\"height\":1512},{\"@type\":\"BreadcrumbList\",\"@id\":\"https:\/\/luxpro.pt\/es\/produto\/central-electronica-mc60-motorline#breadcrumb\",\"itemListElement\":[{\"@type\":\"ListItem\",\"position\":1,\"name\":\"In\u00edcio\",\"item\":\"https:\/\/luxpro.pt\/es\"},{\"@type\":\"ListItem\",\"position\":2,\"name\":\"Loja\",\"item\":\"https:\/\/luxpro.pt\/loja\"},{\"@type\":\"ListItem\",\"position\":3,\"name\":\"Central Electr\u00f3nica MC60 Motorline\"}]},{\"@type\":\"WebSite\",\"@id\":\"https:\/\/luxpro.pt\/es#website\",\"url\":\"https:\/\/luxpro.pt\/es\",\"name\":\"LuxPro\",\"description\":\"\",\"publisher\":{\"@id\":\"https:\/\/luxpro.pt\/es#\/schema\/person\/2d1bed59a52ad49be71622bef025e341\"},\"potentialAction\":[{\"@type\":\"SearchAction\",\"target\":{\"@type\":\"EntryPoint\",\"urlTemplate\":\"https:\/\/luxpro.pt\/es?s={search_term_string}\"},\"query-input\":{\"@type\":\"PropertyValueSpecification\",\"valueRequired\":true,\"valueName\":\"search_term_string\"}}],\"inLanguage\":\"es\"},{\"@type\":[\"Person\",\"Organization\"],\"@id\":\"https:\/\/luxpro.pt\/es#\/schema\/person\/2d1bed59a52ad49be71622bef025e341\",\"name\":\"Tiago Amadeu Ferreira\",\"image\":{\"@type\":\"ImageObject\",\"inLanguage\":\"es\",\"@id\":\"https:\/\/luxpro.pt\/es#\/schema\/person\/image\/\",\"url\":\"https:\/\/luxpro.pt\/wp-content\/uploads\/2017\/11\/logo.jpg\",\"contentUrl\":\"https:\/\/luxpro.pt\/wp-content\/uploads\/2017\/11\/logo.jpg\",\"width\":150,\"height\":33,\"caption\":\"Tiago Amadeu Ferreira\"},\"logo\":{\"@id\":\"https:\/\/luxpro.pt\/es#\/schema\/person\/image\/\"}}]}<\/script>\n<!-- \/ Yoast SEO plugin. -->","yoast_head_json":{"title":"Central Electr\u00f3nica MC60 Motorline - LuxPro","description":"Central desenvolvida para trabalhar com 1 motor de 24Vdc, com pot\u00eancia m\u00e1xima de 120W cada.\u00a0Ele tamb\u00e9m inclui os seguintes recursos: Tecnologia que n\u00e3o","robots":{"index":"index","follow":"follow","max-snippet":"max-snippet:-1","max-image-preview":"max-image-preview:large","max-video-preview":"max-video-preview:-1"},"canonical":"https:\/\/luxpro.pt\/es\/produto\/central-electronica-mc60-motorline","og_locale":"es_ES","og_type":"article","og_title":"Central Electr\u00f3nica MC60 Motorline - LuxPro","og_description":"Central desenvolvida para trabalhar com 1 motor de 24Vdc, com pot\u00eancia m\u00e1xima de 120W cada.\u00a0Ele tamb\u00e9m inclui os seguintes recursos: Tecnologia que n\u00e3o","og_url":"https:\/\/luxpro.pt\/es\/produto\/central-electronica-mc60-motorline","og_site_name":"LuxPro","article_modified_time":"2026-03-09T19:24:51+00:00","og_image":[{"width":1024,"height":791,"url":"https:\/\/luxpro.pt\/wp-content\/uploads\/2022\/11\/Captura-de-ecra-2023-05-18-as-15.43.58-1024x791.png","type":"image\/png"}],"twitter_card":"summary_large_image","twitter_misc":{"Tiempo de lectura":"2 minutos"},"schema":{"@context":"https:\/\/schema.org","@graph":[{"@type":"WebPage","@id":"https:\/\/luxpro.pt\/es\/produto\/central-electronica-mc60-motorline","url":"https:\/\/luxpro.pt\/es\/produto\/central-electronica-mc60-motorline","name":"Central Electr\u00f3nica MC60 Motorline - LuxPro","isPartOf":{"@id":"https:\/\/luxpro.pt\/es#website"},"primaryImageOfPage":{"@id":"https:\/\/luxpro.pt\/es\/produto\/central-electronica-mc60-motorline#primaryimage"},"image":{"@id":"https:\/\/luxpro.pt\/es\/produto\/central-electronica-mc60-motorline#primaryimage"},"thumbnailUrl":"https:\/\/luxpro.pt\/wp-content\/uploads\/2022\/11\/Captura-de-ecra-2023-05-18-as-15.43.58.png","datePublished":"2022-11-21T10:39:14+00:00","dateModified":"2026-03-09T19:24:51+00:00","description":"Central desenvolvida para trabalhar com 1 motor de 24Vdc, com pot\u00eancia m\u00e1xima de 120W cada.\u00a0Ele tamb\u00e9m inclui os seguintes recursos: Tecnologia que n\u00e3o","breadcrumb":{"@id":"https:\/\/luxpro.pt\/es\/produto\/central-electronica-mc60-motorline#breadcrumb"},"inLanguage":"es","potentialAction":[{"@type":"ReadAction","target":["https:\/\/luxpro.pt\/es\/produto\/central-electronica-mc60-motorline"]}]},{"@type":"ImageObject","inLanguage":"es","@id":"https:\/\/luxpro.pt\/es\/produto\/central-electronica-mc60-motorline#primaryimage","url":"https:\/\/luxpro.pt\/wp-content\/uploads\/2022\/11\/Captura-de-ecra-2023-05-18-as-15.43.58.png","contentUrl":"https:\/\/luxpro.pt\/wp-content\/uploads\/2022\/11\/Captura-de-ecra-2023-05-18-as-15.43.58.png","width":1958,"height":1512},{"@type":"BreadcrumbList","@id":"https:\/\/luxpro.pt\/es\/produto\/central-electronica-mc60-motorline#breadcrumb","itemListElement":[{"@type":"ListItem","position":1,"name":"In\u00edcio","item":"https:\/\/luxpro.pt\/es"},{"@type":"ListItem","position":2,"name":"Loja","item":"https:\/\/luxpro.pt\/loja"},{"@type":"ListItem","position":3,"name":"Central Electr\u00f3nica MC60 Motorline"}]},{"@type":"WebSite","@id":"https:\/\/luxpro.pt\/es#website","url":"https:\/\/luxpro.pt\/es","name":"LuxPro","description":"","publisher":{"@id":"https:\/\/luxpro.pt\/es#\/schema\/person\/2d1bed59a52ad49be71622bef025e341"},"potentialAction":[{"@type":"SearchAction","target":{"@type":"EntryPoint","urlTemplate":"https:\/\/luxpro.pt\/es?s={search_term_string}"},"query-input":{"@type":"PropertyValueSpecification","valueRequired":true,"valueName":"search_term_string"}}],"inLanguage":"es"},{"@type":["Person","Organization"],"@id":"https:\/\/luxpro.pt\/es#\/schema\/person\/2d1bed59a52ad49be71622bef025e341","name":"Tiago Amadeu Ferreira","image":{"@type":"ImageObject","inLanguage":"es","@id":"https:\/\/luxpro.pt\/es#\/schema\/person\/image\/","url":"https:\/\/luxpro.pt\/wp-content\/uploads\/2017\/11\/logo.jpg","contentUrl":"https:\/\/luxpro.pt\/wp-content\/uploads\/2017\/11\/logo.jpg","width":150,"height":33,"caption":"Tiago Amadeu Ferreira"},"logo":{"@id":"https:\/\/luxpro.pt\/es#\/schema\/person\/image\/"}}]}},"tiered_pricing_type":"fixed","tiered_pricing_fixed_rules":[],"tiered_pricing_product_settings":{"layout":"default","base_unit_name":{"singular":null,"plural":null},"default_variation":null},"tiered_pricing_minimum_quantity":null,"tiered_pricing_roles_data":[],"tiered_pricing_percentage_rules":[],"_links":{"self":[{"href":"https:\/\/luxpro.pt\/es\/wp-json\/wp\/v2\/product\/10429","targetHints":{"allow":["GET"]}}],"collection":[{"href":"https:\/\/luxpro.pt\/es\/wp-json\/wp\/v2\/product"}],"about":[{"href":"https:\/\/luxpro.pt\/es\/wp-json\/wp\/v2\/types\/product"}],"replies":[{"embeddable":true,"href":"https:\/\/luxpro.pt\/es\/wp-json\/wp\/v2\/comments?post=10429"}],"wp:featuredmedia":[{"embeddable":true,"href":"https:\/\/luxpro.pt\/es\/wp-json\/wp\/v2\/media\/11353"}],"wp:attachment":[{"href":"https:\/\/luxpro.pt\/es\/wp-json\/wp\/v2\/media?parent=10429"}],"wp:term":[{"taxonomy":"product_brand","embeddable":true,"href":"https:\/\/luxpro.pt\/es\/wp-json\/wp\/v2\/product_brand?post=10429"},{"taxonomy":"product_cat","embeddable":true,"href":"https:\/\/luxpro.pt\/es\/wp-json\/wp\/v2\/product_cat?post=10429"},{"taxonomy":"product_tag","embeddable":true,"href":"https:\/\/luxpro.pt\/es\/wp-json\/wp\/v2\/product_tag?post=10429"}],"curies":[{"name":"wp","href":"https:\/\/api.w.org\/{rel}","templated":true}]}}