{"id":1061,"date":"2018-09-04T10:59:54","date_gmt":"2018-09-04T10:59:54","guid":{"rendered":"https:\/\/luxpro.pt\/produto\/quadro-eletrico-sondas-frlqs\/"},"modified":"2025-07-08T17:48:14","modified_gmt":"2025-07-08T16:48:14","slug":"quadro-eletrico-sondas-frlqs","status":"publish","type":"product","link":"https:\/\/luxpro.pt\/es\/produto\/quadro-eletrico-sondas-frlqs","title":{"rendered":"Quadro de Sondas para 1 Bomba"},"content":{"rendered":"<p>\u2022 Contactor e rel\u00e9 t\u00e9rmico das marcas selecionadas;<br \/>\n\u2022 Rel\u00e9 de n\u00edvel para controlo de n\u00edvel no po\u00e7o e no dep\u00f3sito;<br \/>\n\u2022 Funcionamento autom\u00e1tico ou desligado, comandado por comutador de 2 posi\u00e7\u00f5es com capsula protetora;<br \/>\n\u2022 Prote\u00e7\u00e3o contra curto-circuitos atrav\u00e9s de disjuntor;<br \/>\n\u2022 Prote\u00e7\u00e3o contra sobrecargas atrav\u00e9s de rel\u00e9 t\u00e9rmico;<br \/>\n\u2022 Indica\u00e7\u00e3o de motor ligado (sinalizador verde);<br \/>\n\u2022 Indica\u00e7\u00e3o de disparo t\u00e9rmico (sinalizador vermelho);<br \/>\n\u2022 4 Bucins, para passagem dos cabos de liga\u00e7\u00e3o.<\/p>\n","protected":false},"excerpt":{"rendered":"<p>\u2022 Contactor e rel\u00e9 t\u00e9rmico das marcas selecionadas; \u2022 Rel\u00e9 de n\u00edvel para controlo de n\u00edvel no po\u00e7o e no dep\u00f3sito; \u2022 Funcionamento autom\u00e1tico ou desligado, comandado por comutador de 2 posi\u00e7\u00f5es com capsula protetora; \u2022 Prote\u00e7\u00e3o contra curto-circuitos atrav\u00e9s de disjuntor; \u2022 Prote\u00e7\u00e3o contra sobrecargas atrav\u00e9s de rel\u00e9 t\u00e9rmico; \u2022 Indica\u00e7\u00e3o de motor ligado (sinalizador verde); \u2022 Indica\u00e7\u00e3o de [&hellip;]<\/p>\n","protected":false},"featured_media":11303,"comment_status":"closed","ping_status":"closed","template":"","meta":[],"product_brand":[],"product_cat":[21],"product_tag":[1184,1256,1333,1014,1242,1179,1599,973],"class_list":{"0":"post-1061","1":"product","2":"type-product","3":"status-publish","4":"has-post-thumbnail","6":"product_cat-quadros","7":"product_tag-contactor","8":"product_tag-gacia","9":"product_tag-hager","10":"product_tag-monofasico","11":"product_tag-nivel","12":"product_tag-quadro-de-sondas","13":"product_tag-sondas","14":"product_tag-trifasica","15":"pa_potencia-230v","16":"pa_potencia-400v","17":"pa_amperes-1-16a","18":"pa_amperes-16-24a","19":"pa_amperes-12-18a","20":"pa_amperes-25-4a","21":"pa_amperes-4-6a","22":"pa_amperes-55-8a","23":"pa_amperes-7-10a","24":"pa_amperes-9-13a","25":"pa_tensao-de-entrada-230v-400v","26":"pa_dimensoes-a250xl220xp155mm","28":"first","29":"instock","30":"taxable","31":"shipping-taxable","32":"purchasable","33":"product-type-variable"},"yoast_head":"<!-- This site is optimized with the Yoast SEO plugin v26.5 - https:\/\/yoast.com\/wordpress\/plugins\/seo\/ -->\n<title>Quadro de Sondas para 1 Bomba - LuxPro<\/title>\n<meta name=\"description\" content=\"Quadro de sondas de n\u00edvel para uma bomba potencias de 230v e 400v este quadro permite proteger a sua bomba, controlar o n\u00edvel do po\u00e7o.\" \/>\n<meta name=\"robots\" content=\"index, follow, max-snippet:-1, max-image-preview:large, max-video-preview:-1\" \/>\n<link rel=\"canonical\" href=\"https:\/\/luxpro.pt\/es\/produto\/quadro-eletrico-sondas-frlqs\" \/>\n<meta property=\"og:locale\" content=\"es_ES\" \/>\n<meta property=\"og:type\" content=\"article\" \/>\n<meta property=\"og:title\" content=\"Quadro de Sondas para 1 Bomba - LuxPro\" \/>\n<meta property=\"og:description\" content=\"Quadro de sondas de n\u00edvel para uma bomba potencias de 230v e 400v este quadro permite proteger a sua bomba, controlar o n\u00edvel do po\u00e7o.\" \/>\n<meta property=\"og:url\" content=\"https:\/\/luxpro.pt\/es\/produto\/quadro-eletrico-sondas-frlqs\" \/>\n<meta property=\"og:site_name\" content=\"LuxPro\" \/>\n<meta property=\"article:modified_time\" content=\"2025-07-08T16:48:14+00:00\" \/>\n<meta property=\"og:image\" content=\"https:\/\/luxpro.pt\/wp-content\/uploads\/2018\/09\/QS_Normal2.jpg\" \/>\n\t<meta property=\"og:image:width\" content=\"800\" \/>\n\t<meta property=\"og:image:height\" content=\"800\" \/>\n\t<meta property=\"og:image:type\" content=\"image\/jpeg\" \/>\n<meta name=\"twitter:card\" content=\"summary_large_image\" \/>\n<meta name=\"twitter:label1\" content=\"Tiempo de lectura\" \/>\n\t<meta name=\"twitter:data1\" content=\"1 minuto\" \/>\n<script type=\"application\/ld+json\" class=\"yoast-schema-graph\">{\"@context\":\"https:\/\/schema.org\",\"@graph\":[{\"@type\":\"WebPage\",\"@id\":\"https:\/\/luxpro.pt\/es\/produto\/quadro-eletrico-sondas-frlqs\",\"url\":\"https:\/\/luxpro.pt\/es\/produto\/quadro-eletrico-sondas-frlqs\",\"name\":\"Quadro de Sondas para 1 Bomba - LuxPro\",\"isPartOf\":{\"@id\":\"https:\/\/luxpro.pt\/es#website\"},\"primaryImageOfPage\":{\"@id\":\"https:\/\/luxpro.pt\/es\/produto\/quadro-eletrico-sondas-frlqs#primaryimage\"},\"image\":{\"@id\":\"https:\/\/luxpro.pt\/es\/produto\/quadro-eletrico-sondas-frlqs#primaryimage\"},\"thumbnailUrl\":\"https:\/\/luxpro.pt\/wp-content\/uploads\/2018\/09\/QS_Normal2.jpg\",\"datePublished\":\"2018-09-04T10:59:54+00:00\",\"dateModified\":\"2025-07-08T16:48:14+00:00\",\"description\":\"Quadro de sondas de n\u00edvel para uma bomba potencias de 230v e 400v este quadro permite proteger a sua bomba, controlar o n\u00edvel do po\u00e7o.\",\"breadcrumb\":{\"@id\":\"https:\/\/luxpro.pt\/es\/produto\/quadro-eletrico-sondas-frlqs#breadcrumb\"},\"inLanguage\":\"es\",\"potentialAction\":[{\"@type\":\"ReadAction\",\"target\":[\"https:\/\/luxpro.pt\/es\/produto\/quadro-eletrico-sondas-frlqs\"]}]},{\"@type\":\"ImageObject\",\"inLanguage\":\"es\",\"@id\":\"https:\/\/luxpro.pt\/es\/produto\/quadro-eletrico-sondas-frlqs#primaryimage\",\"url\":\"https:\/\/luxpro.pt\/wp-content\/uploads\/2018\/09\/QS_Normal2.jpg\",\"contentUrl\":\"https:\/\/luxpro.pt\/wp-content\/uploads\/2018\/09\/QS_Normal2.jpg\",\"width\":800,\"height\":800},{\"@type\":\"BreadcrumbList\",\"@id\":\"https:\/\/luxpro.pt\/es\/produto\/quadro-eletrico-sondas-frlqs#breadcrumb\",\"itemListElement\":[{\"@type\":\"ListItem\",\"position\":1,\"name\":\"In\u00edcio\",\"item\":\"https:\/\/luxpro.pt\/es\"},{\"@type\":\"ListItem\",\"position\":2,\"name\":\"Loja\",\"item\":\"https:\/\/luxpro.pt\/loja\"},{\"@type\":\"ListItem\",\"position\":3,\"name\":\"Quadro de Sondas para 1 Bomba\"}]},{\"@type\":\"WebSite\",\"@id\":\"https:\/\/luxpro.pt\/es#website\",\"url\":\"https:\/\/luxpro.pt\/es\",\"name\":\"LuxPro\",\"description\":\"\",\"publisher\":{\"@id\":\"https:\/\/luxpro.pt\/es#\/schema\/person\/2d1bed59a52ad49be71622bef025e341\"},\"potentialAction\":[{\"@type\":\"SearchAction\",\"target\":{\"@type\":\"EntryPoint\",\"urlTemplate\":\"https:\/\/luxpro.pt\/es?s={search_term_string}\"},\"query-input\":{\"@type\":\"PropertyValueSpecification\",\"valueRequired\":true,\"valueName\":\"search_term_string\"}}],\"inLanguage\":\"es\"},{\"@type\":[\"Person\",\"Organization\"],\"@id\":\"https:\/\/luxpro.pt\/es#\/schema\/person\/2d1bed59a52ad49be71622bef025e341\",\"name\":\"Tiago Amadeu Ferreira\",\"image\":{\"@type\":\"ImageObject\",\"inLanguage\":\"es\",\"@id\":\"https:\/\/luxpro.pt\/es#\/schema\/person\/image\/\",\"url\":\"https:\/\/luxpro.pt\/wp-content\/uploads\/2017\/11\/logo.jpg\",\"contentUrl\":\"https:\/\/luxpro.pt\/wp-content\/uploads\/2017\/11\/logo.jpg\",\"width\":150,\"height\":33,\"caption\":\"Tiago Amadeu Ferreira\"},\"logo\":{\"@id\":\"https:\/\/luxpro.pt\/es#\/schema\/person\/image\/\"}}]}<\/script>\n<!-- \/ Yoast SEO plugin. -->","yoast_head_json":{"title":"Quadro de Sondas para 1 Bomba - LuxPro","description":"Quadro de sondas de n\u00edvel para uma bomba potencias de 230v e 400v este quadro permite proteger a sua bomba, controlar o n\u00edvel do po\u00e7o.","robots":{"index":"index","follow":"follow","max-snippet":"max-snippet:-1","max-image-preview":"max-image-preview:large","max-video-preview":"max-video-preview:-1"},"canonical":"https:\/\/luxpro.pt\/es\/produto\/quadro-eletrico-sondas-frlqs","og_locale":"es_ES","og_type":"article","og_title":"Quadro de Sondas para 1 Bomba - LuxPro","og_description":"Quadro de sondas de n\u00edvel para uma bomba potencias de 230v e 400v este quadro permite proteger a sua bomba, controlar o n\u00edvel do po\u00e7o.","og_url":"https:\/\/luxpro.pt\/es\/produto\/quadro-eletrico-sondas-frlqs","og_site_name":"LuxPro","article_modified_time":"2025-07-08T16:48:14+00:00","og_image":[{"width":800,"height":800,"url":"https:\/\/luxpro.pt\/wp-content\/uploads\/2018\/09\/QS_Normal2.jpg","type":"image\/jpeg"}],"twitter_card":"summary_large_image","twitter_misc":{"Tiempo de lectura":"1 minuto"},"schema":{"@context":"https:\/\/schema.org","@graph":[{"@type":"WebPage","@id":"https:\/\/luxpro.pt\/es\/produto\/quadro-eletrico-sondas-frlqs","url":"https:\/\/luxpro.pt\/es\/produto\/quadro-eletrico-sondas-frlqs","name":"Quadro de Sondas para 1 Bomba - LuxPro","isPartOf":{"@id":"https:\/\/luxpro.pt\/es#website"},"primaryImageOfPage":{"@id":"https:\/\/luxpro.pt\/es\/produto\/quadro-eletrico-sondas-frlqs#primaryimage"},"image":{"@id":"https:\/\/luxpro.pt\/es\/produto\/quadro-eletrico-sondas-frlqs#primaryimage"},"thumbnailUrl":"https:\/\/luxpro.pt\/wp-content\/uploads\/2018\/09\/QS_Normal2.jpg","datePublished":"2018-09-04T10:59:54+00:00","dateModified":"2025-07-08T16:48:14+00:00","description":"Quadro de sondas de n\u00edvel para uma bomba potencias de 230v e 400v este quadro permite proteger a sua bomba, controlar o n\u00edvel do po\u00e7o.","breadcrumb":{"@id":"https:\/\/luxpro.pt\/es\/produto\/quadro-eletrico-sondas-frlqs#breadcrumb"},"inLanguage":"es","potentialAction":[{"@type":"ReadAction","target":["https:\/\/luxpro.pt\/es\/produto\/quadro-eletrico-sondas-frlqs"]}]},{"@type":"ImageObject","inLanguage":"es","@id":"https:\/\/luxpro.pt\/es\/produto\/quadro-eletrico-sondas-frlqs#primaryimage","url":"https:\/\/luxpro.pt\/wp-content\/uploads\/2018\/09\/QS_Normal2.jpg","contentUrl":"https:\/\/luxpro.pt\/wp-content\/uploads\/2018\/09\/QS_Normal2.jpg","width":800,"height":800},{"@type":"BreadcrumbList","@id":"https:\/\/luxpro.pt\/es\/produto\/quadro-eletrico-sondas-frlqs#breadcrumb","itemListElement":[{"@type":"ListItem","position":1,"name":"In\u00edcio","item":"https:\/\/luxpro.pt\/es"},{"@type":"ListItem","position":2,"name":"Loja","item":"https:\/\/luxpro.pt\/loja"},{"@type":"ListItem","position":3,"name":"Quadro de Sondas para 1 Bomba"}]},{"@type":"WebSite","@id":"https:\/\/luxpro.pt\/es#website","url":"https:\/\/luxpro.pt\/es","name":"LuxPro","description":"","publisher":{"@id":"https:\/\/luxpro.pt\/es#\/schema\/person\/2d1bed59a52ad49be71622bef025e341"},"potentialAction":[{"@type":"SearchAction","target":{"@type":"EntryPoint","urlTemplate":"https:\/\/luxpro.pt\/es?s={search_term_string}"},"query-input":{"@type":"PropertyValueSpecification","valueRequired":true,"valueName":"search_term_string"}}],"inLanguage":"es"},{"@type":["Person","Organization"],"@id":"https:\/\/luxpro.pt\/es#\/schema\/person\/2d1bed59a52ad49be71622bef025e341","name":"Tiago Amadeu Ferreira","image":{"@type":"ImageObject","inLanguage":"es","@id":"https:\/\/luxpro.pt\/es#\/schema\/person\/image\/","url":"https:\/\/luxpro.pt\/wp-content\/uploads\/2017\/11\/logo.jpg","contentUrl":"https:\/\/luxpro.pt\/wp-content\/uploads\/2017\/11\/logo.jpg","width":150,"height":33,"caption":"Tiago Amadeu Ferreira"},"logo":{"@id":"https:\/\/luxpro.pt\/es#\/schema\/person\/image\/"}}]}},"tiered_pricing_type":"fixed","tiered_pricing_fixed_rules":[],"tiered_pricing_product_settings":{"layout":"default","base_unit_name":{"singular":null,"plural":null},"default_variation":null},"tiered_pricing_minimum_quantity":null,"tiered_pricing_roles_data":[],"tiered_pricing_percentage_rules":[],"_links":{"self":[{"href":"https:\/\/luxpro.pt\/es\/wp-json\/wp\/v2\/product\/1061","targetHints":{"allow":["GET"]}}],"collection":[{"href":"https:\/\/luxpro.pt\/es\/wp-json\/wp\/v2\/product"}],"about":[{"href":"https:\/\/luxpro.pt\/es\/wp-json\/wp\/v2\/types\/product"}],"replies":[{"embeddable":true,"href":"https:\/\/luxpro.pt\/es\/wp-json\/wp\/v2\/comments?post=1061"}],"wp:featuredmedia":[{"embeddable":true,"href":"https:\/\/luxpro.pt\/es\/wp-json\/wp\/v2\/media\/11303"}],"wp:attachment":[{"href":"https:\/\/luxpro.pt\/es\/wp-json\/wp\/v2\/media?parent=1061"}],"wp:term":[{"taxonomy":"product_brand","embeddable":true,"href":"https:\/\/luxpro.pt\/es\/wp-json\/wp\/v2\/product_brand?post=1061"},{"taxonomy":"product_cat","embeddable":true,"href":"https:\/\/luxpro.pt\/es\/wp-json\/wp\/v2\/product_cat?post=1061"},{"taxonomy":"product_tag","embeddable":true,"href":"https:\/\/luxpro.pt\/es\/wp-json\/wp\/v2\/product_tag?post=1061"}],"curies":[{"name":"wp","href":"https:\/\/api.w.org\/{rel}","templated":true}]}}