{"id":11229,"date":"2023-05-08T11:50:12","date_gmt":"2023-05-08T10:50:12","guid":{"rendered":"https:\/\/luxpro.pt\/?post_type=product&#038;p=11229"},"modified":"2023-05-08T12:03:25","modified_gmt":"2023-05-08T11:03:25","slug":"tomada-de-bancada-twist-2-quadrada-inox","status":"publish","type":"product","link":"https:\/\/luxpro.pt\/es\/produto\/tomada-de-bancada-twist-2-quadrada-inox","title":{"rendered":"Tomada de Bancada Twist 2 Quadrada Inox"},"content":{"rendered":"<p>O novo TWIST 2 pode ser aberto automaticamente ao pressionar<br \/>\num bot\u00e3o e, portanto, \u00e9 ainda mais conveniente de operar. Depois<br \/>\nuso, a tampa pode ser fechada de forma simples e segura com a m\u00e3o. O novo<br \/>\no revestimento anti-impress\u00e3o digital garante que nenhum vest\u00edgio do usu\u00e1rio ou impress\u00f5es digitais sejam deixados para tr\u00e1s. A tampa remov\u00edvel torna a limpeza uniforme<br \/>\nmais f\u00e1cil.<br \/>\nTWIST 2 \u00e9 caracterizado por seu design inovador e refrescante com<br \/>\nsuperf\u00edcies de alta qualidade. TWIST 2 agora tamb\u00e9m est\u00e1 dispon\u00edvel em formato quadrado<br \/>\nvers\u00e3o e com um carregador USB A\/C de 22 watts para dispositivos finais r\u00e1pidos<br \/>\ncarregando.<br \/>\nUma atualiza\u00e7\u00e3o de design elegante e compacto para cozinhas, salas de estar<br \/>\ne escrit\u00f3rios.<\/p>\n","protected":false},"excerpt":{"rendered":"<p>https:\/\/www.youtube.com\/watch?v=YDLjD751U7c&amp;t=26s<\/p>\n","protected":false},"featured_media":11230,"comment_status":"open","ping_status":"closed","template":"","meta":[],"product_brand":[],"product_cat":[1537],"product_tag":[1309,1670],"class_list":{"0":"post-11229","1":"product","2":"type-product","3":"status-publish","4":"has-post-thumbnail","6":"product_cat-tomadas-para-bancadas-cozinha","7":"product_tag-bachman","8":"product_tag-twist-2","10":"first","11":"instock","12":"taxable","13":"shipping-taxable","14":"purchasable","15":"product-type-simple"},"yoast_head":"<!-- This site is optimized with the Yoast SEO plugin v26.5 - https:\/\/yoast.com\/wordpress\/plugins\/seo\/ -->\n<title>Tomada de Bancada Twist 2 Quadrada Inox - LuxPro<\/title>\n<meta name=\"description\" content=\"https:\/\/www.youtube.com\/watch?v=YDLjD751U7c&amp;t=26s\" \/>\n<meta name=\"robots\" content=\"index, follow, max-snippet:-1, max-image-preview:large, max-video-preview:-1\" \/>\n<link rel=\"canonical\" href=\"https:\/\/luxpro.pt\/es\/produto\/tomada-de-bancada-twist-2-quadrada-inox\" \/>\n<meta property=\"og:locale\" content=\"es_ES\" \/>\n<meta property=\"og:type\" content=\"article\" \/>\n<meta property=\"og:title\" content=\"Tomada de Bancada Twist 2 Quadrada Inox - LuxPro\" \/>\n<meta property=\"og:description\" content=\"https:\/\/www.youtube.com\/watch?v=YDLjD751U7c&amp;t=26s\" \/>\n<meta property=\"og:url\" content=\"https:\/\/luxpro.pt\/es\/produto\/tomada-de-bancada-twist-2-quadrada-inox\" \/>\n<meta property=\"og:site_name\" content=\"LuxPro\" \/>\n<meta property=\"article:modified_time\" content=\"2023-05-08T11:03:25+00:00\" \/>\n<meta property=\"og:image\" content=\"https:\/\/luxpro.pt\/wp-content\/uploads\/2023\/05\/o13781v74_BACHMANNTWIST2stainless_steel_eckigUSB_low.jpeg\" \/>\n\t<meta property=\"og:image:width\" content=\"1900\" \/>\n\t<meta property=\"og:image:height\" content=\"1322\" \/>\n\t<meta property=\"og:image:type\" content=\"image\/jpeg\" \/>\n<meta name=\"twitter:card\" content=\"summary_large_image\" \/>\n<meta name=\"twitter:label1\" content=\"Tiempo de lectura\" \/>\n\t<meta name=\"twitter:data1\" content=\"1 minuto\" \/>\n<script type=\"application\/ld+json\" class=\"yoast-schema-graph\">{\"@context\":\"https:\/\/schema.org\",\"@graph\":[{\"@type\":\"WebPage\",\"@id\":\"https:\/\/luxpro.pt\/es\/produto\/tomada-de-bancada-twist-2-quadrada-inox\",\"url\":\"https:\/\/luxpro.pt\/es\/produto\/tomada-de-bancada-twist-2-quadrada-inox\",\"name\":\"Tomada de Bancada Twist 2 Quadrada Inox - LuxPro\",\"isPartOf\":{\"@id\":\"https:\/\/luxpro.pt\/es#website\"},\"primaryImageOfPage\":{\"@id\":\"https:\/\/luxpro.pt\/es\/produto\/tomada-de-bancada-twist-2-quadrada-inox#primaryimage\"},\"image\":{\"@id\":\"https:\/\/luxpro.pt\/es\/produto\/tomada-de-bancada-twist-2-quadrada-inox#primaryimage\"},\"thumbnailUrl\":\"https:\/\/luxpro.pt\/wp-content\/uploads\/2023\/05\/o13781v74_BACHMANNTWIST2stainless_steel_eckigUSB_low.jpeg\",\"datePublished\":\"2023-05-08T10:50:12+00:00\",\"dateModified\":\"2023-05-08T11:03:25+00:00\",\"description\":\"https:\/\/www.youtube.com\/watch?v=YDLjD751U7c&amp;t=26s\",\"breadcrumb\":{\"@id\":\"https:\/\/luxpro.pt\/es\/produto\/tomada-de-bancada-twist-2-quadrada-inox#breadcrumb\"},\"inLanguage\":\"es\",\"potentialAction\":[{\"@type\":\"ReadAction\",\"target\":[\"https:\/\/luxpro.pt\/es\/produto\/tomada-de-bancada-twist-2-quadrada-inox\"]}]},{\"@type\":\"ImageObject\",\"inLanguage\":\"es\",\"@id\":\"https:\/\/luxpro.pt\/es\/produto\/tomada-de-bancada-twist-2-quadrada-inox#primaryimage\",\"url\":\"https:\/\/luxpro.pt\/wp-content\/uploads\/2023\/05\/o13781v74_BACHMANNTWIST2stainless_steel_eckigUSB_low.jpeg\",\"contentUrl\":\"https:\/\/luxpro.pt\/wp-content\/uploads\/2023\/05\/o13781v74_BACHMANNTWIST2stainless_steel_eckigUSB_low.jpeg\",\"width\":1900,\"height\":1322},{\"@type\":\"BreadcrumbList\",\"@id\":\"https:\/\/luxpro.pt\/es\/produto\/tomada-de-bancada-twist-2-quadrada-inox#breadcrumb\",\"itemListElement\":[{\"@type\":\"ListItem\",\"position\":1,\"name\":\"In\u00edcio\",\"item\":\"https:\/\/luxpro.pt\/es\"},{\"@type\":\"ListItem\",\"position\":2,\"name\":\"Loja\",\"item\":\"https:\/\/luxpro.pt\/loja\"},{\"@type\":\"ListItem\",\"position\":3,\"name\":\"Tomada de Bancada Twist 2 Quadrada Inox\"}]},{\"@type\":\"WebSite\",\"@id\":\"https:\/\/luxpro.pt\/es#website\",\"url\":\"https:\/\/luxpro.pt\/es\",\"name\":\"LuxPro\",\"description\":\"\",\"publisher\":{\"@id\":\"https:\/\/luxpro.pt\/es#\/schema\/person\/2d1bed59a52ad49be71622bef025e341\"},\"potentialAction\":[{\"@type\":\"SearchAction\",\"target\":{\"@type\":\"EntryPoint\",\"urlTemplate\":\"https:\/\/luxpro.pt\/es?s={search_term_string}\"},\"query-input\":{\"@type\":\"PropertyValueSpecification\",\"valueRequired\":true,\"valueName\":\"search_term_string\"}}],\"inLanguage\":\"es\"},{\"@type\":[\"Person\",\"Organization\"],\"@id\":\"https:\/\/luxpro.pt\/es#\/schema\/person\/2d1bed59a52ad49be71622bef025e341\",\"name\":\"Tiago Amadeu Ferreira\",\"image\":{\"@type\":\"ImageObject\",\"inLanguage\":\"es\",\"@id\":\"https:\/\/luxpro.pt\/es#\/schema\/person\/image\/\",\"url\":\"https:\/\/luxpro.pt\/wp-content\/uploads\/2017\/11\/logo.jpg\",\"contentUrl\":\"https:\/\/luxpro.pt\/wp-content\/uploads\/2017\/11\/logo.jpg\",\"width\":150,\"height\":33,\"caption\":\"Tiago Amadeu Ferreira\"},\"logo\":{\"@id\":\"https:\/\/luxpro.pt\/es#\/schema\/person\/image\/\"}}]}<\/script>\n<!-- \/ Yoast SEO plugin. -->","yoast_head_json":{"title":"Tomada de Bancada Twist 2 Quadrada Inox - LuxPro","description":"https:\/\/www.youtube.com\/watch?v=YDLjD751U7c&amp;t=26s","robots":{"index":"index","follow":"follow","max-snippet":"max-snippet:-1","max-image-preview":"max-image-preview:large","max-video-preview":"max-video-preview:-1"},"canonical":"https:\/\/luxpro.pt\/es\/produto\/tomada-de-bancada-twist-2-quadrada-inox","og_locale":"es_ES","og_type":"article","og_title":"Tomada de Bancada Twist 2 Quadrada Inox - LuxPro","og_description":"https:\/\/www.youtube.com\/watch?v=YDLjD751U7c&amp;t=26s","og_url":"https:\/\/luxpro.pt\/es\/produto\/tomada-de-bancada-twist-2-quadrada-inox","og_site_name":"LuxPro","article_modified_time":"2023-05-08T11:03:25+00:00","og_image":[{"width":1900,"height":1322,"url":"https:\/\/luxpro.pt\/wp-content\/uploads\/2023\/05\/o13781v74_BACHMANNTWIST2stainless_steel_eckigUSB_low.jpeg","type":"image\/jpeg"}],"twitter_card":"summary_large_image","twitter_misc":{"Tiempo de lectura":"1 minuto"},"schema":{"@context":"https:\/\/schema.org","@graph":[{"@type":"WebPage","@id":"https:\/\/luxpro.pt\/es\/produto\/tomada-de-bancada-twist-2-quadrada-inox","url":"https:\/\/luxpro.pt\/es\/produto\/tomada-de-bancada-twist-2-quadrada-inox","name":"Tomada de Bancada Twist 2 Quadrada Inox - LuxPro","isPartOf":{"@id":"https:\/\/luxpro.pt\/es#website"},"primaryImageOfPage":{"@id":"https:\/\/luxpro.pt\/es\/produto\/tomada-de-bancada-twist-2-quadrada-inox#primaryimage"},"image":{"@id":"https:\/\/luxpro.pt\/es\/produto\/tomada-de-bancada-twist-2-quadrada-inox#primaryimage"},"thumbnailUrl":"https:\/\/luxpro.pt\/wp-content\/uploads\/2023\/05\/o13781v74_BACHMANNTWIST2stainless_steel_eckigUSB_low.jpeg","datePublished":"2023-05-08T10:50:12+00:00","dateModified":"2023-05-08T11:03:25+00:00","description":"https:\/\/www.youtube.com\/watch?v=YDLjD751U7c&amp;t=26s","breadcrumb":{"@id":"https:\/\/luxpro.pt\/es\/produto\/tomada-de-bancada-twist-2-quadrada-inox#breadcrumb"},"inLanguage":"es","potentialAction":[{"@type":"ReadAction","target":["https:\/\/luxpro.pt\/es\/produto\/tomada-de-bancada-twist-2-quadrada-inox"]}]},{"@type":"ImageObject","inLanguage":"es","@id":"https:\/\/luxpro.pt\/es\/produto\/tomada-de-bancada-twist-2-quadrada-inox#primaryimage","url":"https:\/\/luxpro.pt\/wp-content\/uploads\/2023\/05\/o13781v74_BACHMANNTWIST2stainless_steel_eckigUSB_low.jpeg","contentUrl":"https:\/\/luxpro.pt\/wp-content\/uploads\/2023\/05\/o13781v74_BACHMANNTWIST2stainless_steel_eckigUSB_low.jpeg","width":1900,"height":1322},{"@type":"BreadcrumbList","@id":"https:\/\/luxpro.pt\/es\/produto\/tomada-de-bancada-twist-2-quadrada-inox#breadcrumb","itemListElement":[{"@type":"ListItem","position":1,"name":"In\u00edcio","item":"https:\/\/luxpro.pt\/es"},{"@type":"ListItem","position":2,"name":"Loja","item":"https:\/\/luxpro.pt\/loja"},{"@type":"ListItem","position":3,"name":"Tomada de Bancada Twist 2 Quadrada Inox"}]},{"@type":"WebSite","@id":"https:\/\/luxpro.pt\/es#website","url":"https:\/\/luxpro.pt\/es","name":"LuxPro","description":"","publisher":{"@id":"https:\/\/luxpro.pt\/es#\/schema\/person\/2d1bed59a52ad49be71622bef025e341"},"potentialAction":[{"@type":"SearchAction","target":{"@type":"EntryPoint","urlTemplate":"https:\/\/luxpro.pt\/es?s={search_term_string}"},"query-input":{"@type":"PropertyValueSpecification","valueRequired":true,"valueName":"search_term_string"}}],"inLanguage":"es"},{"@type":["Person","Organization"],"@id":"https:\/\/luxpro.pt\/es#\/schema\/person\/2d1bed59a52ad49be71622bef025e341","name":"Tiago Amadeu Ferreira","image":{"@type":"ImageObject","inLanguage":"es","@id":"https:\/\/luxpro.pt\/es#\/schema\/person\/image\/","url":"https:\/\/luxpro.pt\/wp-content\/uploads\/2017\/11\/logo.jpg","contentUrl":"https:\/\/luxpro.pt\/wp-content\/uploads\/2017\/11\/logo.jpg","width":150,"height":33,"caption":"Tiago Amadeu Ferreira"},"logo":{"@id":"https:\/\/luxpro.pt\/es#\/schema\/person\/image\/"}}]}},"tiered_pricing_type":"fixed","tiered_pricing_fixed_rules":[],"tiered_pricing_product_settings":{"layout":"default","base_unit_name":{"singular":null,"plural":null},"default_variation":null},"tiered_pricing_minimum_quantity":null,"tiered_pricing_roles_data":[],"tiered_pricing_percentage_rules":[],"_links":{"self":[{"href":"https:\/\/luxpro.pt\/es\/wp-json\/wp\/v2\/product\/11229","targetHints":{"allow":["GET"]}}],"collection":[{"href":"https:\/\/luxpro.pt\/es\/wp-json\/wp\/v2\/product"}],"about":[{"href":"https:\/\/luxpro.pt\/es\/wp-json\/wp\/v2\/types\/product"}],"replies":[{"embeddable":true,"href":"https:\/\/luxpro.pt\/es\/wp-json\/wp\/v2\/comments?post=11229"}],"wp:featuredmedia":[{"embeddable":true,"href":"https:\/\/luxpro.pt\/es\/wp-json\/wp\/v2\/media\/11230"}],"wp:attachment":[{"href":"https:\/\/luxpro.pt\/es\/wp-json\/wp\/v2\/media?parent=11229"}],"wp:term":[{"taxonomy":"product_brand","embeddable":true,"href":"https:\/\/luxpro.pt\/es\/wp-json\/wp\/v2\/product_brand?post=11229"},{"taxonomy":"product_cat","embeddable":true,"href":"https:\/\/luxpro.pt\/es\/wp-json\/wp\/v2\/product_cat?post=11229"},{"taxonomy":"product_tag","embeddable":true,"href":"https:\/\/luxpro.pt\/es\/wp-json\/wp\/v2\/product_tag?post=11229"}],"curies":[{"name":"wp","href":"https:\/\/api.w.org\/{rel}","templated":true}]}}