{"id":11359,"date":"2023-05-19T14:39:33","date_gmt":"2023-05-19T13:39:33","guid":{"rendered":"https:\/\/luxpro.pt\/?post_type=product&#038;p=11359"},"modified":"2026-03-09T19:41:09","modified_gmt":"2026-03-09T19:41:09","slug":"mc60kvm-central-com-caixa-completa-para-os-motores","status":"publish","type":"product","link":"https:\/\/luxpro.pt\/es\/produto\/mc60kvm-central-com-caixa-completa-para-os-motores","title":{"rendered":"MC60KVM Central com caixa completa para os motores"},"content":{"rendered":"<p>Central com caixa completa para os motores KVM105 e KVM110.<\/p>\n<p>Central desenvolvida para trabalhar com 1 motor de 24Vdc, com pot\u00eancia m\u00e1xima de 120W cada. Inclui ainda as seguintes carater\u00edsticas:<\/p>\n<ul>\n<li>Tecnologia que n\u00e3o permite o aquecimento da comuta\u00e7\u00e3o<\/li>\n<li>Dete\u00e7\u00e3o de esfor\u00e7o<\/li>\n<li>Uniformiza\u00e7\u00e3o dos menus<\/li>\n<li>Prote\u00e7\u00e3o da invers\u00e3o de polaridade da bateria<\/li>\n<li>Sa\u00edda para pirilampo RGB ou estado da porta<\/li>\n<li>Possibilidade de apagar um comando espec\u00edfico da mem\u00f3ria<\/li>\n<li>Possibilidade de conex\u00e3o de\u00a0<em>enconder<\/em><\/li>\n<li>Possibilidade de trabalhar com fins de curso ou por esfor\u00e7o<\/li>\n<li>Entradas para 2 conjuntos de fotoc\u00e9lulas com fun\u00e7\u00f5es distintas, como invers\u00e3o de 2seg., paragem ou invers\u00e3o, bot\u00e3o de abertura, bot\u00e3o de fecho, pedonal, bot\u00e3o rotativo (abre e fecha) e fins-de-curso<\/li>\n<li>Fun\u00e7\u00e3o\u00a0<em>\u201cfollow me\u201d<\/em>\u00a0\u2013 ordem de fecho 5 seg. ap\u00f3s o dispositivo de seguran\u00e7a detetar a passagem de um objecto\/utilizador<\/li>\n<li>Possibilidade de ajuste do tempo de luz de cortesia<\/li>\n<li>Ajuste de atraso da porta na abertura e no fecho<\/li>\n<li>Contador de manobras totais<\/li>\n<\/ul>\n","protected":false},"excerpt":{"rendered":"<p>Central com caixa completa para os motores KVM105 e KVM110. Central desenvolvida para trabalhar com 1 motor de 24Vdc, com pot\u00eancia m\u00e1xima de 120W cada. Inclui ainda as seguintes carater\u00edsticas: Tecnologia que n\u00e3o permite o aquecimento da comuta\u00e7\u00e3o Dete\u00e7\u00e3o de esfor\u00e7o Uniformiza\u00e7\u00e3o dos menus Prote\u00e7\u00e3o da invers\u00e3o de polaridade da bateria Sa\u00edda para pirilampo RGB ou estado da porta Possibilidade [&hellip;]<\/p>\n","protected":false},"featured_media":10401,"comment_status":"open","ping_status":"closed","template":"","meta":[],"product_brand":[],"product_cat":[652],"product_tag":[1627,1671,877,1628],"class_list":{"0":"post-11359","1":"product","2":"type-product","3":"status-publish","4":"has-post-thumbnail","6":"product_cat-acessorios","7":"product_tag-mc50kvm","8":"product_tag-mc60kvm","9":"product_tag-motorline","10":"product_tag-recetora","12":"first","13":"instock","14":"taxable","15":"shipping-taxable","16":"purchasable","17":"product-type-simple"},"yoast_head":"<!-- This site is optimized with the Yoast SEO plugin v26.5 - https:\/\/yoast.com\/wordpress\/plugins\/seo\/ -->\n<title>MC60KVM Central com caixa completa para os motores - LuxPro<\/title>\n<meta name=\"description\" content=\"Central com caixa completa para os motores KVM105 e KVM110. Central desenvolvida para trabalhar com 1 motor de 24Vdc, com pot\u00eancia m\u00e1xima de 120W cada.\" \/>\n<meta name=\"robots\" content=\"index, follow, max-snippet:-1, max-image-preview:large, max-video-preview:-1\" \/>\n<link rel=\"canonical\" href=\"https:\/\/luxpro.pt\/es\/produto\/mc60kvm-central-com-caixa-completa-para-os-motores\" \/>\n<meta property=\"og:locale\" content=\"es_ES\" \/>\n<meta property=\"og:type\" content=\"article\" \/>\n<meta property=\"og:title\" content=\"MC60KVM Central com caixa completa para os motores - LuxPro\" \/>\n<meta property=\"og:description\" content=\"Central com caixa completa para os motores KVM105 e KVM110. Central desenvolvida para trabalhar com 1 motor de 24Vdc, com pot\u00eancia m\u00e1xima de 120W cada.\" \/>\n<meta property=\"og:url\" content=\"https:\/\/luxpro.pt\/es\/produto\/mc60kvm-central-com-caixa-completa-para-os-motores\" \/>\n<meta property=\"og:site_name\" content=\"LuxPro\" \/>\n<meta property=\"article:modified_time\" content=\"2026-03-09T19:41:09+00:00\" \/>\n<meta property=\"og:image\" content=\"https:\/\/luxpro.pt\/wp-content\/uploads\/2022\/11\/MC50-G2-scaled.jpg\" \/>\n\t<meta property=\"og:image:width\" content=\"2560\" \/>\n\t<meta property=\"og:image:height\" content=\"1384\" \/>\n\t<meta property=\"og:image:type\" content=\"image\/jpeg\" \/>\n<meta name=\"twitter:card\" content=\"summary_large_image\" \/>\n<meta name=\"twitter:label1\" content=\"Tiempo de lectura\" \/>\n\t<meta name=\"twitter:data1\" content=\"2 minutos\" \/>\n<script type=\"application\/ld+json\" class=\"yoast-schema-graph\">{\"@context\":\"https:\/\/schema.org\",\"@graph\":[{\"@type\":\"WebPage\",\"@id\":\"https:\/\/luxpro.pt\/es\/produto\/mc60kvm-central-com-caixa-completa-para-os-motores\",\"url\":\"https:\/\/luxpro.pt\/es\/produto\/mc60kvm-central-com-caixa-completa-para-os-motores\",\"name\":\"MC60KVM Central com caixa completa para os motores - LuxPro\",\"isPartOf\":{\"@id\":\"https:\/\/luxpro.pt\/es#website\"},\"primaryImageOfPage\":{\"@id\":\"https:\/\/luxpro.pt\/es\/produto\/mc60kvm-central-com-caixa-completa-para-os-motores#primaryimage\"},\"image\":{\"@id\":\"https:\/\/luxpro.pt\/es\/produto\/mc60kvm-central-com-caixa-completa-para-os-motores#primaryimage\"},\"thumbnailUrl\":\"https:\/\/luxpro.pt\/wp-content\/uploads\/2022\/11\/MC50-G2-scaled.jpg\",\"datePublished\":\"2023-05-19T13:39:33+00:00\",\"dateModified\":\"2026-03-09T19:41:09+00:00\",\"description\":\"Central com caixa completa para os motores KVM105 e KVM110. Central desenvolvida para trabalhar com 1 motor de 24Vdc, com pot\u00eancia m\u00e1xima de 120W cada.\",\"breadcrumb\":{\"@id\":\"https:\/\/luxpro.pt\/es\/produto\/mc60kvm-central-com-caixa-completa-para-os-motores#breadcrumb\"},\"inLanguage\":\"es\",\"potentialAction\":[{\"@type\":\"ReadAction\",\"target\":[\"https:\/\/luxpro.pt\/es\/produto\/mc60kvm-central-com-caixa-completa-para-os-motores\"]}]},{\"@type\":\"ImageObject\",\"inLanguage\":\"es\",\"@id\":\"https:\/\/luxpro.pt\/es\/produto\/mc60kvm-central-com-caixa-completa-para-os-motores#primaryimage\",\"url\":\"https:\/\/luxpro.pt\/wp-content\/uploads\/2022\/11\/MC50-G2-scaled.jpg\",\"contentUrl\":\"https:\/\/luxpro.pt\/wp-content\/uploads\/2022\/11\/MC50-G2-scaled.jpg\",\"width\":2560,\"height\":1384},{\"@type\":\"BreadcrumbList\",\"@id\":\"https:\/\/luxpro.pt\/es\/produto\/mc60kvm-central-com-caixa-completa-para-os-motores#breadcrumb\",\"itemListElement\":[{\"@type\":\"ListItem\",\"position\":1,\"name\":\"In\u00edcio\",\"item\":\"https:\/\/luxpro.pt\/es\"},{\"@type\":\"ListItem\",\"position\":2,\"name\":\"Loja\",\"item\":\"https:\/\/luxpro.pt\/loja\"},{\"@type\":\"ListItem\",\"position\":3,\"name\":\"MC60KVM Central com caixa completa para os motores\"}]},{\"@type\":\"WebSite\",\"@id\":\"https:\/\/luxpro.pt\/es#website\",\"url\":\"https:\/\/luxpro.pt\/es\",\"name\":\"LuxPro\",\"description\":\"\",\"publisher\":{\"@id\":\"https:\/\/luxpro.pt\/es#\/schema\/person\/2d1bed59a52ad49be71622bef025e341\"},\"potentialAction\":[{\"@type\":\"SearchAction\",\"target\":{\"@type\":\"EntryPoint\",\"urlTemplate\":\"https:\/\/luxpro.pt\/es?s={search_term_string}\"},\"query-input\":{\"@type\":\"PropertyValueSpecification\",\"valueRequired\":true,\"valueName\":\"search_term_string\"}}],\"inLanguage\":\"es\"},{\"@type\":[\"Person\",\"Organization\"],\"@id\":\"https:\/\/luxpro.pt\/es#\/schema\/person\/2d1bed59a52ad49be71622bef025e341\",\"name\":\"Tiago Amadeu Ferreira\",\"image\":{\"@type\":\"ImageObject\",\"inLanguage\":\"es\",\"@id\":\"https:\/\/luxpro.pt\/es#\/schema\/person\/image\/\",\"url\":\"https:\/\/luxpro.pt\/wp-content\/uploads\/2017\/11\/logo.jpg\",\"contentUrl\":\"https:\/\/luxpro.pt\/wp-content\/uploads\/2017\/11\/logo.jpg\",\"width\":150,\"height\":33,\"caption\":\"Tiago Amadeu Ferreira\"},\"logo\":{\"@id\":\"https:\/\/luxpro.pt\/es#\/schema\/person\/image\/\"}}]}<\/script>\n<!-- \/ Yoast SEO plugin. -->","yoast_head_json":{"title":"MC60KVM Central com caixa completa para os motores - LuxPro","description":"Central com caixa completa para os motores KVM105 e KVM110. Central desenvolvida para trabalhar com 1 motor de 24Vdc, com pot\u00eancia m\u00e1xima de 120W cada.","robots":{"index":"index","follow":"follow","max-snippet":"max-snippet:-1","max-image-preview":"max-image-preview:large","max-video-preview":"max-video-preview:-1"},"canonical":"https:\/\/luxpro.pt\/es\/produto\/mc60kvm-central-com-caixa-completa-para-os-motores","og_locale":"es_ES","og_type":"article","og_title":"MC60KVM Central com caixa completa para os motores - LuxPro","og_description":"Central com caixa completa para os motores KVM105 e KVM110. Central desenvolvida para trabalhar com 1 motor de 24Vdc, com pot\u00eancia m\u00e1xima de 120W cada.","og_url":"https:\/\/luxpro.pt\/es\/produto\/mc60kvm-central-com-caixa-completa-para-os-motores","og_site_name":"LuxPro","article_modified_time":"2026-03-09T19:41:09+00:00","og_image":[{"width":2560,"height":1384,"url":"https:\/\/luxpro.pt\/wp-content\/uploads\/2022\/11\/MC50-G2-scaled.jpg","type":"image\/jpeg"}],"twitter_card":"summary_large_image","twitter_misc":{"Tiempo de lectura":"2 minutos"},"schema":{"@context":"https:\/\/schema.org","@graph":[{"@type":"WebPage","@id":"https:\/\/luxpro.pt\/es\/produto\/mc60kvm-central-com-caixa-completa-para-os-motores","url":"https:\/\/luxpro.pt\/es\/produto\/mc60kvm-central-com-caixa-completa-para-os-motores","name":"MC60KVM Central com caixa completa para os motores - LuxPro","isPartOf":{"@id":"https:\/\/luxpro.pt\/es#website"},"primaryImageOfPage":{"@id":"https:\/\/luxpro.pt\/es\/produto\/mc60kvm-central-com-caixa-completa-para-os-motores#primaryimage"},"image":{"@id":"https:\/\/luxpro.pt\/es\/produto\/mc60kvm-central-com-caixa-completa-para-os-motores#primaryimage"},"thumbnailUrl":"https:\/\/luxpro.pt\/wp-content\/uploads\/2022\/11\/MC50-G2-scaled.jpg","datePublished":"2023-05-19T13:39:33+00:00","dateModified":"2026-03-09T19:41:09+00:00","description":"Central com caixa completa para os motores KVM105 e KVM110. Central desenvolvida para trabalhar com 1 motor de 24Vdc, com pot\u00eancia m\u00e1xima de 120W cada.","breadcrumb":{"@id":"https:\/\/luxpro.pt\/es\/produto\/mc60kvm-central-com-caixa-completa-para-os-motores#breadcrumb"},"inLanguage":"es","potentialAction":[{"@type":"ReadAction","target":["https:\/\/luxpro.pt\/es\/produto\/mc60kvm-central-com-caixa-completa-para-os-motores"]}]},{"@type":"ImageObject","inLanguage":"es","@id":"https:\/\/luxpro.pt\/es\/produto\/mc60kvm-central-com-caixa-completa-para-os-motores#primaryimage","url":"https:\/\/luxpro.pt\/wp-content\/uploads\/2022\/11\/MC50-G2-scaled.jpg","contentUrl":"https:\/\/luxpro.pt\/wp-content\/uploads\/2022\/11\/MC50-G2-scaled.jpg","width":2560,"height":1384},{"@type":"BreadcrumbList","@id":"https:\/\/luxpro.pt\/es\/produto\/mc60kvm-central-com-caixa-completa-para-os-motores#breadcrumb","itemListElement":[{"@type":"ListItem","position":1,"name":"In\u00edcio","item":"https:\/\/luxpro.pt\/es"},{"@type":"ListItem","position":2,"name":"Loja","item":"https:\/\/luxpro.pt\/loja"},{"@type":"ListItem","position":3,"name":"MC60KVM Central com caixa completa para os motores"}]},{"@type":"WebSite","@id":"https:\/\/luxpro.pt\/es#website","url":"https:\/\/luxpro.pt\/es","name":"LuxPro","description":"","publisher":{"@id":"https:\/\/luxpro.pt\/es#\/schema\/person\/2d1bed59a52ad49be71622bef025e341"},"potentialAction":[{"@type":"SearchAction","target":{"@type":"EntryPoint","urlTemplate":"https:\/\/luxpro.pt\/es?s={search_term_string}"},"query-input":{"@type":"PropertyValueSpecification","valueRequired":true,"valueName":"search_term_string"}}],"inLanguage":"es"},{"@type":["Person","Organization"],"@id":"https:\/\/luxpro.pt\/es#\/schema\/person\/2d1bed59a52ad49be71622bef025e341","name":"Tiago Amadeu Ferreira","image":{"@type":"ImageObject","inLanguage":"es","@id":"https:\/\/luxpro.pt\/es#\/schema\/person\/image\/","url":"https:\/\/luxpro.pt\/wp-content\/uploads\/2017\/11\/logo.jpg","contentUrl":"https:\/\/luxpro.pt\/wp-content\/uploads\/2017\/11\/logo.jpg","width":150,"height":33,"caption":"Tiago Amadeu Ferreira"},"logo":{"@id":"https:\/\/luxpro.pt\/es#\/schema\/person\/image\/"}}]}},"tiered_pricing_type":"fixed","tiered_pricing_fixed_rules":[],"tiered_pricing_product_settings":{"layout":"default","base_unit_name":{"singular":null,"plural":null},"default_variation":null},"tiered_pricing_minimum_quantity":null,"tiered_pricing_roles_data":[],"tiered_pricing_percentage_rules":[],"_links":{"self":[{"href":"https:\/\/luxpro.pt\/es\/wp-json\/wp\/v2\/product\/11359","targetHints":{"allow":["GET"]}}],"collection":[{"href":"https:\/\/luxpro.pt\/es\/wp-json\/wp\/v2\/product"}],"about":[{"href":"https:\/\/luxpro.pt\/es\/wp-json\/wp\/v2\/types\/product"}],"replies":[{"embeddable":true,"href":"https:\/\/luxpro.pt\/es\/wp-json\/wp\/v2\/comments?post=11359"}],"wp:featuredmedia":[{"embeddable":true,"href":"https:\/\/luxpro.pt\/es\/wp-json\/wp\/v2\/media\/10401"}],"wp:attachment":[{"href":"https:\/\/luxpro.pt\/es\/wp-json\/wp\/v2\/media?parent=11359"}],"wp:term":[{"taxonomy":"product_brand","embeddable":true,"href":"https:\/\/luxpro.pt\/es\/wp-json\/wp\/v2\/product_brand?post=11359"},{"taxonomy":"product_cat","embeddable":true,"href":"https:\/\/luxpro.pt\/es\/wp-json\/wp\/v2\/product_cat?post=11359"},{"taxonomy":"product_tag","embeddable":true,"href":"https:\/\/luxpro.pt\/es\/wp-json\/wp\/v2\/product_tag?post=11359"}],"curies":[{"name":"wp","href":"https:\/\/api.w.org\/{rel}","templated":true}]}}