{"id":1150,"date":"2018-09-04T11:02:01","date_gmt":"2018-09-04T11:02:01","guid":{"rendered":"https:\/\/luxpro.pt\/produto\/quadro-eletrico-protecao-normal-com-bipolar-frlgmb\/"},"modified":"2024-01-04T10:22:16","modified_gmt":"2024-01-04T10:22:16","slug":"quadro-eletrico-protecao-normal-com-bipolar-frlgmb","status":"publish","type":"product","link":"https:\/\/luxpro.pt\/es\/produto\/quadro-eletrico-protecao-normal-com-bipolar-frlgmb","title":{"rendered":"Quadro El\u00e9trico de Prote\u00e7\u00e3o C\/Bipolar ou tripolar"},"content":{"rendered":"<p>\u2022 Quadro ele\u0301trico equipado com um contator de pote\u0302ncia, rele\u0301 te\u0301rmico regula\u0301vel; com disjuntor bipolar no caso de monof\u00e1sico e com tripolar no caso de trif\u00e1sico;<br \/>\n\u2022 Destinado a proteger motores e electrobombas utilizadas em situac\u0327o\u0303es em que na\u0303o e\u0301 necessa\u0301rio a utilizac\u0327a\u0303o de um rele\u0301 de ni\u0301vel para protec\u0327a\u0303o em caso de falta de a\u0301gua,<\/p>\n<p>em virtude de na\u0303o ser necessa\u0301rio ou ser feita por via de interruptores de boia\u0301 ou prossostato de pressa\u0303o mi\u0301nima.<\/p>\n","protected":false},"excerpt":{"rendered":"<p>\u2022 Quadro ele\u0301trico equipado com um contator de pote\u0302ncia, rele\u0301 te\u0301rmico regula\u0301vel; com disjuntor bipolar no caso de monof\u00e1sico e com tripolar no caso de trif\u00e1sico; \u2022 Destinado a proteger motores e electrobombas utilizadas em situac\u0327o\u0303es em que na\u0303o e\u0301 necessa\u0301rio a utilizac\u0327a\u0303o de um rele\u0301 de ni\u0301vel para protec\u0327a\u0303o em caso de falta de a\u0301gua, em virtude de na\u0303o [&hellip;]<\/p>\n","protected":false},"featured_media":11309,"comment_status":"closed","ping_status":"closed","template":"","meta":[],"product_brand":[],"product_cat":[21],"product_tag":[1330,1184,1329,1185,1331],"class_list":{"0":"post-1150","1":"product","2":"type-product","3":"status-publish","4":"has-post-thumbnail","6":"product_cat-quadros","7":"product_tag-bomba","8":"product_tag-contactor","9":"product_tag-guarda-motor","10":"product_tag-protecao-bomba","11":"product_tag-rele-termico","12":"pa_potencia-230v","13":"pa_potencia-400v","14":"pa_amperes-1-16a","15":"pa_amperes-16-25a","16":"pa_amperes-12-18a","17":"pa_amperes-25-4a","18":"pa_amperes-4-6a","19":"pa_amperes-55-8a","20":"pa_amperes-7-10a","21":"pa_amperes-9-13a","22":"pa_tensao-de-entrada-230v-400v","23":"pa_dimensoes-l180xa200xp115mm","25":"first","26":"instock","27":"taxable","28":"shipping-taxable","29":"purchasable","30":"product-type-variable"},"yoast_head":"<!-- This site is optimized with the Yoast SEO plugin v26.5 - https:\/\/yoast.com\/wordpress\/plugins\/seo\/ -->\n<title>Quadro El\u00e9trico de Prote\u00e7\u00e3o C\/Bipolar ou tripolar - LuxPro<\/title>\n<meta name=\"description\" content=\"Destinado a proteger motores e electrobombas utilizadas em situac\u0327o\u0303es em que na\u0303o e\u0301 necessa\u0301rio a utilizac\u0327a\u0303o de um rele\u0301 de ni\u0301vel\" \/>\n<meta name=\"robots\" content=\"index, follow, max-snippet:-1, max-image-preview:large, max-video-preview:-1\" \/>\n<link rel=\"canonical\" href=\"https:\/\/luxpro.pt\/es\/produto\/quadro-eletrico-protecao-normal-com-bipolar-frlgmb\" \/>\n<meta property=\"og:locale\" content=\"es_ES\" \/>\n<meta property=\"og:type\" content=\"article\" \/>\n<meta property=\"og:title\" content=\"Quadro El\u00e9trico de Prote\u00e7\u00e3o C\/Bipolar ou tripolar - LuxPro\" \/>\n<meta property=\"og:description\" content=\"Destinado a proteger motores e electrobombas utilizadas em situac\u0327o\u0303es em que na\u0303o e\u0301 necessa\u0301rio a utilizac\u0327a\u0303o de um rele\u0301 de ni\u0301vel\" \/>\n<meta property=\"og:url\" content=\"https:\/\/luxpro.pt\/es\/produto\/quadro-eletrico-protecao-normal-com-bipolar-frlgmb\" \/>\n<meta property=\"og:site_name\" content=\"LuxPro\" \/>\n<meta property=\"article:modified_time\" content=\"2024-01-04T10:22:16+00:00\" \/>\n<meta property=\"og:image\" content=\"https:\/\/luxpro.pt\/wp-content\/uploads\/2018\/09\/GM_Modificado2.jpg\" \/>\n\t<meta property=\"og:image:width\" content=\"800\" \/>\n\t<meta property=\"og:image:height\" content=\"800\" \/>\n\t<meta property=\"og:image:type\" content=\"image\/jpeg\" \/>\n<meta name=\"twitter:card\" content=\"summary_large_image\" \/>\n<meta name=\"twitter:label1\" content=\"Tiempo de lectura\" \/>\n\t<meta name=\"twitter:data1\" content=\"1 minuto\" \/>\n<script type=\"application\/ld+json\" class=\"yoast-schema-graph\">{\"@context\":\"https:\/\/schema.org\",\"@graph\":[{\"@type\":\"WebPage\",\"@id\":\"https:\/\/luxpro.pt\/es\/produto\/quadro-eletrico-protecao-normal-com-bipolar-frlgmb\",\"url\":\"https:\/\/luxpro.pt\/es\/produto\/quadro-eletrico-protecao-normal-com-bipolar-frlgmb\",\"name\":\"Quadro El\u00e9trico de Prote\u00e7\u00e3o C\/Bipolar ou tripolar - LuxPro\",\"isPartOf\":{\"@id\":\"https:\/\/luxpro.pt\/es#website\"},\"primaryImageOfPage\":{\"@id\":\"https:\/\/luxpro.pt\/es\/produto\/quadro-eletrico-protecao-normal-com-bipolar-frlgmb#primaryimage\"},\"image\":{\"@id\":\"https:\/\/luxpro.pt\/es\/produto\/quadro-eletrico-protecao-normal-com-bipolar-frlgmb#primaryimage\"},\"thumbnailUrl\":\"https:\/\/luxpro.pt\/wp-content\/uploads\/2018\/09\/GM_Modificado2.jpg\",\"datePublished\":\"2018-09-04T11:02:01+00:00\",\"dateModified\":\"2024-01-04T10:22:16+00:00\",\"description\":\"Destinado a proteger motores e electrobombas utilizadas em situac\u0327o\u0303es em que na\u0303o e\u0301 necessa\u0301rio a utilizac\u0327a\u0303o de um rele\u0301 de ni\u0301vel\",\"breadcrumb\":{\"@id\":\"https:\/\/luxpro.pt\/es\/produto\/quadro-eletrico-protecao-normal-com-bipolar-frlgmb#breadcrumb\"},\"inLanguage\":\"es\",\"potentialAction\":[{\"@type\":\"ReadAction\",\"target\":[\"https:\/\/luxpro.pt\/es\/produto\/quadro-eletrico-protecao-normal-com-bipolar-frlgmb\"]}]},{\"@type\":\"ImageObject\",\"inLanguage\":\"es\",\"@id\":\"https:\/\/luxpro.pt\/es\/produto\/quadro-eletrico-protecao-normal-com-bipolar-frlgmb#primaryimage\",\"url\":\"https:\/\/luxpro.pt\/wp-content\/uploads\/2018\/09\/GM_Modificado2.jpg\",\"contentUrl\":\"https:\/\/luxpro.pt\/wp-content\/uploads\/2018\/09\/GM_Modificado2.jpg\",\"width\":800,\"height\":800},{\"@type\":\"BreadcrumbList\",\"@id\":\"https:\/\/luxpro.pt\/es\/produto\/quadro-eletrico-protecao-normal-com-bipolar-frlgmb#breadcrumb\",\"itemListElement\":[{\"@type\":\"ListItem\",\"position\":1,\"name\":\"In\u00edcio\",\"item\":\"https:\/\/luxpro.pt\/es\"},{\"@type\":\"ListItem\",\"position\":2,\"name\":\"Loja\",\"item\":\"https:\/\/luxpro.pt\/loja\"},{\"@type\":\"ListItem\",\"position\":3,\"name\":\"Quadro El\u00e9trico de Prote\u00e7\u00e3o C\/Bipolar ou tripolar\"}]},{\"@type\":\"WebSite\",\"@id\":\"https:\/\/luxpro.pt\/es#website\",\"url\":\"https:\/\/luxpro.pt\/es\",\"name\":\"LuxPro\",\"description\":\"\",\"publisher\":{\"@id\":\"https:\/\/luxpro.pt\/es#\/schema\/person\/2d1bed59a52ad49be71622bef025e341\"},\"potentialAction\":[{\"@type\":\"SearchAction\",\"target\":{\"@type\":\"EntryPoint\",\"urlTemplate\":\"https:\/\/luxpro.pt\/es?s={search_term_string}\"},\"query-input\":{\"@type\":\"PropertyValueSpecification\",\"valueRequired\":true,\"valueName\":\"search_term_string\"}}],\"inLanguage\":\"es\"},{\"@type\":[\"Person\",\"Organization\"],\"@id\":\"https:\/\/luxpro.pt\/es#\/schema\/person\/2d1bed59a52ad49be71622bef025e341\",\"name\":\"Tiago Amadeu Ferreira\",\"image\":{\"@type\":\"ImageObject\",\"inLanguage\":\"es\",\"@id\":\"https:\/\/luxpro.pt\/es#\/schema\/person\/image\/\",\"url\":\"https:\/\/luxpro.pt\/wp-content\/uploads\/2017\/11\/logo.jpg\",\"contentUrl\":\"https:\/\/luxpro.pt\/wp-content\/uploads\/2017\/11\/logo.jpg\",\"width\":150,\"height\":33,\"caption\":\"Tiago Amadeu Ferreira\"},\"logo\":{\"@id\":\"https:\/\/luxpro.pt\/es#\/schema\/person\/image\/\"}}]}<\/script>\n<!-- \/ Yoast SEO plugin. -->","yoast_head_json":{"title":"Quadro El\u00e9trico de Prote\u00e7\u00e3o C\/Bipolar ou tripolar - LuxPro","description":"Destinado a proteger motores e electrobombas utilizadas em situac\u0327o\u0303es em que na\u0303o e\u0301 necessa\u0301rio a utilizac\u0327a\u0303o de um rele\u0301 de ni\u0301vel","robots":{"index":"index","follow":"follow","max-snippet":"max-snippet:-1","max-image-preview":"max-image-preview:large","max-video-preview":"max-video-preview:-1"},"canonical":"https:\/\/luxpro.pt\/es\/produto\/quadro-eletrico-protecao-normal-com-bipolar-frlgmb","og_locale":"es_ES","og_type":"article","og_title":"Quadro El\u00e9trico de Prote\u00e7\u00e3o C\/Bipolar ou tripolar - LuxPro","og_description":"Destinado a proteger motores e electrobombas utilizadas em situac\u0327o\u0303es em que na\u0303o e\u0301 necessa\u0301rio a utilizac\u0327a\u0303o de um rele\u0301 de ni\u0301vel","og_url":"https:\/\/luxpro.pt\/es\/produto\/quadro-eletrico-protecao-normal-com-bipolar-frlgmb","og_site_name":"LuxPro","article_modified_time":"2024-01-04T10:22:16+00:00","og_image":[{"width":800,"height":800,"url":"https:\/\/luxpro.pt\/wp-content\/uploads\/2018\/09\/GM_Modificado2.jpg","type":"image\/jpeg"}],"twitter_card":"summary_large_image","twitter_misc":{"Tiempo de lectura":"1 minuto"},"schema":{"@context":"https:\/\/schema.org","@graph":[{"@type":"WebPage","@id":"https:\/\/luxpro.pt\/es\/produto\/quadro-eletrico-protecao-normal-com-bipolar-frlgmb","url":"https:\/\/luxpro.pt\/es\/produto\/quadro-eletrico-protecao-normal-com-bipolar-frlgmb","name":"Quadro El\u00e9trico de Prote\u00e7\u00e3o C\/Bipolar ou tripolar - LuxPro","isPartOf":{"@id":"https:\/\/luxpro.pt\/es#website"},"primaryImageOfPage":{"@id":"https:\/\/luxpro.pt\/es\/produto\/quadro-eletrico-protecao-normal-com-bipolar-frlgmb#primaryimage"},"image":{"@id":"https:\/\/luxpro.pt\/es\/produto\/quadro-eletrico-protecao-normal-com-bipolar-frlgmb#primaryimage"},"thumbnailUrl":"https:\/\/luxpro.pt\/wp-content\/uploads\/2018\/09\/GM_Modificado2.jpg","datePublished":"2018-09-04T11:02:01+00:00","dateModified":"2024-01-04T10:22:16+00:00","description":"Destinado a proteger motores e electrobombas utilizadas em situac\u0327o\u0303es em que na\u0303o e\u0301 necessa\u0301rio a utilizac\u0327a\u0303o de um rele\u0301 de ni\u0301vel","breadcrumb":{"@id":"https:\/\/luxpro.pt\/es\/produto\/quadro-eletrico-protecao-normal-com-bipolar-frlgmb#breadcrumb"},"inLanguage":"es","potentialAction":[{"@type":"ReadAction","target":["https:\/\/luxpro.pt\/es\/produto\/quadro-eletrico-protecao-normal-com-bipolar-frlgmb"]}]},{"@type":"ImageObject","inLanguage":"es","@id":"https:\/\/luxpro.pt\/es\/produto\/quadro-eletrico-protecao-normal-com-bipolar-frlgmb#primaryimage","url":"https:\/\/luxpro.pt\/wp-content\/uploads\/2018\/09\/GM_Modificado2.jpg","contentUrl":"https:\/\/luxpro.pt\/wp-content\/uploads\/2018\/09\/GM_Modificado2.jpg","width":800,"height":800},{"@type":"BreadcrumbList","@id":"https:\/\/luxpro.pt\/es\/produto\/quadro-eletrico-protecao-normal-com-bipolar-frlgmb#breadcrumb","itemListElement":[{"@type":"ListItem","position":1,"name":"In\u00edcio","item":"https:\/\/luxpro.pt\/es"},{"@type":"ListItem","position":2,"name":"Loja","item":"https:\/\/luxpro.pt\/loja"},{"@type":"ListItem","position":3,"name":"Quadro El\u00e9trico de Prote\u00e7\u00e3o C\/Bipolar ou tripolar"}]},{"@type":"WebSite","@id":"https:\/\/luxpro.pt\/es#website","url":"https:\/\/luxpro.pt\/es","name":"LuxPro","description":"","publisher":{"@id":"https:\/\/luxpro.pt\/es#\/schema\/person\/2d1bed59a52ad49be71622bef025e341"},"potentialAction":[{"@type":"SearchAction","target":{"@type":"EntryPoint","urlTemplate":"https:\/\/luxpro.pt\/es?s={search_term_string}"},"query-input":{"@type":"PropertyValueSpecification","valueRequired":true,"valueName":"search_term_string"}}],"inLanguage":"es"},{"@type":["Person","Organization"],"@id":"https:\/\/luxpro.pt\/es#\/schema\/person\/2d1bed59a52ad49be71622bef025e341","name":"Tiago Amadeu Ferreira","image":{"@type":"ImageObject","inLanguage":"es","@id":"https:\/\/luxpro.pt\/es#\/schema\/person\/image\/","url":"https:\/\/luxpro.pt\/wp-content\/uploads\/2017\/11\/logo.jpg","contentUrl":"https:\/\/luxpro.pt\/wp-content\/uploads\/2017\/11\/logo.jpg","width":150,"height":33,"caption":"Tiago Amadeu Ferreira"},"logo":{"@id":"https:\/\/luxpro.pt\/es#\/schema\/person\/image\/"}}]}},"tiered_pricing_type":"fixed","tiered_pricing_fixed_rules":[],"tiered_pricing_product_settings":{"layout":"default","base_unit_name":{"singular":null,"plural":null},"default_variation":null},"tiered_pricing_minimum_quantity":null,"tiered_pricing_roles_data":[],"tiered_pricing_percentage_rules":[],"_links":{"self":[{"href":"https:\/\/luxpro.pt\/es\/wp-json\/wp\/v2\/product\/1150","targetHints":{"allow":["GET"]}}],"collection":[{"href":"https:\/\/luxpro.pt\/es\/wp-json\/wp\/v2\/product"}],"about":[{"href":"https:\/\/luxpro.pt\/es\/wp-json\/wp\/v2\/types\/product"}],"replies":[{"embeddable":true,"href":"https:\/\/luxpro.pt\/es\/wp-json\/wp\/v2\/comments?post=1150"}],"wp:featuredmedia":[{"embeddable":true,"href":"https:\/\/luxpro.pt\/es\/wp-json\/wp\/v2\/media\/11309"}],"wp:attachment":[{"href":"https:\/\/luxpro.pt\/es\/wp-json\/wp\/v2\/media?parent=1150"}],"wp:term":[{"taxonomy":"product_brand","embeddable":true,"href":"https:\/\/luxpro.pt\/es\/wp-json\/wp\/v2\/product_brand?post=1150"},{"taxonomy":"product_cat","embeddable":true,"href":"https:\/\/luxpro.pt\/es\/wp-json\/wp\/v2\/product_cat?post=1150"},{"taxonomy":"product_tag","embeddable":true,"href":"https:\/\/luxpro.pt\/es\/wp-json\/wp\/v2\/product_tag?post=1150"}],"curies":[{"name":"wp","href":"https:\/\/api.w.org\/{rel}","templated":true}]}}