{"id":12170,"date":"2023-10-25T12:01:55","date_gmt":"2023-10-25T11:01:55","guid":{"rendered":"https:\/\/luxpro.pt\/?post_type=product&#038;p=12170"},"modified":"2024-09-24T20:39:14","modified_gmt":"2024-09-24T19:39:14","slug":"modulo-interruptor-de-ativacao-de-cenarios-p-automacao-wi-fi-c-4-entradas-shelly-plus-i4","status":"publish","type":"product","link":"https:\/\/luxpro.pt\/es\/produto\/modulo-interruptor-de-ativacao-de-cenarios-p-automacao-wi-fi-c-4-entradas-shelly-plus-i4","title":{"rendered":"M\u00f3dulo Interruptor de Ativa\u00e7\u00e3o de Cen\u00e1rios p\/ Automa\u00e7\u00e3o Wi-Fi c\/ 4 Entradas &#8211; Shelly Plus i4"},"content":{"rendered":"<p>Controlador de 4 entradas digitais, gerido por Wi-Fi, para um controle de a\u00e7\u00f5es mais personalizado e aprimorado.<br \/>\nO Shelly Plus i4 permite a ativa\u00e7\u00e3o ou desativa\u00e7\u00e3o manual de qualquer cena criada (de Smart Home) e a execu\u00e7\u00e3o de a\u00e7\u00f5es sincronizadas, possibilitando a defini\u00e7\u00e3o de cen\u00e1rios complexos.<br \/>\nAprimorado com um processador extremamente r\u00e1pido, o Shelly Plus i4 ir\u00e1 comandar imediatamente a execu\u00e7\u00e3o e notifica\u00e7\u00e3o de v\u00e1rias a\u00e7\u00f5es.<br \/>\nO Shelly Plus i4 pode ser usado com sensores e permite o controlo de rel\u00e9s Shelly ou dispositivos controlados por HTTP e MQTT.<\/p>\n<p>&#8211; Funciona por Wi-Fi &#8211; liga-se \u00e0 sua rede Wi-Fi. N\u00e3o \u00e9 necess\u00e1rio HUB!<br \/>\n&#8211; Bluetooth &#8211; Adicione dispositivos de forma r\u00e1pida e f\u00e1cil via conex\u00e3o Bluetooth, usando a aplica\u00e7\u00e3o Shelly Cloud<br \/>\n&#8211; Processador extremamente r\u00e1pido &#8211; ESP32<br \/>\n&#8211; Multi-click &#8211; at\u00e9 12 a\u00e7\u00f5es poss\u00edveis<br \/>\n&#8211; Interface API aprimorada<br \/>\n&#8211; Suporte a scripts Java para cen\u00e1rios personalizados e complexos<\/p>\n<p>CARACTER\u00cdSTICAS:<br \/>\n&#8211; Fonte de alimenta\u00e7\u00e3o AC: 110-240V \u00b1 10%, 50 \/ 60Hz<br \/>\n&#8211; Fonte de alimenta\u00e7\u00e3o DC: N\u00e3o<br \/>\n&#8211; Prote\u00e7\u00e3o de temperatura do dispositivo: Sim<br \/>\n&#8211; Prote\u00e7\u00e3o de sobrecarga: N\u00e3o<br \/>\n&#8211; Suporte multi-clique: At\u00e9 12 a\u00e7\u00f5es poss\u00edveis<br \/>\n&#8211; Webhooks HTTP \/ HTTPS: Sim<br \/>\n&#8211; Scripts personalizados (mJs): Sim<br \/>\n&#8211; Canais: 4 canais de entrada<br \/>\n&#8211; Temperatura de funcionamento: 0\u00b0 C a + 40\u00b0 C<br \/>\n&#8211; Consumo de energia do dispositivo: &lt;1 W<br \/>\n&#8211; Liga \/ Desliga Inteligente: Sim<br \/>\n&#8211; Controle local e remoto: Sim<br \/>\n&#8211; Nascer do sol p\u00f4r do sol: Sim<br \/>\n&#8211; Hor\u00e1rio semanal: Sim<br \/>\n&#8211; Sem fio: Sim<br \/>\n&#8211; Protocolo Wi-Fi: 802.11 b \/ g \/ n<br \/>\n&#8211; Frequencia de radio Wi-Fi: 2412-2472 \u0084MHz<br \/>\n&#8211; Potencia do sinal de radio Wi-Fi: 1mW<br \/>\n&#8211; Alcance Wi-Fi: ate 50m ao ar livre e ate 30m dentro de casa (dependendo dos materiais de constru\u00e7\u00e3o)<\/p>\n","protected":false},"excerpt":{"rendered":"<p>Controlador de 4 entradas digitais, gerido por Wi-Fi, para um controle de a\u00e7\u00f5es mais personalizado e aprimorado. O Shelly Plus i4 permite a ativa\u00e7\u00e3o ou desativa\u00e7\u00e3o manual de qualquer cena criada (de Smart Home) e a execu\u00e7\u00e3o de a\u00e7\u00f5es sincronizadas, possibilitando a defini\u00e7\u00e3o de cen\u00e1rios complexos. Aprimorado com um processador extremamente r\u00e1pido, o Shelly Plus i4 ir\u00e1 comandar imediatamente a [&hellip;]<\/p>\n","protected":false},"featured_media":12180,"comment_status":"open","ping_status":"closed","template":"","meta":[],"product_brand":[],"product_cat":[28],"product_tag":[2778,2776,2777],"class_list":{"0":"post-12170","1":"product","2":"type-product","3":"status-publish","4":"has-post-thumbnail","6":"product_cat-componentes-electricos-e-industriais","7":"product_tag-automacao-wifi","8":"product_tag-shelly","9":"product_tag-shelly-plus-i4","11":"first","12":"instock","13":"taxable","14":"shipping-taxable","15":"purchasable","16":"product-type-simple"},"yoast_head":"<!-- This site is optimized with the Yoast SEO plugin v26.5 - https:\/\/yoast.com\/wordpress\/plugins\/seo\/ -->\n<title>M\u00f3dulo Interruptor de Ativa\u00e7\u00e3o de Cen\u00e1rios p\/ Automa\u00e7\u00e3o Wi-Fi c\/ 4 Entradas - Shelly Plus i4 - LuxPro<\/title>\n<meta name=\"description\" content=\"Controlador de 4 entradas digitais, gerido por Wi-Fi, para um controle de a\u00e7\u00f5es mais personalizado e aprimorado. O Shelly Plus i4 permite a ativa\u00e7\u00e3o ou\" \/>\n<meta name=\"robots\" content=\"index, follow, max-snippet:-1, max-image-preview:large, max-video-preview:-1\" \/>\n<link rel=\"canonical\" href=\"https:\/\/luxpro.pt\/es\/produto\/modulo-interruptor-de-ativacao-de-cenarios-p-automacao-wi-fi-c-4-entradas-shelly-plus-i4\" \/>\n<meta property=\"og:locale\" content=\"es_ES\" \/>\n<meta property=\"og:type\" content=\"article\" \/>\n<meta property=\"og:title\" content=\"M\u00f3dulo Interruptor de Ativa\u00e7\u00e3o de Cen\u00e1rios p\/ Automa\u00e7\u00e3o Wi-Fi c\/ 4 Entradas - Shelly Plus i4 - LuxPro\" \/>\n<meta property=\"og:description\" content=\"Controlador de 4 entradas digitais, gerido por Wi-Fi, para um controle de a\u00e7\u00f5es mais personalizado e aprimorado. O Shelly Plus i4 permite a ativa\u00e7\u00e3o ou\" \/>\n<meta property=\"og:url\" content=\"https:\/\/luxpro.pt\/es\/produto\/modulo-interruptor-de-ativacao-de-cenarios-p-automacao-wi-fi-c-4-entradas-shelly-plus-i4\" \/>\n<meta property=\"og:site_name\" content=\"LuxPro\" \/>\n<meta property=\"article:modified_time\" content=\"2024-09-24T19:39:14+00:00\" \/>\n<meta property=\"og:image\" content=\"https:\/\/luxpro.pt\/wp-content\/uploads\/2023\/10\/shellyi4plus.png\" \/>\n\t<meta property=\"og:image:width\" content=\"800\" \/>\n\t<meta property=\"og:image:height\" content=\"800\" \/>\n\t<meta property=\"og:image:type\" content=\"image\/png\" \/>\n<meta name=\"twitter:card\" content=\"summary_large_image\" \/>\n<meta name=\"twitter:label1\" content=\"Tiempo de lectura\" \/>\n\t<meta name=\"twitter:data1\" content=\"2 minutos\" \/>\n<script type=\"application\/ld+json\" class=\"yoast-schema-graph\">{\"@context\":\"https:\/\/schema.org\",\"@graph\":[{\"@type\":\"WebPage\",\"@id\":\"https:\/\/luxpro.pt\/es\/produto\/modulo-interruptor-de-ativacao-de-cenarios-p-automacao-wi-fi-c-4-entradas-shelly-plus-i4\",\"url\":\"https:\/\/luxpro.pt\/es\/produto\/modulo-interruptor-de-ativacao-de-cenarios-p-automacao-wi-fi-c-4-entradas-shelly-plus-i4\",\"name\":\"M\u00f3dulo Interruptor de Ativa\u00e7\u00e3o de Cen\u00e1rios p\/ Automa\u00e7\u00e3o Wi-Fi c\/ 4 Entradas - Shelly Plus i4 - LuxPro\",\"isPartOf\":{\"@id\":\"https:\/\/luxpro.pt\/es#website\"},\"primaryImageOfPage\":{\"@id\":\"https:\/\/luxpro.pt\/es\/produto\/modulo-interruptor-de-ativacao-de-cenarios-p-automacao-wi-fi-c-4-entradas-shelly-plus-i4#primaryimage\"},\"image\":{\"@id\":\"https:\/\/luxpro.pt\/es\/produto\/modulo-interruptor-de-ativacao-de-cenarios-p-automacao-wi-fi-c-4-entradas-shelly-plus-i4#primaryimage\"},\"thumbnailUrl\":\"https:\/\/luxpro.pt\/wp-content\/uploads\/2023\/10\/shellyi4plus.png\",\"datePublished\":\"2023-10-25T11:01:55+00:00\",\"dateModified\":\"2024-09-24T19:39:14+00:00\",\"description\":\"Controlador de 4 entradas digitais, gerido por Wi-Fi, para um controle de a\u00e7\u00f5es mais personalizado e aprimorado. O Shelly Plus i4 permite a ativa\u00e7\u00e3o ou\",\"breadcrumb\":{\"@id\":\"https:\/\/luxpro.pt\/es\/produto\/modulo-interruptor-de-ativacao-de-cenarios-p-automacao-wi-fi-c-4-entradas-shelly-plus-i4#breadcrumb\"},\"inLanguage\":\"es\",\"potentialAction\":[{\"@type\":\"ReadAction\",\"target\":[\"https:\/\/luxpro.pt\/es\/produto\/modulo-interruptor-de-ativacao-de-cenarios-p-automacao-wi-fi-c-4-entradas-shelly-plus-i4\"]}]},{\"@type\":\"ImageObject\",\"inLanguage\":\"es\",\"@id\":\"https:\/\/luxpro.pt\/es\/produto\/modulo-interruptor-de-ativacao-de-cenarios-p-automacao-wi-fi-c-4-entradas-shelly-plus-i4#primaryimage\",\"url\":\"https:\/\/luxpro.pt\/wp-content\/uploads\/2023\/10\/shellyi4plus.png\",\"contentUrl\":\"https:\/\/luxpro.pt\/wp-content\/uploads\/2023\/10\/shellyi4plus.png\",\"width\":800,\"height\":800},{\"@type\":\"BreadcrumbList\",\"@id\":\"https:\/\/luxpro.pt\/es\/produto\/modulo-interruptor-de-ativacao-de-cenarios-p-automacao-wi-fi-c-4-entradas-shelly-plus-i4#breadcrumb\",\"itemListElement\":[{\"@type\":\"ListItem\",\"position\":1,\"name\":\"In\u00edcio\",\"item\":\"https:\/\/luxpro.pt\/es\"},{\"@type\":\"ListItem\",\"position\":2,\"name\":\"Loja\",\"item\":\"https:\/\/luxpro.pt\/loja\"},{\"@type\":\"ListItem\",\"position\":3,\"name\":\"M\u00f3dulo Interruptor de Ativa\u00e7\u00e3o de Cen\u00e1rios p\/ Automa\u00e7\u00e3o Wi-Fi c\/ 4 Entradas &#8211; Shelly Plus i4\"}]},{\"@type\":\"WebSite\",\"@id\":\"https:\/\/luxpro.pt\/es#website\",\"url\":\"https:\/\/luxpro.pt\/es\",\"name\":\"LuxPro\",\"description\":\"\",\"publisher\":{\"@id\":\"https:\/\/luxpro.pt\/es#\/schema\/person\/2d1bed59a52ad49be71622bef025e341\"},\"potentialAction\":[{\"@type\":\"SearchAction\",\"target\":{\"@type\":\"EntryPoint\",\"urlTemplate\":\"https:\/\/luxpro.pt\/es?s={search_term_string}\"},\"query-input\":{\"@type\":\"PropertyValueSpecification\",\"valueRequired\":true,\"valueName\":\"search_term_string\"}}],\"inLanguage\":\"es\"},{\"@type\":[\"Person\",\"Organization\"],\"@id\":\"https:\/\/luxpro.pt\/es#\/schema\/person\/2d1bed59a52ad49be71622bef025e341\",\"name\":\"Tiago Amadeu Ferreira\",\"image\":{\"@type\":\"ImageObject\",\"inLanguage\":\"es\",\"@id\":\"https:\/\/luxpro.pt\/es#\/schema\/person\/image\/\",\"url\":\"https:\/\/luxpro.pt\/wp-content\/uploads\/2017\/11\/logo.jpg\",\"contentUrl\":\"https:\/\/luxpro.pt\/wp-content\/uploads\/2017\/11\/logo.jpg\",\"width\":150,\"height\":33,\"caption\":\"Tiago Amadeu Ferreira\"},\"logo\":{\"@id\":\"https:\/\/luxpro.pt\/es#\/schema\/person\/image\/\"}}]}<\/script>\n<!-- \/ Yoast SEO plugin. -->","yoast_head_json":{"title":"M\u00f3dulo Interruptor de Ativa\u00e7\u00e3o de Cen\u00e1rios p\/ Automa\u00e7\u00e3o Wi-Fi c\/ 4 Entradas - Shelly Plus i4 - LuxPro","description":"Controlador de 4 entradas digitais, gerido por Wi-Fi, para um controle de a\u00e7\u00f5es mais personalizado e aprimorado. O Shelly Plus i4 permite a ativa\u00e7\u00e3o ou","robots":{"index":"index","follow":"follow","max-snippet":"max-snippet:-1","max-image-preview":"max-image-preview:large","max-video-preview":"max-video-preview:-1"},"canonical":"https:\/\/luxpro.pt\/es\/produto\/modulo-interruptor-de-ativacao-de-cenarios-p-automacao-wi-fi-c-4-entradas-shelly-plus-i4","og_locale":"es_ES","og_type":"article","og_title":"M\u00f3dulo Interruptor de Ativa\u00e7\u00e3o de Cen\u00e1rios p\/ Automa\u00e7\u00e3o Wi-Fi c\/ 4 Entradas - Shelly Plus i4 - LuxPro","og_description":"Controlador de 4 entradas digitais, gerido por Wi-Fi, para um controle de a\u00e7\u00f5es mais personalizado e aprimorado. O Shelly Plus i4 permite a ativa\u00e7\u00e3o ou","og_url":"https:\/\/luxpro.pt\/es\/produto\/modulo-interruptor-de-ativacao-de-cenarios-p-automacao-wi-fi-c-4-entradas-shelly-plus-i4","og_site_name":"LuxPro","article_modified_time":"2024-09-24T19:39:14+00:00","og_image":[{"width":800,"height":800,"url":"https:\/\/luxpro.pt\/wp-content\/uploads\/2023\/10\/shellyi4plus.png","type":"image\/png"}],"twitter_card":"summary_large_image","twitter_misc":{"Tiempo de lectura":"2 minutos"},"schema":{"@context":"https:\/\/schema.org","@graph":[{"@type":"WebPage","@id":"https:\/\/luxpro.pt\/es\/produto\/modulo-interruptor-de-ativacao-de-cenarios-p-automacao-wi-fi-c-4-entradas-shelly-plus-i4","url":"https:\/\/luxpro.pt\/es\/produto\/modulo-interruptor-de-ativacao-de-cenarios-p-automacao-wi-fi-c-4-entradas-shelly-plus-i4","name":"M\u00f3dulo Interruptor de Ativa\u00e7\u00e3o de Cen\u00e1rios p\/ Automa\u00e7\u00e3o Wi-Fi c\/ 4 Entradas - Shelly Plus i4 - LuxPro","isPartOf":{"@id":"https:\/\/luxpro.pt\/es#website"},"primaryImageOfPage":{"@id":"https:\/\/luxpro.pt\/es\/produto\/modulo-interruptor-de-ativacao-de-cenarios-p-automacao-wi-fi-c-4-entradas-shelly-plus-i4#primaryimage"},"image":{"@id":"https:\/\/luxpro.pt\/es\/produto\/modulo-interruptor-de-ativacao-de-cenarios-p-automacao-wi-fi-c-4-entradas-shelly-plus-i4#primaryimage"},"thumbnailUrl":"https:\/\/luxpro.pt\/wp-content\/uploads\/2023\/10\/shellyi4plus.png","datePublished":"2023-10-25T11:01:55+00:00","dateModified":"2024-09-24T19:39:14+00:00","description":"Controlador de 4 entradas digitais, gerido por Wi-Fi, para um controle de a\u00e7\u00f5es mais personalizado e aprimorado. O Shelly Plus i4 permite a ativa\u00e7\u00e3o ou","breadcrumb":{"@id":"https:\/\/luxpro.pt\/es\/produto\/modulo-interruptor-de-ativacao-de-cenarios-p-automacao-wi-fi-c-4-entradas-shelly-plus-i4#breadcrumb"},"inLanguage":"es","potentialAction":[{"@type":"ReadAction","target":["https:\/\/luxpro.pt\/es\/produto\/modulo-interruptor-de-ativacao-de-cenarios-p-automacao-wi-fi-c-4-entradas-shelly-plus-i4"]}]},{"@type":"ImageObject","inLanguage":"es","@id":"https:\/\/luxpro.pt\/es\/produto\/modulo-interruptor-de-ativacao-de-cenarios-p-automacao-wi-fi-c-4-entradas-shelly-plus-i4#primaryimage","url":"https:\/\/luxpro.pt\/wp-content\/uploads\/2023\/10\/shellyi4plus.png","contentUrl":"https:\/\/luxpro.pt\/wp-content\/uploads\/2023\/10\/shellyi4plus.png","width":800,"height":800},{"@type":"BreadcrumbList","@id":"https:\/\/luxpro.pt\/es\/produto\/modulo-interruptor-de-ativacao-de-cenarios-p-automacao-wi-fi-c-4-entradas-shelly-plus-i4#breadcrumb","itemListElement":[{"@type":"ListItem","position":1,"name":"In\u00edcio","item":"https:\/\/luxpro.pt\/es"},{"@type":"ListItem","position":2,"name":"Loja","item":"https:\/\/luxpro.pt\/loja"},{"@type":"ListItem","position":3,"name":"M\u00f3dulo Interruptor de Ativa\u00e7\u00e3o de Cen\u00e1rios p\/ Automa\u00e7\u00e3o Wi-Fi c\/ 4 Entradas &#8211; Shelly Plus i4"}]},{"@type":"WebSite","@id":"https:\/\/luxpro.pt\/es#website","url":"https:\/\/luxpro.pt\/es","name":"LuxPro","description":"","publisher":{"@id":"https:\/\/luxpro.pt\/es#\/schema\/person\/2d1bed59a52ad49be71622bef025e341"},"potentialAction":[{"@type":"SearchAction","target":{"@type":"EntryPoint","urlTemplate":"https:\/\/luxpro.pt\/es?s={search_term_string}"},"query-input":{"@type":"PropertyValueSpecification","valueRequired":true,"valueName":"search_term_string"}}],"inLanguage":"es"},{"@type":["Person","Organization"],"@id":"https:\/\/luxpro.pt\/es#\/schema\/person\/2d1bed59a52ad49be71622bef025e341","name":"Tiago Amadeu Ferreira","image":{"@type":"ImageObject","inLanguage":"es","@id":"https:\/\/luxpro.pt\/es#\/schema\/person\/image\/","url":"https:\/\/luxpro.pt\/wp-content\/uploads\/2017\/11\/logo.jpg","contentUrl":"https:\/\/luxpro.pt\/wp-content\/uploads\/2017\/11\/logo.jpg","width":150,"height":33,"caption":"Tiago Amadeu Ferreira"},"logo":{"@id":"https:\/\/luxpro.pt\/es#\/schema\/person\/image\/"}}]}},"tiered_pricing_type":"fixed","tiered_pricing_fixed_rules":[],"tiered_pricing_product_settings":{"layout":"default","base_unit_name":{"singular":null,"plural":null},"default_variation":null},"tiered_pricing_minimum_quantity":null,"tiered_pricing_roles_data":[],"tiered_pricing_percentage_rules":[],"_links":{"self":[{"href":"https:\/\/luxpro.pt\/es\/wp-json\/wp\/v2\/product\/12170","targetHints":{"allow":["GET"]}}],"collection":[{"href":"https:\/\/luxpro.pt\/es\/wp-json\/wp\/v2\/product"}],"about":[{"href":"https:\/\/luxpro.pt\/es\/wp-json\/wp\/v2\/types\/product"}],"replies":[{"embeddable":true,"href":"https:\/\/luxpro.pt\/es\/wp-json\/wp\/v2\/comments?post=12170"}],"wp:featuredmedia":[{"embeddable":true,"href":"https:\/\/luxpro.pt\/es\/wp-json\/wp\/v2\/media\/12180"}],"wp:attachment":[{"href":"https:\/\/luxpro.pt\/es\/wp-json\/wp\/v2\/media?parent=12170"}],"wp:term":[{"taxonomy":"product_brand","embeddable":true,"href":"https:\/\/luxpro.pt\/es\/wp-json\/wp\/v2\/product_brand?post=12170"},{"taxonomy":"product_cat","embeddable":true,"href":"https:\/\/luxpro.pt\/es\/wp-json\/wp\/v2\/product_cat?post=12170"},{"taxonomy":"product_tag","embeddable":true,"href":"https:\/\/luxpro.pt\/es\/wp-json\/wp\/v2\/product_tag?post=12170"}],"curies":[{"name":"wp","href":"https:\/\/api.w.org\/{rel}","templated":true}]}}