{"id":12187,"date":"2023-10-25T12:16:11","date_gmt":"2023-10-25T11:16:11","guid":{"rendered":"https:\/\/luxpro.pt\/?post_type=product&#038;p=12187"},"modified":"2024-09-24T20:38:31","modified_gmt":"2024-09-24T19:38:31","slug":"modulo-interruptor-c-2-canais-p-autom-wi-fi-bt-c-med-cons-e-contr-estores-shelly-plus-2pm","status":"publish","type":"product","link":"https:\/\/luxpro.pt\/es\/produto\/modulo-interruptor-c-2-canais-p-autom-wi-fi-bt-c-med-cons-e-contr-estores-shelly-plus-2pm","title":{"rendered":"M\u00f3dulo Interruptor c\/ 2 Canais p\/ Autom. Wi-Fi\/BT c\/ Med. Cons. e Contr. Estores &#8211; Shelly Plus 2PM"},"content":{"rendered":"<p>Shelly Plus 2PM \u00e9 um rel\u00e9 inteligente monof\u00e1sico de dois canais que suporta at\u00e9 10A por canal e 16A de corrente total (pico de 18A). Est\u00e1 equipado com dois medidores de pot\u00eancia para cada canal e uma fun\u00e7\u00e3o de prote\u00e7\u00e3o de sobrepot\u00eancia para limitar o consumo de energia. O controle de cobertura (rolo) permite o controle e monitoramento de persianas, persianas, cortinas, port\u00f5es ou outros motores CA bidirecionais.<\/p>\n<p>&#8211; Conex\u00e3o por Wi-Fi &#8211; conecta-se \u00e0 sua rede Wi-Fi. N\u00e3o \u00e9 necess\u00e1rio HUB!<br \/>\n&#8211; Bluetooth &#8211; Adicione dispositivos de forma r\u00e1pida e f\u00e1cil via conex\u00e3o Bluetooth, usando o aplicativo Shelly Cloud<br \/>\n&#8211; 2 canais na mesma fase<br \/>\n&#8211; Medi\u00e7\u00e3o de pot\u00eancia em cada canal<br \/>\n&#8211; Controle de cobertura (rolo) &#8211; automatize e ajuste a posi\u00e7\u00e3o de persianas, persianas, port\u00f5es, cortinas, toldos, portas de correr, outros motores bidirecionais<br \/>\n&#8211; Ampla gama de suporte de tens\u00e3o<br \/>\n&#8211; Scripts, schedules e webhooks<\/p>\n<p>&#8211; Fonte de alimenta\u00e7\u00e3o AC: 110-240V \u00b110%, 50\/60Hz<br \/>\n&#8211; Fonte de alimenta\u00e7\u00e3o DC: 24 V \u00b110%<br \/>\n&#8211; Canais: 2<br \/>\n&#8211; M\u00e1x. corrente por canal: 10A<br \/>\n&#8211; M\u00e1x. corrente total do dispositivo: 16A (pico de 18A)<br \/>\n&#8211; M\u00e1x. tens\u00e3o de comuta\u00e7\u00e3o: 240 VCA \/ 30 VCC<br \/>\n&#8211; Contactos secos: N\u00e3o<br \/>\n&#8211; Controle de cobertura (rolo): Sim, com controle de posi\u00e7\u00e3o &#8211; persianas, persianas, toldos, cortinas, port\u00f5es, persianas, porta de correr, porta de garagem, motores AC bidirecionais<br \/>\n&#8211; Prote\u00e7\u00e3o de sobrecarga: Sim<br \/>\n&#8211; Medi\u00e7\u00e3o de pot\u00eancia: Sim<br \/>\n&#8211; Prote\u00e7\u00e3o contra sobretemperatura: Sim<br \/>\n&#8211; Trabalha sem linha neutra: N\u00e3o<br \/>\n&#8211; HTTP\/HTTPS webhooks: Sim<br \/>\n&#8211; Scripts personalizados (mJs): Sim<br \/>\n&#8211; Temperatura de opera\u00e7\u00e3o: -20\u00b0C a + 40\u00b0C<br \/>\n&#8211; Consumo de energia do dispositivo: &lt; 1,4 W<br \/>\n&#8211; Controle local e remoto: Sim<br \/>\n&#8211; Nascer do sol\/ p\u00f4r do sol: Sim<br \/>\n&#8211; Hor\u00e1rio semanal: Sim<br \/>\n&#8211; Op\u00e7\u00e3o listada pela UL: N\u00e3o<br \/>\n&#8211; Protocolo Wi-Fi: 802.11 b\/g\/n<br \/>\n&#8211; Frequ\u00eancia de r\u00e1dio Wi-Fi: 2400 \u0096 2500 MHz<br \/>\n&#8211; Pot\u00eancia do sinal de r\u00e1dio Wi-Fi: 1mW<br \/>\n&#8211; Alcance Wi-Fi: at\u00e9 50 m no exterior e at\u00e9 30 m no interior (dependendo dos materiais de constru\u00e7\u00e3o)<br \/>\n&#8211; Dimens\u00f5es: 42 x 38 x 17mm<\/p>\n","protected":false},"excerpt":{"rendered":"<p>Shelly Plus 2PM \u00e9 um rel\u00e9 inteligente monof\u00e1sico de dois canais que suporta at\u00e9 10A por canal e 16A de corrente total (pico de 18A). Est\u00e1 equipado com dois medidores de pot\u00eancia para cada canal e uma fun\u00e7\u00e3o de prote\u00e7\u00e3o de sobrepot\u00eancia para limitar o consumo de energia. O controle de cobertura (rolo) permite o controle e monitoramento de persianas, [&hellip;]<\/p>\n","protected":false},"featured_media":12191,"comment_status":"open","ping_status":"closed","template":"","meta":[],"product_brand":[],"product_cat":[28],"product_tag":[2776,2781,2780],"class_list":{"0":"post-12187","1":"product","2":"type-product","3":"status-publish","4":"has-post-thumbnail","6":"product_cat-componentes-electricos-e-industriais","7":"product_tag-shelly","8":"product_tag-shelly-2pm","9":"product_tag-sistemas-automacao","11":"first","12":"instock","13":"taxable","14":"shipping-taxable","15":"purchasable","16":"product-type-simple"},"yoast_head":"<!-- This site is optimized with the Yoast SEO plugin v26.5 - https:\/\/yoast.com\/wordpress\/plugins\/seo\/ -->\n<title>M\u00f3dulo Interruptor c\/ 2 Canais p\/ Autom. Wi-Fi\/BT c\/ Med. Cons. e Contr. Estores - Shelly Plus 2PM - LuxPro<\/title>\n<meta name=\"description\" content=\"Shelly Plus 2PM \u00e9 um rel\u00e9 inteligente monof\u00e1sico de dois canais que suporta at\u00e9 10A por canal e 16A de corrente total (pico de 18A). Est\u00e1 equipado com\" \/>\n<meta name=\"robots\" content=\"index, follow, max-snippet:-1, max-image-preview:large, max-video-preview:-1\" \/>\n<link rel=\"canonical\" href=\"https:\/\/luxpro.pt\/es\/produto\/modulo-interruptor-c-2-canais-p-autom-wi-fi-bt-c-med-cons-e-contr-estores-shelly-plus-2pm\" \/>\n<meta property=\"og:locale\" content=\"es_ES\" \/>\n<meta property=\"og:type\" content=\"article\" \/>\n<meta property=\"og:title\" content=\"M\u00f3dulo Interruptor c\/ 2 Canais p\/ Autom. Wi-Fi\/BT c\/ Med. Cons. e Contr. Estores - Shelly Plus 2PM - LuxPro\" \/>\n<meta property=\"og:description\" content=\"Shelly Plus 2PM \u00e9 um rel\u00e9 inteligente monof\u00e1sico de dois canais que suporta at\u00e9 10A por canal e 16A de corrente total (pico de 18A). Est\u00e1 equipado com\" \/>\n<meta property=\"og:url\" content=\"https:\/\/luxpro.pt\/es\/produto\/modulo-interruptor-c-2-canais-p-autom-wi-fi-bt-c-med-cons-e-contr-estores-shelly-plus-2pm\" \/>\n<meta property=\"og:site_name\" content=\"LuxPro\" \/>\n<meta property=\"article:modified_time\" content=\"2024-09-24T19:38:31+00:00\" \/>\n<meta property=\"og:image\" content=\"https:\/\/luxpro.pt\/wp-content\/uploads\/2023\/10\/shelly2pmplus.png\" \/>\n\t<meta property=\"og:image:width\" content=\"800\" \/>\n\t<meta property=\"og:image:height\" content=\"800\" \/>\n\t<meta property=\"og:image:type\" content=\"image\/png\" \/>\n<meta name=\"twitter:card\" content=\"summary_large_image\" \/>\n<meta name=\"twitter:label1\" content=\"Tiempo de lectura\" \/>\n\t<meta name=\"twitter:data1\" content=\"2 minutos\" \/>\n<script type=\"application\/ld+json\" class=\"yoast-schema-graph\">{\"@context\":\"https:\/\/schema.org\",\"@graph\":[{\"@type\":\"WebPage\",\"@id\":\"https:\/\/luxpro.pt\/es\/produto\/modulo-interruptor-c-2-canais-p-autom-wi-fi-bt-c-med-cons-e-contr-estores-shelly-plus-2pm\",\"url\":\"https:\/\/luxpro.pt\/es\/produto\/modulo-interruptor-c-2-canais-p-autom-wi-fi-bt-c-med-cons-e-contr-estores-shelly-plus-2pm\",\"name\":\"M\u00f3dulo Interruptor c\/ 2 Canais p\/ Autom. Wi-Fi\/BT c\/ Med. Cons. e Contr. Estores - Shelly Plus 2PM - LuxPro\",\"isPartOf\":{\"@id\":\"https:\/\/luxpro.pt\/es#website\"},\"primaryImageOfPage\":{\"@id\":\"https:\/\/luxpro.pt\/es\/produto\/modulo-interruptor-c-2-canais-p-autom-wi-fi-bt-c-med-cons-e-contr-estores-shelly-plus-2pm#primaryimage\"},\"image\":{\"@id\":\"https:\/\/luxpro.pt\/es\/produto\/modulo-interruptor-c-2-canais-p-autom-wi-fi-bt-c-med-cons-e-contr-estores-shelly-plus-2pm#primaryimage\"},\"thumbnailUrl\":\"https:\/\/luxpro.pt\/wp-content\/uploads\/2023\/10\/shelly2pmplus.png\",\"datePublished\":\"2023-10-25T11:16:11+00:00\",\"dateModified\":\"2024-09-24T19:38:31+00:00\",\"description\":\"Shelly Plus 2PM \u00e9 um rel\u00e9 inteligente monof\u00e1sico de dois canais que suporta at\u00e9 10A por canal e 16A de corrente total (pico de 18A). Est\u00e1 equipado com\",\"breadcrumb\":{\"@id\":\"https:\/\/luxpro.pt\/es\/produto\/modulo-interruptor-c-2-canais-p-autom-wi-fi-bt-c-med-cons-e-contr-estores-shelly-plus-2pm#breadcrumb\"},\"inLanguage\":\"es\",\"potentialAction\":[{\"@type\":\"ReadAction\",\"target\":[\"https:\/\/luxpro.pt\/es\/produto\/modulo-interruptor-c-2-canais-p-autom-wi-fi-bt-c-med-cons-e-contr-estores-shelly-plus-2pm\"]}]},{\"@type\":\"ImageObject\",\"inLanguage\":\"es\",\"@id\":\"https:\/\/luxpro.pt\/es\/produto\/modulo-interruptor-c-2-canais-p-autom-wi-fi-bt-c-med-cons-e-contr-estores-shelly-plus-2pm#primaryimage\",\"url\":\"https:\/\/luxpro.pt\/wp-content\/uploads\/2023\/10\/shelly2pmplus.png\",\"contentUrl\":\"https:\/\/luxpro.pt\/wp-content\/uploads\/2023\/10\/shelly2pmplus.png\",\"width\":800,\"height\":800},{\"@type\":\"BreadcrumbList\",\"@id\":\"https:\/\/luxpro.pt\/es\/produto\/modulo-interruptor-c-2-canais-p-autom-wi-fi-bt-c-med-cons-e-contr-estores-shelly-plus-2pm#breadcrumb\",\"itemListElement\":[{\"@type\":\"ListItem\",\"position\":1,\"name\":\"In\u00edcio\",\"item\":\"https:\/\/luxpro.pt\/es\"},{\"@type\":\"ListItem\",\"position\":2,\"name\":\"Loja\",\"item\":\"https:\/\/luxpro.pt\/loja\"},{\"@type\":\"ListItem\",\"position\":3,\"name\":\"M\u00f3dulo Interruptor c\/ 2 Canais p\/ Autom. Wi-Fi\/BT c\/ Med. Cons. e Contr. Estores &#8211; Shelly Plus 2PM\"}]},{\"@type\":\"WebSite\",\"@id\":\"https:\/\/luxpro.pt\/es#website\",\"url\":\"https:\/\/luxpro.pt\/es\",\"name\":\"LuxPro\",\"description\":\"\",\"publisher\":{\"@id\":\"https:\/\/luxpro.pt\/es#\/schema\/person\/2d1bed59a52ad49be71622bef025e341\"},\"potentialAction\":[{\"@type\":\"SearchAction\",\"target\":{\"@type\":\"EntryPoint\",\"urlTemplate\":\"https:\/\/luxpro.pt\/es?s={search_term_string}\"},\"query-input\":{\"@type\":\"PropertyValueSpecification\",\"valueRequired\":true,\"valueName\":\"search_term_string\"}}],\"inLanguage\":\"es\"},{\"@type\":[\"Person\",\"Organization\"],\"@id\":\"https:\/\/luxpro.pt\/es#\/schema\/person\/2d1bed59a52ad49be71622bef025e341\",\"name\":\"Tiago Amadeu Ferreira\",\"image\":{\"@type\":\"ImageObject\",\"inLanguage\":\"es\",\"@id\":\"https:\/\/luxpro.pt\/es#\/schema\/person\/image\/\",\"url\":\"https:\/\/luxpro.pt\/wp-content\/uploads\/2017\/11\/logo.jpg\",\"contentUrl\":\"https:\/\/luxpro.pt\/wp-content\/uploads\/2017\/11\/logo.jpg\",\"width\":150,\"height\":33,\"caption\":\"Tiago Amadeu Ferreira\"},\"logo\":{\"@id\":\"https:\/\/luxpro.pt\/es#\/schema\/person\/image\/\"}}]}<\/script>\n<!-- \/ Yoast SEO plugin. -->","yoast_head_json":{"title":"M\u00f3dulo Interruptor c\/ 2 Canais p\/ Autom. Wi-Fi\/BT c\/ Med. Cons. e Contr. Estores - Shelly Plus 2PM - LuxPro","description":"Shelly Plus 2PM \u00e9 um rel\u00e9 inteligente monof\u00e1sico de dois canais que suporta at\u00e9 10A por canal e 16A de corrente total (pico de 18A). Est\u00e1 equipado com","robots":{"index":"index","follow":"follow","max-snippet":"max-snippet:-1","max-image-preview":"max-image-preview:large","max-video-preview":"max-video-preview:-1"},"canonical":"https:\/\/luxpro.pt\/es\/produto\/modulo-interruptor-c-2-canais-p-autom-wi-fi-bt-c-med-cons-e-contr-estores-shelly-plus-2pm","og_locale":"es_ES","og_type":"article","og_title":"M\u00f3dulo Interruptor c\/ 2 Canais p\/ Autom. Wi-Fi\/BT c\/ Med. Cons. e Contr. Estores - Shelly Plus 2PM - LuxPro","og_description":"Shelly Plus 2PM \u00e9 um rel\u00e9 inteligente monof\u00e1sico de dois canais que suporta at\u00e9 10A por canal e 16A de corrente total (pico de 18A). Est\u00e1 equipado com","og_url":"https:\/\/luxpro.pt\/es\/produto\/modulo-interruptor-c-2-canais-p-autom-wi-fi-bt-c-med-cons-e-contr-estores-shelly-plus-2pm","og_site_name":"LuxPro","article_modified_time":"2024-09-24T19:38:31+00:00","og_image":[{"width":800,"height":800,"url":"https:\/\/luxpro.pt\/wp-content\/uploads\/2023\/10\/shelly2pmplus.png","type":"image\/png"}],"twitter_card":"summary_large_image","twitter_misc":{"Tiempo de lectura":"2 minutos"},"schema":{"@context":"https:\/\/schema.org","@graph":[{"@type":"WebPage","@id":"https:\/\/luxpro.pt\/es\/produto\/modulo-interruptor-c-2-canais-p-autom-wi-fi-bt-c-med-cons-e-contr-estores-shelly-plus-2pm","url":"https:\/\/luxpro.pt\/es\/produto\/modulo-interruptor-c-2-canais-p-autom-wi-fi-bt-c-med-cons-e-contr-estores-shelly-plus-2pm","name":"M\u00f3dulo Interruptor c\/ 2 Canais p\/ Autom. Wi-Fi\/BT c\/ Med. Cons. e Contr. Estores - Shelly Plus 2PM - LuxPro","isPartOf":{"@id":"https:\/\/luxpro.pt\/es#website"},"primaryImageOfPage":{"@id":"https:\/\/luxpro.pt\/es\/produto\/modulo-interruptor-c-2-canais-p-autom-wi-fi-bt-c-med-cons-e-contr-estores-shelly-plus-2pm#primaryimage"},"image":{"@id":"https:\/\/luxpro.pt\/es\/produto\/modulo-interruptor-c-2-canais-p-autom-wi-fi-bt-c-med-cons-e-contr-estores-shelly-plus-2pm#primaryimage"},"thumbnailUrl":"https:\/\/luxpro.pt\/wp-content\/uploads\/2023\/10\/shelly2pmplus.png","datePublished":"2023-10-25T11:16:11+00:00","dateModified":"2024-09-24T19:38:31+00:00","description":"Shelly Plus 2PM \u00e9 um rel\u00e9 inteligente monof\u00e1sico de dois canais que suporta at\u00e9 10A por canal e 16A de corrente total (pico de 18A). Est\u00e1 equipado com","breadcrumb":{"@id":"https:\/\/luxpro.pt\/es\/produto\/modulo-interruptor-c-2-canais-p-autom-wi-fi-bt-c-med-cons-e-contr-estores-shelly-plus-2pm#breadcrumb"},"inLanguage":"es","potentialAction":[{"@type":"ReadAction","target":["https:\/\/luxpro.pt\/es\/produto\/modulo-interruptor-c-2-canais-p-autom-wi-fi-bt-c-med-cons-e-contr-estores-shelly-plus-2pm"]}]},{"@type":"ImageObject","inLanguage":"es","@id":"https:\/\/luxpro.pt\/es\/produto\/modulo-interruptor-c-2-canais-p-autom-wi-fi-bt-c-med-cons-e-contr-estores-shelly-plus-2pm#primaryimage","url":"https:\/\/luxpro.pt\/wp-content\/uploads\/2023\/10\/shelly2pmplus.png","contentUrl":"https:\/\/luxpro.pt\/wp-content\/uploads\/2023\/10\/shelly2pmplus.png","width":800,"height":800},{"@type":"BreadcrumbList","@id":"https:\/\/luxpro.pt\/es\/produto\/modulo-interruptor-c-2-canais-p-autom-wi-fi-bt-c-med-cons-e-contr-estores-shelly-plus-2pm#breadcrumb","itemListElement":[{"@type":"ListItem","position":1,"name":"In\u00edcio","item":"https:\/\/luxpro.pt\/es"},{"@type":"ListItem","position":2,"name":"Loja","item":"https:\/\/luxpro.pt\/loja"},{"@type":"ListItem","position":3,"name":"M\u00f3dulo Interruptor c\/ 2 Canais p\/ Autom. Wi-Fi\/BT c\/ Med. Cons. e Contr. Estores &#8211; Shelly Plus 2PM"}]},{"@type":"WebSite","@id":"https:\/\/luxpro.pt\/es#website","url":"https:\/\/luxpro.pt\/es","name":"LuxPro","description":"","publisher":{"@id":"https:\/\/luxpro.pt\/es#\/schema\/person\/2d1bed59a52ad49be71622bef025e341"},"potentialAction":[{"@type":"SearchAction","target":{"@type":"EntryPoint","urlTemplate":"https:\/\/luxpro.pt\/es?s={search_term_string}"},"query-input":{"@type":"PropertyValueSpecification","valueRequired":true,"valueName":"search_term_string"}}],"inLanguage":"es"},{"@type":["Person","Organization"],"@id":"https:\/\/luxpro.pt\/es#\/schema\/person\/2d1bed59a52ad49be71622bef025e341","name":"Tiago Amadeu Ferreira","image":{"@type":"ImageObject","inLanguage":"es","@id":"https:\/\/luxpro.pt\/es#\/schema\/person\/image\/","url":"https:\/\/luxpro.pt\/wp-content\/uploads\/2017\/11\/logo.jpg","contentUrl":"https:\/\/luxpro.pt\/wp-content\/uploads\/2017\/11\/logo.jpg","width":150,"height":33,"caption":"Tiago Amadeu Ferreira"},"logo":{"@id":"https:\/\/luxpro.pt\/es#\/schema\/person\/image\/"}}]}},"tiered_pricing_type":"fixed","tiered_pricing_fixed_rules":[],"tiered_pricing_product_settings":{"layout":"default","base_unit_name":{"singular":null,"plural":null},"default_variation":null},"tiered_pricing_minimum_quantity":null,"tiered_pricing_roles_data":[],"tiered_pricing_percentage_rules":[],"_links":{"self":[{"href":"https:\/\/luxpro.pt\/es\/wp-json\/wp\/v2\/product\/12187","targetHints":{"allow":["GET"]}}],"collection":[{"href":"https:\/\/luxpro.pt\/es\/wp-json\/wp\/v2\/product"}],"about":[{"href":"https:\/\/luxpro.pt\/es\/wp-json\/wp\/v2\/types\/product"}],"replies":[{"embeddable":true,"href":"https:\/\/luxpro.pt\/es\/wp-json\/wp\/v2\/comments?post=12187"}],"wp:featuredmedia":[{"embeddable":true,"href":"https:\/\/luxpro.pt\/es\/wp-json\/wp\/v2\/media\/12191"}],"wp:attachment":[{"href":"https:\/\/luxpro.pt\/es\/wp-json\/wp\/v2\/media?parent=12187"}],"wp:term":[{"taxonomy":"product_brand","embeddable":true,"href":"https:\/\/luxpro.pt\/es\/wp-json\/wp\/v2\/product_brand?post=12187"},{"taxonomy":"product_cat","embeddable":true,"href":"https:\/\/luxpro.pt\/es\/wp-json\/wp\/v2\/product_cat?post=12187"},{"taxonomy":"product_tag","embeddable":true,"href":"https:\/\/luxpro.pt\/es\/wp-json\/wp\/v2\/product_tag?post=12187"}],"curies":[{"name":"wp","href":"https:\/\/api.w.org\/{rel}","templated":true}]}}