{"id":12321,"date":"2023-11-09T11:52:51","date_gmt":"2023-11-09T11:52:51","guid":{"rendered":"https:\/\/luxpro.pt\/?post_type=product&#038;p=12321"},"modified":"2024-01-03T11:36:11","modified_gmt":"2024-01-03T11:36:11","slug":"ficha-macho-ip67-3ptn-63a-400v","status":"publish","type":"product","link":"https:\/\/luxpro.pt\/es\/produto\/ficha-macho-ip67-3ptn-63a-400v","title":{"rendered":"Ficha Macho IP67 3P+T+N 63A 400V"},"content":{"rendered":"<p id=\"DetailText\"><span>Plugue CEE 63A 5p 6h IP67 POWER TWIST<\/span><br \/>\n<span>material da caixa: PA6<\/span><br \/>\n<span>corrente nominal: 63A<\/span><br \/>\n<span>n\u00famero de p\u00f3los: 5 (3P+N+PE)<\/span><br \/>\n<span>posi\u00e7\u00e3o do rel\u00f3gio: 6h<\/span><br \/>\n<span>tens\u00e3o\/frequ\u00eancia nominal: 200\/346V~ &#8211; 240\/415V~ \/ 50 Contatos\u00a0+60Hz<\/span><br \/>\n<span>: lat\u00e3o niquelado, com<\/span><br \/>\n<span>tecnologia de conex\u00e3o de pino piloto: terminais de estrutura com parafusos<\/span><br \/>\n<span>Classe de prote\u00e7\u00e3o IP: IP66\/IP67<\/span><\/p>\n<p>&nbsp;<\/p>\n","protected":false},"excerpt":{"rendered":"<p>Plugue CEE 63A 5p 6h IP67 POWER TWIST material da caixa: PA6 corrente nominal: 63A n\u00famero de p\u00f3los: 5 (3P+N+PE) posi\u00e7\u00e3o do rel\u00f3gio: 6h tens\u00e3o\/frequ\u00eancia nominal: 200\/346V~ &#8211; 240\/415V~ \/ 50 Contatos\u00a0+60Hz : lat\u00e3o niquelado, com tecnologia de conex\u00e3o de pino piloto: terminais de estrutura com parafusos Classe de prote\u00e7\u00e3o IP: IP66\/IP67 &nbsp;<\/p>\n","protected":false},"featured_media":12323,"comment_status":"open","ping_status":"closed","template":"","meta":[],"product_brand":[],"product_cat":[2854,682],"product_tag":[],"class_list":{"0":"post-12321","1":"product","2":"type-product","3":"status-publish","4":"has-post-thumbnail","6":"product_cat-fichas-macho-cee","7":"product_cat-material-cee","9":"first","10":"instock","11":"taxable","12":"shipping-taxable","13":"purchasable","14":"product-type-simple"},"yoast_head":"<!-- This site is optimized with the Yoast SEO plugin v26.5 - https:\/\/yoast.com\/wordpress\/plugins\/seo\/ -->\n<title>Ficha Macho IP67 3P+T+N 63A 400V - LuxPro<\/title>\n<meta name=\"description\" content=\"Plugue CEE 63A 5p 6h IP67 POWER TWIST material da caixa: PA6 corrente nominal: 63A n\u00famero de p\u00f3los: 5 (3P+N+PE) posi\u00e7\u00e3o do rel\u00f3gio: 6h tens\u00e3o\/frequ\u00eancia\" \/>\n<meta name=\"robots\" content=\"index, follow, max-snippet:-1, max-image-preview:large, max-video-preview:-1\" \/>\n<link rel=\"canonical\" href=\"https:\/\/luxpro.pt\/es\/produto\/ficha-macho-ip67-3ptn-63a-400v\" \/>\n<meta property=\"og:locale\" content=\"es_ES\" \/>\n<meta property=\"og:type\" content=\"article\" \/>\n<meta property=\"og:title\" content=\"Ficha Macho IP67 3P+T+N 63A 400V - LuxPro\" \/>\n<meta property=\"og:description\" content=\"Plugue CEE 63A 5p 6h IP67 POWER TWIST material da caixa: PA6 corrente nominal: 63A n\u00famero de p\u00f3los: 5 (3P+N+PE) posi\u00e7\u00e3o do rel\u00f3gio: 6h tens\u00e3o\/frequ\u00eancia\" \/>\n<meta property=\"og:url\" content=\"https:\/\/luxpro.pt\/es\/produto\/ficha-macho-ip67-3ptn-63a-400v\" \/>\n<meta property=\"og:site_name\" content=\"LuxPro\" \/>\n<meta property=\"article:modified_time\" content=\"2024-01-03T11:36:11+00:00\" \/>\n<meta property=\"og:image\" content=\"https:\/\/luxpro.pt\/wp-content\/uploads\/2023\/11\/035-6_zoom_52e90ff07b18089be6812b0f07aaaf49.jpeg\" \/>\n\t<meta property=\"og:image:width\" content=\"270\" \/>\n\t<meta property=\"og:image:height\" content=\"270\" \/>\n\t<meta property=\"og:image:type\" content=\"image\/jpeg\" \/>\n<meta name=\"twitter:card\" content=\"summary_large_image\" \/>\n<meta name=\"twitter:label1\" content=\"Tiempo de lectura\" \/>\n\t<meta name=\"twitter:data1\" content=\"1 minuto\" \/>\n<script type=\"application\/ld+json\" class=\"yoast-schema-graph\">{\"@context\":\"https:\/\/schema.org\",\"@graph\":[{\"@type\":\"WebPage\",\"@id\":\"https:\/\/luxpro.pt\/es\/produto\/ficha-macho-ip67-3ptn-63a-400v\",\"url\":\"https:\/\/luxpro.pt\/es\/produto\/ficha-macho-ip67-3ptn-63a-400v\",\"name\":\"Ficha Macho IP67 3P+T+N 63A 400V - LuxPro\",\"isPartOf\":{\"@id\":\"https:\/\/luxpro.pt\/es#website\"},\"primaryImageOfPage\":{\"@id\":\"https:\/\/luxpro.pt\/es\/produto\/ficha-macho-ip67-3ptn-63a-400v#primaryimage\"},\"image\":{\"@id\":\"https:\/\/luxpro.pt\/es\/produto\/ficha-macho-ip67-3ptn-63a-400v#primaryimage\"},\"thumbnailUrl\":\"https:\/\/luxpro.pt\/wp-content\/uploads\/2023\/11\/035-6_zoom_52e90ff07b18089be6812b0f07aaaf49.jpeg\",\"datePublished\":\"2023-11-09T11:52:51+00:00\",\"dateModified\":\"2024-01-03T11:36:11+00:00\",\"description\":\"Plugue CEE 63A 5p 6h IP67 POWER TWIST material da caixa: PA6 corrente nominal: 63A n\u00famero de p\u00f3los: 5 (3P+N+PE) posi\u00e7\u00e3o do rel\u00f3gio: 6h tens\u00e3o\/frequ\u00eancia\",\"breadcrumb\":{\"@id\":\"https:\/\/luxpro.pt\/es\/produto\/ficha-macho-ip67-3ptn-63a-400v#breadcrumb\"},\"inLanguage\":\"es\",\"potentialAction\":[{\"@type\":\"ReadAction\",\"target\":[\"https:\/\/luxpro.pt\/es\/produto\/ficha-macho-ip67-3ptn-63a-400v\"]}]},{\"@type\":\"ImageObject\",\"inLanguage\":\"es\",\"@id\":\"https:\/\/luxpro.pt\/es\/produto\/ficha-macho-ip67-3ptn-63a-400v#primaryimage\",\"url\":\"https:\/\/luxpro.pt\/wp-content\/uploads\/2023\/11\/035-6_zoom_52e90ff07b18089be6812b0f07aaaf49.jpeg\",\"contentUrl\":\"https:\/\/luxpro.pt\/wp-content\/uploads\/2023\/11\/035-6_zoom_52e90ff07b18089be6812b0f07aaaf49.jpeg\",\"width\":270,\"height\":270},{\"@type\":\"BreadcrumbList\",\"@id\":\"https:\/\/luxpro.pt\/es\/produto\/ficha-macho-ip67-3ptn-63a-400v#breadcrumb\",\"itemListElement\":[{\"@type\":\"ListItem\",\"position\":1,\"name\":\"In\u00edcio\",\"item\":\"https:\/\/luxpro.pt\/es\"},{\"@type\":\"ListItem\",\"position\":2,\"name\":\"Loja\",\"item\":\"https:\/\/luxpro.pt\/loja\"},{\"@type\":\"ListItem\",\"position\":3,\"name\":\"Ficha Macho IP67 3P+T+N 63A 400V\"}]},{\"@type\":\"WebSite\",\"@id\":\"https:\/\/luxpro.pt\/es#website\",\"url\":\"https:\/\/luxpro.pt\/es\",\"name\":\"LuxPro\",\"description\":\"\",\"publisher\":{\"@id\":\"https:\/\/luxpro.pt\/es#\/schema\/person\/2d1bed59a52ad49be71622bef025e341\"},\"potentialAction\":[{\"@type\":\"SearchAction\",\"target\":{\"@type\":\"EntryPoint\",\"urlTemplate\":\"https:\/\/luxpro.pt\/es?s={search_term_string}\"},\"query-input\":{\"@type\":\"PropertyValueSpecification\",\"valueRequired\":true,\"valueName\":\"search_term_string\"}}],\"inLanguage\":\"es\"},{\"@type\":[\"Person\",\"Organization\"],\"@id\":\"https:\/\/luxpro.pt\/es#\/schema\/person\/2d1bed59a52ad49be71622bef025e341\",\"name\":\"Tiago Amadeu Ferreira\",\"image\":{\"@type\":\"ImageObject\",\"inLanguage\":\"es\",\"@id\":\"https:\/\/luxpro.pt\/es#\/schema\/person\/image\/\",\"url\":\"https:\/\/luxpro.pt\/wp-content\/uploads\/2017\/11\/logo.jpg\",\"contentUrl\":\"https:\/\/luxpro.pt\/wp-content\/uploads\/2017\/11\/logo.jpg\",\"width\":150,\"height\":33,\"caption\":\"Tiago Amadeu Ferreira\"},\"logo\":{\"@id\":\"https:\/\/luxpro.pt\/es#\/schema\/person\/image\/\"}}]}<\/script>\n<!-- \/ Yoast SEO plugin. -->","yoast_head_json":{"title":"Ficha Macho IP67 3P+T+N 63A 400V - LuxPro","description":"Plugue CEE 63A 5p 6h IP67 POWER TWIST material da caixa: PA6 corrente nominal: 63A n\u00famero de p\u00f3los: 5 (3P+N+PE) posi\u00e7\u00e3o do rel\u00f3gio: 6h tens\u00e3o\/frequ\u00eancia","robots":{"index":"index","follow":"follow","max-snippet":"max-snippet:-1","max-image-preview":"max-image-preview:large","max-video-preview":"max-video-preview:-1"},"canonical":"https:\/\/luxpro.pt\/es\/produto\/ficha-macho-ip67-3ptn-63a-400v","og_locale":"es_ES","og_type":"article","og_title":"Ficha Macho IP67 3P+T+N 63A 400V - LuxPro","og_description":"Plugue CEE 63A 5p 6h IP67 POWER TWIST material da caixa: PA6 corrente nominal: 63A n\u00famero de p\u00f3los: 5 (3P+N+PE) posi\u00e7\u00e3o do rel\u00f3gio: 6h tens\u00e3o\/frequ\u00eancia","og_url":"https:\/\/luxpro.pt\/es\/produto\/ficha-macho-ip67-3ptn-63a-400v","og_site_name":"LuxPro","article_modified_time":"2024-01-03T11:36:11+00:00","og_image":[{"width":270,"height":270,"url":"https:\/\/luxpro.pt\/wp-content\/uploads\/2023\/11\/035-6_zoom_52e90ff07b18089be6812b0f07aaaf49.jpeg","type":"image\/jpeg"}],"twitter_card":"summary_large_image","twitter_misc":{"Tiempo de lectura":"1 minuto"},"schema":{"@context":"https:\/\/schema.org","@graph":[{"@type":"WebPage","@id":"https:\/\/luxpro.pt\/es\/produto\/ficha-macho-ip67-3ptn-63a-400v","url":"https:\/\/luxpro.pt\/es\/produto\/ficha-macho-ip67-3ptn-63a-400v","name":"Ficha Macho IP67 3P+T+N 63A 400V - LuxPro","isPartOf":{"@id":"https:\/\/luxpro.pt\/es#website"},"primaryImageOfPage":{"@id":"https:\/\/luxpro.pt\/es\/produto\/ficha-macho-ip67-3ptn-63a-400v#primaryimage"},"image":{"@id":"https:\/\/luxpro.pt\/es\/produto\/ficha-macho-ip67-3ptn-63a-400v#primaryimage"},"thumbnailUrl":"https:\/\/luxpro.pt\/wp-content\/uploads\/2023\/11\/035-6_zoom_52e90ff07b18089be6812b0f07aaaf49.jpeg","datePublished":"2023-11-09T11:52:51+00:00","dateModified":"2024-01-03T11:36:11+00:00","description":"Plugue CEE 63A 5p 6h IP67 POWER TWIST material da caixa: PA6 corrente nominal: 63A n\u00famero de p\u00f3los: 5 (3P+N+PE) posi\u00e7\u00e3o do rel\u00f3gio: 6h tens\u00e3o\/frequ\u00eancia","breadcrumb":{"@id":"https:\/\/luxpro.pt\/es\/produto\/ficha-macho-ip67-3ptn-63a-400v#breadcrumb"},"inLanguage":"es","potentialAction":[{"@type":"ReadAction","target":["https:\/\/luxpro.pt\/es\/produto\/ficha-macho-ip67-3ptn-63a-400v"]}]},{"@type":"ImageObject","inLanguage":"es","@id":"https:\/\/luxpro.pt\/es\/produto\/ficha-macho-ip67-3ptn-63a-400v#primaryimage","url":"https:\/\/luxpro.pt\/wp-content\/uploads\/2023\/11\/035-6_zoom_52e90ff07b18089be6812b0f07aaaf49.jpeg","contentUrl":"https:\/\/luxpro.pt\/wp-content\/uploads\/2023\/11\/035-6_zoom_52e90ff07b18089be6812b0f07aaaf49.jpeg","width":270,"height":270},{"@type":"BreadcrumbList","@id":"https:\/\/luxpro.pt\/es\/produto\/ficha-macho-ip67-3ptn-63a-400v#breadcrumb","itemListElement":[{"@type":"ListItem","position":1,"name":"In\u00edcio","item":"https:\/\/luxpro.pt\/es"},{"@type":"ListItem","position":2,"name":"Loja","item":"https:\/\/luxpro.pt\/loja"},{"@type":"ListItem","position":3,"name":"Ficha Macho IP67 3P+T+N 63A 400V"}]},{"@type":"WebSite","@id":"https:\/\/luxpro.pt\/es#website","url":"https:\/\/luxpro.pt\/es","name":"LuxPro","description":"","publisher":{"@id":"https:\/\/luxpro.pt\/es#\/schema\/person\/2d1bed59a52ad49be71622bef025e341"},"potentialAction":[{"@type":"SearchAction","target":{"@type":"EntryPoint","urlTemplate":"https:\/\/luxpro.pt\/es?s={search_term_string}"},"query-input":{"@type":"PropertyValueSpecification","valueRequired":true,"valueName":"search_term_string"}}],"inLanguage":"es"},{"@type":["Person","Organization"],"@id":"https:\/\/luxpro.pt\/es#\/schema\/person\/2d1bed59a52ad49be71622bef025e341","name":"Tiago Amadeu Ferreira","image":{"@type":"ImageObject","inLanguage":"es","@id":"https:\/\/luxpro.pt\/es#\/schema\/person\/image\/","url":"https:\/\/luxpro.pt\/wp-content\/uploads\/2017\/11\/logo.jpg","contentUrl":"https:\/\/luxpro.pt\/wp-content\/uploads\/2017\/11\/logo.jpg","width":150,"height":33,"caption":"Tiago Amadeu Ferreira"},"logo":{"@id":"https:\/\/luxpro.pt\/es#\/schema\/person\/image\/"}}]}},"tiered_pricing_type":"fixed","tiered_pricing_fixed_rules":[],"tiered_pricing_product_settings":{"layout":"default","base_unit_name":{"singular":null,"plural":null},"default_variation":null},"tiered_pricing_minimum_quantity":null,"tiered_pricing_roles_data":[],"tiered_pricing_percentage_rules":[],"_links":{"self":[{"href":"https:\/\/luxpro.pt\/es\/wp-json\/wp\/v2\/product\/12321","targetHints":{"allow":["GET"]}}],"collection":[{"href":"https:\/\/luxpro.pt\/es\/wp-json\/wp\/v2\/product"}],"about":[{"href":"https:\/\/luxpro.pt\/es\/wp-json\/wp\/v2\/types\/product"}],"replies":[{"embeddable":true,"href":"https:\/\/luxpro.pt\/es\/wp-json\/wp\/v2\/comments?post=12321"}],"wp:featuredmedia":[{"embeddable":true,"href":"https:\/\/luxpro.pt\/es\/wp-json\/wp\/v2\/media\/12323"}],"wp:attachment":[{"href":"https:\/\/luxpro.pt\/es\/wp-json\/wp\/v2\/media?parent=12321"}],"wp:term":[{"taxonomy":"product_brand","embeddable":true,"href":"https:\/\/luxpro.pt\/es\/wp-json\/wp\/v2\/product_brand?post=12321"},{"taxonomy":"product_cat","embeddable":true,"href":"https:\/\/luxpro.pt\/es\/wp-json\/wp\/v2\/product_cat?post=12321"},{"taxonomy":"product_tag","embeddable":true,"href":"https:\/\/luxpro.pt\/es\/wp-json\/wp\/v2\/product_tag?post=12321"}],"curies":[{"name":"wp","href":"https:\/\/api.w.org\/{rel}","templated":true}]}}