{"id":12874,"date":"2023-12-21T16:01:24","date_gmt":"2023-12-21T16:01:24","guid":{"rendered":"https:\/\/luxpro.pt\/?post_type=product&#038;p=12874"},"modified":"2025-05-21T18:45:27","modified_gmt":"2025-05-21T17:45:27","slug":"tomada-macho-encastrar-ip44-2pt-32a-400","status":"publish","type":"product","link":"https:\/\/luxpro.pt\/es\/produto\/tomada-macho-encastrar-ip44-2pt-32a-400","title":{"rendered":"Tomada Macho Encastrar IP44 2P+T 32A 400"},"content":{"rendered":"<p>Plugue flangeado CEE 70&#215;70 reto 32A 3p 6h IP44<br \/>\nmaterial da carca\u00e7a: PA6<br \/>\ncorrente nominal: 32A<br \/>\nn\u00famero de p\u00f3los: 3 (2P+PE)<br \/>\nposi\u00e7\u00e3o do rel\u00f3gio: 6h<br \/>\ntens\u00e3o\/frequ\u00eancia nominal: 200-250V~ \/ 50+60Hz<br \/>\ncontatos: lat\u00e3o<br \/>\ntecnologia de conex\u00e3o: terminais de parafuso<br \/>\ndimens\u00f5es (flange\/centro de fixa\u00e7\u00e3o): 70&#215;70 mm \/ 56&#215;56 mm<br \/>\nprote\u00e7\u00e3o IP classe: IP44<\/p>\n","protected":false},"excerpt":{"rendered":"<p>Plugue flangeado CEE 70&#215;70 reto 32A 3p 6h IP44 material da carca\u00e7a: PA6 corrente nominal: 32A n\u00famero de p\u00f3los: 3 (2P+PE) posi\u00e7\u00e3o do rel\u00f3gio: 6h tens\u00e3o\/frequ\u00eancia nominal: 200-250V~ \/ 50+60Hz contatos: lat\u00e3o tecnologia de conex\u00e3o: terminais de parafuso dimens\u00f5es (flange\/centro de fixa\u00e7\u00e3o): 70&#215;70 mm \/ 56&#215;56 mm prote\u00e7\u00e3o IP classe: IP44<\/p>\n","protected":false},"featured_media":12875,"comment_status":"open","ping_status":"closed","template":"","meta":[],"product_brand":[],"product_cat":[2855],"product_tag":[],"class_list":{"0":"post-12874","1":"product","2":"type-product","3":"status-publish","4":"has-post-thumbnail","6":"product_cat-tomadas-macho-encastrar-cee","8":"first","9":"outofstock","10":"taxable","11":"shipping-taxable","12":"purchasable","13":"product-type-simple"},"yoast_head":"<!-- This site is optimized with the Yoast SEO plugin v26.5 - https:\/\/yoast.com\/wordpress\/plugins\/seo\/ -->\n<title>Tomada Macho Encastrar IP44 2P+T 32A 400 - LuxPro<\/title>\n<meta name=\"description\" content=\"Plugue flangeado CEE 70x70 reto 32A 3p 6h IP44 material da carca\u00e7a: PA6 corrente nominal: 32A n\u00famero de p\u00f3los: 3 (2P+PE) posi\u00e7\u00e3o do rel\u00f3gio: 6h\" \/>\n<meta name=\"robots\" content=\"index, follow, max-snippet:-1, max-image-preview:large, max-video-preview:-1\" \/>\n<link rel=\"canonical\" href=\"https:\/\/luxpro.pt\/es\/produto\/tomada-macho-encastrar-ip44-2pt-32a-400\" \/>\n<meta property=\"og:locale\" content=\"es_ES\" \/>\n<meta property=\"og:type\" content=\"article\" \/>\n<meta property=\"og:title\" content=\"Tomada Macho Encastrar IP44 2P+T 32A 400 - LuxPro\" \/>\n<meta property=\"og:description\" content=\"Plugue flangeado CEE 70x70 reto 32A 3p 6h IP44 material da carca\u00e7a: PA6 corrente nominal: 32A n\u00famero de p\u00f3los: 3 (2P+PE) posi\u00e7\u00e3o do rel\u00f3gio: 6h\" \/>\n<meta property=\"og:url\" content=\"https:\/\/luxpro.pt\/es\/produto\/tomada-macho-encastrar-ip44-2pt-32a-400\" \/>\n<meta property=\"og:site_name\" content=\"LuxPro\" \/>\n<meta property=\"article:modified_time\" content=\"2025-05-21T17:45:27+00:00\" \/>\n<meta property=\"og:image\" content=\"https:\/\/luxpro.pt\/wp-content\/uploads\/2023\/12\/623-6_zoom_d907aa3e24440e4456f4d5c4d1e9c7a2.jpg\" \/>\n\t<meta property=\"og:image:width\" content=\"270\" \/>\n\t<meta property=\"og:image:height\" content=\"270\" \/>\n\t<meta property=\"og:image:type\" content=\"image\/jpeg\" \/>\n<meta name=\"twitter:card\" content=\"summary_large_image\" \/>\n<meta name=\"twitter:label1\" content=\"Tiempo de lectura\" \/>\n\t<meta name=\"twitter:data1\" content=\"1 minuto\" \/>\n<script type=\"application\/ld+json\" class=\"yoast-schema-graph\">{\"@context\":\"https:\/\/schema.org\",\"@graph\":[{\"@type\":\"WebPage\",\"@id\":\"https:\/\/luxpro.pt\/es\/produto\/tomada-macho-encastrar-ip44-2pt-32a-400\",\"url\":\"https:\/\/luxpro.pt\/es\/produto\/tomada-macho-encastrar-ip44-2pt-32a-400\",\"name\":\"Tomada Macho Encastrar IP44 2P+T 32A 400 - LuxPro\",\"isPartOf\":{\"@id\":\"https:\/\/luxpro.pt\/es#website\"},\"primaryImageOfPage\":{\"@id\":\"https:\/\/luxpro.pt\/es\/produto\/tomada-macho-encastrar-ip44-2pt-32a-400#primaryimage\"},\"image\":{\"@id\":\"https:\/\/luxpro.pt\/es\/produto\/tomada-macho-encastrar-ip44-2pt-32a-400#primaryimage\"},\"thumbnailUrl\":\"https:\/\/luxpro.pt\/wp-content\/uploads\/2023\/12\/623-6_zoom_d907aa3e24440e4456f4d5c4d1e9c7a2.jpg\",\"datePublished\":\"2023-12-21T16:01:24+00:00\",\"dateModified\":\"2025-05-21T17:45:27+00:00\",\"description\":\"Plugue flangeado CEE 70x70 reto 32A 3p 6h IP44 material da carca\u00e7a: PA6 corrente nominal: 32A n\u00famero de p\u00f3los: 3 (2P+PE) posi\u00e7\u00e3o do rel\u00f3gio: 6h\",\"breadcrumb\":{\"@id\":\"https:\/\/luxpro.pt\/es\/produto\/tomada-macho-encastrar-ip44-2pt-32a-400#breadcrumb\"},\"inLanguage\":\"es\",\"potentialAction\":[{\"@type\":\"ReadAction\",\"target\":[\"https:\/\/luxpro.pt\/es\/produto\/tomada-macho-encastrar-ip44-2pt-32a-400\"]}]},{\"@type\":\"ImageObject\",\"inLanguage\":\"es\",\"@id\":\"https:\/\/luxpro.pt\/es\/produto\/tomada-macho-encastrar-ip44-2pt-32a-400#primaryimage\",\"url\":\"https:\/\/luxpro.pt\/wp-content\/uploads\/2023\/12\/623-6_zoom_d907aa3e24440e4456f4d5c4d1e9c7a2.jpg\",\"contentUrl\":\"https:\/\/luxpro.pt\/wp-content\/uploads\/2023\/12\/623-6_zoom_d907aa3e24440e4456f4d5c4d1e9c7a2.jpg\",\"width\":270,\"height\":270},{\"@type\":\"BreadcrumbList\",\"@id\":\"https:\/\/luxpro.pt\/es\/produto\/tomada-macho-encastrar-ip44-2pt-32a-400#breadcrumb\",\"itemListElement\":[{\"@type\":\"ListItem\",\"position\":1,\"name\":\"In\u00edcio\",\"item\":\"https:\/\/luxpro.pt\/es\"},{\"@type\":\"ListItem\",\"position\":2,\"name\":\"Loja\",\"item\":\"https:\/\/luxpro.pt\/loja\"},{\"@type\":\"ListItem\",\"position\":3,\"name\":\"Tomada Macho Encastrar IP44 2P+T 32A 400\"}]},{\"@type\":\"WebSite\",\"@id\":\"https:\/\/luxpro.pt\/es#website\",\"url\":\"https:\/\/luxpro.pt\/es\",\"name\":\"LuxPro\",\"description\":\"\",\"publisher\":{\"@id\":\"https:\/\/luxpro.pt\/es#\/schema\/person\/2d1bed59a52ad49be71622bef025e341\"},\"potentialAction\":[{\"@type\":\"SearchAction\",\"target\":{\"@type\":\"EntryPoint\",\"urlTemplate\":\"https:\/\/luxpro.pt\/es?s={search_term_string}\"},\"query-input\":{\"@type\":\"PropertyValueSpecification\",\"valueRequired\":true,\"valueName\":\"search_term_string\"}}],\"inLanguage\":\"es\"},{\"@type\":[\"Person\",\"Organization\"],\"@id\":\"https:\/\/luxpro.pt\/es#\/schema\/person\/2d1bed59a52ad49be71622bef025e341\",\"name\":\"Tiago Amadeu Ferreira\",\"image\":{\"@type\":\"ImageObject\",\"inLanguage\":\"es\",\"@id\":\"https:\/\/luxpro.pt\/es#\/schema\/person\/image\/\",\"url\":\"https:\/\/luxpro.pt\/wp-content\/uploads\/2017\/11\/logo.jpg\",\"contentUrl\":\"https:\/\/luxpro.pt\/wp-content\/uploads\/2017\/11\/logo.jpg\",\"width\":150,\"height\":33,\"caption\":\"Tiago Amadeu Ferreira\"},\"logo\":{\"@id\":\"https:\/\/luxpro.pt\/es#\/schema\/person\/image\/\"}}]}<\/script>\n<!-- \/ Yoast SEO plugin. -->","yoast_head_json":{"title":"Tomada Macho Encastrar IP44 2P+T 32A 400 - LuxPro","description":"Plugue flangeado CEE 70x70 reto 32A 3p 6h IP44 material da carca\u00e7a: PA6 corrente nominal: 32A n\u00famero de p\u00f3los: 3 (2P+PE) posi\u00e7\u00e3o do rel\u00f3gio: 6h","robots":{"index":"index","follow":"follow","max-snippet":"max-snippet:-1","max-image-preview":"max-image-preview:large","max-video-preview":"max-video-preview:-1"},"canonical":"https:\/\/luxpro.pt\/es\/produto\/tomada-macho-encastrar-ip44-2pt-32a-400","og_locale":"es_ES","og_type":"article","og_title":"Tomada Macho Encastrar IP44 2P+T 32A 400 - LuxPro","og_description":"Plugue flangeado CEE 70x70 reto 32A 3p 6h IP44 material da carca\u00e7a: PA6 corrente nominal: 32A n\u00famero de p\u00f3los: 3 (2P+PE) posi\u00e7\u00e3o do rel\u00f3gio: 6h","og_url":"https:\/\/luxpro.pt\/es\/produto\/tomada-macho-encastrar-ip44-2pt-32a-400","og_site_name":"LuxPro","article_modified_time":"2025-05-21T17:45:27+00:00","og_image":[{"width":270,"height":270,"url":"https:\/\/luxpro.pt\/wp-content\/uploads\/2023\/12\/623-6_zoom_d907aa3e24440e4456f4d5c4d1e9c7a2.jpg","type":"image\/jpeg"}],"twitter_card":"summary_large_image","twitter_misc":{"Tiempo de lectura":"1 minuto"},"schema":{"@context":"https:\/\/schema.org","@graph":[{"@type":"WebPage","@id":"https:\/\/luxpro.pt\/es\/produto\/tomada-macho-encastrar-ip44-2pt-32a-400","url":"https:\/\/luxpro.pt\/es\/produto\/tomada-macho-encastrar-ip44-2pt-32a-400","name":"Tomada Macho Encastrar IP44 2P+T 32A 400 - LuxPro","isPartOf":{"@id":"https:\/\/luxpro.pt\/es#website"},"primaryImageOfPage":{"@id":"https:\/\/luxpro.pt\/es\/produto\/tomada-macho-encastrar-ip44-2pt-32a-400#primaryimage"},"image":{"@id":"https:\/\/luxpro.pt\/es\/produto\/tomada-macho-encastrar-ip44-2pt-32a-400#primaryimage"},"thumbnailUrl":"https:\/\/luxpro.pt\/wp-content\/uploads\/2023\/12\/623-6_zoom_d907aa3e24440e4456f4d5c4d1e9c7a2.jpg","datePublished":"2023-12-21T16:01:24+00:00","dateModified":"2025-05-21T17:45:27+00:00","description":"Plugue flangeado CEE 70x70 reto 32A 3p 6h IP44 material da carca\u00e7a: PA6 corrente nominal: 32A n\u00famero de p\u00f3los: 3 (2P+PE) posi\u00e7\u00e3o do rel\u00f3gio: 6h","breadcrumb":{"@id":"https:\/\/luxpro.pt\/es\/produto\/tomada-macho-encastrar-ip44-2pt-32a-400#breadcrumb"},"inLanguage":"es","potentialAction":[{"@type":"ReadAction","target":["https:\/\/luxpro.pt\/es\/produto\/tomada-macho-encastrar-ip44-2pt-32a-400"]}]},{"@type":"ImageObject","inLanguage":"es","@id":"https:\/\/luxpro.pt\/es\/produto\/tomada-macho-encastrar-ip44-2pt-32a-400#primaryimage","url":"https:\/\/luxpro.pt\/wp-content\/uploads\/2023\/12\/623-6_zoom_d907aa3e24440e4456f4d5c4d1e9c7a2.jpg","contentUrl":"https:\/\/luxpro.pt\/wp-content\/uploads\/2023\/12\/623-6_zoom_d907aa3e24440e4456f4d5c4d1e9c7a2.jpg","width":270,"height":270},{"@type":"BreadcrumbList","@id":"https:\/\/luxpro.pt\/es\/produto\/tomada-macho-encastrar-ip44-2pt-32a-400#breadcrumb","itemListElement":[{"@type":"ListItem","position":1,"name":"In\u00edcio","item":"https:\/\/luxpro.pt\/es"},{"@type":"ListItem","position":2,"name":"Loja","item":"https:\/\/luxpro.pt\/loja"},{"@type":"ListItem","position":3,"name":"Tomada Macho Encastrar IP44 2P+T 32A 400"}]},{"@type":"WebSite","@id":"https:\/\/luxpro.pt\/es#website","url":"https:\/\/luxpro.pt\/es","name":"LuxPro","description":"","publisher":{"@id":"https:\/\/luxpro.pt\/es#\/schema\/person\/2d1bed59a52ad49be71622bef025e341"},"potentialAction":[{"@type":"SearchAction","target":{"@type":"EntryPoint","urlTemplate":"https:\/\/luxpro.pt\/es?s={search_term_string}"},"query-input":{"@type":"PropertyValueSpecification","valueRequired":true,"valueName":"search_term_string"}}],"inLanguage":"es"},{"@type":["Person","Organization"],"@id":"https:\/\/luxpro.pt\/es#\/schema\/person\/2d1bed59a52ad49be71622bef025e341","name":"Tiago Amadeu Ferreira","image":{"@type":"ImageObject","inLanguage":"es","@id":"https:\/\/luxpro.pt\/es#\/schema\/person\/image\/","url":"https:\/\/luxpro.pt\/wp-content\/uploads\/2017\/11\/logo.jpg","contentUrl":"https:\/\/luxpro.pt\/wp-content\/uploads\/2017\/11\/logo.jpg","width":150,"height":33,"caption":"Tiago Amadeu Ferreira"},"logo":{"@id":"https:\/\/luxpro.pt\/es#\/schema\/person\/image\/"}}]}},"tiered_pricing_type":"fixed","tiered_pricing_fixed_rules":[],"tiered_pricing_product_settings":{"layout":"default","base_unit_name":{"singular":null,"plural":null},"default_variation":null},"tiered_pricing_minimum_quantity":null,"tiered_pricing_roles_data":[],"tiered_pricing_percentage_rules":[],"_links":{"self":[{"href":"https:\/\/luxpro.pt\/es\/wp-json\/wp\/v2\/product\/12874","targetHints":{"allow":["GET"]}}],"collection":[{"href":"https:\/\/luxpro.pt\/es\/wp-json\/wp\/v2\/product"}],"about":[{"href":"https:\/\/luxpro.pt\/es\/wp-json\/wp\/v2\/types\/product"}],"replies":[{"embeddable":true,"href":"https:\/\/luxpro.pt\/es\/wp-json\/wp\/v2\/comments?post=12874"}],"wp:featuredmedia":[{"embeddable":true,"href":"https:\/\/luxpro.pt\/es\/wp-json\/wp\/v2\/media\/12875"}],"wp:attachment":[{"href":"https:\/\/luxpro.pt\/es\/wp-json\/wp\/v2\/media?parent=12874"}],"wp:term":[{"taxonomy":"product_brand","embeddable":true,"href":"https:\/\/luxpro.pt\/es\/wp-json\/wp\/v2\/product_brand?post=12874"},{"taxonomy":"product_cat","embeddable":true,"href":"https:\/\/luxpro.pt\/es\/wp-json\/wp\/v2\/product_cat?post=12874"},{"taxonomy":"product_tag","embeddable":true,"href":"https:\/\/luxpro.pt\/es\/wp-json\/wp\/v2\/product_tag?post=12874"}],"curies":[{"name":"wp","href":"https:\/\/api.w.org\/{rel}","templated":true}]}}