{"id":13931,"date":"2024-01-23T12:52:30","date_gmt":"2024-09-25T21:58:46","guid":{"rendered":"https:\/\/luxpro.pt\/produto\/interruptor-diferencial-hager-4p-300ma\/"},"modified":"2024-09-25T22:58:46","modified_gmt":"2024-09-25T21:58:46","slug":"interruptor-diferencial-hager-4p-300ma","status":"publish","type":"product","link":"https:\/\/luxpro.pt\/es\/produto\/interruptor-diferencial-hager-4p-300ma","title":{"rendered":"Interruptor diferencial Hager 4P 300mA"},"content":{"rendered":"<p>Interruptor diferencial 4P 300mA, disponible en 25A, 40A y 63A de hager.<br \/>\nPosici\u00f3n neutra a la izquierda.<br \/>\nModo de montaje en carril DIN.<br \/>\nN\u00famero de m\u00f3dulos 4.   <\/p>\n","protected":false},"excerpt":{"rendered":"<p>Interruptor diferencial 4P 300mA, disponible en 25A, 40A y 63A de hager. Posici\u00f3n neutra a la izquierda. Modo de montaje en carril DIN. N\u00famero de m\u00f3dulos 4.<\/p>\n","protected":false},"featured_media":13056,"comment_status":"open","ping_status":"closed","template":"","meta":[],"product_brand":[],"product_cat":[2888],"product_tag":[2894,2893],"class_list":{"0":"post-13931","1":"product","2":"type-product","3":"status-publish","4":"has-post-thumbnail","6":"product_cat-hager-es","7":"product_tag-diferencial-es","8":"product_tag-hager-es","9":"pa_amperes-25a-es","10":"pa_amperes-40a-es","11":"pa_amperes-63a-es","13":"first","14":"instock","15":"taxable","16":"shipping-taxable","17":"purchasable","18":"product-type-variable"},"yoast_head":"<!-- This site is optimized with the Yoast SEO plugin v26.5 - https:\/\/yoast.com\/wordpress\/plugins\/seo\/ -->\n<title>Interruptor diferencial Hager 4P 300mA - LuxPro<\/title>\n<meta name=\"description\" content=\"Interruptor diferencial 4P 300mA, disponible en 25A, 40A y 63A de hager. Posici\u00f3n neutra a la izquierda. Modo de montaje en carril DIN. N\u00famero de m\u00f3dulos 4.\" \/>\n<meta name=\"robots\" content=\"index, follow, max-snippet:-1, max-image-preview:large, max-video-preview:-1\" \/>\n<link rel=\"canonical\" href=\"https:\/\/luxpro.pt\/es\/produto\/interruptor-diferencial-hager-4p-300ma\" \/>\n<meta property=\"og:locale\" content=\"es_ES\" \/>\n<meta property=\"og:type\" content=\"article\" \/>\n<meta property=\"og:title\" content=\"Interruptor diferencial Hager 4P 300mA - LuxPro\" \/>\n<meta property=\"og:description\" content=\"Interruptor diferencial 4P 300mA, disponible en 25A, 40A y 63A de hager. Posici\u00f3n neutra a la izquierda. Modo de montaje en carril DIN. N\u00famero de m\u00f3dulos 4.\" \/>\n<meta property=\"og:url\" content=\"https:\/\/luxpro.pt\/es\/produto\/interruptor-diferencial-hager-4p-300ma\" \/>\n<meta property=\"og:site_name\" content=\"LuxPro\" \/>\n<meta property=\"og:image\" content=\"https:\/\/luxpro.pt\/wp-content\/uploads\/2024\/01\/Captura-de-ecra-2024-01-23-as-12.38.04.png\" \/>\n\t<meta property=\"og:image:width\" content=\"1006\" \/>\n\t<meta property=\"og:image:height\" content=\"1002\" \/>\n\t<meta property=\"og:image:type\" content=\"image\/png\" \/>\n<meta name=\"twitter:card\" content=\"summary_large_image\" \/>\n<script type=\"application\/ld+json\" class=\"yoast-schema-graph\">{\"@context\":\"https:\/\/schema.org\",\"@graph\":[{\"@type\":\"WebPage\",\"@id\":\"https:\/\/luxpro.pt\/es\/produto\/interruptor-diferencial-hager-4p-300ma\",\"url\":\"https:\/\/luxpro.pt\/es\/produto\/interruptor-diferencial-hager-4p-300ma\",\"name\":\"Interruptor diferencial Hager 4P 300mA - LuxPro\",\"isPartOf\":{\"@id\":\"https:\/\/luxpro.pt\/es#website\"},\"primaryImageOfPage\":{\"@id\":\"https:\/\/luxpro.pt\/es\/produto\/interruptor-diferencial-hager-4p-300ma#primaryimage\"},\"image\":{\"@id\":\"https:\/\/luxpro.pt\/es\/produto\/interruptor-diferencial-hager-4p-300ma#primaryimage\"},\"thumbnailUrl\":\"https:\/\/luxpro.pt\/wp-content\/uploads\/2024\/01\/Captura-de-ecra-2024-01-23-as-12.38.04.png\",\"datePublished\":\"2024-09-25T21:58:46+00:00\",\"description\":\"Interruptor diferencial 4P 300mA, disponible en 25A, 40A y 63A de hager. Posici\u00f3n neutra a la izquierda. Modo de montaje en carril DIN. N\u00famero de m\u00f3dulos 4.\",\"breadcrumb\":{\"@id\":\"https:\/\/luxpro.pt\/es\/produto\/interruptor-diferencial-hager-4p-300ma#breadcrumb\"},\"inLanguage\":\"es\",\"potentialAction\":[{\"@type\":\"ReadAction\",\"target\":[\"https:\/\/luxpro.pt\/es\/produto\/interruptor-diferencial-hager-4p-300ma\"]}]},{\"@type\":\"ImageObject\",\"inLanguage\":\"es\",\"@id\":\"https:\/\/luxpro.pt\/es\/produto\/interruptor-diferencial-hager-4p-300ma#primaryimage\",\"url\":\"https:\/\/luxpro.pt\/wp-content\/uploads\/2024\/01\/Captura-de-ecra-2024-01-23-as-12.38.04.png\",\"contentUrl\":\"https:\/\/luxpro.pt\/wp-content\/uploads\/2024\/01\/Captura-de-ecra-2024-01-23-as-12.38.04.png\",\"width\":1006,\"height\":1002},{\"@type\":\"BreadcrumbList\",\"@id\":\"https:\/\/luxpro.pt\/es\/produto\/interruptor-diferencial-hager-4p-300ma#breadcrumb\",\"itemListElement\":[{\"@type\":\"ListItem\",\"position\":1,\"name\":\"In\u00edcio\",\"item\":\"https:\/\/luxpro.pt\/es\"},{\"@type\":\"ListItem\",\"position\":2,\"name\":\"Loja\",\"item\":\"https:\/\/luxpro.pt\/loja\"},{\"@type\":\"ListItem\",\"position\":3,\"name\":\"Interruptor diferencial Hager 4P 300mA\"}]},{\"@type\":\"WebSite\",\"@id\":\"https:\/\/luxpro.pt\/es#website\",\"url\":\"https:\/\/luxpro.pt\/es\",\"name\":\"LuxPro\",\"description\":\"\",\"publisher\":{\"@id\":\"https:\/\/luxpro.pt\/es#\/schema\/person\/2d1bed59a52ad49be71622bef025e341\"},\"potentialAction\":[{\"@type\":\"SearchAction\",\"target\":{\"@type\":\"EntryPoint\",\"urlTemplate\":\"https:\/\/luxpro.pt\/es?s={search_term_string}\"},\"query-input\":{\"@type\":\"PropertyValueSpecification\",\"valueRequired\":true,\"valueName\":\"search_term_string\"}}],\"inLanguage\":\"es\"},{\"@type\":[\"Person\",\"Organization\"],\"@id\":\"https:\/\/luxpro.pt\/es#\/schema\/person\/2d1bed59a52ad49be71622bef025e341\",\"name\":\"Tiago Amadeu Ferreira\",\"image\":{\"@type\":\"ImageObject\",\"inLanguage\":\"es\",\"@id\":\"https:\/\/luxpro.pt\/es#\/schema\/person\/image\/\",\"url\":\"https:\/\/luxpro.pt\/wp-content\/uploads\/2017\/11\/logo.jpg\",\"contentUrl\":\"https:\/\/luxpro.pt\/wp-content\/uploads\/2017\/11\/logo.jpg\",\"width\":150,\"height\":33,\"caption\":\"Tiago Amadeu Ferreira\"},\"logo\":{\"@id\":\"https:\/\/luxpro.pt\/es#\/schema\/person\/image\/\"}}]}<\/script>\n<!-- \/ Yoast SEO plugin. -->","yoast_head_json":{"title":"Interruptor diferencial Hager 4P 300mA - LuxPro","description":"Interruptor diferencial 4P 300mA, disponible en 25A, 40A y 63A de hager. Posici\u00f3n neutra a la izquierda. Modo de montaje en carril DIN. N\u00famero de m\u00f3dulos 4.","robots":{"index":"index","follow":"follow","max-snippet":"max-snippet:-1","max-image-preview":"max-image-preview:large","max-video-preview":"max-video-preview:-1"},"canonical":"https:\/\/luxpro.pt\/es\/produto\/interruptor-diferencial-hager-4p-300ma","og_locale":"es_ES","og_type":"article","og_title":"Interruptor diferencial Hager 4P 300mA - LuxPro","og_description":"Interruptor diferencial 4P 300mA, disponible en 25A, 40A y 63A de hager. Posici\u00f3n neutra a la izquierda. Modo de montaje en carril DIN. N\u00famero de m\u00f3dulos 4.","og_url":"https:\/\/luxpro.pt\/es\/produto\/interruptor-diferencial-hager-4p-300ma","og_site_name":"LuxPro","og_image":[{"width":1006,"height":1002,"url":"https:\/\/luxpro.pt\/wp-content\/uploads\/2024\/01\/Captura-de-ecra-2024-01-23-as-12.38.04.png","type":"image\/png"}],"twitter_card":"summary_large_image","schema":{"@context":"https:\/\/schema.org","@graph":[{"@type":"WebPage","@id":"https:\/\/luxpro.pt\/es\/produto\/interruptor-diferencial-hager-4p-300ma","url":"https:\/\/luxpro.pt\/es\/produto\/interruptor-diferencial-hager-4p-300ma","name":"Interruptor diferencial Hager 4P 300mA - LuxPro","isPartOf":{"@id":"https:\/\/luxpro.pt\/es#website"},"primaryImageOfPage":{"@id":"https:\/\/luxpro.pt\/es\/produto\/interruptor-diferencial-hager-4p-300ma#primaryimage"},"image":{"@id":"https:\/\/luxpro.pt\/es\/produto\/interruptor-diferencial-hager-4p-300ma#primaryimage"},"thumbnailUrl":"https:\/\/luxpro.pt\/wp-content\/uploads\/2024\/01\/Captura-de-ecra-2024-01-23-as-12.38.04.png","datePublished":"2024-09-25T21:58:46+00:00","description":"Interruptor diferencial 4P 300mA, disponible en 25A, 40A y 63A de hager. Posici\u00f3n neutra a la izquierda. Modo de montaje en carril DIN. N\u00famero de m\u00f3dulos 4.","breadcrumb":{"@id":"https:\/\/luxpro.pt\/es\/produto\/interruptor-diferencial-hager-4p-300ma#breadcrumb"},"inLanguage":"es","potentialAction":[{"@type":"ReadAction","target":["https:\/\/luxpro.pt\/es\/produto\/interruptor-diferencial-hager-4p-300ma"]}]},{"@type":"ImageObject","inLanguage":"es","@id":"https:\/\/luxpro.pt\/es\/produto\/interruptor-diferencial-hager-4p-300ma#primaryimage","url":"https:\/\/luxpro.pt\/wp-content\/uploads\/2024\/01\/Captura-de-ecra-2024-01-23-as-12.38.04.png","contentUrl":"https:\/\/luxpro.pt\/wp-content\/uploads\/2024\/01\/Captura-de-ecra-2024-01-23-as-12.38.04.png","width":1006,"height":1002},{"@type":"BreadcrumbList","@id":"https:\/\/luxpro.pt\/es\/produto\/interruptor-diferencial-hager-4p-300ma#breadcrumb","itemListElement":[{"@type":"ListItem","position":1,"name":"In\u00edcio","item":"https:\/\/luxpro.pt\/es"},{"@type":"ListItem","position":2,"name":"Loja","item":"https:\/\/luxpro.pt\/loja"},{"@type":"ListItem","position":3,"name":"Interruptor diferencial Hager 4P 300mA"}]},{"@type":"WebSite","@id":"https:\/\/luxpro.pt\/es#website","url":"https:\/\/luxpro.pt\/es","name":"LuxPro","description":"","publisher":{"@id":"https:\/\/luxpro.pt\/es#\/schema\/person\/2d1bed59a52ad49be71622bef025e341"},"potentialAction":[{"@type":"SearchAction","target":{"@type":"EntryPoint","urlTemplate":"https:\/\/luxpro.pt\/es?s={search_term_string}"},"query-input":{"@type":"PropertyValueSpecification","valueRequired":true,"valueName":"search_term_string"}}],"inLanguage":"es"},{"@type":["Person","Organization"],"@id":"https:\/\/luxpro.pt\/es#\/schema\/person\/2d1bed59a52ad49be71622bef025e341","name":"Tiago Amadeu Ferreira","image":{"@type":"ImageObject","inLanguage":"es","@id":"https:\/\/luxpro.pt\/es#\/schema\/person\/image\/","url":"https:\/\/luxpro.pt\/wp-content\/uploads\/2017\/11\/logo.jpg","contentUrl":"https:\/\/luxpro.pt\/wp-content\/uploads\/2017\/11\/logo.jpg","width":150,"height":33,"caption":"Tiago Amadeu Ferreira"},"logo":{"@id":"https:\/\/luxpro.pt\/es#\/schema\/person\/image\/"}}]}},"tiered_pricing_type":"fixed","tiered_pricing_fixed_rules":[],"tiered_pricing_product_settings":{"layout":"default","base_unit_name":{"singular":null,"plural":null},"default_variation":null},"tiered_pricing_minimum_quantity":null,"tiered_pricing_roles_data":[],"tiered_pricing_percentage_rules":[],"_links":{"self":[{"href":"https:\/\/luxpro.pt\/es\/wp-json\/wp\/v2\/product\/13931","targetHints":{"allow":["GET"]}}],"collection":[{"href":"https:\/\/luxpro.pt\/es\/wp-json\/wp\/v2\/product"}],"about":[{"href":"https:\/\/luxpro.pt\/es\/wp-json\/wp\/v2\/types\/product"}],"replies":[{"embeddable":true,"href":"https:\/\/luxpro.pt\/es\/wp-json\/wp\/v2\/comments?post=13931"}],"wp:featuredmedia":[{"embeddable":true,"href":"https:\/\/luxpro.pt\/es\/wp-json\/wp\/v2\/media\/13056"}],"wp:attachment":[{"href":"https:\/\/luxpro.pt\/es\/wp-json\/wp\/v2\/media?parent=13931"}],"wp:term":[{"taxonomy":"product_brand","embeddable":true,"href":"https:\/\/luxpro.pt\/es\/wp-json\/wp\/v2\/product_brand?post=13931"},{"taxonomy":"product_cat","embeddable":true,"href":"https:\/\/luxpro.pt\/es\/wp-json\/wp\/v2\/product_cat?post=13931"},{"taxonomy":"product_tag","embeddable":true,"href":"https:\/\/luxpro.pt\/es\/wp-json\/wp\/v2\/product_tag?post=13931"}],"curies":[{"name":"wp","href":"https:\/\/api.w.org\/{rel}","templated":true}]}}