{"id":13944,"date":"2023-12-21T16:09:13","date_gmt":"2024-09-25T21:58:59","guid":{"rendered":"https:\/\/luxpro.pt\/produto\/toma-macho-empotrable-ip67-3ptn-32a-400v\/"},"modified":"2024-09-25T22:58:59","modified_gmt":"2024-09-25T21:58:59","slug":"toma-macho-empotrable-ip67-3ptn-32a-400v","status":"publish","type":"product","link":"https:\/\/luxpro.pt\/es\/produto\/toma-macho-empotrable-ip67-3ptn-32a-400v","title":{"rendered":"Toma Macho Empotrable IP67 3P+T+N 32A 400V"},"content":{"rendered":"<p><span>Enchufe recto con brida CEE 75&#215;75 32A 5p 6h IP67<\/span><span>material de la carcasa: PA6<\/span><span>corriente nominal: 32A<\/span><span>n\u00famero de polos: 5 (3P+N+PE)<\/span><span>posici\u00f3n del reloj: 6h<\/span><span>tensi\u00f3n nominal\/frecuencia: 200\/346V~ &#8211; 240\/415V~ \/ 50+60Hzclase de protecci\u00f3n IP: IP66\/IP67 dimensiones (brida\/centro de fijaci\u00f3n): 75&#215;75 mm \/ 60&#215;60 mmtecnolog\u00eda de conexi\u00f3n: terminales de tornillo<\/span><span>contactos: lat\u00f3n<\/span><\/p>\n","protected":false},"excerpt":{"rendered":"<p>Enchufe recto con brida CEE 75&#215;75 32A 5p 6h IP67material de la carcasa: PA6corriente nominal: 32An\u00famero de polos: 5 (3P+N+PE)posici\u00f3n del reloj: 6htensi\u00f3n nominal\/frecuencia: 200\/346V~ &#8211; 240\/415V~ \/ 50+60Hzclase de protecci\u00f3n IP: IP66\/IP67 dimensiones (brida\/centro de fijaci\u00f3n): 75&#215;75 mm \/ 60&#215;60 mmtecnolog\u00eda de conexi\u00f3n: terminales de tornillocontactos: lat\u00f3n<\/p>\n","protected":false},"featured_media":12889,"comment_status":"open","ping_status":"closed","template":"","meta":[],"product_brand":[],"product_cat":[1766,2895],"product_tag":[],"class_list":{"0":"post-13944","1":"product","2":"type-product","3":"status-publish","4":"has-post-thumbnail","6":"product_cat-clavija-industrial","7":"product_cat-tomas-macho-empotrables-cee","9":"first","10":"instock","11":"taxable","12":"shipping-taxable","13":"purchasable","14":"product-type-simple"},"yoast_head":"<!-- This site is optimized with the Yoast SEO plugin v26.5 - https:\/\/yoast.com\/wordpress\/plugins\/seo\/ -->\n<title>Toma Macho Empotrable IP67 3P+T+N 32A 400V - LuxPro<\/title>\n<meta name=\"description\" content=\"Enchufe recto con brida CEE 75x75 32A 5p 6h IP67material de la carcasa: PA6corriente nominal: 32An\u00famero de polos: 5 (3P+N+PE)posici\u00f3n del reloj: 6htensi\u00f3n\" \/>\n<meta name=\"robots\" content=\"index, follow, max-snippet:-1, max-image-preview:large, max-video-preview:-1\" \/>\n<link rel=\"canonical\" href=\"https:\/\/luxpro.pt\/es\/produto\/toma-macho-empotrable-ip67-3ptn-32a-400v\" \/>\n<meta property=\"og:locale\" content=\"es_ES\" \/>\n<meta property=\"og:type\" content=\"article\" \/>\n<meta property=\"og:title\" content=\"Toma Macho Empotrable IP67 3P+T+N 32A 400V - LuxPro\" \/>\n<meta property=\"og:description\" content=\"Enchufe recto con brida CEE 75x75 32A 5p 6h IP67material de la carcasa: PA6corriente nominal: 32An\u00famero de polos: 5 (3P+N+PE)posici\u00f3n del reloj: 6htensi\u00f3n\" \/>\n<meta property=\"og:url\" content=\"https:\/\/luxpro.pt\/es\/produto\/toma-macho-empotrable-ip67-3ptn-32a-400v\" \/>\n<meta property=\"og:site_name\" content=\"LuxPro\" \/>\n<meta property=\"og:image\" content=\"https:\/\/luxpro.pt\/wp-content\/uploads\/2023\/12\/6252-6_zoom_fd49895c24d54996ace3c6416593ca19.jpg\" \/>\n\t<meta property=\"og:image:width\" content=\"270\" \/>\n\t<meta property=\"og:image:height\" content=\"270\" \/>\n\t<meta property=\"og:image:type\" content=\"image\/jpeg\" \/>\n<meta name=\"twitter:card\" content=\"summary_large_image\" \/>\n<script type=\"application\/ld+json\" class=\"yoast-schema-graph\">{\"@context\":\"https:\/\/schema.org\",\"@graph\":[{\"@type\":\"WebPage\",\"@id\":\"https:\/\/luxpro.pt\/es\/produto\/toma-macho-empotrable-ip67-3ptn-32a-400v\",\"url\":\"https:\/\/luxpro.pt\/es\/produto\/toma-macho-empotrable-ip67-3ptn-32a-400v\",\"name\":\"Toma Macho Empotrable IP67 3P+T+N 32A 400V - LuxPro\",\"isPartOf\":{\"@id\":\"https:\/\/luxpro.pt\/es#website\"},\"primaryImageOfPage\":{\"@id\":\"https:\/\/luxpro.pt\/es\/produto\/toma-macho-empotrable-ip67-3ptn-32a-400v#primaryimage\"},\"image\":{\"@id\":\"https:\/\/luxpro.pt\/es\/produto\/toma-macho-empotrable-ip67-3ptn-32a-400v#primaryimage\"},\"thumbnailUrl\":\"https:\/\/luxpro.pt\/wp-content\/uploads\/2023\/12\/6252-6_zoom_fd49895c24d54996ace3c6416593ca19.jpg\",\"datePublished\":\"2024-09-25T21:58:59+00:00\",\"description\":\"Enchufe recto con brida CEE 75x75 32A 5p 6h IP67material de la carcasa: PA6corriente nominal: 32An\u00famero de polos: 5 (3P+N+PE)posici\u00f3n del reloj: 6htensi\u00f3n\",\"breadcrumb\":{\"@id\":\"https:\/\/luxpro.pt\/es\/produto\/toma-macho-empotrable-ip67-3ptn-32a-400v#breadcrumb\"},\"inLanguage\":\"es\",\"potentialAction\":[{\"@type\":\"ReadAction\",\"target\":[\"https:\/\/luxpro.pt\/es\/produto\/toma-macho-empotrable-ip67-3ptn-32a-400v\"]}]},{\"@type\":\"ImageObject\",\"inLanguage\":\"es\",\"@id\":\"https:\/\/luxpro.pt\/es\/produto\/toma-macho-empotrable-ip67-3ptn-32a-400v#primaryimage\",\"url\":\"https:\/\/luxpro.pt\/wp-content\/uploads\/2023\/12\/6252-6_zoom_fd49895c24d54996ace3c6416593ca19.jpg\",\"contentUrl\":\"https:\/\/luxpro.pt\/wp-content\/uploads\/2023\/12\/6252-6_zoom_fd49895c24d54996ace3c6416593ca19.jpg\",\"width\":270,\"height\":270},{\"@type\":\"BreadcrumbList\",\"@id\":\"https:\/\/luxpro.pt\/es\/produto\/toma-macho-empotrable-ip67-3ptn-32a-400v#breadcrumb\",\"itemListElement\":[{\"@type\":\"ListItem\",\"position\":1,\"name\":\"In\u00edcio\",\"item\":\"https:\/\/luxpro.pt\/es\"},{\"@type\":\"ListItem\",\"position\":2,\"name\":\"Loja\",\"item\":\"https:\/\/luxpro.pt\/loja\"},{\"@type\":\"ListItem\",\"position\":3,\"name\":\"Toma Macho Empotrable IP67 3P+T+N 32A 400V\"}]},{\"@type\":\"WebSite\",\"@id\":\"https:\/\/luxpro.pt\/es#website\",\"url\":\"https:\/\/luxpro.pt\/es\",\"name\":\"LuxPro\",\"description\":\"\",\"publisher\":{\"@id\":\"https:\/\/luxpro.pt\/es#\/schema\/person\/2d1bed59a52ad49be71622bef025e341\"},\"potentialAction\":[{\"@type\":\"SearchAction\",\"target\":{\"@type\":\"EntryPoint\",\"urlTemplate\":\"https:\/\/luxpro.pt\/es?s={search_term_string}\"},\"query-input\":{\"@type\":\"PropertyValueSpecification\",\"valueRequired\":true,\"valueName\":\"search_term_string\"}}],\"inLanguage\":\"es\"},{\"@type\":[\"Person\",\"Organization\"],\"@id\":\"https:\/\/luxpro.pt\/es#\/schema\/person\/2d1bed59a52ad49be71622bef025e341\",\"name\":\"Tiago Amadeu Ferreira\",\"image\":{\"@type\":\"ImageObject\",\"inLanguage\":\"es\",\"@id\":\"https:\/\/luxpro.pt\/es#\/schema\/person\/image\/\",\"url\":\"https:\/\/luxpro.pt\/wp-content\/uploads\/2017\/11\/logo.jpg\",\"contentUrl\":\"https:\/\/luxpro.pt\/wp-content\/uploads\/2017\/11\/logo.jpg\",\"width\":150,\"height\":33,\"caption\":\"Tiago Amadeu Ferreira\"},\"logo\":{\"@id\":\"https:\/\/luxpro.pt\/es#\/schema\/person\/image\/\"}}]}<\/script>\n<!-- \/ Yoast SEO plugin. -->","yoast_head_json":{"title":"Toma Macho Empotrable IP67 3P+T+N 32A 400V - LuxPro","description":"Enchufe recto con brida CEE 75x75 32A 5p 6h IP67material de la carcasa: PA6corriente nominal: 32An\u00famero de polos: 5 (3P+N+PE)posici\u00f3n del reloj: 6htensi\u00f3n","robots":{"index":"index","follow":"follow","max-snippet":"max-snippet:-1","max-image-preview":"max-image-preview:large","max-video-preview":"max-video-preview:-1"},"canonical":"https:\/\/luxpro.pt\/es\/produto\/toma-macho-empotrable-ip67-3ptn-32a-400v","og_locale":"es_ES","og_type":"article","og_title":"Toma Macho Empotrable IP67 3P+T+N 32A 400V - LuxPro","og_description":"Enchufe recto con brida CEE 75x75 32A 5p 6h IP67material de la carcasa: PA6corriente nominal: 32An\u00famero de polos: 5 (3P+N+PE)posici\u00f3n del reloj: 6htensi\u00f3n","og_url":"https:\/\/luxpro.pt\/es\/produto\/toma-macho-empotrable-ip67-3ptn-32a-400v","og_site_name":"LuxPro","og_image":[{"width":270,"height":270,"url":"https:\/\/luxpro.pt\/wp-content\/uploads\/2023\/12\/6252-6_zoom_fd49895c24d54996ace3c6416593ca19.jpg","type":"image\/jpeg"}],"twitter_card":"summary_large_image","schema":{"@context":"https:\/\/schema.org","@graph":[{"@type":"WebPage","@id":"https:\/\/luxpro.pt\/es\/produto\/toma-macho-empotrable-ip67-3ptn-32a-400v","url":"https:\/\/luxpro.pt\/es\/produto\/toma-macho-empotrable-ip67-3ptn-32a-400v","name":"Toma Macho Empotrable IP67 3P+T+N 32A 400V - LuxPro","isPartOf":{"@id":"https:\/\/luxpro.pt\/es#website"},"primaryImageOfPage":{"@id":"https:\/\/luxpro.pt\/es\/produto\/toma-macho-empotrable-ip67-3ptn-32a-400v#primaryimage"},"image":{"@id":"https:\/\/luxpro.pt\/es\/produto\/toma-macho-empotrable-ip67-3ptn-32a-400v#primaryimage"},"thumbnailUrl":"https:\/\/luxpro.pt\/wp-content\/uploads\/2023\/12\/6252-6_zoom_fd49895c24d54996ace3c6416593ca19.jpg","datePublished":"2024-09-25T21:58:59+00:00","description":"Enchufe recto con brida CEE 75x75 32A 5p 6h IP67material de la carcasa: PA6corriente nominal: 32An\u00famero de polos: 5 (3P+N+PE)posici\u00f3n del reloj: 6htensi\u00f3n","breadcrumb":{"@id":"https:\/\/luxpro.pt\/es\/produto\/toma-macho-empotrable-ip67-3ptn-32a-400v#breadcrumb"},"inLanguage":"es","potentialAction":[{"@type":"ReadAction","target":["https:\/\/luxpro.pt\/es\/produto\/toma-macho-empotrable-ip67-3ptn-32a-400v"]}]},{"@type":"ImageObject","inLanguage":"es","@id":"https:\/\/luxpro.pt\/es\/produto\/toma-macho-empotrable-ip67-3ptn-32a-400v#primaryimage","url":"https:\/\/luxpro.pt\/wp-content\/uploads\/2023\/12\/6252-6_zoom_fd49895c24d54996ace3c6416593ca19.jpg","contentUrl":"https:\/\/luxpro.pt\/wp-content\/uploads\/2023\/12\/6252-6_zoom_fd49895c24d54996ace3c6416593ca19.jpg","width":270,"height":270},{"@type":"BreadcrumbList","@id":"https:\/\/luxpro.pt\/es\/produto\/toma-macho-empotrable-ip67-3ptn-32a-400v#breadcrumb","itemListElement":[{"@type":"ListItem","position":1,"name":"In\u00edcio","item":"https:\/\/luxpro.pt\/es"},{"@type":"ListItem","position":2,"name":"Loja","item":"https:\/\/luxpro.pt\/loja"},{"@type":"ListItem","position":3,"name":"Toma Macho Empotrable IP67 3P+T+N 32A 400V"}]},{"@type":"WebSite","@id":"https:\/\/luxpro.pt\/es#website","url":"https:\/\/luxpro.pt\/es","name":"LuxPro","description":"","publisher":{"@id":"https:\/\/luxpro.pt\/es#\/schema\/person\/2d1bed59a52ad49be71622bef025e341"},"potentialAction":[{"@type":"SearchAction","target":{"@type":"EntryPoint","urlTemplate":"https:\/\/luxpro.pt\/es?s={search_term_string}"},"query-input":{"@type":"PropertyValueSpecification","valueRequired":true,"valueName":"search_term_string"}}],"inLanguage":"es"},{"@type":["Person","Organization"],"@id":"https:\/\/luxpro.pt\/es#\/schema\/person\/2d1bed59a52ad49be71622bef025e341","name":"Tiago Amadeu Ferreira","image":{"@type":"ImageObject","inLanguage":"es","@id":"https:\/\/luxpro.pt\/es#\/schema\/person\/image\/","url":"https:\/\/luxpro.pt\/wp-content\/uploads\/2017\/11\/logo.jpg","contentUrl":"https:\/\/luxpro.pt\/wp-content\/uploads\/2017\/11\/logo.jpg","width":150,"height":33,"caption":"Tiago Amadeu Ferreira"},"logo":{"@id":"https:\/\/luxpro.pt\/es#\/schema\/person\/image\/"}}]}},"tiered_pricing_type":"fixed","tiered_pricing_fixed_rules":[],"tiered_pricing_product_settings":{"layout":"default","base_unit_name":{"singular":null,"plural":null},"default_variation":null},"tiered_pricing_minimum_quantity":null,"tiered_pricing_roles_data":[],"tiered_pricing_percentage_rules":[],"_links":{"self":[{"href":"https:\/\/luxpro.pt\/es\/wp-json\/wp\/v2\/product\/13944","targetHints":{"allow":["GET"]}}],"collection":[{"href":"https:\/\/luxpro.pt\/es\/wp-json\/wp\/v2\/product"}],"about":[{"href":"https:\/\/luxpro.pt\/es\/wp-json\/wp\/v2\/types\/product"}],"replies":[{"embeddable":true,"href":"https:\/\/luxpro.pt\/es\/wp-json\/wp\/v2\/comments?post=13944"}],"wp:featuredmedia":[{"embeddable":true,"href":"https:\/\/luxpro.pt\/es\/wp-json\/wp\/v2\/media\/12889"}],"wp:attachment":[{"href":"https:\/\/luxpro.pt\/es\/wp-json\/wp\/v2\/media?parent=13944"}],"wp:term":[{"taxonomy":"product_brand","embeddable":true,"href":"https:\/\/luxpro.pt\/es\/wp-json\/wp\/v2\/product_brand?post=13944"},{"taxonomy":"product_cat","embeddable":true,"href":"https:\/\/luxpro.pt\/es\/wp-json\/wp\/v2\/product_cat?post=13944"},{"taxonomy":"product_tag","embeddable":true,"href":"https:\/\/luxpro.pt\/es\/wp-json\/wp\/v2\/product_tag?post=13944"}],"curies":[{"name":"wp","href":"https:\/\/api.w.org\/{rel}","templated":true}]}}