{"id":13984,"date":"2020-05-15T11:42:25","date_gmt":"2024-10-02T21:29:36","guid":{"rendered":"https:\/\/luxpro.pt\/produto\/kit-de-puerta-corredera-bravo-524-motorline\/"},"modified":"2024-10-02T22:29:36","modified_gmt":"2024-10-02T21:29:36","slug":"kit-de-puerta-corredera-bravo-524-motorline","status":"publish","type":"product","link":"https:\/\/luxpro.pt\/es\/produto\/kit-de-puerta-corredera-bravo-524-motorline","title":{"rendered":"Kit de puerta corredera BRAVO 524 MOTORLINE"},"content":{"rendered":"<div class=\"wpb_text_column wpb_content_element vc_custom_1491923758249 textoheader\">\n<div class=\"wpb_wrapper\">BRAVO524 est\u00e1 dise\u00f1ado para automatizar cancelas correderas en l\u00ednea residenciales hasta un peso m\u00e1ximo de 500 kg.<\/div>\n<div class=\"wpb_wrapper\">Tiene un dise\u00f1o moderno que se adapta a todo tipo de puertas.<\/div>\n<div class=\"wpb_wrapper\">Este motor se fabrica a 24 V para un uso intensivo.<\/div>\n<\/div>\n","protected":false},"excerpt":{"rendered":"<p>BRAVO524 est\u00e1 dise\u00f1ado para automatizar cancelas correderas en l\u00ednea residenciales hasta un peso m\u00e1ximo de 500 kg. Tiene un dise\u00f1o moderno que se adapta a todo tipo de puertas. Este motor se fabrica a 24 V para un uso intensivo.<\/p>\n","protected":false},"featured_media":5226,"comment_status":"open","ping_status":"closed","template":"","meta":[],"product_brand":[],"product_cat":[1705],"product_tag":[2907,2906,2908,2905],"class_list":{"0":"post-13984","1":"product","2":"type-product","3":"status-publish","4":"has-post-thumbnail","6":"product_cat-puertas-correderas","7":"product_tag-bravo-524-es","8":"product_tag-ejecuta","9":"product_tag-motor-deslizante","10":"product_tag-motorline-es","12":"first","13":"instock","14":"taxable","15":"shipping-taxable","16":"purchasable","17":"product-type-simple"},"yoast_head":"<!-- This site is optimized with the Yoast SEO plugin v26.5 - https:\/\/yoast.com\/wordpress\/plugins\/seo\/ -->\n<title>Kit de puerta corredera BRAVO 524 MOTORLINE - LuxPro<\/title>\n<meta name=\"description\" content=\"BRAVO524 est\u00e1 dise\u00f1ado para automatizar cancelas correderas en l\u00ednea residenciales hasta un peso m\u00e1ximo de 500 kg. Tiene un dise\u00f1o moderno que se adapta a\" \/>\n<meta name=\"robots\" content=\"index, follow, max-snippet:-1, max-image-preview:large, max-video-preview:-1\" \/>\n<link rel=\"canonical\" href=\"https:\/\/luxpro.pt\/es\/produto\/kit-de-puerta-corredera-bravo-524-motorline\" \/>\n<meta property=\"og:locale\" content=\"es_ES\" \/>\n<meta property=\"og:type\" content=\"article\" \/>\n<meta property=\"og:title\" content=\"Kit de puerta corredera BRAVO 524 MOTORLINE - LuxPro\" \/>\n<meta property=\"og:description\" content=\"BRAVO524 est\u00e1 dise\u00f1ado para automatizar cancelas correderas en l\u00ednea residenciales hasta un peso m\u00e1ximo de 500 kg. Tiene un dise\u00f1o moderno que se adapta a\" \/>\n<meta property=\"og:url\" content=\"https:\/\/luxpro.pt\/es\/produto\/kit-de-puerta-corredera-bravo-524-motorline\" \/>\n<meta property=\"og:site_name\" content=\"LuxPro\" \/>\n<meta property=\"og:image\" content=\"https:\/\/luxpro.pt\/wp-content\/uploads\/2020\/05\/BRAVO524-G1.jpg\" \/>\n\t<meta property=\"og:image:width\" content=\"2560\" \/>\n\t<meta property=\"og:image:height\" content=\"1384\" \/>\n\t<meta property=\"og:image:type\" content=\"image\/jpeg\" \/>\n<meta name=\"twitter:card\" content=\"summary_large_image\" \/>\n<script type=\"application\/ld+json\" class=\"yoast-schema-graph\">{\"@context\":\"https:\/\/schema.org\",\"@graph\":[{\"@type\":\"WebPage\",\"@id\":\"https:\/\/luxpro.pt\/es\/produto\/kit-de-puerta-corredera-bravo-524-motorline\",\"url\":\"https:\/\/luxpro.pt\/es\/produto\/kit-de-puerta-corredera-bravo-524-motorline\",\"name\":\"Kit de puerta corredera BRAVO 524 MOTORLINE - LuxPro\",\"isPartOf\":{\"@id\":\"https:\/\/luxpro.pt\/es#website\"},\"primaryImageOfPage\":{\"@id\":\"https:\/\/luxpro.pt\/es\/produto\/kit-de-puerta-corredera-bravo-524-motorline#primaryimage\"},\"image\":{\"@id\":\"https:\/\/luxpro.pt\/es\/produto\/kit-de-puerta-corredera-bravo-524-motorline#primaryimage\"},\"thumbnailUrl\":\"https:\/\/luxpro.pt\/wp-content\/uploads\/2020\/05\/BRAVO524-G1.jpg\",\"datePublished\":\"2024-10-02T21:29:36+00:00\",\"description\":\"BRAVO524 est\u00e1 dise\u00f1ado para automatizar cancelas correderas en l\u00ednea residenciales hasta un peso m\u00e1ximo de 500 kg. Tiene un dise\u00f1o moderno que se adapta a\",\"breadcrumb\":{\"@id\":\"https:\/\/luxpro.pt\/es\/produto\/kit-de-puerta-corredera-bravo-524-motorline#breadcrumb\"},\"inLanguage\":\"es\",\"potentialAction\":[{\"@type\":\"ReadAction\",\"target\":[\"https:\/\/luxpro.pt\/es\/produto\/kit-de-puerta-corredera-bravo-524-motorline\"]}]},{\"@type\":\"ImageObject\",\"inLanguage\":\"es\",\"@id\":\"https:\/\/luxpro.pt\/es\/produto\/kit-de-puerta-corredera-bravo-524-motorline#primaryimage\",\"url\":\"https:\/\/luxpro.pt\/wp-content\/uploads\/2020\/05\/BRAVO524-G1.jpg\",\"contentUrl\":\"https:\/\/luxpro.pt\/wp-content\/uploads\/2020\/05\/BRAVO524-G1.jpg\",\"width\":2560,\"height\":1384},{\"@type\":\"BreadcrumbList\",\"@id\":\"https:\/\/luxpro.pt\/es\/produto\/kit-de-puerta-corredera-bravo-524-motorline#breadcrumb\",\"itemListElement\":[{\"@type\":\"ListItem\",\"position\":1,\"name\":\"In\u00edcio\",\"item\":\"https:\/\/luxpro.pt\/es\"},{\"@type\":\"ListItem\",\"position\":2,\"name\":\"Loja\",\"item\":\"https:\/\/luxpro.pt\/loja\"},{\"@type\":\"ListItem\",\"position\":3,\"name\":\"Kit de puerta corredera BRAVO 524 MOTORLINE\"}]},{\"@type\":\"WebSite\",\"@id\":\"https:\/\/luxpro.pt\/es#website\",\"url\":\"https:\/\/luxpro.pt\/es\",\"name\":\"LuxPro\",\"description\":\"\",\"publisher\":{\"@id\":\"https:\/\/luxpro.pt\/es#\/schema\/person\/2d1bed59a52ad49be71622bef025e341\"},\"potentialAction\":[{\"@type\":\"SearchAction\",\"target\":{\"@type\":\"EntryPoint\",\"urlTemplate\":\"https:\/\/luxpro.pt\/es?s={search_term_string}\"},\"query-input\":{\"@type\":\"PropertyValueSpecification\",\"valueRequired\":true,\"valueName\":\"search_term_string\"}}],\"inLanguage\":\"es\"},{\"@type\":[\"Person\",\"Organization\"],\"@id\":\"https:\/\/luxpro.pt\/es#\/schema\/person\/2d1bed59a52ad49be71622bef025e341\",\"name\":\"Tiago Amadeu Ferreira\",\"image\":{\"@type\":\"ImageObject\",\"inLanguage\":\"es\",\"@id\":\"https:\/\/luxpro.pt\/es#\/schema\/person\/image\/\",\"url\":\"https:\/\/luxpro.pt\/wp-content\/uploads\/2017\/11\/logo.jpg\",\"contentUrl\":\"https:\/\/luxpro.pt\/wp-content\/uploads\/2017\/11\/logo.jpg\",\"width\":150,\"height\":33,\"caption\":\"Tiago Amadeu Ferreira\"},\"logo\":{\"@id\":\"https:\/\/luxpro.pt\/es#\/schema\/person\/image\/\"}}]}<\/script>\n<!-- \/ Yoast SEO plugin. -->","yoast_head_json":{"title":"Kit de puerta corredera BRAVO 524 MOTORLINE - LuxPro","description":"BRAVO524 est\u00e1 dise\u00f1ado para automatizar cancelas correderas en l\u00ednea residenciales hasta un peso m\u00e1ximo de 500 kg. Tiene un dise\u00f1o moderno que se adapta a","robots":{"index":"index","follow":"follow","max-snippet":"max-snippet:-1","max-image-preview":"max-image-preview:large","max-video-preview":"max-video-preview:-1"},"canonical":"https:\/\/luxpro.pt\/es\/produto\/kit-de-puerta-corredera-bravo-524-motorline","og_locale":"es_ES","og_type":"article","og_title":"Kit de puerta corredera BRAVO 524 MOTORLINE - LuxPro","og_description":"BRAVO524 est\u00e1 dise\u00f1ado para automatizar cancelas correderas en l\u00ednea residenciales hasta un peso m\u00e1ximo de 500 kg. Tiene un dise\u00f1o moderno que se adapta a","og_url":"https:\/\/luxpro.pt\/es\/produto\/kit-de-puerta-corredera-bravo-524-motorline","og_site_name":"LuxPro","og_image":[{"width":2560,"height":1384,"url":"https:\/\/luxpro.pt\/wp-content\/uploads\/2020\/05\/BRAVO524-G1.jpg","type":"image\/jpeg"}],"twitter_card":"summary_large_image","schema":{"@context":"https:\/\/schema.org","@graph":[{"@type":"WebPage","@id":"https:\/\/luxpro.pt\/es\/produto\/kit-de-puerta-corredera-bravo-524-motorline","url":"https:\/\/luxpro.pt\/es\/produto\/kit-de-puerta-corredera-bravo-524-motorline","name":"Kit de puerta corredera BRAVO 524 MOTORLINE - LuxPro","isPartOf":{"@id":"https:\/\/luxpro.pt\/es#website"},"primaryImageOfPage":{"@id":"https:\/\/luxpro.pt\/es\/produto\/kit-de-puerta-corredera-bravo-524-motorline#primaryimage"},"image":{"@id":"https:\/\/luxpro.pt\/es\/produto\/kit-de-puerta-corredera-bravo-524-motorline#primaryimage"},"thumbnailUrl":"https:\/\/luxpro.pt\/wp-content\/uploads\/2020\/05\/BRAVO524-G1.jpg","datePublished":"2024-10-02T21:29:36+00:00","description":"BRAVO524 est\u00e1 dise\u00f1ado para automatizar cancelas correderas en l\u00ednea residenciales hasta un peso m\u00e1ximo de 500 kg. Tiene un dise\u00f1o moderno que se adapta a","breadcrumb":{"@id":"https:\/\/luxpro.pt\/es\/produto\/kit-de-puerta-corredera-bravo-524-motorline#breadcrumb"},"inLanguage":"es","potentialAction":[{"@type":"ReadAction","target":["https:\/\/luxpro.pt\/es\/produto\/kit-de-puerta-corredera-bravo-524-motorline"]}]},{"@type":"ImageObject","inLanguage":"es","@id":"https:\/\/luxpro.pt\/es\/produto\/kit-de-puerta-corredera-bravo-524-motorline#primaryimage","url":"https:\/\/luxpro.pt\/wp-content\/uploads\/2020\/05\/BRAVO524-G1.jpg","contentUrl":"https:\/\/luxpro.pt\/wp-content\/uploads\/2020\/05\/BRAVO524-G1.jpg","width":2560,"height":1384},{"@type":"BreadcrumbList","@id":"https:\/\/luxpro.pt\/es\/produto\/kit-de-puerta-corredera-bravo-524-motorline#breadcrumb","itemListElement":[{"@type":"ListItem","position":1,"name":"In\u00edcio","item":"https:\/\/luxpro.pt\/es"},{"@type":"ListItem","position":2,"name":"Loja","item":"https:\/\/luxpro.pt\/loja"},{"@type":"ListItem","position":3,"name":"Kit de puerta corredera BRAVO 524 MOTORLINE"}]},{"@type":"WebSite","@id":"https:\/\/luxpro.pt\/es#website","url":"https:\/\/luxpro.pt\/es","name":"LuxPro","description":"","publisher":{"@id":"https:\/\/luxpro.pt\/es#\/schema\/person\/2d1bed59a52ad49be71622bef025e341"},"potentialAction":[{"@type":"SearchAction","target":{"@type":"EntryPoint","urlTemplate":"https:\/\/luxpro.pt\/es?s={search_term_string}"},"query-input":{"@type":"PropertyValueSpecification","valueRequired":true,"valueName":"search_term_string"}}],"inLanguage":"es"},{"@type":["Person","Organization"],"@id":"https:\/\/luxpro.pt\/es#\/schema\/person\/2d1bed59a52ad49be71622bef025e341","name":"Tiago Amadeu Ferreira","image":{"@type":"ImageObject","inLanguage":"es","@id":"https:\/\/luxpro.pt\/es#\/schema\/person\/image\/","url":"https:\/\/luxpro.pt\/wp-content\/uploads\/2017\/11\/logo.jpg","contentUrl":"https:\/\/luxpro.pt\/wp-content\/uploads\/2017\/11\/logo.jpg","width":150,"height":33,"caption":"Tiago Amadeu Ferreira"},"logo":{"@id":"https:\/\/luxpro.pt\/es#\/schema\/person\/image\/"}}]}},"tiered_pricing_type":"fixed","tiered_pricing_fixed_rules":[],"tiered_pricing_product_settings":{"layout":"default","base_unit_name":{"singular":null,"plural":null},"default_variation":null},"tiered_pricing_minimum_quantity":null,"tiered_pricing_roles_data":[],"tiered_pricing_percentage_rules":[],"_links":{"self":[{"href":"https:\/\/luxpro.pt\/es\/wp-json\/wp\/v2\/product\/13984","targetHints":{"allow":["GET"]}}],"collection":[{"href":"https:\/\/luxpro.pt\/es\/wp-json\/wp\/v2\/product"}],"about":[{"href":"https:\/\/luxpro.pt\/es\/wp-json\/wp\/v2\/types\/product"}],"replies":[{"embeddable":true,"href":"https:\/\/luxpro.pt\/es\/wp-json\/wp\/v2\/comments?post=13984"}],"wp:featuredmedia":[{"embeddable":true,"href":"https:\/\/luxpro.pt\/es\/wp-json\/wp\/v2\/media\/5226"}],"wp:attachment":[{"href":"https:\/\/luxpro.pt\/es\/wp-json\/wp\/v2\/media?parent=13984"}],"wp:term":[{"taxonomy":"product_brand","embeddable":true,"href":"https:\/\/luxpro.pt\/es\/wp-json\/wp\/v2\/product_brand?post=13984"},{"taxonomy":"product_cat","embeddable":true,"href":"https:\/\/luxpro.pt\/es\/wp-json\/wp\/v2\/product_cat?post=13984"},{"taxonomy":"product_tag","embeddable":true,"href":"https:\/\/luxpro.pt\/es\/wp-json\/wp\/v2\/product_tag?post=13984"}],"curies":[{"name":"wp","href":"https:\/\/api.w.org\/{rel}","templated":true}]}}