{"id":15551,"date":"2026-03-09T18:55:23","date_gmt":"2026-03-09T18:55:23","guid":{"rendered":"https:\/\/luxpro.pt\/?post_type=product&#038;p=15551"},"modified":"2026-03-09T18:55:23","modified_gmt":"2026-03-09T18:55:23","slug":"kit-de-audio-nexa-para-1-apartamento-n4110","status":"publish","type":"product","link":"https:\/\/luxpro.pt\/es\/produto\/kit-de-audio-nexa-para-1-apartamento-n4110","title":{"rendered":"Kit de \u00e1udio NEXA para 1 apartamento N4110"},"content":{"rendered":"<ul>\n<li><span dir=\"auto\">Instala\u00e7\u00e3o anal\u00f3gica 4+n<\/span><\/li>\n<li><span dir=\"auto\">Composto por:<\/span>\n<ul>\n<li><span dir=\"auto\">Painel de porta de \u00e1udio com 1 bot\u00e3o de press\u00e3o<\/span><\/li>\n<li><span dir=\"auto\">caixa de incorpora\u00e7\u00e3o\u00a0<a href=\"https:\/\/www.golmar.es\/productos\/ncev-90cs\">NCEV-90CS<\/a><\/span><\/li>\n<li><span dir=\"auto\">1 telefone\u00a0 <\/span><a href=\"https:\/\/www.golmar.es\/products\/t-500\"><span dir=\"auto\">T-510R <\/span><\/a><span dir=\"auto\">\u00a0\u00a0com chamada eletr\u00f4nica<\/span><\/li>\n<li><span dir=\"auto\">\u00a0Transformador\u00a0<a href=\"https:\/\/www.golmar.es\/productos\/tf-104\">TF-104<\/a><\/span><\/li>\n<\/ul>\n<\/li>\n<li>\n<ul>\n<li><span dir=\"auto\">At\u00e9 3 telefones no mesmo apartamento.<\/span><\/li>\n<\/ul>\n<p><span dir=\"auto\">Mecanismo de porta n\u00e3o inclu\u00eddo. Recomendado:<\/span><br \/>\n<a href=\"https:\/\/www.golmar.es\/productos\/cv-14p-uni-sf\"><span dir=\"auto\">CV-14P\/UNI\/SF<\/span><\/a><span dir=\"auto\">\u00a0\u00a0(20600155)<\/span><br \/>\n<a href=\"https:\/\/www.golmar.es\/productos\/cv-24p-uni-sf\"><span dir=\"auto\">CV-24P\/UNI\/SF<\/span><\/a><span dir=\"auto\">\u00a0\u00a0(20600253)<\/span><br \/>\n<a href=\"https:\/\/www.golmar.es\/productos\/cv-16p-uni-sf\"><span dir=\"auto\">CV-16P\/UNI\/SF<\/span><\/a><span dir=\"auto\">\u00a0\u00a0(20600160)<\/span><br \/>\n<a href=\"https:\/\/www.golmar.es\/productos\/cv-26p-uni-sf\"><span dir=\"auto\">CV-26P\/UNI\/SF<\/span><\/a><span dir=\"auto\">\u00a0\u00a0(20600158)<\/span><\/li>\n<\/ul>\n","protected":false},"excerpt":{"rendered":"<p>Instala\u00e7\u00e3o anal\u00f3gica 4+n Composto por: Painel de porta de \u00e1udio com 1 bot\u00e3o de press\u00e3o caixa de incorpora\u00e7\u00e3o\u00a0NCEV-90CS 1 telefone\u00a0 T-510R \u00a0\u00a0com chamada eletr\u00f4nica \u00a0Transformador\u00a0TF-104 At\u00e9 3 telefones no mesmo apartamento. Mecanismo de porta n\u00e3o inclu\u00eddo. Recomendado: CV-14P\/UNI\/SF\u00a0\u00a0(20600155) CV-24P\/UNI\/SF\u00a0\u00a0(20600253) CV-16P\/UNI\/SF\u00a0\u00a0(20600160) CV-26P\/UNI\/SF\u00a0\u00a0(20600158)<\/p>\n","protected":false},"featured_media":15552,"comment_status":"closed","ping_status":"closed","template":"","meta":[],"product_brand":[],"product_cat":[1157],"product_tag":[804,781,2919],"class_list":{"0":"post-15551","1":"product","2":"type-product","3":"status-publish","4":"has-post-thumbnail","6":"product_cat-kits-audio","7":"product_tag-audio","8":"product_tag-golmar","9":"product_tag-n4110","11":"first","12":"instock","13":"taxable","14":"shipping-taxable","15":"purchasable","16":"product-type-simple"},"yoast_head":"<!-- This site is optimized with the Yoast SEO plugin v26.5 - https:\/\/yoast.com\/wordpress\/plugins\/seo\/ -->\n<title>Kit de \u00e1udio NEXA para 1 apartamento N4110 - LuxPro<\/title>\n<meta name=\"description\" content=\"Instala\u00e7\u00e3o anal\u00f3gica 4+n Composto por: Painel de porta de \u00e1udio com 1 bot\u00e3o de press\u00e3o caixa de incorpora\u00e7\u00e3o\u00a0NCEV-90CS 1 telefone\u00a0 T-510R \u00a0\u00a0com chamada\" \/>\n<meta name=\"robots\" content=\"index, follow, max-snippet:-1, max-image-preview:large, max-video-preview:-1\" \/>\n<link rel=\"canonical\" href=\"https:\/\/luxpro.pt\/es\/produto\/kit-de-audio-nexa-para-1-apartamento-n4110\" \/>\n<meta property=\"og:locale\" content=\"es_ES\" \/>\n<meta property=\"og:type\" content=\"article\" \/>\n<meta property=\"og:title\" content=\"Kit de \u00e1udio NEXA para 1 apartamento N4110 - LuxPro\" \/>\n<meta property=\"og:description\" content=\"Instala\u00e7\u00e3o anal\u00f3gica 4+n Composto por: Painel de porta de \u00e1udio com 1 bot\u00e3o de press\u00e3o caixa de incorpora\u00e7\u00e3o\u00a0NCEV-90CS 1 telefone\u00a0 T-510R \u00a0\u00a0com chamada\" \/>\n<meta property=\"og:url\" content=\"https:\/\/luxpro.pt\/es\/produto\/kit-de-audio-nexa-para-1-apartamento-n4110\" \/>\n<meta property=\"og:site_name\" content=\"LuxPro\" \/>\n<meta property=\"og:image\" content=\"https:\/\/luxpro.pt\/wp-content\/uploads\/2026\/03\/11854110_N4110_T-500.png\" \/>\n\t<meta property=\"og:image:width\" content=\"1500\" \/>\n\t<meta property=\"og:image:height\" content=\"1500\" \/>\n\t<meta property=\"og:image:type\" content=\"image\/png\" \/>\n<meta name=\"twitter:card\" content=\"summary_large_image\" \/>\n<meta name=\"twitter:label1\" content=\"Tiempo de lectura\" \/>\n\t<meta name=\"twitter:data1\" content=\"1 minuto\" \/>\n<script type=\"application\/ld+json\" class=\"yoast-schema-graph\">{\"@context\":\"https:\/\/schema.org\",\"@graph\":[{\"@type\":\"WebPage\",\"@id\":\"https:\/\/luxpro.pt\/es\/produto\/kit-de-audio-nexa-para-1-apartamento-n4110\",\"url\":\"https:\/\/luxpro.pt\/es\/produto\/kit-de-audio-nexa-para-1-apartamento-n4110\",\"name\":\"Kit de \u00e1udio NEXA para 1 apartamento N4110 - LuxPro\",\"isPartOf\":{\"@id\":\"https:\/\/luxpro.pt\/es#website\"},\"primaryImageOfPage\":{\"@id\":\"https:\/\/luxpro.pt\/es\/produto\/kit-de-audio-nexa-para-1-apartamento-n4110#primaryimage\"},\"image\":{\"@id\":\"https:\/\/luxpro.pt\/es\/produto\/kit-de-audio-nexa-para-1-apartamento-n4110#primaryimage\"},\"thumbnailUrl\":\"https:\/\/luxpro.pt\/wp-content\/uploads\/2026\/03\/11854110_N4110_T-500.png\",\"datePublished\":\"2026-03-09T18:55:23+00:00\",\"description\":\"Instala\u00e7\u00e3o anal\u00f3gica 4+n Composto por: Painel de porta de \u00e1udio com 1 bot\u00e3o de press\u00e3o caixa de incorpora\u00e7\u00e3o\u00a0NCEV-90CS 1 telefone\u00a0 T-510R \u00a0\u00a0com chamada\",\"breadcrumb\":{\"@id\":\"https:\/\/luxpro.pt\/es\/produto\/kit-de-audio-nexa-para-1-apartamento-n4110#breadcrumb\"},\"inLanguage\":\"es\",\"potentialAction\":[{\"@type\":\"ReadAction\",\"target\":[\"https:\/\/luxpro.pt\/es\/produto\/kit-de-audio-nexa-para-1-apartamento-n4110\"]}]},{\"@type\":\"ImageObject\",\"inLanguage\":\"es\",\"@id\":\"https:\/\/luxpro.pt\/es\/produto\/kit-de-audio-nexa-para-1-apartamento-n4110#primaryimage\",\"url\":\"https:\/\/luxpro.pt\/wp-content\/uploads\/2026\/03\/11854110_N4110_T-500.png\",\"contentUrl\":\"https:\/\/luxpro.pt\/wp-content\/uploads\/2026\/03\/11854110_N4110_T-500.png\",\"width\":1500,\"height\":1500},{\"@type\":\"BreadcrumbList\",\"@id\":\"https:\/\/luxpro.pt\/es\/produto\/kit-de-audio-nexa-para-1-apartamento-n4110#breadcrumb\",\"itemListElement\":[{\"@type\":\"ListItem\",\"position\":1,\"name\":\"In\u00edcio\",\"item\":\"https:\/\/luxpro.pt\/es\"},{\"@type\":\"ListItem\",\"position\":2,\"name\":\"Loja\",\"item\":\"https:\/\/luxpro.pt\/loja\"},{\"@type\":\"ListItem\",\"position\":3,\"name\":\"Kit de \u00e1udio NEXA para 1 apartamento N4110\"}]},{\"@type\":\"WebSite\",\"@id\":\"https:\/\/luxpro.pt\/es#website\",\"url\":\"https:\/\/luxpro.pt\/es\",\"name\":\"LuxPro\",\"description\":\"\",\"publisher\":{\"@id\":\"https:\/\/luxpro.pt\/es#\/schema\/person\/2d1bed59a52ad49be71622bef025e341\"},\"potentialAction\":[{\"@type\":\"SearchAction\",\"target\":{\"@type\":\"EntryPoint\",\"urlTemplate\":\"https:\/\/luxpro.pt\/es?s={search_term_string}\"},\"query-input\":{\"@type\":\"PropertyValueSpecification\",\"valueRequired\":true,\"valueName\":\"search_term_string\"}}],\"inLanguage\":\"es\"},{\"@type\":[\"Person\",\"Organization\"],\"@id\":\"https:\/\/luxpro.pt\/es#\/schema\/person\/2d1bed59a52ad49be71622bef025e341\",\"name\":\"Tiago Amadeu Ferreira\",\"image\":{\"@type\":\"ImageObject\",\"inLanguage\":\"es\",\"@id\":\"https:\/\/luxpro.pt\/es#\/schema\/person\/image\/\",\"url\":\"https:\/\/luxpro.pt\/wp-content\/uploads\/2017\/11\/logo.jpg\",\"contentUrl\":\"https:\/\/luxpro.pt\/wp-content\/uploads\/2017\/11\/logo.jpg\",\"width\":150,\"height\":33,\"caption\":\"Tiago Amadeu Ferreira\"},\"logo\":{\"@id\":\"https:\/\/luxpro.pt\/es#\/schema\/person\/image\/\"}}]}<\/script>\n<!-- \/ Yoast SEO plugin. -->","yoast_head_json":{"title":"Kit de \u00e1udio NEXA para 1 apartamento N4110 - LuxPro","description":"Instala\u00e7\u00e3o anal\u00f3gica 4+n Composto por: Painel de porta de \u00e1udio com 1 bot\u00e3o de press\u00e3o caixa de incorpora\u00e7\u00e3o\u00a0NCEV-90CS 1 telefone\u00a0 T-510R \u00a0\u00a0com chamada","robots":{"index":"index","follow":"follow","max-snippet":"max-snippet:-1","max-image-preview":"max-image-preview:large","max-video-preview":"max-video-preview:-1"},"canonical":"https:\/\/luxpro.pt\/es\/produto\/kit-de-audio-nexa-para-1-apartamento-n4110","og_locale":"es_ES","og_type":"article","og_title":"Kit de \u00e1udio NEXA para 1 apartamento N4110 - LuxPro","og_description":"Instala\u00e7\u00e3o anal\u00f3gica 4+n Composto por: Painel de porta de \u00e1udio com 1 bot\u00e3o de press\u00e3o caixa de incorpora\u00e7\u00e3o\u00a0NCEV-90CS 1 telefone\u00a0 T-510R \u00a0\u00a0com chamada","og_url":"https:\/\/luxpro.pt\/es\/produto\/kit-de-audio-nexa-para-1-apartamento-n4110","og_site_name":"LuxPro","og_image":[{"width":1500,"height":1500,"url":"https:\/\/luxpro.pt\/wp-content\/uploads\/2026\/03\/11854110_N4110_T-500.png","type":"image\/png"}],"twitter_card":"summary_large_image","twitter_misc":{"Tiempo de lectura":"1 minuto"},"schema":{"@context":"https:\/\/schema.org","@graph":[{"@type":"WebPage","@id":"https:\/\/luxpro.pt\/es\/produto\/kit-de-audio-nexa-para-1-apartamento-n4110","url":"https:\/\/luxpro.pt\/es\/produto\/kit-de-audio-nexa-para-1-apartamento-n4110","name":"Kit de \u00e1udio NEXA para 1 apartamento N4110 - LuxPro","isPartOf":{"@id":"https:\/\/luxpro.pt\/es#website"},"primaryImageOfPage":{"@id":"https:\/\/luxpro.pt\/es\/produto\/kit-de-audio-nexa-para-1-apartamento-n4110#primaryimage"},"image":{"@id":"https:\/\/luxpro.pt\/es\/produto\/kit-de-audio-nexa-para-1-apartamento-n4110#primaryimage"},"thumbnailUrl":"https:\/\/luxpro.pt\/wp-content\/uploads\/2026\/03\/11854110_N4110_T-500.png","datePublished":"2026-03-09T18:55:23+00:00","description":"Instala\u00e7\u00e3o anal\u00f3gica 4+n Composto por: Painel de porta de \u00e1udio com 1 bot\u00e3o de press\u00e3o caixa de incorpora\u00e7\u00e3o\u00a0NCEV-90CS 1 telefone\u00a0 T-510R \u00a0\u00a0com chamada","breadcrumb":{"@id":"https:\/\/luxpro.pt\/es\/produto\/kit-de-audio-nexa-para-1-apartamento-n4110#breadcrumb"},"inLanguage":"es","potentialAction":[{"@type":"ReadAction","target":["https:\/\/luxpro.pt\/es\/produto\/kit-de-audio-nexa-para-1-apartamento-n4110"]}]},{"@type":"ImageObject","inLanguage":"es","@id":"https:\/\/luxpro.pt\/es\/produto\/kit-de-audio-nexa-para-1-apartamento-n4110#primaryimage","url":"https:\/\/luxpro.pt\/wp-content\/uploads\/2026\/03\/11854110_N4110_T-500.png","contentUrl":"https:\/\/luxpro.pt\/wp-content\/uploads\/2026\/03\/11854110_N4110_T-500.png","width":1500,"height":1500},{"@type":"BreadcrumbList","@id":"https:\/\/luxpro.pt\/es\/produto\/kit-de-audio-nexa-para-1-apartamento-n4110#breadcrumb","itemListElement":[{"@type":"ListItem","position":1,"name":"In\u00edcio","item":"https:\/\/luxpro.pt\/es"},{"@type":"ListItem","position":2,"name":"Loja","item":"https:\/\/luxpro.pt\/loja"},{"@type":"ListItem","position":3,"name":"Kit de \u00e1udio NEXA para 1 apartamento N4110"}]},{"@type":"WebSite","@id":"https:\/\/luxpro.pt\/es#website","url":"https:\/\/luxpro.pt\/es","name":"LuxPro","description":"","publisher":{"@id":"https:\/\/luxpro.pt\/es#\/schema\/person\/2d1bed59a52ad49be71622bef025e341"},"potentialAction":[{"@type":"SearchAction","target":{"@type":"EntryPoint","urlTemplate":"https:\/\/luxpro.pt\/es?s={search_term_string}"},"query-input":{"@type":"PropertyValueSpecification","valueRequired":true,"valueName":"search_term_string"}}],"inLanguage":"es"},{"@type":["Person","Organization"],"@id":"https:\/\/luxpro.pt\/es#\/schema\/person\/2d1bed59a52ad49be71622bef025e341","name":"Tiago Amadeu Ferreira","image":{"@type":"ImageObject","inLanguage":"es","@id":"https:\/\/luxpro.pt\/es#\/schema\/person\/image\/","url":"https:\/\/luxpro.pt\/wp-content\/uploads\/2017\/11\/logo.jpg","contentUrl":"https:\/\/luxpro.pt\/wp-content\/uploads\/2017\/11\/logo.jpg","width":150,"height":33,"caption":"Tiago Amadeu Ferreira"},"logo":{"@id":"https:\/\/luxpro.pt\/es#\/schema\/person\/image\/"}}]}},"tiered_pricing_type":"fixed","tiered_pricing_fixed_rules":[],"tiered_pricing_product_settings":{"layout":"default","base_unit_name":{"singular":null,"plural":null},"default_variation":null},"tiered_pricing_minimum_quantity":null,"tiered_pricing_roles_data":[],"tiered_pricing_percentage_rules":[],"_links":{"self":[{"href":"https:\/\/luxpro.pt\/es\/wp-json\/wp\/v2\/product\/15551","targetHints":{"allow":["GET"]}}],"collection":[{"href":"https:\/\/luxpro.pt\/es\/wp-json\/wp\/v2\/product"}],"about":[{"href":"https:\/\/luxpro.pt\/es\/wp-json\/wp\/v2\/types\/product"}],"replies":[{"embeddable":true,"href":"https:\/\/luxpro.pt\/es\/wp-json\/wp\/v2\/comments?post=15551"}],"wp:featuredmedia":[{"embeddable":true,"href":"https:\/\/luxpro.pt\/es\/wp-json\/wp\/v2\/media\/15552"}],"wp:attachment":[{"href":"https:\/\/luxpro.pt\/es\/wp-json\/wp\/v2\/media?parent=15551"}],"wp:term":[{"taxonomy":"product_brand","embeddable":true,"href":"https:\/\/luxpro.pt\/es\/wp-json\/wp\/v2\/product_brand?post=15551"},{"taxonomy":"product_cat","embeddable":true,"href":"https:\/\/luxpro.pt\/es\/wp-json\/wp\/v2\/product_cat?post=15551"},{"taxonomy":"product_tag","embeddable":true,"href":"https:\/\/luxpro.pt\/es\/wp-json\/wp\/v2\/product_tag?post=15551"}],"curies":[{"name":"wp","href":"https:\/\/api.w.org\/{rel}","templated":true}]}}