{"id":1561,"date":"2019-03-12T12:55:53","date_gmt":"2019-03-12T12:55:53","guid":{"rendered":"https:\/\/luxpro.pt\/?post_type=product&#038;p=1561"},"modified":"2023-06-23T09:52:41","modified_gmt":"2023-06-23T08:52:41","slug":"lampada-led-6w-e27-a60","status":"publish","type":"product","link":"https:\/\/luxpro.pt\/es\/produto\/lampada-led-6w-e27-a60","title":{"rendered":"L\u00e2mpada LED 6W E27 A60"},"content":{"rendered":"<p>Formatos familiares que adora. Usam cerca de 80% menos de energia do que as l\u00e2mpadas tradicionais gra\u00e7as \u00e0 tecnologia LED economizadora mais recente e duram dez vezes mais. Com uma luz confort\u00e1vel para os seus olhos.<\/p>\n","protected":false},"excerpt":{"rendered":"<p>Formatos familiares que adora. Usam cerca de 80% menos de energia do que as l\u00e2mpadas tradicionais gra\u00e7as \u00e0 tecnologia LED economizadora mais recente e duram dez vezes mais. Com uma luz confort\u00e1vel para os seus olhos.<\/p>\n","protected":false},"featured_media":1562,"comment_status":"open","ping_status":"closed","template":"","meta":[],"product_brand":[],"product_cat":[517],"product_tag":[],"class_list":{"0":"post-1561","1":"product","2":"type-product","3":"status-publish","4":"has-post-thumbnail","6":"product_cat-lampadas","7":"pa_cor-do-led-3000k","8":"pa_cor-do-led-6000k","9":"pa_suporte-de-lampada-e27","11":"first","12":"instock","13":"taxable","14":"shipping-taxable","15":"purchasable","16":"product-type-variable"},"yoast_head":"<!-- This site is optimized with the Yoast SEO plugin v26.5 - https:\/\/yoast.com\/wordpress\/plugins\/seo\/ -->\n<title>L\u00e2mpada LED 6W E27 A60 - LuxPro<\/title>\n<meta name=\"description\" content=\"Formatos familiares que adora. Usam cerca de 80% menos de energia do que as l\u00e2mpadas tradicionais gra\u00e7as \u00e0 tecnologia LED economizadora mais recente e\" \/>\n<meta name=\"robots\" content=\"index, follow, max-snippet:-1, max-image-preview:large, max-video-preview:-1\" \/>\n<link rel=\"canonical\" href=\"https:\/\/luxpro.pt\/es\/produto\/lampada-led-6w-e27-a60\" \/>\n<meta property=\"og:locale\" content=\"es_ES\" \/>\n<meta property=\"og:type\" content=\"article\" \/>\n<meta property=\"og:title\" content=\"L\u00e2mpada LED 6W E27 A60 - LuxPro\" \/>\n<meta property=\"og:description\" content=\"Formatos familiares que adora. Usam cerca de 80% menos de energia do que as l\u00e2mpadas tradicionais gra\u00e7as \u00e0 tecnologia LED economizadora mais recente e\" \/>\n<meta property=\"og:url\" content=\"https:\/\/luxpro.pt\/es\/produto\/lampada-led-6w-e27-a60\" \/>\n<meta property=\"og:site_name\" content=\"LuxPro\" \/>\n<meta property=\"article:modified_time\" content=\"2023-06-23T08:52:41+00:00\" \/>\n<meta property=\"og:image\" content=\"https:\/\/luxpro.pt\/wp-content\/uploads\/2019\/03\/LAMPADA-E27-A60.jpg\" \/>\n\t<meta property=\"og:image:width\" content=\"1000\" \/>\n\t<meta property=\"og:image:height\" content=\"1000\" \/>\n\t<meta property=\"og:image:type\" content=\"image\/jpeg\" \/>\n<meta name=\"twitter:card\" content=\"summary_large_image\" \/>\n<meta name=\"twitter:label1\" content=\"Tiempo de lectura\" \/>\n\t<meta name=\"twitter:data1\" content=\"1 minuto\" \/>\n<script type=\"application\/ld+json\" class=\"yoast-schema-graph\">{\"@context\":\"https:\/\/schema.org\",\"@graph\":[{\"@type\":\"WebPage\",\"@id\":\"https:\/\/luxpro.pt\/es\/produto\/lampada-led-6w-e27-a60\",\"url\":\"https:\/\/luxpro.pt\/es\/produto\/lampada-led-6w-e27-a60\",\"name\":\"L\u00e2mpada LED 6W E27 A60 - LuxPro\",\"isPartOf\":{\"@id\":\"https:\/\/luxpro.pt\/es#website\"},\"primaryImageOfPage\":{\"@id\":\"https:\/\/luxpro.pt\/es\/produto\/lampada-led-6w-e27-a60#primaryimage\"},\"image\":{\"@id\":\"https:\/\/luxpro.pt\/es\/produto\/lampada-led-6w-e27-a60#primaryimage\"},\"thumbnailUrl\":\"https:\/\/luxpro.pt\/wp-content\/uploads\/2019\/03\/LAMPADA-E27-A60.jpg\",\"datePublished\":\"2019-03-12T12:55:53+00:00\",\"dateModified\":\"2023-06-23T08:52:41+00:00\",\"description\":\"Formatos familiares que adora. Usam cerca de 80% menos de energia do que as l\u00e2mpadas tradicionais gra\u00e7as \u00e0 tecnologia LED economizadora mais recente e\",\"breadcrumb\":{\"@id\":\"https:\/\/luxpro.pt\/es\/produto\/lampada-led-6w-e27-a60#breadcrumb\"},\"inLanguage\":\"es\",\"potentialAction\":[{\"@type\":\"ReadAction\",\"target\":[\"https:\/\/luxpro.pt\/es\/produto\/lampada-led-6w-e27-a60\"]}]},{\"@type\":\"ImageObject\",\"inLanguage\":\"es\",\"@id\":\"https:\/\/luxpro.pt\/es\/produto\/lampada-led-6w-e27-a60#primaryimage\",\"url\":\"https:\/\/luxpro.pt\/wp-content\/uploads\/2019\/03\/LAMPADA-E27-A60.jpg\",\"contentUrl\":\"https:\/\/luxpro.pt\/wp-content\/uploads\/2019\/03\/LAMPADA-E27-A60.jpg\",\"width\":1000,\"height\":1000},{\"@type\":\"BreadcrumbList\",\"@id\":\"https:\/\/luxpro.pt\/es\/produto\/lampada-led-6w-e27-a60#breadcrumb\",\"itemListElement\":[{\"@type\":\"ListItem\",\"position\":1,\"name\":\"In\u00edcio\",\"item\":\"https:\/\/luxpro.pt\/es\"},{\"@type\":\"ListItem\",\"position\":2,\"name\":\"Loja\",\"item\":\"https:\/\/luxpro.pt\/loja\"},{\"@type\":\"ListItem\",\"position\":3,\"name\":\"L\u00e2mpada LED 6W E27 A60\"}]},{\"@type\":\"WebSite\",\"@id\":\"https:\/\/luxpro.pt\/es#website\",\"url\":\"https:\/\/luxpro.pt\/es\",\"name\":\"LuxPro\",\"description\":\"\",\"publisher\":{\"@id\":\"https:\/\/luxpro.pt\/es#\/schema\/person\/2d1bed59a52ad49be71622bef025e341\"},\"potentialAction\":[{\"@type\":\"SearchAction\",\"target\":{\"@type\":\"EntryPoint\",\"urlTemplate\":\"https:\/\/luxpro.pt\/es?s={search_term_string}\"},\"query-input\":{\"@type\":\"PropertyValueSpecification\",\"valueRequired\":true,\"valueName\":\"search_term_string\"}}],\"inLanguage\":\"es\"},{\"@type\":[\"Person\",\"Organization\"],\"@id\":\"https:\/\/luxpro.pt\/es#\/schema\/person\/2d1bed59a52ad49be71622bef025e341\",\"name\":\"Tiago Amadeu Ferreira\",\"image\":{\"@type\":\"ImageObject\",\"inLanguage\":\"es\",\"@id\":\"https:\/\/luxpro.pt\/es#\/schema\/person\/image\/\",\"url\":\"https:\/\/luxpro.pt\/wp-content\/uploads\/2017\/11\/logo.jpg\",\"contentUrl\":\"https:\/\/luxpro.pt\/wp-content\/uploads\/2017\/11\/logo.jpg\",\"width\":150,\"height\":33,\"caption\":\"Tiago Amadeu Ferreira\"},\"logo\":{\"@id\":\"https:\/\/luxpro.pt\/es#\/schema\/person\/image\/\"}}]}<\/script>\n<!-- \/ Yoast SEO plugin. -->","yoast_head_json":{"title":"L\u00e2mpada LED 6W E27 A60 - LuxPro","description":"Formatos familiares que adora. Usam cerca de 80% menos de energia do que as l\u00e2mpadas tradicionais gra\u00e7as \u00e0 tecnologia LED economizadora mais recente e","robots":{"index":"index","follow":"follow","max-snippet":"max-snippet:-1","max-image-preview":"max-image-preview:large","max-video-preview":"max-video-preview:-1"},"canonical":"https:\/\/luxpro.pt\/es\/produto\/lampada-led-6w-e27-a60","og_locale":"es_ES","og_type":"article","og_title":"L\u00e2mpada LED 6W E27 A60 - LuxPro","og_description":"Formatos familiares que adora. Usam cerca de 80% menos de energia do que as l\u00e2mpadas tradicionais gra\u00e7as \u00e0 tecnologia LED economizadora mais recente e","og_url":"https:\/\/luxpro.pt\/es\/produto\/lampada-led-6w-e27-a60","og_site_name":"LuxPro","article_modified_time":"2023-06-23T08:52:41+00:00","og_image":[{"width":1000,"height":1000,"url":"https:\/\/luxpro.pt\/wp-content\/uploads\/2019\/03\/LAMPADA-E27-A60.jpg","type":"image\/jpeg"}],"twitter_card":"summary_large_image","twitter_misc":{"Tiempo de lectura":"1 minuto"},"schema":{"@context":"https:\/\/schema.org","@graph":[{"@type":"WebPage","@id":"https:\/\/luxpro.pt\/es\/produto\/lampada-led-6w-e27-a60","url":"https:\/\/luxpro.pt\/es\/produto\/lampada-led-6w-e27-a60","name":"L\u00e2mpada LED 6W E27 A60 - LuxPro","isPartOf":{"@id":"https:\/\/luxpro.pt\/es#website"},"primaryImageOfPage":{"@id":"https:\/\/luxpro.pt\/es\/produto\/lampada-led-6w-e27-a60#primaryimage"},"image":{"@id":"https:\/\/luxpro.pt\/es\/produto\/lampada-led-6w-e27-a60#primaryimage"},"thumbnailUrl":"https:\/\/luxpro.pt\/wp-content\/uploads\/2019\/03\/LAMPADA-E27-A60.jpg","datePublished":"2019-03-12T12:55:53+00:00","dateModified":"2023-06-23T08:52:41+00:00","description":"Formatos familiares que adora. Usam cerca de 80% menos de energia do que as l\u00e2mpadas tradicionais gra\u00e7as \u00e0 tecnologia LED economizadora mais recente e","breadcrumb":{"@id":"https:\/\/luxpro.pt\/es\/produto\/lampada-led-6w-e27-a60#breadcrumb"},"inLanguage":"es","potentialAction":[{"@type":"ReadAction","target":["https:\/\/luxpro.pt\/es\/produto\/lampada-led-6w-e27-a60"]}]},{"@type":"ImageObject","inLanguage":"es","@id":"https:\/\/luxpro.pt\/es\/produto\/lampada-led-6w-e27-a60#primaryimage","url":"https:\/\/luxpro.pt\/wp-content\/uploads\/2019\/03\/LAMPADA-E27-A60.jpg","contentUrl":"https:\/\/luxpro.pt\/wp-content\/uploads\/2019\/03\/LAMPADA-E27-A60.jpg","width":1000,"height":1000},{"@type":"BreadcrumbList","@id":"https:\/\/luxpro.pt\/es\/produto\/lampada-led-6w-e27-a60#breadcrumb","itemListElement":[{"@type":"ListItem","position":1,"name":"In\u00edcio","item":"https:\/\/luxpro.pt\/es"},{"@type":"ListItem","position":2,"name":"Loja","item":"https:\/\/luxpro.pt\/loja"},{"@type":"ListItem","position":3,"name":"L\u00e2mpada LED 6W E27 A60"}]},{"@type":"WebSite","@id":"https:\/\/luxpro.pt\/es#website","url":"https:\/\/luxpro.pt\/es","name":"LuxPro","description":"","publisher":{"@id":"https:\/\/luxpro.pt\/es#\/schema\/person\/2d1bed59a52ad49be71622bef025e341"},"potentialAction":[{"@type":"SearchAction","target":{"@type":"EntryPoint","urlTemplate":"https:\/\/luxpro.pt\/es?s={search_term_string}"},"query-input":{"@type":"PropertyValueSpecification","valueRequired":true,"valueName":"search_term_string"}}],"inLanguage":"es"},{"@type":["Person","Organization"],"@id":"https:\/\/luxpro.pt\/es#\/schema\/person\/2d1bed59a52ad49be71622bef025e341","name":"Tiago Amadeu Ferreira","image":{"@type":"ImageObject","inLanguage":"es","@id":"https:\/\/luxpro.pt\/es#\/schema\/person\/image\/","url":"https:\/\/luxpro.pt\/wp-content\/uploads\/2017\/11\/logo.jpg","contentUrl":"https:\/\/luxpro.pt\/wp-content\/uploads\/2017\/11\/logo.jpg","width":150,"height":33,"caption":"Tiago Amadeu Ferreira"},"logo":{"@id":"https:\/\/luxpro.pt\/es#\/schema\/person\/image\/"}}]}},"tiered_pricing_type":"fixed","tiered_pricing_fixed_rules":[],"tiered_pricing_product_settings":{"layout":"default","base_unit_name":{"singular":null,"plural":null},"default_variation":null},"tiered_pricing_minimum_quantity":null,"tiered_pricing_roles_data":[],"tiered_pricing_percentage_rules":[],"_links":{"self":[{"href":"https:\/\/luxpro.pt\/es\/wp-json\/wp\/v2\/product\/1561","targetHints":{"allow":["GET"]}}],"collection":[{"href":"https:\/\/luxpro.pt\/es\/wp-json\/wp\/v2\/product"}],"about":[{"href":"https:\/\/luxpro.pt\/es\/wp-json\/wp\/v2\/types\/product"}],"replies":[{"embeddable":true,"href":"https:\/\/luxpro.pt\/es\/wp-json\/wp\/v2\/comments?post=1561"}],"wp:featuredmedia":[{"embeddable":true,"href":"https:\/\/luxpro.pt\/es\/wp-json\/wp\/v2\/media\/1562"}],"wp:attachment":[{"href":"https:\/\/luxpro.pt\/es\/wp-json\/wp\/v2\/media?parent=1561"}],"wp:term":[{"taxonomy":"product_brand","embeddable":true,"href":"https:\/\/luxpro.pt\/es\/wp-json\/wp\/v2\/product_brand?post=1561"},{"taxonomy":"product_cat","embeddable":true,"href":"https:\/\/luxpro.pt\/es\/wp-json\/wp\/v2\/product_cat?post=1561"},{"taxonomy":"product_tag","embeddable":true,"href":"https:\/\/luxpro.pt\/es\/wp-json\/wp\/v2\/product_tag?post=1561"}],"curies":[{"name":"wp","href":"https:\/\/api.w.org\/{rel}","templated":true}]}}