{"id":1725,"date":"2019-03-14T15:57:06","date_gmt":"2019-03-14T15:57:06","guid":{"rendered":"https:\/\/luxpro.pt\/?post_type=product&#038;p=1725"},"modified":"2024-08-06T18:53:19","modified_gmt":"2024-08-06T17:53:19","slug":"video-porteiro-s5110-art-golmar","status":"publish","type":"product","link":"https:\/\/luxpro.pt\/es\/produto\/video-porteiro-s5110-art-golmar","title":{"rendered":"Kit de V\u00eddeo Porteiro SOUL S5110\/ART 7w C\/ Wifi Golmar"},"content":{"rendered":"<p>SOUL \/ 1 painel externo \u00e0 prova de vandalismo para um bot\u00e3o de chamada.<\/p>\n<p>Monitor ART 7W \/ G2 + 7 &#8220;m\u00e3os livres com Wifi integrado.<\/p>\n<p>Conjunto de chaves de usu\u00e1rio TAGSET \/<\/p>\n<p>Fonte de alimenta\u00e7\u00e3o FA-G2 +<\/p>\n<p>MONITOR DE ARTE 7W \/ G2 +<\/p>\n<p>Monitor de m\u00e3os livres para instala\u00e7\u00e3o em superf\u00edcie.7 &#8220;tela de toque capacitivo, bot\u00f5es de toque suave.Alto-falantes de alta efici\u00eancia.<br \/>\nEncaminhamento de chamadas atrav\u00e9s de WIFI para telefones celulares (app G2Call, dispon\u00edvel para Android e IOS).<br \/>\nComunica\u00e7\u00f5es de \u00e1udio, v\u00eddeo e abertura de portas secretas.<br \/>\nFun\u00e7\u00f5es de espi\u00e3o de v\u00eddeo, in\u00edcio autom\u00e1tico, modo m\u00e9dico e n\u00e3o perturbe.<br \/>\nIntercomunica\u00e7\u00e3o com outras unidades da casa seletivamente.<br \/>\nPersonaliza\u00e7\u00e3o de cor de fundo e toques.<br \/>\nMultilanguage, 16 idiomas dispon\u00edveis.<br \/>\nConex\u00e3o ao bot\u00e3o da porta de entrada, que economiza o uso da campainha.<br \/>\nMem\u00f3ria de imagem, at\u00e9 100 fotos no armazenamento interno. Slot de cart\u00e3o Micro SD para grava\u00e7\u00e3o de v\u00eddeo.<br \/>\nFuncionalidade de elimina\u00e7\u00e3o autom\u00e1tica de imagens ap\u00f3s 30 dias.<br \/>\nDimens\u00f5es: 222 (L) x 154 (A) x 15 (D) mm.<br \/>\nAt\u00e9 4 monitores na mesma casa sem energia adicional.<br \/>\nFonte de alimenta\u00e7\u00e3o FA-G2 +.<br \/>\nUse 12V d.c. libera\u00e7\u00e3o de bloqueio (n\u00e3o inclui a libera\u00e7\u00e3o de bloqueio).<br \/>\nLibera\u00e7\u00e3o de trava recomendada: CV-24P \/ UNI (20600252).<\/p>\n<p>PAINEL DE ALMA ANTI-VANDAL<br \/>\nFrente Zamak em acabamento grafite.<br \/>\nC\u00e2mara CMOS 120\u00ba.<br \/>\nPainel da porta resistente a vandalismo (IK-07) e \u00e0 prova de intemp\u00e9ries (IP-44).<br \/>\nLEDs de in\u00edcio autom\u00e1tico, dependendo da ilumina\u00e7\u00e3o externa.<br \/>\nOs \u00edcones de guia de cores indicam os diferentes estados do sistema (chamada em andamento, comunica\u00e7\u00e3o, abertura da porta ou sistema ocupado).<br \/>\nBot\u00e3o de chamada met\u00e1lica.<br \/>\nComunica\u00e7\u00e3o secreta de \u00e1udio, v\u00eddeo e abertura de portas.<br \/>\nSa\u00edda de rel\u00e9 para ativa\u00e7\u00e3o de duas portas.<br \/>\nConex\u00e3o \u00e0 c\u00e2mera anal\u00f3gica de CCTV.<br \/>\nLeitor de proximidade RFID para 60 usu\u00e1rios (inclui 2 teclas de programa\u00e7\u00e3o e 5 teclas para usu\u00e1rios).<br \/>\nInstala\u00e7\u00e3o de superf\u00edcie.<br \/>\nDimens\u00f5es: 90 (L) x 170 (A) x 27 (D) mm.<\/p>\n","protected":false},"excerpt":{"rendered":"<p>SOUL \/ 1 painel externo \u00e0 prova de vandalismo para um bot\u00e3o de chamada. Monitor ART 7W \/ G2 + 7 &#8220;m\u00e3os livres com Wifi integrado. Conjunto de chaves de usu\u00e1rio TAGSET \/ Fonte de alimenta\u00e7\u00e3o FA-G2 + MONITOR DE ARTE 7W \/ G2 + Monitor de m\u00e3os livres para instala\u00e7\u00e3o em superf\u00edcie.7 &#8220;tela de toque capacitivo, bot\u00f5es de toque [&hellip;]<\/p>\n","protected":false},"featured_media":13745,"comment_status":"open","ping_status":"closed","template":"","meta":[],"product_brand":[],"product_cat":[663],"product_tag":[1327,1410,1412,1411,781,1217,785,1324],"class_list":{"0":"post-1725","1":"product","2":"type-product","3":"status-publish","4":"has-post-thumbnail","6":"product_cat-kits","7":"product_tag-art7","8":"product_tag-bpt","9":"product_tag-campainhas-casa","10":"product_tag-campainhas-wifi","11":"product_tag-golmar","12":"product_tag-s5110","13":"product_tag-videoporteiro","14":"product_tag-wifi","16":"first","17":"instock","18":"taxable","19":"shipping-taxable","20":"purchasable","21":"product-type-simple"},"yoast_head":"<!-- This site is optimized with the Yoast SEO plugin v26.5 - https:\/\/yoast.com\/wordpress\/plugins\/seo\/ -->\n<title>Kit de V\u00eddeo Porteiro SOUL S5110\/ART 7w C\/ Wifi Golmar - LuxPro<\/title>\n<meta name=\"description\" content=\"kit completo com liga\u00e7\u00e3o wifi, com chaves magn\u00e9ticas, f\u00e1cil utiliza\u00e7\u00e3o, aplica\u00e7\u00e3o no telem\u00f3vel, pode atender mesmo sem estar em casa\" \/>\n<meta name=\"robots\" content=\"index, follow, max-snippet:-1, max-image-preview:large, max-video-preview:-1\" \/>\n<link rel=\"canonical\" href=\"https:\/\/luxpro.pt\/es\/produto\/video-porteiro-s5110-art-golmar\" \/>\n<meta property=\"og:locale\" content=\"es_ES\" \/>\n<meta property=\"og:type\" content=\"article\" \/>\n<meta property=\"og:title\" content=\"Kit de V\u00eddeo Porteiro SOUL S5110\/ART 7w C\/ Wifi Golmar - LuxPro\" \/>\n<meta property=\"og:description\" content=\"kit completo com liga\u00e7\u00e3o wifi, com chaves magn\u00e9ticas, f\u00e1cil utiliza\u00e7\u00e3o, aplica\u00e7\u00e3o no telem\u00f3vel, pode atender mesmo sem estar em casa\" \/>\n<meta property=\"og:url\" content=\"https:\/\/luxpro.pt\/es\/produto\/video-porteiro-s5110-art-golmar\" \/>\n<meta property=\"og:site_name\" content=\"LuxPro\" \/>\n<meta property=\"article:modified_time\" content=\"2024-08-06T17:53:19+00:00\" \/>\n<meta property=\"og:image\" content=\"https:\/\/luxpro.pt\/wp-content\/uploads\/2019\/03\/kit-video-color-1-vivienda-wifi-s5110art-7w-golmar-12205118-800x800_lUngICg.jpg\" \/>\n\t<meta property=\"og:image:width\" content=\"800\" \/>\n\t<meta property=\"og:image:height\" content=\"546\" \/>\n\t<meta property=\"og:image:type\" content=\"image\/jpeg\" \/>\n<meta name=\"twitter:card\" content=\"summary_large_image\" \/>\n<meta name=\"twitter:label1\" content=\"Tiempo de lectura\" \/>\n\t<meta name=\"twitter:data1\" content=\"2 minutos\" \/>\n<script type=\"application\/ld+json\" class=\"yoast-schema-graph\">{\"@context\":\"https:\/\/schema.org\",\"@graph\":[{\"@type\":\"WebPage\",\"@id\":\"https:\/\/luxpro.pt\/es\/produto\/video-porteiro-s5110-art-golmar\",\"url\":\"https:\/\/luxpro.pt\/es\/produto\/video-porteiro-s5110-art-golmar\",\"name\":\"Kit de V\u00eddeo Porteiro SOUL S5110\/ART 7w C\/ Wifi Golmar - LuxPro\",\"isPartOf\":{\"@id\":\"https:\/\/luxpro.pt\/es#website\"},\"primaryImageOfPage\":{\"@id\":\"https:\/\/luxpro.pt\/es\/produto\/video-porteiro-s5110-art-golmar#primaryimage\"},\"image\":{\"@id\":\"https:\/\/luxpro.pt\/es\/produto\/video-porteiro-s5110-art-golmar#primaryimage\"},\"thumbnailUrl\":\"https:\/\/luxpro.pt\/wp-content\/uploads\/2019\/03\/kit-video-color-1-vivienda-wifi-s5110art-7w-golmar-12205118-800x800_lUngICg.jpg\",\"datePublished\":\"2019-03-14T15:57:06+00:00\",\"dateModified\":\"2024-08-06T17:53:19+00:00\",\"description\":\"kit completo com liga\u00e7\u00e3o wifi, com chaves magn\u00e9ticas, f\u00e1cil utiliza\u00e7\u00e3o, aplica\u00e7\u00e3o no telem\u00f3vel, pode atender mesmo sem estar em casa\",\"breadcrumb\":{\"@id\":\"https:\/\/luxpro.pt\/es\/produto\/video-porteiro-s5110-art-golmar#breadcrumb\"},\"inLanguage\":\"es\",\"potentialAction\":[{\"@type\":\"ReadAction\",\"target\":[\"https:\/\/luxpro.pt\/es\/produto\/video-porteiro-s5110-art-golmar\"]}]},{\"@type\":\"ImageObject\",\"inLanguage\":\"es\",\"@id\":\"https:\/\/luxpro.pt\/es\/produto\/video-porteiro-s5110-art-golmar#primaryimage\",\"url\":\"https:\/\/luxpro.pt\/wp-content\/uploads\/2019\/03\/kit-video-color-1-vivienda-wifi-s5110art-7w-golmar-12205118-800x800_lUngICg.jpg\",\"contentUrl\":\"https:\/\/luxpro.pt\/wp-content\/uploads\/2019\/03\/kit-video-color-1-vivienda-wifi-s5110art-7w-golmar-12205118-800x800_lUngICg.jpg\",\"width\":800,\"height\":546},{\"@type\":\"BreadcrumbList\",\"@id\":\"https:\/\/luxpro.pt\/es\/produto\/video-porteiro-s5110-art-golmar#breadcrumb\",\"itemListElement\":[{\"@type\":\"ListItem\",\"position\":1,\"name\":\"In\u00edcio\",\"item\":\"https:\/\/luxpro.pt\/es\"},{\"@type\":\"ListItem\",\"position\":2,\"name\":\"Loja\",\"item\":\"https:\/\/luxpro.pt\/loja\"},{\"@type\":\"ListItem\",\"position\":3,\"name\":\"Kit de V\u00eddeo Porteiro SOUL S5110\/ART 7w C\/ Wifi Golmar\"}]},{\"@type\":\"WebSite\",\"@id\":\"https:\/\/luxpro.pt\/es#website\",\"url\":\"https:\/\/luxpro.pt\/es\",\"name\":\"LuxPro\",\"description\":\"\",\"publisher\":{\"@id\":\"https:\/\/luxpro.pt\/es#\/schema\/person\/2d1bed59a52ad49be71622bef025e341\"},\"potentialAction\":[{\"@type\":\"SearchAction\",\"target\":{\"@type\":\"EntryPoint\",\"urlTemplate\":\"https:\/\/luxpro.pt\/es?s={search_term_string}\"},\"query-input\":{\"@type\":\"PropertyValueSpecification\",\"valueRequired\":true,\"valueName\":\"search_term_string\"}}],\"inLanguage\":\"es\"},{\"@type\":[\"Person\",\"Organization\"],\"@id\":\"https:\/\/luxpro.pt\/es#\/schema\/person\/2d1bed59a52ad49be71622bef025e341\",\"name\":\"Tiago Amadeu Ferreira\",\"image\":{\"@type\":\"ImageObject\",\"inLanguage\":\"es\",\"@id\":\"https:\/\/luxpro.pt\/es#\/schema\/person\/image\/\",\"url\":\"https:\/\/luxpro.pt\/wp-content\/uploads\/2017\/11\/logo.jpg\",\"contentUrl\":\"https:\/\/luxpro.pt\/wp-content\/uploads\/2017\/11\/logo.jpg\",\"width\":150,\"height\":33,\"caption\":\"Tiago Amadeu Ferreira\"},\"logo\":{\"@id\":\"https:\/\/luxpro.pt\/es#\/schema\/person\/image\/\"}}]}<\/script>\n<!-- \/ Yoast SEO plugin. -->","yoast_head_json":{"title":"Kit de V\u00eddeo Porteiro SOUL S5110\/ART 7w C\/ Wifi Golmar - LuxPro","description":"kit completo com liga\u00e7\u00e3o wifi, com chaves magn\u00e9ticas, f\u00e1cil utiliza\u00e7\u00e3o, aplica\u00e7\u00e3o no telem\u00f3vel, pode atender mesmo sem estar em casa","robots":{"index":"index","follow":"follow","max-snippet":"max-snippet:-1","max-image-preview":"max-image-preview:large","max-video-preview":"max-video-preview:-1"},"canonical":"https:\/\/luxpro.pt\/es\/produto\/video-porteiro-s5110-art-golmar","og_locale":"es_ES","og_type":"article","og_title":"Kit de V\u00eddeo Porteiro SOUL S5110\/ART 7w C\/ Wifi Golmar - LuxPro","og_description":"kit completo com liga\u00e7\u00e3o wifi, com chaves magn\u00e9ticas, f\u00e1cil utiliza\u00e7\u00e3o, aplica\u00e7\u00e3o no telem\u00f3vel, pode atender mesmo sem estar em casa","og_url":"https:\/\/luxpro.pt\/es\/produto\/video-porteiro-s5110-art-golmar","og_site_name":"LuxPro","article_modified_time":"2024-08-06T17:53:19+00:00","og_image":[{"width":800,"height":546,"url":"https:\/\/luxpro.pt\/wp-content\/uploads\/2019\/03\/kit-video-color-1-vivienda-wifi-s5110art-7w-golmar-12205118-800x800_lUngICg.jpg","type":"image\/jpeg"}],"twitter_card":"summary_large_image","twitter_misc":{"Tiempo de lectura":"2 minutos"},"schema":{"@context":"https:\/\/schema.org","@graph":[{"@type":"WebPage","@id":"https:\/\/luxpro.pt\/es\/produto\/video-porteiro-s5110-art-golmar","url":"https:\/\/luxpro.pt\/es\/produto\/video-porteiro-s5110-art-golmar","name":"Kit de V\u00eddeo Porteiro SOUL S5110\/ART 7w C\/ Wifi Golmar - LuxPro","isPartOf":{"@id":"https:\/\/luxpro.pt\/es#website"},"primaryImageOfPage":{"@id":"https:\/\/luxpro.pt\/es\/produto\/video-porteiro-s5110-art-golmar#primaryimage"},"image":{"@id":"https:\/\/luxpro.pt\/es\/produto\/video-porteiro-s5110-art-golmar#primaryimage"},"thumbnailUrl":"https:\/\/luxpro.pt\/wp-content\/uploads\/2019\/03\/kit-video-color-1-vivienda-wifi-s5110art-7w-golmar-12205118-800x800_lUngICg.jpg","datePublished":"2019-03-14T15:57:06+00:00","dateModified":"2024-08-06T17:53:19+00:00","description":"kit completo com liga\u00e7\u00e3o wifi, com chaves magn\u00e9ticas, f\u00e1cil utiliza\u00e7\u00e3o, aplica\u00e7\u00e3o no telem\u00f3vel, pode atender mesmo sem estar em casa","breadcrumb":{"@id":"https:\/\/luxpro.pt\/es\/produto\/video-porteiro-s5110-art-golmar#breadcrumb"},"inLanguage":"es","potentialAction":[{"@type":"ReadAction","target":["https:\/\/luxpro.pt\/es\/produto\/video-porteiro-s5110-art-golmar"]}]},{"@type":"ImageObject","inLanguage":"es","@id":"https:\/\/luxpro.pt\/es\/produto\/video-porteiro-s5110-art-golmar#primaryimage","url":"https:\/\/luxpro.pt\/wp-content\/uploads\/2019\/03\/kit-video-color-1-vivienda-wifi-s5110art-7w-golmar-12205118-800x800_lUngICg.jpg","contentUrl":"https:\/\/luxpro.pt\/wp-content\/uploads\/2019\/03\/kit-video-color-1-vivienda-wifi-s5110art-7w-golmar-12205118-800x800_lUngICg.jpg","width":800,"height":546},{"@type":"BreadcrumbList","@id":"https:\/\/luxpro.pt\/es\/produto\/video-porteiro-s5110-art-golmar#breadcrumb","itemListElement":[{"@type":"ListItem","position":1,"name":"In\u00edcio","item":"https:\/\/luxpro.pt\/es"},{"@type":"ListItem","position":2,"name":"Loja","item":"https:\/\/luxpro.pt\/loja"},{"@type":"ListItem","position":3,"name":"Kit de V\u00eddeo Porteiro SOUL S5110\/ART 7w C\/ Wifi Golmar"}]},{"@type":"WebSite","@id":"https:\/\/luxpro.pt\/es#website","url":"https:\/\/luxpro.pt\/es","name":"LuxPro","description":"","publisher":{"@id":"https:\/\/luxpro.pt\/es#\/schema\/person\/2d1bed59a52ad49be71622bef025e341"},"potentialAction":[{"@type":"SearchAction","target":{"@type":"EntryPoint","urlTemplate":"https:\/\/luxpro.pt\/es?s={search_term_string}"},"query-input":{"@type":"PropertyValueSpecification","valueRequired":true,"valueName":"search_term_string"}}],"inLanguage":"es"},{"@type":["Person","Organization"],"@id":"https:\/\/luxpro.pt\/es#\/schema\/person\/2d1bed59a52ad49be71622bef025e341","name":"Tiago Amadeu Ferreira","image":{"@type":"ImageObject","inLanguage":"es","@id":"https:\/\/luxpro.pt\/es#\/schema\/person\/image\/","url":"https:\/\/luxpro.pt\/wp-content\/uploads\/2017\/11\/logo.jpg","contentUrl":"https:\/\/luxpro.pt\/wp-content\/uploads\/2017\/11\/logo.jpg","width":150,"height":33,"caption":"Tiago Amadeu Ferreira"},"logo":{"@id":"https:\/\/luxpro.pt\/es#\/schema\/person\/image\/"}}]}},"tiered_pricing_type":"fixed","tiered_pricing_fixed_rules":[],"tiered_pricing_product_settings":{"layout":"default","base_unit_name":{"singular":null,"plural":null},"default_variation":null},"tiered_pricing_minimum_quantity":null,"tiered_pricing_roles_data":[],"tiered_pricing_percentage_rules":[],"_links":{"self":[{"href":"https:\/\/luxpro.pt\/es\/wp-json\/wp\/v2\/product\/1725","targetHints":{"allow":["GET"]}}],"collection":[{"href":"https:\/\/luxpro.pt\/es\/wp-json\/wp\/v2\/product"}],"about":[{"href":"https:\/\/luxpro.pt\/es\/wp-json\/wp\/v2\/types\/product"}],"replies":[{"embeddable":true,"href":"https:\/\/luxpro.pt\/es\/wp-json\/wp\/v2\/comments?post=1725"}],"wp:featuredmedia":[{"embeddable":true,"href":"https:\/\/luxpro.pt\/es\/wp-json\/wp\/v2\/media\/13745"}],"wp:attachment":[{"href":"https:\/\/luxpro.pt\/es\/wp-json\/wp\/v2\/media?parent=1725"}],"wp:term":[{"taxonomy":"product_brand","embeddable":true,"href":"https:\/\/luxpro.pt\/es\/wp-json\/wp\/v2\/product_brand?post=1725"},{"taxonomy":"product_cat","embeddable":true,"href":"https:\/\/luxpro.pt\/es\/wp-json\/wp\/v2\/product_cat?post=1725"},{"taxonomy":"product_tag","embeddable":true,"href":"https:\/\/luxpro.pt\/es\/wp-json\/wp\/v2\/product_tag?post=1725"}],"curies":[{"name":"wp","href":"https:\/\/api.w.org\/{rel}","templated":true}]}}