{"id":1746,"date":"2019-03-14T18:05:17","date_gmt":"2019-03-14T18:05:17","guid":{"rendered":"https:\/\/luxpro.pt\/?post_type=product&#038;p=1746"},"modified":"2023-06-23T10:24:36","modified_gmt":"2023-06-23T09:24:36","slug":"armadura-de-emergencia-dl100-normalux","status":"publish","type":"product","link":"https:\/\/luxpro.pt\/es\/produto\/armadura-de-emergencia-dl100-normalux","title":{"rendered":"Armadura de Emerg\u00eancia DUNNA DL100 NORMALUX"},"content":{"rendered":"<p>Ilumina\u00e7\u00e3o de emerg\u00eancia DUNNA<\/p>\n<p>DL-100 feito por Normalux. Lumens 110 lm.<\/p>\n<p>Autonomia 1 h. Modo permanente de opera\u00e7\u00e3o.<\/p>\n<p>Tipo de instala\u00e7\u00e3o Superf\u00edcie. Fonte de luz LED. Bateria de Ni-Cd 2.4V \/ 750mAh. IP 42. IK 04. Vers\u00e3o Padr\u00e3o.<\/p>\n<p>Acabamento em branco. Difusor transparente. Carca\u00e7a feita de PC + ABS Auto-extingu\u00edvel.<\/p>\n<p>Pot\u00eancia 230V 50 \/ 60Hz. Dimens\u00f5es 322 x 120 x 52<\/p>\n<p>Fabricado com regulamento UNE 60598-2-22.<\/p>\n","protected":false},"excerpt":{"rendered":"<p>Ilumina\u00e7\u00e3o de emerg\u00eancia DUNNA DL-100 feito por Normalux. Lumens 110 lm. Autonomia 1 h. Modo permanente de opera\u00e7\u00e3o. Tipo de instala\u00e7\u00e3o Superf\u00edcie. Fonte de luz LED. Bateria de Ni-Cd 2.4V \/ 750mAh. IP 42. IK 04. Vers\u00e3o Padr\u00e3o. Acabamento em branco. Difusor transparente. Carca\u00e7a feita de PC + ABS Auto-extingu\u00edvel. Pot\u00eancia 230V 50 \/ 60Hz. Dimens\u00f5es 322 x 120 x [&hellip;]<\/p>\n","protected":false},"featured_media":1740,"comment_status":"open","ping_status":"closed","template":"","meta":[],"product_brand":[],"product_cat":[964,526],"product_tag":[],"class_list":{"0":"post-1746","1":"product","2":"type-product","3":"status-publish","4":"has-post-thumbnail","6":"product_cat-dunna","7":"product_cat-armadura-de-emergencia","9":"first","10":"instock","11":"taxable","12":"shipping-taxable","13":"purchasable","14":"product-type-simple"},"yoast_head":"<!-- This site is optimized with the Yoast SEO plugin v26.5 - https:\/\/yoast.com\/wordpress\/plugins\/seo\/ -->\n<title>Armadura de Emerg\u00eancia DUNNA DL100 NORMALUX - LuxPro<\/title>\n<meta name=\"description\" content=\"Ilumina\u00e7\u00e3o de emerg\u00eancia DUNNA DL-100 feito por Normalux. Lumens 110 lm. Autonomia 1 h. Modo permanente de opera\u00e7\u00e3o. Tipo de instala\u00e7\u00e3o Superf\u00edcie. Fonte\" \/>\n<meta name=\"robots\" content=\"index, follow, max-snippet:-1, max-image-preview:large, max-video-preview:-1\" \/>\n<link rel=\"canonical\" href=\"https:\/\/luxpro.pt\/es\/produto\/armadura-de-emergencia-dl100-normalux\" \/>\n<meta property=\"og:locale\" content=\"es_ES\" \/>\n<meta property=\"og:type\" content=\"article\" \/>\n<meta property=\"og:title\" content=\"Armadura de Emerg\u00eancia DUNNA DL100 NORMALUX - LuxPro\" \/>\n<meta property=\"og:description\" content=\"Ilumina\u00e7\u00e3o de emerg\u00eancia DUNNA DL-100 feito por Normalux. Lumens 110 lm. Autonomia 1 h. Modo permanente de opera\u00e7\u00e3o. Tipo de instala\u00e7\u00e3o Superf\u00edcie. Fonte\" \/>\n<meta property=\"og:url\" content=\"https:\/\/luxpro.pt\/es\/produto\/armadura-de-emergencia-dl100-normalux\" \/>\n<meta property=\"og:site_name\" content=\"LuxPro\" \/>\n<meta property=\"article:modified_time\" content=\"2023-06-23T09:24:36+00:00\" \/>\n<meta property=\"og:image\" content=\"https:\/\/luxpro.pt\/wp-content\/uploads\/2019\/03\/ARMADURA-EMERGENCIA.png\" \/>\n\t<meta property=\"og:image:width\" content=\"950\" \/>\n\t<meta property=\"og:image:height\" content=\"838\" \/>\n\t<meta property=\"og:image:type\" content=\"image\/png\" \/>\n<meta name=\"twitter:card\" content=\"summary_large_image\" \/>\n<meta name=\"twitter:label1\" content=\"Tiempo de lectura\" \/>\n\t<meta name=\"twitter:data1\" content=\"1 minuto\" \/>\n<script type=\"application\/ld+json\" class=\"yoast-schema-graph\">{\"@context\":\"https:\/\/schema.org\",\"@graph\":[{\"@type\":\"WebPage\",\"@id\":\"https:\/\/luxpro.pt\/es\/produto\/armadura-de-emergencia-dl100-normalux\",\"url\":\"https:\/\/luxpro.pt\/es\/produto\/armadura-de-emergencia-dl100-normalux\",\"name\":\"Armadura de Emerg\u00eancia DUNNA DL100 NORMALUX - LuxPro\",\"isPartOf\":{\"@id\":\"https:\/\/luxpro.pt\/es#website\"},\"primaryImageOfPage\":{\"@id\":\"https:\/\/luxpro.pt\/es\/produto\/armadura-de-emergencia-dl100-normalux#primaryimage\"},\"image\":{\"@id\":\"https:\/\/luxpro.pt\/es\/produto\/armadura-de-emergencia-dl100-normalux#primaryimage\"},\"thumbnailUrl\":\"https:\/\/luxpro.pt\/wp-content\/uploads\/2019\/03\/ARMADURA-EMERGENCIA.png\",\"datePublished\":\"2019-03-14T18:05:17+00:00\",\"dateModified\":\"2023-06-23T09:24:36+00:00\",\"description\":\"Ilumina\u00e7\u00e3o de emerg\u00eancia DUNNA DL-100 feito por Normalux. Lumens 110 lm. Autonomia 1 h. Modo permanente de opera\u00e7\u00e3o. Tipo de instala\u00e7\u00e3o Superf\u00edcie. Fonte\",\"breadcrumb\":{\"@id\":\"https:\/\/luxpro.pt\/es\/produto\/armadura-de-emergencia-dl100-normalux#breadcrumb\"},\"inLanguage\":\"es\",\"potentialAction\":[{\"@type\":\"ReadAction\",\"target\":[\"https:\/\/luxpro.pt\/es\/produto\/armadura-de-emergencia-dl100-normalux\"]}]},{\"@type\":\"ImageObject\",\"inLanguage\":\"es\",\"@id\":\"https:\/\/luxpro.pt\/es\/produto\/armadura-de-emergencia-dl100-normalux#primaryimage\",\"url\":\"https:\/\/luxpro.pt\/wp-content\/uploads\/2019\/03\/ARMADURA-EMERGENCIA.png\",\"contentUrl\":\"https:\/\/luxpro.pt\/wp-content\/uploads\/2019\/03\/ARMADURA-EMERGENCIA.png\",\"width\":950,\"height\":838},{\"@type\":\"BreadcrumbList\",\"@id\":\"https:\/\/luxpro.pt\/es\/produto\/armadura-de-emergencia-dl100-normalux#breadcrumb\",\"itemListElement\":[{\"@type\":\"ListItem\",\"position\":1,\"name\":\"In\u00edcio\",\"item\":\"https:\/\/luxpro.pt\/es\"},{\"@type\":\"ListItem\",\"position\":2,\"name\":\"Loja\",\"item\":\"https:\/\/luxpro.pt\/loja\"},{\"@type\":\"ListItem\",\"position\":3,\"name\":\"Armadura de Emerg\u00eancia DUNNA DL100 NORMALUX\"}]},{\"@type\":\"WebSite\",\"@id\":\"https:\/\/luxpro.pt\/es#website\",\"url\":\"https:\/\/luxpro.pt\/es\",\"name\":\"LuxPro\",\"description\":\"\",\"publisher\":{\"@id\":\"https:\/\/luxpro.pt\/es#\/schema\/person\/2d1bed59a52ad49be71622bef025e341\"},\"potentialAction\":[{\"@type\":\"SearchAction\",\"target\":{\"@type\":\"EntryPoint\",\"urlTemplate\":\"https:\/\/luxpro.pt\/es?s={search_term_string}\"},\"query-input\":{\"@type\":\"PropertyValueSpecification\",\"valueRequired\":true,\"valueName\":\"search_term_string\"}}],\"inLanguage\":\"es\"},{\"@type\":[\"Person\",\"Organization\"],\"@id\":\"https:\/\/luxpro.pt\/es#\/schema\/person\/2d1bed59a52ad49be71622bef025e341\",\"name\":\"Tiago Amadeu Ferreira\",\"image\":{\"@type\":\"ImageObject\",\"inLanguage\":\"es\",\"@id\":\"https:\/\/luxpro.pt\/es#\/schema\/person\/image\/\",\"url\":\"https:\/\/luxpro.pt\/wp-content\/uploads\/2017\/11\/logo.jpg\",\"contentUrl\":\"https:\/\/luxpro.pt\/wp-content\/uploads\/2017\/11\/logo.jpg\",\"width\":150,\"height\":33,\"caption\":\"Tiago Amadeu Ferreira\"},\"logo\":{\"@id\":\"https:\/\/luxpro.pt\/es#\/schema\/person\/image\/\"}}]}<\/script>\n<!-- \/ Yoast SEO plugin. -->","yoast_head_json":{"title":"Armadura de Emerg\u00eancia DUNNA DL100 NORMALUX - LuxPro","description":"Ilumina\u00e7\u00e3o de emerg\u00eancia DUNNA DL-100 feito por Normalux. Lumens 110 lm. Autonomia 1 h. Modo permanente de opera\u00e7\u00e3o. Tipo de instala\u00e7\u00e3o Superf\u00edcie. Fonte","robots":{"index":"index","follow":"follow","max-snippet":"max-snippet:-1","max-image-preview":"max-image-preview:large","max-video-preview":"max-video-preview:-1"},"canonical":"https:\/\/luxpro.pt\/es\/produto\/armadura-de-emergencia-dl100-normalux","og_locale":"es_ES","og_type":"article","og_title":"Armadura de Emerg\u00eancia DUNNA DL100 NORMALUX - LuxPro","og_description":"Ilumina\u00e7\u00e3o de emerg\u00eancia DUNNA DL-100 feito por Normalux. Lumens 110 lm. Autonomia 1 h. Modo permanente de opera\u00e7\u00e3o. Tipo de instala\u00e7\u00e3o Superf\u00edcie. Fonte","og_url":"https:\/\/luxpro.pt\/es\/produto\/armadura-de-emergencia-dl100-normalux","og_site_name":"LuxPro","article_modified_time":"2023-06-23T09:24:36+00:00","og_image":[{"width":950,"height":838,"url":"https:\/\/luxpro.pt\/wp-content\/uploads\/2019\/03\/ARMADURA-EMERGENCIA.png","type":"image\/png"}],"twitter_card":"summary_large_image","twitter_misc":{"Tiempo de lectura":"1 minuto"},"schema":{"@context":"https:\/\/schema.org","@graph":[{"@type":"WebPage","@id":"https:\/\/luxpro.pt\/es\/produto\/armadura-de-emergencia-dl100-normalux","url":"https:\/\/luxpro.pt\/es\/produto\/armadura-de-emergencia-dl100-normalux","name":"Armadura de Emerg\u00eancia DUNNA DL100 NORMALUX - LuxPro","isPartOf":{"@id":"https:\/\/luxpro.pt\/es#website"},"primaryImageOfPage":{"@id":"https:\/\/luxpro.pt\/es\/produto\/armadura-de-emergencia-dl100-normalux#primaryimage"},"image":{"@id":"https:\/\/luxpro.pt\/es\/produto\/armadura-de-emergencia-dl100-normalux#primaryimage"},"thumbnailUrl":"https:\/\/luxpro.pt\/wp-content\/uploads\/2019\/03\/ARMADURA-EMERGENCIA.png","datePublished":"2019-03-14T18:05:17+00:00","dateModified":"2023-06-23T09:24:36+00:00","description":"Ilumina\u00e7\u00e3o de emerg\u00eancia DUNNA DL-100 feito por Normalux. Lumens 110 lm. Autonomia 1 h. Modo permanente de opera\u00e7\u00e3o. Tipo de instala\u00e7\u00e3o Superf\u00edcie. Fonte","breadcrumb":{"@id":"https:\/\/luxpro.pt\/es\/produto\/armadura-de-emergencia-dl100-normalux#breadcrumb"},"inLanguage":"es","potentialAction":[{"@type":"ReadAction","target":["https:\/\/luxpro.pt\/es\/produto\/armadura-de-emergencia-dl100-normalux"]}]},{"@type":"ImageObject","inLanguage":"es","@id":"https:\/\/luxpro.pt\/es\/produto\/armadura-de-emergencia-dl100-normalux#primaryimage","url":"https:\/\/luxpro.pt\/wp-content\/uploads\/2019\/03\/ARMADURA-EMERGENCIA.png","contentUrl":"https:\/\/luxpro.pt\/wp-content\/uploads\/2019\/03\/ARMADURA-EMERGENCIA.png","width":950,"height":838},{"@type":"BreadcrumbList","@id":"https:\/\/luxpro.pt\/es\/produto\/armadura-de-emergencia-dl100-normalux#breadcrumb","itemListElement":[{"@type":"ListItem","position":1,"name":"In\u00edcio","item":"https:\/\/luxpro.pt\/es"},{"@type":"ListItem","position":2,"name":"Loja","item":"https:\/\/luxpro.pt\/loja"},{"@type":"ListItem","position":3,"name":"Armadura de Emerg\u00eancia DUNNA DL100 NORMALUX"}]},{"@type":"WebSite","@id":"https:\/\/luxpro.pt\/es#website","url":"https:\/\/luxpro.pt\/es","name":"LuxPro","description":"","publisher":{"@id":"https:\/\/luxpro.pt\/es#\/schema\/person\/2d1bed59a52ad49be71622bef025e341"},"potentialAction":[{"@type":"SearchAction","target":{"@type":"EntryPoint","urlTemplate":"https:\/\/luxpro.pt\/es?s={search_term_string}"},"query-input":{"@type":"PropertyValueSpecification","valueRequired":true,"valueName":"search_term_string"}}],"inLanguage":"es"},{"@type":["Person","Organization"],"@id":"https:\/\/luxpro.pt\/es#\/schema\/person\/2d1bed59a52ad49be71622bef025e341","name":"Tiago Amadeu Ferreira","image":{"@type":"ImageObject","inLanguage":"es","@id":"https:\/\/luxpro.pt\/es#\/schema\/person\/image\/","url":"https:\/\/luxpro.pt\/wp-content\/uploads\/2017\/11\/logo.jpg","contentUrl":"https:\/\/luxpro.pt\/wp-content\/uploads\/2017\/11\/logo.jpg","width":150,"height":33,"caption":"Tiago Amadeu Ferreira"},"logo":{"@id":"https:\/\/luxpro.pt\/es#\/schema\/person\/image\/"}}]}},"tiered_pricing_type":"fixed","tiered_pricing_fixed_rules":[],"tiered_pricing_product_settings":{"layout":"default","base_unit_name":{"singular":null,"plural":null},"default_variation":null},"tiered_pricing_minimum_quantity":null,"tiered_pricing_roles_data":[],"tiered_pricing_percentage_rules":[],"_links":{"self":[{"href":"https:\/\/luxpro.pt\/es\/wp-json\/wp\/v2\/product\/1746","targetHints":{"allow":["GET"]}}],"collection":[{"href":"https:\/\/luxpro.pt\/es\/wp-json\/wp\/v2\/product"}],"about":[{"href":"https:\/\/luxpro.pt\/es\/wp-json\/wp\/v2\/types\/product"}],"replies":[{"embeddable":true,"href":"https:\/\/luxpro.pt\/es\/wp-json\/wp\/v2\/comments?post=1746"}],"wp:featuredmedia":[{"embeddable":true,"href":"https:\/\/luxpro.pt\/es\/wp-json\/wp\/v2\/media\/1740"}],"wp:attachment":[{"href":"https:\/\/luxpro.pt\/es\/wp-json\/wp\/v2\/media?parent=1746"}],"wp:term":[{"taxonomy":"product_brand","embeddable":true,"href":"https:\/\/luxpro.pt\/es\/wp-json\/wp\/v2\/product_brand?post=1746"},{"taxonomy":"product_cat","embeddable":true,"href":"https:\/\/luxpro.pt\/es\/wp-json\/wp\/v2\/product_cat?post=1746"},{"taxonomy":"product_tag","embeddable":true,"href":"https:\/\/luxpro.pt\/es\/wp-json\/wp\/v2\/product_tag?post=1746"}],"curies":[{"name":"wp","href":"https:\/\/api.w.org\/{rel}","templated":true}]}}