{"id":1954,"date":"2019-03-28T17:39:58","date_gmt":"2019-03-28T17:39:58","guid":{"rendered":"https:\/\/luxpro.pt\/?post_type=product&#038;p=1954"},"modified":"2026-01-20T14:55:42","modified_gmt":"2026-01-20T14:55:42","slug":"kit-portao-de-batente-lince-400-motorline","status":"publish","type":"product","link":"https:\/\/luxpro.pt\/es\/produto\/kit-portao-de-batente-lince-400-motorline","title":{"rendered":"Kit Port\u00e3o de Batente LINCE400 230V MOTORLINE"},"content":{"rendered":"<p>&nbsp;<\/p>\n<p><iframe title=\"LINCE - Parte 1\/2 (PT)\" src=\"https:\/\/player.vimeo.com\/video\/138304008?dnt=1&amp;app_id=122963\" width=\"500\" height=\"281\" frameborder=\"0\" allow=\"autoplay; fullscreen; picture-in-picture; clipboard-write; encrypted-media; web-share\" referrerpolicy=\"strict-origin-when-cross-origin\"><\/iframe><\/p>\n<p><iframe title=\"LINCE - Parte 2\/2 (PT)\" src=\"https:\/\/player.vimeo.com\/video\/134817279?dnt=1&amp;app_id=122963\" width=\"500\" height=\"281\" frameborder=\"0\" allow=\"autoplay; fullscreen; picture-in-picture; clipboard-write; encrypted-media; web-share\" referrerpolicy=\"strict-origin-when-cross-origin\"><\/iframe><\/p>\n<p>Desenvolvido para a automatiza\u00e7\u00e3o de port\u00f5es de batente, est\u00e1 dispon\u00edvel em 230V.<\/p>\n<p>Al\u00e9m disto, um motor direito pode ser facilmente transformado em esquerdo pelo instalador e vice-versa, invertendo apenas a dire\u00e7\u00e3o de algumas pe\u00e7as.<\/p>\n<p><strong>01<\/strong> \u2022 02 motores LINCE<\/p>\n<p><strong>02<\/strong> \u2022 01 central de controlo<\/p>\n<p><strong>03<\/strong> \u2022 02 comandos de 4 canais<\/p>\n<p><strong>04<\/strong> \u2022 02 suportes frontais<\/p>\n<p><strong>05<\/strong> \u2022 02 suportes traseiros<\/p>\n<p><strong>06<\/strong> \u2022 02 condensadores [apenas dispon\u00edvel nos modelos de 230V(8\u00b5F) e 110V(20\u00b5F)]\n<p><strong>07<\/strong> \u2022 01 jogo de fotoc\u00e9lulas<\/p>\n<p><strong>08<\/strong> \u2022 01 manual do utilizador<\/p>\n<p><strong>09<\/strong> \u2022 chaves de desbloqueio<\/p>\n","protected":false},"excerpt":{"rendered":"<p>&nbsp; Desenvolvido para a automatiza\u00e7\u00e3o de port\u00f5es de batente, est\u00e1 dispon\u00edvel em 230V. Al\u00e9m disto, um motor direito pode ser facilmente transformado em esquerdo pelo instalador e vice-versa, invertendo apenas a dire\u00e7\u00e3o de algumas pe\u00e7as. 01 \u2022 02 motores LINCE 02 \u2022 01 central de controlo 03 \u2022 02 comandos de 4 canais 04 \u2022 02 suportes frontais 05 \u2022 [&hellip;]<\/p>\n","protected":false},"featured_media":1955,"comment_status":"open","ping_status":"closed","template":"","meta":[],"product_brand":[],"product_cat":[717,545],"product_tag":[1402,1370,1400,1672,1403,1674,877,1404,1673,1358,1405,1399],"class_list":{"0":"post-1954","1":"product","2":"type-product","3":"status-publish","4":"has-post-thumbnail","6":"product_cat-portoes-de-batente","7":"product_cat-automatismos","8":"product_tag-automatismos","9":"product_tag-batente","10":"product_tag-bft","11":"product_tag-kit-de-portao-de-bracos","12":"product_tag-lince400","13":"product_tag-motor-para-portoes","14":"product_tag-motorline","15":"product_tag-motrline","16":"product_tag-portao-de-batente","17":"product_tag-portoes","18":"product_tag-portoes-de-bracos","19":"product_tag-roger","20":"pa_tensao-de-entrada-230v","21":"pa_tensao-de-entrada-24v","23":"first","24":"instock","25":"taxable","26":"shipping-taxable","27":"purchasable","28":"product-type-simple"},"yoast_head":"<!-- This site is optimized with the Yoast SEO plugin v26.5 - https:\/\/yoast.com\/wordpress\/plugins\/seo\/ -->\n<title>Kit portao de batente Lince 400 Motorline<\/title>\n<meta name=\"description\" content=\"Kit portao de batente Lince 400 Motorline\" \/>\n<meta name=\"robots\" content=\"index, follow, max-snippet:-1, max-image-preview:large, max-video-preview:-1\" \/>\n<link rel=\"canonical\" href=\"https:\/\/luxpro.pt\/es\/produto\/kit-portao-de-batente-lince-400-motorline\" \/>\n<meta property=\"og:locale\" content=\"es_ES\" \/>\n<meta property=\"og:type\" content=\"article\" \/>\n<meta property=\"og:title\" content=\"Kit portao de batente Lince 400 Motorline\" \/>\n<meta property=\"og:description\" content=\"Kit portao de batente Lince 400 Motorline\" \/>\n<meta property=\"og:url\" content=\"https:\/\/luxpro.pt\/es\/produto\/kit-portao-de-batente-lince-400-motorline\" \/>\n<meta property=\"og:site_name\" content=\"LuxPro\" \/>\n<meta property=\"article:modified_time\" content=\"2026-01-20T14:55:42+00:00\" \/>\n<meta property=\"og:image\" content=\"https:\/\/luxpro.pt\/wp-content\/uploads\/2019\/03\/LINCE4002.jpg\" \/>\n\t<meta property=\"og:image:width\" content=\"3996\" \/>\n\t<meta property=\"og:image:height\" content=\"2160\" \/>\n\t<meta property=\"og:image:type\" content=\"image\/jpeg\" \/>\n<meta name=\"twitter:card\" content=\"summary_large_image\" \/>\n<meta name=\"twitter:label1\" content=\"Tiempo de lectura\" \/>\n\t<meta name=\"twitter:data1\" content=\"1 minuto\" \/>\n<script type=\"application\/ld+json\" class=\"yoast-schema-graph\">{\"@context\":\"https:\/\/schema.org\",\"@graph\":[{\"@type\":\"WebPage\",\"@id\":\"https:\/\/luxpro.pt\/es\/produto\/kit-portao-de-batente-lince-400-motorline\",\"url\":\"https:\/\/luxpro.pt\/es\/produto\/kit-portao-de-batente-lince-400-motorline\",\"name\":\"Kit portao de batente Lince 400 Motorline\",\"isPartOf\":{\"@id\":\"https:\/\/luxpro.pt\/es#website\"},\"primaryImageOfPage\":{\"@id\":\"https:\/\/luxpro.pt\/es\/produto\/kit-portao-de-batente-lince-400-motorline#primaryimage\"},\"image\":{\"@id\":\"https:\/\/luxpro.pt\/es\/produto\/kit-portao-de-batente-lince-400-motorline#primaryimage\"},\"thumbnailUrl\":\"https:\/\/luxpro.pt\/wp-content\/uploads\/2019\/03\/LINCE4002.jpg\",\"datePublished\":\"2019-03-28T17:39:58+00:00\",\"dateModified\":\"2026-01-20T14:55:42+00:00\",\"description\":\"Kit portao de batente Lince 400 Motorline\",\"breadcrumb\":{\"@id\":\"https:\/\/luxpro.pt\/es\/produto\/kit-portao-de-batente-lince-400-motorline#breadcrumb\"},\"inLanguage\":\"es\",\"potentialAction\":[{\"@type\":\"ReadAction\",\"target\":[\"https:\/\/luxpro.pt\/es\/produto\/kit-portao-de-batente-lince-400-motorline\"]}]},{\"@type\":\"ImageObject\",\"inLanguage\":\"es\",\"@id\":\"https:\/\/luxpro.pt\/es\/produto\/kit-portao-de-batente-lince-400-motorline#primaryimage\",\"url\":\"https:\/\/luxpro.pt\/wp-content\/uploads\/2019\/03\/LINCE4002.jpg\",\"contentUrl\":\"https:\/\/luxpro.pt\/wp-content\/uploads\/2019\/03\/LINCE4002.jpg\",\"width\":3996,\"height\":2160},{\"@type\":\"BreadcrumbList\",\"@id\":\"https:\/\/luxpro.pt\/es\/produto\/kit-portao-de-batente-lince-400-motorline#breadcrumb\",\"itemListElement\":[{\"@type\":\"ListItem\",\"position\":1,\"name\":\"In\u00edcio\",\"item\":\"https:\/\/luxpro.pt\/es\"},{\"@type\":\"ListItem\",\"position\":2,\"name\":\"Loja\",\"item\":\"https:\/\/luxpro.pt\/loja\"},{\"@type\":\"ListItem\",\"position\":3,\"name\":\"Kit Port\u00e3o de Batente LINCE400 230V MOTORLINE\"}]},{\"@type\":\"WebSite\",\"@id\":\"https:\/\/luxpro.pt\/es#website\",\"url\":\"https:\/\/luxpro.pt\/es\",\"name\":\"LuxPro\",\"description\":\"\",\"publisher\":{\"@id\":\"https:\/\/luxpro.pt\/es#\/schema\/person\/2d1bed59a52ad49be71622bef025e341\"},\"potentialAction\":[{\"@type\":\"SearchAction\",\"target\":{\"@type\":\"EntryPoint\",\"urlTemplate\":\"https:\/\/luxpro.pt\/es?s={search_term_string}\"},\"query-input\":{\"@type\":\"PropertyValueSpecification\",\"valueRequired\":true,\"valueName\":\"search_term_string\"}}],\"inLanguage\":\"es\"},{\"@type\":[\"Person\",\"Organization\"],\"@id\":\"https:\/\/luxpro.pt\/es#\/schema\/person\/2d1bed59a52ad49be71622bef025e341\",\"name\":\"Tiago Amadeu Ferreira\",\"image\":{\"@type\":\"ImageObject\",\"inLanguage\":\"es\",\"@id\":\"https:\/\/luxpro.pt\/es#\/schema\/person\/image\/\",\"url\":\"https:\/\/luxpro.pt\/wp-content\/uploads\/2017\/11\/logo.jpg\",\"contentUrl\":\"https:\/\/luxpro.pt\/wp-content\/uploads\/2017\/11\/logo.jpg\",\"width\":150,\"height\":33,\"caption\":\"Tiago Amadeu Ferreira\"},\"logo\":{\"@id\":\"https:\/\/luxpro.pt\/es#\/schema\/person\/image\/\"}}]}<\/script>\n<!-- \/ Yoast SEO plugin. -->","yoast_head_json":{"title":"Kit portao de batente Lince 400 Motorline","description":"Kit portao de batente Lince 400 Motorline","robots":{"index":"index","follow":"follow","max-snippet":"max-snippet:-1","max-image-preview":"max-image-preview:large","max-video-preview":"max-video-preview:-1"},"canonical":"https:\/\/luxpro.pt\/es\/produto\/kit-portao-de-batente-lince-400-motorline","og_locale":"es_ES","og_type":"article","og_title":"Kit portao de batente Lince 400 Motorline","og_description":"Kit portao de batente Lince 400 Motorline","og_url":"https:\/\/luxpro.pt\/es\/produto\/kit-portao-de-batente-lince-400-motorline","og_site_name":"LuxPro","article_modified_time":"2026-01-20T14:55:42+00:00","og_image":[{"width":3996,"height":2160,"url":"https:\/\/luxpro.pt\/wp-content\/uploads\/2019\/03\/LINCE4002.jpg","type":"image\/jpeg"}],"twitter_card":"summary_large_image","twitter_misc":{"Tiempo de lectura":"1 minuto"},"schema":{"@context":"https:\/\/schema.org","@graph":[{"@type":"WebPage","@id":"https:\/\/luxpro.pt\/es\/produto\/kit-portao-de-batente-lince-400-motorline","url":"https:\/\/luxpro.pt\/es\/produto\/kit-portao-de-batente-lince-400-motorline","name":"Kit portao de batente Lince 400 Motorline","isPartOf":{"@id":"https:\/\/luxpro.pt\/es#website"},"primaryImageOfPage":{"@id":"https:\/\/luxpro.pt\/es\/produto\/kit-portao-de-batente-lince-400-motorline#primaryimage"},"image":{"@id":"https:\/\/luxpro.pt\/es\/produto\/kit-portao-de-batente-lince-400-motorline#primaryimage"},"thumbnailUrl":"https:\/\/luxpro.pt\/wp-content\/uploads\/2019\/03\/LINCE4002.jpg","datePublished":"2019-03-28T17:39:58+00:00","dateModified":"2026-01-20T14:55:42+00:00","description":"Kit portao de batente Lince 400 Motorline","breadcrumb":{"@id":"https:\/\/luxpro.pt\/es\/produto\/kit-portao-de-batente-lince-400-motorline#breadcrumb"},"inLanguage":"es","potentialAction":[{"@type":"ReadAction","target":["https:\/\/luxpro.pt\/es\/produto\/kit-portao-de-batente-lince-400-motorline"]}]},{"@type":"ImageObject","inLanguage":"es","@id":"https:\/\/luxpro.pt\/es\/produto\/kit-portao-de-batente-lince-400-motorline#primaryimage","url":"https:\/\/luxpro.pt\/wp-content\/uploads\/2019\/03\/LINCE4002.jpg","contentUrl":"https:\/\/luxpro.pt\/wp-content\/uploads\/2019\/03\/LINCE4002.jpg","width":3996,"height":2160},{"@type":"BreadcrumbList","@id":"https:\/\/luxpro.pt\/es\/produto\/kit-portao-de-batente-lince-400-motorline#breadcrumb","itemListElement":[{"@type":"ListItem","position":1,"name":"In\u00edcio","item":"https:\/\/luxpro.pt\/es"},{"@type":"ListItem","position":2,"name":"Loja","item":"https:\/\/luxpro.pt\/loja"},{"@type":"ListItem","position":3,"name":"Kit Port\u00e3o de Batente LINCE400 230V MOTORLINE"}]},{"@type":"WebSite","@id":"https:\/\/luxpro.pt\/es#website","url":"https:\/\/luxpro.pt\/es","name":"LuxPro","description":"","publisher":{"@id":"https:\/\/luxpro.pt\/es#\/schema\/person\/2d1bed59a52ad49be71622bef025e341"},"potentialAction":[{"@type":"SearchAction","target":{"@type":"EntryPoint","urlTemplate":"https:\/\/luxpro.pt\/es?s={search_term_string}"},"query-input":{"@type":"PropertyValueSpecification","valueRequired":true,"valueName":"search_term_string"}}],"inLanguage":"es"},{"@type":["Person","Organization"],"@id":"https:\/\/luxpro.pt\/es#\/schema\/person\/2d1bed59a52ad49be71622bef025e341","name":"Tiago Amadeu Ferreira","image":{"@type":"ImageObject","inLanguage":"es","@id":"https:\/\/luxpro.pt\/es#\/schema\/person\/image\/","url":"https:\/\/luxpro.pt\/wp-content\/uploads\/2017\/11\/logo.jpg","contentUrl":"https:\/\/luxpro.pt\/wp-content\/uploads\/2017\/11\/logo.jpg","width":150,"height":33,"caption":"Tiago Amadeu Ferreira"},"logo":{"@id":"https:\/\/luxpro.pt\/es#\/schema\/person\/image\/"}}]}},"tiered_pricing_type":"fixed","tiered_pricing_fixed_rules":[],"tiered_pricing_product_settings":{"layout":"default","base_unit_name":{"singular":null,"plural":null},"default_variation":null},"tiered_pricing_minimum_quantity":null,"tiered_pricing_roles_data":[],"tiered_pricing_percentage_rules":[],"_links":{"self":[{"href":"https:\/\/luxpro.pt\/es\/wp-json\/wp\/v2\/product\/1954","targetHints":{"allow":["GET"]}}],"collection":[{"href":"https:\/\/luxpro.pt\/es\/wp-json\/wp\/v2\/product"}],"about":[{"href":"https:\/\/luxpro.pt\/es\/wp-json\/wp\/v2\/types\/product"}],"replies":[{"embeddable":true,"href":"https:\/\/luxpro.pt\/es\/wp-json\/wp\/v2\/comments?post=1954"}],"wp:featuredmedia":[{"embeddable":true,"href":"https:\/\/luxpro.pt\/es\/wp-json\/wp\/v2\/media\/1955"}],"wp:attachment":[{"href":"https:\/\/luxpro.pt\/es\/wp-json\/wp\/v2\/media?parent=1954"}],"wp:term":[{"taxonomy":"product_brand","embeddable":true,"href":"https:\/\/luxpro.pt\/es\/wp-json\/wp\/v2\/product_brand?post=1954"},{"taxonomy":"product_cat","embeddable":true,"href":"https:\/\/luxpro.pt\/es\/wp-json\/wp\/v2\/product_cat?post=1954"},{"taxonomy":"product_tag","embeddable":true,"href":"https:\/\/luxpro.pt\/es\/wp-json\/wp\/v2\/product_tag?post=1954"}],"curies":[{"name":"wp","href":"https:\/\/api.w.org\/{rel}","templated":true}]}}