{"id":1983,"date":"2019-03-28T18:59:44","date_gmt":"2019-03-28T18:59:44","guid":{"rendered":"https:\/\/luxpro.pt\/?post_type=product&#038;p=1983"},"modified":"2026-01-20T14:07:44","modified_gmt":"2026-01-20T14:07:44","slug":"portao-de-correr-bravo-500-luxpro","status":"publish","type":"product","link":"https:\/\/luxpro.pt\/es\/produto\/portao-de-correr-bravo-500-luxpro","title":{"rendered":"Kit Port\u00e3o de Correr BRAVO 500 MOTORLINE"},"content":{"rendered":"<p><iframe title=\"BRAVO500 - Automatismo para port\u00f5es de correr (PT)\" src=\"https:\/\/player.vimeo.com\/video\/141648839?dnt=1&amp;app_id=122963\" width=\"500\" height=\"281\" frameborder=\"0\" allow=\"autoplay; fullscreen; picture-in-picture; clipboard-write; encrypted-media; web-share\" referrerpolicy=\"strict-origin-when-cross-origin\"><\/iframe><\/p>\n<p>O BRAVO500 foi desenvolvido para automatiza\u00e7\u00e3o de port\u00f5es residenciais de correr em linha, at\u00e9 um peso m\u00e1ximo de 500KG.<\/p>\n<p>Possui um design moderno, enquadr\u00e1vel em todo tipo de port\u00f5es.<\/p>\n<p>Produzido a 230V, este motor possui fim de curso mec\u00e2nico ou magn\u00e9tico.<\/p>\n<p><strong>01\u2022<\/strong> 01 motor Bravo500<\/p>\n<p><strong>02\u2022<\/strong> 02 chaves de desbloqueio<\/p>\n<p><strong>03\u2022<\/strong> 04 parafusos de M5x10<\/p>\n<p><strong>04\u2022<\/strong> 04 parafusos de fixa\u00e7\u00e3o \u00e0 chapa<\/p>\n<p><strong>05\u2022<\/strong> 04 parafusos de fixa\u00e7\u00e3o ao solo<\/p>\n<p><strong>06\u2022<\/strong> 01 chapa de fixa\u00e7\u00e3o<\/p>\n<p><strong>07\u2022<\/strong> 02 chapas de fixa\u00e7\u00e3o de fim-de-curso<\/p>\n<p><strong>08\u2022<\/strong> 01 manual do utilizador<\/p>\n<p><strong>09\u2022<\/strong> 02 foc\u00e9lula<\/p>\n<p><strong>10\u2022<\/strong> 02 comando<\/p>\n<p><strong>11\u2022<\/strong> 01 central de controlo<\/p>\n","protected":false},"excerpt":{"rendered":"<p>O BRAVO500 foi desenvolvido para automatiza\u00e7\u00e3o de port\u00f5es residenciais de correr em linha, at\u00e9 um peso m\u00e1ximo de 500KG. Possui um design moderno, enquadr\u00e1vel em todo tipo de port\u00f5es. Produzido a 230V, este motor possui fim de curso mec\u00e2nico ou magn\u00e9tico. 01\u2022 01 motor Bravo500 02\u2022 02 chaves de desbloqueio 03\u2022 04 parafusos de M5x10 04\u2022 04 parafusos de fixa\u00e7\u00e3o [&hellip;]<\/p>\n","protected":false},"featured_media":1984,"comment_status":"open","ping_status":"closed","template":"","meta":[],"product_brand":[],"product_cat":[718],"product_tag":[1402,1400,1406,877,1358,1399],"class_list":{"0":"post-1983","1":"product","2":"type-product","3":"status-publish","4":"has-post-thumbnail","6":"product_cat-portoes-de-correr","7":"product_tag-automatismos","8":"product_tag-bft","9":"product_tag-motores-de-correr","10":"product_tag-motorline","11":"product_tag-portoes","12":"product_tag-roger","13":"pa_tensao-de-entrada-230v","15":"first","16":"instock","17":"taxable","18":"shipping-taxable","19":"purchasable","20":"product-type-simple"},"yoast_head":"<!-- This site is optimized with the Yoast SEO plugin v26.5 - https:\/\/yoast.com\/wordpress\/plugins\/seo\/ -->\n<title>Kit port\u00e3o de correr Bravo 500kg Motorline<\/title>\n<meta name=\"description\" content=\"O BRAVO500 foi desenvolvido para automatiza\u00e7\u00e3o de port\u00f5es residenciais de correr em linha, at\u00e9 um peso m\u00e1ximo de 500KG. Possui um design moderno.\" \/>\n<meta name=\"robots\" content=\"index, follow, max-snippet:-1, max-image-preview:large, max-video-preview:-1\" \/>\n<link rel=\"canonical\" href=\"https:\/\/luxpro.pt\/es\/produto\/portao-de-correr-bravo-500-luxpro\" \/>\n<meta property=\"og:locale\" content=\"es_ES\" \/>\n<meta property=\"og:type\" content=\"article\" \/>\n<meta property=\"og:title\" content=\"Kit port\u00e3o de correr Bravo 500kg Motorline\" \/>\n<meta property=\"og:description\" content=\"O BRAVO500 foi desenvolvido para automatiza\u00e7\u00e3o de port\u00f5es residenciais de correr em linha, at\u00e9 um peso m\u00e1ximo de 500KG. Possui um design moderno.\" \/>\n<meta property=\"og:url\" content=\"https:\/\/luxpro.pt\/es\/produto\/portao-de-correr-bravo-500-luxpro\" \/>\n<meta property=\"og:site_name\" content=\"LuxPro\" \/>\n<meta property=\"article:modified_time\" content=\"2026-01-20T14:07:44+00:00\" \/>\n<meta property=\"og:image\" content=\"https:\/\/luxpro.pt\/wp-content\/uploads\/2019\/03\/BRAVO500.jpg\" \/>\n\t<meta property=\"og:image:width\" content=\"3996\" \/>\n\t<meta property=\"og:image:height\" content=\"2160\" \/>\n\t<meta property=\"og:image:type\" content=\"image\/jpeg\" \/>\n<meta name=\"twitter:card\" content=\"summary_large_image\" \/>\n<meta name=\"twitter:label1\" content=\"Tiempo de lectura\" \/>\n\t<meta name=\"twitter:data1\" content=\"1 minuto\" \/>\n<script type=\"application\/ld+json\" class=\"yoast-schema-graph\">{\"@context\":\"https:\/\/schema.org\",\"@graph\":[{\"@type\":\"WebPage\",\"@id\":\"https:\/\/luxpro.pt\/es\/produto\/portao-de-correr-bravo-500-luxpro\",\"url\":\"https:\/\/luxpro.pt\/es\/produto\/portao-de-correr-bravo-500-luxpro\",\"name\":\"Kit port\u00e3o de correr Bravo 500kg Motorline\",\"isPartOf\":{\"@id\":\"https:\/\/luxpro.pt\/es#website\"},\"primaryImageOfPage\":{\"@id\":\"https:\/\/luxpro.pt\/es\/produto\/portao-de-correr-bravo-500-luxpro#primaryimage\"},\"image\":{\"@id\":\"https:\/\/luxpro.pt\/es\/produto\/portao-de-correr-bravo-500-luxpro#primaryimage\"},\"thumbnailUrl\":\"https:\/\/luxpro.pt\/wp-content\/uploads\/2019\/03\/BRAVO500.jpg\",\"datePublished\":\"2019-03-28T18:59:44+00:00\",\"dateModified\":\"2026-01-20T14:07:44+00:00\",\"description\":\"O BRAVO500 foi desenvolvido para automatiza\u00e7\u00e3o de port\u00f5es residenciais de correr em linha, at\u00e9 um peso m\u00e1ximo de 500KG. Possui um design moderno.\",\"breadcrumb\":{\"@id\":\"https:\/\/luxpro.pt\/es\/produto\/portao-de-correr-bravo-500-luxpro#breadcrumb\"},\"inLanguage\":\"es\",\"potentialAction\":[{\"@type\":\"ReadAction\",\"target\":[\"https:\/\/luxpro.pt\/es\/produto\/portao-de-correr-bravo-500-luxpro\"]}]},{\"@type\":\"ImageObject\",\"inLanguage\":\"es\",\"@id\":\"https:\/\/luxpro.pt\/es\/produto\/portao-de-correr-bravo-500-luxpro#primaryimage\",\"url\":\"https:\/\/luxpro.pt\/wp-content\/uploads\/2019\/03\/BRAVO500.jpg\",\"contentUrl\":\"https:\/\/luxpro.pt\/wp-content\/uploads\/2019\/03\/BRAVO500.jpg\",\"width\":3996,\"height\":2160},{\"@type\":\"BreadcrumbList\",\"@id\":\"https:\/\/luxpro.pt\/es\/produto\/portao-de-correr-bravo-500-luxpro#breadcrumb\",\"itemListElement\":[{\"@type\":\"ListItem\",\"position\":1,\"name\":\"In\u00edcio\",\"item\":\"https:\/\/luxpro.pt\/es\"},{\"@type\":\"ListItem\",\"position\":2,\"name\":\"Loja\",\"item\":\"https:\/\/luxpro.pt\/loja\"},{\"@type\":\"ListItem\",\"position\":3,\"name\":\"Kit Port\u00e3o de Correr BRAVO 500 MOTORLINE\"}]},{\"@type\":\"WebSite\",\"@id\":\"https:\/\/luxpro.pt\/es#website\",\"url\":\"https:\/\/luxpro.pt\/es\",\"name\":\"LuxPro\",\"description\":\"\",\"publisher\":{\"@id\":\"https:\/\/luxpro.pt\/es#\/schema\/person\/2d1bed59a52ad49be71622bef025e341\"},\"potentialAction\":[{\"@type\":\"SearchAction\",\"target\":{\"@type\":\"EntryPoint\",\"urlTemplate\":\"https:\/\/luxpro.pt\/es?s={search_term_string}\"},\"query-input\":{\"@type\":\"PropertyValueSpecification\",\"valueRequired\":true,\"valueName\":\"search_term_string\"}}],\"inLanguage\":\"es\"},{\"@type\":[\"Person\",\"Organization\"],\"@id\":\"https:\/\/luxpro.pt\/es#\/schema\/person\/2d1bed59a52ad49be71622bef025e341\",\"name\":\"Tiago Amadeu Ferreira\",\"image\":{\"@type\":\"ImageObject\",\"inLanguage\":\"es\",\"@id\":\"https:\/\/luxpro.pt\/es#\/schema\/person\/image\/\",\"url\":\"https:\/\/luxpro.pt\/wp-content\/uploads\/2017\/11\/logo.jpg\",\"contentUrl\":\"https:\/\/luxpro.pt\/wp-content\/uploads\/2017\/11\/logo.jpg\",\"width\":150,\"height\":33,\"caption\":\"Tiago Amadeu Ferreira\"},\"logo\":{\"@id\":\"https:\/\/luxpro.pt\/es#\/schema\/person\/image\/\"}}]}<\/script>\n<!-- \/ Yoast SEO plugin. -->","yoast_head_json":{"title":"Kit port\u00e3o de correr Bravo 500kg Motorline","description":"O BRAVO500 foi desenvolvido para automatiza\u00e7\u00e3o de port\u00f5es residenciais de correr em linha, at\u00e9 um peso m\u00e1ximo de 500KG. Possui um design moderno.","robots":{"index":"index","follow":"follow","max-snippet":"max-snippet:-1","max-image-preview":"max-image-preview:large","max-video-preview":"max-video-preview:-1"},"canonical":"https:\/\/luxpro.pt\/es\/produto\/portao-de-correr-bravo-500-luxpro","og_locale":"es_ES","og_type":"article","og_title":"Kit port\u00e3o de correr Bravo 500kg Motorline","og_description":"O BRAVO500 foi desenvolvido para automatiza\u00e7\u00e3o de port\u00f5es residenciais de correr em linha, at\u00e9 um peso m\u00e1ximo de 500KG. Possui um design moderno.","og_url":"https:\/\/luxpro.pt\/es\/produto\/portao-de-correr-bravo-500-luxpro","og_site_name":"LuxPro","article_modified_time":"2026-01-20T14:07:44+00:00","og_image":[{"width":3996,"height":2160,"url":"https:\/\/luxpro.pt\/wp-content\/uploads\/2019\/03\/BRAVO500.jpg","type":"image\/jpeg"}],"twitter_card":"summary_large_image","twitter_misc":{"Tiempo de lectura":"1 minuto"},"schema":{"@context":"https:\/\/schema.org","@graph":[{"@type":"WebPage","@id":"https:\/\/luxpro.pt\/es\/produto\/portao-de-correr-bravo-500-luxpro","url":"https:\/\/luxpro.pt\/es\/produto\/portao-de-correr-bravo-500-luxpro","name":"Kit port\u00e3o de correr Bravo 500kg Motorline","isPartOf":{"@id":"https:\/\/luxpro.pt\/es#website"},"primaryImageOfPage":{"@id":"https:\/\/luxpro.pt\/es\/produto\/portao-de-correr-bravo-500-luxpro#primaryimage"},"image":{"@id":"https:\/\/luxpro.pt\/es\/produto\/portao-de-correr-bravo-500-luxpro#primaryimage"},"thumbnailUrl":"https:\/\/luxpro.pt\/wp-content\/uploads\/2019\/03\/BRAVO500.jpg","datePublished":"2019-03-28T18:59:44+00:00","dateModified":"2026-01-20T14:07:44+00:00","description":"O BRAVO500 foi desenvolvido para automatiza\u00e7\u00e3o de port\u00f5es residenciais de correr em linha, at\u00e9 um peso m\u00e1ximo de 500KG. Possui um design moderno.","breadcrumb":{"@id":"https:\/\/luxpro.pt\/es\/produto\/portao-de-correr-bravo-500-luxpro#breadcrumb"},"inLanguage":"es","potentialAction":[{"@type":"ReadAction","target":["https:\/\/luxpro.pt\/es\/produto\/portao-de-correr-bravo-500-luxpro"]}]},{"@type":"ImageObject","inLanguage":"es","@id":"https:\/\/luxpro.pt\/es\/produto\/portao-de-correr-bravo-500-luxpro#primaryimage","url":"https:\/\/luxpro.pt\/wp-content\/uploads\/2019\/03\/BRAVO500.jpg","contentUrl":"https:\/\/luxpro.pt\/wp-content\/uploads\/2019\/03\/BRAVO500.jpg","width":3996,"height":2160},{"@type":"BreadcrumbList","@id":"https:\/\/luxpro.pt\/es\/produto\/portao-de-correr-bravo-500-luxpro#breadcrumb","itemListElement":[{"@type":"ListItem","position":1,"name":"In\u00edcio","item":"https:\/\/luxpro.pt\/es"},{"@type":"ListItem","position":2,"name":"Loja","item":"https:\/\/luxpro.pt\/loja"},{"@type":"ListItem","position":3,"name":"Kit Port\u00e3o de Correr BRAVO 500 MOTORLINE"}]},{"@type":"WebSite","@id":"https:\/\/luxpro.pt\/es#website","url":"https:\/\/luxpro.pt\/es","name":"LuxPro","description":"","publisher":{"@id":"https:\/\/luxpro.pt\/es#\/schema\/person\/2d1bed59a52ad49be71622bef025e341"},"potentialAction":[{"@type":"SearchAction","target":{"@type":"EntryPoint","urlTemplate":"https:\/\/luxpro.pt\/es?s={search_term_string}"},"query-input":{"@type":"PropertyValueSpecification","valueRequired":true,"valueName":"search_term_string"}}],"inLanguage":"es"},{"@type":["Person","Organization"],"@id":"https:\/\/luxpro.pt\/es#\/schema\/person\/2d1bed59a52ad49be71622bef025e341","name":"Tiago Amadeu Ferreira","image":{"@type":"ImageObject","inLanguage":"es","@id":"https:\/\/luxpro.pt\/es#\/schema\/person\/image\/","url":"https:\/\/luxpro.pt\/wp-content\/uploads\/2017\/11\/logo.jpg","contentUrl":"https:\/\/luxpro.pt\/wp-content\/uploads\/2017\/11\/logo.jpg","width":150,"height":33,"caption":"Tiago Amadeu Ferreira"},"logo":{"@id":"https:\/\/luxpro.pt\/es#\/schema\/person\/image\/"}}]}},"tiered_pricing_type":"fixed","tiered_pricing_fixed_rules":[],"tiered_pricing_product_settings":{"layout":"default","base_unit_name":{"singular":null,"plural":null},"default_variation":null},"tiered_pricing_minimum_quantity":null,"tiered_pricing_roles_data":[],"tiered_pricing_percentage_rules":[],"_links":{"self":[{"href":"https:\/\/luxpro.pt\/es\/wp-json\/wp\/v2\/product\/1983","targetHints":{"allow":["GET"]}}],"collection":[{"href":"https:\/\/luxpro.pt\/es\/wp-json\/wp\/v2\/product"}],"about":[{"href":"https:\/\/luxpro.pt\/es\/wp-json\/wp\/v2\/types\/product"}],"replies":[{"embeddable":true,"href":"https:\/\/luxpro.pt\/es\/wp-json\/wp\/v2\/comments?post=1983"}],"wp:featuredmedia":[{"embeddable":true,"href":"https:\/\/luxpro.pt\/es\/wp-json\/wp\/v2\/media\/1984"}],"wp:attachment":[{"href":"https:\/\/luxpro.pt\/es\/wp-json\/wp\/v2\/media?parent=1983"}],"wp:term":[{"taxonomy":"product_brand","embeddable":true,"href":"https:\/\/luxpro.pt\/es\/wp-json\/wp\/v2\/product_brand?post=1983"},{"taxonomy":"product_cat","embeddable":true,"href":"https:\/\/luxpro.pt\/es\/wp-json\/wp\/v2\/product_cat?post=1983"},{"taxonomy":"product_tag","embeddable":true,"href":"https:\/\/luxpro.pt\/es\/wp-json\/wp\/v2\/product_tag?post=1983"}],"curies":[{"name":"wp","href":"https:\/\/api.w.org\/{rel}","templated":true}]}}