{"id":1996,"date":"2019-03-29T10:06:52","date_gmt":"2019-03-29T10:06:52","guid":{"rendered":"https:\/\/luxpro.pt\/?post_type=product&#038;p=1996"},"modified":"2025-03-20T15:07:09","modified_gmt":"2025-03-20T15:07:09","slug":"portao-de-garagem-rosso-100-cf-evo-luxpro","status":"publish","type":"product","link":"https:\/\/luxpro.pt\/es\/produto\/portao-de-garagem-rosso-100-cf-evo-luxpro","title":{"rendered":"Kit Port\u00e3o de Garagem ROSSO 100 EVO MOTORLINE"},"content":{"rendered":"<p><iframe title=\"ROSSO EVO - Automatismo port\u00f5es de garagem (PT)\" src=\"https:\/\/player.vimeo.com\/video\/143732328?dnt=1&amp;app_id=122963\" width=\"500\" height=\"281\" frameborder=\"0\" allow=\"autoplay; fullscreen; picture-in-picture; clipboard-write; encrypted-media\"><\/iframe><\/p>\n<p>Desenvolvido para port\u00f5es seccionados.<\/p>\n<p>Possui um design moderno e inovador, destacando-se em qualquer ambiente.<\/p>\n<p>Este motor disp\u00f5e de um leque de menus que oferecem ao instalador uma gest\u00e3o completa do automatismo.<\/p>\n<div class=\"page\" title=\"Page 44\">\n<div class=\"section\">\n<div class=\"layoutArea\">\n<div class=\"column\">\n<p>O kit na\u0303o inclui calha para que possa escolher a mais indicada para o seu projeto:<\/p>\n<p>COMPONENTES DO KIT STANDARD<\/p>\n<p>\u2022 1 Motor<br \/>\n\u2022 2 Comandos FALK<br \/>\n\u2022 Recetor incorporado<\/p>\n<\/div>\n<\/div>\n<\/div>\n<\/div>\n","protected":false},"excerpt":{"rendered":"<p>Desenvolvido para port\u00f5es seccionados. Possui um design moderno e inovador, destacando-se em qualquer ambiente. Este motor disp\u00f5e de um leque de menus que oferecem ao instalador uma gest\u00e3o completa do automatismo. O kit na\u0303o inclui calha para que possa escolher a mais indicada para o seu projeto: COMPONENTES DO KIT STANDARD \u2022 1 Motor \u2022 2 Comandos FALK \u2022 Recetor [&hellip;]<\/p>\n","protected":false},"featured_media":1988,"comment_status":"open","ping_status":"closed","template":"","meta":[],"product_brand":[],"product_cat":[719],"product_tag":[1402,1400,1408,1407,877,1409,1399],"class_list":{"0":"post-1996","1":"product","2":"type-product","3":"status-publish","4":"has-post-thumbnail","6":"product_cat-portoes-seccionados","7":"product_tag-automatismos","8":"product_tag-bft","9":"product_tag-garagem","10":"product_tag-motor-secionado","11":"product_tag-motorline","12":"product_tag-portao-garagem","13":"product_tag-roger","14":"pa_tensao-de-entrada-230v","16":"first","17":"instock","18":"taxable","19":"shipping-taxable","20":"purchasable","21":"product-type-simple"},"yoast_head":"<!-- This site is optimized with the Yoast SEO plugin v26.5 - https:\/\/yoast.com\/wordpress\/plugins\/seo\/ -->\n<title>Kit portao de garagem Rosso 100 Motorline<\/title>\n<meta name=\"description\" content=\"Desenvolvido para port\u00f5es seccionados. Possui um design moderno e inovador, destacando-se em qualquer ambiente. O kit na\u0303o inclui calha.\" \/>\n<meta name=\"robots\" content=\"index, follow, max-snippet:-1, max-image-preview:large, max-video-preview:-1\" \/>\n<link rel=\"canonical\" href=\"https:\/\/luxpro.pt\/es\/produto\/portao-de-garagem-rosso-100-cf-evo-luxpro\" \/>\n<meta property=\"og:locale\" content=\"es_ES\" \/>\n<meta property=\"og:type\" content=\"article\" \/>\n<meta property=\"og:title\" content=\"Kit portao de garagem Rosso 100 Motorline\" \/>\n<meta property=\"og:description\" content=\"Desenvolvido para port\u00f5es seccionados. Possui um design moderno e inovador, destacando-se em qualquer ambiente. O kit na\u0303o inclui calha.\" \/>\n<meta property=\"og:url\" content=\"https:\/\/luxpro.pt\/es\/produto\/portao-de-garagem-rosso-100-cf-evo-luxpro\" \/>\n<meta property=\"og:site_name\" content=\"LuxPro\" \/>\n<meta property=\"article:modified_time\" content=\"2025-03-20T15:07:09+00:00\" \/>\n<meta property=\"og:image\" content=\"https:\/\/luxpro.pt\/wp-content\/uploads\/2019\/03\/ROSSO-60.jpg\" \/>\n\t<meta property=\"og:image:width\" content=\"3996\" \/>\n\t<meta property=\"og:image:height\" content=\"2160\" \/>\n\t<meta property=\"og:image:type\" content=\"image\/jpeg\" \/>\n<meta name=\"twitter:card\" content=\"summary_large_image\" \/>\n<meta name=\"twitter:label1\" content=\"Tiempo de lectura\" \/>\n\t<meta name=\"twitter:data1\" content=\"1 minuto\" \/>\n<script type=\"application\/ld+json\" class=\"yoast-schema-graph\">{\"@context\":\"https:\/\/schema.org\",\"@graph\":[{\"@type\":\"WebPage\",\"@id\":\"https:\/\/luxpro.pt\/es\/produto\/portao-de-garagem-rosso-100-cf-evo-luxpro\",\"url\":\"https:\/\/luxpro.pt\/es\/produto\/portao-de-garagem-rosso-100-cf-evo-luxpro\",\"name\":\"Kit portao de garagem Rosso 100 Motorline\",\"isPartOf\":{\"@id\":\"https:\/\/luxpro.pt\/es#website\"},\"primaryImageOfPage\":{\"@id\":\"https:\/\/luxpro.pt\/es\/produto\/portao-de-garagem-rosso-100-cf-evo-luxpro#primaryimage\"},\"image\":{\"@id\":\"https:\/\/luxpro.pt\/es\/produto\/portao-de-garagem-rosso-100-cf-evo-luxpro#primaryimage\"},\"thumbnailUrl\":\"https:\/\/luxpro.pt\/wp-content\/uploads\/2019\/03\/ROSSO-60.jpg\",\"datePublished\":\"2019-03-29T10:06:52+00:00\",\"dateModified\":\"2025-03-20T15:07:09+00:00\",\"description\":\"Desenvolvido para port\u00f5es seccionados. Possui um design moderno e inovador, destacando-se em qualquer ambiente. O kit na\u0303o inclui calha.\",\"breadcrumb\":{\"@id\":\"https:\/\/luxpro.pt\/es\/produto\/portao-de-garagem-rosso-100-cf-evo-luxpro#breadcrumb\"},\"inLanguage\":\"es\",\"potentialAction\":[{\"@type\":\"ReadAction\",\"target\":[\"https:\/\/luxpro.pt\/es\/produto\/portao-de-garagem-rosso-100-cf-evo-luxpro\"]}]},{\"@type\":\"ImageObject\",\"inLanguage\":\"es\",\"@id\":\"https:\/\/luxpro.pt\/es\/produto\/portao-de-garagem-rosso-100-cf-evo-luxpro#primaryimage\",\"url\":\"https:\/\/luxpro.pt\/wp-content\/uploads\/2019\/03\/ROSSO-60.jpg\",\"contentUrl\":\"https:\/\/luxpro.pt\/wp-content\/uploads\/2019\/03\/ROSSO-60.jpg\",\"width\":3996,\"height\":2160},{\"@type\":\"BreadcrumbList\",\"@id\":\"https:\/\/luxpro.pt\/es\/produto\/portao-de-garagem-rosso-100-cf-evo-luxpro#breadcrumb\",\"itemListElement\":[{\"@type\":\"ListItem\",\"position\":1,\"name\":\"In\u00edcio\",\"item\":\"https:\/\/luxpro.pt\/es\"},{\"@type\":\"ListItem\",\"position\":2,\"name\":\"Loja\",\"item\":\"https:\/\/luxpro.pt\/loja\"},{\"@type\":\"ListItem\",\"position\":3,\"name\":\"Kit Port\u00e3o de Garagem ROSSO 100 EVO MOTORLINE\"}]},{\"@type\":\"WebSite\",\"@id\":\"https:\/\/luxpro.pt\/es#website\",\"url\":\"https:\/\/luxpro.pt\/es\",\"name\":\"LuxPro\",\"description\":\"\",\"publisher\":{\"@id\":\"https:\/\/luxpro.pt\/es#\/schema\/person\/2d1bed59a52ad49be71622bef025e341\"},\"potentialAction\":[{\"@type\":\"SearchAction\",\"target\":{\"@type\":\"EntryPoint\",\"urlTemplate\":\"https:\/\/luxpro.pt\/es?s={search_term_string}\"},\"query-input\":{\"@type\":\"PropertyValueSpecification\",\"valueRequired\":true,\"valueName\":\"search_term_string\"}}],\"inLanguage\":\"es\"},{\"@type\":[\"Person\",\"Organization\"],\"@id\":\"https:\/\/luxpro.pt\/es#\/schema\/person\/2d1bed59a52ad49be71622bef025e341\",\"name\":\"Tiago Amadeu Ferreira\",\"image\":{\"@type\":\"ImageObject\",\"inLanguage\":\"es\",\"@id\":\"https:\/\/luxpro.pt\/es#\/schema\/person\/image\/\",\"url\":\"https:\/\/luxpro.pt\/wp-content\/uploads\/2017\/11\/logo.jpg\",\"contentUrl\":\"https:\/\/luxpro.pt\/wp-content\/uploads\/2017\/11\/logo.jpg\",\"width\":150,\"height\":33,\"caption\":\"Tiago Amadeu Ferreira\"},\"logo\":{\"@id\":\"https:\/\/luxpro.pt\/es#\/schema\/person\/image\/\"}}]}<\/script>\n<!-- \/ Yoast SEO plugin. -->","yoast_head_json":{"title":"Kit portao de garagem Rosso 100 Motorline","description":"Desenvolvido para port\u00f5es seccionados. Possui um design moderno e inovador, destacando-se em qualquer ambiente. O kit na\u0303o inclui calha.","robots":{"index":"index","follow":"follow","max-snippet":"max-snippet:-1","max-image-preview":"max-image-preview:large","max-video-preview":"max-video-preview:-1"},"canonical":"https:\/\/luxpro.pt\/es\/produto\/portao-de-garagem-rosso-100-cf-evo-luxpro","og_locale":"es_ES","og_type":"article","og_title":"Kit portao de garagem Rosso 100 Motorline","og_description":"Desenvolvido para port\u00f5es seccionados. Possui um design moderno e inovador, destacando-se em qualquer ambiente. O kit na\u0303o inclui calha.","og_url":"https:\/\/luxpro.pt\/es\/produto\/portao-de-garagem-rosso-100-cf-evo-luxpro","og_site_name":"LuxPro","article_modified_time":"2025-03-20T15:07:09+00:00","og_image":[{"width":3996,"height":2160,"url":"https:\/\/luxpro.pt\/wp-content\/uploads\/2019\/03\/ROSSO-60.jpg","type":"image\/jpeg"}],"twitter_card":"summary_large_image","twitter_misc":{"Tiempo de lectura":"1 minuto"},"schema":{"@context":"https:\/\/schema.org","@graph":[{"@type":"WebPage","@id":"https:\/\/luxpro.pt\/es\/produto\/portao-de-garagem-rosso-100-cf-evo-luxpro","url":"https:\/\/luxpro.pt\/es\/produto\/portao-de-garagem-rosso-100-cf-evo-luxpro","name":"Kit portao de garagem Rosso 100 Motorline","isPartOf":{"@id":"https:\/\/luxpro.pt\/es#website"},"primaryImageOfPage":{"@id":"https:\/\/luxpro.pt\/es\/produto\/portao-de-garagem-rosso-100-cf-evo-luxpro#primaryimage"},"image":{"@id":"https:\/\/luxpro.pt\/es\/produto\/portao-de-garagem-rosso-100-cf-evo-luxpro#primaryimage"},"thumbnailUrl":"https:\/\/luxpro.pt\/wp-content\/uploads\/2019\/03\/ROSSO-60.jpg","datePublished":"2019-03-29T10:06:52+00:00","dateModified":"2025-03-20T15:07:09+00:00","description":"Desenvolvido para port\u00f5es seccionados. Possui um design moderno e inovador, destacando-se em qualquer ambiente. O kit na\u0303o inclui calha.","breadcrumb":{"@id":"https:\/\/luxpro.pt\/es\/produto\/portao-de-garagem-rosso-100-cf-evo-luxpro#breadcrumb"},"inLanguage":"es","potentialAction":[{"@type":"ReadAction","target":["https:\/\/luxpro.pt\/es\/produto\/portao-de-garagem-rosso-100-cf-evo-luxpro"]}]},{"@type":"ImageObject","inLanguage":"es","@id":"https:\/\/luxpro.pt\/es\/produto\/portao-de-garagem-rosso-100-cf-evo-luxpro#primaryimage","url":"https:\/\/luxpro.pt\/wp-content\/uploads\/2019\/03\/ROSSO-60.jpg","contentUrl":"https:\/\/luxpro.pt\/wp-content\/uploads\/2019\/03\/ROSSO-60.jpg","width":3996,"height":2160},{"@type":"BreadcrumbList","@id":"https:\/\/luxpro.pt\/es\/produto\/portao-de-garagem-rosso-100-cf-evo-luxpro#breadcrumb","itemListElement":[{"@type":"ListItem","position":1,"name":"In\u00edcio","item":"https:\/\/luxpro.pt\/es"},{"@type":"ListItem","position":2,"name":"Loja","item":"https:\/\/luxpro.pt\/loja"},{"@type":"ListItem","position":3,"name":"Kit Port\u00e3o de Garagem ROSSO 100 EVO MOTORLINE"}]},{"@type":"WebSite","@id":"https:\/\/luxpro.pt\/es#website","url":"https:\/\/luxpro.pt\/es","name":"LuxPro","description":"","publisher":{"@id":"https:\/\/luxpro.pt\/es#\/schema\/person\/2d1bed59a52ad49be71622bef025e341"},"potentialAction":[{"@type":"SearchAction","target":{"@type":"EntryPoint","urlTemplate":"https:\/\/luxpro.pt\/es?s={search_term_string}"},"query-input":{"@type":"PropertyValueSpecification","valueRequired":true,"valueName":"search_term_string"}}],"inLanguage":"es"},{"@type":["Person","Organization"],"@id":"https:\/\/luxpro.pt\/es#\/schema\/person\/2d1bed59a52ad49be71622bef025e341","name":"Tiago Amadeu Ferreira","image":{"@type":"ImageObject","inLanguage":"es","@id":"https:\/\/luxpro.pt\/es#\/schema\/person\/image\/","url":"https:\/\/luxpro.pt\/wp-content\/uploads\/2017\/11\/logo.jpg","contentUrl":"https:\/\/luxpro.pt\/wp-content\/uploads\/2017\/11\/logo.jpg","width":150,"height":33,"caption":"Tiago Amadeu Ferreira"},"logo":{"@id":"https:\/\/luxpro.pt\/es#\/schema\/person\/image\/"}}]}},"tiered_pricing_type":"fixed","tiered_pricing_fixed_rules":[],"tiered_pricing_product_settings":{"layout":"default","base_unit_name":{"singular":null,"plural":null},"default_variation":null},"tiered_pricing_minimum_quantity":null,"tiered_pricing_roles_data":[],"tiered_pricing_percentage_rules":[],"_links":{"self":[{"href":"https:\/\/luxpro.pt\/es\/wp-json\/wp\/v2\/product\/1996","targetHints":{"allow":["GET"]}}],"collection":[{"href":"https:\/\/luxpro.pt\/es\/wp-json\/wp\/v2\/product"}],"about":[{"href":"https:\/\/luxpro.pt\/es\/wp-json\/wp\/v2\/types\/product"}],"replies":[{"embeddable":true,"href":"https:\/\/luxpro.pt\/es\/wp-json\/wp\/v2\/comments?post=1996"}],"wp:featuredmedia":[{"embeddable":true,"href":"https:\/\/luxpro.pt\/es\/wp-json\/wp\/v2\/media\/1988"}],"wp:attachment":[{"href":"https:\/\/luxpro.pt\/es\/wp-json\/wp\/v2\/media?parent=1996"}],"wp:term":[{"taxonomy":"product_brand","embeddable":true,"href":"https:\/\/luxpro.pt\/es\/wp-json\/wp\/v2\/product_brand?post=1996"},{"taxonomy":"product_cat","embeddable":true,"href":"https:\/\/luxpro.pt\/es\/wp-json\/wp\/v2\/product_cat?post=1996"},{"taxonomy":"product_tag","embeddable":true,"href":"https:\/\/luxpro.pt\/es\/wp-json\/wp\/v2\/product_tag?post=1996"}],"curies":[{"name":"wp","href":"https:\/\/api.w.org\/{rel}","templated":true}]}}