{"id":2085,"date":"2019-04-02T15:47:11","date_gmt":"2019-04-02T15:47:11","guid":{"rendered":"https:\/\/luxpro.pt\/?post_type=product&#038;p=2085"},"modified":"2023-06-22T11:13:58","modified_gmt":"2023-06-22T10:13:58","slug":"projectores-exterior-led-10w-ip65-luxpro","status":"publish","type":"product","link":"https:\/\/luxpro.pt\/es\/produto\/projectores-exterior-led-10w-ip65-luxpro","title":{"rendered":"Projetor Exterior LED 10W IP65"},"content":{"rendered":"<p>Ele quebra as concord\u00e2ncias das l\u00e2mpadas de engenharia tradicionais, projetadas com exterior integrado e produ\u00e7\u00e3o de precis\u00e3o. A l\u00e2mpada em si \u00e9 requintada e compacta, leve e f\u00e1cil de esconder, trazendo mais experi\u00eancia de moda \u00e0 ilumina\u00e7\u00e3o.<\/p>\n<p>Feita de liga de alum\u00ednio refor\u00e7ado e resistente, que \u00e9 anti-desgaste e anti-corros\u00e3o, que pode suportar o tempo e a chuva pesada: tal como tempestade de areia, e prolonga a vida \u00fatil da luz.<\/p>\n<p>L\u00e2mpada de gr\u00e2nulos de alto brilho; sa\u00edda duradoura e est\u00e1vel do efeito de luz; l\u00famens de alta efici\u00eancia; menos decad\u00eancia luminosa; boa consist\u00eancia de temperatura de cor; economia de energia<\/p>\n<p>A vida \u00fatil normal \u00e9 de at\u00e9 20.000 horas, o que \u00e9 10 vezes mais do que a vida \u00fatil de uma l\u00e2mpada tradicional. N\u00e3o h\u00e1 necessidade de trocar as l\u00e2mpadas nem manuten\u00e7\u00e3o de rotina.<\/p>\n<p>Aplica-se vidro temperado refor\u00e7ado de alta transmiss\u00e3o, que possui boa transmit\u00e2ncia de luz, luz uniforme e transparente, imperme\u00e1vel e n\u00e3o \u00e9 f\u00e1cil de quebrar.<\/p>\n<p>Grau de prote\u00e7\u00e3o de IP65, \u00e0 prova de poeira, \u00e0 prova de \u00e1gua, resistente \u00e0 corros\u00e3o, para evitar danos causados \u200b\u200bpor vazamento de got\u00edculas de \u00e1gua. Pode ser usado por um longo tempo em ambientes agressivos com alta temperatura e humidade, apropriado para uma paisagem exterior, partes interiores, ilumina\u00e7\u00e3o outdoor e outras instala\u00e7\u00f5es de ilumina\u00e7\u00e3o especiais.<\/p>\n","protected":false},"excerpt":{"rendered":"<p>Ele quebra as concord\u00e2ncias das l\u00e2mpadas de engenharia tradicionais, projetadas com exterior integrado e produ\u00e7\u00e3o de precis\u00e3o. A l\u00e2mpada em si \u00e9 requintada e compacta, leve e f\u00e1cil de esconder, trazendo mais experi\u00eancia de moda \u00e0 ilumina\u00e7\u00e3o. Feita de liga de alum\u00ednio refor\u00e7ado e resistente, que \u00e9 anti-desgaste e anti-corros\u00e3o, que pode suportar o tempo e a chuva pesada: tal [&hellip;]<\/p>\n","protected":false},"featured_media":2086,"comment_status":"open","ping_status":"closed","template":"","meta":[],"product_brand":[],"product_cat":[1191,554],"product_tag":[935,920,798,845],"class_list":{"0":"post-2085","1":"product","2":"type-product","3":"status-publish","4":"has-post-thumbnail","6":"product_cat-iluminacao-industrial","7":"product_cat-paineis-de-led","8":"product_tag-exterior","9":"product_tag-ip65","10":"product_tag-led","11":"product_tag-luz","13":"first","14":"instock","15":"taxable","16":"shipping-taxable","17":"purchasable","18":"product-type-simple"},"yoast_head":"<!-- This site is optimized with the Yoast SEO plugin v26.5 - https:\/\/yoast.com\/wordpress\/plugins\/seo\/ -->\n<title>Projetor Exterior LED 10W IP65 - LuxPro<\/title>\n<meta name=\"description\" content=\"Ele quebra as concord\u00e2ncias das l\u00e2mpadas de engenharia tradicionais, projetadas com exterior integrado e produ\u00e7\u00e3o de precis\u00e3o. A l\u00e2mpada em si \u00e9\" \/>\n<meta name=\"robots\" content=\"index, follow, max-snippet:-1, max-image-preview:large, max-video-preview:-1\" \/>\n<link rel=\"canonical\" href=\"https:\/\/luxpro.pt\/es\/produto\/projectores-exterior-led-10w-ip65-luxpro\" \/>\n<meta property=\"og:locale\" content=\"es_ES\" \/>\n<meta property=\"og:type\" content=\"article\" \/>\n<meta property=\"og:title\" content=\"Projetor Exterior LED 10W IP65 - LuxPro\" \/>\n<meta property=\"og:description\" content=\"Ele quebra as concord\u00e2ncias das l\u00e2mpadas de engenharia tradicionais, projetadas com exterior integrado e produ\u00e7\u00e3o de precis\u00e3o. A l\u00e2mpada em si \u00e9\" \/>\n<meta property=\"og:url\" content=\"https:\/\/luxpro.pt\/es\/produto\/projectores-exterior-led-10w-ip65-luxpro\" \/>\n<meta property=\"og:site_name\" content=\"LuxPro\" \/>\n<meta property=\"article:modified_time\" content=\"2023-06-22T10:13:58+00:00\" \/>\n<meta property=\"og:image\" content=\"https:\/\/luxpro.pt\/wp-content\/uploads\/2019\/04\/PROJ.-LED-10W-AIGO.jpeg\" \/>\n\t<meta property=\"og:image:width\" content=\"600\" \/>\n\t<meta property=\"og:image:height\" content=\"600\" \/>\n\t<meta property=\"og:image:type\" content=\"image\/jpeg\" \/>\n<meta name=\"twitter:card\" content=\"summary_large_image\" \/>\n<meta name=\"twitter:label1\" content=\"Tiempo de lectura\" \/>\n\t<meta name=\"twitter:data1\" content=\"2 minutos\" \/>\n<script type=\"application\/ld+json\" class=\"yoast-schema-graph\">{\"@context\":\"https:\/\/schema.org\",\"@graph\":[{\"@type\":\"WebPage\",\"@id\":\"https:\/\/luxpro.pt\/es\/produto\/projectores-exterior-led-10w-ip65-luxpro\",\"url\":\"https:\/\/luxpro.pt\/es\/produto\/projectores-exterior-led-10w-ip65-luxpro\",\"name\":\"Projetor Exterior LED 10W IP65 - LuxPro\",\"isPartOf\":{\"@id\":\"https:\/\/luxpro.pt\/es#website\"},\"primaryImageOfPage\":{\"@id\":\"https:\/\/luxpro.pt\/es\/produto\/projectores-exterior-led-10w-ip65-luxpro#primaryimage\"},\"image\":{\"@id\":\"https:\/\/luxpro.pt\/es\/produto\/projectores-exterior-led-10w-ip65-luxpro#primaryimage\"},\"thumbnailUrl\":\"https:\/\/luxpro.pt\/wp-content\/uploads\/2019\/04\/PROJ.-LED-10W-AIGO.jpeg\",\"datePublished\":\"2019-04-02T15:47:11+00:00\",\"dateModified\":\"2023-06-22T10:13:58+00:00\",\"description\":\"Ele quebra as concord\u00e2ncias das l\u00e2mpadas de engenharia tradicionais, projetadas com exterior integrado e produ\u00e7\u00e3o de precis\u00e3o. A l\u00e2mpada em si \u00e9\",\"breadcrumb\":{\"@id\":\"https:\/\/luxpro.pt\/es\/produto\/projectores-exterior-led-10w-ip65-luxpro#breadcrumb\"},\"inLanguage\":\"es\",\"potentialAction\":[{\"@type\":\"ReadAction\",\"target\":[\"https:\/\/luxpro.pt\/es\/produto\/projectores-exterior-led-10w-ip65-luxpro\"]}]},{\"@type\":\"ImageObject\",\"inLanguage\":\"es\",\"@id\":\"https:\/\/luxpro.pt\/es\/produto\/projectores-exterior-led-10w-ip65-luxpro#primaryimage\",\"url\":\"https:\/\/luxpro.pt\/wp-content\/uploads\/2019\/04\/PROJ.-LED-10W-AIGO.jpeg\",\"contentUrl\":\"https:\/\/luxpro.pt\/wp-content\/uploads\/2019\/04\/PROJ.-LED-10W-AIGO.jpeg\",\"width\":600,\"height\":600},{\"@type\":\"BreadcrumbList\",\"@id\":\"https:\/\/luxpro.pt\/es\/produto\/projectores-exterior-led-10w-ip65-luxpro#breadcrumb\",\"itemListElement\":[{\"@type\":\"ListItem\",\"position\":1,\"name\":\"In\u00edcio\",\"item\":\"https:\/\/luxpro.pt\/es\"},{\"@type\":\"ListItem\",\"position\":2,\"name\":\"Loja\",\"item\":\"https:\/\/luxpro.pt\/loja\"},{\"@type\":\"ListItem\",\"position\":3,\"name\":\"Projetor Exterior LED 10W IP65\"}]},{\"@type\":\"WebSite\",\"@id\":\"https:\/\/luxpro.pt\/es#website\",\"url\":\"https:\/\/luxpro.pt\/es\",\"name\":\"LuxPro\",\"description\":\"\",\"publisher\":{\"@id\":\"https:\/\/luxpro.pt\/es#\/schema\/person\/2d1bed59a52ad49be71622bef025e341\"},\"potentialAction\":[{\"@type\":\"SearchAction\",\"target\":{\"@type\":\"EntryPoint\",\"urlTemplate\":\"https:\/\/luxpro.pt\/es?s={search_term_string}\"},\"query-input\":{\"@type\":\"PropertyValueSpecification\",\"valueRequired\":true,\"valueName\":\"search_term_string\"}}],\"inLanguage\":\"es\"},{\"@type\":[\"Person\",\"Organization\"],\"@id\":\"https:\/\/luxpro.pt\/es#\/schema\/person\/2d1bed59a52ad49be71622bef025e341\",\"name\":\"Tiago Amadeu Ferreira\",\"image\":{\"@type\":\"ImageObject\",\"inLanguage\":\"es\",\"@id\":\"https:\/\/luxpro.pt\/es#\/schema\/person\/image\/\",\"url\":\"https:\/\/luxpro.pt\/wp-content\/uploads\/2017\/11\/logo.jpg\",\"contentUrl\":\"https:\/\/luxpro.pt\/wp-content\/uploads\/2017\/11\/logo.jpg\",\"width\":150,\"height\":33,\"caption\":\"Tiago Amadeu Ferreira\"},\"logo\":{\"@id\":\"https:\/\/luxpro.pt\/es#\/schema\/person\/image\/\"}}]}<\/script>\n<!-- \/ Yoast SEO plugin. -->","yoast_head_json":{"title":"Projetor Exterior LED 10W IP65 - LuxPro","description":"Ele quebra as concord\u00e2ncias das l\u00e2mpadas de engenharia tradicionais, projetadas com exterior integrado e produ\u00e7\u00e3o de precis\u00e3o. A l\u00e2mpada em si \u00e9","robots":{"index":"index","follow":"follow","max-snippet":"max-snippet:-1","max-image-preview":"max-image-preview:large","max-video-preview":"max-video-preview:-1"},"canonical":"https:\/\/luxpro.pt\/es\/produto\/projectores-exterior-led-10w-ip65-luxpro","og_locale":"es_ES","og_type":"article","og_title":"Projetor Exterior LED 10W IP65 - LuxPro","og_description":"Ele quebra as concord\u00e2ncias das l\u00e2mpadas de engenharia tradicionais, projetadas com exterior integrado e produ\u00e7\u00e3o de precis\u00e3o. A l\u00e2mpada em si \u00e9","og_url":"https:\/\/luxpro.pt\/es\/produto\/projectores-exterior-led-10w-ip65-luxpro","og_site_name":"LuxPro","article_modified_time":"2023-06-22T10:13:58+00:00","og_image":[{"width":600,"height":600,"url":"https:\/\/luxpro.pt\/wp-content\/uploads\/2019\/04\/PROJ.-LED-10W-AIGO.jpeg","type":"image\/jpeg"}],"twitter_card":"summary_large_image","twitter_misc":{"Tiempo de lectura":"2 minutos"},"schema":{"@context":"https:\/\/schema.org","@graph":[{"@type":"WebPage","@id":"https:\/\/luxpro.pt\/es\/produto\/projectores-exterior-led-10w-ip65-luxpro","url":"https:\/\/luxpro.pt\/es\/produto\/projectores-exterior-led-10w-ip65-luxpro","name":"Projetor Exterior LED 10W IP65 - LuxPro","isPartOf":{"@id":"https:\/\/luxpro.pt\/es#website"},"primaryImageOfPage":{"@id":"https:\/\/luxpro.pt\/es\/produto\/projectores-exterior-led-10w-ip65-luxpro#primaryimage"},"image":{"@id":"https:\/\/luxpro.pt\/es\/produto\/projectores-exterior-led-10w-ip65-luxpro#primaryimage"},"thumbnailUrl":"https:\/\/luxpro.pt\/wp-content\/uploads\/2019\/04\/PROJ.-LED-10W-AIGO.jpeg","datePublished":"2019-04-02T15:47:11+00:00","dateModified":"2023-06-22T10:13:58+00:00","description":"Ele quebra as concord\u00e2ncias das l\u00e2mpadas de engenharia tradicionais, projetadas com exterior integrado e produ\u00e7\u00e3o de precis\u00e3o. A l\u00e2mpada em si \u00e9","breadcrumb":{"@id":"https:\/\/luxpro.pt\/es\/produto\/projectores-exterior-led-10w-ip65-luxpro#breadcrumb"},"inLanguage":"es","potentialAction":[{"@type":"ReadAction","target":["https:\/\/luxpro.pt\/es\/produto\/projectores-exterior-led-10w-ip65-luxpro"]}]},{"@type":"ImageObject","inLanguage":"es","@id":"https:\/\/luxpro.pt\/es\/produto\/projectores-exterior-led-10w-ip65-luxpro#primaryimage","url":"https:\/\/luxpro.pt\/wp-content\/uploads\/2019\/04\/PROJ.-LED-10W-AIGO.jpeg","contentUrl":"https:\/\/luxpro.pt\/wp-content\/uploads\/2019\/04\/PROJ.-LED-10W-AIGO.jpeg","width":600,"height":600},{"@type":"BreadcrumbList","@id":"https:\/\/luxpro.pt\/es\/produto\/projectores-exterior-led-10w-ip65-luxpro#breadcrumb","itemListElement":[{"@type":"ListItem","position":1,"name":"In\u00edcio","item":"https:\/\/luxpro.pt\/es"},{"@type":"ListItem","position":2,"name":"Loja","item":"https:\/\/luxpro.pt\/loja"},{"@type":"ListItem","position":3,"name":"Projetor Exterior LED 10W IP65"}]},{"@type":"WebSite","@id":"https:\/\/luxpro.pt\/es#website","url":"https:\/\/luxpro.pt\/es","name":"LuxPro","description":"","publisher":{"@id":"https:\/\/luxpro.pt\/es#\/schema\/person\/2d1bed59a52ad49be71622bef025e341"},"potentialAction":[{"@type":"SearchAction","target":{"@type":"EntryPoint","urlTemplate":"https:\/\/luxpro.pt\/es?s={search_term_string}"},"query-input":{"@type":"PropertyValueSpecification","valueRequired":true,"valueName":"search_term_string"}}],"inLanguage":"es"},{"@type":["Person","Organization"],"@id":"https:\/\/luxpro.pt\/es#\/schema\/person\/2d1bed59a52ad49be71622bef025e341","name":"Tiago Amadeu Ferreira","image":{"@type":"ImageObject","inLanguage":"es","@id":"https:\/\/luxpro.pt\/es#\/schema\/person\/image\/","url":"https:\/\/luxpro.pt\/wp-content\/uploads\/2017\/11\/logo.jpg","contentUrl":"https:\/\/luxpro.pt\/wp-content\/uploads\/2017\/11\/logo.jpg","width":150,"height":33,"caption":"Tiago Amadeu Ferreira"},"logo":{"@id":"https:\/\/luxpro.pt\/es#\/schema\/person\/image\/"}}]}},"tiered_pricing_type":"fixed","tiered_pricing_fixed_rules":[],"tiered_pricing_product_settings":{"layout":"default","base_unit_name":{"singular":null,"plural":null},"default_variation":null},"tiered_pricing_minimum_quantity":null,"tiered_pricing_roles_data":[],"tiered_pricing_percentage_rules":[],"_links":{"self":[{"href":"https:\/\/luxpro.pt\/es\/wp-json\/wp\/v2\/product\/2085","targetHints":{"allow":["GET"]}}],"collection":[{"href":"https:\/\/luxpro.pt\/es\/wp-json\/wp\/v2\/product"}],"about":[{"href":"https:\/\/luxpro.pt\/es\/wp-json\/wp\/v2\/types\/product"}],"replies":[{"embeddable":true,"href":"https:\/\/luxpro.pt\/es\/wp-json\/wp\/v2\/comments?post=2085"}],"wp:featuredmedia":[{"embeddable":true,"href":"https:\/\/luxpro.pt\/es\/wp-json\/wp\/v2\/media\/2086"}],"wp:attachment":[{"href":"https:\/\/luxpro.pt\/es\/wp-json\/wp\/v2\/media?parent=2085"}],"wp:term":[{"taxonomy":"product_brand","embeddable":true,"href":"https:\/\/luxpro.pt\/es\/wp-json\/wp\/v2\/product_brand?post=2085"},{"taxonomy":"product_cat","embeddable":true,"href":"https:\/\/luxpro.pt\/es\/wp-json\/wp\/v2\/product_cat?post=2085"},{"taxonomy":"product_tag","embeddable":true,"href":"https:\/\/luxpro.pt\/es\/wp-json\/wp\/v2\/product_tag?post=2085"}],"curies":[{"name":"wp","href":"https:\/\/api.w.org\/{rel}","templated":true}]}}