{"id":2173,"date":"2019-04-08T11:07:17","date_gmt":"2019-04-08T11:07:17","guid":{"rendered":"https:\/\/luxpro.pt\/?post_type=product&#038;p=2173"},"modified":"2025-07-08T20:55:31","modified_gmt":"2025-07-08T19:55:31","slug":"abracadeira-fivela-300x4-5mm-luxpro","status":"publish","type":"product","link":"https:\/\/luxpro.pt\/es\/produto\/abracadeira-fivela-300x4-5mm-luxpro","title":{"rendered":"Abra\u00e7adeira Fivela 300X4.8mm (100UND)"},"content":{"rendered":"<p><strong>Material<\/strong><\/p>\n<p>Nylon 6.6.<\/p>\n<p><strong>Temperatura de servi\u00e7o<\/strong><\/p>\n<p>-40\u00baC a +85\u00baC.<\/p>\n<p><strong>Auto-extingu\u00edvel<\/strong><\/p>\n<p>Norma V2 UL94.<\/p>\n<p><strong>Aprova\u00e7\u00e3o<\/strong><\/p>\n<p>E-97257.<\/p>\n","protected":false},"excerpt":{"rendered":"<p>Material Nylon 6.6. Temperatura de servi\u00e7o -40\u00baC a +85\u00baC. Auto-extingu\u00edvel Norma V2 UL94. Aprova\u00e7\u00e3o E-97257.<\/p>\n","protected":false},"featured_media":2168,"comment_status":"open","ping_status":"closed","template":"","meta":[],"product_brand":[],"product_cat":[589],"product_tag":[1257,1259,1258,1260],"class_list":{"0":"post-2173","1":"product","2":"type-product","3":"status-publish","4":"has-post-thumbnail","6":"product_cat-ferramentas-gerais","7":"product_tag-abracadeiras","8":"product_tag-brancas","9":"product_tag-fivelas","10":"product_tag-pretas","11":"pa_cor-branco","12":"pa_cor-preto","14":"first","15":"instock","16":"taxable","17":"shipping-taxable","18":"purchasable","19":"product-type-variable"},"yoast_head":"<!-- This site is optimized with the Yoast SEO plugin v26.5 - https:\/\/yoast.com\/wordpress\/plugins\/seo\/ -->\n<title>Abra\u00e7adeira Fivela 300X4.8mm (100UND) - LuxPro<\/title>\n<meta name=\"description\" content=\"Material  Nylon 6.6.  Temperatura de servi\u00e7o  -40\u00baC a +85\u00baC.  Auto-extingu\u00edvel  Norma V2 UL94.  Aprova\u00e7\u00e3o  E-97257.\" \/>\n<meta name=\"robots\" content=\"index, follow, max-snippet:-1, max-image-preview:large, max-video-preview:-1\" \/>\n<link rel=\"canonical\" href=\"https:\/\/luxpro.pt\/es\/produto\/abracadeira-fivela-300x4-5mm-luxpro\" \/>\n<meta property=\"og:locale\" content=\"es_ES\" \/>\n<meta property=\"og:type\" content=\"article\" \/>\n<meta property=\"og:title\" content=\"Abra\u00e7adeira Fivela 300X4.8mm (100UND) - LuxPro\" \/>\n<meta property=\"og:description\" content=\"Material  Nylon 6.6.  Temperatura de servi\u00e7o  -40\u00baC a +85\u00baC.  Auto-extingu\u00edvel  Norma V2 UL94.  Aprova\u00e7\u00e3o  E-97257.\" \/>\n<meta property=\"og:url\" content=\"https:\/\/luxpro.pt\/es\/produto\/abracadeira-fivela-300x4-5mm-luxpro\" \/>\n<meta property=\"og:site_name\" content=\"LuxPro\" \/>\n<meta property=\"article:modified_time\" content=\"2025-07-08T19:55:31+00:00\" \/>\n<meta property=\"og:image\" content=\"https:\/\/luxpro.pt\/wp-content\/uploads\/2019\/04\/ABRAC\u0327ADEIRA-FIVELA.jpg\" \/>\n\t<meta property=\"og:image:width\" content=\"1000\" \/>\n\t<meta property=\"og:image:height\" content=\"1000\" \/>\n\t<meta property=\"og:image:type\" content=\"image\/jpeg\" \/>\n<meta name=\"twitter:card\" content=\"summary_large_image\" \/>\n<meta name=\"twitter:label1\" content=\"Tiempo de lectura\" \/>\n\t<meta name=\"twitter:data1\" content=\"1 minuto\" \/>\n<script type=\"application\/ld+json\" class=\"yoast-schema-graph\">{\"@context\":\"https:\/\/schema.org\",\"@graph\":[{\"@type\":\"WebPage\",\"@id\":\"https:\/\/luxpro.pt\/es\/produto\/abracadeira-fivela-300x4-5mm-luxpro\",\"url\":\"https:\/\/luxpro.pt\/es\/produto\/abracadeira-fivela-300x4-5mm-luxpro\",\"name\":\"Abra\u00e7adeira Fivela 300X4.8mm (100UND) - LuxPro\",\"isPartOf\":{\"@id\":\"https:\/\/luxpro.pt\/es#website\"},\"primaryImageOfPage\":{\"@id\":\"https:\/\/luxpro.pt\/es\/produto\/abracadeira-fivela-300x4-5mm-luxpro#primaryimage\"},\"image\":{\"@id\":\"https:\/\/luxpro.pt\/es\/produto\/abracadeira-fivela-300x4-5mm-luxpro#primaryimage\"},\"thumbnailUrl\":\"https:\/\/luxpro.pt\/wp-content\/uploads\/2019\/04\/ABRAC\u0327ADEIRA-FIVELA.jpg\",\"datePublished\":\"2019-04-08T11:07:17+00:00\",\"dateModified\":\"2025-07-08T19:55:31+00:00\",\"description\":\"Material Nylon 6.6. Temperatura de servi\u00e7o -40\u00baC a +85\u00baC. Auto-extingu\u00edvel Norma V2 UL94. Aprova\u00e7\u00e3o E-97257.\",\"breadcrumb\":{\"@id\":\"https:\/\/luxpro.pt\/es\/produto\/abracadeira-fivela-300x4-5mm-luxpro#breadcrumb\"},\"inLanguage\":\"es\",\"potentialAction\":[{\"@type\":\"ReadAction\",\"target\":[\"https:\/\/luxpro.pt\/es\/produto\/abracadeira-fivela-300x4-5mm-luxpro\"]}]},{\"@type\":\"ImageObject\",\"inLanguage\":\"es\",\"@id\":\"https:\/\/luxpro.pt\/es\/produto\/abracadeira-fivela-300x4-5mm-luxpro#primaryimage\",\"url\":\"https:\/\/luxpro.pt\/wp-content\/uploads\/2019\/04\/ABRAC\u0327ADEIRA-FIVELA.jpg\",\"contentUrl\":\"https:\/\/luxpro.pt\/wp-content\/uploads\/2019\/04\/ABRAC\u0327ADEIRA-FIVELA.jpg\",\"width\":1000,\"height\":1000},{\"@type\":\"BreadcrumbList\",\"@id\":\"https:\/\/luxpro.pt\/es\/produto\/abracadeira-fivela-300x4-5mm-luxpro#breadcrumb\",\"itemListElement\":[{\"@type\":\"ListItem\",\"position\":1,\"name\":\"In\u00edcio\",\"item\":\"https:\/\/luxpro.pt\/es\"},{\"@type\":\"ListItem\",\"position\":2,\"name\":\"Loja\",\"item\":\"https:\/\/luxpro.pt\/loja\"},{\"@type\":\"ListItem\",\"position\":3,\"name\":\"Abra\u00e7adeira Fivela 300X4.8mm (100UND)\"}]},{\"@type\":\"WebSite\",\"@id\":\"https:\/\/luxpro.pt\/es#website\",\"url\":\"https:\/\/luxpro.pt\/es\",\"name\":\"LuxPro\",\"description\":\"\",\"publisher\":{\"@id\":\"https:\/\/luxpro.pt\/es#\/schema\/person\/2d1bed59a52ad49be71622bef025e341\"},\"potentialAction\":[{\"@type\":\"SearchAction\",\"target\":{\"@type\":\"EntryPoint\",\"urlTemplate\":\"https:\/\/luxpro.pt\/es?s={search_term_string}\"},\"query-input\":{\"@type\":\"PropertyValueSpecification\",\"valueRequired\":true,\"valueName\":\"search_term_string\"}}],\"inLanguage\":\"es\"},{\"@type\":[\"Person\",\"Organization\"],\"@id\":\"https:\/\/luxpro.pt\/es#\/schema\/person\/2d1bed59a52ad49be71622bef025e341\",\"name\":\"Tiago Amadeu Ferreira\",\"image\":{\"@type\":\"ImageObject\",\"inLanguage\":\"es\",\"@id\":\"https:\/\/luxpro.pt\/es#\/schema\/person\/image\/\",\"url\":\"https:\/\/luxpro.pt\/wp-content\/uploads\/2017\/11\/logo.jpg\",\"contentUrl\":\"https:\/\/luxpro.pt\/wp-content\/uploads\/2017\/11\/logo.jpg\",\"width\":150,\"height\":33,\"caption\":\"Tiago Amadeu Ferreira\"},\"logo\":{\"@id\":\"https:\/\/luxpro.pt\/es#\/schema\/person\/image\/\"}}]}<\/script>\n<!-- \/ Yoast SEO plugin. -->","yoast_head_json":{"title":"Abra\u00e7adeira Fivela 300X4.8mm (100UND) - LuxPro","description":"Material  Nylon 6.6.  Temperatura de servi\u00e7o  -40\u00baC a +85\u00baC.  Auto-extingu\u00edvel  Norma V2 UL94.  Aprova\u00e7\u00e3o  E-97257.","robots":{"index":"index","follow":"follow","max-snippet":"max-snippet:-1","max-image-preview":"max-image-preview:large","max-video-preview":"max-video-preview:-1"},"canonical":"https:\/\/luxpro.pt\/es\/produto\/abracadeira-fivela-300x4-5mm-luxpro","og_locale":"es_ES","og_type":"article","og_title":"Abra\u00e7adeira Fivela 300X4.8mm (100UND) - LuxPro","og_description":"Material  Nylon 6.6.  Temperatura de servi\u00e7o  -40\u00baC a +85\u00baC.  Auto-extingu\u00edvel  Norma V2 UL94.  Aprova\u00e7\u00e3o  E-97257.","og_url":"https:\/\/luxpro.pt\/es\/produto\/abracadeira-fivela-300x4-5mm-luxpro","og_site_name":"LuxPro","article_modified_time":"2025-07-08T19:55:31+00:00","og_image":[{"width":1000,"height":1000,"url":"https:\/\/luxpro.pt\/wp-content\/uploads\/2019\/04\/ABRAC\u0327ADEIRA-FIVELA.jpg","type":"image\/jpeg"}],"twitter_card":"summary_large_image","twitter_misc":{"Tiempo de lectura":"1 minuto"},"schema":{"@context":"https:\/\/schema.org","@graph":[{"@type":"WebPage","@id":"https:\/\/luxpro.pt\/es\/produto\/abracadeira-fivela-300x4-5mm-luxpro","url":"https:\/\/luxpro.pt\/es\/produto\/abracadeira-fivela-300x4-5mm-luxpro","name":"Abra\u00e7adeira Fivela 300X4.8mm (100UND) - LuxPro","isPartOf":{"@id":"https:\/\/luxpro.pt\/es#website"},"primaryImageOfPage":{"@id":"https:\/\/luxpro.pt\/es\/produto\/abracadeira-fivela-300x4-5mm-luxpro#primaryimage"},"image":{"@id":"https:\/\/luxpro.pt\/es\/produto\/abracadeira-fivela-300x4-5mm-luxpro#primaryimage"},"thumbnailUrl":"https:\/\/luxpro.pt\/wp-content\/uploads\/2019\/04\/ABRAC\u0327ADEIRA-FIVELA.jpg","datePublished":"2019-04-08T11:07:17+00:00","dateModified":"2025-07-08T19:55:31+00:00","description":"Material Nylon 6.6. Temperatura de servi\u00e7o -40\u00baC a +85\u00baC. Auto-extingu\u00edvel Norma V2 UL94. Aprova\u00e7\u00e3o E-97257.","breadcrumb":{"@id":"https:\/\/luxpro.pt\/es\/produto\/abracadeira-fivela-300x4-5mm-luxpro#breadcrumb"},"inLanguage":"es","potentialAction":[{"@type":"ReadAction","target":["https:\/\/luxpro.pt\/es\/produto\/abracadeira-fivela-300x4-5mm-luxpro"]}]},{"@type":"ImageObject","inLanguage":"es","@id":"https:\/\/luxpro.pt\/es\/produto\/abracadeira-fivela-300x4-5mm-luxpro#primaryimage","url":"https:\/\/luxpro.pt\/wp-content\/uploads\/2019\/04\/ABRAC\u0327ADEIRA-FIVELA.jpg","contentUrl":"https:\/\/luxpro.pt\/wp-content\/uploads\/2019\/04\/ABRAC\u0327ADEIRA-FIVELA.jpg","width":1000,"height":1000},{"@type":"BreadcrumbList","@id":"https:\/\/luxpro.pt\/es\/produto\/abracadeira-fivela-300x4-5mm-luxpro#breadcrumb","itemListElement":[{"@type":"ListItem","position":1,"name":"In\u00edcio","item":"https:\/\/luxpro.pt\/es"},{"@type":"ListItem","position":2,"name":"Loja","item":"https:\/\/luxpro.pt\/loja"},{"@type":"ListItem","position":3,"name":"Abra\u00e7adeira Fivela 300X4.8mm (100UND)"}]},{"@type":"WebSite","@id":"https:\/\/luxpro.pt\/es#website","url":"https:\/\/luxpro.pt\/es","name":"LuxPro","description":"","publisher":{"@id":"https:\/\/luxpro.pt\/es#\/schema\/person\/2d1bed59a52ad49be71622bef025e341"},"potentialAction":[{"@type":"SearchAction","target":{"@type":"EntryPoint","urlTemplate":"https:\/\/luxpro.pt\/es?s={search_term_string}"},"query-input":{"@type":"PropertyValueSpecification","valueRequired":true,"valueName":"search_term_string"}}],"inLanguage":"es"},{"@type":["Person","Organization"],"@id":"https:\/\/luxpro.pt\/es#\/schema\/person\/2d1bed59a52ad49be71622bef025e341","name":"Tiago Amadeu Ferreira","image":{"@type":"ImageObject","inLanguage":"es","@id":"https:\/\/luxpro.pt\/es#\/schema\/person\/image\/","url":"https:\/\/luxpro.pt\/wp-content\/uploads\/2017\/11\/logo.jpg","contentUrl":"https:\/\/luxpro.pt\/wp-content\/uploads\/2017\/11\/logo.jpg","width":150,"height":33,"caption":"Tiago Amadeu Ferreira"},"logo":{"@id":"https:\/\/luxpro.pt\/es#\/schema\/person\/image\/"}}]}},"tiered_pricing_type":"fixed","tiered_pricing_fixed_rules":[],"tiered_pricing_product_settings":{"layout":"default","base_unit_name":{"singular":null,"plural":null},"default_variation":null},"tiered_pricing_minimum_quantity":null,"tiered_pricing_roles_data":[],"tiered_pricing_percentage_rules":[],"_links":{"self":[{"href":"https:\/\/luxpro.pt\/es\/wp-json\/wp\/v2\/product\/2173","targetHints":{"allow":["GET"]}}],"collection":[{"href":"https:\/\/luxpro.pt\/es\/wp-json\/wp\/v2\/product"}],"about":[{"href":"https:\/\/luxpro.pt\/es\/wp-json\/wp\/v2\/types\/product"}],"replies":[{"embeddable":true,"href":"https:\/\/luxpro.pt\/es\/wp-json\/wp\/v2\/comments?post=2173"}],"wp:featuredmedia":[{"embeddable":true,"href":"https:\/\/luxpro.pt\/es\/wp-json\/wp\/v2\/media\/2168"}],"wp:attachment":[{"href":"https:\/\/luxpro.pt\/es\/wp-json\/wp\/v2\/media?parent=2173"}],"wp:term":[{"taxonomy":"product_brand","embeddable":true,"href":"https:\/\/luxpro.pt\/es\/wp-json\/wp\/v2\/product_brand?post=2173"},{"taxonomy":"product_cat","embeddable":true,"href":"https:\/\/luxpro.pt\/es\/wp-json\/wp\/v2\/product_cat?post=2173"},{"taxonomy":"product_tag","embeddable":true,"href":"https:\/\/luxpro.pt\/es\/wp-json\/wp\/v2\/product_tag?post=2173"}],"curies":[{"name":"wp","href":"https:\/\/api.w.org\/{rel}","templated":true}]}}