{"id":2260,"date":"2019-04-10T16:19:36","date_gmt":"2019-04-10T16:19:36","guid":{"rendered":"https:\/\/luxpro.pt\/?post_type=product&#038;p=2260"},"modified":"2024-01-31T18:35:52","modified_gmt":"2024-01-31T18:35:52","slug":"temporizador-analogico-24h-luxpro","status":"publish","type":"product","link":"https:\/\/luxpro.pt\/es\/produto\/temporizador-analogico-24h-luxpro","title":{"rendered":"Temporizador Anal\u00f3gico de tomada 24H"},"content":{"rendered":"<p>Rel\u00f3gio anal\u00f3gico compacto que permite temporizar de maneira autom\u00e1tica o acendido e apagado de qualquer equipamento el\u00e9ctrico conectado \u00e1 sua tomada de corrente com prote\u00e7\u00e3o infant\u00edl.<\/p>\n<p>Conta com uma alimenta\u00e7\u00e3o de 220-240V AC, intervalo de 15 minutos, permitindo automatizar sistemas at\u00e9 24 horas.<\/p>\n<p>Inclu\u00ed o interruptor no lateral para activar o temporizador, ou pelo contr\u00e1rio trabalhar Manual<\/p>\n","protected":false},"excerpt":{"rendered":"<p>Rel\u00f3gio anal\u00f3gico compacto que permite temporizar de maneira autom\u00e1tica o acendido e apagado de qualquer equipamento el\u00e9ctrico conectado \u00e1 sua tomada de corrente com prote\u00e7\u00e3o infant\u00edl. Conta com uma alimenta\u00e7\u00e3o de 220-240V AC, intervalo de 15 minutos, permitindo automatizar sistemas at\u00e9 24 horas. Inclu\u00ed o interruptor no lateral para activar o temporizador, ou pelo contr\u00e1rio trabalhar Manual<\/p>\n","protected":false},"featured_media":2264,"comment_status":"open","ping_status":"closed","template":"","meta":[],"product_brand":[],"product_cat":[589,523],"product_tag":[],"class_list":{"0":"post-2260","1":"product","2":"type-product","3":"status-publish","4":"has-post-thumbnail","6":"product_cat-ferramentas-gerais","7":"product_cat-bloco-de-tomadas","9":"first","10":"instock","11":"taxable","12":"shipping-taxable","13":"purchasable","14":"product-type-simple"},"yoast_head":"<!-- This site is optimized with the Yoast SEO plugin v26.5 - https:\/\/yoast.com\/wordpress\/plugins\/seo\/ -->\n<title>Temporizador Anal\u00f3gico de tomada 24H - LuxPro<\/title>\n<meta name=\"description\" content=\"Rel\u00f3gio anal\u00f3gico compacto que permite temporizar de maneira autom\u00e1tica o acendido e apagado de qualquer equipamento el\u00e9ctrico conectado \u00e1 sua tomada de\" \/>\n<meta name=\"robots\" content=\"index, follow, max-snippet:-1, max-image-preview:large, max-video-preview:-1\" \/>\n<link rel=\"canonical\" href=\"https:\/\/luxpro.pt\/es\/produto\/temporizador-analogico-24h-luxpro\" \/>\n<meta property=\"og:locale\" content=\"es_ES\" \/>\n<meta property=\"og:type\" content=\"article\" \/>\n<meta property=\"og:title\" content=\"Temporizador Anal\u00f3gico de tomada 24H - LuxPro\" \/>\n<meta property=\"og:description\" content=\"Rel\u00f3gio anal\u00f3gico compacto que permite temporizar de maneira autom\u00e1tica o acendido e apagado de qualquer equipamento el\u00e9ctrico conectado \u00e1 sua tomada de\" \/>\n<meta property=\"og:url\" content=\"https:\/\/luxpro.pt\/es\/produto\/temporizador-analogico-24h-luxpro\" \/>\n<meta property=\"og:site_name\" content=\"LuxPro\" \/>\n<meta property=\"article:modified_time\" content=\"2024-01-31T18:35:52+00:00\" \/>\n<meta property=\"og:image\" content=\"https:\/\/luxpro.pt\/wp-content\/uploads\/2019\/04\/RELOGIO-24H-.jpg\" \/>\n\t<meta property=\"og:image:width\" content=\"1273\" \/>\n\t<meta property=\"og:image:height\" content=\"1784\" \/>\n\t<meta property=\"og:image:type\" content=\"image\/jpeg\" \/>\n<meta name=\"twitter:card\" content=\"summary_large_image\" \/>\n<meta name=\"twitter:label1\" content=\"Tiempo de lectura\" \/>\n\t<meta name=\"twitter:data1\" content=\"1 minuto\" \/>\n<script type=\"application\/ld+json\" class=\"yoast-schema-graph\">{\"@context\":\"https:\/\/schema.org\",\"@graph\":[{\"@type\":\"WebPage\",\"@id\":\"https:\/\/luxpro.pt\/es\/produto\/temporizador-analogico-24h-luxpro\",\"url\":\"https:\/\/luxpro.pt\/es\/produto\/temporizador-analogico-24h-luxpro\",\"name\":\"Temporizador Anal\u00f3gico de tomada 24H - LuxPro\",\"isPartOf\":{\"@id\":\"https:\/\/luxpro.pt\/es#website\"},\"primaryImageOfPage\":{\"@id\":\"https:\/\/luxpro.pt\/es\/produto\/temporizador-analogico-24h-luxpro#primaryimage\"},\"image\":{\"@id\":\"https:\/\/luxpro.pt\/es\/produto\/temporizador-analogico-24h-luxpro#primaryimage\"},\"thumbnailUrl\":\"https:\/\/luxpro.pt\/wp-content\/uploads\/2019\/04\/RELOGIO-24H-.jpg\",\"datePublished\":\"2019-04-10T16:19:36+00:00\",\"dateModified\":\"2024-01-31T18:35:52+00:00\",\"description\":\"Rel\u00f3gio anal\u00f3gico compacto que permite temporizar de maneira autom\u00e1tica o acendido e apagado de qualquer equipamento el\u00e9ctrico conectado \u00e1 sua tomada de\",\"breadcrumb\":{\"@id\":\"https:\/\/luxpro.pt\/es\/produto\/temporizador-analogico-24h-luxpro#breadcrumb\"},\"inLanguage\":\"es\",\"potentialAction\":[{\"@type\":\"ReadAction\",\"target\":[\"https:\/\/luxpro.pt\/es\/produto\/temporizador-analogico-24h-luxpro\"]}]},{\"@type\":\"ImageObject\",\"inLanguage\":\"es\",\"@id\":\"https:\/\/luxpro.pt\/es\/produto\/temporizador-analogico-24h-luxpro#primaryimage\",\"url\":\"https:\/\/luxpro.pt\/wp-content\/uploads\/2019\/04\/RELOGIO-24H-.jpg\",\"contentUrl\":\"https:\/\/luxpro.pt\/wp-content\/uploads\/2019\/04\/RELOGIO-24H-.jpg\",\"width\":1273,\"height\":1784},{\"@type\":\"BreadcrumbList\",\"@id\":\"https:\/\/luxpro.pt\/es\/produto\/temporizador-analogico-24h-luxpro#breadcrumb\",\"itemListElement\":[{\"@type\":\"ListItem\",\"position\":1,\"name\":\"In\u00edcio\",\"item\":\"https:\/\/luxpro.pt\/es\"},{\"@type\":\"ListItem\",\"position\":2,\"name\":\"Loja\",\"item\":\"https:\/\/luxpro.pt\/loja\"},{\"@type\":\"ListItem\",\"position\":3,\"name\":\"Temporizador Anal\u00f3gico de tomada 24H\"}]},{\"@type\":\"WebSite\",\"@id\":\"https:\/\/luxpro.pt\/es#website\",\"url\":\"https:\/\/luxpro.pt\/es\",\"name\":\"LuxPro\",\"description\":\"\",\"publisher\":{\"@id\":\"https:\/\/luxpro.pt\/es#\/schema\/person\/2d1bed59a52ad49be71622bef025e341\"},\"potentialAction\":[{\"@type\":\"SearchAction\",\"target\":{\"@type\":\"EntryPoint\",\"urlTemplate\":\"https:\/\/luxpro.pt\/es?s={search_term_string}\"},\"query-input\":{\"@type\":\"PropertyValueSpecification\",\"valueRequired\":true,\"valueName\":\"search_term_string\"}}],\"inLanguage\":\"es\"},{\"@type\":[\"Person\",\"Organization\"],\"@id\":\"https:\/\/luxpro.pt\/es#\/schema\/person\/2d1bed59a52ad49be71622bef025e341\",\"name\":\"Tiago Amadeu Ferreira\",\"image\":{\"@type\":\"ImageObject\",\"inLanguage\":\"es\",\"@id\":\"https:\/\/luxpro.pt\/es#\/schema\/person\/image\/\",\"url\":\"https:\/\/luxpro.pt\/wp-content\/uploads\/2017\/11\/logo.jpg\",\"contentUrl\":\"https:\/\/luxpro.pt\/wp-content\/uploads\/2017\/11\/logo.jpg\",\"width\":150,\"height\":33,\"caption\":\"Tiago Amadeu Ferreira\"},\"logo\":{\"@id\":\"https:\/\/luxpro.pt\/es#\/schema\/person\/image\/\"}}]}<\/script>\n<!-- \/ Yoast SEO plugin. -->","yoast_head_json":{"title":"Temporizador Anal\u00f3gico de tomada 24H - LuxPro","description":"Rel\u00f3gio anal\u00f3gico compacto que permite temporizar de maneira autom\u00e1tica o acendido e apagado de qualquer equipamento el\u00e9ctrico conectado \u00e1 sua tomada de","robots":{"index":"index","follow":"follow","max-snippet":"max-snippet:-1","max-image-preview":"max-image-preview:large","max-video-preview":"max-video-preview:-1"},"canonical":"https:\/\/luxpro.pt\/es\/produto\/temporizador-analogico-24h-luxpro","og_locale":"es_ES","og_type":"article","og_title":"Temporizador Anal\u00f3gico de tomada 24H - LuxPro","og_description":"Rel\u00f3gio anal\u00f3gico compacto que permite temporizar de maneira autom\u00e1tica o acendido e apagado de qualquer equipamento el\u00e9ctrico conectado \u00e1 sua tomada de","og_url":"https:\/\/luxpro.pt\/es\/produto\/temporizador-analogico-24h-luxpro","og_site_name":"LuxPro","article_modified_time":"2024-01-31T18:35:52+00:00","og_image":[{"width":1273,"height":1784,"url":"https:\/\/luxpro.pt\/wp-content\/uploads\/2019\/04\/RELOGIO-24H-.jpg","type":"image\/jpeg"}],"twitter_card":"summary_large_image","twitter_misc":{"Tiempo de lectura":"1 minuto"},"schema":{"@context":"https:\/\/schema.org","@graph":[{"@type":"WebPage","@id":"https:\/\/luxpro.pt\/es\/produto\/temporizador-analogico-24h-luxpro","url":"https:\/\/luxpro.pt\/es\/produto\/temporizador-analogico-24h-luxpro","name":"Temporizador Anal\u00f3gico de tomada 24H - LuxPro","isPartOf":{"@id":"https:\/\/luxpro.pt\/es#website"},"primaryImageOfPage":{"@id":"https:\/\/luxpro.pt\/es\/produto\/temporizador-analogico-24h-luxpro#primaryimage"},"image":{"@id":"https:\/\/luxpro.pt\/es\/produto\/temporizador-analogico-24h-luxpro#primaryimage"},"thumbnailUrl":"https:\/\/luxpro.pt\/wp-content\/uploads\/2019\/04\/RELOGIO-24H-.jpg","datePublished":"2019-04-10T16:19:36+00:00","dateModified":"2024-01-31T18:35:52+00:00","description":"Rel\u00f3gio anal\u00f3gico compacto que permite temporizar de maneira autom\u00e1tica o acendido e apagado de qualquer equipamento el\u00e9ctrico conectado \u00e1 sua tomada de","breadcrumb":{"@id":"https:\/\/luxpro.pt\/es\/produto\/temporizador-analogico-24h-luxpro#breadcrumb"},"inLanguage":"es","potentialAction":[{"@type":"ReadAction","target":["https:\/\/luxpro.pt\/es\/produto\/temporizador-analogico-24h-luxpro"]}]},{"@type":"ImageObject","inLanguage":"es","@id":"https:\/\/luxpro.pt\/es\/produto\/temporizador-analogico-24h-luxpro#primaryimage","url":"https:\/\/luxpro.pt\/wp-content\/uploads\/2019\/04\/RELOGIO-24H-.jpg","contentUrl":"https:\/\/luxpro.pt\/wp-content\/uploads\/2019\/04\/RELOGIO-24H-.jpg","width":1273,"height":1784},{"@type":"BreadcrumbList","@id":"https:\/\/luxpro.pt\/es\/produto\/temporizador-analogico-24h-luxpro#breadcrumb","itemListElement":[{"@type":"ListItem","position":1,"name":"In\u00edcio","item":"https:\/\/luxpro.pt\/es"},{"@type":"ListItem","position":2,"name":"Loja","item":"https:\/\/luxpro.pt\/loja"},{"@type":"ListItem","position":3,"name":"Temporizador Anal\u00f3gico de tomada 24H"}]},{"@type":"WebSite","@id":"https:\/\/luxpro.pt\/es#website","url":"https:\/\/luxpro.pt\/es","name":"LuxPro","description":"","publisher":{"@id":"https:\/\/luxpro.pt\/es#\/schema\/person\/2d1bed59a52ad49be71622bef025e341"},"potentialAction":[{"@type":"SearchAction","target":{"@type":"EntryPoint","urlTemplate":"https:\/\/luxpro.pt\/es?s={search_term_string}"},"query-input":{"@type":"PropertyValueSpecification","valueRequired":true,"valueName":"search_term_string"}}],"inLanguage":"es"},{"@type":["Person","Organization"],"@id":"https:\/\/luxpro.pt\/es#\/schema\/person\/2d1bed59a52ad49be71622bef025e341","name":"Tiago Amadeu Ferreira","image":{"@type":"ImageObject","inLanguage":"es","@id":"https:\/\/luxpro.pt\/es#\/schema\/person\/image\/","url":"https:\/\/luxpro.pt\/wp-content\/uploads\/2017\/11\/logo.jpg","contentUrl":"https:\/\/luxpro.pt\/wp-content\/uploads\/2017\/11\/logo.jpg","width":150,"height":33,"caption":"Tiago Amadeu Ferreira"},"logo":{"@id":"https:\/\/luxpro.pt\/es#\/schema\/person\/image\/"}}]}},"tiered_pricing_type":"fixed","tiered_pricing_fixed_rules":[],"tiered_pricing_product_settings":{"layout":"default","base_unit_name":{"singular":null,"plural":null},"default_variation":null},"tiered_pricing_minimum_quantity":null,"tiered_pricing_roles_data":[],"tiered_pricing_percentage_rules":[],"_links":{"self":[{"href":"https:\/\/luxpro.pt\/es\/wp-json\/wp\/v2\/product\/2260","targetHints":{"allow":["GET"]}}],"collection":[{"href":"https:\/\/luxpro.pt\/es\/wp-json\/wp\/v2\/product"}],"about":[{"href":"https:\/\/luxpro.pt\/es\/wp-json\/wp\/v2\/types\/product"}],"replies":[{"embeddable":true,"href":"https:\/\/luxpro.pt\/es\/wp-json\/wp\/v2\/comments?post=2260"}],"wp:featuredmedia":[{"embeddable":true,"href":"https:\/\/luxpro.pt\/es\/wp-json\/wp\/v2\/media\/2264"}],"wp:attachment":[{"href":"https:\/\/luxpro.pt\/es\/wp-json\/wp\/v2\/media?parent=2260"}],"wp:term":[{"taxonomy":"product_brand","embeddable":true,"href":"https:\/\/luxpro.pt\/es\/wp-json\/wp\/v2\/product_brand?post=2260"},{"taxonomy":"product_cat","embeddable":true,"href":"https:\/\/luxpro.pt\/es\/wp-json\/wp\/v2\/product_cat?post=2260"},{"taxonomy":"product_tag","embeddable":true,"href":"https:\/\/luxpro.pt\/es\/wp-json\/wp\/v2\/product_tag?post=2260"}],"curies":[{"name":"wp","href":"https:\/\/api.w.org\/{rel}","templated":true}]}}