{"id":227,"date":"2018-09-04T10:45:33","date_gmt":"2018-09-04T10:45:33","guid":{"rendered":"https:\/\/luxpro.pt\/produto\/aplique-de-parede-para-iluminacao-exterior-317-frl317\/"},"modified":"2023-06-22T21:25:32","modified_gmt":"2023-06-22T20:25:32","slug":"aplique-de-parede-para-iluminacao-exterior-317-frl317","status":"publish","type":"product","link":"https:\/\/luxpro.pt\/es\/produto\/aplique-de-parede-para-iluminacao-exterior-317-frl317","title":{"rendered":"Plafon de Tecto 317 E27"},"content":{"rendered":"<p>\u2022 Base de fixac\u0327a\u0303o e corpo do aplique moldado em ABS;<br \/>\n\u2022 Acabamento em Branco, Preto e Cinza;<br \/>\n\u2022 Difusor frontal opalino em poliamida resistente a raios UV;<br \/>\n\u2022 Refletor da la\u0302mpada em alumi\u0301nio anodizado, com espessura de 0,5 mm;<br \/>\n\u2022 Suporte da la\u0302mpada em policarbonato, resistente a elevadas temperaturas;<br \/>\n\u2022 Modelo versa\u0301til permite a instalac\u0327a\u0303o no interior e exterior de habitac\u0327o\u0303es.<\/p>\n","protected":false},"excerpt":{"rendered":"<p>\u2022 Base de fixac\u0327a\u0303o e corpo do aplique moldado em ABS; \u2022 Acabamento em Branco, Preto e Cinza; \u2022 Difusor frontal opalino em poliamida resistente a raios UV; \u2022 Refletor da la\u0302mpada em alumi\u0301nio anodizado, com espessura de 0,5 mm; \u2022 Suporte da la\u0302mpada em policarbonato, resistente a elevadas temperaturas; \u2022 Modelo versa\u0301til permite a instalac\u0327a\u0303o no interior e exterior [&hellip;]<\/p>\n","protected":false},"featured_media":228,"comment_status":"closed","ping_status":"closed","template":"","meta":[],"product_brand":[],"product_cat":[24,16,36],"product_tag":[788,1649,1261,1645,1646,1648,1647],"class_list":{"0":"post-227","1":"product","2":"type-product","3":"status-publish","4":"has-post-thumbnail","6":"product_cat-materiais-de-iluminacao","7":"product_cat-iluminacao-exterior","8":"product_cat-iluminacao-interior-plafons","9":"product_tag-iluminacao","10":"product_tag-iluminacao-de-tecto","11":"product_tag-iluminacao-exterior","12":"product_tag-plafon","13":"product_tag-plafon-de-tecto","14":"product_tag-plafon-e27","15":"product_tag-plafon-policarbonato","16":"pa_cor-branco","17":"pa_cor-cinza","18":"pa_cor-preto","19":"pa_material-de-fabrico-abs","20":"pa_acabamento-branco-cinza-preto","21":"pa_potencia-admissivel-40w","22":"pa_suporte-da-lampada-e27","23":"pa_tensao-de-entrada-230-240v-50hz","24":"pa_grau-de-isolamento-classe-i","25":"pa_dimensoes-a285xl285xp85mm","27":"first","28":"instock","29":"taxable","30":"shipping-taxable","31":"purchasable","32":"product-type-variable"},"yoast_head":"<!-- This site is optimized with the Yoast SEO plugin v26.5 - https:\/\/yoast.com\/wordpress\/plugins\/seo\/ -->\n<title>Plafon de Tecto para Ilumina\u00e7\u00e3o Exterior FRL317<\/title>\n<meta name=\"description\" content=\"Plafon de tecto todo em policarbonato ideal para zonas de muita humidade, dispon\u00edvel em varias cores cinza; preto; branco\" \/>\n<meta name=\"robots\" content=\"index, follow, max-snippet:-1, max-image-preview:large, max-video-preview:-1\" \/>\n<link rel=\"canonical\" href=\"https:\/\/luxpro.pt\/es\/produto\/aplique-de-parede-para-iluminacao-exterior-317-frl317\" \/>\n<meta property=\"og:locale\" content=\"es_ES\" \/>\n<meta property=\"og:type\" content=\"article\" \/>\n<meta property=\"og:title\" content=\"Plafon de Tecto para Ilumina\u00e7\u00e3o Exterior FRL317\" \/>\n<meta property=\"og:description\" content=\"Plafon de tecto todo em policarbonato ideal para zonas de muita humidade, dispon\u00edvel em varias cores cinza; preto; branco\" \/>\n<meta property=\"og:url\" content=\"https:\/\/luxpro.pt\/es\/produto\/aplique-de-parede-para-iluminacao-exterior-317-frl317\" \/>\n<meta property=\"og:site_name\" content=\"LuxPro\" \/>\n<meta property=\"article:modified_time\" content=\"2023-06-22T20:25:32+00:00\" \/>\n<meta property=\"og:image\" content=\"https:\/\/luxpro.pt\/wp-content\/uploads\/2018\/09\/317-BR.jpg\" \/>\n\t<meta property=\"og:image:width\" content=\"1000\" \/>\n\t<meta property=\"og:image:height\" content=\"1000\" \/>\n\t<meta property=\"og:image:type\" content=\"image\/jpeg\" \/>\n<meta name=\"twitter:card\" content=\"summary_large_image\" \/>\n<meta name=\"twitter:label1\" content=\"Tiempo de lectura\" \/>\n\t<meta name=\"twitter:data1\" content=\"1 minuto\" \/>\n<script type=\"application\/ld+json\" class=\"yoast-schema-graph\">{\"@context\":\"https:\/\/schema.org\",\"@graph\":[{\"@type\":\"WebPage\",\"@id\":\"https:\/\/luxpro.pt\/es\/produto\/aplique-de-parede-para-iluminacao-exterior-317-frl317\",\"url\":\"https:\/\/luxpro.pt\/es\/produto\/aplique-de-parede-para-iluminacao-exterior-317-frl317\",\"name\":\"Plafon de Tecto para Ilumina\u00e7\u00e3o Exterior FRL317\",\"isPartOf\":{\"@id\":\"https:\/\/luxpro.pt\/es#website\"},\"primaryImageOfPage\":{\"@id\":\"https:\/\/luxpro.pt\/es\/produto\/aplique-de-parede-para-iluminacao-exterior-317-frl317#primaryimage\"},\"image\":{\"@id\":\"https:\/\/luxpro.pt\/es\/produto\/aplique-de-parede-para-iluminacao-exterior-317-frl317#primaryimage\"},\"thumbnailUrl\":\"https:\/\/luxpro.pt\/wp-content\/uploads\/2018\/09\/317-BR.jpg\",\"datePublished\":\"2018-09-04T10:45:33+00:00\",\"dateModified\":\"2023-06-22T20:25:32+00:00\",\"description\":\"Plafon de tecto todo em policarbonato ideal para zonas de muita humidade, dispon\u00edvel em varias cores cinza; preto; branco\",\"breadcrumb\":{\"@id\":\"https:\/\/luxpro.pt\/es\/produto\/aplique-de-parede-para-iluminacao-exterior-317-frl317#breadcrumb\"},\"inLanguage\":\"es\",\"potentialAction\":[{\"@type\":\"ReadAction\",\"target\":[\"https:\/\/luxpro.pt\/es\/produto\/aplique-de-parede-para-iluminacao-exterior-317-frl317\"]}]},{\"@type\":\"ImageObject\",\"inLanguage\":\"es\",\"@id\":\"https:\/\/luxpro.pt\/es\/produto\/aplique-de-parede-para-iluminacao-exterior-317-frl317#primaryimage\",\"url\":\"https:\/\/luxpro.pt\/wp-content\/uploads\/2018\/09\/317-BR.jpg\",\"contentUrl\":\"https:\/\/luxpro.pt\/wp-content\/uploads\/2018\/09\/317-BR.jpg\",\"width\":1000,\"height\":1000},{\"@type\":\"BreadcrumbList\",\"@id\":\"https:\/\/luxpro.pt\/es\/produto\/aplique-de-parede-para-iluminacao-exterior-317-frl317#breadcrumb\",\"itemListElement\":[{\"@type\":\"ListItem\",\"position\":1,\"name\":\"In\u00edcio\",\"item\":\"https:\/\/luxpro.pt\/es\"},{\"@type\":\"ListItem\",\"position\":2,\"name\":\"Loja\",\"item\":\"https:\/\/luxpro.pt\/loja\"},{\"@type\":\"ListItem\",\"position\":3,\"name\":\"Plafon de Tecto 317 E27\"}]},{\"@type\":\"WebSite\",\"@id\":\"https:\/\/luxpro.pt\/es#website\",\"url\":\"https:\/\/luxpro.pt\/es\",\"name\":\"LuxPro\",\"description\":\"\",\"publisher\":{\"@id\":\"https:\/\/luxpro.pt\/es#\/schema\/person\/2d1bed59a52ad49be71622bef025e341\"},\"potentialAction\":[{\"@type\":\"SearchAction\",\"target\":{\"@type\":\"EntryPoint\",\"urlTemplate\":\"https:\/\/luxpro.pt\/es?s={search_term_string}\"},\"query-input\":{\"@type\":\"PropertyValueSpecification\",\"valueRequired\":true,\"valueName\":\"search_term_string\"}}],\"inLanguage\":\"es\"},{\"@type\":[\"Person\",\"Organization\"],\"@id\":\"https:\/\/luxpro.pt\/es#\/schema\/person\/2d1bed59a52ad49be71622bef025e341\",\"name\":\"Tiago Amadeu Ferreira\",\"image\":{\"@type\":\"ImageObject\",\"inLanguage\":\"es\",\"@id\":\"https:\/\/luxpro.pt\/es#\/schema\/person\/image\/\",\"url\":\"https:\/\/luxpro.pt\/wp-content\/uploads\/2017\/11\/logo.jpg\",\"contentUrl\":\"https:\/\/luxpro.pt\/wp-content\/uploads\/2017\/11\/logo.jpg\",\"width\":150,\"height\":33,\"caption\":\"Tiago Amadeu Ferreira\"},\"logo\":{\"@id\":\"https:\/\/luxpro.pt\/es#\/schema\/person\/image\/\"}}]}<\/script>\n<!-- \/ Yoast SEO plugin. -->","yoast_head_json":{"title":"Plafon de Tecto para Ilumina\u00e7\u00e3o Exterior FRL317","description":"Plafon de tecto todo em policarbonato ideal para zonas de muita humidade, dispon\u00edvel em varias cores cinza; preto; branco","robots":{"index":"index","follow":"follow","max-snippet":"max-snippet:-1","max-image-preview":"max-image-preview:large","max-video-preview":"max-video-preview:-1"},"canonical":"https:\/\/luxpro.pt\/es\/produto\/aplique-de-parede-para-iluminacao-exterior-317-frl317","og_locale":"es_ES","og_type":"article","og_title":"Plafon de Tecto para Ilumina\u00e7\u00e3o Exterior FRL317","og_description":"Plafon de tecto todo em policarbonato ideal para zonas de muita humidade, dispon\u00edvel em varias cores cinza; preto; branco","og_url":"https:\/\/luxpro.pt\/es\/produto\/aplique-de-parede-para-iluminacao-exterior-317-frl317","og_site_name":"LuxPro","article_modified_time":"2023-06-22T20:25:32+00:00","og_image":[{"width":1000,"height":1000,"url":"https:\/\/luxpro.pt\/wp-content\/uploads\/2018\/09\/317-BR.jpg","type":"image\/jpeg"}],"twitter_card":"summary_large_image","twitter_misc":{"Tiempo de lectura":"1 minuto"},"schema":{"@context":"https:\/\/schema.org","@graph":[{"@type":"WebPage","@id":"https:\/\/luxpro.pt\/es\/produto\/aplique-de-parede-para-iluminacao-exterior-317-frl317","url":"https:\/\/luxpro.pt\/es\/produto\/aplique-de-parede-para-iluminacao-exterior-317-frl317","name":"Plafon de Tecto para Ilumina\u00e7\u00e3o Exterior FRL317","isPartOf":{"@id":"https:\/\/luxpro.pt\/es#website"},"primaryImageOfPage":{"@id":"https:\/\/luxpro.pt\/es\/produto\/aplique-de-parede-para-iluminacao-exterior-317-frl317#primaryimage"},"image":{"@id":"https:\/\/luxpro.pt\/es\/produto\/aplique-de-parede-para-iluminacao-exterior-317-frl317#primaryimage"},"thumbnailUrl":"https:\/\/luxpro.pt\/wp-content\/uploads\/2018\/09\/317-BR.jpg","datePublished":"2018-09-04T10:45:33+00:00","dateModified":"2023-06-22T20:25:32+00:00","description":"Plafon de tecto todo em policarbonato ideal para zonas de muita humidade, dispon\u00edvel em varias cores cinza; preto; branco","breadcrumb":{"@id":"https:\/\/luxpro.pt\/es\/produto\/aplique-de-parede-para-iluminacao-exterior-317-frl317#breadcrumb"},"inLanguage":"es","potentialAction":[{"@type":"ReadAction","target":["https:\/\/luxpro.pt\/es\/produto\/aplique-de-parede-para-iluminacao-exterior-317-frl317"]}]},{"@type":"ImageObject","inLanguage":"es","@id":"https:\/\/luxpro.pt\/es\/produto\/aplique-de-parede-para-iluminacao-exterior-317-frl317#primaryimage","url":"https:\/\/luxpro.pt\/wp-content\/uploads\/2018\/09\/317-BR.jpg","contentUrl":"https:\/\/luxpro.pt\/wp-content\/uploads\/2018\/09\/317-BR.jpg","width":1000,"height":1000},{"@type":"BreadcrumbList","@id":"https:\/\/luxpro.pt\/es\/produto\/aplique-de-parede-para-iluminacao-exterior-317-frl317#breadcrumb","itemListElement":[{"@type":"ListItem","position":1,"name":"In\u00edcio","item":"https:\/\/luxpro.pt\/es"},{"@type":"ListItem","position":2,"name":"Loja","item":"https:\/\/luxpro.pt\/loja"},{"@type":"ListItem","position":3,"name":"Plafon de Tecto 317 E27"}]},{"@type":"WebSite","@id":"https:\/\/luxpro.pt\/es#website","url":"https:\/\/luxpro.pt\/es","name":"LuxPro","description":"","publisher":{"@id":"https:\/\/luxpro.pt\/es#\/schema\/person\/2d1bed59a52ad49be71622bef025e341"},"potentialAction":[{"@type":"SearchAction","target":{"@type":"EntryPoint","urlTemplate":"https:\/\/luxpro.pt\/es?s={search_term_string}"},"query-input":{"@type":"PropertyValueSpecification","valueRequired":true,"valueName":"search_term_string"}}],"inLanguage":"es"},{"@type":["Person","Organization"],"@id":"https:\/\/luxpro.pt\/es#\/schema\/person\/2d1bed59a52ad49be71622bef025e341","name":"Tiago Amadeu Ferreira","image":{"@type":"ImageObject","inLanguage":"es","@id":"https:\/\/luxpro.pt\/es#\/schema\/person\/image\/","url":"https:\/\/luxpro.pt\/wp-content\/uploads\/2017\/11\/logo.jpg","contentUrl":"https:\/\/luxpro.pt\/wp-content\/uploads\/2017\/11\/logo.jpg","width":150,"height":33,"caption":"Tiago Amadeu Ferreira"},"logo":{"@id":"https:\/\/luxpro.pt\/es#\/schema\/person\/image\/"}}]}},"tiered_pricing_type":"fixed","tiered_pricing_fixed_rules":[],"tiered_pricing_product_settings":{"layout":"default","base_unit_name":{"singular":null,"plural":null},"default_variation":null},"tiered_pricing_minimum_quantity":null,"tiered_pricing_roles_data":[],"tiered_pricing_percentage_rules":[],"_links":{"self":[{"href":"https:\/\/luxpro.pt\/es\/wp-json\/wp\/v2\/product\/227","targetHints":{"allow":["GET"]}}],"collection":[{"href":"https:\/\/luxpro.pt\/es\/wp-json\/wp\/v2\/product"}],"about":[{"href":"https:\/\/luxpro.pt\/es\/wp-json\/wp\/v2\/types\/product"}],"replies":[{"embeddable":true,"href":"https:\/\/luxpro.pt\/es\/wp-json\/wp\/v2\/comments?post=227"}],"wp:featuredmedia":[{"embeddable":true,"href":"https:\/\/luxpro.pt\/es\/wp-json\/wp\/v2\/media\/228"}],"wp:attachment":[{"href":"https:\/\/luxpro.pt\/es\/wp-json\/wp\/v2\/media?parent=227"}],"wp:term":[{"taxonomy":"product_brand","embeddable":true,"href":"https:\/\/luxpro.pt\/es\/wp-json\/wp\/v2\/product_brand?post=227"},{"taxonomy":"product_cat","embeddable":true,"href":"https:\/\/luxpro.pt\/es\/wp-json\/wp\/v2\/product_cat?post=227"},{"taxonomy":"product_tag","embeddable":true,"href":"https:\/\/luxpro.pt\/es\/wp-json\/wp\/v2\/product_tag?post=227"}],"curies":[{"name":"wp","href":"https:\/\/api.w.org\/{rel}","templated":true}]}}