{"id":2408,"date":"2019-04-18T14:39:07","date_gmt":"2019-04-18T14:39:07","guid":{"rendered":"https:\/\/luxpro.pt\/?post_type=product&#038;p=2408"},"modified":"2023-06-28T18:24:44","modified_gmt":"2023-06-28T17:24:44","slug":"busca-polos-pro-pequeno-aslo","status":"publish","type":"product","link":"https:\/\/luxpro.pt\/es\/produto\/busca-polos-pro-pequeno-aslo","title":{"rendered":"Chave busca-p\u00f3los pro pequeno verde"},"content":{"rendered":"<p>Chave busca-p\u00f3los pro pequeno verde. Uma luz de teste, l\u00e2mpada de teste, usado para determinar a presen\u00e7a de eletricidade em um equipamento.<\/p>\n","protected":false},"excerpt":{"rendered":"<p>Chave busca-p\u00f3los pro pequeno verde. Uma luz de teste, l\u00e2mpada de teste, usado para determinar a presen\u00e7a de eletricidade em um equipamento.<\/p>\n","protected":false},"featured_media":2420,"comment_status":"open","ping_status":"closed","template":"","meta":[],"product_brand":[],"product_cat":[589],"product_tag":[],"class_list":{"0":"post-2408","1":"product","2":"type-product","3":"status-publish","4":"has-post-thumbnail","6":"product_cat-ferramentas-gerais","8":"first","9":"instock","10":"taxable","11":"shipping-taxable","12":"purchasable","13":"product-type-simple"},"yoast_head":"<!-- This site is optimized with the Yoast SEO plugin v26.5 - https:\/\/yoast.com\/wordpress\/plugins\/seo\/ -->\n<title>Chave busca-p\u00f3los pro pequeno verde - LuxPro<\/title>\n<meta name=\"description\" content=\"Chave busca-p\u00f3los pro pequeno verde. Uma luz de teste, l\u00e2mpada de teste, usado para determinar a presen\u00e7a de eletricidade em um equipamento.\" \/>\n<meta name=\"robots\" content=\"index, follow, max-snippet:-1, max-image-preview:large, max-video-preview:-1\" \/>\n<link rel=\"canonical\" href=\"https:\/\/luxpro.pt\/es\/produto\/busca-polos-pro-pequeno-aslo\" \/>\n<meta property=\"og:locale\" content=\"es_ES\" \/>\n<meta property=\"og:type\" content=\"article\" \/>\n<meta property=\"og:title\" content=\"Chave busca-p\u00f3los pro pequeno verde - LuxPro\" \/>\n<meta property=\"og:description\" content=\"Chave busca-p\u00f3los pro pequeno verde. Uma luz de teste, l\u00e2mpada de teste, usado para determinar a presen\u00e7a de eletricidade em um equipamento.\" \/>\n<meta property=\"og:url\" content=\"https:\/\/luxpro.pt\/es\/produto\/busca-polos-pro-pequeno-aslo\" \/>\n<meta property=\"og:site_name\" content=\"LuxPro\" \/>\n<meta property=\"article:modified_time\" content=\"2023-06-28T17:24:44+00:00\" \/>\n<meta property=\"og:image\" content=\"https:\/\/luxpro.pt\/wp-content\/uploads\/2019\/04\/BUSCAPOLOS-PEQUENO.png\" \/>\n\t<meta property=\"og:image:width\" content=\"800\" \/>\n\t<meta property=\"og:image:height\" content=\"800\" \/>\n\t<meta property=\"og:image:type\" content=\"image\/png\" \/>\n<meta name=\"twitter:card\" content=\"summary_large_image\" \/>\n<meta name=\"twitter:label1\" content=\"Tiempo de lectura\" \/>\n\t<meta name=\"twitter:data1\" content=\"1 minuto\" \/>\n<script type=\"application\/ld+json\" class=\"yoast-schema-graph\">{\"@context\":\"https:\/\/schema.org\",\"@graph\":[{\"@type\":\"WebPage\",\"@id\":\"https:\/\/luxpro.pt\/es\/produto\/busca-polos-pro-pequeno-aslo\",\"url\":\"https:\/\/luxpro.pt\/es\/produto\/busca-polos-pro-pequeno-aslo\",\"name\":\"Chave busca-p\u00f3los pro pequeno verde - LuxPro\",\"isPartOf\":{\"@id\":\"https:\/\/luxpro.pt\/es#website\"},\"primaryImageOfPage\":{\"@id\":\"https:\/\/luxpro.pt\/es\/produto\/busca-polos-pro-pequeno-aslo#primaryimage\"},\"image\":{\"@id\":\"https:\/\/luxpro.pt\/es\/produto\/busca-polos-pro-pequeno-aslo#primaryimage\"},\"thumbnailUrl\":\"https:\/\/luxpro.pt\/wp-content\/uploads\/2019\/04\/BUSCAPOLOS-PEQUENO.png\",\"datePublished\":\"2019-04-18T14:39:07+00:00\",\"dateModified\":\"2023-06-28T17:24:44+00:00\",\"description\":\"Chave busca-p\u00f3los pro pequeno verde. Uma luz de teste, l\u00e2mpada de teste, usado para determinar a presen\u00e7a de eletricidade em um equipamento.\",\"breadcrumb\":{\"@id\":\"https:\/\/luxpro.pt\/es\/produto\/busca-polos-pro-pequeno-aslo#breadcrumb\"},\"inLanguage\":\"es\",\"potentialAction\":[{\"@type\":\"ReadAction\",\"target\":[\"https:\/\/luxpro.pt\/es\/produto\/busca-polos-pro-pequeno-aslo\"]}]},{\"@type\":\"ImageObject\",\"inLanguage\":\"es\",\"@id\":\"https:\/\/luxpro.pt\/es\/produto\/busca-polos-pro-pequeno-aslo#primaryimage\",\"url\":\"https:\/\/luxpro.pt\/wp-content\/uploads\/2019\/04\/BUSCAPOLOS-PEQUENO.png\",\"contentUrl\":\"https:\/\/luxpro.pt\/wp-content\/uploads\/2019\/04\/BUSCAPOLOS-PEQUENO.png\",\"width\":800,\"height\":800},{\"@type\":\"BreadcrumbList\",\"@id\":\"https:\/\/luxpro.pt\/es\/produto\/busca-polos-pro-pequeno-aslo#breadcrumb\",\"itemListElement\":[{\"@type\":\"ListItem\",\"position\":1,\"name\":\"In\u00edcio\",\"item\":\"https:\/\/luxpro.pt\/es\"},{\"@type\":\"ListItem\",\"position\":2,\"name\":\"Loja\",\"item\":\"https:\/\/luxpro.pt\/loja\"},{\"@type\":\"ListItem\",\"position\":3,\"name\":\"Chave busca-p\u00f3los pro pequeno verde\"}]},{\"@type\":\"WebSite\",\"@id\":\"https:\/\/luxpro.pt\/es#website\",\"url\":\"https:\/\/luxpro.pt\/es\",\"name\":\"LuxPro\",\"description\":\"\",\"publisher\":{\"@id\":\"https:\/\/luxpro.pt\/es#\/schema\/person\/2d1bed59a52ad49be71622bef025e341\"},\"potentialAction\":[{\"@type\":\"SearchAction\",\"target\":{\"@type\":\"EntryPoint\",\"urlTemplate\":\"https:\/\/luxpro.pt\/es?s={search_term_string}\"},\"query-input\":{\"@type\":\"PropertyValueSpecification\",\"valueRequired\":true,\"valueName\":\"search_term_string\"}}],\"inLanguage\":\"es\"},{\"@type\":[\"Person\",\"Organization\"],\"@id\":\"https:\/\/luxpro.pt\/es#\/schema\/person\/2d1bed59a52ad49be71622bef025e341\",\"name\":\"Tiago Amadeu Ferreira\",\"image\":{\"@type\":\"ImageObject\",\"inLanguage\":\"es\",\"@id\":\"https:\/\/luxpro.pt\/es#\/schema\/person\/image\/\",\"url\":\"https:\/\/luxpro.pt\/wp-content\/uploads\/2017\/11\/logo.jpg\",\"contentUrl\":\"https:\/\/luxpro.pt\/wp-content\/uploads\/2017\/11\/logo.jpg\",\"width\":150,\"height\":33,\"caption\":\"Tiago Amadeu Ferreira\"},\"logo\":{\"@id\":\"https:\/\/luxpro.pt\/es#\/schema\/person\/image\/\"}}]}<\/script>\n<!-- \/ Yoast SEO plugin. -->","yoast_head_json":{"title":"Chave busca-p\u00f3los pro pequeno verde - LuxPro","description":"Chave busca-p\u00f3los pro pequeno verde. Uma luz de teste, l\u00e2mpada de teste, usado para determinar a presen\u00e7a de eletricidade em um equipamento.","robots":{"index":"index","follow":"follow","max-snippet":"max-snippet:-1","max-image-preview":"max-image-preview:large","max-video-preview":"max-video-preview:-1"},"canonical":"https:\/\/luxpro.pt\/es\/produto\/busca-polos-pro-pequeno-aslo","og_locale":"es_ES","og_type":"article","og_title":"Chave busca-p\u00f3los pro pequeno verde - LuxPro","og_description":"Chave busca-p\u00f3los pro pequeno verde. Uma luz de teste, l\u00e2mpada de teste, usado para determinar a presen\u00e7a de eletricidade em um equipamento.","og_url":"https:\/\/luxpro.pt\/es\/produto\/busca-polos-pro-pequeno-aslo","og_site_name":"LuxPro","article_modified_time":"2023-06-28T17:24:44+00:00","og_image":[{"width":800,"height":800,"url":"https:\/\/luxpro.pt\/wp-content\/uploads\/2019\/04\/BUSCAPOLOS-PEQUENO.png","type":"image\/png"}],"twitter_card":"summary_large_image","twitter_misc":{"Tiempo de lectura":"1 minuto"},"schema":{"@context":"https:\/\/schema.org","@graph":[{"@type":"WebPage","@id":"https:\/\/luxpro.pt\/es\/produto\/busca-polos-pro-pequeno-aslo","url":"https:\/\/luxpro.pt\/es\/produto\/busca-polos-pro-pequeno-aslo","name":"Chave busca-p\u00f3los pro pequeno verde - LuxPro","isPartOf":{"@id":"https:\/\/luxpro.pt\/es#website"},"primaryImageOfPage":{"@id":"https:\/\/luxpro.pt\/es\/produto\/busca-polos-pro-pequeno-aslo#primaryimage"},"image":{"@id":"https:\/\/luxpro.pt\/es\/produto\/busca-polos-pro-pequeno-aslo#primaryimage"},"thumbnailUrl":"https:\/\/luxpro.pt\/wp-content\/uploads\/2019\/04\/BUSCAPOLOS-PEQUENO.png","datePublished":"2019-04-18T14:39:07+00:00","dateModified":"2023-06-28T17:24:44+00:00","description":"Chave busca-p\u00f3los pro pequeno verde. Uma luz de teste, l\u00e2mpada de teste, usado para determinar a presen\u00e7a de eletricidade em um equipamento.","breadcrumb":{"@id":"https:\/\/luxpro.pt\/es\/produto\/busca-polos-pro-pequeno-aslo#breadcrumb"},"inLanguage":"es","potentialAction":[{"@type":"ReadAction","target":["https:\/\/luxpro.pt\/es\/produto\/busca-polos-pro-pequeno-aslo"]}]},{"@type":"ImageObject","inLanguage":"es","@id":"https:\/\/luxpro.pt\/es\/produto\/busca-polos-pro-pequeno-aslo#primaryimage","url":"https:\/\/luxpro.pt\/wp-content\/uploads\/2019\/04\/BUSCAPOLOS-PEQUENO.png","contentUrl":"https:\/\/luxpro.pt\/wp-content\/uploads\/2019\/04\/BUSCAPOLOS-PEQUENO.png","width":800,"height":800},{"@type":"BreadcrumbList","@id":"https:\/\/luxpro.pt\/es\/produto\/busca-polos-pro-pequeno-aslo#breadcrumb","itemListElement":[{"@type":"ListItem","position":1,"name":"In\u00edcio","item":"https:\/\/luxpro.pt\/es"},{"@type":"ListItem","position":2,"name":"Loja","item":"https:\/\/luxpro.pt\/loja"},{"@type":"ListItem","position":3,"name":"Chave busca-p\u00f3los pro pequeno verde"}]},{"@type":"WebSite","@id":"https:\/\/luxpro.pt\/es#website","url":"https:\/\/luxpro.pt\/es","name":"LuxPro","description":"","publisher":{"@id":"https:\/\/luxpro.pt\/es#\/schema\/person\/2d1bed59a52ad49be71622bef025e341"},"potentialAction":[{"@type":"SearchAction","target":{"@type":"EntryPoint","urlTemplate":"https:\/\/luxpro.pt\/es?s={search_term_string}"},"query-input":{"@type":"PropertyValueSpecification","valueRequired":true,"valueName":"search_term_string"}}],"inLanguage":"es"},{"@type":["Person","Organization"],"@id":"https:\/\/luxpro.pt\/es#\/schema\/person\/2d1bed59a52ad49be71622bef025e341","name":"Tiago Amadeu Ferreira","image":{"@type":"ImageObject","inLanguage":"es","@id":"https:\/\/luxpro.pt\/es#\/schema\/person\/image\/","url":"https:\/\/luxpro.pt\/wp-content\/uploads\/2017\/11\/logo.jpg","contentUrl":"https:\/\/luxpro.pt\/wp-content\/uploads\/2017\/11\/logo.jpg","width":150,"height":33,"caption":"Tiago Amadeu Ferreira"},"logo":{"@id":"https:\/\/luxpro.pt\/es#\/schema\/person\/image\/"}}]}},"tiered_pricing_type":"fixed","tiered_pricing_fixed_rules":[],"tiered_pricing_product_settings":{"layout":"default","base_unit_name":{"singular":null,"plural":null},"default_variation":null},"tiered_pricing_minimum_quantity":null,"tiered_pricing_roles_data":[],"tiered_pricing_percentage_rules":[],"_links":{"self":[{"href":"https:\/\/luxpro.pt\/es\/wp-json\/wp\/v2\/product\/2408","targetHints":{"allow":["GET"]}}],"collection":[{"href":"https:\/\/luxpro.pt\/es\/wp-json\/wp\/v2\/product"}],"about":[{"href":"https:\/\/luxpro.pt\/es\/wp-json\/wp\/v2\/types\/product"}],"replies":[{"embeddable":true,"href":"https:\/\/luxpro.pt\/es\/wp-json\/wp\/v2\/comments?post=2408"}],"wp:featuredmedia":[{"embeddable":true,"href":"https:\/\/luxpro.pt\/es\/wp-json\/wp\/v2\/media\/2420"}],"wp:attachment":[{"href":"https:\/\/luxpro.pt\/es\/wp-json\/wp\/v2\/media?parent=2408"}],"wp:term":[{"taxonomy":"product_brand","embeddable":true,"href":"https:\/\/luxpro.pt\/es\/wp-json\/wp\/v2\/product_brand?post=2408"},{"taxonomy":"product_cat","embeddable":true,"href":"https:\/\/luxpro.pt\/es\/wp-json\/wp\/v2\/product_cat?post=2408"},{"taxonomy":"product_tag","embeddable":true,"href":"https:\/\/luxpro.pt\/es\/wp-json\/wp\/v2\/product_tag?post=2408"}],"curies":[{"name":"wp","href":"https:\/\/api.w.org\/{rel}","templated":true}]}}