{"id":2409,"date":"2019-04-18T14:58:42","date_gmt":"2019-04-18T14:58:42","guid":{"rendered":"https:\/\/luxpro.pt\/?post_type=product&#038;p=2409"},"modified":"2023-06-23T10:11:32","modified_gmt":"2023-06-23T09:11:32","slug":"lampada-piscina-par56-led","status":"publish","type":"product","link":"https:\/\/luxpro.pt\/es\/produto\/lampada-piscina-par56-led","title":{"rendered":"L\u00e2mpada para piscina 35W PAR56 AC12V LED"},"content":{"rendered":"<p>L\u00e2mpada LED para substitui\u00e7\u00e3o das tradicionais incandescentes de 240W.<\/p>\n<p>Apropriado para ilumina\u00e7\u00e3o de piscinas ou cursos de \u00e1gua.<\/p>\n<p>O LED SMD permite uma ilumina\u00e7\u00e3o uniforme.<\/p>\n","protected":false},"excerpt":{"rendered":"<p>L\u00e2mpada LED para substitui\u00e7\u00e3o das tradicionais incandescentes de 240W. Apropriado para ilumina\u00e7\u00e3o de piscinas ou cursos de \u00e1gua. O LED SMD permite uma ilumina\u00e7\u00e3o uniforme.<\/p>\n","protected":false},"featured_media":2410,"comment_status":"open","ping_status":"closed","template":"","meta":[],"product_brand":[],"product_cat":[517],"product_tag":[1272,1271,798,1248,1246],"class_list":{"0":"post-2409","1":"product","2":"type-product","3":"status-publish","4":"has-post-thumbnail","6":"product_cat-lampadas","7":"product_tag-35w","8":"product_tag-lampadas-piscina","9":"product_tag-led","10":"product_tag-piscina","11":"product_tag-pool","12":"pa_medida-mm-178x100mm","13":"pa_potencia-35w","14":"pa_tensao-de-entrada-12v","15":"pa_grau-de-protecao-ip68","16":"pa_cor-do-led-6000k","17":"pa_suporte-de-lampada-par56","19":"first","20":"instock","21":"taxable","22":"shipping-taxable","23":"purchasable","24":"product-type-simple"},"yoast_head":"<!-- This site is optimized with the Yoast SEO plugin v26.5 - https:\/\/yoast.com\/wordpress\/plugins\/seo\/ -->\n<title>L\u00e2mpada para piscina 35W PAR56 AC12V LED - LuxPro<\/title>\n<meta name=\"description\" content=\"L\u00e2mpada LED para substitui\u00e7\u00e3o das tradicionais incandescentes de 240W. Apropriado para ilumina\u00e7\u00e3o de piscinas ou cursos de \u00e1gua. O LED SMD permite uma\" \/>\n<meta name=\"robots\" content=\"index, follow, max-snippet:-1, max-image-preview:large, max-video-preview:-1\" \/>\n<link rel=\"canonical\" href=\"https:\/\/luxpro.pt\/es\/produto\/lampada-piscina-par56-led\" \/>\n<meta property=\"og:locale\" content=\"es_ES\" \/>\n<meta property=\"og:type\" content=\"article\" \/>\n<meta property=\"og:title\" content=\"L\u00e2mpada para piscina 35W PAR56 AC12V LED - LuxPro\" \/>\n<meta property=\"og:description\" content=\"L\u00e2mpada LED para substitui\u00e7\u00e3o das tradicionais incandescentes de 240W. Apropriado para ilumina\u00e7\u00e3o de piscinas ou cursos de \u00e1gua. O LED SMD permite uma\" \/>\n<meta property=\"og:url\" content=\"https:\/\/luxpro.pt\/es\/produto\/lampada-piscina-par56-led\" \/>\n<meta property=\"og:site_name\" content=\"LuxPro\" \/>\n<meta property=\"article:modified_time\" content=\"2023-06-23T09:11:32+00:00\" \/>\n<meta property=\"og:image\" content=\"https:\/\/luxpro.pt\/wp-content\/uploads\/2019\/04\/LAMP-PAR56-PISCINA.jpg\" \/>\n\t<meta property=\"og:image:width\" content=\"1500\" \/>\n\t<meta property=\"og:image:height\" content=\"1423\" \/>\n\t<meta property=\"og:image:type\" content=\"image\/jpeg\" \/>\n<meta name=\"twitter:card\" content=\"summary_large_image\" \/>\n<meta name=\"twitter:label1\" content=\"Tiempo de lectura\" \/>\n\t<meta name=\"twitter:data1\" content=\"1 minuto\" \/>\n<script type=\"application\/ld+json\" class=\"yoast-schema-graph\">{\"@context\":\"https:\/\/schema.org\",\"@graph\":[{\"@type\":\"WebPage\",\"@id\":\"https:\/\/luxpro.pt\/es\/produto\/lampada-piscina-par56-led\",\"url\":\"https:\/\/luxpro.pt\/es\/produto\/lampada-piscina-par56-led\",\"name\":\"L\u00e2mpada para piscina 35W PAR56 AC12V LED - LuxPro\",\"isPartOf\":{\"@id\":\"https:\/\/luxpro.pt\/es#website\"},\"primaryImageOfPage\":{\"@id\":\"https:\/\/luxpro.pt\/es\/produto\/lampada-piscina-par56-led#primaryimage\"},\"image\":{\"@id\":\"https:\/\/luxpro.pt\/es\/produto\/lampada-piscina-par56-led#primaryimage\"},\"thumbnailUrl\":\"https:\/\/luxpro.pt\/wp-content\/uploads\/2019\/04\/LAMP-PAR56-PISCINA.jpg\",\"datePublished\":\"2019-04-18T14:58:42+00:00\",\"dateModified\":\"2023-06-23T09:11:32+00:00\",\"description\":\"L\u00e2mpada LED para substitui\u00e7\u00e3o das tradicionais incandescentes de 240W. Apropriado para ilumina\u00e7\u00e3o de piscinas ou cursos de \u00e1gua. O LED SMD permite uma\",\"breadcrumb\":{\"@id\":\"https:\/\/luxpro.pt\/es\/produto\/lampada-piscina-par56-led#breadcrumb\"},\"inLanguage\":\"es\",\"potentialAction\":[{\"@type\":\"ReadAction\",\"target\":[\"https:\/\/luxpro.pt\/es\/produto\/lampada-piscina-par56-led\"]}]},{\"@type\":\"ImageObject\",\"inLanguage\":\"es\",\"@id\":\"https:\/\/luxpro.pt\/es\/produto\/lampada-piscina-par56-led#primaryimage\",\"url\":\"https:\/\/luxpro.pt\/wp-content\/uploads\/2019\/04\/LAMP-PAR56-PISCINA.jpg\",\"contentUrl\":\"https:\/\/luxpro.pt\/wp-content\/uploads\/2019\/04\/LAMP-PAR56-PISCINA.jpg\",\"width\":1500,\"height\":1423},{\"@type\":\"BreadcrumbList\",\"@id\":\"https:\/\/luxpro.pt\/es\/produto\/lampada-piscina-par56-led#breadcrumb\",\"itemListElement\":[{\"@type\":\"ListItem\",\"position\":1,\"name\":\"In\u00edcio\",\"item\":\"https:\/\/luxpro.pt\/es\"},{\"@type\":\"ListItem\",\"position\":2,\"name\":\"Loja\",\"item\":\"https:\/\/luxpro.pt\/loja\"},{\"@type\":\"ListItem\",\"position\":3,\"name\":\"L\u00e2mpada para piscina 35W PAR56 AC12V LED\"}]},{\"@type\":\"WebSite\",\"@id\":\"https:\/\/luxpro.pt\/es#website\",\"url\":\"https:\/\/luxpro.pt\/es\",\"name\":\"LuxPro\",\"description\":\"\",\"publisher\":{\"@id\":\"https:\/\/luxpro.pt\/es#\/schema\/person\/2d1bed59a52ad49be71622bef025e341\"},\"potentialAction\":[{\"@type\":\"SearchAction\",\"target\":{\"@type\":\"EntryPoint\",\"urlTemplate\":\"https:\/\/luxpro.pt\/es?s={search_term_string}\"},\"query-input\":{\"@type\":\"PropertyValueSpecification\",\"valueRequired\":true,\"valueName\":\"search_term_string\"}}],\"inLanguage\":\"es\"},{\"@type\":[\"Person\",\"Organization\"],\"@id\":\"https:\/\/luxpro.pt\/es#\/schema\/person\/2d1bed59a52ad49be71622bef025e341\",\"name\":\"Tiago Amadeu Ferreira\",\"image\":{\"@type\":\"ImageObject\",\"inLanguage\":\"es\",\"@id\":\"https:\/\/luxpro.pt\/es#\/schema\/person\/image\/\",\"url\":\"https:\/\/luxpro.pt\/wp-content\/uploads\/2017\/11\/logo.jpg\",\"contentUrl\":\"https:\/\/luxpro.pt\/wp-content\/uploads\/2017\/11\/logo.jpg\",\"width\":150,\"height\":33,\"caption\":\"Tiago Amadeu Ferreira\"},\"logo\":{\"@id\":\"https:\/\/luxpro.pt\/es#\/schema\/person\/image\/\"}}]}<\/script>\n<!-- \/ Yoast SEO plugin. -->","yoast_head_json":{"title":"L\u00e2mpada para piscina 35W PAR56 AC12V LED - LuxPro","description":"L\u00e2mpada LED para substitui\u00e7\u00e3o das tradicionais incandescentes de 240W. Apropriado para ilumina\u00e7\u00e3o de piscinas ou cursos de \u00e1gua. O LED SMD permite uma","robots":{"index":"index","follow":"follow","max-snippet":"max-snippet:-1","max-image-preview":"max-image-preview:large","max-video-preview":"max-video-preview:-1"},"canonical":"https:\/\/luxpro.pt\/es\/produto\/lampada-piscina-par56-led","og_locale":"es_ES","og_type":"article","og_title":"L\u00e2mpada para piscina 35W PAR56 AC12V LED - LuxPro","og_description":"L\u00e2mpada LED para substitui\u00e7\u00e3o das tradicionais incandescentes de 240W. Apropriado para ilumina\u00e7\u00e3o de piscinas ou cursos de \u00e1gua. O LED SMD permite uma","og_url":"https:\/\/luxpro.pt\/es\/produto\/lampada-piscina-par56-led","og_site_name":"LuxPro","article_modified_time":"2023-06-23T09:11:32+00:00","og_image":[{"width":1500,"height":1423,"url":"https:\/\/luxpro.pt\/wp-content\/uploads\/2019\/04\/LAMP-PAR56-PISCINA.jpg","type":"image\/jpeg"}],"twitter_card":"summary_large_image","twitter_misc":{"Tiempo de lectura":"1 minuto"},"schema":{"@context":"https:\/\/schema.org","@graph":[{"@type":"WebPage","@id":"https:\/\/luxpro.pt\/es\/produto\/lampada-piscina-par56-led","url":"https:\/\/luxpro.pt\/es\/produto\/lampada-piscina-par56-led","name":"L\u00e2mpada para piscina 35W PAR56 AC12V LED - LuxPro","isPartOf":{"@id":"https:\/\/luxpro.pt\/es#website"},"primaryImageOfPage":{"@id":"https:\/\/luxpro.pt\/es\/produto\/lampada-piscina-par56-led#primaryimage"},"image":{"@id":"https:\/\/luxpro.pt\/es\/produto\/lampada-piscina-par56-led#primaryimage"},"thumbnailUrl":"https:\/\/luxpro.pt\/wp-content\/uploads\/2019\/04\/LAMP-PAR56-PISCINA.jpg","datePublished":"2019-04-18T14:58:42+00:00","dateModified":"2023-06-23T09:11:32+00:00","description":"L\u00e2mpada LED para substitui\u00e7\u00e3o das tradicionais incandescentes de 240W. Apropriado para ilumina\u00e7\u00e3o de piscinas ou cursos de \u00e1gua. O LED SMD permite uma","breadcrumb":{"@id":"https:\/\/luxpro.pt\/es\/produto\/lampada-piscina-par56-led#breadcrumb"},"inLanguage":"es","potentialAction":[{"@type":"ReadAction","target":["https:\/\/luxpro.pt\/es\/produto\/lampada-piscina-par56-led"]}]},{"@type":"ImageObject","inLanguage":"es","@id":"https:\/\/luxpro.pt\/es\/produto\/lampada-piscina-par56-led#primaryimage","url":"https:\/\/luxpro.pt\/wp-content\/uploads\/2019\/04\/LAMP-PAR56-PISCINA.jpg","contentUrl":"https:\/\/luxpro.pt\/wp-content\/uploads\/2019\/04\/LAMP-PAR56-PISCINA.jpg","width":1500,"height":1423},{"@type":"BreadcrumbList","@id":"https:\/\/luxpro.pt\/es\/produto\/lampada-piscina-par56-led#breadcrumb","itemListElement":[{"@type":"ListItem","position":1,"name":"In\u00edcio","item":"https:\/\/luxpro.pt\/es"},{"@type":"ListItem","position":2,"name":"Loja","item":"https:\/\/luxpro.pt\/loja"},{"@type":"ListItem","position":3,"name":"L\u00e2mpada para piscina 35W PAR56 AC12V LED"}]},{"@type":"WebSite","@id":"https:\/\/luxpro.pt\/es#website","url":"https:\/\/luxpro.pt\/es","name":"LuxPro","description":"","publisher":{"@id":"https:\/\/luxpro.pt\/es#\/schema\/person\/2d1bed59a52ad49be71622bef025e341"},"potentialAction":[{"@type":"SearchAction","target":{"@type":"EntryPoint","urlTemplate":"https:\/\/luxpro.pt\/es?s={search_term_string}"},"query-input":{"@type":"PropertyValueSpecification","valueRequired":true,"valueName":"search_term_string"}}],"inLanguage":"es"},{"@type":["Person","Organization"],"@id":"https:\/\/luxpro.pt\/es#\/schema\/person\/2d1bed59a52ad49be71622bef025e341","name":"Tiago Amadeu Ferreira","image":{"@type":"ImageObject","inLanguage":"es","@id":"https:\/\/luxpro.pt\/es#\/schema\/person\/image\/","url":"https:\/\/luxpro.pt\/wp-content\/uploads\/2017\/11\/logo.jpg","contentUrl":"https:\/\/luxpro.pt\/wp-content\/uploads\/2017\/11\/logo.jpg","width":150,"height":33,"caption":"Tiago Amadeu Ferreira"},"logo":{"@id":"https:\/\/luxpro.pt\/es#\/schema\/person\/image\/"}}]}},"tiered_pricing_type":"fixed","tiered_pricing_fixed_rules":[],"tiered_pricing_product_settings":{"layout":"default","base_unit_name":{"singular":null,"plural":null},"default_variation":null},"tiered_pricing_minimum_quantity":null,"tiered_pricing_roles_data":[],"tiered_pricing_percentage_rules":[],"_links":{"self":[{"href":"https:\/\/luxpro.pt\/es\/wp-json\/wp\/v2\/product\/2409","targetHints":{"allow":["GET"]}}],"collection":[{"href":"https:\/\/luxpro.pt\/es\/wp-json\/wp\/v2\/product"}],"about":[{"href":"https:\/\/luxpro.pt\/es\/wp-json\/wp\/v2\/types\/product"}],"replies":[{"embeddable":true,"href":"https:\/\/luxpro.pt\/es\/wp-json\/wp\/v2\/comments?post=2409"}],"wp:featuredmedia":[{"embeddable":true,"href":"https:\/\/luxpro.pt\/es\/wp-json\/wp\/v2\/media\/2410"}],"wp:attachment":[{"href":"https:\/\/luxpro.pt\/es\/wp-json\/wp\/v2\/media?parent=2409"}],"wp:term":[{"taxonomy":"product_brand","embeddable":true,"href":"https:\/\/luxpro.pt\/es\/wp-json\/wp\/v2\/product_brand?post=2409"},{"taxonomy":"product_cat","embeddable":true,"href":"https:\/\/luxpro.pt\/es\/wp-json\/wp\/v2\/product_cat?post=2409"},{"taxonomy":"product_tag","embeddable":true,"href":"https:\/\/luxpro.pt\/es\/wp-json\/wp\/v2\/product_tag?post=2409"}],"curies":[{"name":"wp","href":"https:\/\/api.w.org\/{rel}","templated":true}]}}