{"id":2533,"date":"2019-05-14T09:37:14","date_gmt":"2019-05-14T09:37:14","guid":{"rendered":"https:\/\/luxpro.pt\/?post_type=product&#038;p=2533"},"modified":"2026-01-20T14:14:17","modified_gmt":"2026-01-20T14:14:17","slug":"cremalheira-de-nylon-com-aco-no-interior-1m","status":"publish","type":"product","link":"https:\/\/luxpro.pt\/es\/produto\/cremalheira-de-nylon-com-aco-no-interior-1m","title":{"rendered":"Cremalheira de nylon com a\u00e7o no interior CRM5(1M)"},"content":{"rendered":"<p>Cremalheira de nylon com a\u00e7o no interior 1 metro CRM5 Motorline. Cremalheira utilizada para port\u00f5es de correr.<\/p>\n<p>Cremalheira de alta qualidade e resist\u00eancia.<\/p>\n","protected":false},"excerpt":{"rendered":"<p>Cremalheira de nylon com a\u00e7o no interior 1 metro CRM5 Motorline. Cremalheira utilizada para port\u00f5es de correr. Cremalheira de alta qualidade e resist\u00eancia.<\/p>\n","protected":false},"featured_media":2534,"comment_status":"open","ping_status":"closed","template":"","meta":[],"product_brand":[],"product_cat":[718,545,652],"product_tag":[1362,1359,1360,1357,1361,877,1358],"class_list":{"0":"post-2533","1":"product","2":"type-product","3":"status-publish","4":"has-post-thumbnail","6":"product_cat-portoes-de-correr","7":"product_cat-automatismos","8":"product_cat-acessorios","9":"product_tag-calha-para-motor-de-correr","10":"product_tag-calha-portao","11":"product_tag-correr","12":"product_tag-cremelheira","13":"product_tag-motor-correr","14":"product_tag-motorline","15":"product_tag-portoes","17":"first","18":"instock","19":"taxable","20":"shipping-taxable","21":"purchasable","22":"product-type-simple"},"yoast_head":"<!-- This site is optimized with the Yoast SEO plugin v26.5 - https:\/\/yoast.com\/wordpress\/plugins\/seo\/ -->\n<title>Cremalheira de nylon com a\u00e7o no interior CRM5(1M) - LuxPro<\/title>\n<meta name=\"description\" content=\"Cremalheira de nylon com a\u00e7o no interior 1 metro CRM5 Motorline. Cremalheira utilizada para port\u00f5es de correr. Cremalheira de alta qualidade e\" \/>\n<meta name=\"robots\" content=\"index, follow, max-snippet:-1, max-image-preview:large, max-video-preview:-1\" \/>\n<link rel=\"canonical\" href=\"https:\/\/luxpro.pt\/es\/produto\/cremalheira-de-nylon-com-aco-no-interior-1m\" \/>\n<meta property=\"og:locale\" content=\"es_ES\" \/>\n<meta property=\"og:type\" content=\"article\" \/>\n<meta property=\"og:title\" content=\"Cremalheira de nylon com a\u00e7o no interior CRM5(1M) - LuxPro\" \/>\n<meta property=\"og:description\" content=\"Cremalheira de nylon com a\u00e7o no interior 1 metro CRM5 Motorline. Cremalheira utilizada para port\u00f5es de correr. Cremalheira de alta qualidade e\" \/>\n<meta property=\"og:url\" content=\"https:\/\/luxpro.pt\/es\/produto\/cremalheira-de-nylon-com-aco-no-interior-1m\" \/>\n<meta property=\"og:site_name\" content=\"LuxPro\" \/>\n<meta property=\"article:modified_time\" content=\"2026-01-20T14:14:17+00:00\" \/>\n<meta property=\"og:image\" content=\"https:\/\/luxpro.pt\/wp-content\/uploads\/2019\/05\/MOCRM5.png\" \/>\n\t<meta property=\"og:image:width\" content=\"676\" \/>\n\t<meta property=\"og:image:height\" content=\"380\" \/>\n\t<meta property=\"og:image:type\" content=\"image\/png\" \/>\n<meta name=\"twitter:card\" content=\"summary_large_image\" \/>\n<meta name=\"twitter:label1\" content=\"Tiempo de lectura\" \/>\n\t<meta name=\"twitter:data1\" content=\"1 minuto\" \/>\n<script type=\"application\/ld+json\" class=\"yoast-schema-graph\">{\"@context\":\"https:\/\/schema.org\",\"@graph\":[{\"@type\":\"WebPage\",\"@id\":\"https:\/\/luxpro.pt\/es\/produto\/cremalheira-de-nylon-com-aco-no-interior-1m\",\"url\":\"https:\/\/luxpro.pt\/es\/produto\/cremalheira-de-nylon-com-aco-no-interior-1m\",\"name\":\"Cremalheira de nylon com a\u00e7o no interior CRM5(1M) - LuxPro\",\"isPartOf\":{\"@id\":\"https:\/\/luxpro.pt\/es#website\"},\"primaryImageOfPage\":{\"@id\":\"https:\/\/luxpro.pt\/es\/produto\/cremalheira-de-nylon-com-aco-no-interior-1m#primaryimage\"},\"image\":{\"@id\":\"https:\/\/luxpro.pt\/es\/produto\/cremalheira-de-nylon-com-aco-no-interior-1m#primaryimage\"},\"thumbnailUrl\":\"https:\/\/luxpro.pt\/wp-content\/uploads\/2019\/05\/MOCRM5.png\",\"datePublished\":\"2019-05-14T09:37:14+00:00\",\"dateModified\":\"2026-01-20T14:14:17+00:00\",\"description\":\"Cremalheira de nylon com a\u00e7o no interior 1 metro CRM5 Motorline. Cremalheira utilizada para port\u00f5es de correr. Cremalheira de alta qualidade e\",\"breadcrumb\":{\"@id\":\"https:\/\/luxpro.pt\/es\/produto\/cremalheira-de-nylon-com-aco-no-interior-1m#breadcrumb\"},\"inLanguage\":\"es\",\"potentialAction\":[{\"@type\":\"ReadAction\",\"target\":[\"https:\/\/luxpro.pt\/es\/produto\/cremalheira-de-nylon-com-aco-no-interior-1m\"]}]},{\"@type\":\"ImageObject\",\"inLanguage\":\"es\",\"@id\":\"https:\/\/luxpro.pt\/es\/produto\/cremalheira-de-nylon-com-aco-no-interior-1m#primaryimage\",\"url\":\"https:\/\/luxpro.pt\/wp-content\/uploads\/2019\/05\/MOCRM5.png\",\"contentUrl\":\"https:\/\/luxpro.pt\/wp-content\/uploads\/2019\/05\/MOCRM5.png\",\"width\":676,\"height\":380},{\"@type\":\"BreadcrumbList\",\"@id\":\"https:\/\/luxpro.pt\/es\/produto\/cremalheira-de-nylon-com-aco-no-interior-1m#breadcrumb\",\"itemListElement\":[{\"@type\":\"ListItem\",\"position\":1,\"name\":\"In\u00edcio\",\"item\":\"https:\/\/luxpro.pt\/es\"},{\"@type\":\"ListItem\",\"position\":2,\"name\":\"Loja\",\"item\":\"https:\/\/luxpro.pt\/loja\"},{\"@type\":\"ListItem\",\"position\":3,\"name\":\"Cremalheira de nylon com a\u00e7o no interior CRM5(1M)\"}]},{\"@type\":\"WebSite\",\"@id\":\"https:\/\/luxpro.pt\/es#website\",\"url\":\"https:\/\/luxpro.pt\/es\",\"name\":\"LuxPro\",\"description\":\"\",\"publisher\":{\"@id\":\"https:\/\/luxpro.pt\/es#\/schema\/person\/2d1bed59a52ad49be71622bef025e341\"},\"potentialAction\":[{\"@type\":\"SearchAction\",\"target\":{\"@type\":\"EntryPoint\",\"urlTemplate\":\"https:\/\/luxpro.pt\/es?s={search_term_string}\"},\"query-input\":{\"@type\":\"PropertyValueSpecification\",\"valueRequired\":true,\"valueName\":\"search_term_string\"}}],\"inLanguage\":\"es\"},{\"@type\":[\"Person\",\"Organization\"],\"@id\":\"https:\/\/luxpro.pt\/es#\/schema\/person\/2d1bed59a52ad49be71622bef025e341\",\"name\":\"Tiago Amadeu Ferreira\",\"image\":{\"@type\":\"ImageObject\",\"inLanguage\":\"es\",\"@id\":\"https:\/\/luxpro.pt\/es#\/schema\/person\/image\/\",\"url\":\"https:\/\/luxpro.pt\/wp-content\/uploads\/2017\/11\/logo.jpg\",\"contentUrl\":\"https:\/\/luxpro.pt\/wp-content\/uploads\/2017\/11\/logo.jpg\",\"width\":150,\"height\":33,\"caption\":\"Tiago Amadeu Ferreira\"},\"logo\":{\"@id\":\"https:\/\/luxpro.pt\/es#\/schema\/person\/image\/\"}}]}<\/script>\n<!-- \/ Yoast SEO plugin. -->","yoast_head_json":{"title":"Cremalheira de nylon com a\u00e7o no interior CRM5(1M) - LuxPro","description":"Cremalheira de nylon com a\u00e7o no interior 1 metro CRM5 Motorline. Cremalheira utilizada para port\u00f5es de correr. Cremalheira de alta qualidade e","robots":{"index":"index","follow":"follow","max-snippet":"max-snippet:-1","max-image-preview":"max-image-preview:large","max-video-preview":"max-video-preview:-1"},"canonical":"https:\/\/luxpro.pt\/es\/produto\/cremalheira-de-nylon-com-aco-no-interior-1m","og_locale":"es_ES","og_type":"article","og_title":"Cremalheira de nylon com a\u00e7o no interior CRM5(1M) - LuxPro","og_description":"Cremalheira de nylon com a\u00e7o no interior 1 metro CRM5 Motorline. Cremalheira utilizada para port\u00f5es de correr. Cremalheira de alta qualidade e","og_url":"https:\/\/luxpro.pt\/es\/produto\/cremalheira-de-nylon-com-aco-no-interior-1m","og_site_name":"LuxPro","article_modified_time":"2026-01-20T14:14:17+00:00","og_image":[{"width":676,"height":380,"url":"https:\/\/luxpro.pt\/wp-content\/uploads\/2019\/05\/MOCRM5.png","type":"image\/png"}],"twitter_card":"summary_large_image","twitter_misc":{"Tiempo de lectura":"1 minuto"},"schema":{"@context":"https:\/\/schema.org","@graph":[{"@type":"WebPage","@id":"https:\/\/luxpro.pt\/es\/produto\/cremalheira-de-nylon-com-aco-no-interior-1m","url":"https:\/\/luxpro.pt\/es\/produto\/cremalheira-de-nylon-com-aco-no-interior-1m","name":"Cremalheira de nylon com a\u00e7o no interior CRM5(1M) - LuxPro","isPartOf":{"@id":"https:\/\/luxpro.pt\/es#website"},"primaryImageOfPage":{"@id":"https:\/\/luxpro.pt\/es\/produto\/cremalheira-de-nylon-com-aco-no-interior-1m#primaryimage"},"image":{"@id":"https:\/\/luxpro.pt\/es\/produto\/cremalheira-de-nylon-com-aco-no-interior-1m#primaryimage"},"thumbnailUrl":"https:\/\/luxpro.pt\/wp-content\/uploads\/2019\/05\/MOCRM5.png","datePublished":"2019-05-14T09:37:14+00:00","dateModified":"2026-01-20T14:14:17+00:00","description":"Cremalheira de nylon com a\u00e7o no interior 1 metro CRM5 Motorline. Cremalheira utilizada para port\u00f5es de correr. Cremalheira de alta qualidade e","breadcrumb":{"@id":"https:\/\/luxpro.pt\/es\/produto\/cremalheira-de-nylon-com-aco-no-interior-1m#breadcrumb"},"inLanguage":"es","potentialAction":[{"@type":"ReadAction","target":["https:\/\/luxpro.pt\/es\/produto\/cremalheira-de-nylon-com-aco-no-interior-1m"]}]},{"@type":"ImageObject","inLanguage":"es","@id":"https:\/\/luxpro.pt\/es\/produto\/cremalheira-de-nylon-com-aco-no-interior-1m#primaryimage","url":"https:\/\/luxpro.pt\/wp-content\/uploads\/2019\/05\/MOCRM5.png","contentUrl":"https:\/\/luxpro.pt\/wp-content\/uploads\/2019\/05\/MOCRM5.png","width":676,"height":380},{"@type":"BreadcrumbList","@id":"https:\/\/luxpro.pt\/es\/produto\/cremalheira-de-nylon-com-aco-no-interior-1m#breadcrumb","itemListElement":[{"@type":"ListItem","position":1,"name":"In\u00edcio","item":"https:\/\/luxpro.pt\/es"},{"@type":"ListItem","position":2,"name":"Loja","item":"https:\/\/luxpro.pt\/loja"},{"@type":"ListItem","position":3,"name":"Cremalheira de nylon com a\u00e7o no interior CRM5(1M)"}]},{"@type":"WebSite","@id":"https:\/\/luxpro.pt\/es#website","url":"https:\/\/luxpro.pt\/es","name":"LuxPro","description":"","publisher":{"@id":"https:\/\/luxpro.pt\/es#\/schema\/person\/2d1bed59a52ad49be71622bef025e341"},"potentialAction":[{"@type":"SearchAction","target":{"@type":"EntryPoint","urlTemplate":"https:\/\/luxpro.pt\/es?s={search_term_string}"},"query-input":{"@type":"PropertyValueSpecification","valueRequired":true,"valueName":"search_term_string"}}],"inLanguage":"es"},{"@type":["Person","Organization"],"@id":"https:\/\/luxpro.pt\/es#\/schema\/person\/2d1bed59a52ad49be71622bef025e341","name":"Tiago Amadeu Ferreira","image":{"@type":"ImageObject","inLanguage":"es","@id":"https:\/\/luxpro.pt\/es#\/schema\/person\/image\/","url":"https:\/\/luxpro.pt\/wp-content\/uploads\/2017\/11\/logo.jpg","contentUrl":"https:\/\/luxpro.pt\/wp-content\/uploads\/2017\/11\/logo.jpg","width":150,"height":33,"caption":"Tiago Amadeu Ferreira"},"logo":{"@id":"https:\/\/luxpro.pt\/es#\/schema\/person\/image\/"}}]}},"tiered_pricing_type":"fixed","tiered_pricing_fixed_rules":[],"tiered_pricing_product_settings":{"layout":"default","base_unit_name":{"singular":null,"plural":null},"default_variation":null},"tiered_pricing_minimum_quantity":null,"tiered_pricing_roles_data":[],"tiered_pricing_percentage_rules":[],"_links":{"self":[{"href":"https:\/\/luxpro.pt\/es\/wp-json\/wp\/v2\/product\/2533","targetHints":{"allow":["GET"]}}],"collection":[{"href":"https:\/\/luxpro.pt\/es\/wp-json\/wp\/v2\/product"}],"about":[{"href":"https:\/\/luxpro.pt\/es\/wp-json\/wp\/v2\/types\/product"}],"replies":[{"embeddable":true,"href":"https:\/\/luxpro.pt\/es\/wp-json\/wp\/v2\/comments?post=2533"}],"wp:featuredmedia":[{"embeddable":true,"href":"https:\/\/luxpro.pt\/es\/wp-json\/wp\/v2\/media\/2534"}],"wp:attachment":[{"href":"https:\/\/luxpro.pt\/es\/wp-json\/wp\/v2\/media?parent=2533"}],"wp:term":[{"taxonomy":"product_brand","embeddable":true,"href":"https:\/\/luxpro.pt\/es\/wp-json\/wp\/v2\/product_brand?post=2533"},{"taxonomy":"product_cat","embeddable":true,"href":"https:\/\/luxpro.pt\/es\/wp-json\/wp\/v2\/product_cat?post=2533"},{"taxonomy":"product_tag","embeddable":true,"href":"https:\/\/luxpro.pt\/es\/wp-json\/wp\/v2\/product_tag?post=2533"}],"curies":[{"name":"wp","href":"https:\/\/api.w.org\/{rel}","templated":true}]}}