{"id":2643,"date":"2019-05-31T11:11:47","date_gmt":"2019-05-31T11:11:47","guid":{"rendered":"https:\/\/luxpro.pt\/?post_type=product&#038;p=2643"},"modified":"2026-04-07T17:12:17","modified_gmt":"2026-04-07T16:12:17","slug":"twist-2x-schuko-2m-cabo-ficha","status":"publish","type":"product","link":"https:\/\/luxpro.pt\/es\/produto\/twist-2x-schuko-2m-cabo-ficha","title":{"rendered":"Tomada TWIST 2 x schuko + 2m cabo + ficha BACH MANN"},"content":{"rendered":"<p>O TWIST \u00e9 um filtro de linha para ambientes de vida e trabalho, como o escrit\u00f3rio, sala de estar ou cozinha.<\/p>\n<p>Com um design compacto e baixa profundidade de montagem, \u00e9 facilmente integrado em mesas ou bancadas de cozinha.<\/p>\n<p>Como o cabo de alimenta\u00e7\u00e3o \u00e9 direcionado para perto da caixa, a profundidade de montagem \u00e9 de apenas cerca de 40 mm, portanto a unidade pode ser facilmente instalada acima de uma gaveta.<\/p>\n<p>Com v\u00e1rias superf\u00edcies e cores, o TWIST combina facilmente em interiores modernos e org\u00e2nicos.<\/p>\n<p>Um engenhoso mecanismo de fixa\u00e7\u00e3o: ap\u00f3s o uso, simplesmente gire a tampa e os soquetes desaparecem embaixo dela.<\/p>\n<p><iframe title=\"BACHMANN TWIST (English)\" width=\"500\" height=\"281\" src=\"https:\/\/www.youtube.com\/embed\/Wf4rRtSdGJk?feature=oembed\" frameborder=\"0\" allow=\"accelerometer; autoplay; clipboard-write; encrypted-media; gyroscope; picture-in-picture; web-share\" referrerpolicy=\"strict-origin-when-cross-origin\" allowfullscreen><\/iframe><\/p>\n","protected":false},"excerpt":{"rendered":"<p>O TWIST \u00e9 um filtro de linha para ambientes de vida e trabalho, como o escrit\u00f3rio, sala de estar ou cozinha. Com um design compacto e baixa profundidade de montagem, \u00e9 facilmente integrado em mesas ou bancadas de cozinha. Como o cabo de alimenta\u00e7\u00e3o \u00e9 direcionado para perto da caixa, a profundidade de montagem \u00e9 de apenas cerca de 40 [&hellip;]<\/p>\n","protected":false},"featured_media":2644,"comment_status":"open","ping_status":"closed","template":"","meta":[],"product_brand":[],"product_cat":[1537],"product_tag":[1309,1310,770,1307,1306,740,1305,1308,1311],"class_list":{"0":"post-2643","1":"product","2":"type-product","3":"status-publish","4":"has-post-thumbnail","6":"product_cat-tomadas-para-bancadas-cozinha","7":"product_tag-bachman","8":"product_tag-bachmann","9":"product_tag-branco","10":"product_tag-chiken","11":"product_tag-cozina","12":"product_tag-inox","13":"product_tag-tomada-cozinha","14":"product_tag-tomada-embutir","15":"product_tag-twist","16":"pa_cor-branco","17":"pa_cor-inox","18":"pa_cor-preto","19":"pa_medida-mm-425x115-mm","20":"pa_grau-de-isolamento-classe-ii","22":"first","23":"instock","24":"taxable","25":"shipping-taxable","26":"purchasable","27":"product-type-variable"},"yoast_head":"<!-- This site is optimized with the Yoast SEO plugin v26.5 - https:\/\/yoast.com\/wordpress\/plugins\/seo\/ -->\n<title>Tomada TWIST 2 x schuko + 2m cabo + ficha BACH MANN<\/title>\n<meta name=\"description\" content=\"O TWIST \u00e9 um filtro de linha para ambientes de vida e trabalho, como o escrit\u00f3rio, sala de estar ou cozinha. Com um design compacto e baixa profundidade\" \/>\n<meta name=\"robots\" content=\"index, follow, max-snippet:-1, max-image-preview:large, max-video-preview:-1\" \/>\n<link rel=\"canonical\" href=\"https:\/\/luxpro.pt\/es\/produto\/twist-2x-schuko-2m-cabo-ficha\" \/>\n<meta property=\"og:locale\" content=\"es_ES\" \/>\n<meta property=\"og:type\" content=\"article\" \/>\n<meta property=\"og:title\" content=\"Tomada TWIST 2 x schuko + 2m cabo + ficha BACH MANN\" \/>\n<meta property=\"og:description\" content=\"O TWIST \u00e9 um filtro de linha para ambientes de vida e trabalho, como o escrit\u00f3rio, sala de estar ou cozinha. Com um design compacto e baixa profundidade\" \/>\n<meta property=\"og:url\" content=\"https:\/\/luxpro.pt\/es\/produto\/twist-2x-schuko-2m-cabo-ficha\" \/>\n<meta property=\"og:site_name\" content=\"LuxPro\" \/>\n<meta property=\"article:modified_time\" content=\"2026-04-07T16:12:17+00:00\" \/>\n<meta property=\"og:image\" content=\"https:\/\/luxpro.pt\/wp-content\/uploads\/2019\/05\/Tomada-twist1.png\" \/>\n\t<meta property=\"og:image:width\" content=\"2154\" \/>\n\t<meta property=\"og:image:height\" content=\"1756\" \/>\n\t<meta property=\"og:image:type\" content=\"image\/png\" \/>\n<meta name=\"twitter:card\" content=\"summary_large_image\" \/>\n<meta name=\"twitter:image\" content=\"https:\/\/luxpro.pt\/wp-content\/uploads\/2019\/05\/Tomada-twist1.png\" \/>\n<meta name=\"twitter:label1\" content=\"Tiempo de lectura\" \/>\n\t<meta name=\"twitter:data1\" content=\"1 minuto\" \/>\n<script type=\"application\/ld+json\" class=\"yoast-schema-graph\">{\"@context\":\"https:\/\/schema.org\",\"@graph\":[{\"@type\":\"WebPage\",\"@id\":\"https:\/\/luxpro.pt\/es\/produto\/twist-2x-schuko-2m-cabo-ficha\",\"url\":\"https:\/\/luxpro.pt\/es\/produto\/twist-2x-schuko-2m-cabo-ficha\",\"name\":\"Tomada TWIST 2 x schuko + 2m cabo + ficha BACH MANN\",\"isPartOf\":{\"@id\":\"https:\/\/luxpro.pt\/es#website\"},\"primaryImageOfPage\":{\"@id\":\"https:\/\/luxpro.pt\/es\/produto\/twist-2x-schuko-2m-cabo-ficha#primaryimage\"},\"image\":{\"@id\":\"https:\/\/luxpro.pt\/es\/produto\/twist-2x-schuko-2m-cabo-ficha#primaryimage\"},\"thumbnailUrl\":\"https:\/\/luxpro.pt\/wp-content\/uploads\/2019\/05\/Tomada-twist1.png\",\"datePublished\":\"2019-05-31T11:11:47+00:00\",\"dateModified\":\"2026-04-07T16:12:17+00:00\",\"description\":\"O TWIST \u00e9 um filtro de linha para ambientes de vida e trabalho, como o escrit\u00f3rio, sala de estar ou cozinha. Com um design compacto e baixa profundidade\",\"breadcrumb\":{\"@id\":\"https:\/\/luxpro.pt\/es\/produto\/twist-2x-schuko-2m-cabo-ficha#breadcrumb\"},\"inLanguage\":\"es\",\"potentialAction\":[{\"@type\":\"ReadAction\",\"target\":[\"https:\/\/luxpro.pt\/es\/produto\/twist-2x-schuko-2m-cabo-ficha\"]}]},{\"@type\":\"ImageObject\",\"inLanguage\":\"es\",\"@id\":\"https:\/\/luxpro.pt\/es\/produto\/twist-2x-schuko-2m-cabo-ficha#primaryimage\",\"url\":\"https:\/\/luxpro.pt\/wp-content\/uploads\/2019\/05\/Tomada-twist1.png\",\"contentUrl\":\"https:\/\/luxpro.pt\/wp-content\/uploads\/2019\/05\/Tomada-twist1.png\",\"width\":2154,\"height\":1756},{\"@type\":\"BreadcrumbList\",\"@id\":\"https:\/\/luxpro.pt\/es\/produto\/twist-2x-schuko-2m-cabo-ficha#breadcrumb\",\"itemListElement\":[{\"@type\":\"ListItem\",\"position\":1,\"name\":\"In\u00edcio\",\"item\":\"https:\/\/luxpro.pt\/es\"},{\"@type\":\"ListItem\",\"position\":2,\"name\":\"Loja\",\"item\":\"https:\/\/luxpro.pt\/loja\"},{\"@type\":\"ListItem\",\"position\":3,\"name\":\"Tomada TWIST 2 x schuko + 2m cabo + ficha BACH MANN\"}]},{\"@type\":\"WebSite\",\"@id\":\"https:\/\/luxpro.pt\/es#website\",\"url\":\"https:\/\/luxpro.pt\/es\",\"name\":\"LuxPro\",\"description\":\"\",\"publisher\":{\"@id\":\"https:\/\/luxpro.pt\/es#\/schema\/person\/2d1bed59a52ad49be71622bef025e341\"},\"potentialAction\":[{\"@type\":\"SearchAction\",\"target\":{\"@type\":\"EntryPoint\",\"urlTemplate\":\"https:\/\/luxpro.pt\/es?s={search_term_string}\"},\"query-input\":{\"@type\":\"PropertyValueSpecification\",\"valueRequired\":true,\"valueName\":\"search_term_string\"}}],\"inLanguage\":\"es\"},{\"@type\":[\"Person\",\"Organization\"],\"@id\":\"https:\/\/luxpro.pt\/es#\/schema\/person\/2d1bed59a52ad49be71622bef025e341\",\"name\":\"Tiago Amadeu Ferreira\",\"image\":{\"@type\":\"ImageObject\",\"inLanguage\":\"es\",\"@id\":\"https:\/\/luxpro.pt\/es#\/schema\/person\/image\/\",\"url\":\"https:\/\/luxpro.pt\/wp-content\/uploads\/2017\/11\/logo.jpg\",\"contentUrl\":\"https:\/\/luxpro.pt\/wp-content\/uploads\/2017\/11\/logo.jpg\",\"width\":150,\"height\":33,\"caption\":\"Tiago Amadeu Ferreira\"},\"logo\":{\"@id\":\"https:\/\/luxpro.pt\/es#\/schema\/person\/image\/\"}}]}<\/script>\n<!-- \/ Yoast SEO plugin. -->","yoast_head_json":{"title":"Tomada TWIST 2 x schuko + 2m cabo + ficha BACH MANN","description":"O TWIST \u00e9 um filtro de linha para ambientes de vida e trabalho, como o escrit\u00f3rio, sala de estar ou cozinha. Com um design compacto e baixa profundidade","robots":{"index":"index","follow":"follow","max-snippet":"max-snippet:-1","max-image-preview":"max-image-preview:large","max-video-preview":"max-video-preview:-1"},"canonical":"https:\/\/luxpro.pt\/es\/produto\/twist-2x-schuko-2m-cabo-ficha","og_locale":"es_ES","og_type":"article","og_title":"Tomada TWIST 2 x schuko + 2m cabo + ficha BACH MANN","og_description":"O TWIST \u00e9 um filtro de linha para ambientes de vida e trabalho, como o escrit\u00f3rio, sala de estar ou cozinha. Com um design compacto e baixa profundidade","og_url":"https:\/\/luxpro.pt\/es\/produto\/twist-2x-schuko-2m-cabo-ficha","og_site_name":"LuxPro","article_modified_time":"2026-04-07T16:12:17+00:00","og_image":[{"width":2154,"height":1756,"url":"https:\/\/luxpro.pt\/wp-content\/uploads\/2019\/05\/Tomada-twist1.png","type":"image\/png"}],"twitter_card":"summary_large_image","twitter_image":"https:\/\/luxpro.pt\/wp-content\/uploads\/2019\/05\/Tomada-twist1.png","twitter_misc":{"Tiempo de lectura":"1 minuto"},"schema":{"@context":"https:\/\/schema.org","@graph":[{"@type":"WebPage","@id":"https:\/\/luxpro.pt\/es\/produto\/twist-2x-schuko-2m-cabo-ficha","url":"https:\/\/luxpro.pt\/es\/produto\/twist-2x-schuko-2m-cabo-ficha","name":"Tomada TWIST 2 x schuko + 2m cabo + ficha BACH MANN","isPartOf":{"@id":"https:\/\/luxpro.pt\/es#website"},"primaryImageOfPage":{"@id":"https:\/\/luxpro.pt\/es\/produto\/twist-2x-schuko-2m-cabo-ficha#primaryimage"},"image":{"@id":"https:\/\/luxpro.pt\/es\/produto\/twist-2x-schuko-2m-cabo-ficha#primaryimage"},"thumbnailUrl":"https:\/\/luxpro.pt\/wp-content\/uploads\/2019\/05\/Tomada-twist1.png","datePublished":"2019-05-31T11:11:47+00:00","dateModified":"2026-04-07T16:12:17+00:00","description":"O TWIST \u00e9 um filtro de linha para ambientes de vida e trabalho, como o escrit\u00f3rio, sala de estar ou cozinha. Com um design compacto e baixa profundidade","breadcrumb":{"@id":"https:\/\/luxpro.pt\/es\/produto\/twist-2x-schuko-2m-cabo-ficha#breadcrumb"},"inLanguage":"es","potentialAction":[{"@type":"ReadAction","target":["https:\/\/luxpro.pt\/es\/produto\/twist-2x-schuko-2m-cabo-ficha"]}]},{"@type":"ImageObject","inLanguage":"es","@id":"https:\/\/luxpro.pt\/es\/produto\/twist-2x-schuko-2m-cabo-ficha#primaryimage","url":"https:\/\/luxpro.pt\/wp-content\/uploads\/2019\/05\/Tomada-twist1.png","contentUrl":"https:\/\/luxpro.pt\/wp-content\/uploads\/2019\/05\/Tomada-twist1.png","width":2154,"height":1756},{"@type":"BreadcrumbList","@id":"https:\/\/luxpro.pt\/es\/produto\/twist-2x-schuko-2m-cabo-ficha#breadcrumb","itemListElement":[{"@type":"ListItem","position":1,"name":"In\u00edcio","item":"https:\/\/luxpro.pt\/es"},{"@type":"ListItem","position":2,"name":"Loja","item":"https:\/\/luxpro.pt\/loja"},{"@type":"ListItem","position":3,"name":"Tomada TWIST 2 x schuko + 2m cabo + ficha BACH MANN"}]},{"@type":"WebSite","@id":"https:\/\/luxpro.pt\/es#website","url":"https:\/\/luxpro.pt\/es","name":"LuxPro","description":"","publisher":{"@id":"https:\/\/luxpro.pt\/es#\/schema\/person\/2d1bed59a52ad49be71622bef025e341"},"potentialAction":[{"@type":"SearchAction","target":{"@type":"EntryPoint","urlTemplate":"https:\/\/luxpro.pt\/es?s={search_term_string}"},"query-input":{"@type":"PropertyValueSpecification","valueRequired":true,"valueName":"search_term_string"}}],"inLanguage":"es"},{"@type":["Person","Organization"],"@id":"https:\/\/luxpro.pt\/es#\/schema\/person\/2d1bed59a52ad49be71622bef025e341","name":"Tiago Amadeu Ferreira","image":{"@type":"ImageObject","inLanguage":"es","@id":"https:\/\/luxpro.pt\/es#\/schema\/person\/image\/","url":"https:\/\/luxpro.pt\/wp-content\/uploads\/2017\/11\/logo.jpg","contentUrl":"https:\/\/luxpro.pt\/wp-content\/uploads\/2017\/11\/logo.jpg","width":150,"height":33,"caption":"Tiago Amadeu Ferreira"},"logo":{"@id":"https:\/\/luxpro.pt\/es#\/schema\/person\/image\/"}}]}},"tiered_pricing_type":"fixed","tiered_pricing_fixed_rules":[],"tiered_pricing_product_settings":{"layout":"default","base_unit_name":{"singular":null,"plural":null},"default_variation":null},"tiered_pricing_minimum_quantity":null,"tiered_pricing_roles_data":[],"tiered_pricing_percentage_rules":[],"_links":{"self":[{"href":"https:\/\/luxpro.pt\/es\/wp-json\/wp\/v2\/product\/2643","targetHints":{"allow":["GET"]}}],"collection":[{"href":"https:\/\/luxpro.pt\/es\/wp-json\/wp\/v2\/product"}],"about":[{"href":"https:\/\/luxpro.pt\/es\/wp-json\/wp\/v2\/types\/product"}],"replies":[{"embeddable":true,"href":"https:\/\/luxpro.pt\/es\/wp-json\/wp\/v2\/comments?post=2643"}],"wp:featuredmedia":[{"embeddable":true,"href":"https:\/\/luxpro.pt\/es\/wp-json\/wp\/v2\/media\/2644"}],"wp:attachment":[{"href":"https:\/\/luxpro.pt\/es\/wp-json\/wp\/v2\/media?parent=2643"}],"wp:term":[{"taxonomy":"product_brand","embeddable":true,"href":"https:\/\/luxpro.pt\/es\/wp-json\/wp\/v2\/product_brand?post=2643"},{"taxonomy":"product_cat","embeddable":true,"href":"https:\/\/luxpro.pt\/es\/wp-json\/wp\/v2\/product_cat?post=2643"},{"taxonomy":"product_tag","embeddable":true,"href":"https:\/\/luxpro.pt\/es\/wp-json\/wp\/v2\/product_tag?post=2643"}],"curies":[{"name":"wp","href":"https:\/\/api.w.org\/{rel}","templated":true}]}}