{"id":2890,"date":"2019-06-27T15:48:37","date_gmt":"2019-06-27T15:48:37","guid":{"rendered":"https:\/\/luxpro.pt\/?post_type=product&#038;p=2890"},"modified":"2023-06-19T17:42:28","modified_gmt":"2023-06-19T16:42:28","slug":"barras-juncao","status":"publish","type":"product","link":"https:\/\/luxpro.pt\/es\/produto\/barras-juncao","title":{"rendered":"Barras de jun\u00e7\u00e3o 4mm a 16mm"},"content":{"rendered":"<p>Material isolador em poliamida. Bornes de conex\u00e3o em lat\u00e3o. As barras apresentam uma temperatura de funcionamento de -40\u00baC a 105\u00baC.<\/p>\n<div class=\"et_pb_section et_pb_section_1_tb_body et_section_regular\">\n<div class=\"et_pb_row et_pb_row_1_tb_body\">\n<div class=\"et_pb_column et_pb_column_1_2 et_pb_column_2_tb_body  et_pb_css_mix_blend_mode_passthrough et-last-child\">\n<div class=\"et_pb_module et_pb_wc_description et_pb_wc_description_0_tb_body et_pb_bg_layout_light  et_pb_text_align_left\">\n<div class=\"et_pb_module_inner\">\n<p>As barras de jun\u00e7\u00e3o permitem efectuar conex\u00f5es el\u00e9ctricas. Compostas por 12 polos, dispomos de 4 modelos com diferentes sec\u00e7\u00f5es compreendidos entre os 4 mm\u00b2 aos 16 mm\u00b2.<\/p>\n<\/div>\n<\/div>\n<\/div>\n<\/div>\n<\/div>\n<div class=\"et_pb_section et_pb_section_2_tb_body et_section_regular\">\n<div class=\"et_pb_row et_pb_row_2_tb_body\">\n<div class=\"et_pb_column et_pb_column_4_4 et_pb_column_3_tb_body  et_pb_css_mix_blend_mode_passthrough et-last-child\">\n<div class=\"et_pb_module et_pb_text et_pb_text_0_tb_body  et_pb_text_align_left et_pb_bg_layout_light\">\n<div class=\"et_pb_text_inner\"><\/div>\n<\/div>\n<\/div>\n<\/div>\n<\/div>\n","protected":false},"excerpt":{"rendered":"<p>Material isolador em poliamida. Bornes de conex\u00e3o em lat\u00e3o. As barras apresentam uma temperatura de funcionamento de -40\u00baC a 105\u00baC. As barras de jun\u00e7\u00e3o permitem efectuar conex\u00f5es el\u00e9ctricas. Compostas por 12 polos, dispomos de 4 modelos com diferentes sec\u00e7\u00f5es compreendidos entre os 4 mm\u00b2 aos 16 mm\u00b2.<\/p>\n","protected":false},"featured_media":2891,"comment_status":"open","ping_status":"closed","template":"","meta":[],"product_brand":[],"product_cat":[675],"product_tag":[1913,1914],"class_list":{"0":"post-2890","1":"product","2":"type-product","3":"status-publish","4":"has-post-thumbnail","6":"product_cat-ligadores","7":"product_tag-barras-de-juncao","8":"product_tag-regua-de-juncao","9":"pa_medida-mm-10mm2","10":"pa_medida-mm-16mm2","11":"pa_medida-mm-4mm2","12":"pa_medida-mm-6mm2","14":"first","15":"instock","16":"taxable","17":"shipping-taxable","18":"purchasable","19":"product-type-variable"},"yoast_head":"<!-- This site is optimized with the Yoast SEO plugin v26.5 - https:\/\/yoast.com\/wordpress\/plugins\/seo\/ -->\n<title>Barras de jun\u00e7\u00e3o 4mm a 16mm - LuxPro<\/title>\n<meta name=\"description\" content=\"Material isolador em poliamida. Bornes de conex\u00e3o em lat\u00e3o. As barras apresentam uma temperatura de funcionamento de -40\u00baC a 105\u00baC. As barras de jun\u00e7\u00e3o\" \/>\n<meta name=\"robots\" content=\"index, follow, max-snippet:-1, max-image-preview:large, max-video-preview:-1\" \/>\n<link rel=\"canonical\" href=\"https:\/\/luxpro.pt\/es\/produto\/barras-juncao\" \/>\n<meta property=\"og:locale\" content=\"es_ES\" \/>\n<meta property=\"og:type\" content=\"article\" \/>\n<meta property=\"og:title\" content=\"Barras de jun\u00e7\u00e3o 4mm a 16mm - LuxPro\" \/>\n<meta property=\"og:description\" content=\"Material isolador em poliamida. Bornes de conex\u00e3o em lat\u00e3o. As barras apresentam uma temperatura de funcionamento de -40\u00baC a 105\u00baC. As barras de jun\u00e7\u00e3o\" \/>\n<meta property=\"og:url\" content=\"https:\/\/luxpro.pt\/es\/produto\/barras-juncao\" \/>\n<meta property=\"og:site_name\" content=\"LuxPro\" \/>\n<meta property=\"article:modified_time\" content=\"2023-06-19T16:42:28+00:00\" \/>\n<meta property=\"og:image\" content=\"https:\/\/luxpro.pt\/wp-content\/uploads\/2019\/06\/barras-junc\u0327a\u0303o.jpg\" \/>\n\t<meta property=\"og:image:width\" content=\"800\" \/>\n\t<meta property=\"og:image:height\" content=\"800\" \/>\n\t<meta property=\"og:image:type\" content=\"image\/jpeg\" \/>\n<meta name=\"twitter:card\" content=\"summary_large_image\" \/>\n<meta name=\"twitter:label1\" content=\"Tiempo de lectura\" \/>\n\t<meta name=\"twitter:data1\" content=\"1 minuto\" \/>\n<script type=\"application\/ld+json\" class=\"yoast-schema-graph\">{\"@context\":\"https:\/\/schema.org\",\"@graph\":[{\"@type\":\"WebPage\",\"@id\":\"https:\/\/luxpro.pt\/es\/produto\/barras-juncao\",\"url\":\"https:\/\/luxpro.pt\/es\/produto\/barras-juncao\",\"name\":\"Barras de jun\u00e7\u00e3o 4mm a 16mm - LuxPro\",\"isPartOf\":{\"@id\":\"https:\/\/luxpro.pt\/es#website\"},\"primaryImageOfPage\":{\"@id\":\"https:\/\/luxpro.pt\/es\/produto\/barras-juncao#primaryimage\"},\"image\":{\"@id\":\"https:\/\/luxpro.pt\/es\/produto\/barras-juncao#primaryimage\"},\"thumbnailUrl\":\"https:\/\/luxpro.pt\/wp-content\/uploads\/2019\/06\/barras-junc\u0327a\u0303o.jpg\",\"datePublished\":\"2019-06-27T15:48:37+00:00\",\"dateModified\":\"2023-06-19T16:42:28+00:00\",\"description\":\"Material isolador em poliamida. Bornes de conex\u00e3o em lat\u00e3o. As barras apresentam uma temperatura de funcionamento de -40\u00baC a 105\u00baC. As barras de jun\u00e7\u00e3o\",\"breadcrumb\":{\"@id\":\"https:\/\/luxpro.pt\/es\/produto\/barras-juncao#breadcrumb\"},\"inLanguage\":\"es\",\"potentialAction\":[{\"@type\":\"ReadAction\",\"target\":[\"https:\/\/luxpro.pt\/es\/produto\/barras-juncao\"]}]},{\"@type\":\"ImageObject\",\"inLanguage\":\"es\",\"@id\":\"https:\/\/luxpro.pt\/es\/produto\/barras-juncao#primaryimage\",\"url\":\"https:\/\/luxpro.pt\/wp-content\/uploads\/2019\/06\/barras-junc\u0327a\u0303o.jpg\",\"contentUrl\":\"https:\/\/luxpro.pt\/wp-content\/uploads\/2019\/06\/barras-junc\u0327a\u0303o.jpg\",\"width\":800,\"height\":800},{\"@type\":\"BreadcrumbList\",\"@id\":\"https:\/\/luxpro.pt\/es\/produto\/barras-juncao#breadcrumb\",\"itemListElement\":[{\"@type\":\"ListItem\",\"position\":1,\"name\":\"In\u00edcio\",\"item\":\"https:\/\/luxpro.pt\/es\"},{\"@type\":\"ListItem\",\"position\":2,\"name\":\"Loja\",\"item\":\"https:\/\/luxpro.pt\/loja\"},{\"@type\":\"ListItem\",\"position\":3,\"name\":\"Barras de jun\u00e7\u00e3o 4mm a 16mm\"}]},{\"@type\":\"WebSite\",\"@id\":\"https:\/\/luxpro.pt\/es#website\",\"url\":\"https:\/\/luxpro.pt\/es\",\"name\":\"LuxPro\",\"description\":\"\",\"publisher\":{\"@id\":\"https:\/\/luxpro.pt\/es#\/schema\/person\/2d1bed59a52ad49be71622bef025e341\"},\"potentialAction\":[{\"@type\":\"SearchAction\",\"target\":{\"@type\":\"EntryPoint\",\"urlTemplate\":\"https:\/\/luxpro.pt\/es?s={search_term_string}\"},\"query-input\":{\"@type\":\"PropertyValueSpecification\",\"valueRequired\":true,\"valueName\":\"search_term_string\"}}],\"inLanguage\":\"es\"},{\"@type\":[\"Person\",\"Organization\"],\"@id\":\"https:\/\/luxpro.pt\/es#\/schema\/person\/2d1bed59a52ad49be71622bef025e341\",\"name\":\"Tiago Amadeu Ferreira\",\"image\":{\"@type\":\"ImageObject\",\"inLanguage\":\"es\",\"@id\":\"https:\/\/luxpro.pt\/es#\/schema\/person\/image\/\",\"url\":\"https:\/\/luxpro.pt\/wp-content\/uploads\/2017\/11\/logo.jpg\",\"contentUrl\":\"https:\/\/luxpro.pt\/wp-content\/uploads\/2017\/11\/logo.jpg\",\"width\":150,\"height\":33,\"caption\":\"Tiago Amadeu Ferreira\"},\"logo\":{\"@id\":\"https:\/\/luxpro.pt\/es#\/schema\/person\/image\/\"}}]}<\/script>\n<!-- \/ Yoast SEO plugin. -->","yoast_head_json":{"title":"Barras de jun\u00e7\u00e3o 4mm a 16mm - LuxPro","description":"Material isolador em poliamida. Bornes de conex\u00e3o em lat\u00e3o. As barras apresentam uma temperatura de funcionamento de -40\u00baC a 105\u00baC. As barras de jun\u00e7\u00e3o","robots":{"index":"index","follow":"follow","max-snippet":"max-snippet:-1","max-image-preview":"max-image-preview:large","max-video-preview":"max-video-preview:-1"},"canonical":"https:\/\/luxpro.pt\/es\/produto\/barras-juncao","og_locale":"es_ES","og_type":"article","og_title":"Barras de jun\u00e7\u00e3o 4mm a 16mm - LuxPro","og_description":"Material isolador em poliamida. Bornes de conex\u00e3o em lat\u00e3o. As barras apresentam uma temperatura de funcionamento de -40\u00baC a 105\u00baC. As barras de jun\u00e7\u00e3o","og_url":"https:\/\/luxpro.pt\/es\/produto\/barras-juncao","og_site_name":"LuxPro","article_modified_time":"2023-06-19T16:42:28+00:00","og_image":[{"width":800,"height":800,"url":"https:\/\/luxpro.pt\/wp-content\/uploads\/2019\/06\/barras-junc\u0327a\u0303o.jpg","type":"image\/jpeg"}],"twitter_card":"summary_large_image","twitter_misc":{"Tiempo de lectura":"1 minuto"},"schema":{"@context":"https:\/\/schema.org","@graph":[{"@type":"WebPage","@id":"https:\/\/luxpro.pt\/es\/produto\/barras-juncao","url":"https:\/\/luxpro.pt\/es\/produto\/barras-juncao","name":"Barras de jun\u00e7\u00e3o 4mm a 16mm - LuxPro","isPartOf":{"@id":"https:\/\/luxpro.pt\/es#website"},"primaryImageOfPage":{"@id":"https:\/\/luxpro.pt\/es\/produto\/barras-juncao#primaryimage"},"image":{"@id":"https:\/\/luxpro.pt\/es\/produto\/barras-juncao#primaryimage"},"thumbnailUrl":"https:\/\/luxpro.pt\/wp-content\/uploads\/2019\/06\/barras-junc\u0327a\u0303o.jpg","datePublished":"2019-06-27T15:48:37+00:00","dateModified":"2023-06-19T16:42:28+00:00","description":"Material isolador em poliamida. Bornes de conex\u00e3o em lat\u00e3o. As barras apresentam uma temperatura de funcionamento de -40\u00baC a 105\u00baC. As barras de jun\u00e7\u00e3o","breadcrumb":{"@id":"https:\/\/luxpro.pt\/es\/produto\/barras-juncao#breadcrumb"},"inLanguage":"es","potentialAction":[{"@type":"ReadAction","target":["https:\/\/luxpro.pt\/es\/produto\/barras-juncao"]}]},{"@type":"ImageObject","inLanguage":"es","@id":"https:\/\/luxpro.pt\/es\/produto\/barras-juncao#primaryimage","url":"https:\/\/luxpro.pt\/wp-content\/uploads\/2019\/06\/barras-junc\u0327a\u0303o.jpg","contentUrl":"https:\/\/luxpro.pt\/wp-content\/uploads\/2019\/06\/barras-junc\u0327a\u0303o.jpg","width":800,"height":800},{"@type":"BreadcrumbList","@id":"https:\/\/luxpro.pt\/es\/produto\/barras-juncao#breadcrumb","itemListElement":[{"@type":"ListItem","position":1,"name":"In\u00edcio","item":"https:\/\/luxpro.pt\/es"},{"@type":"ListItem","position":2,"name":"Loja","item":"https:\/\/luxpro.pt\/loja"},{"@type":"ListItem","position":3,"name":"Barras de jun\u00e7\u00e3o 4mm a 16mm"}]},{"@type":"WebSite","@id":"https:\/\/luxpro.pt\/es#website","url":"https:\/\/luxpro.pt\/es","name":"LuxPro","description":"","publisher":{"@id":"https:\/\/luxpro.pt\/es#\/schema\/person\/2d1bed59a52ad49be71622bef025e341"},"potentialAction":[{"@type":"SearchAction","target":{"@type":"EntryPoint","urlTemplate":"https:\/\/luxpro.pt\/es?s={search_term_string}"},"query-input":{"@type":"PropertyValueSpecification","valueRequired":true,"valueName":"search_term_string"}}],"inLanguage":"es"},{"@type":["Person","Organization"],"@id":"https:\/\/luxpro.pt\/es#\/schema\/person\/2d1bed59a52ad49be71622bef025e341","name":"Tiago Amadeu Ferreira","image":{"@type":"ImageObject","inLanguage":"es","@id":"https:\/\/luxpro.pt\/es#\/schema\/person\/image\/","url":"https:\/\/luxpro.pt\/wp-content\/uploads\/2017\/11\/logo.jpg","contentUrl":"https:\/\/luxpro.pt\/wp-content\/uploads\/2017\/11\/logo.jpg","width":150,"height":33,"caption":"Tiago Amadeu Ferreira"},"logo":{"@id":"https:\/\/luxpro.pt\/es#\/schema\/person\/image\/"}}]}},"tiered_pricing_type":"fixed","tiered_pricing_fixed_rules":[],"tiered_pricing_product_settings":{"layout":"default","base_unit_name":{"singular":null,"plural":null},"default_variation":null},"tiered_pricing_minimum_quantity":null,"tiered_pricing_roles_data":[],"tiered_pricing_percentage_rules":[],"_links":{"self":[{"href":"https:\/\/luxpro.pt\/es\/wp-json\/wp\/v2\/product\/2890","targetHints":{"allow":["GET"]}}],"collection":[{"href":"https:\/\/luxpro.pt\/es\/wp-json\/wp\/v2\/product"}],"about":[{"href":"https:\/\/luxpro.pt\/es\/wp-json\/wp\/v2\/types\/product"}],"replies":[{"embeddable":true,"href":"https:\/\/luxpro.pt\/es\/wp-json\/wp\/v2\/comments?post=2890"}],"wp:featuredmedia":[{"embeddable":true,"href":"https:\/\/luxpro.pt\/es\/wp-json\/wp\/v2\/media\/2891"}],"wp:attachment":[{"href":"https:\/\/luxpro.pt\/es\/wp-json\/wp\/v2\/media?parent=2890"}],"wp:term":[{"taxonomy":"product_brand","embeddable":true,"href":"https:\/\/luxpro.pt\/es\/wp-json\/wp\/v2\/product_brand?post=2890"},{"taxonomy":"product_cat","embeddable":true,"href":"https:\/\/luxpro.pt\/es\/wp-json\/wp\/v2\/product_cat?post=2890"},{"taxonomy":"product_tag","embeddable":true,"href":"https:\/\/luxpro.pt\/es\/wp-json\/wp\/v2\/product_tag?post=2890"}],"curies":[{"name":"wp","href":"https:\/\/api.w.org\/{rel}","templated":true}]}}