{"id":3397,"date":"2019-09-02T16:55:08","date_gmt":"2019-09-02T16:55:08","guid":{"rendered":"https:\/\/luxpro.pt\/?post_type=product&#038;p=3397"},"modified":"2021-02-01T16:22:44","modified_gmt":"2021-02-01T16:22:44","slug":"placa-receptora-mr17","status":"publish","type":"product","link":"https:\/\/luxpro.pt\/es\/produto\/placa-receptora-mr17","title":{"rendered":"Placa Receptora MR17"},"content":{"rendered":"<h4>Recetor de um canal<\/h4>\n<h4>que funciona em modo monoest\u00e1vel e biest\u00e1vel,<\/h4>\n<h4>com capacidade para memorizar at\u00e9 500 c\u00f3digos 12 bit ou Rolling-Code.<\/h4>\n","protected":false},"excerpt":{"rendered":"<p>Recetor de um canal que funciona em modo monoest\u00e1vel e biest\u00e1vel, com capacidade para memorizar at\u00e9 500 c\u00f3digos 12 bit ou Rolling-Code.<\/p>\n","protected":false},"featured_media":3401,"comment_status":"open","ping_status":"closed","template":"","meta":[],"product_brand":[],"product_cat":[545,652],"product_tag":[],"class_list":{"0":"post-3397","1":"product","2":"type-product","3":"status-publish","4":"has-post-thumbnail","6":"product_cat-automatismos","7":"product_cat-acessorios","9":"first","10":"instock","11":"taxable","12":"shipping-taxable","13":"purchasable","14":"product-type-simple"},"yoast_head":"<!-- This site is optimized with the Yoast SEO plugin v26.5 - https:\/\/yoast.com\/wordpress\/plugins\/seo\/ -->\n<title>Placa Receptora MR17 - LuxPro<\/title>\n<meta name=\"description\" content=\"Recetor de um canal que funciona em modo monoest\u00e1vel e biest\u00e1vel, com capacidade para memorizar at\u00e9 500 c\u00f3digos 12 bit ou Rolling-Code.\" \/>\n<meta name=\"robots\" content=\"index, follow, max-snippet:-1, max-image-preview:large, max-video-preview:-1\" \/>\n<link rel=\"canonical\" href=\"https:\/\/luxpro.pt\/es\/produto\/placa-receptora-mr17\" \/>\n<meta property=\"og:locale\" content=\"es_ES\" \/>\n<meta property=\"og:type\" content=\"article\" \/>\n<meta property=\"og:title\" content=\"Placa Receptora MR17 - LuxPro\" \/>\n<meta property=\"og:description\" content=\"Recetor de um canal que funciona em modo monoest\u00e1vel e biest\u00e1vel, com capacidade para memorizar at\u00e9 500 c\u00f3digos 12 bit ou Rolling-Code.\" \/>\n<meta property=\"og:url\" content=\"https:\/\/luxpro.pt\/es\/produto\/placa-receptora-mr17\" \/>\n<meta property=\"og:site_name\" content=\"LuxPro\" \/>\n<meta property=\"article:modified_time\" content=\"2021-02-01T16:22:44+00:00\" \/>\n<meta property=\"og:image\" content=\"https:\/\/luxpro.pt\/wp-content\/uploads\/2019\/09\/MR17-G2.jpg\" \/>\n\t<meta property=\"og:image:width\" content=\"3996\" \/>\n\t<meta property=\"og:image:height\" content=\"2160\" \/>\n\t<meta property=\"og:image:type\" content=\"image\/jpeg\" \/>\n<meta name=\"twitter:card\" content=\"summary_large_image\" \/>\n<script type=\"application\/ld+json\" class=\"yoast-schema-graph\">{\"@context\":\"https:\/\/schema.org\",\"@graph\":[{\"@type\":\"WebPage\",\"@id\":\"https:\/\/luxpro.pt\/es\/produto\/placa-receptora-mr17\",\"url\":\"https:\/\/luxpro.pt\/es\/produto\/placa-receptora-mr17\",\"name\":\"Placa Receptora MR17 - LuxPro\",\"isPartOf\":{\"@id\":\"https:\/\/luxpro.pt\/es#website\"},\"primaryImageOfPage\":{\"@id\":\"https:\/\/luxpro.pt\/es\/produto\/placa-receptora-mr17#primaryimage\"},\"image\":{\"@id\":\"https:\/\/luxpro.pt\/es\/produto\/placa-receptora-mr17#primaryimage\"},\"thumbnailUrl\":\"https:\/\/luxpro.pt\/wp-content\/uploads\/2019\/09\/MR17-G2.jpg\",\"datePublished\":\"2019-09-02T16:55:08+00:00\",\"dateModified\":\"2021-02-01T16:22:44+00:00\",\"description\":\"Recetor de um canal que funciona em modo monoest\u00e1vel e biest\u00e1vel, com capacidade para memorizar at\u00e9 500 c\u00f3digos 12 bit ou Rolling-Code.\",\"breadcrumb\":{\"@id\":\"https:\/\/luxpro.pt\/es\/produto\/placa-receptora-mr17#breadcrumb\"},\"inLanguage\":\"es\",\"potentialAction\":[{\"@type\":\"ReadAction\",\"target\":[\"https:\/\/luxpro.pt\/es\/produto\/placa-receptora-mr17\"]}]},{\"@type\":\"ImageObject\",\"inLanguage\":\"es\",\"@id\":\"https:\/\/luxpro.pt\/es\/produto\/placa-receptora-mr17#primaryimage\",\"url\":\"https:\/\/luxpro.pt\/wp-content\/uploads\/2019\/09\/MR17-G2.jpg\",\"contentUrl\":\"https:\/\/luxpro.pt\/wp-content\/uploads\/2019\/09\/MR17-G2.jpg\",\"width\":3996,\"height\":2160},{\"@type\":\"BreadcrumbList\",\"@id\":\"https:\/\/luxpro.pt\/es\/produto\/placa-receptora-mr17#breadcrumb\",\"itemListElement\":[{\"@type\":\"ListItem\",\"position\":1,\"name\":\"In\u00edcio\",\"item\":\"https:\/\/luxpro.pt\/es\"},{\"@type\":\"ListItem\",\"position\":2,\"name\":\"Loja\",\"item\":\"https:\/\/luxpro.pt\/loja\"},{\"@type\":\"ListItem\",\"position\":3,\"name\":\"Placa Receptora MR17\"}]},{\"@type\":\"WebSite\",\"@id\":\"https:\/\/luxpro.pt\/es#website\",\"url\":\"https:\/\/luxpro.pt\/es\",\"name\":\"LuxPro\",\"description\":\"\",\"publisher\":{\"@id\":\"https:\/\/luxpro.pt\/es#\/schema\/person\/2d1bed59a52ad49be71622bef025e341\"},\"potentialAction\":[{\"@type\":\"SearchAction\",\"target\":{\"@type\":\"EntryPoint\",\"urlTemplate\":\"https:\/\/luxpro.pt\/es?s={search_term_string}\"},\"query-input\":{\"@type\":\"PropertyValueSpecification\",\"valueRequired\":true,\"valueName\":\"search_term_string\"}}],\"inLanguage\":\"es\"},{\"@type\":[\"Person\",\"Organization\"],\"@id\":\"https:\/\/luxpro.pt\/es#\/schema\/person\/2d1bed59a52ad49be71622bef025e341\",\"name\":\"Tiago Amadeu Ferreira\",\"image\":{\"@type\":\"ImageObject\",\"inLanguage\":\"es\",\"@id\":\"https:\/\/luxpro.pt\/es#\/schema\/person\/image\/\",\"url\":\"https:\/\/luxpro.pt\/wp-content\/uploads\/2017\/11\/logo.jpg\",\"contentUrl\":\"https:\/\/luxpro.pt\/wp-content\/uploads\/2017\/11\/logo.jpg\",\"width\":150,\"height\":33,\"caption\":\"Tiago Amadeu Ferreira\"},\"logo\":{\"@id\":\"https:\/\/luxpro.pt\/es#\/schema\/person\/image\/\"}}]}<\/script>\n<!-- \/ Yoast SEO plugin. -->","yoast_head_json":{"title":"Placa Receptora MR17 - LuxPro","description":"Recetor de um canal que funciona em modo monoest\u00e1vel e biest\u00e1vel, com capacidade para memorizar at\u00e9 500 c\u00f3digos 12 bit ou Rolling-Code.","robots":{"index":"index","follow":"follow","max-snippet":"max-snippet:-1","max-image-preview":"max-image-preview:large","max-video-preview":"max-video-preview:-1"},"canonical":"https:\/\/luxpro.pt\/es\/produto\/placa-receptora-mr17","og_locale":"es_ES","og_type":"article","og_title":"Placa Receptora MR17 - LuxPro","og_description":"Recetor de um canal que funciona em modo monoest\u00e1vel e biest\u00e1vel, com capacidade para memorizar at\u00e9 500 c\u00f3digos 12 bit ou Rolling-Code.","og_url":"https:\/\/luxpro.pt\/es\/produto\/placa-receptora-mr17","og_site_name":"LuxPro","article_modified_time":"2021-02-01T16:22:44+00:00","og_image":[{"width":3996,"height":2160,"url":"https:\/\/luxpro.pt\/wp-content\/uploads\/2019\/09\/MR17-G2.jpg","type":"image\/jpeg"}],"twitter_card":"summary_large_image","schema":{"@context":"https:\/\/schema.org","@graph":[{"@type":"WebPage","@id":"https:\/\/luxpro.pt\/es\/produto\/placa-receptora-mr17","url":"https:\/\/luxpro.pt\/es\/produto\/placa-receptora-mr17","name":"Placa Receptora MR17 - LuxPro","isPartOf":{"@id":"https:\/\/luxpro.pt\/es#website"},"primaryImageOfPage":{"@id":"https:\/\/luxpro.pt\/es\/produto\/placa-receptora-mr17#primaryimage"},"image":{"@id":"https:\/\/luxpro.pt\/es\/produto\/placa-receptora-mr17#primaryimage"},"thumbnailUrl":"https:\/\/luxpro.pt\/wp-content\/uploads\/2019\/09\/MR17-G2.jpg","datePublished":"2019-09-02T16:55:08+00:00","dateModified":"2021-02-01T16:22:44+00:00","description":"Recetor de um canal que funciona em modo monoest\u00e1vel e biest\u00e1vel, com capacidade para memorizar at\u00e9 500 c\u00f3digos 12 bit ou Rolling-Code.","breadcrumb":{"@id":"https:\/\/luxpro.pt\/es\/produto\/placa-receptora-mr17#breadcrumb"},"inLanguage":"es","potentialAction":[{"@type":"ReadAction","target":["https:\/\/luxpro.pt\/es\/produto\/placa-receptora-mr17"]}]},{"@type":"ImageObject","inLanguage":"es","@id":"https:\/\/luxpro.pt\/es\/produto\/placa-receptora-mr17#primaryimage","url":"https:\/\/luxpro.pt\/wp-content\/uploads\/2019\/09\/MR17-G2.jpg","contentUrl":"https:\/\/luxpro.pt\/wp-content\/uploads\/2019\/09\/MR17-G2.jpg","width":3996,"height":2160},{"@type":"BreadcrumbList","@id":"https:\/\/luxpro.pt\/es\/produto\/placa-receptora-mr17#breadcrumb","itemListElement":[{"@type":"ListItem","position":1,"name":"In\u00edcio","item":"https:\/\/luxpro.pt\/es"},{"@type":"ListItem","position":2,"name":"Loja","item":"https:\/\/luxpro.pt\/loja"},{"@type":"ListItem","position":3,"name":"Placa Receptora MR17"}]},{"@type":"WebSite","@id":"https:\/\/luxpro.pt\/es#website","url":"https:\/\/luxpro.pt\/es","name":"LuxPro","description":"","publisher":{"@id":"https:\/\/luxpro.pt\/es#\/schema\/person\/2d1bed59a52ad49be71622bef025e341"},"potentialAction":[{"@type":"SearchAction","target":{"@type":"EntryPoint","urlTemplate":"https:\/\/luxpro.pt\/es?s={search_term_string}"},"query-input":{"@type":"PropertyValueSpecification","valueRequired":true,"valueName":"search_term_string"}}],"inLanguage":"es"},{"@type":["Person","Organization"],"@id":"https:\/\/luxpro.pt\/es#\/schema\/person\/2d1bed59a52ad49be71622bef025e341","name":"Tiago Amadeu Ferreira","image":{"@type":"ImageObject","inLanguage":"es","@id":"https:\/\/luxpro.pt\/es#\/schema\/person\/image\/","url":"https:\/\/luxpro.pt\/wp-content\/uploads\/2017\/11\/logo.jpg","contentUrl":"https:\/\/luxpro.pt\/wp-content\/uploads\/2017\/11\/logo.jpg","width":150,"height":33,"caption":"Tiago Amadeu Ferreira"},"logo":{"@id":"https:\/\/luxpro.pt\/es#\/schema\/person\/image\/"}}]}},"tiered_pricing_type":"fixed","tiered_pricing_fixed_rules":[],"tiered_pricing_product_settings":{"layout":"default","base_unit_name":{"singular":null,"plural":null},"default_variation":null},"tiered_pricing_minimum_quantity":null,"tiered_pricing_roles_data":[],"tiered_pricing_percentage_rules":[],"_links":{"self":[{"href":"https:\/\/luxpro.pt\/es\/wp-json\/wp\/v2\/product\/3397","targetHints":{"allow":["GET"]}}],"collection":[{"href":"https:\/\/luxpro.pt\/es\/wp-json\/wp\/v2\/product"}],"about":[{"href":"https:\/\/luxpro.pt\/es\/wp-json\/wp\/v2\/types\/product"}],"replies":[{"embeddable":true,"href":"https:\/\/luxpro.pt\/es\/wp-json\/wp\/v2\/comments?post=3397"}],"wp:featuredmedia":[{"embeddable":true,"href":"https:\/\/luxpro.pt\/es\/wp-json\/wp\/v2\/media\/3401"}],"wp:attachment":[{"href":"https:\/\/luxpro.pt\/es\/wp-json\/wp\/v2\/media?parent=3397"}],"wp:term":[{"taxonomy":"product_brand","embeddable":true,"href":"https:\/\/luxpro.pt\/es\/wp-json\/wp\/v2\/product_brand?post=3397"},{"taxonomy":"product_cat","embeddable":true,"href":"https:\/\/luxpro.pt\/es\/wp-json\/wp\/v2\/product_cat?post=3397"},{"taxonomy":"product_tag","embeddable":true,"href":"https:\/\/luxpro.pt\/es\/wp-json\/wp\/v2\/product_tag?post=3397"}],"curies":[{"name":"wp","href":"https:\/\/api.w.org\/{rel}","templated":true}]}}