{"id":3908,"date":"2019-12-09T11:54:56","date_gmt":"2019-12-09T11:54:56","guid":{"rendered":"https:\/\/luxpro.pt\/?post_type=product&#038;p=3908"},"modified":"2022-09-14T22:35:25","modified_gmt":"2022-09-14T22:35:25","slug":"contactor-220v-380v-50-60hz-sc-18-gacia","status":"publish","type":"product","link":"https:\/\/luxpro.pt\/es\/produto\/contactor-220v-380v-50-60hz-sc-18-gacia","title":{"rendered":"CONTACTOR 220V\/380V 50\/60Hz SC-18 GACIA"},"content":{"rendered":"<p>Nome do produto: AC Contactor<br \/>\nN\u00famero do Modelo: SC-18<br \/>\nMaterial: pl\u00e1stico, metal, pe\u00e7as el\u00e9tricas<br \/>\nTens\u00e3o nominal de isolamento (Ui): 690V<br \/>\nCorrente operativa avaliada: 32A<br \/>\nTens\u00e3o nominal da bobina: 380V\/220V, 50Hz<br \/>\nN\u00famero de Contato: 3P + NO<br \/>\nCor principal: preto, branco<\/p>\n","protected":false},"excerpt":{"rendered":"<p>Nome do produto: AC Contactor N\u00famero do Modelo: SC-18 Material: pl\u00e1stico, metal, pe\u00e7as el\u00e9tricas Tens\u00e3o nominal de isolamento (Ui): 690V Corrente operativa avaliada: 32A Tens\u00e3o nominal da bobina: 380V\/220V, 50Hz N\u00famero de Contato: 3P + NO Cor principal: preto, branco<\/p>\n","protected":false},"featured_media":2854,"comment_status":"open","ping_status":"closed","template":"","meta":[],"product_brand":[],"product_cat":[671],"product_tag":[1277,1470,1184,1433,1256,1251,1434,1183],"class_list":{"0":"post-3908","1":"product","2":"type-product","3":"status-publish","4":"has-post-thumbnail","6":"product_cat-contactores","7":"product_tag-230v","8":"product_tag-400v","9":"product_tag-contactor","10":"product_tag-danfoss","11":"product_tag-gacia","12":"product_tag-protecao","13":"product_tag-telemecanique","14":"product_tag-termico","15":"pa_tensao-de-entrada-230v","16":"pa_tensao-de-entrada-400v","18":"first","19":"instock","20":"taxable","21":"shipping-taxable","22":"purchasable","23":"product-type-variable"},"yoast_head":"<!-- This site is optimized with the Yoast SEO plugin v26.5 - https:\/\/yoast.com\/wordpress\/plugins\/seo\/ -->\n<title>CONTACTOR 220V\/380V 50\/60Hz SC-18 GACIA<\/title>\n<meta name=\"description\" content=\"CONTACTOR 220V\/380V 50\/60Hz SC-18 GACIA\" \/>\n<meta name=\"robots\" content=\"index, follow, max-snippet:-1, max-image-preview:large, max-video-preview:-1\" \/>\n<link rel=\"canonical\" href=\"https:\/\/luxpro.pt\/es\/produto\/contactor-220v-380v-50-60hz-sc-18-gacia\" \/>\n<meta property=\"og:locale\" content=\"es_ES\" \/>\n<meta property=\"og:type\" content=\"article\" \/>\n<meta property=\"og:title\" content=\"CONTACTOR 220V\/380V 50\/60Hz SC-18 GACIA\" \/>\n<meta property=\"og:description\" content=\"CONTACTOR 220V\/380V 50\/60Hz SC-18 GACIA\" \/>\n<meta property=\"og:url\" content=\"https:\/\/luxpro.pt\/es\/produto\/contactor-220v-380v-50-60hz-sc-18-gacia\" \/>\n<meta property=\"og:site_name\" content=\"LuxPro\" \/>\n<meta property=\"article:modified_time\" content=\"2022-09-14T22:35:25+00:00\" \/>\n<meta property=\"og:image\" content=\"https:\/\/luxpro.pt\/wp-content\/uploads\/2019\/06\/CONTACTOR-GACIA.jpg\" \/>\n\t<meta property=\"og:image:width\" content=\"800\" \/>\n\t<meta property=\"og:image:height\" content=\"800\" \/>\n\t<meta property=\"og:image:type\" content=\"image\/jpeg\" \/>\n<meta name=\"twitter:card\" content=\"summary_large_image\" \/>\n<script type=\"application\/ld+json\" class=\"yoast-schema-graph\">{\"@context\":\"https:\/\/schema.org\",\"@graph\":[{\"@type\":\"WebPage\",\"@id\":\"https:\/\/luxpro.pt\/es\/produto\/contactor-220v-380v-50-60hz-sc-18-gacia\",\"url\":\"https:\/\/luxpro.pt\/es\/produto\/contactor-220v-380v-50-60hz-sc-18-gacia\",\"name\":\"CONTACTOR 220V\/380V 50\/60Hz SC-18 GACIA\",\"isPartOf\":{\"@id\":\"https:\/\/luxpro.pt\/es#website\"},\"primaryImageOfPage\":{\"@id\":\"https:\/\/luxpro.pt\/es\/produto\/contactor-220v-380v-50-60hz-sc-18-gacia#primaryimage\"},\"image\":{\"@id\":\"https:\/\/luxpro.pt\/es\/produto\/contactor-220v-380v-50-60hz-sc-18-gacia#primaryimage\"},\"thumbnailUrl\":\"https:\/\/luxpro.pt\/wp-content\/uploads\/2019\/06\/CONTACTOR-GACIA.jpg\",\"datePublished\":\"2019-12-09T11:54:56+00:00\",\"dateModified\":\"2022-09-14T22:35:25+00:00\",\"description\":\"CONTACTOR 220V\/380V 50\/60Hz SC-18 GACIA\",\"breadcrumb\":{\"@id\":\"https:\/\/luxpro.pt\/es\/produto\/contactor-220v-380v-50-60hz-sc-18-gacia#breadcrumb\"},\"inLanguage\":\"es\",\"potentialAction\":[{\"@type\":\"ReadAction\",\"target\":[\"https:\/\/luxpro.pt\/es\/produto\/contactor-220v-380v-50-60hz-sc-18-gacia\"]}]},{\"@type\":\"ImageObject\",\"inLanguage\":\"es\",\"@id\":\"https:\/\/luxpro.pt\/es\/produto\/contactor-220v-380v-50-60hz-sc-18-gacia#primaryimage\",\"url\":\"https:\/\/luxpro.pt\/wp-content\/uploads\/2019\/06\/CONTACTOR-GACIA.jpg\",\"contentUrl\":\"https:\/\/luxpro.pt\/wp-content\/uploads\/2019\/06\/CONTACTOR-GACIA.jpg\",\"width\":800,\"height\":800},{\"@type\":\"BreadcrumbList\",\"@id\":\"https:\/\/luxpro.pt\/es\/produto\/contactor-220v-380v-50-60hz-sc-18-gacia#breadcrumb\",\"itemListElement\":[{\"@type\":\"ListItem\",\"position\":1,\"name\":\"In\u00edcio\",\"item\":\"https:\/\/luxpro.pt\/es\"},{\"@type\":\"ListItem\",\"position\":2,\"name\":\"Loja\",\"item\":\"https:\/\/luxpro.pt\/loja\"},{\"@type\":\"ListItem\",\"position\":3,\"name\":\"CONTACTOR 220V\/380V 50\/60Hz SC-18 GACIA\"}]},{\"@type\":\"WebSite\",\"@id\":\"https:\/\/luxpro.pt\/es#website\",\"url\":\"https:\/\/luxpro.pt\/es\",\"name\":\"LuxPro\",\"description\":\"\",\"publisher\":{\"@id\":\"https:\/\/luxpro.pt\/es#\/schema\/person\/2d1bed59a52ad49be71622bef025e341\"},\"potentialAction\":[{\"@type\":\"SearchAction\",\"target\":{\"@type\":\"EntryPoint\",\"urlTemplate\":\"https:\/\/luxpro.pt\/es?s={search_term_string}\"},\"query-input\":{\"@type\":\"PropertyValueSpecification\",\"valueRequired\":true,\"valueName\":\"search_term_string\"}}],\"inLanguage\":\"es\"},{\"@type\":[\"Person\",\"Organization\"],\"@id\":\"https:\/\/luxpro.pt\/es#\/schema\/person\/2d1bed59a52ad49be71622bef025e341\",\"name\":\"Tiago Amadeu Ferreira\",\"image\":{\"@type\":\"ImageObject\",\"inLanguage\":\"es\",\"@id\":\"https:\/\/luxpro.pt\/es#\/schema\/person\/image\/\",\"url\":\"https:\/\/luxpro.pt\/wp-content\/uploads\/2017\/11\/logo.jpg\",\"contentUrl\":\"https:\/\/luxpro.pt\/wp-content\/uploads\/2017\/11\/logo.jpg\",\"width\":150,\"height\":33,\"caption\":\"Tiago Amadeu Ferreira\"},\"logo\":{\"@id\":\"https:\/\/luxpro.pt\/es#\/schema\/person\/image\/\"}}]}<\/script>\n<!-- \/ Yoast SEO plugin. -->","yoast_head_json":{"title":"CONTACTOR 220V\/380V 50\/60Hz SC-18 GACIA","description":"CONTACTOR 220V\/380V 50\/60Hz SC-18 GACIA","robots":{"index":"index","follow":"follow","max-snippet":"max-snippet:-1","max-image-preview":"max-image-preview:large","max-video-preview":"max-video-preview:-1"},"canonical":"https:\/\/luxpro.pt\/es\/produto\/contactor-220v-380v-50-60hz-sc-18-gacia","og_locale":"es_ES","og_type":"article","og_title":"CONTACTOR 220V\/380V 50\/60Hz SC-18 GACIA","og_description":"CONTACTOR 220V\/380V 50\/60Hz SC-18 GACIA","og_url":"https:\/\/luxpro.pt\/es\/produto\/contactor-220v-380v-50-60hz-sc-18-gacia","og_site_name":"LuxPro","article_modified_time":"2022-09-14T22:35:25+00:00","og_image":[{"width":800,"height":800,"url":"https:\/\/luxpro.pt\/wp-content\/uploads\/2019\/06\/CONTACTOR-GACIA.jpg","type":"image\/jpeg"}],"twitter_card":"summary_large_image","schema":{"@context":"https:\/\/schema.org","@graph":[{"@type":"WebPage","@id":"https:\/\/luxpro.pt\/es\/produto\/contactor-220v-380v-50-60hz-sc-18-gacia","url":"https:\/\/luxpro.pt\/es\/produto\/contactor-220v-380v-50-60hz-sc-18-gacia","name":"CONTACTOR 220V\/380V 50\/60Hz SC-18 GACIA","isPartOf":{"@id":"https:\/\/luxpro.pt\/es#website"},"primaryImageOfPage":{"@id":"https:\/\/luxpro.pt\/es\/produto\/contactor-220v-380v-50-60hz-sc-18-gacia#primaryimage"},"image":{"@id":"https:\/\/luxpro.pt\/es\/produto\/contactor-220v-380v-50-60hz-sc-18-gacia#primaryimage"},"thumbnailUrl":"https:\/\/luxpro.pt\/wp-content\/uploads\/2019\/06\/CONTACTOR-GACIA.jpg","datePublished":"2019-12-09T11:54:56+00:00","dateModified":"2022-09-14T22:35:25+00:00","description":"CONTACTOR 220V\/380V 50\/60Hz SC-18 GACIA","breadcrumb":{"@id":"https:\/\/luxpro.pt\/es\/produto\/contactor-220v-380v-50-60hz-sc-18-gacia#breadcrumb"},"inLanguage":"es","potentialAction":[{"@type":"ReadAction","target":["https:\/\/luxpro.pt\/es\/produto\/contactor-220v-380v-50-60hz-sc-18-gacia"]}]},{"@type":"ImageObject","inLanguage":"es","@id":"https:\/\/luxpro.pt\/es\/produto\/contactor-220v-380v-50-60hz-sc-18-gacia#primaryimage","url":"https:\/\/luxpro.pt\/wp-content\/uploads\/2019\/06\/CONTACTOR-GACIA.jpg","contentUrl":"https:\/\/luxpro.pt\/wp-content\/uploads\/2019\/06\/CONTACTOR-GACIA.jpg","width":800,"height":800},{"@type":"BreadcrumbList","@id":"https:\/\/luxpro.pt\/es\/produto\/contactor-220v-380v-50-60hz-sc-18-gacia#breadcrumb","itemListElement":[{"@type":"ListItem","position":1,"name":"In\u00edcio","item":"https:\/\/luxpro.pt\/es"},{"@type":"ListItem","position":2,"name":"Loja","item":"https:\/\/luxpro.pt\/loja"},{"@type":"ListItem","position":3,"name":"CONTACTOR 220V\/380V 50\/60Hz SC-18 GACIA"}]},{"@type":"WebSite","@id":"https:\/\/luxpro.pt\/es#website","url":"https:\/\/luxpro.pt\/es","name":"LuxPro","description":"","publisher":{"@id":"https:\/\/luxpro.pt\/es#\/schema\/person\/2d1bed59a52ad49be71622bef025e341"},"potentialAction":[{"@type":"SearchAction","target":{"@type":"EntryPoint","urlTemplate":"https:\/\/luxpro.pt\/es?s={search_term_string}"},"query-input":{"@type":"PropertyValueSpecification","valueRequired":true,"valueName":"search_term_string"}}],"inLanguage":"es"},{"@type":["Person","Organization"],"@id":"https:\/\/luxpro.pt\/es#\/schema\/person\/2d1bed59a52ad49be71622bef025e341","name":"Tiago Amadeu Ferreira","image":{"@type":"ImageObject","inLanguage":"es","@id":"https:\/\/luxpro.pt\/es#\/schema\/person\/image\/","url":"https:\/\/luxpro.pt\/wp-content\/uploads\/2017\/11\/logo.jpg","contentUrl":"https:\/\/luxpro.pt\/wp-content\/uploads\/2017\/11\/logo.jpg","width":150,"height":33,"caption":"Tiago Amadeu Ferreira"},"logo":{"@id":"https:\/\/luxpro.pt\/es#\/schema\/person\/image\/"}}]}},"tiered_pricing_type":"fixed","tiered_pricing_fixed_rules":[],"tiered_pricing_product_settings":{"layout":"default","base_unit_name":{"singular":null,"plural":null},"default_variation":null},"tiered_pricing_minimum_quantity":null,"tiered_pricing_roles_data":[],"tiered_pricing_percentage_rules":[],"_links":{"self":[{"href":"https:\/\/luxpro.pt\/es\/wp-json\/wp\/v2\/product\/3908","targetHints":{"allow":["GET"]}}],"collection":[{"href":"https:\/\/luxpro.pt\/es\/wp-json\/wp\/v2\/product"}],"about":[{"href":"https:\/\/luxpro.pt\/es\/wp-json\/wp\/v2\/types\/product"}],"replies":[{"embeddable":true,"href":"https:\/\/luxpro.pt\/es\/wp-json\/wp\/v2\/comments?post=3908"}],"wp:featuredmedia":[{"embeddable":true,"href":"https:\/\/luxpro.pt\/es\/wp-json\/wp\/v2\/media\/2854"}],"wp:attachment":[{"href":"https:\/\/luxpro.pt\/es\/wp-json\/wp\/v2\/media?parent=3908"}],"wp:term":[{"taxonomy":"product_brand","embeddable":true,"href":"https:\/\/luxpro.pt\/es\/wp-json\/wp\/v2\/product_brand?post=3908"},{"taxonomy":"product_cat","embeddable":true,"href":"https:\/\/luxpro.pt\/es\/wp-json\/wp\/v2\/product_cat?post=3908"},{"taxonomy":"product_tag","embeddable":true,"href":"https:\/\/luxpro.pt\/es\/wp-json\/wp\/v2\/product_tag?post=3908"}],"curies":[{"name":"wp","href":"https:\/\/api.w.org\/{rel}","templated":true}]}}