{"id":3960,"date":"2019-12-12T12:35:23","date_gmt":"2019-12-12T12:35:23","guid":{"rendered":"https:\/\/luxpro.pt\/?post_type=product&#038;p=3960"},"modified":"2023-06-19T19:53:55","modified_gmt":"2023-06-19T18:53:55","slug":"ligadores-flexiveis-4mm-de-2-vias-100unid","status":"publish","type":"product","link":"https:\/\/luxpro.pt\/es\/produto\/ligadores-flexiveis-4mm-de-2-vias-100unid","title":{"rendered":"Ligador R\u00e1pido Flex\u00edvel 2 x 2,5mm (100 unidades)"},"content":{"rendered":"<p>Ligador R\u00e1pido Flex\u00edvel 2 x 2,5mm (100 unidades)<\/p>\n","protected":false},"excerpt":{"rendered":"<p>Ligador R\u00e1pido Flex\u00edvel 2 x 2,5mm (100 unidades)<\/p>\n","protected":false},"featured_media":3969,"comment_status":"open","ping_status":"closed","template":"","meta":[],"product_brand":[],"product_cat":[675],"product_tag":[],"class_list":{"0":"post-3960","1":"product","2":"type-product","3":"status-publish","4":"has-post-thumbnail","6":"product_cat-ligadores","8":"first","9":"instock","10":"taxable","11":"shipping-taxable","12":"purchasable","13":"product-type-simple"},"yoast_head":"<!-- This site is optimized with the Yoast SEO plugin v26.5 - https:\/\/yoast.com\/wordpress\/plugins\/seo\/ -->\n<title>LIGADORES FLEXIVEIS 4MM DE 2 VIAS (100UNID)<\/title>\n<meta name=\"description\" content=\"LIGADORES FLEXIVEIS 4MM DE 2 VIAS (100UNID)\" \/>\n<meta name=\"robots\" content=\"index, follow, max-snippet:-1, max-image-preview:large, max-video-preview:-1\" \/>\n<link rel=\"canonical\" href=\"https:\/\/luxpro.pt\/es\/produto\/ligadores-flexiveis-4mm-de-2-vias-100unid\" \/>\n<meta property=\"og:locale\" content=\"es_ES\" \/>\n<meta property=\"og:type\" content=\"article\" \/>\n<meta property=\"og:title\" content=\"LIGADORES FLEXIVEIS 4MM DE 2 VIAS (100UNID)\" \/>\n<meta property=\"og:description\" content=\"LIGADORES FLEXIVEIS 4MM DE 2 VIAS (100UNID)\" \/>\n<meta property=\"og:url\" content=\"https:\/\/luxpro.pt\/es\/produto\/ligadores-flexiveis-4mm-de-2-vias-100unid\" \/>\n<meta property=\"og:site_name\" content=\"LuxPro\" \/>\n<meta property=\"article:modified_time\" content=\"2023-06-19T18:53:55+00:00\" \/>\n<meta property=\"og:image\" content=\"https:\/\/luxpro.pt\/wp-content\/uploads\/2019\/12\/9001366.jpg\" \/>\n\t<meta property=\"og:image:width\" content=\"1024\" \/>\n\t<meta property=\"og:image:height\" content=\"1024\" \/>\n\t<meta property=\"og:image:type\" content=\"image\/jpeg\" \/>\n<meta name=\"twitter:card\" content=\"summary_large_image\" \/>\n<meta name=\"twitter:label1\" content=\"Tiempo de lectura\" \/>\n\t<meta name=\"twitter:data1\" content=\"1 minuto\" \/>\n<script type=\"application\/ld+json\" class=\"yoast-schema-graph\">{\"@context\":\"https:\/\/schema.org\",\"@graph\":[{\"@type\":\"WebPage\",\"@id\":\"https:\/\/luxpro.pt\/es\/produto\/ligadores-flexiveis-4mm-de-2-vias-100unid\",\"url\":\"https:\/\/luxpro.pt\/es\/produto\/ligadores-flexiveis-4mm-de-2-vias-100unid\",\"name\":\"LIGADORES FLEXIVEIS 4MM DE 2 VIAS (100UNID)\",\"isPartOf\":{\"@id\":\"https:\/\/luxpro.pt\/es#website\"},\"primaryImageOfPage\":{\"@id\":\"https:\/\/luxpro.pt\/es\/produto\/ligadores-flexiveis-4mm-de-2-vias-100unid#primaryimage\"},\"image\":{\"@id\":\"https:\/\/luxpro.pt\/es\/produto\/ligadores-flexiveis-4mm-de-2-vias-100unid#primaryimage\"},\"thumbnailUrl\":\"https:\/\/luxpro.pt\/wp-content\/uploads\/2019\/12\/9001366.jpg\",\"datePublished\":\"2019-12-12T12:35:23+00:00\",\"dateModified\":\"2023-06-19T18:53:55+00:00\",\"description\":\"LIGADORES FLEXIVEIS 4MM DE 2 VIAS (100UNID)\",\"breadcrumb\":{\"@id\":\"https:\/\/luxpro.pt\/es\/produto\/ligadores-flexiveis-4mm-de-2-vias-100unid#breadcrumb\"},\"inLanguage\":\"es\",\"potentialAction\":[{\"@type\":\"ReadAction\",\"target\":[\"https:\/\/luxpro.pt\/es\/produto\/ligadores-flexiveis-4mm-de-2-vias-100unid\"]}]},{\"@type\":\"ImageObject\",\"inLanguage\":\"es\",\"@id\":\"https:\/\/luxpro.pt\/es\/produto\/ligadores-flexiveis-4mm-de-2-vias-100unid#primaryimage\",\"url\":\"https:\/\/luxpro.pt\/wp-content\/uploads\/2019\/12\/9001366.jpg\",\"contentUrl\":\"https:\/\/luxpro.pt\/wp-content\/uploads\/2019\/12\/9001366.jpg\",\"width\":1024,\"height\":1024},{\"@type\":\"BreadcrumbList\",\"@id\":\"https:\/\/luxpro.pt\/es\/produto\/ligadores-flexiveis-4mm-de-2-vias-100unid#breadcrumb\",\"itemListElement\":[{\"@type\":\"ListItem\",\"position\":1,\"name\":\"In\u00edcio\",\"item\":\"https:\/\/luxpro.pt\/es\"},{\"@type\":\"ListItem\",\"position\":2,\"name\":\"Loja\",\"item\":\"https:\/\/luxpro.pt\/loja\"},{\"@type\":\"ListItem\",\"position\":3,\"name\":\"Ligador R\u00e1pido Flex\u00edvel 2 x 2,5mm (100 unidades)\"}]},{\"@type\":\"WebSite\",\"@id\":\"https:\/\/luxpro.pt\/es#website\",\"url\":\"https:\/\/luxpro.pt\/es\",\"name\":\"LuxPro\",\"description\":\"\",\"publisher\":{\"@id\":\"https:\/\/luxpro.pt\/es#\/schema\/person\/2d1bed59a52ad49be71622bef025e341\"},\"potentialAction\":[{\"@type\":\"SearchAction\",\"target\":{\"@type\":\"EntryPoint\",\"urlTemplate\":\"https:\/\/luxpro.pt\/es?s={search_term_string}\"},\"query-input\":{\"@type\":\"PropertyValueSpecification\",\"valueRequired\":true,\"valueName\":\"search_term_string\"}}],\"inLanguage\":\"es\"},{\"@type\":[\"Person\",\"Organization\"],\"@id\":\"https:\/\/luxpro.pt\/es#\/schema\/person\/2d1bed59a52ad49be71622bef025e341\",\"name\":\"Tiago Amadeu Ferreira\",\"image\":{\"@type\":\"ImageObject\",\"inLanguage\":\"es\",\"@id\":\"https:\/\/luxpro.pt\/es#\/schema\/person\/image\/\",\"url\":\"https:\/\/luxpro.pt\/wp-content\/uploads\/2017\/11\/logo.jpg\",\"contentUrl\":\"https:\/\/luxpro.pt\/wp-content\/uploads\/2017\/11\/logo.jpg\",\"width\":150,\"height\":33,\"caption\":\"Tiago Amadeu Ferreira\"},\"logo\":{\"@id\":\"https:\/\/luxpro.pt\/es#\/schema\/person\/image\/\"}}]}<\/script>\n<!-- \/ Yoast SEO plugin. -->","yoast_head_json":{"title":"LIGADORES FLEXIVEIS 4MM DE 2 VIAS (100UNID)","description":"LIGADORES FLEXIVEIS 4MM DE 2 VIAS (100UNID)","robots":{"index":"index","follow":"follow","max-snippet":"max-snippet:-1","max-image-preview":"max-image-preview:large","max-video-preview":"max-video-preview:-1"},"canonical":"https:\/\/luxpro.pt\/es\/produto\/ligadores-flexiveis-4mm-de-2-vias-100unid","og_locale":"es_ES","og_type":"article","og_title":"LIGADORES FLEXIVEIS 4MM DE 2 VIAS (100UNID)","og_description":"LIGADORES FLEXIVEIS 4MM DE 2 VIAS (100UNID)","og_url":"https:\/\/luxpro.pt\/es\/produto\/ligadores-flexiveis-4mm-de-2-vias-100unid","og_site_name":"LuxPro","article_modified_time":"2023-06-19T18:53:55+00:00","og_image":[{"width":1024,"height":1024,"url":"https:\/\/luxpro.pt\/wp-content\/uploads\/2019\/12\/9001366.jpg","type":"image\/jpeg"}],"twitter_card":"summary_large_image","twitter_misc":{"Tiempo de lectura":"1 minuto"},"schema":{"@context":"https:\/\/schema.org","@graph":[{"@type":"WebPage","@id":"https:\/\/luxpro.pt\/es\/produto\/ligadores-flexiveis-4mm-de-2-vias-100unid","url":"https:\/\/luxpro.pt\/es\/produto\/ligadores-flexiveis-4mm-de-2-vias-100unid","name":"LIGADORES FLEXIVEIS 4MM DE 2 VIAS (100UNID)","isPartOf":{"@id":"https:\/\/luxpro.pt\/es#website"},"primaryImageOfPage":{"@id":"https:\/\/luxpro.pt\/es\/produto\/ligadores-flexiveis-4mm-de-2-vias-100unid#primaryimage"},"image":{"@id":"https:\/\/luxpro.pt\/es\/produto\/ligadores-flexiveis-4mm-de-2-vias-100unid#primaryimage"},"thumbnailUrl":"https:\/\/luxpro.pt\/wp-content\/uploads\/2019\/12\/9001366.jpg","datePublished":"2019-12-12T12:35:23+00:00","dateModified":"2023-06-19T18:53:55+00:00","description":"LIGADORES FLEXIVEIS 4MM DE 2 VIAS (100UNID)","breadcrumb":{"@id":"https:\/\/luxpro.pt\/es\/produto\/ligadores-flexiveis-4mm-de-2-vias-100unid#breadcrumb"},"inLanguage":"es","potentialAction":[{"@type":"ReadAction","target":["https:\/\/luxpro.pt\/es\/produto\/ligadores-flexiveis-4mm-de-2-vias-100unid"]}]},{"@type":"ImageObject","inLanguage":"es","@id":"https:\/\/luxpro.pt\/es\/produto\/ligadores-flexiveis-4mm-de-2-vias-100unid#primaryimage","url":"https:\/\/luxpro.pt\/wp-content\/uploads\/2019\/12\/9001366.jpg","contentUrl":"https:\/\/luxpro.pt\/wp-content\/uploads\/2019\/12\/9001366.jpg","width":1024,"height":1024},{"@type":"BreadcrumbList","@id":"https:\/\/luxpro.pt\/es\/produto\/ligadores-flexiveis-4mm-de-2-vias-100unid#breadcrumb","itemListElement":[{"@type":"ListItem","position":1,"name":"In\u00edcio","item":"https:\/\/luxpro.pt\/es"},{"@type":"ListItem","position":2,"name":"Loja","item":"https:\/\/luxpro.pt\/loja"},{"@type":"ListItem","position":3,"name":"Ligador R\u00e1pido Flex\u00edvel 2 x 2,5mm (100 unidades)"}]},{"@type":"WebSite","@id":"https:\/\/luxpro.pt\/es#website","url":"https:\/\/luxpro.pt\/es","name":"LuxPro","description":"","publisher":{"@id":"https:\/\/luxpro.pt\/es#\/schema\/person\/2d1bed59a52ad49be71622bef025e341"},"potentialAction":[{"@type":"SearchAction","target":{"@type":"EntryPoint","urlTemplate":"https:\/\/luxpro.pt\/es?s={search_term_string}"},"query-input":{"@type":"PropertyValueSpecification","valueRequired":true,"valueName":"search_term_string"}}],"inLanguage":"es"},{"@type":["Person","Organization"],"@id":"https:\/\/luxpro.pt\/es#\/schema\/person\/2d1bed59a52ad49be71622bef025e341","name":"Tiago Amadeu Ferreira","image":{"@type":"ImageObject","inLanguage":"es","@id":"https:\/\/luxpro.pt\/es#\/schema\/person\/image\/","url":"https:\/\/luxpro.pt\/wp-content\/uploads\/2017\/11\/logo.jpg","contentUrl":"https:\/\/luxpro.pt\/wp-content\/uploads\/2017\/11\/logo.jpg","width":150,"height":33,"caption":"Tiago Amadeu Ferreira"},"logo":{"@id":"https:\/\/luxpro.pt\/es#\/schema\/person\/image\/"}}]}},"tiered_pricing_type":"fixed","tiered_pricing_fixed_rules":[],"tiered_pricing_product_settings":{"layout":"default","base_unit_name":{"singular":null,"plural":null},"default_variation":null},"tiered_pricing_minimum_quantity":null,"tiered_pricing_roles_data":[],"tiered_pricing_percentage_rules":[],"_links":{"self":[{"href":"https:\/\/luxpro.pt\/es\/wp-json\/wp\/v2\/product\/3960","targetHints":{"allow":["GET"]}}],"collection":[{"href":"https:\/\/luxpro.pt\/es\/wp-json\/wp\/v2\/product"}],"about":[{"href":"https:\/\/luxpro.pt\/es\/wp-json\/wp\/v2\/types\/product"}],"replies":[{"embeddable":true,"href":"https:\/\/luxpro.pt\/es\/wp-json\/wp\/v2\/comments?post=3960"}],"wp:featuredmedia":[{"embeddable":true,"href":"https:\/\/luxpro.pt\/es\/wp-json\/wp\/v2\/media\/3969"}],"wp:attachment":[{"href":"https:\/\/luxpro.pt\/es\/wp-json\/wp\/v2\/media?parent=3960"}],"wp:term":[{"taxonomy":"product_brand","embeddable":true,"href":"https:\/\/luxpro.pt\/es\/wp-json\/wp\/v2\/product_brand?post=3960"},{"taxonomy":"product_cat","embeddable":true,"href":"https:\/\/luxpro.pt\/es\/wp-json\/wp\/v2\/product_cat?post=3960"},{"taxonomy":"product_tag","embeddable":true,"href":"https:\/\/luxpro.pt\/es\/wp-json\/wp\/v2\/product_tag?post=3960"}],"curies":[{"name":"wp","href":"https:\/\/api.w.org\/{rel}","templated":true}]}}