{"id":4064,"date":"2019-12-19T17:09:28","date_gmt":"2019-12-19T17:09:28","guid":{"rendered":"https:\/\/luxpro.pt\/?post_type=product&#038;p=4064"},"modified":"2022-11-12T15:57:57","modified_gmt":"2022-11-12T15:57:57","slug":"ddbel","status":"publish","type":"product","link":"https:\/\/luxpro.pt\/es\/produto\/ddbel","title":{"rendered":"Aro de Encastrar + Difusor de bandeirola para embutir D-DBEL"},"content":{"rendered":"<p>Ref D-DBEL<\/p>\n<p>Equipamento de s\u00e9rie compat\u00edvel DUNNA.<\/p>\n<p>Feito en Policarbonato. Cor: Branco<\/p>\n<p>Dimens\u00f5es : 332x132x5 mm.<\/p>\n","protected":false},"excerpt":{"rendered":"<p>Ref D-DBEL Equipamento de s\u00e9rie compat\u00edvel DUNNA. Feito en Policarbonato. Cor: Branco Dimens\u00f5es : 332x132x5 mm.<\/p>\n","protected":false},"featured_media":4065,"comment_status":"open","ping_status":"closed","template":"","meta":[],"product_brand":[],"product_cat":[964,526],"product_tag":[1131,854,1381,835,839],"class_list":{"0":"post-4064","1":"product","2":"type-product","3":"status-publish","4":"has-post-thumbnail","6":"product_cat-dunna","7":"product_cat-armadura-de-emergencia","8":"product_tag-aro","9":"product_tag-bandeirola","10":"product_tag-dunna","11":"product_tag-emergencia","12":"product_tag-normalux","14":"first","15":"instock","16":"taxable","17":"shipping-taxable","18":"purchasable","19":"product-type-simple"},"yoast_head":"<!-- This site is optimized with the Yoast SEO plugin v26.5 - https:\/\/yoast.com\/wordpress\/plugins\/seo\/ -->\n<title>Aro de Encastrar + Difusor de bandeirola para embutir D-DBEL<\/title>\n<meta name=\"description\" content=\"Aro de encastrar mais difusor de bandeirola para armaduras de emerg\u00eancia Dunna. Feito em material de policarbonato de cor branca.\" \/>\n<meta name=\"robots\" content=\"index, follow, max-snippet:-1, max-image-preview:large, max-video-preview:-1\" \/>\n<link rel=\"canonical\" href=\"https:\/\/luxpro.pt\/es\/produto\/ddbel\" \/>\n<meta property=\"og:locale\" content=\"es_ES\" \/>\n<meta property=\"og:type\" content=\"article\" \/>\n<meta property=\"og:title\" content=\"Aro de Encastrar + Difusor de bandeirola para embutir D-DBEL\" \/>\n<meta property=\"og:description\" content=\"Aro de encastrar mais difusor de bandeirola para armaduras de emerg\u00eancia Dunna. Feito em material de policarbonato de cor branca.\" \/>\n<meta property=\"og:url\" content=\"https:\/\/luxpro.pt\/es\/produto\/ddbel\" \/>\n<meta property=\"og:site_name\" content=\"LuxPro\" \/>\n<meta property=\"article:modified_time\" content=\"2022-11-12T15:57:57+00:00\" \/>\n<meta property=\"og:image\" content=\"https:\/\/luxpro.pt\/wp-content\/uploads\/2019\/12\/d_dbel_ft.jpg\" \/>\n\t<meta property=\"og:image:width\" content=\"500\" \/>\n\t<meta property=\"og:image:height\" content=\"500\" \/>\n\t<meta property=\"og:image:type\" content=\"image\/jpeg\" \/>\n<meta name=\"twitter:card\" content=\"summary_large_image\" \/>\n<meta name=\"twitter:label1\" content=\"Tiempo de lectura\" \/>\n\t<meta name=\"twitter:data1\" content=\"1 minuto\" \/>\n<script type=\"application\/ld+json\" class=\"yoast-schema-graph\">{\"@context\":\"https:\/\/schema.org\",\"@graph\":[{\"@type\":\"WebPage\",\"@id\":\"https:\/\/luxpro.pt\/es\/produto\/ddbel\",\"url\":\"https:\/\/luxpro.pt\/es\/produto\/ddbel\",\"name\":\"Aro de Encastrar + Difusor de bandeirola para embutir D-DBEL\",\"isPartOf\":{\"@id\":\"https:\/\/luxpro.pt\/es#website\"},\"primaryImageOfPage\":{\"@id\":\"https:\/\/luxpro.pt\/es\/produto\/ddbel#primaryimage\"},\"image\":{\"@id\":\"https:\/\/luxpro.pt\/es\/produto\/ddbel#primaryimage\"},\"thumbnailUrl\":\"https:\/\/luxpro.pt\/wp-content\/uploads\/2019\/12\/d_dbel_ft.jpg\",\"datePublished\":\"2019-12-19T17:09:28+00:00\",\"dateModified\":\"2022-11-12T15:57:57+00:00\",\"description\":\"Aro de encastrar mais difusor de bandeirola para armaduras de emerg\u00eancia Dunna. Feito em material de policarbonato de cor branca.\",\"breadcrumb\":{\"@id\":\"https:\/\/luxpro.pt\/es\/produto\/ddbel#breadcrumb\"},\"inLanguage\":\"es\",\"potentialAction\":[{\"@type\":\"ReadAction\",\"target\":[\"https:\/\/luxpro.pt\/es\/produto\/ddbel\"]}]},{\"@type\":\"ImageObject\",\"inLanguage\":\"es\",\"@id\":\"https:\/\/luxpro.pt\/es\/produto\/ddbel#primaryimage\",\"url\":\"https:\/\/luxpro.pt\/wp-content\/uploads\/2019\/12\/d_dbel_ft.jpg\",\"contentUrl\":\"https:\/\/luxpro.pt\/wp-content\/uploads\/2019\/12\/d_dbel_ft.jpg\",\"width\":500,\"height\":500},{\"@type\":\"BreadcrumbList\",\"@id\":\"https:\/\/luxpro.pt\/es\/produto\/ddbel#breadcrumb\",\"itemListElement\":[{\"@type\":\"ListItem\",\"position\":1,\"name\":\"In\u00edcio\",\"item\":\"https:\/\/luxpro.pt\/es\"},{\"@type\":\"ListItem\",\"position\":2,\"name\":\"Loja\",\"item\":\"https:\/\/luxpro.pt\/loja\"},{\"@type\":\"ListItem\",\"position\":3,\"name\":\"Aro de Encastrar + Difusor de bandeirola para embutir D-DBEL\"}]},{\"@type\":\"WebSite\",\"@id\":\"https:\/\/luxpro.pt\/es#website\",\"url\":\"https:\/\/luxpro.pt\/es\",\"name\":\"LuxPro\",\"description\":\"\",\"publisher\":{\"@id\":\"https:\/\/luxpro.pt\/es#\/schema\/person\/2d1bed59a52ad49be71622bef025e341\"},\"potentialAction\":[{\"@type\":\"SearchAction\",\"target\":{\"@type\":\"EntryPoint\",\"urlTemplate\":\"https:\/\/luxpro.pt\/es?s={search_term_string}\"},\"query-input\":{\"@type\":\"PropertyValueSpecification\",\"valueRequired\":true,\"valueName\":\"search_term_string\"}}],\"inLanguage\":\"es\"},{\"@type\":[\"Person\",\"Organization\"],\"@id\":\"https:\/\/luxpro.pt\/es#\/schema\/person\/2d1bed59a52ad49be71622bef025e341\",\"name\":\"Tiago Amadeu Ferreira\",\"image\":{\"@type\":\"ImageObject\",\"inLanguage\":\"es\",\"@id\":\"https:\/\/luxpro.pt\/es#\/schema\/person\/image\/\",\"url\":\"https:\/\/luxpro.pt\/wp-content\/uploads\/2017\/11\/logo.jpg\",\"contentUrl\":\"https:\/\/luxpro.pt\/wp-content\/uploads\/2017\/11\/logo.jpg\",\"width\":150,\"height\":33,\"caption\":\"Tiago Amadeu Ferreira\"},\"logo\":{\"@id\":\"https:\/\/luxpro.pt\/es#\/schema\/person\/image\/\"}}]}<\/script>\n<!-- \/ Yoast SEO plugin. -->","yoast_head_json":{"title":"Aro de Encastrar + Difusor de bandeirola para embutir D-DBEL","description":"Aro de encastrar mais difusor de bandeirola para armaduras de emerg\u00eancia Dunna. Feito em material de policarbonato de cor branca.","robots":{"index":"index","follow":"follow","max-snippet":"max-snippet:-1","max-image-preview":"max-image-preview:large","max-video-preview":"max-video-preview:-1"},"canonical":"https:\/\/luxpro.pt\/es\/produto\/ddbel","og_locale":"es_ES","og_type":"article","og_title":"Aro de Encastrar + Difusor de bandeirola para embutir D-DBEL","og_description":"Aro de encastrar mais difusor de bandeirola para armaduras de emerg\u00eancia Dunna. Feito em material de policarbonato de cor branca.","og_url":"https:\/\/luxpro.pt\/es\/produto\/ddbel","og_site_name":"LuxPro","article_modified_time":"2022-11-12T15:57:57+00:00","og_image":[{"width":500,"height":500,"url":"https:\/\/luxpro.pt\/wp-content\/uploads\/2019\/12\/d_dbel_ft.jpg","type":"image\/jpeg"}],"twitter_card":"summary_large_image","twitter_misc":{"Tiempo de lectura":"1 minuto"},"schema":{"@context":"https:\/\/schema.org","@graph":[{"@type":"WebPage","@id":"https:\/\/luxpro.pt\/es\/produto\/ddbel","url":"https:\/\/luxpro.pt\/es\/produto\/ddbel","name":"Aro de Encastrar + Difusor de bandeirola para embutir D-DBEL","isPartOf":{"@id":"https:\/\/luxpro.pt\/es#website"},"primaryImageOfPage":{"@id":"https:\/\/luxpro.pt\/es\/produto\/ddbel#primaryimage"},"image":{"@id":"https:\/\/luxpro.pt\/es\/produto\/ddbel#primaryimage"},"thumbnailUrl":"https:\/\/luxpro.pt\/wp-content\/uploads\/2019\/12\/d_dbel_ft.jpg","datePublished":"2019-12-19T17:09:28+00:00","dateModified":"2022-11-12T15:57:57+00:00","description":"Aro de encastrar mais difusor de bandeirola para armaduras de emerg\u00eancia Dunna. Feito em material de policarbonato de cor branca.","breadcrumb":{"@id":"https:\/\/luxpro.pt\/es\/produto\/ddbel#breadcrumb"},"inLanguage":"es","potentialAction":[{"@type":"ReadAction","target":["https:\/\/luxpro.pt\/es\/produto\/ddbel"]}]},{"@type":"ImageObject","inLanguage":"es","@id":"https:\/\/luxpro.pt\/es\/produto\/ddbel#primaryimage","url":"https:\/\/luxpro.pt\/wp-content\/uploads\/2019\/12\/d_dbel_ft.jpg","contentUrl":"https:\/\/luxpro.pt\/wp-content\/uploads\/2019\/12\/d_dbel_ft.jpg","width":500,"height":500},{"@type":"BreadcrumbList","@id":"https:\/\/luxpro.pt\/es\/produto\/ddbel#breadcrumb","itemListElement":[{"@type":"ListItem","position":1,"name":"In\u00edcio","item":"https:\/\/luxpro.pt\/es"},{"@type":"ListItem","position":2,"name":"Loja","item":"https:\/\/luxpro.pt\/loja"},{"@type":"ListItem","position":3,"name":"Aro de Encastrar + Difusor de bandeirola para embutir D-DBEL"}]},{"@type":"WebSite","@id":"https:\/\/luxpro.pt\/es#website","url":"https:\/\/luxpro.pt\/es","name":"LuxPro","description":"","publisher":{"@id":"https:\/\/luxpro.pt\/es#\/schema\/person\/2d1bed59a52ad49be71622bef025e341"},"potentialAction":[{"@type":"SearchAction","target":{"@type":"EntryPoint","urlTemplate":"https:\/\/luxpro.pt\/es?s={search_term_string}"},"query-input":{"@type":"PropertyValueSpecification","valueRequired":true,"valueName":"search_term_string"}}],"inLanguage":"es"},{"@type":["Person","Organization"],"@id":"https:\/\/luxpro.pt\/es#\/schema\/person\/2d1bed59a52ad49be71622bef025e341","name":"Tiago Amadeu Ferreira","image":{"@type":"ImageObject","inLanguage":"es","@id":"https:\/\/luxpro.pt\/es#\/schema\/person\/image\/","url":"https:\/\/luxpro.pt\/wp-content\/uploads\/2017\/11\/logo.jpg","contentUrl":"https:\/\/luxpro.pt\/wp-content\/uploads\/2017\/11\/logo.jpg","width":150,"height":33,"caption":"Tiago Amadeu Ferreira"},"logo":{"@id":"https:\/\/luxpro.pt\/es#\/schema\/person\/image\/"}}]}},"tiered_pricing_type":"fixed","tiered_pricing_fixed_rules":[],"tiered_pricing_product_settings":{"layout":"default","base_unit_name":{"singular":null,"plural":null},"default_variation":null},"tiered_pricing_minimum_quantity":null,"tiered_pricing_roles_data":[],"tiered_pricing_percentage_rules":[],"_links":{"self":[{"href":"https:\/\/luxpro.pt\/es\/wp-json\/wp\/v2\/product\/4064","targetHints":{"allow":["GET"]}}],"collection":[{"href":"https:\/\/luxpro.pt\/es\/wp-json\/wp\/v2\/product"}],"about":[{"href":"https:\/\/luxpro.pt\/es\/wp-json\/wp\/v2\/types\/product"}],"replies":[{"embeddable":true,"href":"https:\/\/luxpro.pt\/es\/wp-json\/wp\/v2\/comments?post=4064"}],"wp:featuredmedia":[{"embeddable":true,"href":"https:\/\/luxpro.pt\/es\/wp-json\/wp\/v2\/media\/4065"}],"wp:attachment":[{"href":"https:\/\/luxpro.pt\/es\/wp-json\/wp\/v2\/media?parent=4064"}],"wp:term":[{"taxonomy":"product_brand","embeddable":true,"href":"https:\/\/luxpro.pt\/es\/wp-json\/wp\/v2\/product_brand?post=4064"},{"taxonomy":"product_cat","embeddable":true,"href":"https:\/\/luxpro.pt\/es\/wp-json\/wp\/v2\/product_cat?post=4064"},{"taxonomy":"product_tag","embeddable":true,"href":"https:\/\/luxpro.pt\/es\/wp-json\/wp\/v2\/product_tag?post=4064"}],"curies":[{"name":"wp","href":"https:\/\/api.w.org\/{rel}","templated":true}]}}