{"id":432,"date":"2018-09-04T10:48:25","date_gmt":"2018-09-04T10:48:25","guid":{"rendered":"https:\/\/luxpro.pt\/produto\/aplique-de-parede-para-iluminacao-interior-cunha-350mm-frlcunha\/"},"modified":"2025-11-12T11:55:14","modified_gmt":"2025-11-12T11:55:14","slug":"aplique-de-parede-para-iluminacao-interior-cunha-350mm-frlcunha","status":"publish","type":"product","link":"https:\/\/luxpro.pt\/es\/produto\/aplique-de-parede-para-iluminacao-interior-cunha-350mm-frlcunha","title":{"rendered":"Aplique de Parede Cunha 350mm 12W LED"},"content":{"rendered":"<ul>\n<li>Corpo em Chapa lacado<\/li>\n<li>Acabamento em cor branco<\/li>\n<li>1 placa de led 280mm 500mA total 12W 2172 lumens<\/li>\n<li>cor da luz : 3000k dispon\u00edvel em 2700, 4000k ,6500k<\/li>\n<li>Fixa\u00e7\u00e3o da aplique em parede<\/li>\n<li>Alimenta\u00e7\u00e3o 230v 50\/60hz<\/li>\n<\/ul>\n","protected":false},"excerpt":{"rendered":"<p>Corpo em Chapa lacado Acabamento em cor branco 1 placa de led 280mm 500mA total 12W 2172 lumens cor da luz : 3000k dispon\u00edvel em 2700, 4000k ,6500k Fixa\u00e7\u00e3o da aplique em parede Alimenta\u00e7\u00e3o 230v 50\/60hz<\/p>\n","protected":false},"featured_media":433,"comment_status":"closed","ping_status":"closed","template":"","meta":[],"product_brand":[],"product_cat":[1530],"product_tag":[1301,1461,772,1274,798,1902],"class_list":{"0":"post-432","1":"product","2":"type-product","3":"status-publish","4":"has-post-thumbnail","6":"product_cat-apliques-de-parede-interior","7":"product_tag-aplique","8":"product_tag-cunha","9":"product_tag-design","10":"product_tag-frl","11":"product_tag-led","12":"product_tag-luz-indireta","13":"pa_cor-branco","14":"pa_medida-mm-a170xl350xp120mm","15":"pa_material-de-fabrico-aluminio","16":"pa_acabamento-branco-2","17":"pa_potencia-admissivel-12w","18":"pa_tensao-de-entrada-230-240v-50hz","19":"pa_grau-de-protecao-ip24","20":"pa_grau-de-isolamento-classe-i","22":"first","23":"instock","24":"taxable","25":"shipping-taxable","26":"purchasable","27":"product-type-simple"},"yoast_head":"<!-- This site is optimized with the Yoast SEO plugin v26.5 - https:\/\/yoast.com\/wordpress\/plugins\/seo\/ -->\n<title>Aplique de Parede Cunha 350mm 12W LED - LuxPro<\/title>\n<meta name=\"description\" content=\"Corpo em Chapa lacado Acabamento em cor branco 1 placa de led 280mm 500mA total 12W 2172 lumens cor da luz : 3000k dispon\u00edvel em 2700, 4000k ,6500k\" \/>\n<meta name=\"robots\" content=\"index, follow, max-snippet:-1, max-image-preview:large, max-video-preview:-1\" \/>\n<link rel=\"canonical\" href=\"https:\/\/luxpro.pt\/es\/produto\/aplique-de-parede-para-iluminacao-interior-cunha-350mm-frlcunha\" \/>\n<meta property=\"og:locale\" content=\"es_ES\" \/>\n<meta property=\"og:type\" content=\"article\" \/>\n<meta property=\"og:title\" content=\"Aplique de Parede Cunha 350mm 12W LED - LuxPro\" \/>\n<meta property=\"og:description\" content=\"Corpo em Chapa lacado Acabamento em cor branco 1 placa de led 280mm 500mA total 12W 2172 lumens cor da luz : 3000k dispon\u00edvel em 2700, 4000k ,6500k\" \/>\n<meta property=\"og:url\" content=\"https:\/\/luxpro.pt\/es\/produto\/aplique-de-parede-para-iluminacao-interior-cunha-350mm-frlcunha\" \/>\n<meta property=\"og:site_name\" content=\"LuxPro\" \/>\n<meta property=\"article:modified_time\" content=\"2025-11-12T11:55:14+00:00\" \/>\n<meta property=\"og:image\" content=\"https:\/\/luxpro.pt\/wp-content\/uploads\/2018\/09\/CUNHA.jpg\" \/>\n\t<meta property=\"og:image:width\" content=\"1000\" \/>\n\t<meta property=\"og:image:height\" content=\"1000\" \/>\n\t<meta property=\"og:image:type\" content=\"image\/jpeg\" \/>\n<meta name=\"twitter:card\" content=\"summary_large_image\" \/>\n<meta name=\"twitter:label1\" content=\"Tiempo de lectura\" \/>\n\t<meta name=\"twitter:data1\" content=\"1 minuto\" \/>\n<script type=\"application\/ld+json\" class=\"yoast-schema-graph\">{\"@context\":\"https:\/\/schema.org\",\"@graph\":[{\"@type\":\"WebPage\",\"@id\":\"https:\/\/luxpro.pt\/es\/produto\/aplique-de-parede-para-iluminacao-interior-cunha-350mm-frlcunha\",\"url\":\"https:\/\/luxpro.pt\/es\/produto\/aplique-de-parede-para-iluminacao-interior-cunha-350mm-frlcunha\",\"name\":\"Aplique de Parede Cunha 350mm 12W LED - LuxPro\",\"isPartOf\":{\"@id\":\"https:\/\/luxpro.pt\/es#website\"},\"primaryImageOfPage\":{\"@id\":\"https:\/\/luxpro.pt\/es\/produto\/aplique-de-parede-para-iluminacao-interior-cunha-350mm-frlcunha#primaryimage\"},\"image\":{\"@id\":\"https:\/\/luxpro.pt\/es\/produto\/aplique-de-parede-para-iluminacao-interior-cunha-350mm-frlcunha#primaryimage\"},\"thumbnailUrl\":\"https:\/\/luxpro.pt\/wp-content\/uploads\/2018\/09\/CUNHA.jpg\",\"datePublished\":\"2018-09-04T10:48:25+00:00\",\"dateModified\":\"2025-11-12T11:55:14+00:00\",\"description\":\"Corpo em Chapa lacado Acabamento em cor branco 1 placa de led 280mm 500mA total 12W 2172 lumens cor da luz : 3000k dispon\u00edvel em 2700, 4000k ,6500k\",\"breadcrumb\":{\"@id\":\"https:\/\/luxpro.pt\/es\/produto\/aplique-de-parede-para-iluminacao-interior-cunha-350mm-frlcunha#breadcrumb\"},\"inLanguage\":\"es\",\"potentialAction\":[{\"@type\":\"ReadAction\",\"target\":[\"https:\/\/luxpro.pt\/es\/produto\/aplique-de-parede-para-iluminacao-interior-cunha-350mm-frlcunha\"]}]},{\"@type\":\"ImageObject\",\"inLanguage\":\"es\",\"@id\":\"https:\/\/luxpro.pt\/es\/produto\/aplique-de-parede-para-iluminacao-interior-cunha-350mm-frlcunha#primaryimage\",\"url\":\"https:\/\/luxpro.pt\/wp-content\/uploads\/2018\/09\/CUNHA.jpg\",\"contentUrl\":\"https:\/\/luxpro.pt\/wp-content\/uploads\/2018\/09\/CUNHA.jpg\",\"width\":1000,\"height\":1000},{\"@type\":\"BreadcrumbList\",\"@id\":\"https:\/\/luxpro.pt\/es\/produto\/aplique-de-parede-para-iluminacao-interior-cunha-350mm-frlcunha#breadcrumb\",\"itemListElement\":[{\"@type\":\"ListItem\",\"position\":1,\"name\":\"In\u00edcio\",\"item\":\"https:\/\/luxpro.pt\/es\"},{\"@type\":\"ListItem\",\"position\":2,\"name\":\"Loja\",\"item\":\"https:\/\/luxpro.pt\/loja\"},{\"@type\":\"ListItem\",\"position\":3,\"name\":\"Aplique de Parede Cunha 350mm 12W LED\"}]},{\"@type\":\"WebSite\",\"@id\":\"https:\/\/luxpro.pt\/es#website\",\"url\":\"https:\/\/luxpro.pt\/es\",\"name\":\"LuxPro\",\"description\":\"\",\"publisher\":{\"@id\":\"https:\/\/luxpro.pt\/es#\/schema\/person\/2d1bed59a52ad49be71622bef025e341\"},\"potentialAction\":[{\"@type\":\"SearchAction\",\"target\":{\"@type\":\"EntryPoint\",\"urlTemplate\":\"https:\/\/luxpro.pt\/es?s={search_term_string}\"},\"query-input\":{\"@type\":\"PropertyValueSpecification\",\"valueRequired\":true,\"valueName\":\"search_term_string\"}}],\"inLanguage\":\"es\"},{\"@type\":[\"Person\",\"Organization\"],\"@id\":\"https:\/\/luxpro.pt\/es#\/schema\/person\/2d1bed59a52ad49be71622bef025e341\",\"name\":\"Tiago Amadeu Ferreira\",\"image\":{\"@type\":\"ImageObject\",\"inLanguage\":\"es\",\"@id\":\"https:\/\/luxpro.pt\/es#\/schema\/person\/image\/\",\"url\":\"https:\/\/luxpro.pt\/wp-content\/uploads\/2017\/11\/logo.jpg\",\"contentUrl\":\"https:\/\/luxpro.pt\/wp-content\/uploads\/2017\/11\/logo.jpg\",\"width\":150,\"height\":33,\"caption\":\"Tiago Amadeu Ferreira\"},\"logo\":{\"@id\":\"https:\/\/luxpro.pt\/es#\/schema\/person\/image\/\"}}]}<\/script>\n<!-- \/ Yoast SEO plugin. -->","yoast_head_json":{"title":"Aplique de Parede Cunha 350mm 12W LED - LuxPro","description":"Corpo em Chapa lacado Acabamento em cor branco 1 placa de led 280mm 500mA total 12W 2172 lumens cor da luz : 3000k dispon\u00edvel em 2700, 4000k ,6500k","robots":{"index":"index","follow":"follow","max-snippet":"max-snippet:-1","max-image-preview":"max-image-preview:large","max-video-preview":"max-video-preview:-1"},"canonical":"https:\/\/luxpro.pt\/es\/produto\/aplique-de-parede-para-iluminacao-interior-cunha-350mm-frlcunha","og_locale":"es_ES","og_type":"article","og_title":"Aplique de Parede Cunha 350mm 12W LED - LuxPro","og_description":"Corpo em Chapa lacado Acabamento em cor branco 1 placa de led 280mm 500mA total 12W 2172 lumens cor da luz : 3000k dispon\u00edvel em 2700, 4000k ,6500k","og_url":"https:\/\/luxpro.pt\/es\/produto\/aplique-de-parede-para-iluminacao-interior-cunha-350mm-frlcunha","og_site_name":"LuxPro","article_modified_time":"2025-11-12T11:55:14+00:00","og_image":[{"width":1000,"height":1000,"url":"https:\/\/luxpro.pt\/wp-content\/uploads\/2018\/09\/CUNHA.jpg","type":"image\/jpeg"}],"twitter_card":"summary_large_image","twitter_misc":{"Tiempo de lectura":"1 minuto"},"schema":{"@context":"https:\/\/schema.org","@graph":[{"@type":"WebPage","@id":"https:\/\/luxpro.pt\/es\/produto\/aplique-de-parede-para-iluminacao-interior-cunha-350mm-frlcunha","url":"https:\/\/luxpro.pt\/es\/produto\/aplique-de-parede-para-iluminacao-interior-cunha-350mm-frlcunha","name":"Aplique de Parede Cunha 350mm 12W LED - LuxPro","isPartOf":{"@id":"https:\/\/luxpro.pt\/es#website"},"primaryImageOfPage":{"@id":"https:\/\/luxpro.pt\/es\/produto\/aplique-de-parede-para-iluminacao-interior-cunha-350mm-frlcunha#primaryimage"},"image":{"@id":"https:\/\/luxpro.pt\/es\/produto\/aplique-de-parede-para-iluminacao-interior-cunha-350mm-frlcunha#primaryimage"},"thumbnailUrl":"https:\/\/luxpro.pt\/wp-content\/uploads\/2018\/09\/CUNHA.jpg","datePublished":"2018-09-04T10:48:25+00:00","dateModified":"2025-11-12T11:55:14+00:00","description":"Corpo em Chapa lacado Acabamento em cor branco 1 placa de led 280mm 500mA total 12W 2172 lumens cor da luz : 3000k dispon\u00edvel em 2700, 4000k ,6500k","breadcrumb":{"@id":"https:\/\/luxpro.pt\/es\/produto\/aplique-de-parede-para-iluminacao-interior-cunha-350mm-frlcunha#breadcrumb"},"inLanguage":"es","potentialAction":[{"@type":"ReadAction","target":["https:\/\/luxpro.pt\/es\/produto\/aplique-de-parede-para-iluminacao-interior-cunha-350mm-frlcunha"]}]},{"@type":"ImageObject","inLanguage":"es","@id":"https:\/\/luxpro.pt\/es\/produto\/aplique-de-parede-para-iluminacao-interior-cunha-350mm-frlcunha#primaryimage","url":"https:\/\/luxpro.pt\/wp-content\/uploads\/2018\/09\/CUNHA.jpg","contentUrl":"https:\/\/luxpro.pt\/wp-content\/uploads\/2018\/09\/CUNHA.jpg","width":1000,"height":1000},{"@type":"BreadcrumbList","@id":"https:\/\/luxpro.pt\/es\/produto\/aplique-de-parede-para-iluminacao-interior-cunha-350mm-frlcunha#breadcrumb","itemListElement":[{"@type":"ListItem","position":1,"name":"In\u00edcio","item":"https:\/\/luxpro.pt\/es"},{"@type":"ListItem","position":2,"name":"Loja","item":"https:\/\/luxpro.pt\/loja"},{"@type":"ListItem","position":3,"name":"Aplique de Parede Cunha 350mm 12W LED"}]},{"@type":"WebSite","@id":"https:\/\/luxpro.pt\/es#website","url":"https:\/\/luxpro.pt\/es","name":"LuxPro","description":"","publisher":{"@id":"https:\/\/luxpro.pt\/es#\/schema\/person\/2d1bed59a52ad49be71622bef025e341"},"potentialAction":[{"@type":"SearchAction","target":{"@type":"EntryPoint","urlTemplate":"https:\/\/luxpro.pt\/es?s={search_term_string}"},"query-input":{"@type":"PropertyValueSpecification","valueRequired":true,"valueName":"search_term_string"}}],"inLanguage":"es"},{"@type":["Person","Organization"],"@id":"https:\/\/luxpro.pt\/es#\/schema\/person\/2d1bed59a52ad49be71622bef025e341","name":"Tiago Amadeu Ferreira","image":{"@type":"ImageObject","inLanguage":"es","@id":"https:\/\/luxpro.pt\/es#\/schema\/person\/image\/","url":"https:\/\/luxpro.pt\/wp-content\/uploads\/2017\/11\/logo.jpg","contentUrl":"https:\/\/luxpro.pt\/wp-content\/uploads\/2017\/11\/logo.jpg","width":150,"height":33,"caption":"Tiago Amadeu Ferreira"},"logo":{"@id":"https:\/\/luxpro.pt\/es#\/schema\/person\/image\/"}}]}},"tiered_pricing_type":"fixed","tiered_pricing_fixed_rules":[],"tiered_pricing_product_settings":{"layout":"default","base_unit_name":{"singular":null,"plural":null},"default_variation":null},"tiered_pricing_minimum_quantity":null,"tiered_pricing_roles_data":[],"tiered_pricing_percentage_rules":[],"_links":{"self":[{"href":"https:\/\/luxpro.pt\/es\/wp-json\/wp\/v2\/product\/432","targetHints":{"allow":["GET"]}}],"collection":[{"href":"https:\/\/luxpro.pt\/es\/wp-json\/wp\/v2\/product"}],"about":[{"href":"https:\/\/luxpro.pt\/es\/wp-json\/wp\/v2\/types\/product"}],"replies":[{"embeddable":true,"href":"https:\/\/luxpro.pt\/es\/wp-json\/wp\/v2\/comments?post=432"}],"wp:featuredmedia":[{"embeddable":true,"href":"https:\/\/luxpro.pt\/es\/wp-json\/wp\/v2\/media\/433"}],"wp:attachment":[{"href":"https:\/\/luxpro.pt\/es\/wp-json\/wp\/v2\/media?parent=432"}],"wp:term":[{"taxonomy":"product_brand","embeddable":true,"href":"https:\/\/luxpro.pt\/es\/wp-json\/wp\/v2\/product_brand?post=432"},{"taxonomy":"product_cat","embeddable":true,"href":"https:\/\/luxpro.pt\/es\/wp-json\/wp\/v2\/product_cat?post=432"},{"taxonomy":"product_tag","embeddable":true,"href":"https:\/\/luxpro.pt\/es\/wp-json\/wp\/v2\/product_tag?post=432"}],"curies":[{"name":"wp","href":"https:\/\/api.w.org\/{rel}","templated":true}]}}