{"id":4406,"date":"2020-01-15T15:16:28","date_gmt":"2020-01-15T15:16:28","guid":{"rendered":"https:\/\/luxpro.pt\/?post_type=product&#038;p=4406"},"modified":"2022-09-14T22:41:36","modified_gmt":"2022-09-14T22:41:36","slug":"minicontactor-tetrapolar-4na-ac-12a-maxge","status":"publish","type":"product","link":"https:\/\/luxpro.pt\/es\/produto\/minicontactor-tetrapolar-4na-ac-12a-maxge","title":{"rendered":"MINICONTACTOR TETRAPOLAR CORRENTE ALTERNADA (4NA) AC MAXGE"},"content":{"rendered":"<ul>\n<li>Tens\u00e3o de opera\u00e7\u00e3o: 500VAC (50 \/ 60Hz)<\/li>\n<li>Padr\u00e3o internacional IEC60947-4<\/li>\n<li>Conex\u00e3o a parafuso<\/li>\n<li>Montagem em carril<\/li>\n<\/ul>\n","protected":false},"excerpt":{"rendered":"<p>Tens\u00e3o de opera\u00e7\u00e3o: 500VAC (50 \/ 60Hz) Padr\u00e3o internacional IEC60947-4 Conex\u00e3o a parafuso Montagem em carril<\/p>\n","protected":false},"featured_media":4456,"comment_status":"open","ping_status":"closed","template":"","meta":[],"product_brand":[],"product_cat":[671],"product_tag":[1184,1527],"class_list":{"0":"post-4406","1":"product","2":"type-product","3":"status-publish","4":"has-post-thumbnail","6":"product_cat-contactores","7":"product_tag-contactor","8":"product_tag-mini-contactor","9":"pa_amperes-12a","10":"pa_amperes-9a","11":"pa_tensao-de-entrada-230v","12":"pa_tensao-de-entrada-400v","14":"first","15":"instock","16":"taxable","17":"shipping-taxable","18":"purchasable","19":"product-type-variable"},"yoast_head":"<!-- This site is optimized with the Yoast SEO plugin v26.5 - https:\/\/yoast.com\/wordpress\/plugins\/seo\/ -->\n<title>MINICONTACTOR TETRAPOLAR (4NA) AC 12A MAXGE<\/title>\n<meta name=\"description\" content=\"MINICONTACTOR TETRAPOLAR (4NA) AC 12A MAXGE\" \/>\n<meta name=\"robots\" content=\"index, follow, max-snippet:-1, max-image-preview:large, max-video-preview:-1\" \/>\n<link rel=\"canonical\" href=\"https:\/\/luxpro.pt\/es\/produto\/minicontactor-tetrapolar-4na-ac-12a-maxge\" \/>\n<meta property=\"og:locale\" content=\"es_ES\" \/>\n<meta property=\"og:type\" content=\"article\" \/>\n<meta property=\"og:title\" content=\"MINICONTACTOR TETRAPOLAR (4NA) AC 12A MAXGE\" \/>\n<meta property=\"og:description\" content=\"MINICONTACTOR TETRAPOLAR (4NA) AC 12A MAXGE\" \/>\n<meta property=\"og:url\" content=\"https:\/\/luxpro.pt\/es\/produto\/minicontactor-tetrapolar-4na-ac-12a-maxge\" \/>\n<meta property=\"og:site_name\" content=\"LuxPro\" \/>\n<meta property=\"article:modified_time\" content=\"2022-09-14T22:41:36+00:00\" \/>\n<meta property=\"og:image\" content=\"https:\/\/luxpro.pt\/wp-content\/uploads\/2020\/01\/Minicontactor-e1579104819221.png\" \/>\n\t<meta property=\"og:image:width\" content=\"800\" \/>\n\t<meta property=\"og:image:height\" content=\"800\" \/>\n\t<meta property=\"og:image:type\" content=\"image\/png\" \/>\n<meta name=\"twitter:card\" content=\"summary_large_image\" \/>\n<script type=\"application\/ld+json\" class=\"yoast-schema-graph\">{\"@context\":\"https:\/\/schema.org\",\"@graph\":[{\"@type\":\"WebPage\",\"@id\":\"https:\/\/luxpro.pt\/es\/produto\/minicontactor-tetrapolar-4na-ac-12a-maxge\",\"url\":\"https:\/\/luxpro.pt\/es\/produto\/minicontactor-tetrapolar-4na-ac-12a-maxge\",\"name\":\"MINICONTACTOR TETRAPOLAR (4NA) AC 12A MAXGE\",\"isPartOf\":{\"@id\":\"https:\/\/luxpro.pt\/es#website\"},\"primaryImageOfPage\":{\"@id\":\"https:\/\/luxpro.pt\/es\/produto\/minicontactor-tetrapolar-4na-ac-12a-maxge#primaryimage\"},\"image\":{\"@id\":\"https:\/\/luxpro.pt\/es\/produto\/minicontactor-tetrapolar-4na-ac-12a-maxge#primaryimage\"},\"thumbnailUrl\":\"https:\/\/luxpro.pt\/wp-content\/uploads\/2020\/01\/Minicontactor-e1579104819221.png\",\"datePublished\":\"2020-01-15T15:16:28+00:00\",\"dateModified\":\"2022-09-14T22:41:36+00:00\",\"description\":\"MINICONTACTOR TETRAPOLAR (4NA) AC 12A MAXGE\",\"breadcrumb\":{\"@id\":\"https:\/\/luxpro.pt\/es\/produto\/minicontactor-tetrapolar-4na-ac-12a-maxge#breadcrumb\"},\"inLanguage\":\"es\",\"potentialAction\":[{\"@type\":\"ReadAction\",\"target\":[\"https:\/\/luxpro.pt\/es\/produto\/minicontactor-tetrapolar-4na-ac-12a-maxge\"]}]},{\"@type\":\"ImageObject\",\"inLanguage\":\"es\",\"@id\":\"https:\/\/luxpro.pt\/es\/produto\/minicontactor-tetrapolar-4na-ac-12a-maxge#primaryimage\",\"url\":\"https:\/\/luxpro.pt\/wp-content\/uploads\/2020\/01\/Minicontactor-e1579104819221.png\",\"contentUrl\":\"https:\/\/luxpro.pt\/wp-content\/uploads\/2020\/01\/Minicontactor-e1579104819221.png\",\"width\":800,\"height\":800},{\"@type\":\"BreadcrumbList\",\"@id\":\"https:\/\/luxpro.pt\/es\/produto\/minicontactor-tetrapolar-4na-ac-12a-maxge#breadcrumb\",\"itemListElement\":[{\"@type\":\"ListItem\",\"position\":1,\"name\":\"In\u00edcio\",\"item\":\"https:\/\/luxpro.pt\/es\"},{\"@type\":\"ListItem\",\"position\":2,\"name\":\"Loja\",\"item\":\"https:\/\/luxpro.pt\/loja\"},{\"@type\":\"ListItem\",\"position\":3,\"name\":\"MINICONTACTOR TETRAPOLAR CORRENTE ALTERNADA (4NA) AC MAXGE\"}]},{\"@type\":\"WebSite\",\"@id\":\"https:\/\/luxpro.pt\/es#website\",\"url\":\"https:\/\/luxpro.pt\/es\",\"name\":\"LuxPro\",\"description\":\"\",\"publisher\":{\"@id\":\"https:\/\/luxpro.pt\/es#\/schema\/person\/2d1bed59a52ad49be71622bef025e341\"},\"potentialAction\":[{\"@type\":\"SearchAction\",\"target\":{\"@type\":\"EntryPoint\",\"urlTemplate\":\"https:\/\/luxpro.pt\/es?s={search_term_string}\"},\"query-input\":{\"@type\":\"PropertyValueSpecification\",\"valueRequired\":true,\"valueName\":\"search_term_string\"}}],\"inLanguage\":\"es\"},{\"@type\":[\"Person\",\"Organization\"],\"@id\":\"https:\/\/luxpro.pt\/es#\/schema\/person\/2d1bed59a52ad49be71622bef025e341\",\"name\":\"Tiago Amadeu Ferreira\",\"image\":{\"@type\":\"ImageObject\",\"inLanguage\":\"es\",\"@id\":\"https:\/\/luxpro.pt\/es#\/schema\/person\/image\/\",\"url\":\"https:\/\/luxpro.pt\/wp-content\/uploads\/2017\/11\/logo.jpg\",\"contentUrl\":\"https:\/\/luxpro.pt\/wp-content\/uploads\/2017\/11\/logo.jpg\",\"width\":150,\"height\":33,\"caption\":\"Tiago Amadeu Ferreira\"},\"logo\":{\"@id\":\"https:\/\/luxpro.pt\/es#\/schema\/person\/image\/\"}}]}<\/script>\n<!-- \/ Yoast SEO plugin. -->","yoast_head_json":{"title":"MINICONTACTOR TETRAPOLAR (4NA) AC 12A MAXGE","description":"MINICONTACTOR TETRAPOLAR (4NA) AC 12A MAXGE","robots":{"index":"index","follow":"follow","max-snippet":"max-snippet:-1","max-image-preview":"max-image-preview:large","max-video-preview":"max-video-preview:-1"},"canonical":"https:\/\/luxpro.pt\/es\/produto\/minicontactor-tetrapolar-4na-ac-12a-maxge","og_locale":"es_ES","og_type":"article","og_title":"MINICONTACTOR TETRAPOLAR (4NA) AC 12A MAXGE","og_description":"MINICONTACTOR TETRAPOLAR (4NA) AC 12A MAXGE","og_url":"https:\/\/luxpro.pt\/es\/produto\/minicontactor-tetrapolar-4na-ac-12a-maxge","og_site_name":"LuxPro","article_modified_time":"2022-09-14T22:41:36+00:00","og_image":[{"width":800,"height":800,"url":"https:\/\/luxpro.pt\/wp-content\/uploads\/2020\/01\/Minicontactor-e1579104819221.png","type":"image\/png"}],"twitter_card":"summary_large_image","schema":{"@context":"https:\/\/schema.org","@graph":[{"@type":"WebPage","@id":"https:\/\/luxpro.pt\/es\/produto\/minicontactor-tetrapolar-4na-ac-12a-maxge","url":"https:\/\/luxpro.pt\/es\/produto\/minicontactor-tetrapolar-4na-ac-12a-maxge","name":"MINICONTACTOR TETRAPOLAR (4NA) AC 12A MAXGE","isPartOf":{"@id":"https:\/\/luxpro.pt\/es#website"},"primaryImageOfPage":{"@id":"https:\/\/luxpro.pt\/es\/produto\/minicontactor-tetrapolar-4na-ac-12a-maxge#primaryimage"},"image":{"@id":"https:\/\/luxpro.pt\/es\/produto\/minicontactor-tetrapolar-4na-ac-12a-maxge#primaryimage"},"thumbnailUrl":"https:\/\/luxpro.pt\/wp-content\/uploads\/2020\/01\/Minicontactor-e1579104819221.png","datePublished":"2020-01-15T15:16:28+00:00","dateModified":"2022-09-14T22:41:36+00:00","description":"MINICONTACTOR TETRAPOLAR (4NA) AC 12A MAXGE","breadcrumb":{"@id":"https:\/\/luxpro.pt\/es\/produto\/minicontactor-tetrapolar-4na-ac-12a-maxge#breadcrumb"},"inLanguage":"es","potentialAction":[{"@type":"ReadAction","target":["https:\/\/luxpro.pt\/es\/produto\/minicontactor-tetrapolar-4na-ac-12a-maxge"]}]},{"@type":"ImageObject","inLanguage":"es","@id":"https:\/\/luxpro.pt\/es\/produto\/minicontactor-tetrapolar-4na-ac-12a-maxge#primaryimage","url":"https:\/\/luxpro.pt\/wp-content\/uploads\/2020\/01\/Minicontactor-e1579104819221.png","contentUrl":"https:\/\/luxpro.pt\/wp-content\/uploads\/2020\/01\/Minicontactor-e1579104819221.png","width":800,"height":800},{"@type":"BreadcrumbList","@id":"https:\/\/luxpro.pt\/es\/produto\/minicontactor-tetrapolar-4na-ac-12a-maxge#breadcrumb","itemListElement":[{"@type":"ListItem","position":1,"name":"In\u00edcio","item":"https:\/\/luxpro.pt\/es"},{"@type":"ListItem","position":2,"name":"Loja","item":"https:\/\/luxpro.pt\/loja"},{"@type":"ListItem","position":3,"name":"MINICONTACTOR TETRAPOLAR CORRENTE ALTERNADA (4NA) AC MAXGE"}]},{"@type":"WebSite","@id":"https:\/\/luxpro.pt\/es#website","url":"https:\/\/luxpro.pt\/es","name":"LuxPro","description":"","publisher":{"@id":"https:\/\/luxpro.pt\/es#\/schema\/person\/2d1bed59a52ad49be71622bef025e341"},"potentialAction":[{"@type":"SearchAction","target":{"@type":"EntryPoint","urlTemplate":"https:\/\/luxpro.pt\/es?s={search_term_string}"},"query-input":{"@type":"PropertyValueSpecification","valueRequired":true,"valueName":"search_term_string"}}],"inLanguage":"es"},{"@type":["Person","Organization"],"@id":"https:\/\/luxpro.pt\/es#\/schema\/person\/2d1bed59a52ad49be71622bef025e341","name":"Tiago Amadeu Ferreira","image":{"@type":"ImageObject","inLanguage":"es","@id":"https:\/\/luxpro.pt\/es#\/schema\/person\/image\/","url":"https:\/\/luxpro.pt\/wp-content\/uploads\/2017\/11\/logo.jpg","contentUrl":"https:\/\/luxpro.pt\/wp-content\/uploads\/2017\/11\/logo.jpg","width":150,"height":33,"caption":"Tiago Amadeu Ferreira"},"logo":{"@id":"https:\/\/luxpro.pt\/es#\/schema\/person\/image\/"}}]}},"tiered_pricing_type":"fixed","tiered_pricing_fixed_rules":[],"tiered_pricing_product_settings":{"layout":"default","base_unit_name":{"singular":null,"plural":null},"default_variation":null},"tiered_pricing_minimum_quantity":null,"tiered_pricing_roles_data":[],"tiered_pricing_percentage_rules":[],"_links":{"self":[{"href":"https:\/\/luxpro.pt\/es\/wp-json\/wp\/v2\/product\/4406","targetHints":{"allow":["GET"]}}],"collection":[{"href":"https:\/\/luxpro.pt\/es\/wp-json\/wp\/v2\/product"}],"about":[{"href":"https:\/\/luxpro.pt\/es\/wp-json\/wp\/v2\/types\/product"}],"replies":[{"embeddable":true,"href":"https:\/\/luxpro.pt\/es\/wp-json\/wp\/v2\/comments?post=4406"}],"wp:featuredmedia":[{"embeddable":true,"href":"https:\/\/luxpro.pt\/es\/wp-json\/wp\/v2\/media\/4456"}],"wp:attachment":[{"href":"https:\/\/luxpro.pt\/es\/wp-json\/wp\/v2\/media?parent=4406"}],"wp:term":[{"taxonomy":"product_brand","embeddable":true,"href":"https:\/\/luxpro.pt\/es\/wp-json\/wp\/v2\/product_brand?post=4406"},{"taxonomy":"product_cat","embeddable":true,"href":"https:\/\/luxpro.pt\/es\/wp-json\/wp\/v2\/product_cat?post=4406"},{"taxonomy":"product_tag","embeddable":true,"href":"https:\/\/luxpro.pt\/es\/wp-json\/wp\/v2\/product_tag?post=4406"}],"curies":[{"name":"wp","href":"https:\/\/api.w.org\/{rel}","templated":true}]}}