{"id":4623,"date":"2020-02-21T12:09:22","date_gmt":"2020-02-21T12:09:22","guid":{"rendered":"https:\/\/luxpro.pt\/?post_type=product&#038;p=4623"},"modified":"2020-02-21T12:09:23","modified_gmt":"2020-02-21T12:09:23","slug":"interruptor-alavanca-3-posicoes-on-off-on-15a","status":"publish","type":"product","link":"https:\/\/luxpro.pt\/es\/produto\/interruptor-alavanca-3-posicoes-on-off-on-15a","title":{"rendered":"Interruptor Alavanca 3 POSI\u00c7\u00d5ES ON-OFF-ON  15A"},"content":{"rendered":"<p>Posi\u00e7\u00f5es: 3<br \/>\nMedidas da base: 32.2 x 19.8 x 19 mm<br \/>\nComprimento da alavanca: 17.5mm<br \/>\nResist\u00eancia de contacto max.: 50mOhm<br \/>\nCorrente max: 10A\/125VAC<\/p>\n","protected":false},"excerpt":{"rendered":"<p>Posi\u00e7\u00f5es: 3 Medidas da base: 32.2 x 19.8 x 19 mm Comprimento da alavanca: 17.5mm Resist\u00eancia de contacto max.: 50mOhm Corrente max: 10A\/125VAC<\/p>\n","protected":false},"featured_media":4624,"comment_status":"open","ping_status":"closed","template":"","meta":[],"product_brand":[],"product_cat":[28],"product_tag":[],"class_list":{"0":"post-4623","1":"product","2":"type-product","3":"status-publish","4":"has-post-thumbnail","6":"product_cat-componentes-electricos-e-industriais","8":"first","9":"instock","10":"taxable","11":"shipping-taxable","12":"purchasable","13":"product-type-simple"},"yoast_head":"<!-- This site is optimized with the Yoast SEO plugin v26.5 - https:\/\/yoast.com\/wordpress\/plugins\/seo\/ -->\n<title>Interruptor Alavanca 3 POSI\u00c7\u00d5ES ON-OFF-ON 15A - LuxPro<\/title>\n<meta name=\"description\" content=\"Posi\u00e7\u00f5es: 3 Medidas da base: 32.2 x 19.8 x 19 mm Comprimento da alavanca: 17.5mm Resist\u00eancia de contacto max.: 50mOhm Corrente max: 10A\/125VAC\" \/>\n<meta name=\"robots\" content=\"index, follow, max-snippet:-1, max-image-preview:large, max-video-preview:-1\" \/>\n<link rel=\"canonical\" href=\"https:\/\/luxpro.pt\/es\/produto\/interruptor-alavanca-3-posicoes-on-off-on-15a\" \/>\n<meta property=\"og:locale\" content=\"es_ES\" \/>\n<meta property=\"og:type\" content=\"article\" \/>\n<meta property=\"og:title\" content=\"Interruptor Alavanca 3 POSI\u00c7\u00d5ES ON-OFF-ON 15A - LuxPro\" \/>\n<meta property=\"og:description\" content=\"Posi\u00e7\u00f5es: 3 Medidas da base: 32.2 x 19.8 x 19 mm Comprimento da alavanca: 17.5mm Resist\u00eancia de contacto max.: 50mOhm Corrente max: 10A\/125VAC\" \/>\n<meta property=\"og:url\" content=\"https:\/\/luxpro.pt\/es\/produto\/interruptor-alavanca-3-posicoes-on-off-on-15a\" \/>\n<meta property=\"og:site_name\" content=\"LuxPro\" \/>\n<meta property=\"article:modified_time\" content=\"2020-02-21T12:09:23+00:00\" \/>\n<meta property=\"og:image\" content=\"https:\/\/luxpro.pt\/wp-content\/uploads\/2020\/02\/it22gr32.jpg\" \/>\n\t<meta property=\"og:image:width\" content=\"600\" \/>\n\t<meta property=\"og:image:height\" content=\"451\" \/>\n\t<meta property=\"og:image:type\" content=\"image\/jpeg\" \/>\n<meta name=\"twitter:card\" content=\"summary_large_image\" \/>\n<script type=\"application\/ld+json\" class=\"yoast-schema-graph\">{\"@context\":\"https:\/\/schema.org\",\"@graph\":[{\"@type\":\"WebPage\",\"@id\":\"https:\/\/luxpro.pt\/es\/produto\/interruptor-alavanca-3-posicoes-on-off-on-15a\",\"url\":\"https:\/\/luxpro.pt\/es\/produto\/interruptor-alavanca-3-posicoes-on-off-on-15a\",\"name\":\"Interruptor Alavanca 3 POSI\u00c7\u00d5ES ON-OFF-ON 15A - LuxPro\",\"isPartOf\":{\"@id\":\"https:\/\/luxpro.pt\/es#website\"},\"primaryImageOfPage\":{\"@id\":\"https:\/\/luxpro.pt\/es\/produto\/interruptor-alavanca-3-posicoes-on-off-on-15a#primaryimage\"},\"image\":{\"@id\":\"https:\/\/luxpro.pt\/es\/produto\/interruptor-alavanca-3-posicoes-on-off-on-15a#primaryimage\"},\"thumbnailUrl\":\"https:\/\/luxpro.pt\/wp-content\/uploads\/2020\/02\/it22gr32.jpg\",\"datePublished\":\"2020-02-21T12:09:22+00:00\",\"dateModified\":\"2020-02-21T12:09:23+00:00\",\"description\":\"Posi\u00e7\u00f5es: 3 Medidas da base: 32.2 x 19.8 x 19 mm Comprimento da alavanca: 17.5mm Resist\u00eancia de contacto max.: 50mOhm Corrente max: 10A\/125VAC\",\"breadcrumb\":{\"@id\":\"https:\/\/luxpro.pt\/es\/produto\/interruptor-alavanca-3-posicoes-on-off-on-15a#breadcrumb\"},\"inLanguage\":\"es\",\"potentialAction\":[{\"@type\":\"ReadAction\",\"target\":[\"https:\/\/luxpro.pt\/es\/produto\/interruptor-alavanca-3-posicoes-on-off-on-15a\"]}]},{\"@type\":\"ImageObject\",\"inLanguage\":\"es\",\"@id\":\"https:\/\/luxpro.pt\/es\/produto\/interruptor-alavanca-3-posicoes-on-off-on-15a#primaryimage\",\"url\":\"https:\/\/luxpro.pt\/wp-content\/uploads\/2020\/02\/it22gr32.jpg\",\"contentUrl\":\"https:\/\/luxpro.pt\/wp-content\/uploads\/2020\/02\/it22gr32.jpg\",\"width\":600,\"height\":451},{\"@type\":\"BreadcrumbList\",\"@id\":\"https:\/\/luxpro.pt\/es\/produto\/interruptor-alavanca-3-posicoes-on-off-on-15a#breadcrumb\",\"itemListElement\":[{\"@type\":\"ListItem\",\"position\":1,\"name\":\"In\u00edcio\",\"item\":\"https:\/\/luxpro.pt\/es\"},{\"@type\":\"ListItem\",\"position\":2,\"name\":\"Loja\",\"item\":\"https:\/\/luxpro.pt\/loja\"},{\"@type\":\"ListItem\",\"position\":3,\"name\":\"Interruptor Alavanca 3 POSI\u00c7\u00d5ES ON-OFF-ON 15A\"}]},{\"@type\":\"WebSite\",\"@id\":\"https:\/\/luxpro.pt\/es#website\",\"url\":\"https:\/\/luxpro.pt\/es\",\"name\":\"LuxPro\",\"description\":\"\",\"publisher\":{\"@id\":\"https:\/\/luxpro.pt\/es#\/schema\/person\/2d1bed59a52ad49be71622bef025e341\"},\"potentialAction\":[{\"@type\":\"SearchAction\",\"target\":{\"@type\":\"EntryPoint\",\"urlTemplate\":\"https:\/\/luxpro.pt\/es?s={search_term_string}\"},\"query-input\":{\"@type\":\"PropertyValueSpecification\",\"valueRequired\":true,\"valueName\":\"search_term_string\"}}],\"inLanguage\":\"es\"},{\"@type\":[\"Person\",\"Organization\"],\"@id\":\"https:\/\/luxpro.pt\/es#\/schema\/person\/2d1bed59a52ad49be71622bef025e341\",\"name\":\"Tiago Amadeu Ferreira\",\"image\":{\"@type\":\"ImageObject\",\"inLanguage\":\"es\",\"@id\":\"https:\/\/luxpro.pt\/es#\/schema\/person\/image\/\",\"url\":\"https:\/\/luxpro.pt\/wp-content\/uploads\/2017\/11\/logo.jpg\",\"contentUrl\":\"https:\/\/luxpro.pt\/wp-content\/uploads\/2017\/11\/logo.jpg\",\"width\":150,\"height\":33,\"caption\":\"Tiago Amadeu Ferreira\"},\"logo\":{\"@id\":\"https:\/\/luxpro.pt\/es#\/schema\/person\/image\/\"}}]}<\/script>\n<!-- \/ Yoast SEO plugin. -->","yoast_head_json":{"title":"Interruptor Alavanca 3 POSI\u00c7\u00d5ES ON-OFF-ON 15A - LuxPro","description":"Posi\u00e7\u00f5es: 3 Medidas da base: 32.2 x 19.8 x 19 mm Comprimento da alavanca: 17.5mm Resist\u00eancia de contacto max.: 50mOhm Corrente max: 10A\/125VAC","robots":{"index":"index","follow":"follow","max-snippet":"max-snippet:-1","max-image-preview":"max-image-preview:large","max-video-preview":"max-video-preview:-1"},"canonical":"https:\/\/luxpro.pt\/es\/produto\/interruptor-alavanca-3-posicoes-on-off-on-15a","og_locale":"es_ES","og_type":"article","og_title":"Interruptor Alavanca 3 POSI\u00c7\u00d5ES ON-OFF-ON 15A - LuxPro","og_description":"Posi\u00e7\u00f5es: 3 Medidas da base: 32.2 x 19.8 x 19 mm Comprimento da alavanca: 17.5mm Resist\u00eancia de contacto max.: 50mOhm Corrente max: 10A\/125VAC","og_url":"https:\/\/luxpro.pt\/es\/produto\/interruptor-alavanca-3-posicoes-on-off-on-15a","og_site_name":"LuxPro","article_modified_time":"2020-02-21T12:09:23+00:00","og_image":[{"width":600,"height":451,"url":"https:\/\/luxpro.pt\/wp-content\/uploads\/2020\/02\/it22gr32.jpg","type":"image\/jpeg"}],"twitter_card":"summary_large_image","schema":{"@context":"https:\/\/schema.org","@graph":[{"@type":"WebPage","@id":"https:\/\/luxpro.pt\/es\/produto\/interruptor-alavanca-3-posicoes-on-off-on-15a","url":"https:\/\/luxpro.pt\/es\/produto\/interruptor-alavanca-3-posicoes-on-off-on-15a","name":"Interruptor Alavanca 3 POSI\u00c7\u00d5ES ON-OFF-ON 15A - LuxPro","isPartOf":{"@id":"https:\/\/luxpro.pt\/es#website"},"primaryImageOfPage":{"@id":"https:\/\/luxpro.pt\/es\/produto\/interruptor-alavanca-3-posicoes-on-off-on-15a#primaryimage"},"image":{"@id":"https:\/\/luxpro.pt\/es\/produto\/interruptor-alavanca-3-posicoes-on-off-on-15a#primaryimage"},"thumbnailUrl":"https:\/\/luxpro.pt\/wp-content\/uploads\/2020\/02\/it22gr32.jpg","datePublished":"2020-02-21T12:09:22+00:00","dateModified":"2020-02-21T12:09:23+00:00","description":"Posi\u00e7\u00f5es: 3 Medidas da base: 32.2 x 19.8 x 19 mm Comprimento da alavanca: 17.5mm Resist\u00eancia de contacto max.: 50mOhm Corrente max: 10A\/125VAC","breadcrumb":{"@id":"https:\/\/luxpro.pt\/es\/produto\/interruptor-alavanca-3-posicoes-on-off-on-15a#breadcrumb"},"inLanguage":"es","potentialAction":[{"@type":"ReadAction","target":["https:\/\/luxpro.pt\/es\/produto\/interruptor-alavanca-3-posicoes-on-off-on-15a"]}]},{"@type":"ImageObject","inLanguage":"es","@id":"https:\/\/luxpro.pt\/es\/produto\/interruptor-alavanca-3-posicoes-on-off-on-15a#primaryimage","url":"https:\/\/luxpro.pt\/wp-content\/uploads\/2020\/02\/it22gr32.jpg","contentUrl":"https:\/\/luxpro.pt\/wp-content\/uploads\/2020\/02\/it22gr32.jpg","width":600,"height":451},{"@type":"BreadcrumbList","@id":"https:\/\/luxpro.pt\/es\/produto\/interruptor-alavanca-3-posicoes-on-off-on-15a#breadcrumb","itemListElement":[{"@type":"ListItem","position":1,"name":"In\u00edcio","item":"https:\/\/luxpro.pt\/es"},{"@type":"ListItem","position":2,"name":"Loja","item":"https:\/\/luxpro.pt\/loja"},{"@type":"ListItem","position":3,"name":"Interruptor Alavanca 3 POSI\u00c7\u00d5ES ON-OFF-ON 15A"}]},{"@type":"WebSite","@id":"https:\/\/luxpro.pt\/es#website","url":"https:\/\/luxpro.pt\/es","name":"LuxPro","description":"","publisher":{"@id":"https:\/\/luxpro.pt\/es#\/schema\/person\/2d1bed59a52ad49be71622bef025e341"},"potentialAction":[{"@type":"SearchAction","target":{"@type":"EntryPoint","urlTemplate":"https:\/\/luxpro.pt\/es?s={search_term_string}"},"query-input":{"@type":"PropertyValueSpecification","valueRequired":true,"valueName":"search_term_string"}}],"inLanguage":"es"},{"@type":["Person","Organization"],"@id":"https:\/\/luxpro.pt\/es#\/schema\/person\/2d1bed59a52ad49be71622bef025e341","name":"Tiago Amadeu Ferreira","image":{"@type":"ImageObject","inLanguage":"es","@id":"https:\/\/luxpro.pt\/es#\/schema\/person\/image\/","url":"https:\/\/luxpro.pt\/wp-content\/uploads\/2017\/11\/logo.jpg","contentUrl":"https:\/\/luxpro.pt\/wp-content\/uploads\/2017\/11\/logo.jpg","width":150,"height":33,"caption":"Tiago Amadeu Ferreira"},"logo":{"@id":"https:\/\/luxpro.pt\/es#\/schema\/person\/image\/"}}]}},"tiered_pricing_type":"fixed","tiered_pricing_fixed_rules":[],"tiered_pricing_product_settings":{"layout":"default","base_unit_name":{"singular":null,"plural":null},"default_variation":null},"tiered_pricing_minimum_quantity":null,"tiered_pricing_roles_data":[],"tiered_pricing_percentage_rules":[],"_links":{"self":[{"href":"https:\/\/luxpro.pt\/es\/wp-json\/wp\/v2\/product\/4623","targetHints":{"allow":["GET"]}}],"collection":[{"href":"https:\/\/luxpro.pt\/es\/wp-json\/wp\/v2\/product"}],"about":[{"href":"https:\/\/luxpro.pt\/es\/wp-json\/wp\/v2\/types\/product"}],"replies":[{"embeddable":true,"href":"https:\/\/luxpro.pt\/es\/wp-json\/wp\/v2\/comments?post=4623"}],"wp:featuredmedia":[{"embeddable":true,"href":"https:\/\/luxpro.pt\/es\/wp-json\/wp\/v2\/media\/4624"}],"wp:attachment":[{"href":"https:\/\/luxpro.pt\/es\/wp-json\/wp\/v2\/media?parent=4623"}],"wp:term":[{"taxonomy":"product_brand","embeddable":true,"href":"https:\/\/luxpro.pt\/es\/wp-json\/wp\/v2\/product_brand?post=4623"},{"taxonomy":"product_cat","embeddable":true,"href":"https:\/\/luxpro.pt\/es\/wp-json\/wp\/v2\/product_cat?post=4623"},{"taxonomy":"product_tag","embeddable":true,"href":"https:\/\/luxpro.pt\/es\/wp-json\/wp\/v2\/product_tag?post=4623"}],"curies":[{"name":"wp","href":"https:\/\/api.w.org\/{rel}","templated":true}]}}