{"id":5733,"date":"2020-09-23T15:38:28","date_gmt":"2020-09-23T15:38:28","guid":{"rendered":"https:\/\/luxpro.pt\/?post_type=product&#038;p=5733"},"modified":"2024-03-28T22:01:13","modified_gmt":"2024-03-28T22:01:13","slug":"monitor-tekna-90-color","status":"publish","type":"product","link":"https:\/\/luxpro.pt\/es\/produto\/monitor-tekna-90-color","title":{"rendered":"Monitor TEKNA 90 TE Golmar"},"content":{"rendered":"<ul>\n<li>Monitor exclusivo para substitui\u00e7\u00e3o de monitores Shiner 90. Instala\u00e7\u00e3o digital de 3 fios + cabo coaxial ou CAT5.<\/li>\n<li>Caixa em pl\u00e1stico ABS branco RAL9003. Tela colorida TFT LCD de 3,5 \u201d.<\/li>\n<li>Ajustes de brilho e cor.<\/li>\n<li>Cabo telef\u00f4nico do fone de ouvido remov\u00edvel atrav\u00e9s de conectores.<\/li>\n<li>Instala\u00e7\u00e3o de superf\u00edcie usando r\u00e9gua de terminais<\/li>\n<\/ul>\n","protected":false},"excerpt":{"rendered":"<p>Monitor exclusivo para substitui\u00e7\u00e3o de monitores Shiner 90. Instala\u00e7\u00e3o digital de 3 fios + cabo coaxial ou CAT5. Caixa em pl\u00e1stico ABS branco RAL9003. Tela colorida TFT LCD de 3,5 \u201d. Ajustes de brilho e cor. Cabo telef\u00f4nico do fone de ouvido remov\u00edvel atrav\u00e9s de conectores. Instala\u00e7\u00e3o de superf\u00edcie usando r\u00e9gua de terminais<\/p>\n","protected":false},"featured_media":5734,"comment_status":"open","ping_status":"closed","template":"","meta":[],"product_brand":[],"product_cat":[662],"product_tag":[781,782,751,783,784,786,785],"class_list":{"0":"post-5733","1":"product","2":"type-product","3":"status-publish","4":"has-post-thumbnail","6":"product_cat-monitores","7":"product_tag-golmar","8":"product_tag-monitor","9":"product_tag-suporte","10":"product_tag-tekna","11":"product_tag-tekna90","12":"product_tag-video","13":"product_tag-videoporteiro","14":"pa_dimensoes-dimensoes-208-l-x-220-a-x-54-p-mm","16":"first","17":"instock","18":"taxable","19":"shipping-taxable","20":"purchasable","21":"product-type-simple"},"yoast_head":"<!-- This site is optimized with the Yoast SEO plugin v26.5 - https:\/\/yoast.com\/wordpress\/plugins\/seo\/ -->\n<title>Monitor TEKNA 90 TE Golmar<\/title>\n<meta name=\"description\" content=\"Monitor exclusivo para substitui\u00e7\u00e3o de monitores Shiner 90. Instala\u00e7\u00e3o digital de 3 fios + cabo coaxial ou CAT5. Caixa em pl\u00e1stico ABS branco RAL9003.\" \/>\n<meta name=\"robots\" content=\"index, follow, max-snippet:-1, max-image-preview:large, max-video-preview:-1\" \/>\n<link rel=\"canonical\" href=\"https:\/\/luxpro.pt\/es\/produto\/monitor-tekna-90-color\" \/>\n<meta property=\"og:locale\" content=\"es_ES\" \/>\n<meta property=\"og:type\" content=\"article\" \/>\n<meta property=\"og:title\" content=\"Monitor TEKNA 90 TE Golmar\" \/>\n<meta property=\"og:description\" content=\"Monitor exclusivo para substitui\u00e7\u00e3o de monitores Shiner 90. Instala\u00e7\u00e3o digital de 3 fios + cabo coaxial ou CAT5. Caixa em pl\u00e1stico ABS branco RAL9003.\" \/>\n<meta property=\"og:url\" content=\"https:\/\/luxpro.pt\/es\/produto\/monitor-tekna-90-color\" \/>\n<meta property=\"og:site_name\" content=\"LuxPro\" \/>\n<meta property=\"article:modified_time\" content=\"2024-03-28T22:01:13+00:00\" \/>\n<meta property=\"og:image\" content=\"https:\/\/luxpro.pt\/wp-content\/uploads\/2020\/09\/TEKNA-90.jpg\" \/>\n\t<meta property=\"og:image:width\" content=\"800\" \/>\n\t<meta property=\"og:image:height\" content=\"800\" \/>\n\t<meta property=\"og:image:type\" content=\"image\/jpeg\" \/>\n<meta name=\"twitter:card\" content=\"summary_large_image\" \/>\n<meta name=\"twitter:label1\" content=\"Tiempo de lectura\" \/>\n\t<meta name=\"twitter:data1\" content=\"1 minuto\" \/>\n<script type=\"application\/ld+json\" class=\"yoast-schema-graph\">{\"@context\":\"https:\/\/schema.org\",\"@graph\":[{\"@type\":\"WebPage\",\"@id\":\"https:\/\/luxpro.pt\/es\/produto\/monitor-tekna-90-color\",\"url\":\"https:\/\/luxpro.pt\/es\/produto\/monitor-tekna-90-color\",\"name\":\"Monitor TEKNA 90 TE Golmar\",\"isPartOf\":{\"@id\":\"https:\/\/luxpro.pt\/es#website\"},\"primaryImageOfPage\":{\"@id\":\"https:\/\/luxpro.pt\/es\/produto\/monitor-tekna-90-color#primaryimage\"},\"image\":{\"@id\":\"https:\/\/luxpro.pt\/es\/produto\/monitor-tekna-90-color#primaryimage\"},\"thumbnailUrl\":\"https:\/\/luxpro.pt\/wp-content\/uploads\/2020\/09\/TEKNA-90.jpg\",\"datePublished\":\"2020-09-23T15:38:28+00:00\",\"dateModified\":\"2024-03-28T22:01:13+00:00\",\"description\":\"Monitor exclusivo para substitui\u00e7\u00e3o de monitores Shiner 90. Instala\u00e7\u00e3o digital de 3 fios + cabo coaxial ou CAT5. Caixa em pl\u00e1stico ABS branco RAL9003.\",\"breadcrumb\":{\"@id\":\"https:\/\/luxpro.pt\/es\/produto\/monitor-tekna-90-color#breadcrumb\"},\"inLanguage\":\"es\",\"potentialAction\":[{\"@type\":\"ReadAction\",\"target\":[\"https:\/\/luxpro.pt\/es\/produto\/monitor-tekna-90-color\"]}]},{\"@type\":\"ImageObject\",\"inLanguage\":\"es\",\"@id\":\"https:\/\/luxpro.pt\/es\/produto\/monitor-tekna-90-color#primaryimage\",\"url\":\"https:\/\/luxpro.pt\/wp-content\/uploads\/2020\/09\/TEKNA-90.jpg\",\"contentUrl\":\"https:\/\/luxpro.pt\/wp-content\/uploads\/2020\/09\/TEKNA-90.jpg\",\"width\":800,\"height\":800},{\"@type\":\"BreadcrumbList\",\"@id\":\"https:\/\/luxpro.pt\/es\/produto\/monitor-tekna-90-color#breadcrumb\",\"itemListElement\":[{\"@type\":\"ListItem\",\"position\":1,\"name\":\"In\u00edcio\",\"item\":\"https:\/\/luxpro.pt\/es\"},{\"@type\":\"ListItem\",\"position\":2,\"name\":\"Loja\",\"item\":\"https:\/\/luxpro.pt\/loja\"},{\"@type\":\"ListItem\",\"position\":3,\"name\":\"Monitor TEKNA 90 TE Golmar\"}]},{\"@type\":\"WebSite\",\"@id\":\"https:\/\/luxpro.pt\/es#website\",\"url\":\"https:\/\/luxpro.pt\/es\",\"name\":\"LuxPro\",\"description\":\"\",\"publisher\":{\"@id\":\"https:\/\/luxpro.pt\/es#\/schema\/person\/2d1bed59a52ad49be71622bef025e341\"},\"potentialAction\":[{\"@type\":\"SearchAction\",\"target\":{\"@type\":\"EntryPoint\",\"urlTemplate\":\"https:\/\/luxpro.pt\/es?s={search_term_string}\"},\"query-input\":{\"@type\":\"PropertyValueSpecification\",\"valueRequired\":true,\"valueName\":\"search_term_string\"}}],\"inLanguage\":\"es\"},{\"@type\":[\"Person\",\"Organization\"],\"@id\":\"https:\/\/luxpro.pt\/es#\/schema\/person\/2d1bed59a52ad49be71622bef025e341\",\"name\":\"Tiago Amadeu Ferreira\",\"image\":{\"@type\":\"ImageObject\",\"inLanguage\":\"es\",\"@id\":\"https:\/\/luxpro.pt\/es#\/schema\/person\/image\/\",\"url\":\"https:\/\/luxpro.pt\/wp-content\/uploads\/2017\/11\/logo.jpg\",\"contentUrl\":\"https:\/\/luxpro.pt\/wp-content\/uploads\/2017\/11\/logo.jpg\",\"width\":150,\"height\":33,\"caption\":\"Tiago Amadeu Ferreira\"},\"logo\":{\"@id\":\"https:\/\/luxpro.pt\/es#\/schema\/person\/image\/\"}}]}<\/script>\n<!-- \/ Yoast SEO plugin. -->","yoast_head_json":{"title":"Monitor TEKNA 90 TE Golmar","description":"Monitor exclusivo para substitui\u00e7\u00e3o de monitores Shiner 90. Instala\u00e7\u00e3o digital de 3 fios + cabo coaxial ou CAT5. Caixa em pl\u00e1stico ABS branco RAL9003.","robots":{"index":"index","follow":"follow","max-snippet":"max-snippet:-1","max-image-preview":"max-image-preview:large","max-video-preview":"max-video-preview:-1"},"canonical":"https:\/\/luxpro.pt\/es\/produto\/monitor-tekna-90-color","og_locale":"es_ES","og_type":"article","og_title":"Monitor TEKNA 90 TE Golmar","og_description":"Monitor exclusivo para substitui\u00e7\u00e3o de monitores Shiner 90. Instala\u00e7\u00e3o digital de 3 fios + cabo coaxial ou CAT5. Caixa em pl\u00e1stico ABS branco RAL9003.","og_url":"https:\/\/luxpro.pt\/es\/produto\/monitor-tekna-90-color","og_site_name":"LuxPro","article_modified_time":"2024-03-28T22:01:13+00:00","og_image":[{"width":800,"height":800,"url":"https:\/\/luxpro.pt\/wp-content\/uploads\/2020\/09\/TEKNA-90.jpg","type":"image\/jpeg"}],"twitter_card":"summary_large_image","twitter_misc":{"Tiempo de lectura":"1 minuto"},"schema":{"@context":"https:\/\/schema.org","@graph":[{"@type":"WebPage","@id":"https:\/\/luxpro.pt\/es\/produto\/monitor-tekna-90-color","url":"https:\/\/luxpro.pt\/es\/produto\/monitor-tekna-90-color","name":"Monitor TEKNA 90 TE Golmar","isPartOf":{"@id":"https:\/\/luxpro.pt\/es#website"},"primaryImageOfPage":{"@id":"https:\/\/luxpro.pt\/es\/produto\/monitor-tekna-90-color#primaryimage"},"image":{"@id":"https:\/\/luxpro.pt\/es\/produto\/monitor-tekna-90-color#primaryimage"},"thumbnailUrl":"https:\/\/luxpro.pt\/wp-content\/uploads\/2020\/09\/TEKNA-90.jpg","datePublished":"2020-09-23T15:38:28+00:00","dateModified":"2024-03-28T22:01:13+00:00","description":"Monitor exclusivo para substitui\u00e7\u00e3o de monitores Shiner 90. Instala\u00e7\u00e3o digital de 3 fios + cabo coaxial ou CAT5. Caixa em pl\u00e1stico ABS branco RAL9003.","breadcrumb":{"@id":"https:\/\/luxpro.pt\/es\/produto\/monitor-tekna-90-color#breadcrumb"},"inLanguage":"es","potentialAction":[{"@type":"ReadAction","target":["https:\/\/luxpro.pt\/es\/produto\/monitor-tekna-90-color"]}]},{"@type":"ImageObject","inLanguage":"es","@id":"https:\/\/luxpro.pt\/es\/produto\/monitor-tekna-90-color#primaryimage","url":"https:\/\/luxpro.pt\/wp-content\/uploads\/2020\/09\/TEKNA-90.jpg","contentUrl":"https:\/\/luxpro.pt\/wp-content\/uploads\/2020\/09\/TEKNA-90.jpg","width":800,"height":800},{"@type":"BreadcrumbList","@id":"https:\/\/luxpro.pt\/es\/produto\/monitor-tekna-90-color#breadcrumb","itemListElement":[{"@type":"ListItem","position":1,"name":"In\u00edcio","item":"https:\/\/luxpro.pt\/es"},{"@type":"ListItem","position":2,"name":"Loja","item":"https:\/\/luxpro.pt\/loja"},{"@type":"ListItem","position":3,"name":"Monitor TEKNA 90 TE Golmar"}]},{"@type":"WebSite","@id":"https:\/\/luxpro.pt\/es#website","url":"https:\/\/luxpro.pt\/es","name":"LuxPro","description":"","publisher":{"@id":"https:\/\/luxpro.pt\/es#\/schema\/person\/2d1bed59a52ad49be71622bef025e341"},"potentialAction":[{"@type":"SearchAction","target":{"@type":"EntryPoint","urlTemplate":"https:\/\/luxpro.pt\/es?s={search_term_string}"},"query-input":{"@type":"PropertyValueSpecification","valueRequired":true,"valueName":"search_term_string"}}],"inLanguage":"es"},{"@type":["Person","Organization"],"@id":"https:\/\/luxpro.pt\/es#\/schema\/person\/2d1bed59a52ad49be71622bef025e341","name":"Tiago Amadeu Ferreira","image":{"@type":"ImageObject","inLanguage":"es","@id":"https:\/\/luxpro.pt\/es#\/schema\/person\/image\/","url":"https:\/\/luxpro.pt\/wp-content\/uploads\/2017\/11\/logo.jpg","contentUrl":"https:\/\/luxpro.pt\/wp-content\/uploads\/2017\/11\/logo.jpg","width":150,"height":33,"caption":"Tiago Amadeu Ferreira"},"logo":{"@id":"https:\/\/luxpro.pt\/es#\/schema\/person\/image\/"}}]}},"tiered_pricing_type":"fixed","tiered_pricing_fixed_rules":[],"tiered_pricing_product_settings":{"layout":"default","base_unit_name":{"singular":null,"plural":null},"default_variation":null},"tiered_pricing_minimum_quantity":null,"tiered_pricing_roles_data":[],"tiered_pricing_percentage_rules":[],"_links":{"self":[{"href":"https:\/\/luxpro.pt\/es\/wp-json\/wp\/v2\/product\/5733","targetHints":{"allow":["GET"]}}],"collection":[{"href":"https:\/\/luxpro.pt\/es\/wp-json\/wp\/v2\/product"}],"about":[{"href":"https:\/\/luxpro.pt\/es\/wp-json\/wp\/v2\/types\/product"}],"replies":[{"embeddable":true,"href":"https:\/\/luxpro.pt\/es\/wp-json\/wp\/v2\/comments?post=5733"}],"wp:featuredmedia":[{"embeddable":true,"href":"https:\/\/luxpro.pt\/es\/wp-json\/wp\/v2\/media\/5734"}],"wp:attachment":[{"href":"https:\/\/luxpro.pt\/es\/wp-json\/wp\/v2\/media?parent=5733"}],"wp:term":[{"taxonomy":"product_brand","embeddable":true,"href":"https:\/\/luxpro.pt\/es\/wp-json\/wp\/v2\/product_brand?post=5733"},{"taxonomy":"product_cat","embeddable":true,"href":"https:\/\/luxpro.pt\/es\/wp-json\/wp\/v2\/product_cat?post=5733"},{"taxonomy":"product_tag","embeddable":true,"href":"https:\/\/luxpro.pt\/es\/wp-json\/wp\/v2\/product_tag?post=5733"}],"curies":[{"name":"wp","href":"https:\/\/api.w.org\/{rel}","templated":true}]}}