{"id":5809,"date":"2020-10-07T16:28:32","date_gmt":"2020-10-07T16:28:32","guid":{"rendered":"https:\/\/luxpro.pt\/?post_type=product&#038;p=5809"},"modified":"2024-03-18T16:39:27","modified_gmt":"2024-03-18T16:39:27","slug":"kit-audio-k-201-grf-golmar","status":"publish","type":"product","link":"https:\/\/luxpro.pt\/es\/produto\/kit-audio-k-201-grf-golmar","title":{"rendered":"Kit de Audio K-201 GRF Golmar"},"content":{"rendered":"<p>1 Bot\u00e3o de chamada.<\/p>\n<p>PE-295\/1 GRF painel da porta de \u00e1udio com um bot\u00e3o.<\/p>\n<p>Caixa de incorpora\u00e7\u00e3o M.<\/p>\n<p>Telefone Tekna T-500 com liga\u00e7\u00e3o eletr\u00f3nica.<\/p>\n<p>Transformador TF-104.<\/p>\n<p>Poss\u00edvel at\u00e9 3 telefones na mesma habita\u00e7\u00e3o<\/p>\n<p>Para ser usado com fechos de porta el\u00e9tricos de 12V AC<\/p>\n","protected":false},"excerpt":{"rendered":"<p>1 Bot\u00e3o de chamada. PE-295\/1 GRF painel da porta de \u00e1udio com um bot\u00e3o. Caixa de incorpora\u00e7\u00e3o M. Telefone Tekna T-500 com liga\u00e7\u00e3o eletr\u00f3nica. Transformador TF-104. Poss\u00edvel at\u00e9 3 telefones na mesma habita\u00e7\u00e3o Para ser usado com fechos de porta el\u00e9tricos de 12V AC<\/p>\n","protected":false},"featured_media":5813,"comment_status":"open","ping_status":"closed","template":"","meta":[],"product_brand":[],"product_cat":[1157],"product_tag":[811,804,807,770,801,776,781,805,810,808,809,764,806],"class_list":{"0":"post-5809","1":"product","2":"type-product","3":"status-publish","4":"has-post-thumbnail","6":"product_cat-kits-audio","7":"product_tag-aco","8":"product_tag-audio","9":"product_tag-botao","10":"product_tag-branco","11":"product_tag-campainha","12":"product_tag-casa","13":"product_tag-golmar","14":"product_tag-kitaudio","15":"product_tag-moradia","16":"product_tag-porteiro","17":"product_tag-predio","18":"product_tag-preto","19":"product_tag-telefone","21":"first","22":"instock","23":"taxable","24":"shipping-taxable","25":"purchasable","26":"product-type-simple"},"yoast_head":"<!-- This site is optimized with the Yoast SEO plugin v26.5 - https:\/\/yoast.com\/wordpress\/plugins\/seo\/ -->\n<title>Kit de Audio K-201 GRF Golmar - LuxPro<\/title>\n<meta name=\"description\" content=\"1 Bot\u00e3o de chamada. PE-295\/1 GRF painel da porta de \u00e1udio com um bot\u00e3o. Caixa de incorpora\u00e7\u00e3o M. Telefone Tekna T-500 com liga\u00e7\u00e3o eletr\u00f3nica.\" \/>\n<meta name=\"robots\" content=\"index, follow, max-snippet:-1, max-image-preview:large, max-video-preview:-1\" \/>\n<link rel=\"canonical\" href=\"https:\/\/luxpro.pt\/es\/produto\/kit-audio-k-201-grf-golmar\" \/>\n<meta property=\"og:locale\" content=\"es_ES\" \/>\n<meta property=\"og:type\" content=\"article\" \/>\n<meta property=\"og:title\" content=\"Kit de Audio K-201 GRF Golmar - LuxPro\" \/>\n<meta property=\"og:description\" content=\"1 Bot\u00e3o de chamada. PE-295\/1 GRF painel da porta de \u00e1udio com um bot\u00e3o. Caixa de incorpora\u00e7\u00e3o M. Telefone Tekna T-500 com liga\u00e7\u00e3o eletr\u00f3nica.\" \/>\n<meta property=\"og:url\" content=\"https:\/\/luxpro.pt\/es\/produto\/kit-audio-k-201-grf-golmar\" \/>\n<meta property=\"og:site_name\" content=\"LuxPro\" \/>\n<meta property=\"article:modified_time\" content=\"2024-03-18T16:39:27+00:00\" \/>\n<meta property=\"og:image\" content=\"https:\/\/luxpro.pt\/wp-content\/uploads\/2020\/10\/11242014B-1.png\" \/>\n\t<meta property=\"og:image:width\" content=\"843\" \/>\n\t<meta property=\"og:image:height\" content=\"865\" \/>\n\t<meta property=\"og:image:type\" content=\"image\/png\" \/>\n<meta name=\"twitter:card\" content=\"summary_large_image\" \/>\n<meta name=\"twitter:label1\" content=\"Tiempo de lectura\" \/>\n\t<meta name=\"twitter:data1\" content=\"1 minuto\" \/>\n<script type=\"application\/ld+json\" class=\"yoast-schema-graph\">{\"@context\":\"https:\/\/schema.org\",\"@graph\":[{\"@type\":\"WebPage\",\"@id\":\"https:\/\/luxpro.pt\/es\/produto\/kit-audio-k-201-grf-golmar\",\"url\":\"https:\/\/luxpro.pt\/es\/produto\/kit-audio-k-201-grf-golmar\",\"name\":\"Kit de Audio K-201 GRF Golmar - LuxPro\",\"isPartOf\":{\"@id\":\"https:\/\/luxpro.pt\/es#website\"},\"primaryImageOfPage\":{\"@id\":\"https:\/\/luxpro.pt\/es\/produto\/kit-audio-k-201-grf-golmar#primaryimage\"},\"image\":{\"@id\":\"https:\/\/luxpro.pt\/es\/produto\/kit-audio-k-201-grf-golmar#primaryimage\"},\"thumbnailUrl\":\"https:\/\/luxpro.pt\/wp-content\/uploads\/2020\/10\/11242014B-1.png\",\"datePublished\":\"2020-10-07T16:28:32+00:00\",\"dateModified\":\"2024-03-18T16:39:27+00:00\",\"description\":\"1 Bot\u00e3o de chamada. PE-295\/1 GRF painel da porta de \u00e1udio com um bot\u00e3o. Caixa de incorpora\u00e7\u00e3o M. Telefone Tekna T-500 com liga\u00e7\u00e3o eletr\u00f3nica.\",\"breadcrumb\":{\"@id\":\"https:\/\/luxpro.pt\/es\/produto\/kit-audio-k-201-grf-golmar#breadcrumb\"},\"inLanguage\":\"es\",\"potentialAction\":[{\"@type\":\"ReadAction\",\"target\":[\"https:\/\/luxpro.pt\/es\/produto\/kit-audio-k-201-grf-golmar\"]}]},{\"@type\":\"ImageObject\",\"inLanguage\":\"es\",\"@id\":\"https:\/\/luxpro.pt\/es\/produto\/kit-audio-k-201-grf-golmar#primaryimage\",\"url\":\"https:\/\/luxpro.pt\/wp-content\/uploads\/2020\/10\/11242014B-1.png\",\"contentUrl\":\"https:\/\/luxpro.pt\/wp-content\/uploads\/2020\/10\/11242014B-1.png\",\"width\":843,\"height\":865},{\"@type\":\"BreadcrumbList\",\"@id\":\"https:\/\/luxpro.pt\/es\/produto\/kit-audio-k-201-grf-golmar#breadcrumb\",\"itemListElement\":[{\"@type\":\"ListItem\",\"position\":1,\"name\":\"In\u00edcio\",\"item\":\"https:\/\/luxpro.pt\/es\"},{\"@type\":\"ListItem\",\"position\":2,\"name\":\"Loja\",\"item\":\"https:\/\/luxpro.pt\/loja\"},{\"@type\":\"ListItem\",\"position\":3,\"name\":\"Kit de Audio K-201 GRF Golmar\"}]},{\"@type\":\"WebSite\",\"@id\":\"https:\/\/luxpro.pt\/es#website\",\"url\":\"https:\/\/luxpro.pt\/es\",\"name\":\"LuxPro\",\"description\":\"\",\"publisher\":{\"@id\":\"https:\/\/luxpro.pt\/es#\/schema\/person\/2d1bed59a52ad49be71622bef025e341\"},\"potentialAction\":[{\"@type\":\"SearchAction\",\"target\":{\"@type\":\"EntryPoint\",\"urlTemplate\":\"https:\/\/luxpro.pt\/es?s={search_term_string}\"},\"query-input\":{\"@type\":\"PropertyValueSpecification\",\"valueRequired\":true,\"valueName\":\"search_term_string\"}}],\"inLanguage\":\"es\"},{\"@type\":[\"Person\",\"Organization\"],\"@id\":\"https:\/\/luxpro.pt\/es#\/schema\/person\/2d1bed59a52ad49be71622bef025e341\",\"name\":\"Tiago Amadeu Ferreira\",\"image\":{\"@type\":\"ImageObject\",\"inLanguage\":\"es\",\"@id\":\"https:\/\/luxpro.pt\/es#\/schema\/person\/image\/\",\"url\":\"https:\/\/luxpro.pt\/wp-content\/uploads\/2017\/11\/logo.jpg\",\"contentUrl\":\"https:\/\/luxpro.pt\/wp-content\/uploads\/2017\/11\/logo.jpg\",\"width\":150,\"height\":33,\"caption\":\"Tiago Amadeu Ferreira\"},\"logo\":{\"@id\":\"https:\/\/luxpro.pt\/es#\/schema\/person\/image\/\"}}]}<\/script>\n<!-- \/ Yoast SEO plugin. -->","yoast_head_json":{"title":"Kit de Audio K-201 GRF Golmar - LuxPro","description":"1 Bot\u00e3o de chamada. PE-295\/1 GRF painel da porta de \u00e1udio com um bot\u00e3o. Caixa de incorpora\u00e7\u00e3o M. Telefone Tekna T-500 com liga\u00e7\u00e3o eletr\u00f3nica.","robots":{"index":"index","follow":"follow","max-snippet":"max-snippet:-1","max-image-preview":"max-image-preview:large","max-video-preview":"max-video-preview:-1"},"canonical":"https:\/\/luxpro.pt\/es\/produto\/kit-audio-k-201-grf-golmar","og_locale":"es_ES","og_type":"article","og_title":"Kit de Audio K-201 GRF Golmar - LuxPro","og_description":"1 Bot\u00e3o de chamada. PE-295\/1 GRF painel da porta de \u00e1udio com um bot\u00e3o. Caixa de incorpora\u00e7\u00e3o M. Telefone Tekna T-500 com liga\u00e7\u00e3o eletr\u00f3nica.","og_url":"https:\/\/luxpro.pt\/es\/produto\/kit-audio-k-201-grf-golmar","og_site_name":"LuxPro","article_modified_time":"2024-03-18T16:39:27+00:00","og_image":[{"width":843,"height":865,"url":"https:\/\/luxpro.pt\/wp-content\/uploads\/2020\/10\/11242014B-1.png","type":"image\/png"}],"twitter_card":"summary_large_image","twitter_misc":{"Tiempo de lectura":"1 minuto"},"schema":{"@context":"https:\/\/schema.org","@graph":[{"@type":"WebPage","@id":"https:\/\/luxpro.pt\/es\/produto\/kit-audio-k-201-grf-golmar","url":"https:\/\/luxpro.pt\/es\/produto\/kit-audio-k-201-grf-golmar","name":"Kit de Audio K-201 GRF Golmar - LuxPro","isPartOf":{"@id":"https:\/\/luxpro.pt\/es#website"},"primaryImageOfPage":{"@id":"https:\/\/luxpro.pt\/es\/produto\/kit-audio-k-201-grf-golmar#primaryimage"},"image":{"@id":"https:\/\/luxpro.pt\/es\/produto\/kit-audio-k-201-grf-golmar#primaryimage"},"thumbnailUrl":"https:\/\/luxpro.pt\/wp-content\/uploads\/2020\/10\/11242014B-1.png","datePublished":"2020-10-07T16:28:32+00:00","dateModified":"2024-03-18T16:39:27+00:00","description":"1 Bot\u00e3o de chamada. PE-295\/1 GRF painel da porta de \u00e1udio com um bot\u00e3o. Caixa de incorpora\u00e7\u00e3o M. Telefone Tekna T-500 com liga\u00e7\u00e3o eletr\u00f3nica.","breadcrumb":{"@id":"https:\/\/luxpro.pt\/es\/produto\/kit-audio-k-201-grf-golmar#breadcrumb"},"inLanguage":"es","potentialAction":[{"@type":"ReadAction","target":["https:\/\/luxpro.pt\/es\/produto\/kit-audio-k-201-grf-golmar"]}]},{"@type":"ImageObject","inLanguage":"es","@id":"https:\/\/luxpro.pt\/es\/produto\/kit-audio-k-201-grf-golmar#primaryimage","url":"https:\/\/luxpro.pt\/wp-content\/uploads\/2020\/10\/11242014B-1.png","contentUrl":"https:\/\/luxpro.pt\/wp-content\/uploads\/2020\/10\/11242014B-1.png","width":843,"height":865},{"@type":"BreadcrumbList","@id":"https:\/\/luxpro.pt\/es\/produto\/kit-audio-k-201-grf-golmar#breadcrumb","itemListElement":[{"@type":"ListItem","position":1,"name":"In\u00edcio","item":"https:\/\/luxpro.pt\/es"},{"@type":"ListItem","position":2,"name":"Loja","item":"https:\/\/luxpro.pt\/loja"},{"@type":"ListItem","position":3,"name":"Kit de Audio K-201 GRF Golmar"}]},{"@type":"WebSite","@id":"https:\/\/luxpro.pt\/es#website","url":"https:\/\/luxpro.pt\/es","name":"LuxPro","description":"","publisher":{"@id":"https:\/\/luxpro.pt\/es#\/schema\/person\/2d1bed59a52ad49be71622bef025e341"},"potentialAction":[{"@type":"SearchAction","target":{"@type":"EntryPoint","urlTemplate":"https:\/\/luxpro.pt\/es?s={search_term_string}"},"query-input":{"@type":"PropertyValueSpecification","valueRequired":true,"valueName":"search_term_string"}}],"inLanguage":"es"},{"@type":["Person","Organization"],"@id":"https:\/\/luxpro.pt\/es#\/schema\/person\/2d1bed59a52ad49be71622bef025e341","name":"Tiago Amadeu Ferreira","image":{"@type":"ImageObject","inLanguage":"es","@id":"https:\/\/luxpro.pt\/es#\/schema\/person\/image\/","url":"https:\/\/luxpro.pt\/wp-content\/uploads\/2017\/11\/logo.jpg","contentUrl":"https:\/\/luxpro.pt\/wp-content\/uploads\/2017\/11\/logo.jpg","width":150,"height":33,"caption":"Tiago Amadeu Ferreira"},"logo":{"@id":"https:\/\/luxpro.pt\/es#\/schema\/person\/image\/"}}]}},"tiered_pricing_type":"fixed","tiered_pricing_fixed_rules":[],"tiered_pricing_product_settings":{"layout":"default","base_unit_name":{"singular":null,"plural":null},"default_variation":null},"tiered_pricing_minimum_quantity":null,"tiered_pricing_roles_data":[],"tiered_pricing_percentage_rules":[],"_links":{"self":[{"href":"https:\/\/luxpro.pt\/es\/wp-json\/wp\/v2\/product\/5809","targetHints":{"allow":["GET"]}}],"collection":[{"href":"https:\/\/luxpro.pt\/es\/wp-json\/wp\/v2\/product"}],"about":[{"href":"https:\/\/luxpro.pt\/es\/wp-json\/wp\/v2\/types\/product"}],"replies":[{"embeddable":true,"href":"https:\/\/luxpro.pt\/es\/wp-json\/wp\/v2\/comments?post=5809"}],"wp:featuredmedia":[{"embeddable":true,"href":"https:\/\/luxpro.pt\/es\/wp-json\/wp\/v2\/media\/5813"}],"wp:attachment":[{"href":"https:\/\/luxpro.pt\/es\/wp-json\/wp\/v2\/media?parent=5809"}],"wp:term":[{"taxonomy":"product_brand","embeddable":true,"href":"https:\/\/luxpro.pt\/es\/wp-json\/wp\/v2\/product_brand?post=5809"},{"taxonomy":"product_cat","embeddable":true,"href":"https:\/\/luxpro.pt\/es\/wp-json\/wp\/v2\/product_cat?post=5809"},{"taxonomy":"product_tag","embeddable":true,"href":"https:\/\/luxpro.pt\/es\/wp-json\/wp\/v2\/product_tag?post=5809"}],"curies":[{"name":"wp","href":"https:\/\/api.w.org\/{rel}","templated":true}]}}