{"id":6531,"date":"2020-11-12T17:18:29","date_gmt":"2020-11-12T17:18:29","guid":{"rendered":"https:\/\/luxpro.pt\/?post_type=product&#038;p=6531"},"modified":"2023-06-22T16:03:49","modified_gmt":"2023-06-22T15:03:49","slug":"projetor-led-clean-para-calha-30w-monofasico-preto","status":"publish","type":"product","link":"https:\/\/luxpro.pt\/es\/produto\/projetor-led-clean-para-calha-30w-monofasico-preto","title":{"rendered":"Projetor LED CLEAN para calha 30W monof\u00e1sico preto"},"content":{"rendered":"<p>Cob Led Sanan<br \/>\nTempo de vida: 30.000H<br \/>\nProte\u00e7\u00e3o: IP20<br \/>\nA++<br \/>\nTemperatura ambiente de trabalho -20 \u00b0 C ~ + 40 \u00b0 C<br \/>\nAlimenta\u00e7\u00e3o: 160-240 V AC<br \/>\nDimens\u00e3o: 160 x 179 mm<br \/>\nMaterial: Alum\u00ednio e policarbonato, acabamento na cor preto.<br \/>\nCRI 85<br \/>\nFator de Pot\u00eancia &gt; 0,90<br \/>\nGarantia: 2 anos<\/p>\n<p>Op\u00e7\u00e3o de Temperatura de cor: 3000K , 4500K ou 6000K.<\/p>\n","protected":false},"excerpt":{"rendered":"<p>Cob Led Sanan Tempo de vida: 30.000H Prote\u00e7\u00e3o: IP20 A++ Temperatura ambiente de trabalho -20 \u00b0 C ~ + 40 \u00b0 C Alimenta\u00e7\u00e3o: 160-240 V AC Dimens\u00e3o: 160 x 179 mm Material: Alum\u00ednio e policarbonato, acabamento na cor preto. CRI 85 Fator de Pot\u00eancia &gt; 0,90 Garantia: 2 anos Op\u00e7\u00e3o de Temperatura de cor: 3000K , 4500K ou 6000K.<\/p>\n","protected":false},"featured_media":6535,"comment_status":"open","ping_status":"closed","template":"","meta":[],"product_brand":[],"product_cat":[950],"product_tag":[958,959,970,738,1015,962,953,776,963,1017,772,765,951,960,961,930,904,798,956,1014,955,764,793,1016,778,957,952],"class_list":{"0":"post-6531","1":"product","2":"type-product","3":"status-publish","4":"has-post-thumbnail","6":"product_cat-projetores-de-teto","7":"product_tag-3000k","8":"product_tag-4500k","9":"product_tag-6000k","10":"product_tag-aluminio","11":"product_tag-anti","12":"product_tag-armazem","13":"product_tag-calha","14":"product_tag-casa","15":"product_tag-centro-comercial","16":"product_tag-cozinha","17":"product_tag-design","18":"product_tag-escritorio","19":"product_tag-foco","20":"product_tag-grandes-superficies","21":"product_tag-hipermercado","22":"product_tag-industrial","23":"product_tag-ip20","24":"product_tag-led","25":"product_tag-lojas","26":"product_tag-monofasico","27":"product_tag-museus","28":"product_tag-preto","29":"product_tag-projetor","30":"product_tag-reflexo","31":"product_tag-sala","32":"product_tag-supermercados","33":"product_tag-teto","35":"first","36":"instock","37":"taxable","38":"shipping-taxable","39":"purchasable","40":"product-type-variable","41":"has-default-attributes"},"yoast_head":"<!-- This site is optimized with the Yoast SEO plugin v26.5 - https:\/\/yoast.com\/wordpress\/plugins\/seo\/ -->\n<title>Projetor LED CLEAN para calha 30W monof\u00e1sico preto - LuxPro<\/title>\n<meta name=\"description\" content=\"Cob Led Sanan Tempo de vida: 30.000H Prote\u00e7\u00e3o: IP20 A++ Temperatura ambiente de trabalho -20 \u00b0 C ~ + 40 \u00b0 C Alimenta\u00e7\u00e3o: 160-240 V AC Dimens\u00e3o: 160 x 179\" \/>\n<meta name=\"robots\" content=\"index, follow, max-snippet:-1, max-image-preview:large, max-video-preview:-1\" \/>\n<link rel=\"canonical\" href=\"https:\/\/luxpro.pt\/es\/produto\/projetor-led-clean-para-calha-30w-monofasico-preto\" \/>\n<meta property=\"og:locale\" content=\"es_ES\" \/>\n<meta property=\"og:type\" content=\"article\" \/>\n<meta property=\"og:title\" content=\"Projetor LED CLEAN para calha 30W monof\u00e1sico preto - LuxPro\" \/>\n<meta property=\"og:description\" content=\"Cob Led Sanan Tempo de vida: 30.000H Prote\u00e7\u00e3o: IP20 A++ Temperatura ambiente de trabalho -20 \u00b0 C ~ + 40 \u00b0 C Alimenta\u00e7\u00e3o: 160-240 V AC Dimens\u00e3o: 160 x 179\" \/>\n<meta property=\"og:url\" content=\"https:\/\/luxpro.pt\/es\/produto\/projetor-led-clean-para-calha-30w-monofasico-preto\" \/>\n<meta property=\"og:site_name\" content=\"LuxPro\" \/>\n<meta property=\"article:modified_time\" content=\"2023-06-22T15:03:49+00:00\" \/>\n<meta property=\"og:image\" content=\"https:\/\/luxpro.pt\/wp-content\/uploads\/2020\/11\/Foco-LED-para-carril-Clean-Negro-30W-Monof\u00e1sico-1.jpg\" \/>\n\t<meta property=\"og:image:width\" content=\"737\" \/>\n\t<meta property=\"og:image:height\" content=\"737\" \/>\n\t<meta property=\"og:image:type\" content=\"image\/jpeg\" \/>\n<meta name=\"twitter:card\" content=\"summary_large_image\" \/>\n<meta name=\"twitter:label1\" content=\"Tiempo de lectura\" \/>\n\t<meta name=\"twitter:data1\" content=\"1 minuto\" \/>\n<script type=\"application\/ld+json\" class=\"yoast-schema-graph\">{\"@context\":\"https:\/\/schema.org\",\"@graph\":[{\"@type\":\"WebPage\",\"@id\":\"https:\/\/luxpro.pt\/es\/produto\/projetor-led-clean-para-calha-30w-monofasico-preto\",\"url\":\"https:\/\/luxpro.pt\/es\/produto\/projetor-led-clean-para-calha-30w-monofasico-preto\",\"name\":\"Projetor LED CLEAN para calha 30W monof\u00e1sico preto - LuxPro\",\"isPartOf\":{\"@id\":\"https:\/\/luxpro.pt\/es#website\"},\"primaryImageOfPage\":{\"@id\":\"https:\/\/luxpro.pt\/es\/produto\/projetor-led-clean-para-calha-30w-monofasico-preto#primaryimage\"},\"image\":{\"@id\":\"https:\/\/luxpro.pt\/es\/produto\/projetor-led-clean-para-calha-30w-monofasico-preto#primaryimage\"},\"thumbnailUrl\":\"https:\/\/luxpro.pt\/wp-content\/uploads\/2020\/11\/Foco-LED-para-carril-Clean-Negro-30W-Monof\u00e1sico-1.jpg\",\"datePublished\":\"2020-11-12T17:18:29+00:00\",\"dateModified\":\"2023-06-22T15:03:49+00:00\",\"description\":\"Cob Led Sanan Tempo de vida: 30.000H Prote\u00e7\u00e3o: IP20 A++ Temperatura ambiente de trabalho -20 \u00b0 C ~ + 40 \u00b0 C Alimenta\u00e7\u00e3o: 160-240 V AC Dimens\u00e3o: 160 x 179\",\"breadcrumb\":{\"@id\":\"https:\/\/luxpro.pt\/es\/produto\/projetor-led-clean-para-calha-30w-monofasico-preto#breadcrumb\"},\"inLanguage\":\"es\",\"potentialAction\":[{\"@type\":\"ReadAction\",\"target\":[\"https:\/\/luxpro.pt\/es\/produto\/projetor-led-clean-para-calha-30w-monofasico-preto\"]}]},{\"@type\":\"ImageObject\",\"inLanguage\":\"es\",\"@id\":\"https:\/\/luxpro.pt\/es\/produto\/projetor-led-clean-para-calha-30w-monofasico-preto#primaryimage\",\"url\":\"https:\/\/luxpro.pt\/wp-content\/uploads\/2020\/11\/Foco-LED-para-carril-Clean-Negro-30W-Monof\u00e1sico-1.jpg\",\"contentUrl\":\"https:\/\/luxpro.pt\/wp-content\/uploads\/2020\/11\/Foco-LED-para-carril-Clean-Negro-30W-Monof\u00e1sico-1.jpg\",\"width\":737,\"height\":737},{\"@type\":\"BreadcrumbList\",\"@id\":\"https:\/\/luxpro.pt\/es\/produto\/projetor-led-clean-para-calha-30w-monofasico-preto#breadcrumb\",\"itemListElement\":[{\"@type\":\"ListItem\",\"position\":1,\"name\":\"In\u00edcio\",\"item\":\"https:\/\/luxpro.pt\/es\"},{\"@type\":\"ListItem\",\"position\":2,\"name\":\"Loja\",\"item\":\"https:\/\/luxpro.pt\/loja\"},{\"@type\":\"ListItem\",\"position\":3,\"name\":\"Projetor LED CLEAN para calha 30W monof\u00e1sico preto\"}]},{\"@type\":\"WebSite\",\"@id\":\"https:\/\/luxpro.pt\/es#website\",\"url\":\"https:\/\/luxpro.pt\/es\",\"name\":\"LuxPro\",\"description\":\"\",\"publisher\":{\"@id\":\"https:\/\/luxpro.pt\/es#\/schema\/person\/2d1bed59a52ad49be71622bef025e341\"},\"potentialAction\":[{\"@type\":\"SearchAction\",\"target\":{\"@type\":\"EntryPoint\",\"urlTemplate\":\"https:\/\/luxpro.pt\/es?s={search_term_string}\"},\"query-input\":{\"@type\":\"PropertyValueSpecification\",\"valueRequired\":true,\"valueName\":\"search_term_string\"}}],\"inLanguage\":\"es\"},{\"@type\":[\"Person\",\"Organization\"],\"@id\":\"https:\/\/luxpro.pt\/es#\/schema\/person\/2d1bed59a52ad49be71622bef025e341\",\"name\":\"Tiago Amadeu Ferreira\",\"image\":{\"@type\":\"ImageObject\",\"inLanguage\":\"es\",\"@id\":\"https:\/\/luxpro.pt\/es#\/schema\/person\/image\/\",\"url\":\"https:\/\/luxpro.pt\/wp-content\/uploads\/2017\/11\/logo.jpg\",\"contentUrl\":\"https:\/\/luxpro.pt\/wp-content\/uploads\/2017\/11\/logo.jpg\",\"width\":150,\"height\":33,\"caption\":\"Tiago Amadeu Ferreira\"},\"logo\":{\"@id\":\"https:\/\/luxpro.pt\/es#\/schema\/person\/image\/\"}}]}<\/script>\n<!-- \/ Yoast SEO plugin. -->","yoast_head_json":{"title":"Projetor LED CLEAN para calha 30W monof\u00e1sico preto - LuxPro","description":"Cob Led Sanan Tempo de vida: 30.000H Prote\u00e7\u00e3o: IP20 A++ Temperatura ambiente de trabalho -20 \u00b0 C ~ + 40 \u00b0 C Alimenta\u00e7\u00e3o: 160-240 V AC Dimens\u00e3o: 160 x 179","robots":{"index":"index","follow":"follow","max-snippet":"max-snippet:-1","max-image-preview":"max-image-preview:large","max-video-preview":"max-video-preview:-1"},"canonical":"https:\/\/luxpro.pt\/es\/produto\/projetor-led-clean-para-calha-30w-monofasico-preto","og_locale":"es_ES","og_type":"article","og_title":"Projetor LED CLEAN para calha 30W monof\u00e1sico preto - LuxPro","og_description":"Cob Led Sanan Tempo de vida: 30.000H Prote\u00e7\u00e3o: IP20 A++ Temperatura ambiente de trabalho -20 \u00b0 C ~ + 40 \u00b0 C Alimenta\u00e7\u00e3o: 160-240 V AC Dimens\u00e3o: 160 x 179","og_url":"https:\/\/luxpro.pt\/es\/produto\/projetor-led-clean-para-calha-30w-monofasico-preto","og_site_name":"LuxPro","article_modified_time":"2023-06-22T15:03:49+00:00","og_image":[{"width":737,"height":737,"url":"https:\/\/luxpro.pt\/wp-content\/uploads\/2020\/11\/Foco-LED-para-carril-Clean-Negro-30W-Monof\u00e1sico-1.jpg","type":"image\/jpeg"}],"twitter_card":"summary_large_image","twitter_misc":{"Tiempo de lectura":"1 minuto"},"schema":{"@context":"https:\/\/schema.org","@graph":[{"@type":"WebPage","@id":"https:\/\/luxpro.pt\/es\/produto\/projetor-led-clean-para-calha-30w-monofasico-preto","url":"https:\/\/luxpro.pt\/es\/produto\/projetor-led-clean-para-calha-30w-monofasico-preto","name":"Projetor LED CLEAN para calha 30W monof\u00e1sico preto - LuxPro","isPartOf":{"@id":"https:\/\/luxpro.pt\/es#website"},"primaryImageOfPage":{"@id":"https:\/\/luxpro.pt\/es\/produto\/projetor-led-clean-para-calha-30w-monofasico-preto#primaryimage"},"image":{"@id":"https:\/\/luxpro.pt\/es\/produto\/projetor-led-clean-para-calha-30w-monofasico-preto#primaryimage"},"thumbnailUrl":"https:\/\/luxpro.pt\/wp-content\/uploads\/2020\/11\/Foco-LED-para-carril-Clean-Negro-30W-Monof\u00e1sico-1.jpg","datePublished":"2020-11-12T17:18:29+00:00","dateModified":"2023-06-22T15:03:49+00:00","description":"Cob Led Sanan Tempo de vida: 30.000H Prote\u00e7\u00e3o: IP20 A++ Temperatura ambiente de trabalho -20 \u00b0 C ~ + 40 \u00b0 C Alimenta\u00e7\u00e3o: 160-240 V AC Dimens\u00e3o: 160 x 179","breadcrumb":{"@id":"https:\/\/luxpro.pt\/es\/produto\/projetor-led-clean-para-calha-30w-monofasico-preto#breadcrumb"},"inLanguage":"es","potentialAction":[{"@type":"ReadAction","target":["https:\/\/luxpro.pt\/es\/produto\/projetor-led-clean-para-calha-30w-monofasico-preto"]}]},{"@type":"ImageObject","inLanguage":"es","@id":"https:\/\/luxpro.pt\/es\/produto\/projetor-led-clean-para-calha-30w-monofasico-preto#primaryimage","url":"https:\/\/luxpro.pt\/wp-content\/uploads\/2020\/11\/Foco-LED-para-carril-Clean-Negro-30W-Monof\u00e1sico-1.jpg","contentUrl":"https:\/\/luxpro.pt\/wp-content\/uploads\/2020\/11\/Foco-LED-para-carril-Clean-Negro-30W-Monof\u00e1sico-1.jpg","width":737,"height":737},{"@type":"BreadcrumbList","@id":"https:\/\/luxpro.pt\/es\/produto\/projetor-led-clean-para-calha-30w-monofasico-preto#breadcrumb","itemListElement":[{"@type":"ListItem","position":1,"name":"In\u00edcio","item":"https:\/\/luxpro.pt\/es"},{"@type":"ListItem","position":2,"name":"Loja","item":"https:\/\/luxpro.pt\/loja"},{"@type":"ListItem","position":3,"name":"Projetor LED CLEAN para calha 30W monof\u00e1sico preto"}]},{"@type":"WebSite","@id":"https:\/\/luxpro.pt\/es#website","url":"https:\/\/luxpro.pt\/es","name":"LuxPro","description":"","publisher":{"@id":"https:\/\/luxpro.pt\/es#\/schema\/person\/2d1bed59a52ad49be71622bef025e341"},"potentialAction":[{"@type":"SearchAction","target":{"@type":"EntryPoint","urlTemplate":"https:\/\/luxpro.pt\/es?s={search_term_string}"},"query-input":{"@type":"PropertyValueSpecification","valueRequired":true,"valueName":"search_term_string"}}],"inLanguage":"es"},{"@type":["Person","Organization"],"@id":"https:\/\/luxpro.pt\/es#\/schema\/person\/2d1bed59a52ad49be71622bef025e341","name":"Tiago Amadeu Ferreira","image":{"@type":"ImageObject","inLanguage":"es","@id":"https:\/\/luxpro.pt\/es#\/schema\/person\/image\/","url":"https:\/\/luxpro.pt\/wp-content\/uploads\/2017\/11\/logo.jpg","contentUrl":"https:\/\/luxpro.pt\/wp-content\/uploads\/2017\/11\/logo.jpg","width":150,"height":33,"caption":"Tiago Amadeu Ferreira"},"logo":{"@id":"https:\/\/luxpro.pt\/es#\/schema\/person\/image\/"}}]}},"tiered_pricing_type":"fixed","tiered_pricing_fixed_rules":[],"tiered_pricing_product_settings":{"layout":"default","base_unit_name":{"singular":null,"plural":null},"default_variation":null},"tiered_pricing_minimum_quantity":null,"tiered_pricing_roles_data":[],"tiered_pricing_percentage_rules":[],"_links":{"self":[{"href":"https:\/\/luxpro.pt\/es\/wp-json\/wp\/v2\/product\/6531","targetHints":{"allow":["GET"]}}],"collection":[{"href":"https:\/\/luxpro.pt\/es\/wp-json\/wp\/v2\/product"}],"about":[{"href":"https:\/\/luxpro.pt\/es\/wp-json\/wp\/v2\/types\/product"}],"replies":[{"embeddable":true,"href":"https:\/\/luxpro.pt\/es\/wp-json\/wp\/v2\/comments?post=6531"}],"wp:featuredmedia":[{"embeddable":true,"href":"https:\/\/luxpro.pt\/es\/wp-json\/wp\/v2\/media\/6535"}],"wp:attachment":[{"href":"https:\/\/luxpro.pt\/es\/wp-json\/wp\/v2\/media?parent=6531"}],"wp:term":[{"taxonomy":"product_brand","embeddable":true,"href":"https:\/\/luxpro.pt\/es\/wp-json\/wp\/v2\/product_brand?post=6531"},{"taxonomy":"product_cat","embeddable":true,"href":"https:\/\/luxpro.pt\/es\/wp-json\/wp\/v2\/product_cat?post=6531"},{"taxonomy":"product_tag","embeddable":true,"href":"https:\/\/luxpro.pt\/es\/wp-json\/wp\/v2\/product_tag?post=6531"}],"curies":[{"name":"wp","href":"https:\/\/api.w.org\/{rel}","templated":true}]}}