{"id":6948,"date":"2020-11-23T10:42:29","date_gmt":"2020-11-23T10:42:29","guid":{"rendered":"https:\/\/luxpro.pt\/?post_type=product&#038;p=6948"},"modified":"2024-03-28T21:57:27","modified_gmt":"2024-03-28T21:57:27","slug":"alimentador-saida-18v-c-c-fa-plus-golmar","status":"publish","type":"product","link":"https:\/\/luxpro.pt\/es\/produto\/alimentador-saida-18v-c-c-fa-plus-golmar","title":{"rendered":"Alimentador Sa\u00edda 18V C.C. FA-PLUS GOLMAR"},"content":{"rendered":"<p>Para sistemas com instala\u00e7\u00e3o digital &#8220;Plus&#8221;.<br \/>\nPara ser usado em sistemas para apartamentos de 20 unidades\u00a0 e at\u00e9 50.<br \/>\nSa\u00edda: 18 V d.c.<br \/>\nEntrada: 110 a 230 V a.c. \/ 72VA.<br \/>\nDimens\u00f5es: 178 x 90 x 60 mm.<\/p>\n","protected":false},"excerpt":{"rendered":"<p>Para sistemas com instala\u00e7\u00e3o digital &#8220;Plus&#8221;. Para ser usado em sistemas para apartamentos de 20 unidades\u00a0 e at\u00e9 50. Sa\u00edda: 18 V d.c. Entrada: 110 a 230 V a.c. \/ 72VA. Dimens\u00f5es: 178 x 90 x 60 mm.<\/p>\n","protected":false},"featured_media":6952,"comment_status":"open","ping_status":"closed","template":"","meta":[],"product_brand":[],"product_cat":[661],"product_tag":[1090,1091,1089,817,804,801,1093,781,813,1092,808,993,1061,786],"class_list":{"0":"post-6948","1":"product","2":"type-product","3":"status-publish","4":"has-post-thumbnail","6":"product_cat-acessorios-2","7":"product_tag-18v","8":"product_tag-acessorio","9":"product_tag-alimentador","10":"product_tag-apartamento","11":"product_tag-audio","12":"product_tag-campainha","13":"product_tag-controlador","14":"product_tag-golmar","15":"product_tag-kit","16":"product_tag-plus","17":"product_tag-porteiro","18":"product_tag-residencia","19":"product_tag-tecnologia","20":"product_tag-video","22":"first","23":"instock","24":"taxable","25":"shipping-taxable","26":"purchasable","27":"product-type-simple"},"yoast_head":"<!-- This site is optimized with the Yoast SEO plugin v26.5 - https:\/\/yoast.com\/wordpress\/plugins\/seo\/ -->\n<title>ALIMENTADOR SA\u00cdDA 18V C.C. FA-PLUS GOLMAR<\/title>\n<meta name=\"description\" content=\"Para sistemas com instala\u00e7\u00e3o digital &quot;Plus&quot;.Para ser usado em sistemas para apartamentos de 20 unidades\u00a0 e at\u00e9 50.\" \/>\n<meta name=\"robots\" content=\"index, follow, max-snippet:-1, max-image-preview:large, max-video-preview:-1\" \/>\n<link rel=\"canonical\" href=\"https:\/\/luxpro.pt\/es\/produto\/alimentador-saida-18v-c-c-fa-plus-golmar\" \/>\n<meta property=\"og:locale\" content=\"es_ES\" \/>\n<meta property=\"og:type\" content=\"article\" \/>\n<meta property=\"og:title\" content=\"ALIMENTADOR SA\u00cdDA 18V C.C. FA-PLUS GOLMAR\" \/>\n<meta property=\"og:description\" content=\"Para sistemas com instala\u00e7\u00e3o digital &quot;Plus&quot;.Para ser usado em sistemas para apartamentos de 20 unidades\u00a0 e at\u00e9 50.\" \/>\n<meta property=\"og:url\" content=\"https:\/\/luxpro.pt\/es\/produto\/alimentador-saida-18v-c-c-fa-plus-golmar\" \/>\n<meta property=\"og:site_name\" content=\"LuxPro\" \/>\n<meta property=\"article:modified_time\" content=\"2024-03-28T21:57:27+00:00\" \/>\n<meta property=\"og:image\" content=\"https:\/\/luxpro.pt\/wp-content\/uploads\/2020\/11\/11705109-1.png\" \/>\n\t<meta property=\"og:image:width\" content=\"993\" \/>\n\t<meta property=\"og:image:height\" content=\"785\" \/>\n\t<meta property=\"og:image:type\" content=\"image\/png\" \/>\n<meta name=\"twitter:card\" content=\"summary_large_image\" \/>\n<meta name=\"twitter:label1\" content=\"Tiempo de lectura\" \/>\n\t<meta name=\"twitter:data1\" content=\"1 minuto\" \/>\n<script type=\"application\/ld+json\" class=\"yoast-schema-graph\">{\"@context\":\"https:\/\/schema.org\",\"@graph\":[{\"@type\":\"WebPage\",\"@id\":\"https:\/\/luxpro.pt\/es\/produto\/alimentador-saida-18v-c-c-fa-plus-golmar\",\"url\":\"https:\/\/luxpro.pt\/es\/produto\/alimentador-saida-18v-c-c-fa-plus-golmar\",\"name\":\"ALIMENTADOR SA\u00cdDA 18V C.C. FA-PLUS GOLMAR\",\"isPartOf\":{\"@id\":\"https:\/\/luxpro.pt\/es#website\"},\"primaryImageOfPage\":{\"@id\":\"https:\/\/luxpro.pt\/es\/produto\/alimentador-saida-18v-c-c-fa-plus-golmar#primaryimage\"},\"image\":{\"@id\":\"https:\/\/luxpro.pt\/es\/produto\/alimentador-saida-18v-c-c-fa-plus-golmar#primaryimage\"},\"thumbnailUrl\":\"https:\/\/luxpro.pt\/wp-content\/uploads\/2020\/11\/11705109-1.png\",\"datePublished\":\"2020-11-23T10:42:29+00:00\",\"dateModified\":\"2024-03-28T21:57:27+00:00\",\"description\":\"Para sistemas com instala\u00e7\u00e3o digital \\\"Plus\\\".Para ser usado em sistemas para apartamentos de 20 unidades\u00a0 e at\u00e9 50.\",\"breadcrumb\":{\"@id\":\"https:\/\/luxpro.pt\/es\/produto\/alimentador-saida-18v-c-c-fa-plus-golmar#breadcrumb\"},\"inLanguage\":\"es\",\"potentialAction\":[{\"@type\":\"ReadAction\",\"target\":[\"https:\/\/luxpro.pt\/es\/produto\/alimentador-saida-18v-c-c-fa-plus-golmar\"]}]},{\"@type\":\"ImageObject\",\"inLanguage\":\"es\",\"@id\":\"https:\/\/luxpro.pt\/es\/produto\/alimentador-saida-18v-c-c-fa-plus-golmar#primaryimage\",\"url\":\"https:\/\/luxpro.pt\/wp-content\/uploads\/2020\/11\/11705109-1.png\",\"contentUrl\":\"https:\/\/luxpro.pt\/wp-content\/uploads\/2020\/11\/11705109-1.png\",\"width\":993,\"height\":785},{\"@type\":\"BreadcrumbList\",\"@id\":\"https:\/\/luxpro.pt\/es\/produto\/alimentador-saida-18v-c-c-fa-plus-golmar#breadcrumb\",\"itemListElement\":[{\"@type\":\"ListItem\",\"position\":1,\"name\":\"In\u00edcio\",\"item\":\"https:\/\/luxpro.pt\/es\"},{\"@type\":\"ListItem\",\"position\":2,\"name\":\"Loja\",\"item\":\"https:\/\/luxpro.pt\/loja\"},{\"@type\":\"ListItem\",\"position\":3,\"name\":\"Alimentador Sa\u00edda 18V C.C. FA-PLUS GOLMAR\"}]},{\"@type\":\"WebSite\",\"@id\":\"https:\/\/luxpro.pt\/es#website\",\"url\":\"https:\/\/luxpro.pt\/es\",\"name\":\"LuxPro\",\"description\":\"\",\"publisher\":{\"@id\":\"https:\/\/luxpro.pt\/es#\/schema\/person\/2d1bed59a52ad49be71622bef025e341\"},\"potentialAction\":[{\"@type\":\"SearchAction\",\"target\":{\"@type\":\"EntryPoint\",\"urlTemplate\":\"https:\/\/luxpro.pt\/es?s={search_term_string}\"},\"query-input\":{\"@type\":\"PropertyValueSpecification\",\"valueRequired\":true,\"valueName\":\"search_term_string\"}}],\"inLanguage\":\"es\"},{\"@type\":[\"Person\",\"Organization\"],\"@id\":\"https:\/\/luxpro.pt\/es#\/schema\/person\/2d1bed59a52ad49be71622bef025e341\",\"name\":\"Tiago Amadeu Ferreira\",\"image\":{\"@type\":\"ImageObject\",\"inLanguage\":\"es\",\"@id\":\"https:\/\/luxpro.pt\/es#\/schema\/person\/image\/\",\"url\":\"https:\/\/luxpro.pt\/wp-content\/uploads\/2017\/11\/logo.jpg\",\"contentUrl\":\"https:\/\/luxpro.pt\/wp-content\/uploads\/2017\/11\/logo.jpg\",\"width\":150,\"height\":33,\"caption\":\"Tiago Amadeu Ferreira\"},\"logo\":{\"@id\":\"https:\/\/luxpro.pt\/es#\/schema\/person\/image\/\"}}]}<\/script>\n<!-- \/ Yoast SEO plugin. -->","yoast_head_json":{"title":"ALIMENTADOR SA\u00cdDA 18V C.C. FA-PLUS GOLMAR","description":"Para sistemas com instala\u00e7\u00e3o digital \"Plus\".Para ser usado em sistemas para apartamentos de 20 unidades\u00a0 e at\u00e9 50.","robots":{"index":"index","follow":"follow","max-snippet":"max-snippet:-1","max-image-preview":"max-image-preview:large","max-video-preview":"max-video-preview:-1"},"canonical":"https:\/\/luxpro.pt\/es\/produto\/alimentador-saida-18v-c-c-fa-plus-golmar","og_locale":"es_ES","og_type":"article","og_title":"ALIMENTADOR SA\u00cdDA 18V C.C. FA-PLUS GOLMAR","og_description":"Para sistemas com instala\u00e7\u00e3o digital \"Plus\".Para ser usado em sistemas para apartamentos de 20 unidades\u00a0 e at\u00e9 50.","og_url":"https:\/\/luxpro.pt\/es\/produto\/alimentador-saida-18v-c-c-fa-plus-golmar","og_site_name":"LuxPro","article_modified_time":"2024-03-28T21:57:27+00:00","og_image":[{"width":993,"height":785,"url":"https:\/\/luxpro.pt\/wp-content\/uploads\/2020\/11\/11705109-1.png","type":"image\/png"}],"twitter_card":"summary_large_image","twitter_misc":{"Tiempo de lectura":"1 minuto"},"schema":{"@context":"https:\/\/schema.org","@graph":[{"@type":"WebPage","@id":"https:\/\/luxpro.pt\/es\/produto\/alimentador-saida-18v-c-c-fa-plus-golmar","url":"https:\/\/luxpro.pt\/es\/produto\/alimentador-saida-18v-c-c-fa-plus-golmar","name":"ALIMENTADOR SA\u00cdDA 18V C.C. FA-PLUS GOLMAR","isPartOf":{"@id":"https:\/\/luxpro.pt\/es#website"},"primaryImageOfPage":{"@id":"https:\/\/luxpro.pt\/es\/produto\/alimentador-saida-18v-c-c-fa-plus-golmar#primaryimage"},"image":{"@id":"https:\/\/luxpro.pt\/es\/produto\/alimentador-saida-18v-c-c-fa-plus-golmar#primaryimage"},"thumbnailUrl":"https:\/\/luxpro.pt\/wp-content\/uploads\/2020\/11\/11705109-1.png","datePublished":"2020-11-23T10:42:29+00:00","dateModified":"2024-03-28T21:57:27+00:00","description":"Para sistemas com instala\u00e7\u00e3o digital \"Plus\".Para ser usado em sistemas para apartamentos de 20 unidades\u00a0 e at\u00e9 50.","breadcrumb":{"@id":"https:\/\/luxpro.pt\/es\/produto\/alimentador-saida-18v-c-c-fa-plus-golmar#breadcrumb"},"inLanguage":"es","potentialAction":[{"@type":"ReadAction","target":["https:\/\/luxpro.pt\/es\/produto\/alimentador-saida-18v-c-c-fa-plus-golmar"]}]},{"@type":"ImageObject","inLanguage":"es","@id":"https:\/\/luxpro.pt\/es\/produto\/alimentador-saida-18v-c-c-fa-plus-golmar#primaryimage","url":"https:\/\/luxpro.pt\/wp-content\/uploads\/2020\/11\/11705109-1.png","contentUrl":"https:\/\/luxpro.pt\/wp-content\/uploads\/2020\/11\/11705109-1.png","width":993,"height":785},{"@type":"BreadcrumbList","@id":"https:\/\/luxpro.pt\/es\/produto\/alimentador-saida-18v-c-c-fa-plus-golmar#breadcrumb","itemListElement":[{"@type":"ListItem","position":1,"name":"In\u00edcio","item":"https:\/\/luxpro.pt\/es"},{"@type":"ListItem","position":2,"name":"Loja","item":"https:\/\/luxpro.pt\/loja"},{"@type":"ListItem","position":3,"name":"Alimentador Sa\u00edda 18V C.C. FA-PLUS GOLMAR"}]},{"@type":"WebSite","@id":"https:\/\/luxpro.pt\/es#website","url":"https:\/\/luxpro.pt\/es","name":"LuxPro","description":"","publisher":{"@id":"https:\/\/luxpro.pt\/es#\/schema\/person\/2d1bed59a52ad49be71622bef025e341"},"potentialAction":[{"@type":"SearchAction","target":{"@type":"EntryPoint","urlTemplate":"https:\/\/luxpro.pt\/es?s={search_term_string}"},"query-input":{"@type":"PropertyValueSpecification","valueRequired":true,"valueName":"search_term_string"}}],"inLanguage":"es"},{"@type":["Person","Organization"],"@id":"https:\/\/luxpro.pt\/es#\/schema\/person\/2d1bed59a52ad49be71622bef025e341","name":"Tiago Amadeu Ferreira","image":{"@type":"ImageObject","inLanguage":"es","@id":"https:\/\/luxpro.pt\/es#\/schema\/person\/image\/","url":"https:\/\/luxpro.pt\/wp-content\/uploads\/2017\/11\/logo.jpg","contentUrl":"https:\/\/luxpro.pt\/wp-content\/uploads\/2017\/11\/logo.jpg","width":150,"height":33,"caption":"Tiago Amadeu Ferreira"},"logo":{"@id":"https:\/\/luxpro.pt\/es#\/schema\/person\/image\/"}}]}},"tiered_pricing_type":"fixed","tiered_pricing_fixed_rules":[],"tiered_pricing_product_settings":{"layout":"default","base_unit_name":{"singular":null,"plural":null},"default_variation":null},"tiered_pricing_minimum_quantity":null,"tiered_pricing_roles_data":[],"tiered_pricing_percentage_rules":[],"_links":{"self":[{"href":"https:\/\/luxpro.pt\/es\/wp-json\/wp\/v2\/product\/6948","targetHints":{"allow":["GET"]}}],"collection":[{"href":"https:\/\/luxpro.pt\/es\/wp-json\/wp\/v2\/product"}],"about":[{"href":"https:\/\/luxpro.pt\/es\/wp-json\/wp\/v2\/types\/product"}],"replies":[{"embeddable":true,"href":"https:\/\/luxpro.pt\/es\/wp-json\/wp\/v2\/comments?post=6948"}],"wp:featuredmedia":[{"embeddable":true,"href":"https:\/\/luxpro.pt\/es\/wp-json\/wp\/v2\/media\/6952"}],"wp:attachment":[{"href":"https:\/\/luxpro.pt\/es\/wp-json\/wp\/v2\/media?parent=6948"}],"wp:term":[{"taxonomy":"product_brand","embeddable":true,"href":"https:\/\/luxpro.pt\/es\/wp-json\/wp\/v2\/product_brand?post=6948"},{"taxonomy":"product_cat","embeddable":true,"href":"https:\/\/luxpro.pt\/es\/wp-json\/wp\/v2\/product_cat?post=6948"},{"taxonomy":"product_tag","embeddable":true,"href":"https:\/\/luxpro.pt\/es\/wp-json\/wp\/v2\/product_tag?post=6948"}],"curies":[{"name":"wp","href":"https:\/\/api.w.org\/{rel}","templated":true}]}}