{"id":7387,"date":"2020-12-11T14:50:17","date_gmt":"2020-12-11T14:50:17","guid":{"rendered":"https:\/\/luxpro.pt\/?post_type=product&#038;p=7387"},"modified":"2026-03-09T20:00:25","modified_gmt":"2026-03-09T20:00:25","slug":"testa-eletrica-cv-24p-uni-sf","status":"publish","type":"product","link":"https:\/\/luxpro.pt\/es\/produto\/testa-eletrica-cv-24p-uni-sf","title":{"rendered":"Trinco Autom\u00e1tico CV-24P\/UNI\/SF GOLMAR"},"content":{"rendered":"<p>Funcionamento autom\u00e1tico, que permite que a porta seja aberta com uma press\u00e3o no bot\u00e3o de desbloqueio da unidade de apartamento, e \u00e9 novamente bloqueada assim que a porta \u00e9 fechada.<br \/>\nEscudo n\u00e3o inclu\u00eddo.<br \/>\nInv\u00f3lucro fabricado em 2mm. Liga leve injetada sob press\u00e3o espessa, com altura de 67mm.<br \/>\nParafuso ajust\u00e1vel, permitindo 3 mm de precis\u00e3o.<br \/>\nTens\u00e3o de opera\u00e7\u00e3o dupla de 8 a 12 V a.c. (Consumo de 750mA) ou d.c. (Consumo de 300mA).<\/p>\n","protected":false},"excerpt":{"rendered":"<p>Funcionamento autom\u00e1tico, que permite que a porta seja aberta com uma press\u00e3o no bot\u00e3o de desbloqueio da unidade de apartamento, e \u00e9 novamente bloqueada assim que a porta \u00e9 fechada. Escudo n\u00e3o inclu\u00eddo. Inv\u00f3lucro fabricado em 2mm. Liga leve injetada sob press\u00e3o espessa, com altura de 67mm. Parafuso ajust\u00e1vel, permitindo 3 mm de precis\u00e3o. Tens\u00e3o de opera\u00e7\u00e3o dupla de 8 [&hellip;]<\/p>\n","protected":false},"featured_media":7388,"comment_status":"open","ping_status":"closed","template":"","meta":[],"product_brand":[],"product_cat":[1336],"product_tag":[1208,1156,781,1155],"class_list":{"0":"post-7387","1":"product","2":"type-product","3":"status-publish","4":"has-post-thumbnail","6":"product_cat-trincos","7":"product_tag-automatico","8":"product_tag-eletrico","9":"product_tag-golmar","10":"product_tag-trinco","12":"first","13":"instock","14":"taxable","15":"shipping-taxable","16":"purchasable","17":"product-type-simple"},"yoast_head":"<!-- This site is optimized with the Yoast SEO plugin v26.5 - https:\/\/yoast.com\/wordpress\/plugins\/seo\/ -->\n<title>Trinco Autom\u00e1tico CV-24P\/UNI\/SF GOLMAR - LuxPro<\/title>\n<meta name=\"description\" content=\"Funcionamento autom\u00e1tico, que permite que a porta seja aberta com uma press\u00e3o no bot\u00e3o de desbloqueio da unidade de apartamento, e \u00e9 novamente bloqueada\" \/>\n<meta name=\"robots\" content=\"index, follow, max-snippet:-1, max-image-preview:large, max-video-preview:-1\" \/>\n<link rel=\"canonical\" href=\"https:\/\/luxpro.pt\/es\/produto\/testa-eletrica-cv-24p-uni-sf\" \/>\n<meta property=\"og:locale\" content=\"es_ES\" \/>\n<meta property=\"og:type\" content=\"article\" \/>\n<meta property=\"og:title\" content=\"Trinco Autom\u00e1tico CV-24P\/UNI\/SF GOLMAR - LuxPro\" \/>\n<meta property=\"og:description\" content=\"Funcionamento autom\u00e1tico, que permite que a porta seja aberta com uma press\u00e3o no bot\u00e3o de desbloqueio da unidade de apartamento, e \u00e9 novamente bloqueada\" \/>\n<meta property=\"og:url\" content=\"https:\/\/luxpro.pt\/es\/produto\/testa-eletrica-cv-24p-uni-sf\" \/>\n<meta property=\"og:site_name\" content=\"LuxPro\" \/>\n<meta property=\"article:modified_time\" content=\"2026-03-09T20:00:25+00:00\" \/>\n<meta property=\"og:image\" content=\"https:\/\/luxpro.pt\/wp-content\/uploads\/2020\/12\/20600253.png\" \/>\n\t<meta property=\"og:image:width\" content=\"1272\" \/>\n\t<meta property=\"og:image:height\" content=\"1272\" \/>\n\t<meta property=\"og:image:type\" content=\"image\/png\" \/>\n<meta name=\"twitter:card\" content=\"summary_large_image\" \/>\n<meta name=\"twitter:label1\" content=\"Tiempo de lectura\" \/>\n\t<meta name=\"twitter:data1\" content=\"1 minuto\" \/>\n<script type=\"application\/ld+json\" class=\"yoast-schema-graph\">{\"@context\":\"https:\/\/schema.org\",\"@graph\":[{\"@type\":\"WebPage\",\"@id\":\"https:\/\/luxpro.pt\/es\/produto\/testa-eletrica-cv-24p-uni-sf\",\"url\":\"https:\/\/luxpro.pt\/es\/produto\/testa-eletrica-cv-24p-uni-sf\",\"name\":\"Trinco Autom\u00e1tico CV-24P\/UNI\/SF GOLMAR - LuxPro\",\"isPartOf\":{\"@id\":\"https:\/\/luxpro.pt\/es#website\"},\"primaryImageOfPage\":{\"@id\":\"https:\/\/luxpro.pt\/es\/produto\/testa-eletrica-cv-24p-uni-sf#primaryimage\"},\"image\":{\"@id\":\"https:\/\/luxpro.pt\/es\/produto\/testa-eletrica-cv-24p-uni-sf#primaryimage\"},\"thumbnailUrl\":\"https:\/\/luxpro.pt\/wp-content\/uploads\/2020\/12\/20600253.png\",\"datePublished\":\"2020-12-11T14:50:17+00:00\",\"dateModified\":\"2026-03-09T20:00:25+00:00\",\"description\":\"Funcionamento autom\u00e1tico, que permite que a porta seja aberta com uma press\u00e3o no bot\u00e3o de desbloqueio da unidade de apartamento, e \u00e9 novamente bloqueada\",\"breadcrumb\":{\"@id\":\"https:\/\/luxpro.pt\/es\/produto\/testa-eletrica-cv-24p-uni-sf#breadcrumb\"},\"inLanguage\":\"es\",\"potentialAction\":[{\"@type\":\"ReadAction\",\"target\":[\"https:\/\/luxpro.pt\/es\/produto\/testa-eletrica-cv-24p-uni-sf\"]}]},{\"@type\":\"ImageObject\",\"inLanguage\":\"es\",\"@id\":\"https:\/\/luxpro.pt\/es\/produto\/testa-eletrica-cv-24p-uni-sf#primaryimage\",\"url\":\"https:\/\/luxpro.pt\/wp-content\/uploads\/2020\/12\/20600253.png\",\"contentUrl\":\"https:\/\/luxpro.pt\/wp-content\/uploads\/2020\/12\/20600253.png\",\"width\":1272,\"height\":1272},{\"@type\":\"BreadcrumbList\",\"@id\":\"https:\/\/luxpro.pt\/es\/produto\/testa-eletrica-cv-24p-uni-sf#breadcrumb\",\"itemListElement\":[{\"@type\":\"ListItem\",\"position\":1,\"name\":\"In\u00edcio\",\"item\":\"https:\/\/luxpro.pt\/es\"},{\"@type\":\"ListItem\",\"position\":2,\"name\":\"Loja\",\"item\":\"https:\/\/luxpro.pt\/loja\"},{\"@type\":\"ListItem\",\"position\":3,\"name\":\"Trinco Autom\u00e1tico CV-24P\/UNI\/SF GOLMAR\"}]},{\"@type\":\"WebSite\",\"@id\":\"https:\/\/luxpro.pt\/es#website\",\"url\":\"https:\/\/luxpro.pt\/es\",\"name\":\"LuxPro\",\"description\":\"\",\"publisher\":{\"@id\":\"https:\/\/luxpro.pt\/es#\/schema\/person\/2d1bed59a52ad49be71622bef025e341\"},\"potentialAction\":[{\"@type\":\"SearchAction\",\"target\":{\"@type\":\"EntryPoint\",\"urlTemplate\":\"https:\/\/luxpro.pt\/es?s={search_term_string}\"},\"query-input\":{\"@type\":\"PropertyValueSpecification\",\"valueRequired\":true,\"valueName\":\"search_term_string\"}}],\"inLanguage\":\"es\"},{\"@type\":[\"Person\",\"Organization\"],\"@id\":\"https:\/\/luxpro.pt\/es#\/schema\/person\/2d1bed59a52ad49be71622bef025e341\",\"name\":\"Tiago Amadeu Ferreira\",\"image\":{\"@type\":\"ImageObject\",\"inLanguage\":\"es\",\"@id\":\"https:\/\/luxpro.pt\/es#\/schema\/person\/image\/\",\"url\":\"https:\/\/luxpro.pt\/wp-content\/uploads\/2017\/11\/logo.jpg\",\"contentUrl\":\"https:\/\/luxpro.pt\/wp-content\/uploads\/2017\/11\/logo.jpg\",\"width\":150,\"height\":33,\"caption\":\"Tiago Amadeu Ferreira\"},\"logo\":{\"@id\":\"https:\/\/luxpro.pt\/es#\/schema\/person\/image\/\"}}]}<\/script>\n<!-- \/ Yoast SEO plugin. -->","yoast_head_json":{"title":"Trinco Autom\u00e1tico CV-24P\/UNI\/SF GOLMAR - LuxPro","description":"Funcionamento autom\u00e1tico, que permite que a porta seja aberta com uma press\u00e3o no bot\u00e3o de desbloqueio da unidade de apartamento, e \u00e9 novamente bloqueada","robots":{"index":"index","follow":"follow","max-snippet":"max-snippet:-1","max-image-preview":"max-image-preview:large","max-video-preview":"max-video-preview:-1"},"canonical":"https:\/\/luxpro.pt\/es\/produto\/testa-eletrica-cv-24p-uni-sf","og_locale":"es_ES","og_type":"article","og_title":"Trinco Autom\u00e1tico CV-24P\/UNI\/SF GOLMAR - LuxPro","og_description":"Funcionamento autom\u00e1tico, que permite que a porta seja aberta com uma press\u00e3o no bot\u00e3o de desbloqueio da unidade de apartamento, e \u00e9 novamente bloqueada","og_url":"https:\/\/luxpro.pt\/es\/produto\/testa-eletrica-cv-24p-uni-sf","og_site_name":"LuxPro","article_modified_time":"2026-03-09T20:00:25+00:00","og_image":[{"width":1272,"height":1272,"url":"https:\/\/luxpro.pt\/wp-content\/uploads\/2020\/12\/20600253.png","type":"image\/png"}],"twitter_card":"summary_large_image","twitter_misc":{"Tiempo de lectura":"1 minuto"},"schema":{"@context":"https:\/\/schema.org","@graph":[{"@type":"WebPage","@id":"https:\/\/luxpro.pt\/es\/produto\/testa-eletrica-cv-24p-uni-sf","url":"https:\/\/luxpro.pt\/es\/produto\/testa-eletrica-cv-24p-uni-sf","name":"Trinco Autom\u00e1tico CV-24P\/UNI\/SF GOLMAR - LuxPro","isPartOf":{"@id":"https:\/\/luxpro.pt\/es#website"},"primaryImageOfPage":{"@id":"https:\/\/luxpro.pt\/es\/produto\/testa-eletrica-cv-24p-uni-sf#primaryimage"},"image":{"@id":"https:\/\/luxpro.pt\/es\/produto\/testa-eletrica-cv-24p-uni-sf#primaryimage"},"thumbnailUrl":"https:\/\/luxpro.pt\/wp-content\/uploads\/2020\/12\/20600253.png","datePublished":"2020-12-11T14:50:17+00:00","dateModified":"2026-03-09T20:00:25+00:00","description":"Funcionamento autom\u00e1tico, que permite que a porta seja aberta com uma press\u00e3o no bot\u00e3o de desbloqueio da unidade de apartamento, e \u00e9 novamente bloqueada","breadcrumb":{"@id":"https:\/\/luxpro.pt\/es\/produto\/testa-eletrica-cv-24p-uni-sf#breadcrumb"},"inLanguage":"es","potentialAction":[{"@type":"ReadAction","target":["https:\/\/luxpro.pt\/es\/produto\/testa-eletrica-cv-24p-uni-sf"]}]},{"@type":"ImageObject","inLanguage":"es","@id":"https:\/\/luxpro.pt\/es\/produto\/testa-eletrica-cv-24p-uni-sf#primaryimage","url":"https:\/\/luxpro.pt\/wp-content\/uploads\/2020\/12\/20600253.png","contentUrl":"https:\/\/luxpro.pt\/wp-content\/uploads\/2020\/12\/20600253.png","width":1272,"height":1272},{"@type":"BreadcrumbList","@id":"https:\/\/luxpro.pt\/es\/produto\/testa-eletrica-cv-24p-uni-sf#breadcrumb","itemListElement":[{"@type":"ListItem","position":1,"name":"In\u00edcio","item":"https:\/\/luxpro.pt\/es"},{"@type":"ListItem","position":2,"name":"Loja","item":"https:\/\/luxpro.pt\/loja"},{"@type":"ListItem","position":3,"name":"Trinco Autom\u00e1tico CV-24P\/UNI\/SF GOLMAR"}]},{"@type":"WebSite","@id":"https:\/\/luxpro.pt\/es#website","url":"https:\/\/luxpro.pt\/es","name":"LuxPro","description":"","publisher":{"@id":"https:\/\/luxpro.pt\/es#\/schema\/person\/2d1bed59a52ad49be71622bef025e341"},"potentialAction":[{"@type":"SearchAction","target":{"@type":"EntryPoint","urlTemplate":"https:\/\/luxpro.pt\/es?s={search_term_string}"},"query-input":{"@type":"PropertyValueSpecification","valueRequired":true,"valueName":"search_term_string"}}],"inLanguage":"es"},{"@type":["Person","Organization"],"@id":"https:\/\/luxpro.pt\/es#\/schema\/person\/2d1bed59a52ad49be71622bef025e341","name":"Tiago Amadeu Ferreira","image":{"@type":"ImageObject","inLanguage":"es","@id":"https:\/\/luxpro.pt\/es#\/schema\/person\/image\/","url":"https:\/\/luxpro.pt\/wp-content\/uploads\/2017\/11\/logo.jpg","contentUrl":"https:\/\/luxpro.pt\/wp-content\/uploads\/2017\/11\/logo.jpg","width":150,"height":33,"caption":"Tiago Amadeu Ferreira"},"logo":{"@id":"https:\/\/luxpro.pt\/es#\/schema\/person\/image\/"}}]}},"tiered_pricing_type":"fixed","tiered_pricing_fixed_rules":[],"tiered_pricing_product_settings":{"layout":"default","base_unit_name":{"singular":null,"plural":null},"default_variation":null},"tiered_pricing_minimum_quantity":null,"tiered_pricing_roles_data":[],"tiered_pricing_percentage_rules":[],"_links":{"self":[{"href":"https:\/\/luxpro.pt\/es\/wp-json\/wp\/v2\/product\/7387","targetHints":{"allow":["GET"]}}],"collection":[{"href":"https:\/\/luxpro.pt\/es\/wp-json\/wp\/v2\/product"}],"about":[{"href":"https:\/\/luxpro.pt\/es\/wp-json\/wp\/v2\/types\/product"}],"replies":[{"embeddable":true,"href":"https:\/\/luxpro.pt\/es\/wp-json\/wp\/v2\/comments?post=7387"}],"wp:featuredmedia":[{"embeddable":true,"href":"https:\/\/luxpro.pt\/es\/wp-json\/wp\/v2\/media\/7388"}],"wp:attachment":[{"href":"https:\/\/luxpro.pt\/es\/wp-json\/wp\/v2\/media?parent=7387"}],"wp:term":[{"taxonomy":"product_brand","embeddable":true,"href":"https:\/\/luxpro.pt\/es\/wp-json\/wp\/v2\/product_brand?post=7387"},{"taxonomy":"product_cat","embeddable":true,"href":"https:\/\/luxpro.pt\/es\/wp-json\/wp\/v2\/product_cat?post=7387"},{"taxonomy":"product_tag","embeddable":true,"href":"https:\/\/luxpro.pt\/es\/wp-json\/wp\/v2\/product_tag?post=7387"}],"curies":[{"name":"wp","href":"https:\/\/api.w.org\/{rel}","templated":true}]}}