{"id":752,"date":"2018-09-04T10:53:08","date_gmt":"2018-09-04T10:53:08","guid":{"rendered":"https:\/\/luxpro.pt\/produto\/luminaria-para-iluminacao-publica-e27-sophis-frlso\/"},"modified":"2023-06-22T15:18:42","modified_gmt":"2023-06-22T14:18:42","slug":"luminaria-para-iluminacao-publica-e27-sophis-frlso","status":"publish","type":"product","link":"https:\/\/luxpro.pt\/es\/produto\/luminaria-para-iluminacao-publica-e27-sophis-frlso","title":{"rendered":"Lumin\u00e1ria de Ilumina\u00e7\u00e3o P\u00fablica E27 Sophis"},"content":{"rendered":"<p>\u2022 Lumina\u0301ria compacta com equipamento ele\u0301trico integrado para uso com la\u0302mpada de descarga ou la\u0302mpada LED;<br \/>\n\u2022 Corpo em termoduro moldado por injec\u0327a\u0303o. Acabamento disponi\u0301vel na cor Cinza;<br \/>\n\u2022 Lumina\u0301ria IP65 selada atrave\u0301s de um vedante em silicone anticorrosa\u0303o, assegu- rando um elevado ni\u0301vel de estanquidade ao longo do tempo;<br \/>\n\u2022 O sistema de abertura deste artigo procede atrave\u0301s de tre\u0302s clips de fecho em ac\u0327o inoxida\u0301vel;<br \/>\n\u2022 Difusor, em vidro temperado de 4mm, resistente a choques te\u0301rmicos e meca\u0302ni- cos;<br \/>\n\u2022 Equipamento ele\u0301trico, alimentac\u0327a\u0303o 230-240V\/50Hz, com balastro ferromagne\u0301ti- co;<br \/>\n\u2022 Dispositivo de fixac\u0327a\u0303o da lumina\u0301ria, atrave\u0301s de uma ro\u0301tula orienta\u0301vel, compati\u0301vel com tubo de 60 \/ 42mm.<\/p>\n","protected":false},"excerpt":{"rendered":"<p>\u2022 Lumina\u0301ria compacta com equipamento ele\u0301trico integrado para uso com la\u0302mpada de descarga ou la\u0302mpada LED; \u2022 Corpo em termoduro moldado por injec\u0327a\u0303o. Acabamento disponi\u0301vel na cor Cinza; \u2022 Lumina\u0301ria IP65 selada atrave\u0301s de um vedante em silicone anticorrosa\u0303o, assegu- rando um elevado ni\u0301vel de estanquidade ao longo do tempo; \u2022 O sistema de abertura deste artigo procede atrave\u0301s de [&hellip;]<\/p>\n","protected":false},"featured_media":753,"comment_status":"closed","ping_status":"closed","template":"","meta":[],"product_brand":[],"product_cat":[1191,24],"product_tag":[790,788,930,920,798,931],"class_list":{"0":"post-752","1":"product","2":"type-product","3":"status-publish","4":"has-post-thumbnail","6":"product_cat-iluminacao-industrial","7":"product_cat-materiais-de-iluminacao","8":"product_tag-e27","9":"product_tag-iluminacao","10":"product_tag-industrial","11":"product_tag-ip65","12":"product_tag-led","13":"product_tag-publica","14":"pa_medida-mm-a148xl241x-p515mm","15":"pa_material-de-fabrico-termodur","16":"pa_acabamento-cinza-ral-7035","17":"pa_potencia-admissivel-70w","18":"pa_suporte-da-lampada-e27","19":"pa_tensao-de-entrada-230-240v-50hz","20":"pa_resistencia-mecanica-ik08","21":"pa_grau-de-isolamento-classe-i","22":"pa_dimensoes-a148xl241x-p515mm","23":"pa_tipo-de-equipamento-im-vs","25":"first","26":"instock","27":"taxable","28":"shipping-taxable","29":"purchasable","30":"product-type-simple"},"yoast_head":"<!-- This site is optimized with the Yoast SEO plugin v26.5 - https:\/\/yoast.com\/wordpress\/plugins\/seo\/ -->\n<title>Lumin\u00e1ria de Ilumina\u00e7\u00e3o P\u00fablica E27 Sophis - LuxPro<\/title>\n<meta name=\"description\" content=\"\u2022 Lumina\u0301ria compacta com equipamento ele\u0301trico integrado para uso com la\u0302mpada de descarga ou la\u0302mpada LED; \u2022 Corpo em termoduro moldado por injec\u0327a\u0303o.\" \/>\n<meta name=\"robots\" content=\"index, follow, max-snippet:-1, max-image-preview:large, max-video-preview:-1\" \/>\n<link rel=\"canonical\" href=\"https:\/\/luxpro.pt\/es\/produto\/luminaria-para-iluminacao-publica-e27-sophis-frlso\" \/>\n<meta property=\"og:locale\" content=\"es_ES\" \/>\n<meta property=\"og:type\" content=\"article\" \/>\n<meta property=\"og:title\" content=\"Lumin\u00e1ria de Ilumina\u00e7\u00e3o P\u00fablica E27 Sophis - LuxPro\" \/>\n<meta property=\"og:description\" content=\"\u2022 Lumina\u0301ria compacta com equipamento ele\u0301trico integrado para uso com la\u0302mpada de descarga ou la\u0302mpada LED; \u2022 Corpo em termoduro moldado por injec\u0327a\u0303o.\" \/>\n<meta property=\"og:url\" content=\"https:\/\/luxpro.pt\/es\/produto\/luminaria-para-iluminacao-publica-e27-sophis-frlso\" \/>\n<meta property=\"og:site_name\" content=\"LuxPro\" \/>\n<meta property=\"article:modified_time\" content=\"2023-06-22T14:18:42+00:00\" \/>\n<meta property=\"og:image\" content=\"https:\/\/luxpro.pt\/wp-content\/uploads\/2018\/09\/SOPHIS.jpg\" \/>\n\t<meta property=\"og:image:width\" content=\"1000\" \/>\n\t<meta property=\"og:image:height\" content=\"1000\" \/>\n\t<meta property=\"og:image:type\" content=\"image\/jpeg\" \/>\n<meta name=\"twitter:card\" content=\"summary_large_image\" \/>\n<meta name=\"twitter:label1\" content=\"Tiempo de lectura\" \/>\n\t<meta name=\"twitter:data1\" content=\"1 minuto\" \/>\n<script type=\"application\/ld+json\" class=\"yoast-schema-graph\">{\"@context\":\"https:\/\/schema.org\",\"@graph\":[{\"@type\":\"WebPage\",\"@id\":\"https:\/\/luxpro.pt\/es\/produto\/luminaria-para-iluminacao-publica-e27-sophis-frlso\",\"url\":\"https:\/\/luxpro.pt\/es\/produto\/luminaria-para-iluminacao-publica-e27-sophis-frlso\",\"name\":\"Lumin\u00e1ria de Ilumina\u00e7\u00e3o P\u00fablica E27 Sophis - LuxPro\",\"isPartOf\":{\"@id\":\"https:\/\/luxpro.pt\/es#website\"},\"primaryImageOfPage\":{\"@id\":\"https:\/\/luxpro.pt\/es\/produto\/luminaria-para-iluminacao-publica-e27-sophis-frlso#primaryimage\"},\"image\":{\"@id\":\"https:\/\/luxpro.pt\/es\/produto\/luminaria-para-iluminacao-publica-e27-sophis-frlso#primaryimage\"},\"thumbnailUrl\":\"https:\/\/luxpro.pt\/wp-content\/uploads\/2018\/09\/SOPHIS.jpg\",\"datePublished\":\"2018-09-04T10:53:08+00:00\",\"dateModified\":\"2023-06-22T14:18:42+00:00\",\"description\":\"\u2022 Lumina\u0301ria compacta com equipamento ele\u0301trico integrado para uso com la\u0302mpada de descarga ou la\u0302mpada LED; \u2022 Corpo em termoduro moldado por injec\u0327a\u0303o.\",\"breadcrumb\":{\"@id\":\"https:\/\/luxpro.pt\/es\/produto\/luminaria-para-iluminacao-publica-e27-sophis-frlso#breadcrumb\"},\"inLanguage\":\"es\",\"potentialAction\":[{\"@type\":\"ReadAction\",\"target\":[\"https:\/\/luxpro.pt\/es\/produto\/luminaria-para-iluminacao-publica-e27-sophis-frlso\"]}]},{\"@type\":\"ImageObject\",\"inLanguage\":\"es\",\"@id\":\"https:\/\/luxpro.pt\/es\/produto\/luminaria-para-iluminacao-publica-e27-sophis-frlso#primaryimage\",\"url\":\"https:\/\/luxpro.pt\/wp-content\/uploads\/2018\/09\/SOPHIS.jpg\",\"contentUrl\":\"https:\/\/luxpro.pt\/wp-content\/uploads\/2018\/09\/SOPHIS.jpg\",\"width\":1000,\"height\":1000},{\"@type\":\"BreadcrumbList\",\"@id\":\"https:\/\/luxpro.pt\/es\/produto\/luminaria-para-iluminacao-publica-e27-sophis-frlso#breadcrumb\",\"itemListElement\":[{\"@type\":\"ListItem\",\"position\":1,\"name\":\"In\u00edcio\",\"item\":\"https:\/\/luxpro.pt\/es\"},{\"@type\":\"ListItem\",\"position\":2,\"name\":\"Loja\",\"item\":\"https:\/\/luxpro.pt\/loja\"},{\"@type\":\"ListItem\",\"position\":3,\"name\":\"Lumin\u00e1ria de Ilumina\u00e7\u00e3o P\u00fablica E27 Sophis\"}]},{\"@type\":\"WebSite\",\"@id\":\"https:\/\/luxpro.pt\/es#website\",\"url\":\"https:\/\/luxpro.pt\/es\",\"name\":\"LuxPro\",\"description\":\"\",\"publisher\":{\"@id\":\"https:\/\/luxpro.pt\/es#\/schema\/person\/2d1bed59a52ad49be71622bef025e341\"},\"potentialAction\":[{\"@type\":\"SearchAction\",\"target\":{\"@type\":\"EntryPoint\",\"urlTemplate\":\"https:\/\/luxpro.pt\/es?s={search_term_string}\"},\"query-input\":{\"@type\":\"PropertyValueSpecification\",\"valueRequired\":true,\"valueName\":\"search_term_string\"}}],\"inLanguage\":\"es\"},{\"@type\":[\"Person\",\"Organization\"],\"@id\":\"https:\/\/luxpro.pt\/es#\/schema\/person\/2d1bed59a52ad49be71622bef025e341\",\"name\":\"Tiago Amadeu Ferreira\",\"image\":{\"@type\":\"ImageObject\",\"inLanguage\":\"es\",\"@id\":\"https:\/\/luxpro.pt\/es#\/schema\/person\/image\/\",\"url\":\"https:\/\/luxpro.pt\/wp-content\/uploads\/2017\/11\/logo.jpg\",\"contentUrl\":\"https:\/\/luxpro.pt\/wp-content\/uploads\/2017\/11\/logo.jpg\",\"width\":150,\"height\":33,\"caption\":\"Tiago Amadeu Ferreira\"},\"logo\":{\"@id\":\"https:\/\/luxpro.pt\/es#\/schema\/person\/image\/\"}}]}<\/script>\n<!-- \/ Yoast SEO plugin. -->","yoast_head_json":{"title":"Lumin\u00e1ria de Ilumina\u00e7\u00e3o P\u00fablica E27 Sophis - LuxPro","description":"\u2022 Lumina\u0301ria compacta com equipamento ele\u0301trico integrado para uso com la\u0302mpada de descarga ou la\u0302mpada LED; \u2022 Corpo em termoduro moldado por injec\u0327a\u0303o.","robots":{"index":"index","follow":"follow","max-snippet":"max-snippet:-1","max-image-preview":"max-image-preview:large","max-video-preview":"max-video-preview:-1"},"canonical":"https:\/\/luxpro.pt\/es\/produto\/luminaria-para-iluminacao-publica-e27-sophis-frlso","og_locale":"es_ES","og_type":"article","og_title":"Lumin\u00e1ria de Ilumina\u00e7\u00e3o P\u00fablica E27 Sophis - LuxPro","og_description":"\u2022 Lumina\u0301ria compacta com equipamento ele\u0301trico integrado para uso com la\u0302mpada de descarga ou la\u0302mpada LED; \u2022 Corpo em termoduro moldado por injec\u0327a\u0303o.","og_url":"https:\/\/luxpro.pt\/es\/produto\/luminaria-para-iluminacao-publica-e27-sophis-frlso","og_site_name":"LuxPro","article_modified_time":"2023-06-22T14:18:42+00:00","og_image":[{"width":1000,"height":1000,"url":"https:\/\/luxpro.pt\/wp-content\/uploads\/2018\/09\/SOPHIS.jpg","type":"image\/jpeg"}],"twitter_card":"summary_large_image","twitter_misc":{"Tiempo de lectura":"1 minuto"},"schema":{"@context":"https:\/\/schema.org","@graph":[{"@type":"WebPage","@id":"https:\/\/luxpro.pt\/es\/produto\/luminaria-para-iluminacao-publica-e27-sophis-frlso","url":"https:\/\/luxpro.pt\/es\/produto\/luminaria-para-iluminacao-publica-e27-sophis-frlso","name":"Lumin\u00e1ria de Ilumina\u00e7\u00e3o P\u00fablica E27 Sophis - LuxPro","isPartOf":{"@id":"https:\/\/luxpro.pt\/es#website"},"primaryImageOfPage":{"@id":"https:\/\/luxpro.pt\/es\/produto\/luminaria-para-iluminacao-publica-e27-sophis-frlso#primaryimage"},"image":{"@id":"https:\/\/luxpro.pt\/es\/produto\/luminaria-para-iluminacao-publica-e27-sophis-frlso#primaryimage"},"thumbnailUrl":"https:\/\/luxpro.pt\/wp-content\/uploads\/2018\/09\/SOPHIS.jpg","datePublished":"2018-09-04T10:53:08+00:00","dateModified":"2023-06-22T14:18:42+00:00","description":"\u2022 Lumina\u0301ria compacta com equipamento ele\u0301trico integrado para uso com la\u0302mpada de descarga ou la\u0302mpada LED; \u2022 Corpo em termoduro moldado por injec\u0327a\u0303o.","breadcrumb":{"@id":"https:\/\/luxpro.pt\/es\/produto\/luminaria-para-iluminacao-publica-e27-sophis-frlso#breadcrumb"},"inLanguage":"es","potentialAction":[{"@type":"ReadAction","target":["https:\/\/luxpro.pt\/es\/produto\/luminaria-para-iluminacao-publica-e27-sophis-frlso"]}]},{"@type":"ImageObject","inLanguage":"es","@id":"https:\/\/luxpro.pt\/es\/produto\/luminaria-para-iluminacao-publica-e27-sophis-frlso#primaryimage","url":"https:\/\/luxpro.pt\/wp-content\/uploads\/2018\/09\/SOPHIS.jpg","contentUrl":"https:\/\/luxpro.pt\/wp-content\/uploads\/2018\/09\/SOPHIS.jpg","width":1000,"height":1000},{"@type":"BreadcrumbList","@id":"https:\/\/luxpro.pt\/es\/produto\/luminaria-para-iluminacao-publica-e27-sophis-frlso#breadcrumb","itemListElement":[{"@type":"ListItem","position":1,"name":"In\u00edcio","item":"https:\/\/luxpro.pt\/es"},{"@type":"ListItem","position":2,"name":"Loja","item":"https:\/\/luxpro.pt\/loja"},{"@type":"ListItem","position":3,"name":"Lumin\u00e1ria de Ilumina\u00e7\u00e3o P\u00fablica E27 Sophis"}]},{"@type":"WebSite","@id":"https:\/\/luxpro.pt\/es#website","url":"https:\/\/luxpro.pt\/es","name":"LuxPro","description":"","publisher":{"@id":"https:\/\/luxpro.pt\/es#\/schema\/person\/2d1bed59a52ad49be71622bef025e341"},"potentialAction":[{"@type":"SearchAction","target":{"@type":"EntryPoint","urlTemplate":"https:\/\/luxpro.pt\/es?s={search_term_string}"},"query-input":{"@type":"PropertyValueSpecification","valueRequired":true,"valueName":"search_term_string"}}],"inLanguage":"es"},{"@type":["Person","Organization"],"@id":"https:\/\/luxpro.pt\/es#\/schema\/person\/2d1bed59a52ad49be71622bef025e341","name":"Tiago Amadeu Ferreira","image":{"@type":"ImageObject","inLanguage":"es","@id":"https:\/\/luxpro.pt\/es#\/schema\/person\/image\/","url":"https:\/\/luxpro.pt\/wp-content\/uploads\/2017\/11\/logo.jpg","contentUrl":"https:\/\/luxpro.pt\/wp-content\/uploads\/2017\/11\/logo.jpg","width":150,"height":33,"caption":"Tiago Amadeu Ferreira"},"logo":{"@id":"https:\/\/luxpro.pt\/es#\/schema\/person\/image\/"}}]}},"tiered_pricing_type":"fixed","tiered_pricing_fixed_rules":[],"tiered_pricing_product_settings":{"layout":"default","base_unit_name":{"singular":null,"plural":null},"default_variation":null},"tiered_pricing_minimum_quantity":null,"tiered_pricing_roles_data":[],"tiered_pricing_percentage_rules":[],"_links":{"self":[{"href":"https:\/\/luxpro.pt\/es\/wp-json\/wp\/v2\/product\/752","targetHints":{"allow":["GET"]}}],"collection":[{"href":"https:\/\/luxpro.pt\/es\/wp-json\/wp\/v2\/product"}],"about":[{"href":"https:\/\/luxpro.pt\/es\/wp-json\/wp\/v2\/types\/product"}],"replies":[{"embeddable":true,"href":"https:\/\/luxpro.pt\/es\/wp-json\/wp\/v2\/comments?post=752"}],"wp:featuredmedia":[{"embeddable":true,"href":"https:\/\/luxpro.pt\/es\/wp-json\/wp\/v2\/media\/753"}],"wp:attachment":[{"href":"https:\/\/luxpro.pt\/es\/wp-json\/wp\/v2\/media?parent=752"}],"wp:term":[{"taxonomy":"product_brand","embeddable":true,"href":"https:\/\/luxpro.pt\/es\/wp-json\/wp\/v2\/product_brand?post=752"},{"taxonomy":"product_cat","embeddable":true,"href":"https:\/\/luxpro.pt\/es\/wp-json\/wp\/v2\/product_cat?post=752"},{"taxonomy":"product_tag","embeddable":true,"href":"https:\/\/luxpro.pt\/es\/wp-json\/wp\/v2\/product_tag?post=752"}],"curies":[{"name":"wp","href":"https:\/\/api.w.org\/{rel}","templated":true}]}}