{"id":7721,"date":"2021-01-29T19:01:44","date_gmt":"2021-01-29T19:01:44","guid":{"rendered":"https:\/\/luxpro.pt\/?post_type=product&#038;p=7721"},"modified":"2023-06-28T17:48:52","modified_gmt":"2023-06-28T16:48:52","slug":"kit-videoporteiro-s5110-art-7-lite","status":"publish","type":"product","link":"https:\/\/luxpro.pt\/es\/produto\/kit-videoporteiro-s5110-art-7-lite","title":{"rendered":"Kit V\u00eddeo Porteiro S5110\/ART 7 LITE"},"content":{"rendered":"<p>Kit de v\u00eddeo porteiro Soul com tecnologia 2 fios.<\/p>\n<p>SOUL-7 \/ LITE painel externo \u00e0 prova de vandalismo para um bot\u00e3o de chamada.<br \/>\nMonitor ART 7 LITE \/ G2 + 7 &#8220;com as m\u00e3os livres.<br \/>\nFonte de alimenta\u00e7\u00e3o FA-G2 + \/ LITE.<\/p>\n<p><strong>ART 7 LITE\/G2+ MONITOR<\/strong><\/p>\n<p>Monitor m\u00e3os-livres para instala\u00e7\u00e3o \u00e0 superf\u00edcie.<br \/>\nTela de 7 &#8220;com bot\u00f5es de navega\u00e7\u00e3o capacitivos.<br \/>\nAlto-falantes de alta efici\u00eancia.<br \/>\nComunica\u00e7\u00f5es de \u00e1udio, v\u00eddeo e abertura de portas secretas.<br \/>\nFun\u00e7\u00f5es de v\u00eddeo-espi\u00e3o, in\u00edcio autom\u00e1tico, modo m\u00e9dico e n\u00e3o perturbe.<br \/>\nIntercomunica\u00e7\u00e3o com outras unidades da casa de forma seletiva.<br \/>\nDiferentes tons de toque selecion\u00e1veis.<br \/>\nLiga\u00e7\u00e3o ao bot\u00e3o da porta de entrada, que dispensa o uso da campainha.<br \/>\nDimens\u00f5es: 222 (L) x 154 (A) x 15 (P) mm.<br \/>\nAt\u00e9 4 monitores na mesma casa sem alimenta\u00e7\u00e3o adicional.<\/p>\n<p><strong>ANTI-VANDALISMO SOUL-7\/LITE PAINEL<\/strong><\/p>\n<p>Frente em zamak com acabamento em grafite.<br \/>\nC\u00e2mara CMOS 120\u00ba.<br \/>\nPainel da porta \u00e0 prova de vandalismo (IK-07) e \u00e0 prova de intemp\u00e9ries (IP-44).<br \/>\nLEDs de inicializa\u00e7\u00e3o autom\u00e1tica dependendo da ilumina\u00e7\u00e3o externa.<br \/>\n\u00cdcones de guia de cores indicam os diferentes estados do sistema (chamada em andamento, comunica\u00e7\u00e3o, abertura de porta ou sistema ocupado).<br \/>\nBot\u00e3o de chamada met\u00e1lico.<br \/>\nComunica\u00e7\u00e3o secreta de \u00e1udio, v\u00eddeo e abertura de portas.<br \/>\nSa\u00edda de rel\u00e9 para acionamento de duas portas.<br \/>\nConex\u00e3o com c\u00e2mara anal\u00f3gica de CFTV.<br \/>\nInstala\u00e7\u00e3o de superf\u00edcie.<br \/>\nDimens\u00f5es: 90 (L) x 170 (A) x 27 (P) mm.<\/p>\n","protected":false},"excerpt":{"rendered":"<p>Kit de v\u00eddeo porteiro Soul com tecnologia 2 fios. SOUL-7 \/ LITE painel externo \u00e0 prova de vandalismo para um bot\u00e3o de chamada. Monitor ART 7 LITE \/ G2 + 7 &#8220;com as m\u00e3os livres. Fonte de alimenta\u00e7\u00e3o FA-G2 + \/ LITE. ART 7 LITE\/G2+ MONITOR Monitor m\u00e3os-livres para instala\u00e7\u00e3o \u00e0 superf\u00edcie. Tela de 7 &#8220;com bot\u00f5es de navega\u00e7\u00e3o capacitivos. [&hellip;]<\/p>\n","protected":false},"featured_media":7728,"comment_status":"open","ping_status":"closed","template":"","meta":[],"product_brand":[],"product_cat":[663],"product_tag":[1218,807,801,781,1219,808,1217,1220,785],"class_list":{"0":"post-7721","1":"product","2":"type-product","3":"status-publish","4":"has-post-thumbnail","6":"product_cat-kits","7":"product_tag-art-7","8":"product_tag-botao","9":"product_tag-campainha","10":"product_tag-golmar","11":"product_tag-lite","12":"product_tag-porteiro","13":"product_tag-s5110","14":"product_tag-soul","15":"product_tag-videoporteiro","17":"first","18":"instock","19":"taxable","20":"shipping-taxable","21":"purchasable","22":"product-type-simple"},"yoast_head":"<!-- This site is optimized with the Yoast SEO plugin v26.5 - https:\/\/yoast.com\/wordpress\/plugins\/seo\/ -->\n<title>Kit V\u00eddeo Porteiro S5110\/ART 7 LITE - LuxPro<\/title>\n<meta name=\"description\" content=\"Kit de v\u00eddeo porteiro Soul com tecnologia 2 fios. SOUL-7 \/ LITE painel externo \u00e0 prova de vandalismo para um bot\u00e3o de chamada. Monitor ART 7 LITE \/ G2 + 7\" \/>\n<meta name=\"robots\" content=\"index, follow, max-snippet:-1, max-image-preview:large, max-video-preview:-1\" \/>\n<link rel=\"canonical\" href=\"https:\/\/luxpro.pt\/es\/produto\/kit-videoporteiro-s5110-art-7-lite\" \/>\n<meta property=\"og:locale\" content=\"es_ES\" \/>\n<meta property=\"og:type\" content=\"article\" \/>\n<meta property=\"og:title\" content=\"Kit V\u00eddeo Porteiro S5110\/ART 7 LITE - LuxPro\" \/>\n<meta property=\"og:description\" content=\"Kit de v\u00eddeo porteiro Soul com tecnologia 2 fios. SOUL-7 \/ LITE painel externo \u00e0 prova de vandalismo para um bot\u00e3o de chamada. Monitor ART 7 LITE \/ G2 + 7\" \/>\n<meta property=\"og:url\" content=\"https:\/\/luxpro.pt\/es\/produto\/kit-videoporteiro-s5110-art-7-lite\" \/>\n<meta property=\"og:site_name\" content=\"LuxPro\" \/>\n<meta property=\"article:modified_time\" content=\"2023-06-28T16:48:52+00:00\" \/>\n<meta property=\"og:image\" content=\"https:\/\/luxpro.pt\/wp-content\/uploads\/2021\/01\/12205120-2.png\" \/>\n\t<meta property=\"og:image:width\" content=\"1694\" \/>\n\t<meta property=\"og:image:height\" content=\"1284\" \/>\n\t<meta property=\"og:image:type\" content=\"image\/png\" \/>\n<meta name=\"twitter:card\" content=\"summary_large_image\" \/>\n<meta name=\"twitter:label1\" content=\"Tiempo de lectura\" \/>\n\t<meta name=\"twitter:data1\" content=\"2 minutos\" \/>\n<script type=\"application\/ld+json\" class=\"yoast-schema-graph\">{\"@context\":\"https:\/\/schema.org\",\"@graph\":[{\"@type\":\"WebPage\",\"@id\":\"https:\/\/luxpro.pt\/es\/produto\/kit-videoporteiro-s5110-art-7-lite\",\"url\":\"https:\/\/luxpro.pt\/es\/produto\/kit-videoporteiro-s5110-art-7-lite\",\"name\":\"Kit V\u00eddeo Porteiro S5110\/ART 7 LITE - LuxPro\",\"isPartOf\":{\"@id\":\"https:\/\/luxpro.pt\/es#website\"},\"primaryImageOfPage\":{\"@id\":\"https:\/\/luxpro.pt\/es\/produto\/kit-videoporteiro-s5110-art-7-lite#primaryimage\"},\"image\":{\"@id\":\"https:\/\/luxpro.pt\/es\/produto\/kit-videoporteiro-s5110-art-7-lite#primaryimage\"},\"thumbnailUrl\":\"https:\/\/luxpro.pt\/wp-content\/uploads\/2021\/01\/12205120-2.png\",\"datePublished\":\"2021-01-29T19:01:44+00:00\",\"dateModified\":\"2023-06-28T16:48:52+00:00\",\"description\":\"Kit de v\u00eddeo porteiro Soul com tecnologia 2 fios. SOUL-7 \/ LITE painel externo \u00e0 prova de vandalismo para um bot\u00e3o de chamada. Monitor ART 7 LITE \/ G2 + 7\",\"breadcrumb\":{\"@id\":\"https:\/\/luxpro.pt\/es\/produto\/kit-videoporteiro-s5110-art-7-lite#breadcrumb\"},\"inLanguage\":\"es\",\"potentialAction\":[{\"@type\":\"ReadAction\",\"target\":[\"https:\/\/luxpro.pt\/es\/produto\/kit-videoporteiro-s5110-art-7-lite\"]}]},{\"@type\":\"ImageObject\",\"inLanguage\":\"es\",\"@id\":\"https:\/\/luxpro.pt\/es\/produto\/kit-videoporteiro-s5110-art-7-lite#primaryimage\",\"url\":\"https:\/\/luxpro.pt\/wp-content\/uploads\/2021\/01\/12205120-2.png\",\"contentUrl\":\"https:\/\/luxpro.pt\/wp-content\/uploads\/2021\/01\/12205120-2.png\",\"width\":1694,\"height\":1284},{\"@type\":\"BreadcrumbList\",\"@id\":\"https:\/\/luxpro.pt\/es\/produto\/kit-videoporteiro-s5110-art-7-lite#breadcrumb\",\"itemListElement\":[{\"@type\":\"ListItem\",\"position\":1,\"name\":\"In\u00edcio\",\"item\":\"https:\/\/luxpro.pt\/es\"},{\"@type\":\"ListItem\",\"position\":2,\"name\":\"Loja\",\"item\":\"https:\/\/luxpro.pt\/loja\"},{\"@type\":\"ListItem\",\"position\":3,\"name\":\"Kit V\u00eddeo Porteiro S5110\/ART 7 LITE\"}]},{\"@type\":\"WebSite\",\"@id\":\"https:\/\/luxpro.pt\/es#website\",\"url\":\"https:\/\/luxpro.pt\/es\",\"name\":\"LuxPro\",\"description\":\"\",\"publisher\":{\"@id\":\"https:\/\/luxpro.pt\/es#\/schema\/person\/2d1bed59a52ad49be71622bef025e341\"},\"potentialAction\":[{\"@type\":\"SearchAction\",\"target\":{\"@type\":\"EntryPoint\",\"urlTemplate\":\"https:\/\/luxpro.pt\/es?s={search_term_string}\"},\"query-input\":{\"@type\":\"PropertyValueSpecification\",\"valueRequired\":true,\"valueName\":\"search_term_string\"}}],\"inLanguage\":\"es\"},{\"@type\":[\"Person\",\"Organization\"],\"@id\":\"https:\/\/luxpro.pt\/es#\/schema\/person\/2d1bed59a52ad49be71622bef025e341\",\"name\":\"Tiago Amadeu Ferreira\",\"image\":{\"@type\":\"ImageObject\",\"inLanguage\":\"es\",\"@id\":\"https:\/\/luxpro.pt\/es#\/schema\/person\/image\/\",\"url\":\"https:\/\/luxpro.pt\/wp-content\/uploads\/2017\/11\/logo.jpg\",\"contentUrl\":\"https:\/\/luxpro.pt\/wp-content\/uploads\/2017\/11\/logo.jpg\",\"width\":150,\"height\":33,\"caption\":\"Tiago Amadeu Ferreira\"},\"logo\":{\"@id\":\"https:\/\/luxpro.pt\/es#\/schema\/person\/image\/\"}}]}<\/script>\n<!-- \/ Yoast SEO plugin. -->","yoast_head_json":{"title":"Kit V\u00eddeo Porteiro S5110\/ART 7 LITE - LuxPro","description":"Kit de v\u00eddeo porteiro Soul com tecnologia 2 fios. SOUL-7 \/ LITE painel externo \u00e0 prova de vandalismo para um bot\u00e3o de chamada. Monitor ART 7 LITE \/ G2 + 7","robots":{"index":"index","follow":"follow","max-snippet":"max-snippet:-1","max-image-preview":"max-image-preview:large","max-video-preview":"max-video-preview:-1"},"canonical":"https:\/\/luxpro.pt\/es\/produto\/kit-videoporteiro-s5110-art-7-lite","og_locale":"es_ES","og_type":"article","og_title":"Kit V\u00eddeo Porteiro S5110\/ART 7 LITE - LuxPro","og_description":"Kit de v\u00eddeo porteiro Soul com tecnologia 2 fios. SOUL-7 \/ LITE painel externo \u00e0 prova de vandalismo para um bot\u00e3o de chamada. Monitor ART 7 LITE \/ G2 + 7","og_url":"https:\/\/luxpro.pt\/es\/produto\/kit-videoporteiro-s5110-art-7-lite","og_site_name":"LuxPro","article_modified_time":"2023-06-28T16:48:52+00:00","og_image":[{"width":1694,"height":1284,"url":"https:\/\/luxpro.pt\/wp-content\/uploads\/2021\/01\/12205120-2.png","type":"image\/png"}],"twitter_card":"summary_large_image","twitter_misc":{"Tiempo de lectura":"2 minutos"},"schema":{"@context":"https:\/\/schema.org","@graph":[{"@type":"WebPage","@id":"https:\/\/luxpro.pt\/es\/produto\/kit-videoporteiro-s5110-art-7-lite","url":"https:\/\/luxpro.pt\/es\/produto\/kit-videoporteiro-s5110-art-7-lite","name":"Kit V\u00eddeo Porteiro S5110\/ART 7 LITE - LuxPro","isPartOf":{"@id":"https:\/\/luxpro.pt\/es#website"},"primaryImageOfPage":{"@id":"https:\/\/luxpro.pt\/es\/produto\/kit-videoporteiro-s5110-art-7-lite#primaryimage"},"image":{"@id":"https:\/\/luxpro.pt\/es\/produto\/kit-videoporteiro-s5110-art-7-lite#primaryimage"},"thumbnailUrl":"https:\/\/luxpro.pt\/wp-content\/uploads\/2021\/01\/12205120-2.png","datePublished":"2021-01-29T19:01:44+00:00","dateModified":"2023-06-28T16:48:52+00:00","description":"Kit de v\u00eddeo porteiro Soul com tecnologia 2 fios. SOUL-7 \/ LITE painel externo \u00e0 prova de vandalismo para um bot\u00e3o de chamada. Monitor ART 7 LITE \/ G2 + 7","breadcrumb":{"@id":"https:\/\/luxpro.pt\/es\/produto\/kit-videoporteiro-s5110-art-7-lite#breadcrumb"},"inLanguage":"es","potentialAction":[{"@type":"ReadAction","target":["https:\/\/luxpro.pt\/es\/produto\/kit-videoporteiro-s5110-art-7-lite"]}]},{"@type":"ImageObject","inLanguage":"es","@id":"https:\/\/luxpro.pt\/es\/produto\/kit-videoporteiro-s5110-art-7-lite#primaryimage","url":"https:\/\/luxpro.pt\/wp-content\/uploads\/2021\/01\/12205120-2.png","contentUrl":"https:\/\/luxpro.pt\/wp-content\/uploads\/2021\/01\/12205120-2.png","width":1694,"height":1284},{"@type":"BreadcrumbList","@id":"https:\/\/luxpro.pt\/es\/produto\/kit-videoporteiro-s5110-art-7-lite#breadcrumb","itemListElement":[{"@type":"ListItem","position":1,"name":"In\u00edcio","item":"https:\/\/luxpro.pt\/es"},{"@type":"ListItem","position":2,"name":"Loja","item":"https:\/\/luxpro.pt\/loja"},{"@type":"ListItem","position":3,"name":"Kit V\u00eddeo Porteiro S5110\/ART 7 LITE"}]},{"@type":"WebSite","@id":"https:\/\/luxpro.pt\/es#website","url":"https:\/\/luxpro.pt\/es","name":"LuxPro","description":"","publisher":{"@id":"https:\/\/luxpro.pt\/es#\/schema\/person\/2d1bed59a52ad49be71622bef025e341"},"potentialAction":[{"@type":"SearchAction","target":{"@type":"EntryPoint","urlTemplate":"https:\/\/luxpro.pt\/es?s={search_term_string}"},"query-input":{"@type":"PropertyValueSpecification","valueRequired":true,"valueName":"search_term_string"}}],"inLanguage":"es"},{"@type":["Person","Organization"],"@id":"https:\/\/luxpro.pt\/es#\/schema\/person\/2d1bed59a52ad49be71622bef025e341","name":"Tiago Amadeu Ferreira","image":{"@type":"ImageObject","inLanguage":"es","@id":"https:\/\/luxpro.pt\/es#\/schema\/person\/image\/","url":"https:\/\/luxpro.pt\/wp-content\/uploads\/2017\/11\/logo.jpg","contentUrl":"https:\/\/luxpro.pt\/wp-content\/uploads\/2017\/11\/logo.jpg","width":150,"height":33,"caption":"Tiago Amadeu Ferreira"},"logo":{"@id":"https:\/\/luxpro.pt\/es#\/schema\/person\/image\/"}}]}},"tiered_pricing_type":"fixed","tiered_pricing_fixed_rules":[],"tiered_pricing_product_settings":{"layout":"default","base_unit_name":{"singular":null,"plural":null},"default_variation":null},"tiered_pricing_minimum_quantity":null,"tiered_pricing_roles_data":[],"tiered_pricing_percentage_rules":[],"_links":{"self":[{"href":"https:\/\/luxpro.pt\/es\/wp-json\/wp\/v2\/product\/7721","targetHints":{"allow":["GET"]}}],"collection":[{"href":"https:\/\/luxpro.pt\/es\/wp-json\/wp\/v2\/product"}],"about":[{"href":"https:\/\/luxpro.pt\/es\/wp-json\/wp\/v2\/types\/product"}],"replies":[{"embeddable":true,"href":"https:\/\/luxpro.pt\/es\/wp-json\/wp\/v2\/comments?post=7721"}],"wp:featuredmedia":[{"embeddable":true,"href":"https:\/\/luxpro.pt\/es\/wp-json\/wp\/v2\/media\/7728"}],"wp:attachment":[{"href":"https:\/\/luxpro.pt\/es\/wp-json\/wp\/v2\/media?parent=7721"}],"wp:term":[{"taxonomy":"product_brand","embeddable":true,"href":"https:\/\/luxpro.pt\/es\/wp-json\/wp\/v2\/product_brand?post=7721"},{"taxonomy":"product_cat","embeddable":true,"href":"https:\/\/luxpro.pt\/es\/wp-json\/wp\/v2\/product_cat?post=7721"},{"taxonomy":"product_tag","embeddable":true,"href":"https:\/\/luxpro.pt\/es\/wp-json\/wp\/v2\/product_tag?post=7721"}],"curies":[{"name":"wp","href":"https:\/\/api.w.org\/{rel}","templated":true}]}}