{"id":774,"date":"2018-09-04T10:54:02","date_gmt":"2018-09-04T10:54:02","guid":{"rendered":"https:\/\/luxpro.pt\/produto\/caixa-para-material-eletrico-varias-funcoes-fc2m-em-abs-ip54-frlc2m\/"},"modified":"2023-11-09T22:43:25","modified_gmt":"2023-11-09T22:43:25","slug":"caixa-para-material-eletrico-varias-funcoes-fc2m-em-abs-ip54-frlc2m","status":"publish","type":"product","link":"https:\/\/luxpro.pt\/es\/produto\/caixa-para-material-eletrico-varias-funcoes-fc2m-em-abs-ip54-frlc2m","title":{"rendered":"Caixa V\u00e1rias Fun\u00e7\u00f5es FC2M IP54"},"content":{"rendered":"<p>\u2022 Caixa adapt\u00e1vel para ambientes industriais ou dom\u00e9sticos no interior ou exterior do mesmo;<br \/>\n\u2022 Para todo o tipo de instala\u00e7\u00f5es privadas ou publicas de abastecimento de energia em edif\u00edcios;<br \/>\n\u2022 Dotada de uma viseira frontal transparente com tampa em policarbonato para uma melhor visualiza\u00e7\u00e3o de leituras do contador;<br \/>\n\u2022 M\u00e9todo de fecho atrav\u00e9s de uma fechadura triangular ou man\u00edpulo rotativo em policarbonato. Com acabamento na cor preta;<br \/>\n\u2022 Resistentes \u00e0 corros\u00e3o, aos agentes qu\u00edmicos e aos raios UV.<\/p>\n","protected":false},"excerpt":{"rendered":"<p>\u2022 Caixa adapt\u00e1vel para ambientes industriais ou dom\u00e9sticos no interior ou exterior do mesmo; \u2022 Para todo o tipo de instala\u00e7\u00f5es privadas ou publicas de abastecimento de energia em edif\u00edcios; \u2022 Dotada de uma viseira frontal transparente com tampa em policarbonato para uma melhor visualiza\u00e7\u00e3o de leituras do contador; \u2022 M\u00e9todo de fecho atrav\u00e9s de uma fechadura triangular ou man\u00edpulo [&hellip;]<\/p>\n","protected":false},"featured_media":775,"comment_status":"closed","ping_status":"closed","template":"","meta":[],"product_brand":[],"product_cat":[697,26],"product_tag":[],"class_list":{"0":"post-774","1":"product","2":"type-product","3":"status-publish","4":"has-post-thumbnail","6":"product_cat-caixas-contador","7":"product_cat-caixas","8":"pa_material-de-fabrico-abs","9":"pa_acabamento-cinza-ral-7035","10":"pa_resistencia-mecanica-ik08","11":"pa_grau-de-isolamento-classe-ii","12":"pa_dimensoes-l420xa300xp145mm","13":"pa_abertura-da-porta-297","14":"pa_tipo-de-instalacao-embutida-saliente","15":"pa_metodo-de-fecho-fechadura-triangular-ou-manipulo-rotativo","17":"first","18":"instock","19":"taxable","20":"shipping-taxable","21":"purchasable","22":"product-type-simple"},"yoast_head":"<!-- This site is optimized with the Yoast SEO plugin v26.5 - https:\/\/yoast.com\/wordpress\/plugins\/seo\/ -->\n<title>Caixa V\u00e1rias Fun\u00e7\u00f5es FC2M IP54 - LuxPro<\/title>\n<meta name=\"description\" content=\"\u2022 Caixa adapt\u00e1vel para ambientes industriais ou dom\u00e9sticos no interior ou exterior do mesmo; \u2022 Para todo o tipo de instala\u00e7\u00f5es privadas ou publicas de\" \/>\n<meta name=\"robots\" content=\"index, follow, max-snippet:-1, max-image-preview:large, max-video-preview:-1\" \/>\n<link rel=\"canonical\" href=\"https:\/\/luxpro.pt\/es\/produto\/caixa-para-material-eletrico-varias-funcoes-fc2m-em-abs-ip54-frlc2m\" \/>\n<meta property=\"og:locale\" content=\"es_ES\" \/>\n<meta property=\"og:type\" content=\"article\" \/>\n<meta property=\"og:title\" content=\"Caixa V\u00e1rias Fun\u00e7\u00f5es FC2M IP54 - LuxPro\" \/>\n<meta property=\"og:description\" content=\"\u2022 Caixa adapt\u00e1vel para ambientes industriais ou dom\u00e9sticos no interior ou exterior do mesmo; \u2022 Para todo o tipo de instala\u00e7\u00f5es privadas ou publicas de\" \/>\n<meta property=\"og:url\" content=\"https:\/\/luxpro.pt\/es\/produto\/caixa-para-material-eletrico-varias-funcoes-fc2m-em-abs-ip54-frlc2m\" \/>\n<meta property=\"og:site_name\" content=\"LuxPro\" \/>\n<meta property=\"article:modified_time\" content=\"2023-11-09T22:43:25+00:00\" \/>\n<meta property=\"og:image\" content=\"https:\/\/luxpro.pt\/wp-content\/uploads\/2018\/09\/FRLFC2M.jpg\" \/>\n\t<meta property=\"og:image:width\" content=\"1000\" \/>\n\t<meta property=\"og:image:height\" content=\"1000\" \/>\n\t<meta property=\"og:image:type\" content=\"image\/jpeg\" \/>\n<meta name=\"twitter:card\" content=\"summary_large_image\" \/>\n<meta name=\"twitter:label1\" content=\"Tiempo de lectura\" \/>\n\t<meta name=\"twitter:data1\" content=\"1 minuto\" \/>\n<script type=\"application\/ld+json\" class=\"yoast-schema-graph\">{\"@context\":\"https:\/\/schema.org\",\"@graph\":[{\"@type\":\"WebPage\",\"@id\":\"https:\/\/luxpro.pt\/es\/produto\/caixa-para-material-eletrico-varias-funcoes-fc2m-em-abs-ip54-frlc2m\",\"url\":\"https:\/\/luxpro.pt\/es\/produto\/caixa-para-material-eletrico-varias-funcoes-fc2m-em-abs-ip54-frlc2m\",\"name\":\"Caixa V\u00e1rias Fun\u00e7\u00f5es FC2M IP54 - LuxPro\",\"isPartOf\":{\"@id\":\"https:\/\/luxpro.pt\/es#website\"},\"primaryImageOfPage\":{\"@id\":\"https:\/\/luxpro.pt\/es\/produto\/caixa-para-material-eletrico-varias-funcoes-fc2m-em-abs-ip54-frlc2m#primaryimage\"},\"image\":{\"@id\":\"https:\/\/luxpro.pt\/es\/produto\/caixa-para-material-eletrico-varias-funcoes-fc2m-em-abs-ip54-frlc2m#primaryimage\"},\"thumbnailUrl\":\"https:\/\/luxpro.pt\/wp-content\/uploads\/2018\/09\/FRLFC2M.jpg\",\"datePublished\":\"2018-09-04T10:54:02+00:00\",\"dateModified\":\"2023-11-09T22:43:25+00:00\",\"description\":\"\u2022 Caixa adapt\u00e1vel para ambientes industriais ou dom\u00e9sticos no interior ou exterior do mesmo; \u2022 Para todo o tipo de instala\u00e7\u00f5es privadas ou publicas de\",\"breadcrumb\":{\"@id\":\"https:\/\/luxpro.pt\/es\/produto\/caixa-para-material-eletrico-varias-funcoes-fc2m-em-abs-ip54-frlc2m#breadcrumb\"},\"inLanguage\":\"es\",\"potentialAction\":[{\"@type\":\"ReadAction\",\"target\":[\"https:\/\/luxpro.pt\/es\/produto\/caixa-para-material-eletrico-varias-funcoes-fc2m-em-abs-ip54-frlc2m\"]}]},{\"@type\":\"ImageObject\",\"inLanguage\":\"es\",\"@id\":\"https:\/\/luxpro.pt\/es\/produto\/caixa-para-material-eletrico-varias-funcoes-fc2m-em-abs-ip54-frlc2m#primaryimage\",\"url\":\"https:\/\/luxpro.pt\/wp-content\/uploads\/2018\/09\/FRLFC2M.jpg\",\"contentUrl\":\"https:\/\/luxpro.pt\/wp-content\/uploads\/2018\/09\/FRLFC2M.jpg\",\"width\":1000,\"height\":1000},{\"@type\":\"BreadcrumbList\",\"@id\":\"https:\/\/luxpro.pt\/es\/produto\/caixa-para-material-eletrico-varias-funcoes-fc2m-em-abs-ip54-frlc2m#breadcrumb\",\"itemListElement\":[{\"@type\":\"ListItem\",\"position\":1,\"name\":\"In\u00edcio\",\"item\":\"https:\/\/luxpro.pt\/es\"},{\"@type\":\"ListItem\",\"position\":2,\"name\":\"Loja\",\"item\":\"https:\/\/luxpro.pt\/loja\"},{\"@type\":\"ListItem\",\"position\":3,\"name\":\"Caixa V\u00e1rias Fun\u00e7\u00f5es FC2M IP54\"}]},{\"@type\":\"WebSite\",\"@id\":\"https:\/\/luxpro.pt\/es#website\",\"url\":\"https:\/\/luxpro.pt\/es\",\"name\":\"LuxPro\",\"description\":\"\",\"publisher\":{\"@id\":\"https:\/\/luxpro.pt\/es#\/schema\/person\/2d1bed59a52ad49be71622bef025e341\"},\"potentialAction\":[{\"@type\":\"SearchAction\",\"target\":{\"@type\":\"EntryPoint\",\"urlTemplate\":\"https:\/\/luxpro.pt\/es?s={search_term_string}\"},\"query-input\":{\"@type\":\"PropertyValueSpecification\",\"valueRequired\":true,\"valueName\":\"search_term_string\"}}],\"inLanguage\":\"es\"},{\"@type\":[\"Person\",\"Organization\"],\"@id\":\"https:\/\/luxpro.pt\/es#\/schema\/person\/2d1bed59a52ad49be71622bef025e341\",\"name\":\"Tiago Amadeu Ferreira\",\"image\":{\"@type\":\"ImageObject\",\"inLanguage\":\"es\",\"@id\":\"https:\/\/luxpro.pt\/es#\/schema\/person\/image\/\",\"url\":\"https:\/\/luxpro.pt\/wp-content\/uploads\/2017\/11\/logo.jpg\",\"contentUrl\":\"https:\/\/luxpro.pt\/wp-content\/uploads\/2017\/11\/logo.jpg\",\"width\":150,\"height\":33,\"caption\":\"Tiago Amadeu Ferreira\"},\"logo\":{\"@id\":\"https:\/\/luxpro.pt\/es#\/schema\/person\/image\/\"}}]}<\/script>\n<!-- \/ Yoast SEO plugin. -->","yoast_head_json":{"title":"Caixa V\u00e1rias Fun\u00e7\u00f5es FC2M IP54 - LuxPro","description":"\u2022 Caixa adapt\u00e1vel para ambientes industriais ou dom\u00e9sticos no interior ou exterior do mesmo; \u2022 Para todo o tipo de instala\u00e7\u00f5es privadas ou publicas de","robots":{"index":"index","follow":"follow","max-snippet":"max-snippet:-1","max-image-preview":"max-image-preview:large","max-video-preview":"max-video-preview:-1"},"canonical":"https:\/\/luxpro.pt\/es\/produto\/caixa-para-material-eletrico-varias-funcoes-fc2m-em-abs-ip54-frlc2m","og_locale":"es_ES","og_type":"article","og_title":"Caixa V\u00e1rias Fun\u00e7\u00f5es FC2M IP54 - LuxPro","og_description":"\u2022 Caixa adapt\u00e1vel para ambientes industriais ou dom\u00e9sticos no interior ou exterior do mesmo; \u2022 Para todo o tipo de instala\u00e7\u00f5es privadas ou publicas de","og_url":"https:\/\/luxpro.pt\/es\/produto\/caixa-para-material-eletrico-varias-funcoes-fc2m-em-abs-ip54-frlc2m","og_site_name":"LuxPro","article_modified_time":"2023-11-09T22:43:25+00:00","og_image":[{"width":1000,"height":1000,"url":"https:\/\/luxpro.pt\/wp-content\/uploads\/2018\/09\/FRLFC2M.jpg","type":"image\/jpeg"}],"twitter_card":"summary_large_image","twitter_misc":{"Tiempo de lectura":"1 minuto"},"schema":{"@context":"https:\/\/schema.org","@graph":[{"@type":"WebPage","@id":"https:\/\/luxpro.pt\/es\/produto\/caixa-para-material-eletrico-varias-funcoes-fc2m-em-abs-ip54-frlc2m","url":"https:\/\/luxpro.pt\/es\/produto\/caixa-para-material-eletrico-varias-funcoes-fc2m-em-abs-ip54-frlc2m","name":"Caixa V\u00e1rias Fun\u00e7\u00f5es FC2M IP54 - LuxPro","isPartOf":{"@id":"https:\/\/luxpro.pt\/es#website"},"primaryImageOfPage":{"@id":"https:\/\/luxpro.pt\/es\/produto\/caixa-para-material-eletrico-varias-funcoes-fc2m-em-abs-ip54-frlc2m#primaryimage"},"image":{"@id":"https:\/\/luxpro.pt\/es\/produto\/caixa-para-material-eletrico-varias-funcoes-fc2m-em-abs-ip54-frlc2m#primaryimage"},"thumbnailUrl":"https:\/\/luxpro.pt\/wp-content\/uploads\/2018\/09\/FRLFC2M.jpg","datePublished":"2018-09-04T10:54:02+00:00","dateModified":"2023-11-09T22:43:25+00:00","description":"\u2022 Caixa adapt\u00e1vel para ambientes industriais ou dom\u00e9sticos no interior ou exterior do mesmo; \u2022 Para todo o tipo de instala\u00e7\u00f5es privadas ou publicas de","breadcrumb":{"@id":"https:\/\/luxpro.pt\/es\/produto\/caixa-para-material-eletrico-varias-funcoes-fc2m-em-abs-ip54-frlc2m#breadcrumb"},"inLanguage":"es","potentialAction":[{"@type":"ReadAction","target":["https:\/\/luxpro.pt\/es\/produto\/caixa-para-material-eletrico-varias-funcoes-fc2m-em-abs-ip54-frlc2m"]}]},{"@type":"ImageObject","inLanguage":"es","@id":"https:\/\/luxpro.pt\/es\/produto\/caixa-para-material-eletrico-varias-funcoes-fc2m-em-abs-ip54-frlc2m#primaryimage","url":"https:\/\/luxpro.pt\/wp-content\/uploads\/2018\/09\/FRLFC2M.jpg","contentUrl":"https:\/\/luxpro.pt\/wp-content\/uploads\/2018\/09\/FRLFC2M.jpg","width":1000,"height":1000},{"@type":"BreadcrumbList","@id":"https:\/\/luxpro.pt\/es\/produto\/caixa-para-material-eletrico-varias-funcoes-fc2m-em-abs-ip54-frlc2m#breadcrumb","itemListElement":[{"@type":"ListItem","position":1,"name":"In\u00edcio","item":"https:\/\/luxpro.pt\/es"},{"@type":"ListItem","position":2,"name":"Loja","item":"https:\/\/luxpro.pt\/loja"},{"@type":"ListItem","position":3,"name":"Caixa V\u00e1rias Fun\u00e7\u00f5es FC2M IP54"}]},{"@type":"WebSite","@id":"https:\/\/luxpro.pt\/es#website","url":"https:\/\/luxpro.pt\/es","name":"LuxPro","description":"","publisher":{"@id":"https:\/\/luxpro.pt\/es#\/schema\/person\/2d1bed59a52ad49be71622bef025e341"},"potentialAction":[{"@type":"SearchAction","target":{"@type":"EntryPoint","urlTemplate":"https:\/\/luxpro.pt\/es?s={search_term_string}"},"query-input":{"@type":"PropertyValueSpecification","valueRequired":true,"valueName":"search_term_string"}}],"inLanguage":"es"},{"@type":["Person","Organization"],"@id":"https:\/\/luxpro.pt\/es#\/schema\/person\/2d1bed59a52ad49be71622bef025e341","name":"Tiago Amadeu Ferreira","image":{"@type":"ImageObject","inLanguage":"es","@id":"https:\/\/luxpro.pt\/es#\/schema\/person\/image\/","url":"https:\/\/luxpro.pt\/wp-content\/uploads\/2017\/11\/logo.jpg","contentUrl":"https:\/\/luxpro.pt\/wp-content\/uploads\/2017\/11\/logo.jpg","width":150,"height":33,"caption":"Tiago Amadeu Ferreira"},"logo":{"@id":"https:\/\/luxpro.pt\/es#\/schema\/person\/image\/"}}]}},"tiered_pricing_type":"fixed","tiered_pricing_fixed_rules":[],"tiered_pricing_product_settings":{"layout":"default","base_unit_name":{"singular":null,"plural":null},"default_variation":null},"tiered_pricing_minimum_quantity":null,"tiered_pricing_roles_data":[],"tiered_pricing_percentage_rules":[],"_links":{"self":[{"href":"https:\/\/luxpro.pt\/es\/wp-json\/wp\/v2\/product\/774","targetHints":{"allow":["GET"]}}],"collection":[{"href":"https:\/\/luxpro.pt\/es\/wp-json\/wp\/v2\/product"}],"about":[{"href":"https:\/\/luxpro.pt\/es\/wp-json\/wp\/v2\/types\/product"}],"replies":[{"embeddable":true,"href":"https:\/\/luxpro.pt\/es\/wp-json\/wp\/v2\/comments?post=774"}],"wp:featuredmedia":[{"embeddable":true,"href":"https:\/\/luxpro.pt\/es\/wp-json\/wp\/v2\/media\/775"}],"wp:attachment":[{"href":"https:\/\/luxpro.pt\/es\/wp-json\/wp\/v2\/media?parent=774"}],"wp:term":[{"taxonomy":"product_brand","embeddable":true,"href":"https:\/\/luxpro.pt\/es\/wp-json\/wp\/v2\/product_brand?post=774"},{"taxonomy":"product_cat","embeddable":true,"href":"https:\/\/luxpro.pt\/es\/wp-json\/wp\/v2\/product_cat?post=774"},{"taxonomy":"product_tag","embeddable":true,"href":"https:\/\/luxpro.pt\/es\/wp-json\/wp\/v2\/product_tag?post=774"}],"curies":[{"name":"wp","href":"https:\/\/api.w.org\/{rel}","templated":true}]}}