{"id":782,"date":"2018-09-04T10:54:02","date_gmt":"2018-09-04T10:54:02","guid":{"rendered":"https:\/\/luxpro.pt\/produto\/caixa-para-material-eletrico-portinhola-50-em-abs-ip54-frlp50\/"},"modified":"2020-03-02T18:28:33","modified_gmt":"2020-03-02T18:28:33","slug":"caixa-para-material-eletrico-portinhola-50-em-abs-ip54-frlp50","status":"publish","type":"product","link":"https:\/\/luxpro.pt\/es\/produto\/caixa-para-material-eletrico-portinhola-50-em-abs-ip54-frlp50","title":{"rendered":"Caixa para Material El\u00e9trico Portinhola 50 em ABS IP54 FRLP50"},"content":{"rendered":"<p>\u2022 Caixa adapt\u00e1vel para ambientes industriais ou dom\u00e9sticos no interior ou exterior do mesmo;<br \/>\n\u2022 Essencialmente projetada para instala\u00e7\u00e3o de aparelhagem el\u00e9trica que visa a prote\u00e7\u00e3o atrav\u00e9s de fus\u00edveis e seccionamento el\u00e9trico no abastecimento de energia atrav\u00e9s de corta circuitos;<br \/>\n\u2022 Caixa extremamente vers\u00e1til, permite diversas op\u00e7\u00f5es de montagem de equipamento. Calha Din; 1 ou 3 base para fus\u00edvel NH00; Corta circuito 22&#215;58 1P ou 3P; Corta circuito 14&#215;51 1P ou 3P. Permite tamb\u00e9m a instala\u00e7\u00e3o de 1 barramento Neutro + 1 barramento terra;<br \/>\n\u2022 M\u00e9todo de fecho atrav\u00e9s de uma fechadura triangular em policarbonato;<br \/>\n\u2022 Resistentes \u00e0 corros\u00e3o, aos agentes qu\u00edmicos e aos raios UV.<\/p>\n","protected":false},"excerpt":{"rendered":"<p>\u2022 Caixa adapt\u00e1vel para ambientes industriais ou dom\u00e9sticos no interior ou exterior do mesmo; \u2022 Essencialmente projetada para instala\u00e7\u00e3o de aparelhagem el\u00e9trica que visa a prote\u00e7\u00e3o atrav\u00e9s de fus\u00edveis e seccionamento el\u00e9trico no abastecimento de energia atrav\u00e9s de corta circuitos; \u2022 Caixa extremamente vers\u00e1til, permite diversas op\u00e7\u00f5es de montagem de equipamento. Calha Din; 1 ou 3 base para fus\u00edvel NH00; [&hellip;]<\/p>\n","protected":false},"featured_media":783,"comment_status":"closed","ping_status":"closed","template":"","meta":[],"product_brand":[],"product_cat":[696],"product_tag":[],"class_list":{"0":"post-782","1":"product","2":"type-product","3":"status-publish","4":"has-post-thumbnail","6":"product_cat-portinholas","7":"pa_material-de-fabrico-abs","8":"pa_acabamento-cinza-ral-7035","9":"pa_resistencia-mecanica-ik09","10":"pa_grau-de-isolamento-classe-ii","11":"pa_dimensoes-l190xa250xp130mm","12":"pa_abertura-da-porta-297","13":"pa_tipo-de-instalacao-embutida-saliente","14":"pa_metodo-de-fecho-fechadura-triangular","16":"first","17":"instock","18":"taxable","19":"shipping-taxable","20":"purchasable","21":"product-type-simple"},"yoast_head":"<!-- This site is optimized with the Yoast SEO plugin v26.5 - https:\/\/yoast.com\/wordpress\/plugins\/seo\/ -->\n<title>Caixa para Material El\u00e9trico Portinhola 50 em ABS IP54 FRLP50 - LuxPro<\/title>\n<meta name=\"description\" content=\"\u2022 Caixa adapt\u00e1vel para ambientes industriais ou dom\u00e9sticos no interior ou exterior do mesmo; \u2022 Essencialmente projetada para instala\u00e7\u00e3o de aparelhagem\" \/>\n<meta name=\"robots\" content=\"index, follow, max-snippet:-1, max-image-preview:large, max-video-preview:-1\" \/>\n<link rel=\"canonical\" href=\"https:\/\/luxpro.pt\/es\/produto\/caixa-para-material-eletrico-portinhola-50-em-abs-ip54-frlp50\" \/>\n<meta property=\"og:locale\" content=\"es_ES\" \/>\n<meta property=\"og:type\" content=\"article\" \/>\n<meta property=\"og:title\" content=\"Caixa para Material El\u00e9trico Portinhola 50 em ABS IP54 FRLP50 - LuxPro\" \/>\n<meta property=\"og:description\" content=\"\u2022 Caixa adapt\u00e1vel para ambientes industriais ou dom\u00e9sticos no interior ou exterior do mesmo; \u2022 Essencialmente projetada para instala\u00e7\u00e3o de aparelhagem\" \/>\n<meta property=\"og:url\" content=\"https:\/\/luxpro.pt\/es\/produto\/caixa-para-material-eletrico-portinhola-50-em-abs-ip54-frlp50\" \/>\n<meta property=\"og:site_name\" content=\"LuxPro\" \/>\n<meta property=\"article:modified_time\" content=\"2020-03-02T18:28:33+00:00\" \/>\n<meta property=\"og:image\" content=\"https:\/\/luxpro.pt\/wp-content\/uploads\/2018\/09\/P50.jpg\" \/>\n\t<meta property=\"og:image:width\" content=\"1000\" \/>\n\t<meta property=\"og:image:height\" content=\"1000\" \/>\n\t<meta property=\"og:image:type\" content=\"image\/jpeg\" \/>\n<meta name=\"twitter:card\" content=\"summary_large_image\" \/>\n<meta name=\"twitter:label1\" content=\"Tiempo de lectura\" \/>\n\t<meta name=\"twitter:data1\" content=\"1 minuto\" \/>\n<script type=\"application\/ld+json\" class=\"yoast-schema-graph\">{\"@context\":\"https:\/\/schema.org\",\"@graph\":[{\"@type\":\"WebPage\",\"@id\":\"https:\/\/luxpro.pt\/es\/produto\/caixa-para-material-eletrico-portinhola-50-em-abs-ip54-frlp50\",\"url\":\"https:\/\/luxpro.pt\/es\/produto\/caixa-para-material-eletrico-portinhola-50-em-abs-ip54-frlp50\",\"name\":\"Caixa para Material El\u00e9trico Portinhola 50 em ABS IP54 FRLP50 - LuxPro\",\"isPartOf\":{\"@id\":\"https:\/\/luxpro.pt\/es#website\"},\"primaryImageOfPage\":{\"@id\":\"https:\/\/luxpro.pt\/es\/produto\/caixa-para-material-eletrico-portinhola-50-em-abs-ip54-frlp50#primaryimage\"},\"image\":{\"@id\":\"https:\/\/luxpro.pt\/es\/produto\/caixa-para-material-eletrico-portinhola-50-em-abs-ip54-frlp50#primaryimage\"},\"thumbnailUrl\":\"https:\/\/luxpro.pt\/wp-content\/uploads\/2018\/09\/P50.jpg\",\"datePublished\":\"2018-09-04T10:54:02+00:00\",\"dateModified\":\"2020-03-02T18:28:33+00:00\",\"description\":\"\u2022 Caixa adapt\u00e1vel para ambientes industriais ou dom\u00e9sticos no interior ou exterior do mesmo; \u2022 Essencialmente projetada para instala\u00e7\u00e3o de aparelhagem\",\"breadcrumb\":{\"@id\":\"https:\/\/luxpro.pt\/es\/produto\/caixa-para-material-eletrico-portinhola-50-em-abs-ip54-frlp50#breadcrumb\"},\"inLanguage\":\"es\",\"potentialAction\":[{\"@type\":\"ReadAction\",\"target\":[\"https:\/\/luxpro.pt\/es\/produto\/caixa-para-material-eletrico-portinhola-50-em-abs-ip54-frlp50\"]}]},{\"@type\":\"ImageObject\",\"inLanguage\":\"es\",\"@id\":\"https:\/\/luxpro.pt\/es\/produto\/caixa-para-material-eletrico-portinhola-50-em-abs-ip54-frlp50#primaryimage\",\"url\":\"https:\/\/luxpro.pt\/wp-content\/uploads\/2018\/09\/P50.jpg\",\"contentUrl\":\"https:\/\/luxpro.pt\/wp-content\/uploads\/2018\/09\/P50.jpg\",\"width\":1000,\"height\":1000},{\"@type\":\"BreadcrumbList\",\"@id\":\"https:\/\/luxpro.pt\/es\/produto\/caixa-para-material-eletrico-portinhola-50-em-abs-ip54-frlp50#breadcrumb\",\"itemListElement\":[{\"@type\":\"ListItem\",\"position\":1,\"name\":\"In\u00edcio\",\"item\":\"https:\/\/luxpro.pt\/es\"},{\"@type\":\"ListItem\",\"position\":2,\"name\":\"Loja\",\"item\":\"https:\/\/luxpro.pt\/loja\"},{\"@type\":\"ListItem\",\"position\":3,\"name\":\"Caixa para Material El\u00e9trico Portinhola 50 em ABS IP54 FRLP50\"}]},{\"@type\":\"WebSite\",\"@id\":\"https:\/\/luxpro.pt\/es#website\",\"url\":\"https:\/\/luxpro.pt\/es\",\"name\":\"LuxPro\",\"description\":\"\",\"publisher\":{\"@id\":\"https:\/\/luxpro.pt\/es#\/schema\/person\/2d1bed59a52ad49be71622bef025e341\"},\"potentialAction\":[{\"@type\":\"SearchAction\",\"target\":{\"@type\":\"EntryPoint\",\"urlTemplate\":\"https:\/\/luxpro.pt\/es?s={search_term_string}\"},\"query-input\":{\"@type\":\"PropertyValueSpecification\",\"valueRequired\":true,\"valueName\":\"search_term_string\"}}],\"inLanguage\":\"es\"},{\"@type\":[\"Person\",\"Organization\"],\"@id\":\"https:\/\/luxpro.pt\/es#\/schema\/person\/2d1bed59a52ad49be71622bef025e341\",\"name\":\"Tiago Amadeu Ferreira\",\"image\":{\"@type\":\"ImageObject\",\"inLanguage\":\"es\",\"@id\":\"https:\/\/luxpro.pt\/es#\/schema\/person\/image\/\",\"url\":\"https:\/\/luxpro.pt\/wp-content\/uploads\/2017\/11\/logo.jpg\",\"contentUrl\":\"https:\/\/luxpro.pt\/wp-content\/uploads\/2017\/11\/logo.jpg\",\"width\":150,\"height\":33,\"caption\":\"Tiago Amadeu Ferreira\"},\"logo\":{\"@id\":\"https:\/\/luxpro.pt\/es#\/schema\/person\/image\/\"}}]}<\/script>\n<!-- \/ Yoast SEO plugin. -->","yoast_head_json":{"title":"Caixa para Material El\u00e9trico Portinhola 50 em ABS IP54 FRLP50 - LuxPro","description":"\u2022 Caixa adapt\u00e1vel para ambientes industriais ou dom\u00e9sticos no interior ou exterior do mesmo; \u2022 Essencialmente projetada para instala\u00e7\u00e3o de aparelhagem","robots":{"index":"index","follow":"follow","max-snippet":"max-snippet:-1","max-image-preview":"max-image-preview:large","max-video-preview":"max-video-preview:-1"},"canonical":"https:\/\/luxpro.pt\/es\/produto\/caixa-para-material-eletrico-portinhola-50-em-abs-ip54-frlp50","og_locale":"es_ES","og_type":"article","og_title":"Caixa para Material El\u00e9trico Portinhola 50 em ABS IP54 FRLP50 - LuxPro","og_description":"\u2022 Caixa adapt\u00e1vel para ambientes industriais ou dom\u00e9sticos no interior ou exterior do mesmo; \u2022 Essencialmente projetada para instala\u00e7\u00e3o de aparelhagem","og_url":"https:\/\/luxpro.pt\/es\/produto\/caixa-para-material-eletrico-portinhola-50-em-abs-ip54-frlp50","og_site_name":"LuxPro","article_modified_time":"2020-03-02T18:28:33+00:00","og_image":[{"width":1000,"height":1000,"url":"https:\/\/luxpro.pt\/wp-content\/uploads\/2018\/09\/P50.jpg","type":"image\/jpeg"}],"twitter_card":"summary_large_image","twitter_misc":{"Tiempo de lectura":"1 minuto"},"schema":{"@context":"https:\/\/schema.org","@graph":[{"@type":"WebPage","@id":"https:\/\/luxpro.pt\/es\/produto\/caixa-para-material-eletrico-portinhola-50-em-abs-ip54-frlp50","url":"https:\/\/luxpro.pt\/es\/produto\/caixa-para-material-eletrico-portinhola-50-em-abs-ip54-frlp50","name":"Caixa para Material El\u00e9trico Portinhola 50 em ABS IP54 FRLP50 - LuxPro","isPartOf":{"@id":"https:\/\/luxpro.pt\/es#website"},"primaryImageOfPage":{"@id":"https:\/\/luxpro.pt\/es\/produto\/caixa-para-material-eletrico-portinhola-50-em-abs-ip54-frlp50#primaryimage"},"image":{"@id":"https:\/\/luxpro.pt\/es\/produto\/caixa-para-material-eletrico-portinhola-50-em-abs-ip54-frlp50#primaryimage"},"thumbnailUrl":"https:\/\/luxpro.pt\/wp-content\/uploads\/2018\/09\/P50.jpg","datePublished":"2018-09-04T10:54:02+00:00","dateModified":"2020-03-02T18:28:33+00:00","description":"\u2022 Caixa adapt\u00e1vel para ambientes industriais ou dom\u00e9sticos no interior ou exterior do mesmo; \u2022 Essencialmente projetada para instala\u00e7\u00e3o de aparelhagem","breadcrumb":{"@id":"https:\/\/luxpro.pt\/es\/produto\/caixa-para-material-eletrico-portinhola-50-em-abs-ip54-frlp50#breadcrumb"},"inLanguage":"es","potentialAction":[{"@type":"ReadAction","target":["https:\/\/luxpro.pt\/es\/produto\/caixa-para-material-eletrico-portinhola-50-em-abs-ip54-frlp50"]}]},{"@type":"ImageObject","inLanguage":"es","@id":"https:\/\/luxpro.pt\/es\/produto\/caixa-para-material-eletrico-portinhola-50-em-abs-ip54-frlp50#primaryimage","url":"https:\/\/luxpro.pt\/wp-content\/uploads\/2018\/09\/P50.jpg","contentUrl":"https:\/\/luxpro.pt\/wp-content\/uploads\/2018\/09\/P50.jpg","width":1000,"height":1000},{"@type":"BreadcrumbList","@id":"https:\/\/luxpro.pt\/es\/produto\/caixa-para-material-eletrico-portinhola-50-em-abs-ip54-frlp50#breadcrumb","itemListElement":[{"@type":"ListItem","position":1,"name":"In\u00edcio","item":"https:\/\/luxpro.pt\/es"},{"@type":"ListItem","position":2,"name":"Loja","item":"https:\/\/luxpro.pt\/loja"},{"@type":"ListItem","position":3,"name":"Caixa para Material El\u00e9trico Portinhola 50 em ABS IP54 FRLP50"}]},{"@type":"WebSite","@id":"https:\/\/luxpro.pt\/es#website","url":"https:\/\/luxpro.pt\/es","name":"LuxPro","description":"","publisher":{"@id":"https:\/\/luxpro.pt\/es#\/schema\/person\/2d1bed59a52ad49be71622bef025e341"},"potentialAction":[{"@type":"SearchAction","target":{"@type":"EntryPoint","urlTemplate":"https:\/\/luxpro.pt\/es?s={search_term_string}"},"query-input":{"@type":"PropertyValueSpecification","valueRequired":true,"valueName":"search_term_string"}}],"inLanguage":"es"},{"@type":["Person","Organization"],"@id":"https:\/\/luxpro.pt\/es#\/schema\/person\/2d1bed59a52ad49be71622bef025e341","name":"Tiago Amadeu Ferreira","image":{"@type":"ImageObject","inLanguage":"es","@id":"https:\/\/luxpro.pt\/es#\/schema\/person\/image\/","url":"https:\/\/luxpro.pt\/wp-content\/uploads\/2017\/11\/logo.jpg","contentUrl":"https:\/\/luxpro.pt\/wp-content\/uploads\/2017\/11\/logo.jpg","width":150,"height":33,"caption":"Tiago Amadeu Ferreira"},"logo":{"@id":"https:\/\/luxpro.pt\/es#\/schema\/person\/image\/"}}]}},"tiered_pricing_type":"fixed","tiered_pricing_fixed_rules":[],"tiered_pricing_product_settings":{"layout":"default","base_unit_name":{"singular":null,"plural":null},"default_variation":null},"tiered_pricing_minimum_quantity":null,"tiered_pricing_roles_data":[],"tiered_pricing_percentage_rules":[],"_links":{"self":[{"href":"https:\/\/luxpro.pt\/es\/wp-json\/wp\/v2\/product\/782","targetHints":{"allow":["GET"]}}],"collection":[{"href":"https:\/\/luxpro.pt\/es\/wp-json\/wp\/v2\/product"}],"about":[{"href":"https:\/\/luxpro.pt\/es\/wp-json\/wp\/v2\/types\/product"}],"replies":[{"embeddable":true,"href":"https:\/\/luxpro.pt\/es\/wp-json\/wp\/v2\/comments?post=782"}],"wp:featuredmedia":[{"embeddable":true,"href":"https:\/\/luxpro.pt\/es\/wp-json\/wp\/v2\/media\/783"}],"wp:attachment":[{"href":"https:\/\/luxpro.pt\/es\/wp-json\/wp\/v2\/media?parent=782"}],"wp:term":[{"taxonomy":"product_brand","embeddable":true,"href":"https:\/\/luxpro.pt\/es\/wp-json\/wp\/v2\/product_brand?post=782"},{"taxonomy":"product_cat","embeddable":true,"href":"https:\/\/luxpro.pt\/es\/wp-json\/wp\/v2\/product_cat?post=782"},{"taxonomy":"product_tag","embeddable":true,"href":"https:\/\/luxpro.pt\/es\/wp-json\/wp\/v2\/product_tag?post=782"}],"curies":[{"name":"wp","href":"https:\/\/api.w.org\/{rel}","templated":true}]}}