{"id":809,"date":"2018-09-04T10:54:02","date_gmt":"2018-09-04T10:54:02","guid":{"rendered":"https:\/\/luxpro.pt\/produto\/caixa-para-material-eletrico-cofret-em-abs-ip44-frlcofret\/"},"modified":"2024-09-01T17:59:00","modified_gmt":"2024-09-01T16:59:00","slug":"caixa-para-material-eletrico-cofret-em-abs-ip44-frlcofret","status":"publish","type":"product","link":"https:\/\/luxpro.pt\/es\/produto\/caixa-para-material-eletrico-cofret-em-abs-ip44-frlcofret","title":{"rendered":"Caixa de Coffret  para Poste"},"content":{"rendered":"<p>\u2022 Caixa adapt\u00e1vel para postes de ilumina\u00e7\u00e3o p\u00fablica ou privada;<br \/>\n\u2022 Projetada para a liga\u00e7\u00e3o el\u00e9trica entre postes. Tem como fun\u00e7\u00f5es principais a repicagem das liga\u00e7\u00f5es el\u00e9tricas, a prote\u00e7\u00e3o ou seccionamento de circuitos el\u00e9tricos, entre a entrada da rede el\u00e9trica e a lumin\u00e1ria instalada;<br \/>\n\u2022 Esta caixa permite o seccionamento da fase atrav\u00e9s de fus\u00edveis 10&#215;38 e do neutro atrav\u00e9s de cartucho de neutro (vendidos em separado);<br \/>\n\u2022 Entrada de cabos at\u00e9 4x25mm;<br \/>\n\u2022 Caixa equipada com duas entradas e uma sa\u00edda;<br \/>\n\u2022 M\u00e9todo de fecho atrav\u00e9s de um parafuso perfurado que permite a selagem do coffret;<br \/>\n\u2022 Resistentes \u00e0 corros\u00e3o, aos agentes qu\u00edmicos e aos raios UV.<\/p>\n","protected":false},"excerpt":{"rendered":"<p>\u2022 Caixa adapt\u00e1vel para postes de ilumina\u00e7\u00e3o p\u00fablica ou privada; \u2022 Projetada para a liga\u00e7\u00e3o el\u00e9trica entre postes. Tem como fun\u00e7\u00f5es principais a repicagem das liga\u00e7\u00f5es el\u00e9tricas, a prote\u00e7\u00e3o ou seccionamento de circuitos el\u00e9tricos, entre a entrada da rede el\u00e9trica e a lumin\u00e1ria instalada; \u2022 Esta caixa permite o seccionamento da fase atrav\u00e9s de fus\u00edveis 10&#215;38 e do neutro atrav\u00e9s [&hellip;]<\/p>\n","protected":false},"featured_media":810,"comment_status":"closed","ping_status":"closed","template":"","meta":[],"product_brand":[],"product_cat":[698,26],"product_tag":[2804,2803,2859,2860,2802],"class_list":{"0":"post-809","1":"product","2":"type-product","3":"status-publish","4":"has-post-thumbnail","6":"product_cat-caixas-instalacao","7":"product_cat-caixas","8":"product_tag-caixa-abs","9":"product_tag-caixa-cofret","10":"product_tag-coffret","11":"product_tag-coffret-para-poste","12":"product_tag-cofret","13":"pa_material-de-fabrico-abs","14":"pa_acabamento-cinza-ral-7035","15":"pa_resistencia-mecanica-ik08","16":"pa_grau-de-isolamento-classe-ii","17":"pa_dimensoes-l61xa150xp65mm","18":"pa_abertura-da-porta-297","19":"pa_tipo-de-instalacao-saliente","20":"pa_metodo-de-fecho-parafuso-que-permite-o-uso-de-selo","22":"first","23":"instock","24":"taxable","25":"shipping-taxable","26":"purchasable","27":"product-type-simple"},"yoast_head":"<!-- This site is optimized with the Yoast SEO plugin v26.5 - https:\/\/yoast.com\/wordpress\/plugins\/seo\/ -->\n<title>Caixa de Coffret para Poste - LuxPro<\/title>\n<meta name=\"description\" content=\"\u2022 Caixa adapt\u00e1vel para postes de ilumina\u00e7\u00e3o p\u00fablica ou privada; \u2022 Projetada para a liga\u00e7\u00e3o el\u00e9trica entre postes. Tem como fun\u00e7\u00f5es principais a repicagem\" \/>\n<meta name=\"robots\" content=\"index, follow, max-snippet:-1, max-image-preview:large, max-video-preview:-1\" \/>\n<link rel=\"canonical\" href=\"https:\/\/luxpro.pt\/es\/produto\/caixa-para-material-eletrico-cofret-em-abs-ip44-frlcofret\" \/>\n<meta property=\"og:locale\" content=\"es_ES\" \/>\n<meta property=\"og:type\" content=\"article\" \/>\n<meta property=\"og:title\" content=\"Caixa de Coffret para Poste - LuxPro\" \/>\n<meta property=\"og:description\" content=\"\u2022 Caixa adapt\u00e1vel para postes de ilumina\u00e7\u00e3o p\u00fablica ou privada; \u2022 Projetada para a liga\u00e7\u00e3o el\u00e9trica entre postes. Tem como fun\u00e7\u00f5es principais a repicagem\" \/>\n<meta property=\"og:url\" content=\"https:\/\/luxpro.pt\/es\/produto\/caixa-para-material-eletrico-cofret-em-abs-ip44-frlcofret\" \/>\n<meta property=\"og:site_name\" content=\"LuxPro\" \/>\n<meta property=\"article:modified_time\" content=\"2024-09-01T16:59:00+00:00\" \/>\n<meta property=\"og:image\" content=\"https:\/\/luxpro.pt\/wp-content\/uploads\/2018\/09\/COFRET-FRL-0469-FECHADO.jpg\" \/>\n\t<meta property=\"og:image:width\" content=\"1000\" \/>\n\t<meta property=\"og:image:height\" content=\"1000\" \/>\n\t<meta property=\"og:image:type\" content=\"image\/jpeg\" \/>\n<meta name=\"twitter:card\" content=\"summary_large_image\" \/>\n<meta name=\"twitter:label1\" content=\"Tiempo de lectura\" \/>\n\t<meta name=\"twitter:data1\" content=\"1 minuto\" \/>\n<script type=\"application\/ld+json\" class=\"yoast-schema-graph\">{\"@context\":\"https:\/\/schema.org\",\"@graph\":[{\"@type\":\"WebPage\",\"@id\":\"https:\/\/luxpro.pt\/es\/produto\/caixa-para-material-eletrico-cofret-em-abs-ip44-frlcofret\",\"url\":\"https:\/\/luxpro.pt\/es\/produto\/caixa-para-material-eletrico-cofret-em-abs-ip44-frlcofret\",\"name\":\"Caixa de Coffret para Poste - LuxPro\",\"isPartOf\":{\"@id\":\"https:\/\/luxpro.pt\/es#website\"},\"primaryImageOfPage\":{\"@id\":\"https:\/\/luxpro.pt\/es\/produto\/caixa-para-material-eletrico-cofret-em-abs-ip44-frlcofret#primaryimage\"},\"image\":{\"@id\":\"https:\/\/luxpro.pt\/es\/produto\/caixa-para-material-eletrico-cofret-em-abs-ip44-frlcofret#primaryimage\"},\"thumbnailUrl\":\"https:\/\/luxpro.pt\/wp-content\/uploads\/2018\/09\/COFRET-FRL-0469-FECHADO.jpg\",\"datePublished\":\"2018-09-04T10:54:02+00:00\",\"dateModified\":\"2024-09-01T16:59:00+00:00\",\"description\":\"\u2022 Caixa adapt\u00e1vel para postes de ilumina\u00e7\u00e3o p\u00fablica ou privada; \u2022 Projetada para a liga\u00e7\u00e3o el\u00e9trica entre postes. Tem como fun\u00e7\u00f5es principais a repicagem\",\"breadcrumb\":{\"@id\":\"https:\/\/luxpro.pt\/es\/produto\/caixa-para-material-eletrico-cofret-em-abs-ip44-frlcofret#breadcrumb\"},\"inLanguage\":\"es\",\"potentialAction\":[{\"@type\":\"ReadAction\",\"target\":[\"https:\/\/luxpro.pt\/es\/produto\/caixa-para-material-eletrico-cofret-em-abs-ip44-frlcofret\"]}]},{\"@type\":\"ImageObject\",\"inLanguage\":\"es\",\"@id\":\"https:\/\/luxpro.pt\/es\/produto\/caixa-para-material-eletrico-cofret-em-abs-ip44-frlcofret#primaryimage\",\"url\":\"https:\/\/luxpro.pt\/wp-content\/uploads\/2018\/09\/COFRET-FRL-0469-FECHADO.jpg\",\"contentUrl\":\"https:\/\/luxpro.pt\/wp-content\/uploads\/2018\/09\/COFRET-FRL-0469-FECHADO.jpg\",\"width\":1000,\"height\":1000},{\"@type\":\"BreadcrumbList\",\"@id\":\"https:\/\/luxpro.pt\/es\/produto\/caixa-para-material-eletrico-cofret-em-abs-ip44-frlcofret#breadcrumb\",\"itemListElement\":[{\"@type\":\"ListItem\",\"position\":1,\"name\":\"In\u00edcio\",\"item\":\"https:\/\/luxpro.pt\/es\"},{\"@type\":\"ListItem\",\"position\":2,\"name\":\"Loja\",\"item\":\"https:\/\/luxpro.pt\/loja\"},{\"@type\":\"ListItem\",\"position\":3,\"name\":\"Caixa de Coffret para Poste\"}]},{\"@type\":\"WebSite\",\"@id\":\"https:\/\/luxpro.pt\/es#website\",\"url\":\"https:\/\/luxpro.pt\/es\",\"name\":\"LuxPro\",\"description\":\"\",\"publisher\":{\"@id\":\"https:\/\/luxpro.pt\/es#\/schema\/person\/2d1bed59a52ad49be71622bef025e341\"},\"potentialAction\":[{\"@type\":\"SearchAction\",\"target\":{\"@type\":\"EntryPoint\",\"urlTemplate\":\"https:\/\/luxpro.pt\/es?s={search_term_string}\"},\"query-input\":{\"@type\":\"PropertyValueSpecification\",\"valueRequired\":true,\"valueName\":\"search_term_string\"}}],\"inLanguage\":\"es\"},{\"@type\":[\"Person\",\"Organization\"],\"@id\":\"https:\/\/luxpro.pt\/es#\/schema\/person\/2d1bed59a52ad49be71622bef025e341\",\"name\":\"Tiago Amadeu Ferreira\",\"image\":{\"@type\":\"ImageObject\",\"inLanguage\":\"es\",\"@id\":\"https:\/\/luxpro.pt\/es#\/schema\/person\/image\/\",\"url\":\"https:\/\/luxpro.pt\/wp-content\/uploads\/2017\/11\/logo.jpg\",\"contentUrl\":\"https:\/\/luxpro.pt\/wp-content\/uploads\/2017\/11\/logo.jpg\",\"width\":150,\"height\":33,\"caption\":\"Tiago Amadeu Ferreira\"},\"logo\":{\"@id\":\"https:\/\/luxpro.pt\/es#\/schema\/person\/image\/\"}}]}<\/script>\n<!-- \/ Yoast SEO plugin. -->","yoast_head_json":{"title":"Caixa de Coffret para Poste - LuxPro","description":"\u2022 Caixa adapt\u00e1vel para postes de ilumina\u00e7\u00e3o p\u00fablica ou privada; \u2022 Projetada para a liga\u00e7\u00e3o el\u00e9trica entre postes. Tem como fun\u00e7\u00f5es principais a repicagem","robots":{"index":"index","follow":"follow","max-snippet":"max-snippet:-1","max-image-preview":"max-image-preview:large","max-video-preview":"max-video-preview:-1"},"canonical":"https:\/\/luxpro.pt\/es\/produto\/caixa-para-material-eletrico-cofret-em-abs-ip44-frlcofret","og_locale":"es_ES","og_type":"article","og_title":"Caixa de Coffret para Poste - LuxPro","og_description":"\u2022 Caixa adapt\u00e1vel para postes de ilumina\u00e7\u00e3o p\u00fablica ou privada; \u2022 Projetada para a liga\u00e7\u00e3o el\u00e9trica entre postes. Tem como fun\u00e7\u00f5es principais a repicagem","og_url":"https:\/\/luxpro.pt\/es\/produto\/caixa-para-material-eletrico-cofret-em-abs-ip44-frlcofret","og_site_name":"LuxPro","article_modified_time":"2024-09-01T16:59:00+00:00","og_image":[{"width":1000,"height":1000,"url":"https:\/\/luxpro.pt\/wp-content\/uploads\/2018\/09\/COFRET-FRL-0469-FECHADO.jpg","type":"image\/jpeg"}],"twitter_card":"summary_large_image","twitter_misc":{"Tiempo de lectura":"1 minuto"},"schema":{"@context":"https:\/\/schema.org","@graph":[{"@type":"WebPage","@id":"https:\/\/luxpro.pt\/es\/produto\/caixa-para-material-eletrico-cofret-em-abs-ip44-frlcofret","url":"https:\/\/luxpro.pt\/es\/produto\/caixa-para-material-eletrico-cofret-em-abs-ip44-frlcofret","name":"Caixa de Coffret para Poste - LuxPro","isPartOf":{"@id":"https:\/\/luxpro.pt\/es#website"},"primaryImageOfPage":{"@id":"https:\/\/luxpro.pt\/es\/produto\/caixa-para-material-eletrico-cofret-em-abs-ip44-frlcofret#primaryimage"},"image":{"@id":"https:\/\/luxpro.pt\/es\/produto\/caixa-para-material-eletrico-cofret-em-abs-ip44-frlcofret#primaryimage"},"thumbnailUrl":"https:\/\/luxpro.pt\/wp-content\/uploads\/2018\/09\/COFRET-FRL-0469-FECHADO.jpg","datePublished":"2018-09-04T10:54:02+00:00","dateModified":"2024-09-01T16:59:00+00:00","description":"\u2022 Caixa adapt\u00e1vel para postes de ilumina\u00e7\u00e3o p\u00fablica ou privada; \u2022 Projetada para a liga\u00e7\u00e3o el\u00e9trica entre postes. Tem como fun\u00e7\u00f5es principais a repicagem","breadcrumb":{"@id":"https:\/\/luxpro.pt\/es\/produto\/caixa-para-material-eletrico-cofret-em-abs-ip44-frlcofret#breadcrumb"},"inLanguage":"es","potentialAction":[{"@type":"ReadAction","target":["https:\/\/luxpro.pt\/es\/produto\/caixa-para-material-eletrico-cofret-em-abs-ip44-frlcofret"]}]},{"@type":"ImageObject","inLanguage":"es","@id":"https:\/\/luxpro.pt\/es\/produto\/caixa-para-material-eletrico-cofret-em-abs-ip44-frlcofret#primaryimage","url":"https:\/\/luxpro.pt\/wp-content\/uploads\/2018\/09\/COFRET-FRL-0469-FECHADO.jpg","contentUrl":"https:\/\/luxpro.pt\/wp-content\/uploads\/2018\/09\/COFRET-FRL-0469-FECHADO.jpg","width":1000,"height":1000},{"@type":"BreadcrumbList","@id":"https:\/\/luxpro.pt\/es\/produto\/caixa-para-material-eletrico-cofret-em-abs-ip44-frlcofret#breadcrumb","itemListElement":[{"@type":"ListItem","position":1,"name":"In\u00edcio","item":"https:\/\/luxpro.pt\/es"},{"@type":"ListItem","position":2,"name":"Loja","item":"https:\/\/luxpro.pt\/loja"},{"@type":"ListItem","position":3,"name":"Caixa de Coffret para Poste"}]},{"@type":"WebSite","@id":"https:\/\/luxpro.pt\/es#website","url":"https:\/\/luxpro.pt\/es","name":"LuxPro","description":"","publisher":{"@id":"https:\/\/luxpro.pt\/es#\/schema\/person\/2d1bed59a52ad49be71622bef025e341"},"potentialAction":[{"@type":"SearchAction","target":{"@type":"EntryPoint","urlTemplate":"https:\/\/luxpro.pt\/es?s={search_term_string}"},"query-input":{"@type":"PropertyValueSpecification","valueRequired":true,"valueName":"search_term_string"}}],"inLanguage":"es"},{"@type":["Person","Organization"],"@id":"https:\/\/luxpro.pt\/es#\/schema\/person\/2d1bed59a52ad49be71622bef025e341","name":"Tiago Amadeu Ferreira","image":{"@type":"ImageObject","inLanguage":"es","@id":"https:\/\/luxpro.pt\/es#\/schema\/person\/image\/","url":"https:\/\/luxpro.pt\/wp-content\/uploads\/2017\/11\/logo.jpg","contentUrl":"https:\/\/luxpro.pt\/wp-content\/uploads\/2017\/11\/logo.jpg","width":150,"height":33,"caption":"Tiago Amadeu Ferreira"},"logo":{"@id":"https:\/\/luxpro.pt\/es#\/schema\/person\/image\/"}}]}},"tiered_pricing_type":"fixed","tiered_pricing_fixed_rules":[],"tiered_pricing_product_settings":{"layout":"default","base_unit_name":{"singular":null,"plural":null},"default_variation":null},"tiered_pricing_minimum_quantity":null,"tiered_pricing_roles_data":[],"tiered_pricing_percentage_rules":[],"_links":{"self":[{"href":"https:\/\/luxpro.pt\/es\/wp-json\/wp\/v2\/product\/809","targetHints":{"allow":["GET"]}}],"collection":[{"href":"https:\/\/luxpro.pt\/es\/wp-json\/wp\/v2\/product"}],"about":[{"href":"https:\/\/luxpro.pt\/es\/wp-json\/wp\/v2\/types\/product"}],"replies":[{"embeddable":true,"href":"https:\/\/luxpro.pt\/es\/wp-json\/wp\/v2\/comments?post=809"}],"wp:featuredmedia":[{"embeddable":true,"href":"https:\/\/luxpro.pt\/es\/wp-json\/wp\/v2\/media\/810"}],"wp:attachment":[{"href":"https:\/\/luxpro.pt\/es\/wp-json\/wp\/v2\/media?parent=809"}],"wp:term":[{"taxonomy":"product_brand","embeddable":true,"href":"https:\/\/luxpro.pt\/es\/wp-json\/wp\/v2\/product_brand?post=809"},{"taxonomy":"product_cat","embeddable":true,"href":"https:\/\/luxpro.pt\/es\/wp-json\/wp\/v2\/product_cat?post=809"},{"taxonomy":"product_tag","embeddable":true,"href":"https:\/\/luxpro.pt\/es\/wp-json\/wp\/v2\/product_tag?post=809"}],"curies":[{"name":"wp","href":"https:\/\/api.w.org\/{rel}","templated":true}]}}