{"id":877,"date":"2018-09-04T10:55:06","date_gmt":"2018-09-04T10:55:06","guid":{"rendered":"https:\/\/luxpro.pt\/produto\/extrator-para-material-eletrico-deco-100-frlde100\/"},"modified":"2025-07-08T17:40:44","modified_gmt":"2025-07-08T16:40:44","slug":"extrator-para-material-eletrico-deco-100-frlde100","status":"publish","type":"product","link":"https:\/\/luxpro.pt\/es\/produto\/extrator-para-material-eletrico-deco-100-frlde100","title":{"rendered":"Extrator de casa de banho ARIS 100"},"content":{"rendered":"<p>\u2022 Projetado para remover a humidade e os maus odores das casas de banho;<br \/>\n\u2022 Com a sua estrutura fina torna este produto discreto e atraente;<br \/>\n\u2022 Para uso dom\u00e9stico interior;<br \/>\n\u2022 M\u00e9todo de fixa\u00e7\u00e3o, atrav\u00e9s de quatro parafusos;<br \/>\n\u2022 Grelha frontal remov\u00edvel para uma f\u00e1cil instala\u00e7\u00e3o el\u00e9trica;<br \/>\n\u2022 Possu\u00ed indicador de funcionamento em led;<br \/>\n\u2022 Fluxo de extra\u00e7\u00e3o: 150m3 \/ hora;<br \/>\n\u2022 N\u00edvel de ru\u00eddo: 37dB;<br \/>\n\u2022 Dimens\u00f5es encaixe para tubo: 99mm \u00d8.<\/p>\n","protected":false},"excerpt":{"rendered":"<p>\u2022 Projetado para remover a humidade e os maus odores das casas de banho; \u2022 Com a sua estrutura fina torna este produto discreto e atraente; \u2022 Para uso dom\u00e9stico interior; \u2022 M\u00e9todo de fixa\u00e7\u00e3o, atrav\u00e9s de quatro parafusos; \u2022 Grelha frontal remov\u00edvel para uma f\u00e1cil instala\u00e7\u00e3o el\u00e9trica; \u2022 Possu\u00ed indicador de funcionamento em led; \u2022 Fluxo de extra\u00e7\u00e3o: 150m3 [&hellip;]<\/p>\n","protected":false},"featured_media":878,"comment_status":"closed","ping_status":"closed","template":"","meta":[],"product_brand":[],"product_cat":[27],"product_tag":[1231,770,1020,1232,1018,1535,1021,1019],"class_list":{"0":"post-877","1":"product","2":"type-product","3":"status-publish","4":"has-post-thumbnail","6":"product_cat-extratores-wc","7":"product_tag-ar","8":"product_tag-branco","9":"product_tag-casa-de-banho","10":"product_tag-cheiros","11":"product_tag-extractor","12":"product_tag-ventilador","13":"product_tag-ventoinha","14":"product_tag-wc","15":"pa_material-de-fabrico-abs","16":"pa_acabamento-branco","17":"pa_potencia-admissivel-15w","18":"pa_tensao-de-entrada-ac-240v-50hz","19":"pa_grau-de-protecao-ac-240v-50hz","20":"pa_grau-de-isolamento-classe-ii","21":"pa_dimensoes-l157xa157xp76mm","23":"first","24":"instock","25":"taxable","26":"shipping-taxable","27":"purchasable","28":"product-type-simple"},"yoast_head":"<!-- This site is optimized with the Yoast SEO plugin v26.5 - https:\/\/yoast.com\/wordpress\/plugins\/seo\/ -->\n<title>Extrator de casa de banho ARIS 100 - LuxPro<\/title>\n<meta name=\"description\" content=\"\u2022 Projetado para remover a humidade e os maus odores das casas de banho; \u2022 Com a sua estrutura fina torna este produto discreto e atraente; \u2022 Para uso\" \/>\n<meta name=\"robots\" content=\"index, follow, max-snippet:-1, max-image-preview:large, max-video-preview:-1\" \/>\n<link rel=\"canonical\" href=\"https:\/\/luxpro.pt\/es\/produto\/extrator-para-material-eletrico-deco-100-frlde100\" \/>\n<meta property=\"og:locale\" content=\"es_ES\" \/>\n<meta property=\"og:type\" content=\"article\" \/>\n<meta property=\"og:title\" content=\"Extrator de casa de banho ARIS 100 - LuxPro\" \/>\n<meta property=\"og:description\" content=\"\u2022 Projetado para remover a humidade e os maus odores das casas de banho; \u2022 Com a sua estrutura fina torna este produto discreto e atraente; \u2022 Para uso\" \/>\n<meta property=\"og:url\" content=\"https:\/\/luxpro.pt\/es\/produto\/extrator-para-material-eletrico-deco-100-frlde100\" \/>\n<meta property=\"og:site_name\" content=\"LuxPro\" \/>\n<meta property=\"article:modified_time\" content=\"2025-07-08T16:40:44+00:00\" \/>\n<meta property=\"og:image\" content=\"https:\/\/luxpro.pt\/wp-content\/uploads\/2018\/09\/DECO-100.jpg\" \/>\n\t<meta property=\"og:image:width\" content=\"1000\" \/>\n\t<meta property=\"og:image:height\" content=\"1000\" \/>\n\t<meta property=\"og:image:type\" content=\"image\/jpeg\" \/>\n<meta name=\"twitter:card\" content=\"summary_large_image\" \/>\n<meta name=\"twitter:label1\" content=\"Tiempo de lectura\" \/>\n\t<meta name=\"twitter:data1\" content=\"1 minuto\" \/>\n<script type=\"application\/ld+json\" class=\"yoast-schema-graph\">{\"@context\":\"https:\/\/schema.org\",\"@graph\":[{\"@type\":\"WebPage\",\"@id\":\"https:\/\/luxpro.pt\/es\/produto\/extrator-para-material-eletrico-deco-100-frlde100\",\"url\":\"https:\/\/luxpro.pt\/es\/produto\/extrator-para-material-eletrico-deco-100-frlde100\",\"name\":\"Extrator de casa de banho ARIS 100 - LuxPro\",\"isPartOf\":{\"@id\":\"https:\/\/luxpro.pt\/es#website\"},\"primaryImageOfPage\":{\"@id\":\"https:\/\/luxpro.pt\/es\/produto\/extrator-para-material-eletrico-deco-100-frlde100#primaryimage\"},\"image\":{\"@id\":\"https:\/\/luxpro.pt\/es\/produto\/extrator-para-material-eletrico-deco-100-frlde100#primaryimage\"},\"thumbnailUrl\":\"https:\/\/luxpro.pt\/wp-content\/uploads\/2018\/09\/DECO-100.jpg\",\"datePublished\":\"2018-09-04T10:55:06+00:00\",\"dateModified\":\"2025-07-08T16:40:44+00:00\",\"description\":\"\u2022 Projetado para remover a humidade e os maus odores das casas de banho; \u2022 Com a sua estrutura fina torna este produto discreto e atraente; \u2022 Para uso\",\"breadcrumb\":{\"@id\":\"https:\/\/luxpro.pt\/es\/produto\/extrator-para-material-eletrico-deco-100-frlde100#breadcrumb\"},\"inLanguage\":\"es\",\"potentialAction\":[{\"@type\":\"ReadAction\",\"target\":[\"https:\/\/luxpro.pt\/es\/produto\/extrator-para-material-eletrico-deco-100-frlde100\"]}]},{\"@type\":\"ImageObject\",\"inLanguage\":\"es\",\"@id\":\"https:\/\/luxpro.pt\/es\/produto\/extrator-para-material-eletrico-deco-100-frlde100#primaryimage\",\"url\":\"https:\/\/luxpro.pt\/wp-content\/uploads\/2018\/09\/DECO-100.jpg\",\"contentUrl\":\"https:\/\/luxpro.pt\/wp-content\/uploads\/2018\/09\/DECO-100.jpg\",\"width\":1000,\"height\":1000},{\"@type\":\"BreadcrumbList\",\"@id\":\"https:\/\/luxpro.pt\/es\/produto\/extrator-para-material-eletrico-deco-100-frlde100#breadcrumb\",\"itemListElement\":[{\"@type\":\"ListItem\",\"position\":1,\"name\":\"In\u00edcio\",\"item\":\"https:\/\/luxpro.pt\/es\"},{\"@type\":\"ListItem\",\"position\":2,\"name\":\"Loja\",\"item\":\"https:\/\/luxpro.pt\/loja\"},{\"@type\":\"ListItem\",\"position\":3,\"name\":\"Extrator de casa de banho ARIS 100\"}]},{\"@type\":\"WebSite\",\"@id\":\"https:\/\/luxpro.pt\/es#website\",\"url\":\"https:\/\/luxpro.pt\/es\",\"name\":\"LuxPro\",\"description\":\"\",\"publisher\":{\"@id\":\"https:\/\/luxpro.pt\/es#\/schema\/person\/2d1bed59a52ad49be71622bef025e341\"},\"potentialAction\":[{\"@type\":\"SearchAction\",\"target\":{\"@type\":\"EntryPoint\",\"urlTemplate\":\"https:\/\/luxpro.pt\/es?s={search_term_string}\"},\"query-input\":{\"@type\":\"PropertyValueSpecification\",\"valueRequired\":true,\"valueName\":\"search_term_string\"}}],\"inLanguage\":\"es\"},{\"@type\":[\"Person\",\"Organization\"],\"@id\":\"https:\/\/luxpro.pt\/es#\/schema\/person\/2d1bed59a52ad49be71622bef025e341\",\"name\":\"Tiago Amadeu Ferreira\",\"image\":{\"@type\":\"ImageObject\",\"inLanguage\":\"es\",\"@id\":\"https:\/\/luxpro.pt\/es#\/schema\/person\/image\/\",\"url\":\"https:\/\/luxpro.pt\/wp-content\/uploads\/2017\/11\/logo.jpg\",\"contentUrl\":\"https:\/\/luxpro.pt\/wp-content\/uploads\/2017\/11\/logo.jpg\",\"width\":150,\"height\":33,\"caption\":\"Tiago Amadeu Ferreira\"},\"logo\":{\"@id\":\"https:\/\/luxpro.pt\/es#\/schema\/person\/image\/\"}}]}<\/script>\n<!-- \/ Yoast SEO plugin. -->","yoast_head_json":{"title":"Extrator de casa de banho ARIS 100 - LuxPro","description":"\u2022 Projetado para remover a humidade e os maus odores das casas de banho; \u2022 Com a sua estrutura fina torna este produto discreto e atraente; \u2022 Para uso","robots":{"index":"index","follow":"follow","max-snippet":"max-snippet:-1","max-image-preview":"max-image-preview:large","max-video-preview":"max-video-preview:-1"},"canonical":"https:\/\/luxpro.pt\/es\/produto\/extrator-para-material-eletrico-deco-100-frlde100","og_locale":"es_ES","og_type":"article","og_title":"Extrator de casa de banho ARIS 100 - LuxPro","og_description":"\u2022 Projetado para remover a humidade e os maus odores das casas de banho; \u2022 Com a sua estrutura fina torna este produto discreto e atraente; \u2022 Para uso","og_url":"https:\/\/luxpro.pt\/es\/produto\/extrator-para-material-eletrico-deco-100-frlde100","og_site_name":"LuxPro","article_modified_time":"2025-07-08T16:40:44+00:00","og_image":[{"width":1000,"height":1000,"url":"https:\/\/luxpro.pt\/wp-content\/uploads\/2018\/09\/DECO-100.jpg","type":"image\/jpeg"}],"twitter_card":"summary_large_image","twitter_misc":{"Tiempo de lectura":"1 minuto"},"schema":{"@context":"https:\/\/schema.org","@graph":[{"@type":"WebPage","@id":"https:\/\/luxpro.pt\/es\/produto\/extrator-para-material-eletrico-deco-100-frlde100","url":"https:\/\/luxpro.pt\/es\/produto\/extrator-para-material-eletrico-deco-100-frlde100","name":"Extrator de casa de banho ARIS 100 - LuxPro","isPartOf":{"@id":"https:\/\/luxpro.pt\/es#website"},"primaryImageOfPage":{"@id":"https:\/\/luxpro.pt\/es\/produto\/extrator-para-material-eletrico-deco-100-frlde100#primaryimage"},"image":{"@id":"https:\/\/luxpro.pt\/es\/produto\/extrator-para-material-eletrico-deco-100-frlde100#primaryimage"},"thumbnailUrl":"https:\/\/luxpro.pt\/wp-content\/uploads\/2018\/09\/DECO-100.jpg","datePublished":"2018-09-04T10:55:06+00:00","dateModified":"2025-07-08T16:40:44+00:00","description":"\u2022 Projetado para remover a humidade e os maus odores das casas de banho; \u2022 Com a sua estrutura fina torna este produto discreto e atraente; \u2022 Para uso","breadcrumb":{"@id":"https:\/\/luxpro.pt\/es\/produto\/extrator-para-material-eletrico-deco-100-frlde100#breadcrumb"},"inLanguage":"es","potentialAction":[{"@type":"ReadAction","target":["https:\/\/luxpro.pt\/es\/produto\/extrator-para-material-eletrico-deco-100-frlde100"]}]},{"@type":"ImageObject","inLanguage":"es","@id":"https:\/\/luxpro.pt\/es\/produto\/extrator-para-material-eletrico-deco-100-frlde100#primaryimage","url":"https:\/\/luxpro.pt\/wp-content\/uploads\/2018\/09\/DECO-100.jpg","contentUrl":"https:\/\/luxpro.pt\/wp-content\/uploads\/2018\/09\/DECO-100.jpg","width":1000,"height":1000},{"@type":"BreadcrumbList","@id":"https:\/\/luxpro.pt\/es\/produto\/extrator-para-material-eletrico-deco-100-frlde100#breadcrumb","itemListElement":[{"@type":"ListItem","position":1,"name":"In\u00edcio","item":"https:\/\/luxpro.pt\/es"},{"@type":"ListItem","position":2,"name":"Loja","item":"https:\/\/luxpro.pt\/loja"},{"@type":"ListItem","position":3,"name":"Extrator de casa de banho ARIS 100"}]},{"@type":"WebSite","@id":"https:\/\/luxpro.pt\/es#website","url":"https:\/\/luxpro.pt\/es","name":"LuxPro","description":"","publisher":{"@id":"https:\/\/luxpro.pt\/es#\/schema\/person\/2d1bed59a52ad49be71622bef025e341"},"potentialAction":[{"@type":"SearchAction","target":{"@type":"EntryPoint","urlTemplate":"https:\/\/luxpro.pt\/es?s={search_term_string}"},"query-input":{"@type":"PropertyValueSpecification","valueRequired":true,"valueName":"search_term_string"}}],"inLanguage":"es"},{"@type":["Person","Organization"],"@id":"https:\/\/luxpro.pt\/es#\/schema\/person\/2d1bed59a52ad49be71622bef025e341","name":"Tiago Amadeu Ferreira","image":{"@type":"ImageObject","inLanguage":"es","@id":"https:\/\/luxpro.pt\/es#\/schema\/person\/image\/","url":"https:\/\/luxpro.pt\/wp-content\/uploads\/2017\/11\/logo.jpg","contentUrl":"https:\/\/luxpro.pt\/wp-content\/uploads\/2017\/11\/logo.jpg","width":150,"height":33,"caption":"Tiago Amadeu Ferreira"},"logo":{"@id":"https:\/\/luxpro.pt\/es#\/schema\/person\/image\/"}}]}},"tiered_pricing_type":"fixed","tiered_pricing_fixed_rules":[],"tiered_pricing_product_settings":{"layout":"default","base_unit_name":{"singular":null,"plural":null},"default_variation":null},"tiered_pricing_minimum_quantity":null,"tiered_pricing_roles_data":[],"tiered_pricing_percentage_rules":[],"_links":{"self":[{"href":"https:\/\/luxpro.pt\/es\/wp-json\/wp\/v2\/product\/877","targetHints":{"allow":["GET"]}}],"collection":[{"href":"https:\/\/luxpro.pt\/es\/wp-json\/wp\/v2\/product"}],"about":[{"href":"https:\/\/luxpro.pt\/es\/wp-json\/wp\/v2\/types\/product"}],"replies":[{"embeddable":true,"href":"https:\/\/luxpro.pt\/es\/wp-json\/wp\/v2\/comments?post=877"}],"wp:featuredmedia":[{"embeddable":true,"href":"https:\/\/luxpro.pt\/es\/wp-json\/wp\/v2\/media\/878"}],"wp:attachment":[{"href":"https:\/\/luxpro.pt\/es\/wp-json\/wp\/v2\/media?parent=877"}],"wp:term":[{"taxonomy":"product_brand","embeddable":true,"href":"https:\/\/luxpro.pt\/es\/wp-json\/wp\/v2\/product_brand?post=877"},{"taxonomy":"product_cat","embeddable":true,"href":"https:\/\/luxpro.pt\/es\/wp-json\/wp\/v2\/product_cat?post=877"},{"taxonomy":"product_tag","embeddable":true,"href":"https:\/\/luxpro.pt\/es\/wp-json\/wp\/v2\/product_tag?post=877"}],"curies":[{"name":"wp","href":"https:\/\/api.w.org\/{rel}","templated":true}]}}