{"id":881,"date":"2018-09-04T10:55:06","date_gmt":"2018-09-04T10:55:06","guid":{"rendered":"https:\/\/luxpro.pt\/produto\/bucins-para-material-eletrico-nylon-com-sede-pg-frlpg\/"},"modified":"2023-10-29T20:48:20","modified_gmt":"2023-10-29T20:48:20","slug":"bucins-para-material-eletrico-nylon-com-sede-pg-frlpg","status":"publish","type":"product","link":"https:\/\/luxpro.pt\/es\/produto\/bucins-para-material-eletrico-nylon-com-sede-pg-frlpg","title":{"rendered":"Bucins para Material El\u00e9trico Nylon com Sede PG"},"content":{"rendered":"<p>Bucins para Material El\u00e9trico Nylon com Sede PG. Aplica\u00e7\u00f5es: Entradas de cabos e tubos em caixas e quadros.<br \/>\nMaterial: Corpo PVC r\u00edgido poliamida cinza RAL 7035<\/p>\n","protected":false},"excerpt":{"rendered":"<p>Bucins para Material El\u00e9trico Nylon com Sede PG. Aplica\u00e7\u00f5es: Entradas de cabos e tubos em caixas e quadros. Material: Corpo PVC r\u00edgido poliamida cinza RAL 7035<\/p>\n","protected":false},"featured_media":882,"comment_status":"closed","ping_status":"closed","template":"","meta":[],"product_brand":[],"product_cat":[20,25],"product_tag":[],"class_list":{"0":"post-881","1":"product","2":"type-product","3":"status-publish","4":"has-post-thumbnail","6":"product_cat-materiais-eletricos","7":"product_cat-bucins","8":"pa_medida-mm-pg11","9":"pa_medida-mm-pg135","10":"pa_medida-mm-pg16","11":"pa_medida-mm-pg21","12":"pa_medida-mm-pg29","13":"pa_medida-mm-pg7","14":"pa_medida-mm-pg9","15":"pa_material-de-fabrico-nylon","16":"pa_acabamento-branco","17":"pa_dim-de-entrada-o-min-o-max-110-180-mm","18":"pa_dim-de-entrada-o-min-o-max-170-250-mm","19":"pa_dim-de-entrada-o-min-o-max-25-65-mm","20":"pa_dim-de-entrada-o-min-o-max-40-80-mm","21":"pa_dim-de-entrada-o-min-o-max-50-100-mm","22":"pa_dim-de-entrada-o-min-o-max-60-120-mm","23":"pa_dim-de-entrada-o-min-o-max-70-140-mm","24":"pa_alt-rosca-de-fixacao-a-10-mm","25":"pa_alt-rosca-de-fixacao-a-12-mm","26":"pa_alt-rosca-de-fixacao-a-13-mm","27":"pa_alt-rosca-de-fixacao-a-9-mm","28":"pa_furacao-fixacao-b-125-mm-o","29":"pa_furacao-fixacao-b-155-mm-o","30":"pa_furacao-fixacao-b-186-mm-o","31":"pa_furacao-fixacao-b-204-mm-o","32":"pa_furacao-fixacao-b-225-mm-o","33":"pa_furacao-fixacao-b-283-mm-o","34":"pa_furacao-fixacao-b-370-mm-o","35":"pa_dimensoes-p1-16-mm","36":"pa_dimensoes-p1-19-mm","37":"pa_dimensoes-p1-22-mm","38":"pa_dimensoes-p1-24-mm","39":"pa_dimensoes-p1-27-mm","40":"pa_dimensoes-p1-33-mm","41":"pa_dimensoes-p1-42-mm","42":"pa_dimensoes-p2-19-mm","43":"pa_dimensoes-p2-22-mm","44":"pa_dimensoes-p2-24-mm","45":"pa_dimensoes-p2-26-mm","46":"pa_dimensoes-p2-30-mm","47":"pa_dimensoes-p2-36-mm","48":"pa_dimensoes-p2-46-mm","50":"first","51":"instock","52":"taxable","53":"shipping-taxable","54":"purchasable","55":"product-type-variable"},"yoast_head":"<!-- This site is optimized with the Yoast SEO plugin v26.5 - https:\/\/yoast.com\/wordpress\/plugins\/seo\/ -->\n<title>Bucins para Material El\u00e9trico Nylon com Sede PG - LuxPro<\/title>\n<meta name=\"description\" content=\"Bucins para Material El\u00e9trico Nylon com Sede PG. Aplica\u00e7\u00f5es: Entradas de cabos e tubos em caixas e quadros. Material: Corpo PVC r\u00edgido poliamida cinza RAL\" \/>\n<meta name=\"robots\" content=\"index, follow, max-snippet:-1, max-image-preview:large, max-video-preview:-1\" \/>\n<link rel=\"canonical\" href=\"https:\/\/luxpro.pt\/es\/produto\/bucins-para-material-eletrico-nylon-com-sede-pg-frlpg\" \/>\n<meta property=\"og:locale\" content=\"es_ES\" \/>\n<meta property=\"og:type\" content=\"article\" \/>\n<meta property=\"og:title\" content=\"Bucins para Material El\u00e9trico Nylon com Sede PG - LuxPro\" \/>\n<meta property=\"og:description\" content=\"Bucins para Material El\u00e9trico Nylon com Sede PG. Aplica\u00e7\u00f5es: Entradas de cabos e tubos em caixas e quadros. Material: Corpo PVC r\u00edgido poliamida cinza RAL\" \/>\n<meta property=\"og:url\" content=\"https:\/\/luxpro.pt\/es\/produto\/bucins-para-material-eletrico-nylon-com-sede-pg-frlpg\" \/>\n<meta property=\"og:site_name\" content=\"LuxPro\" \/>\n<meta property=\"article:modified_time\" content=\"2023-10-29T20:48:20+00:00\" \/>\n<meta property=\"og:image\" content=\"https:\/\/luxpro.pt\/wp-content\/uploads\/2018\/09\/BUCINS-PG.jpg\" \/>\n\t<meta property=\"og:image:width\" content=\"1000\" \/>\n\t<meta property=\"og:image:height\" content=\"1000\" \/>\n\t<meta property=\"og:image:type\" content=\"image\/jpeg\" \/>\n<meta name=\"twitter:card\" content=\"summary_large_image\" \/>\n<meta name=\"twitter:label1\" content=\"Tiempo de lectura\" \/>\n\t<meta name=\"twitter:data1\" content=\"1 minuto\" \/>\n<script type=\"application\/ld+json\" class=\"yoast-schema-graph\">{\"@context\":\"https:\/\/schema.org\",\"@graph\":[{\"@type\":\"WebPage\",\"@id\":\"https:\/\/luxpro.pt\/es\/produto\/bucins-para-material-eletrico-nylon-com-sede-pg-frlpg\",\"url\":\"https:\/\/luxpro.pt\/es\/produto\/bucins-para-material-eletrico-nylon-com-sede-pg-frlpg\",\"name\":\"Bucins para Material El\u00e9trico Nylon com Sede PG - LuxPro\",\"isPartOf\":{\"@id\":\"https:\/\/luxpro.pt\/es#website\"},\"primaryImageOfPage\":{\"@id\":\"https:\/\/luxpro.pt\/es\/produto\/bucins-para-material-eletrico-nylon-com-sede-pg-frlpg#primaryimage\"},\"image\":{\"@id\":\"https:\/\/luxpro.pt\/es\/produto\/bucins-para-material-eletrico-nylon-com-sede-pg-frlpg#primaryimage\"},\"thumbnailUrl\":\"https:\/\/luxpro.pt\/wp-content\/uploads\/2018\/09\/BUCINS-PG.jpg\",\"datePublished\":\"2018-09-04T10:55:06+00:00\",\"dateModified\":\"2023-10-29T20:48:20+00:00\",\"description\":\"Bucins para Material El\u00e9trico Nylon com Sede PG. Aplica\u00e7\u00f5es: Entradas de cabos e tubos em caixas e quadros. Material: Corpo PVC r\u00edgido poliamida cinza RAL\",\"breadcrumb\":{\"@id\":\"https:\/\/luxpro.pt\/es\/produto\/bucins-para-material-eletrico-nylon-com-sede-pg-frlpg#breadcrumb\"},\"inLanguage\":\"es\",\"potentialAction\":[{\"@type\":\"ReadAction\",\"target\":[\"https:\/\/luxpro.pt\/es\/produto\/bucins-para-material-eletrico-nylon-com-sede-pg-frlpg\"]}]},{\"@type\":\"ImageObject\",\"inLanguage\":\"es\",\"@id\":\"https:\/\/luxpro.pt\/es\/produto\/bucins-para-material-eletrico-nylon-com-sede-pg-frlpg#primaryimage\",\"url\":\"https:\/\/luxpro.pt\/wp-content\/uploads\/2018\/09\/BUCINS-PG.jpg\",\"contentUrl\":\"https:\/\/luxpro.pt\/wp-content\/uploads\/2018\/09\/BUCINS-PG.jpg\",\"width\":1000,\"height\":1000},{\"@type\":\"BreadcrumbList\",\"@id\":\"https:\/\/luxpro.pt\/es\/produto\/bucins-para-material-eletrico-nylon-com-sede-pg-frlpg#breadcrumb\",\"itemListElement\":[{\"@type\":\"ListItem\",\"position\":1,\"name\":\"In\u00edcio\",\"item\":\"https:\/\/luxpro.pt\/es\"},{\"@type\":\"ListItem\",\"position\":2,\"name\":\"Loja\",\"item\":\"https:\/\/luxpro.pt\/loja\"},{\"@type\":\"ListItem\",\"position\":3,\"name\":\"Bucins para Material El\u00e9trico Nylon com Sede PG\"}]},{\"@type\":\"WebSite\",\"@id\":\"https:\/\/luxpro.pt\/es#website\",\"url\":\"https:\/\/luxpro.pt\/es\",\"name\":\"LuxPro\",\"description\":\"\",\"publisher\":{\"@id\":\"https:\/\/luxpro.pt\/es#\/schema\/person\/2d1bed59a52ad49be71622bef025e341\"},\"potentialAction\":[{\"@type\":\"SearchAction\",\"target\":{\"@type\":\"EntryPoint\",\"urlTemplate\":\"https:\/\/luxpro.pt\/es?s={search_term_string}\"},\"query-input\":{\"@type\":\"PropertyValueSpecification\",\"valueRequired\":true,\"valueName\":\"search_term_string\"}}],\"inLanguage\":\"es\"},{\"@type\":[\"Person\",\"Organization\"],\"@id\":\"https:\/\/luxpro.pt\/es#\/schema\/person\/2d1bed59a52ad49be71622bef025e341\",\"name\":\"Tiago Amadeu Ferreira\",\"image\":{\"@type\":\"ImageObject\",\"inLanguage\":\"es\",\"@id\":\"https:\/\/luxpro.pt\/es#\/schema\/person\/image\/\",\"url\":\"https:\/\/luxpro.pt\/wp-content\/uploads\/2017\/11\/logo.jpg\",\"contentUrl\":\"https:\/\/luxpro.pt\/wp-content\/uploads\/2017\/11\/logo.jpg\",\"width\":150,\"height\":33,\"caption\":\"Tiago Amadeu Ferreira\"},\"logo\":{\"@id\":\"https:\/\/luxpro.pt\/es#\/schema\/person\/image\/\"}}]}<\/script>\n<!-- \/ Yoast SEO plugin. -->","yoast_head_json":{"title":"Bucins para Material El\u00e9trico Nylon com Sede PG - LuxPro","description":"Bucins para Material El\u00e9trico Nylon com Sede PG. Aplica\u00e7\u00f5es: Entradas de cabos e tubos em caixas e quadros. Material: Corpo PVC r\u00edgido poliamida cinza RAL","robots":{"index":"index","follow":"follow","max-snippet":"max-snippet:-1","max-image-preview":"max-image-preview:large","max-video-preview":"max-video-preview:-1"},"canonical":"https:\/\/luxpro.pt\/es\/produto\/bucins-para-material-eletrico-nylon-com-sede-pg-frlpg","og_locale":"es_ES","og_type":"article","og_title":"Bucins para Material El\u00e9trico Nylon com Sede PG - LuxPro","og_description":"Bucins para Material El\u00e9trico Nylon com Sede PG. Aplica\u00e7\u00f5es: Entradas de cabos e tubos em caixas e quadros. Material: Corpo PVC r\u00edgido poliamida cinza RAL","og_url":"https:\/\/luxpro.pt\/es\/produto\/bucins-para-material-eletrico-nylon-com-sede-pg-frlpg","og_site_name":"LuxPro","article_modified_time":"2023-10-29T20:48:20+00:00","og_image":[{"width":1000,"height":1000,"url":"https:\/\/luxpro.pt\/wp-content\/uploads\/2018\/09\/BUCINS-PG.jpg","type":"image\/jpeg"}],"twitter_card":"summary_large_image","twitter_misc":{"Tiempo de lectura":"1 minuto"},"schema":{"@context":"https:\/\/schema.org","@graph":[{"@type":"WebPage","@id":"https:\/\/luxpro.pt\/es\/produto\/bucins-para-material-eletrico-nylon-com-sede-pg-frlpg","url":"https:\/\/luxpro.pt\/es\/produto\/bucins-para-material-eletrico-nylon-com-sede-pg-frlpg","name":"Bucins para Material El\u00e9trico Nylon com Sede PG - LuxPro","isPartOf":{"@id":"https:\/\/luxpro.pt\/es#website"},"primaryImageOfPage":{"@id":"https:\/\/luxpro.pt\/es\/produto\/bucins-para-material-eletrico-nylon-com-sede-pg-frlpg#primaryimage"},"image":{"@id":"https:\/\/luxpro.pt\/es\/produto\/bucins-para-material-eletrico-nylon-com-sede-pg-frlpg#primaryimage"},"thumbnailUrl":"https:\/\/luxpro.pt\/wp-content\/uploads\/2018\/09\/BUCINS-PG.jpg","datePublished":"2018-09-04T10:55:06+00:00","dateModified":"2023-10-29T20:48:20+00:00","description":"Bucins para Material El\u00e9trico Nylon com Sede PG. Aplica\u00e7\u00f5es: Entradas de cabos e tubos em caixas e quadros. Material: Corpo PVC r\u00edgido poliamida cinza RAL","breadcrumb":{"@id":"https:\/\/luxpro.pt\/es\/produto\/bucins-para-material-eletrico-nylon-com-sede-pg-frlpg#breadcrumb"},"inLanguage":"es","potentialAction":[{"@type":"ReadAction","target":["https:\/\/luxpro.pt\/es\/produto\/bucins-para-material-eletrico-nylon-com-sede-pg-frlpg"]}]},{"@type":"ImageObject","inLanguage":"es","@id":"https:\/\/luxpro.pt\/es\/produto\/bucins-para-material-eletrico-nylon-com-sede-pg-frlpg#primaryimage","url":"https:\/\/luxpro.pt\/wp-content\/uploads\/2018\/09\/BUCINS-PG.jpg","contentUrl":"https:\/\/luxpro.pt\/wp-content\/uploads\/2018\/09\/BUCINS-PG.jpg","width":1000,"height":1000},{"@type":"BreadcrumbList","@id":"https:\/\/luxpro.pt\/es\/produto\/bucins-para-material-eletrico-nylon-com-sede-pg-frlpg#breadcrumb","itemListElement":[{"@type":"ListItem","position":1,"name":"In\u00edcio","item":"https:\/\/luxpro.pt\/es"},{"@type":"ListItem","position":2,"name":"Loja","item":"https:\/\/luxpro.pt\/loja"},{"@type":"ListItem","position":3,"name":"Bucins para Material El\u00e9trico Nylon com Sede PG"}]},{"@type":"WebSite","@id":"https:\/\/luxpro.pt\/es#website","url":"https:\/\/luxpro.pt\/es","name":"LuxPro","description":"","publisher":{"@id":"https:\/\/luxpro.pt\/es#\/schema\/person\/2d1bed59a52ad49be71622bef025e341"},"potentialAction":[{"@type":"SearchAction","target":{"@type":"EntryPoint","urlTemplate":"https:\/\/luxpro.pt\/es?s={search_term_string}"},"query-input":{"@type":"PropertyValueSpecification","valueRequired":true,"valueName":"search_term_string"}}],"inLanguage":"es"},{"@type":["Person","Organization"],"@id":"https:\/\/luxpro.pt\/es#\/schema\/person\/2d1bed59a52ad49be71622bef025e341","name":"Tiago Amadeu Ferreira","image":{"@type":"ImageObject","inLanguage":"es","@id":"https:\/\/luxpro.pt\/es#\/schema\/person\/image\/","url":"https:\/\/luxpro.pt\/wp-content\/uploads\/2017\/11\/logo.jpg","contentUrl":"https:\/\/luxpro.pt\/wp-content\/uploads\/2017\/11\/logo.jpg","width":150,"height":33,"caption":"Tiago Amadeu Ferreira"},"logo":{"@id":"https:\/\/luxpro.pt\/es#\/schema\/person\/image\/"}}]}},"tiered_pricing_type":"fixed","tiered_pricing_fixed_rules":[],"tiered_pricing_product_settings":{"layout":"default","base_unit_name":{"singular":null,"plural":null},"default_variation":null},"tiered_pricing_minimum_quantity":null,"tiered_pricing_roles_data":[],"tiered_pricing_percentage_rules":[],"_links":{"self":[{"href":"https:\/\/luxpro.pt\/es\/wp-json\/wp\/v2\/product\/881","targetHints":{"allow":["GET"]}}],"collection":[{"href":"https:\/\/luxpro.pt\/es\/wp-json\/wp\/v2\/product"}],"about":[{"href":"https:\/\/luxpro.pt\/es\/wp-json\/wp\/v2\/types\/product"}],"replies":[{"embeddable":true,"href":"https:\/\/luxpro.pt\/es\/wp-json\/wp\/v2\/comments?post=881"}],"wp:featuredmedia":[{"embeddable":true,"href":"https:\/\/luxpro.pt\/es\/wp-json\/wp\/v2\/media\/882"}],"wp:attachment":[{"href":"https:\/\/luxpro.pt\/es\/wp-json\/wp\/v2\/media?parent=881"}],"wp:term":[{"taxonomy":"product_brand","embeddable":true,"href":"https:\/\/luxpro.pt\/es\/wp-json\/wp\/v2\/product_brand?post=881"},{"taxonomy":"product_cat","embeddable":true,"href":"https:\/\/luxpro.pt\/es\/wp-json\/wp\/v2\/product_cat?post=881"},{"taxonomy":"product_tag","embeddable":true,"href":"https:\/\/luxpro.pt\/es\/wp-json\/wp\/v2\/product_tag?post=881"}],"curies":[{"name":"wp","href":"https:\/\/api.w.org\/{rel}","templated":true}]}}