{"id":8892,"date":"2022-01-19T18:08:58","date_gmt":"2022-01-19T18:08:58","guid":{"rendered":"https:\/\/luxpro.pt\/?post_type=product&#038;p=8892"},"modified":"2024-03-28T22:13:02","modified_gmt":"2024-03-28T22:13:02","slug":"monitor-art-4-%e2%80%8b%e2%80%8blite-g2-43-golmar","status":"publish","type":"product","link":"https:\/\/luxpro.pt\/es\/produto\/monitor-art-4-%e2%80%8b%e2%80%8blite-g2-43-golmar","title":{"rendered":"Monitor m\u00e3os livres ART4 \u200b\u200bLite \/G2+ 4,3&#8243; GOLMAR"},"content":{"rendered":"<ul>\n<li>Instala\u00e7\u00e3o digital \u201cG2+\u201d de 2 fios n\u00e3o polarizados.<\/li>\n<li>Caixa feita de pl\u00e1stico ABS branco.<\/li>\n<li>Montagem em superf\u00edcie.<\/li>\n<li>Monitor m\u00e3os-livres com ecr\u00e3 a cores de 4,3&#8243;.<\/li>\n<\/ul>\n<p>Dimens\u00f5es: 110 (L) x 155 (A) x 14 (P) mil\u00edmetro.<\/p>\n","protected":false},"excerpt":{"rendered":"<p>Instala\u00e7\u00e3o digital \u201cG2+\u201d de 2 fios n\u00e3o polarizados. Caixa feita de pl\u00e1stico ABS branco. Montagem em superf\u00edcie. Monitor m\u00e3os-livres com ecr\u00e3 a cores de 4,3&#8243;. Dimens\u00f5es: 110 (L) x 155 (A) x 14 (P) mil\u00edmetro.<\/p>\n","protected":false},"featured_media":8893,"comment_status":"open","ping_status":"closed","template":"","meta":[],"product_brand":[],"product_cat":[662],"product_tag":[1338,801,781,1219,782],"class_list":{"0":"post-8892","1":"product","2":"type-product","3":"status-publish","4":"has-post-thumbnail","6":"product_cat-monitores","7":"product_tag-art4","8":"product_tag-campainha","9":"product_tag-golmar","10":"product_tag-lite","11":"product_tag-monitor","13":"first","14":"instock","15":"taxable","16":"shipping-taxable","17":"purchasable","18":"product-type-simple"},"yoast_head":"<!-- This site is optimized with the Yoast SEO plugin v26.5 - https:\/\/yoast.com\/wordpress\/plugins\/seo\/ -->\n<title>Monitor m\u00e3os livres ART4 \u200b\u200bLite \/G2+ 4,3&quot; GOLMAR - LuxPro<\/title>\n<meta name=\"description\" content=\"Instala\u00e7\u00e3o digital \u201cG2+\u201d de 2 fios n\u00e3o polarizados. Caixa feita de pl\u00e1stico ABS branco. Montagem em superf\u00edcie. Monitor m\u00e3os-livres com ecr\u00e3 a cores de\" \/>\n<meta name=\"robots\" content=\"index, follow, max-snippet:-1, max-image-preview:large, max-video-preview:-1\" \/>\n<link rel=\"canonical\" href=\"https:\/\/luxpro.pt\/es\/produto\/monitor-art-4-%e2%80%8b%e2%80%8blite-g2-43-golmar\" \/>\n<meta property=\"og:locale\" content=\"es_ES\" \/>\n<meta property=\"og:type\" content=\"article\" \/>\n<meta property=\"og:title\" content=\"Monitor m\u00e3os livres ART4 \u200b\u200bLite \/G2+ 4,3&quot; GOLMAR - LuxPro\" \/>\n<meta property=\"og:description\" content=\"Instala\u00e7\u00e3o digital \u201cG2+\u201d de 2 fios n\u00e3o polarizados. Caixa feita de pl\u00e1stico ABS branco. Montagem em superf\u00edcie. Monitor m\u00e3os-livres com ecr\u00e3 a cores de\" \/>\n<meta property=\"og:url\" content=\"https:\/\/luxpro.pt\/es\/produto\/monitor-art-4-%e2%80%8b%e2%80%8blite-g2-43-golmar\" \/>\n<meta property=\"og:site_name\" content=\"LuxPro\" \/>\n<meta property=\"article:modified_time\" content=\"2024-03-28T22:13:02+00:00\" \/>\n<meta property=\"og:image\" content=\"https:\/\/luxpro.pt\/wp-content\/uploads\/2022\/01\/monitor-manos-libres-de-43-art-4-liteg2-art-4-liteg2-800x800-1.jpeg\" \/>\n\t<meta property=\"og:image:width\" content=\"800\" \/>\n\t<meta property=\"og:image:height\" content=\"800\" \/>\n\t<meta property=\"og:image:type\" content=\"image\/jpeg\" \/>\n<meta name=\"twitter:card\" content=\"summary_large_image\" \/>\n<meta name=\"twitter:label1\" content=\"Tiempo de lectura\" \/>\n\t<meta name=\"twitter:data1\" content=\"1 minuto\" \/>\n<script type=\"application\/ld+json\" class=\"yoast-schema-graph\">{\"@context\":\"https:\/\/schema.org\",\"@graph\":[{\"@type\":\"WebPage\",\"@id\":\"https:\/\/luxpro.pt\/es\/produto\/monitor-art-4-%e2%80%8b%e2%80%8blite-g2-43-golmar\",\"url\":\"https:\/\/luxpro.pt\/es\/produto\/monitor-art-4-%e2%80%8b%e2%80%8blite-g2-43-golmar\",\"name\":\"Monitor m\u00e3os livres ART4 \u200b\u200bLite \/G2+ 4,3\\\" GOLMAR - LuxPro\",\"isPartOf\":{\"@id\":\"https:\/\/luxpro.pt\/es#website\"},\"primaryImageOfPage\":{\"@id\":\"https:\/\/luxpro.pt\/es\/produto\/monitor-art-4-%e2%80%8b%e2%80%8blite-g2-43-golmar#primaryimage\"},\"image\":{\"@id\":\"https:\/\/luxpro.pt\/es\/produto\/monitor-art-4-%e2%80%8b%e2%80%8blite-g2-43-golmar#primaryimage\"},\"thumbnailUrl\":\"https:\/\/luxpro.pt\/wp-content\/uploads\/2022\/01\/monitor-manos-libres-de-43-art-4-liteg2-art-4-liteg2-800x800-1.jpeg\",\"datePublished\":\"2022-01-19T18:08:58+00:00\",\"dateModified\":\"2024-03-28T22:13:02+00:00\",\"description\":\"Instala\u00e7\u00e3o digital \u201cG2+\u201d de 2 fios n\u00e3o polarizados. Caixa feita de pl\u00e1stico ABS branco. Montagem em superf\u00edcie. Monitor m\u00e3os-livres com ecr\u00e3 a cores de\",\"breadcrumb\":{\"@id\":\"https:\/\/luxpro.pt\/es\/produto\/monitor-art-4-%e2%80%8b%e2%80%8blite-g2-43-golmar#breadcrumb\"},\"inLanguage\":\"es\",\"potentialAction\":[{\"@type\":\"ReadAction\",\"target\":[\"https:\/\/luxpro.pt\/es\/produto\/monitor-art-4-%e2%80%8b%e2%80%8blite-g2-43-golmar\"]}]},{\"@type\":\"ImageObject\",\"inLanguage\":\"es\",\"@id\":\"https:\/\/luxpro.pt\/es\/produto\/monitor-art-4-%e2%80%8b%e2%80%8blite-g2-43-golmar#primaryimage\",\"url\":\"https:\/\/luxpro.pt\/wp-content\/uploads\/2022\/01\/monitor-manos-libres-de-43-art-4-liteg2-art-4-liteg2-800x800-1.jpeg\",\"contentUrl\":\"https:\/\/luxpro.pt\/wp-content\/uploads\/2022\/01\/monitor-manos-libres-de-43-art-4-liteg2-art-4-liteg2-800x800-1.jpeg\",\"width\":800,\"height\":800},{\"@type\":\"BreadcrumbList\",\"@id\":\"https:\/\/luxpro.pt\/es\/produto\/monitor-art-4-%e2%80%8b%e2%80%8blite-g2-43-golmar#breadcrumb\",\"itemListElement\":[{\"@type\":\"ListItem\",\"position\":1,\"name\":\"In\u00edcio\",\"item\":\"https:\/\/luxpro.pt\/es\"},{\"@type\":\"ListItem\",\"position\":2,\"name\":\"Loja\",\"item\":\"https:\/\/luxpro.pt\/loja\"},{\"@type\":\"ListItem\",\"position\":3,\"name\":\"Monitor m\u00e3os livres ART4 \u200b\u200bLite \/G2+ 4,3&#8243; GOLMAR\"}]},{\"@type\":\"WebSite\",\"@id\":\"https:\/\/luxpro.pt\/es#website\",\"url\":\"https:\/\/luxpro.pt\/es\",\"name\":\"LuxPro\",\"description\":\"\",\"publisher\":{\"@id\":\"https:\/\/luxpro.pt\/es#\/schema\/person\/2d1bed59a52ad49be71622bef025e341\"},\"potentialAction\":[{\"@type\":\"SearchAction\",\"target\":{\"@type\":\"EntryPoint\",\"urlTemplate\":\"https:\/\/luxpro.pt\/es?s={search_term_string}\"},\"query-input\":{\"@type\":\"PropertyValueSpecification\",\"valueRequired\":true,\"valueName\":\"search_term_string\"}}],\"inLanguage\":\"es\"},{\"@type\":[\"Person\",\"Organization\"],\"@id\":\"https:\/\/luxpro.pt\/es#\/schema\/person\/2d1bed59a52ad49be71622bef025e341\",\"name\":\"Tiago Amadeu Ferreira\",\"image\":{\"@type\":\"ImageObject\",\"inLanguage\":\"es\",\"@id\":\"https:\/\/luxpro.pt\/es#\/schema\/person\/image\/\",\"url\":\"https:\/\/luxpro.pt\/wp-content\/uploads\/2017\/11\/logo.jpg\",\"contentUrl\":\"https:\/\/luxpro.pt\/wp-content\/uploads\/2017\/11\/logo.jpg\",\"width\":150,\"height\":33,\"caption\":\"Tiago Amadeu Ferreira\"},\"logo\":{\"@id\":\"https:\/\/luxpro.pt\/es#\/schema\/person\/image\/\"}}]}<\/script>\n<!-- \/ Yoast SEO plugin. -->","yoast_head_json":{"title":"Monitor m\u00e3os livres ART4 \u200b\u200bLite \/G2+ 4,3\" GOLMAR - LuxPro","description":"Instala\u00e7\u00e3o digital \u201cG2+\u201d de 2 fios n\u00e3o polarizados. Caixa feita de pl\u00e1stico ABS branco. Montagem em superf\u00edcie. Monitor m\u00e3os-livres com ecr\u00e3 a cores de","robots":{"index":"index","follow":"follow","max-snippet":"max-snippet:-1","max-image-preview":"max-image-preview:large","max-video-preview":"max-video-preview:-1"},"canonical":"https:\/\/luxpro.pt\/es\/produto\/monitor-art-4-%e2%80%8b%e2%80%8blite-g2-43-golmar","og_locale":"es_ES","og_type":"article","og_title":"Monitor m\u00e3os livres ART4 \u200b\u200bLite \/G2+ 4,3\" GOLMAR - LuxPro","og_description":"Instala\u00e7\u00e3o digital \u201cG2+\u201d de 2 fios n\u00e3o polarizados. Caixa feita de pl\u00e1stico ABS branco. Montagem em superf\u00edcie. Monitor m\u00e3os-livres com ecr\u00e3 a cores de","og_url":"https:\/\/luxpro.pt\/es\/produto\/monitor-art-4-%e2%80%8b%e2%80%8blite-g2-43-golmar","og_site_name":"LuxPro","article_modified_time":"2024-03-28T22:13:02+00:00","og_image":[{"width":800,"height":800,"url":"https:\/\/luxpro.pt\/wp-content\/uploads\/2022\/01\/monitor-manos-libres-de-43-art-4-liteg2-art-4-liteg2-800x800-1.jpeg","type":"image\/jpeg"}],"twitter_card":"summary_large_image","twitter_misc":{"Tiempo de lectura":"1 minuto"},"schema":{"@context":"https:\/\/schema.org","@graph":[{"@type":"WebPage","@id":"https:\/\/luxpro.pt\/es\/produto\/monitor-art-4-%e2%80%8b%e2%80%8blite-g2-43-golmar","url":"https:\/\/luxpro.pt\/es\/produto\/monitor-art-4-%e2%80%8b%e2%80%8blite-g2-43-golmar","name":"Monitor m\u00e3os livres ART4 \u200b\u200bLite \/G2+ 4,3\" GOLMAR - LuxPro","isPartOf":{"@id":"https:\/\/luxpro.pt\/es#website"},"primaryImageOfPage":{"@id":"https:\/\/luxpro.pt\/es\/produto\/monitor-art-4-%e2%80%8b%e2%80%8blite-g2-43-golmar#primaryimage"},"image":{"@id":"https:\/\/luxpro.pt\/es\/produto\/monitor-art-4-%e2%80%8b%e2%80%8blite-g2-43-golmar#primaryimage"},"thumbnailUrl":"https:\/\/luxpro.pt\/wp-content\/uploads\/2022\/01\/monitor-manos-libres-de-43-art-4-liteg2-art-4-liteg2-800x800-1.jpeg","datePublished":"2022-01-19T18:08:58+00:00","dateModified":"2024-03-28T22:13:02+00:00","description":"Instala\u00e7\u00e3o digital \u201cG2+\u201d de 2 fios n\u00e3o polarizados. Caixa feita de pl\u00e1stico ABS branco. Montagem em superf\u00edcie. Monitor m\u00e3os-livres com ecr\u00e3 a cores de","breadcrumb":{"@id":"https:\/\/luxpro.pt\/es\/produto\/monitor-art-4-%e2%80%8b%e2%80%8blite-g2-43-golmar#breadcrumb"},"inLanguage":"es","potentialAction":[{"@type":"ReadAction","target":["https:\/\/luxpro.pt\/es\/produto\/monitor-art-4-%e2%80%8b%e2%80%8blite-g2-43-golmar"]}]},{"@type":"ImageObject","inLanguage":"es","@id":"https:\/\/luxpro.pt\/es\/produto\/monitor-art-4-%e2%80%8b%e2%80%8blite-g2-43-golmar#primaryimage","url":"https:\/\/luxpro.pt\/wp-content\/uploads\/2022\/01\/monitor-manos-libres-de-43-art-4-liteg2-art-4-liteg2-800x800-1.jpeg","contentUrl":"https:\/\/luxpro.pt\/wp-content\/uploads\/2022\/01\/monitor-manos-libres-de-43-art-4-liteg2-art-4-liteg2-800x800-1.jpeg","width":800,"height":800},{"@type":"BreadcrumbList","@id":"https:\/\/luxpro.pt\/es\/produto\/monitor-art-4-%e2%80%8b%e2%80%8blite-g2-43-golmar#breadcrumb","itemListElement":[{"@type":"ListItem","position":1,"name":"In\u00edcio","item":"https:\/\/luxpro.pt\/es"},{"@type":"ListItem","position":2,"name":"Loja","item":"https:\/\/luxpro.pt\/loja"},{"@type":"ListItem","position":3,"name":"Monitor m\u00e3os livres ART4 \u200b\u200bLite \/G2+ 4,3&#8243; GOLMAR"}]},{"@type":"WebSite","@id":"https:\/\/luxpro.pt\/es#website","url":"https:\/\/luxpro.pt\/es","name":"LuxPro","description":"","publisher":{"@id":"https:\/\/luxpro.pt\/es#\/schema\/person\/2d1bed59a52ad49be71622bef025e341"},"potentialAction":[{"@type":"SearchAction","target":{"@type":"EntryPoint","urlTemplate":"https:\/\/luxpro.pt\/es?s={search_term_string}"},"query-input":{"@type":"PropertyValueSpecification","valueRequired":true,"valueName":"search_term_string"}}],"inLanguage":"es"},{"@type":["Person","Organization"],"@id":"https:\/\/luxpro.pt\/es#\/schema\/person\/2d1bed59a52ad49be71622bef025e341","name":"Tiago Amadeu Ferreira","image":{"@type":"ImageObject","inLanguage":"es","@id":"https:\/\/luxpro.pt\/es#\/schema\/person\/image\/","url":"https:\/\/luxpro.pt\/wp-content\/uploads\/2017\/11\/logo.jpg","contentUrl":"https:\/\/luxpro.pt\/wp-content\/uploads\/2017\/11\/logo.jpg","width":150,"height":33,"caption":"Tiago Amadeu Ferreira"},"logo":{"@id":"https:\/\/luxpro.pt\/es#\/schema\/person\/image\/"}}]}},"tiered_pricing_type":"fixed","tiered_pricing_fixed_rules":[],"tiered_pricing_product_settings":{"layout":"default","base_unit_name":{"singular":null,"plural":null},"default_variation":null},"tiered_pricing_minimum_quantity":null,"tiered_pricing_roles_data":[],"tiered_pricing_percentage_rules":[],"_links":{"self":[{"href":"https:\/\/luxpro.pt\/es\/wp-json\/wp\/v2\/product\/8892","targetHints":{"allow":["GET"]}}],"collection":[{"href":"https:\/\/luxpro.pt\/es\/wp-json\/wp\/v2\/product"}],"about":[{"href":"https:\/\/luxpro.pt\/es\/wp-json\/wp\/v2\/types\/product"}],"replies":[{"embeddable":true,"href":"https:\/\/luxpro.pt\/es\/wp-json\/wp\/v2\/comments?post=8892"}],"wp:featuredmedia":[{"embeddable":true,"href":"https:\/\/luxpro.pt\/es\/wp-json\/wp\/v2\/media\/8893"}],"wp:attachment":[{"href":"https:\/\/luxpro.pt\/es\/wp-json\/wp\/v2\/media?parent=8892"}],"wp:term":[{"taxonomy":"product_brand","embeddable":true,"href":"https:\/\/luxpro.pt\/es\/wp-json\/wp\/v2\/product_brand?post=8892"},{"taxonomy":"product_cat","embeddable":true,"href":"https:\/\/luxpro.pt\/es\/wp-json\/wp\/v2\/product_cat?post=8892"},{"taxonomy":"product_tag","embeddable":true,"href":"https:\/\/luxpro.pt\/es\/wp-json\/wp\/v2\/product_tag?post=8892"}],"curies":[{"name":"wp","href":"https:\/\/api.w.org\/{rel}","templated":true}]}}