{"id":9744,"date":"2022-07-20T09:50:54","date_gmt":"2022-07-20T09:50:54","guid":{"rendered":"https:\/\/luxpro.pt\/?post_type=product&#038;p=9744"},"modified":"2024-08-06T20:14:34","modified_gmt":"2024-08-06T19:14:34","slug":"caixa-aparelhagem-o22mm-48992-cz-efapel","status":"publish","type":"product","link":"https:\/\/luxpro.pt\/es\/produto\/caixa-aparelhagem-o22mm-48992-cz-efapel","title":{"rendered":"Caixa aparelhagem \u00d822mm 48992 CZ EFAPEL"},"content":{"rendered":"<p>&#8211; O \u00cdndice de Prote\u00e7\u00e3o (IP65) s\u00f3 \u00e9 garantido com a utiliza\u00e7\u00e3o de \u00f3rg\u00e3os de comando e sinaliza\u00e7\u00e3o com \u00edndices de prote\u00e7\u00e3o n\u00e3o inferiores.<\/p>\n","protected":false},"excerpt":{"rendered":"<p>&#8211; O \u00cdndice de Prote\u00e7\u00e3o (IP65) s\u00f3 \u00e9 garantido com a utiliza\u00e7\u00e3o de \u00f3rg\u00e3os de comando e sinaliza\u00e7\u00e3o com \u00edndices de prote\u00e7\u00e3o n\u00e3o inferiores.<\/p>\n","protected":false},"featured_media":9745,"comment_status":"open","ping_status":"closed","template":"","meta":[],"product_brand":[],"product_cat":[589],"product_tag":[1221],"class_list":{"0":"post-9744","1":"product","2":"type-product","3":"status-publish","4":"has-post-thumbnail","6":"product_cat-ferramentas-gerais","7":"product_tag-efapel","9":"first","10":"instock","11":"taxable","12":"shipping-taxable","13":"purchasable","14":"product-type-simple"},"yoast_head":"<!-- This site is optimized with the Yoast SEO plugin v26.5 - https:\/\/yoast.com\/wordpress\/plugins\/seo\/ -->\n<title>Caixa aparelhagem \u00d822mm 48992 CZ EFAPEL - LuxPro<\/title>\n<meta name=\"description\" content=\"- O \u00cdndice de Prote\u00e7\u00e3o (IP65) s\u00f3 \u00e9 garantido com a utiliza\u00e7\u00e3o de \u00f3rg\u00e3os de comando e sinaliza\u00e7\u00e3o com \u00edndices de prote\u00e7\u00e3o n\u00e3o inferiores.\" \/>\n<meta name=\"robots\" content=\"index, follow, max-snippet:-1, max-image-preview:large, max-video-preview:-1\" \/>\n<link rel=\"canonical\" href=\"https:\/\/luxpro.pt\/es\/produto\/caixa-aparelhagem-o22mm-48992-cz-efapel\" \/>\n<meta property=\"og:locale\" content=\"es_ES\" \/>\n<meta property=\"og:type\" content=\"article\" \/>\n<meta property=\"og:title\" content=\"Caixa aparelhagem \u00d822mm 48992 CZ EFAPEL - LuxPro\" \/>\n<meta property=\"og:description\" content=\"- O \u00cdndice de Prote\u00e7\u00e3o (IP65) s\u00f3 \u00e9 garantido com a utiliza\u00e7\u00e3o de \u00f3rg\u00e3os de comando e sinaliza\u00e7\u00e3o com \u00edndices de prote\u00e7\u00e3o n\u00e3o inferiores.\" \/>\n<meta property=\"og:url\" content=\"https:\/\/luxpro.pt\/es\/produto\/caixa-aparelhagem-o22mm-48992-cz-efapel\" \/>\n<meta property=\"og:site_name\" content=\"LuxPro\" \/>\n<meta property=\"article:modified_time\" content=\"2024-08-06T19:14:34+00:00\" \/>\n<meta property=\"og:image\" content=\"https:\/\/luxpro.pt\/wp-content\/uploads\/2022\/07\/Caixa-para-Aparelhagem-22mm-5c90c92470bad.jpeg\" \/>\n\t<meta property=\"og:image:width\" content=\"450\" \/>\n\t<meta property=\"og:image:height\" content=\"364\" \/>\n\t<meta property=\"og:image:type\" content=\"image\/jpeg\" \/>\n<meta name=\"twitter:card\" content=\"summary_large_image\" \/>\n<meta name=\"twitter:label1\" content=\"Tiempo de lectura\" \/>\n\t<meta name=\"twitter:data1\" content=\"1 minuto\" \/>\n<script type=\"application\/ld+json\" class=\"yoast-schema-graph\">{\"@context\":\"https:\/\/schema.org\",\"@graph\":[{\"@type\":\"WebPage\",\"@id\":\"https:\/\/luxpro.pt\/es\/produto\/caixa-aparelhagem-o22mm-48992-cz-efapel\",\"url\":\"https:\/\/luxpro.pt\/es\/produto\/caixa-aparelhagem-o22mm-48992-cz-efapel\",\"name\":\"Caixa aparelhagem \u00d822mm 48992 CZ EFAPEL - LuxPro\",\"isPartOf\":{\"@id\":\"https:\/\/luxpro.pt\/es#website\"},\"primaryImageOfPage\":{\"@id\":\"https:\/\/luxpro.pt\/es\/produto\/caixa-aparelhagem-o22mm-48992-cz-efapel#primaryimage\"},\"image\":{\"@id\":\"https:\/\/luxpro.pt\/es\/produto\/caixa-aparelhagem-o22mm-48992-cz-efapel#primaryimage\"},\"thumbnailUrl\":\"https:\/\/luxpro.pt\/wp-content\/uploads\/2022\/07\/Caixa-para-Aparelhagem-22mm-5c90c92470bad.jpeg\",\"datePublished\":\"2022-07-20T09:50:54+00:00\",\"dateModified\":\"2024-08-06T19:14:34+00:00\",\"description\":\"- O \u00cdndice de Prote\u00e7\u00e3o (IP65) s\u00f3 \u00e9 garantido com a utiliza\u00e7\u00e3o de \u00f3rg\u00e3os de comando e sinaliza\u00e7\u00e3o com \u00edndices de prote\u00e7\u00e3o n\u00e3o inferiores.\",\"breadcrumb\":{\"@id\":\"https:\/\/luxpro.pt\/es\/produto\/caixa-aparelhagem-o22mm-48992-cz-efapel#breadcrumb\"},\"inLanguage\":\"es\",\"potentialAction\":[{\"@type\":\"ReadAction\",\"target\":[\"https:\/\/luxpro.pt\/es\/produto\/caixa-aparelhagem-o22mm-48992-cz-efapel\"]}]},{\"@type\":\"ImageObject\",\"inLanguage\":\"es\",\"@id\":\"https:\/\/luxpro.pt\/es\/produto\/caixa-aparelhagem-o22mm-48992-cz-efapel#primaryimage\",\"url\":\"https:\/\/luxpro.pt\/wp-content\/uploads\/2022\/07\/Caixa-para-Aparelhagem-22mm-5c90c92470bad.jpeg\",\"contentUrl\":\"https:\/\/luxpro.pt\/wp-content\/uploads\/2022\/07\/Caixa-para-Aparelhagem-22mm-5c90c92470bad.jpeg\",\"width\":450,\"height\":364},{\"@type\":\"BreadcrumbList\",\"@id\":\"https:\/\/luxpro.pt\/es\/produto\/caixa-aparelhagem-o22mm-48992-cz-efapel#breadcrumb\",\"itemListElement\":[{\"@type\":\"ListItem\",\"position\":1,\"name\":\"In\u00edcio\",\"item\":\"https:\/\/luxpro.pt\/es\"},{\"@type\":\"ListItem\",\"position\":2,\"name\":\"Loja\",\"item\":\"https:\/\/luxpro.pt\/loja\"},{\"@type\":\"ListItem\",\"position\":3,\"name\":\"Caixa aparelhagem \u00d822mm 48992 CZ EFAPEL\"}]},{\"@type\":\"WebSite\",\"@id\":\"https:\/\/luxpro.pt\/es#website\",\"url\":\"https:\/\/luxpro.pt\/es\",\"name\":\"LuxPro\",\"description\":\"\",\"publisher\":{\"@id\":\"https:\/\/luxpro.pt\/es#\/schema\/person\/2d1bed59a52ad49be71622bef025e341\"},\"potentialAction\":[{\"@type\":\"SearchAction\",\"target\":{\"@type\":\"EntryPoint\",\"urlTemplate\":\"https:\/\/luxpro.pt\/es?s={search_term_string}\"},\"query-input\":{\"@type\":\"PropertyValueSpecification\",\"valueRequired\":true,\"valueName\":\"search_term_string\"}}],\"inLanguage\":\"es\"},{\"@type\":[\"Person\",\"Organization\"],\"@id\":\"https:\/\/luxpro.pt\/es#\/schema\/person\/2d1bed59a52ad49be71622bef025e341\",\"name\":\"Tiago Amadeu Ferreira\",\"image\":{\"@type\":\"ImageObject\",\"inLanguage\":\"es\",\"@id\":\"https:\/\/luxpro.pt\/es#\/schema\/person\/image\/\",\"url\":\"https:\/\/luxpro.pt\/wp-content\/uploads\/2017\/11\/logo.jpg\",\"contentUrl\":\"https:\/\/luxpro.pt\/wp-content\/uploads\/2017\/11\/logo.jpg\",\"width\":150,\"height\":33,\"caption\":\"Tiago Amadeu Ferreira\"},\"logo\":{\"@id\":\"https:\/\/luxpro.pt\/es#\/schema\/person\/image\/\"}}]}<\/script>\n<!-- \/ Yoast SEO plugin. -->","yoast_head_json":{"title":"Caixa aparelhagem \u00d822mm 48992 CZ EFAPEL - LuxPro","description":"- O \u00cdndice de Prote\u00e7\u00e3o (IP65) s\u00f3 \u00e9 garantido com a utiliza\u00e7\u00e3o de \u00f3rg\u00e3os de comando e sinaliza\u00e7\u00e3o com \u00edndices de prote\u00e7\u00e3o n\u00e3o inferiores.","robots":{"index":"index","follow":"follow","max-snippet":"max-snippet:-1","max-image-preview":"max-image-preview:large","max-video-preview":"max-video-preview:-1"},"canonical":"https:\/\/luxpro.pt\/es\/produto\/caixa-aparelhagem-o22mm-48992-cz-efapel","og_locale":"es_ES","og_type":"article","og_title":"Caixa aparelhagem \u00d822mm 48992 CZ EFAPEL - LuxPro","og_description":"- O \u00cdndice de Prote\u00e7\u00e3o (IP65) s\u00f3 \u00e9 garantido com a utiliza\u00e7\u00e3o de \u00f3rg\u00e3os de comando e sinaliza\u00e7\u00e3o com \u00edndices de prote\u00e7\u00e3o n\u00e3o inferiores.","og_url":"https:\/\/luxpro.pt\/es\/produto\/caixa-aparelhagem-o22mm-48992-cz-efapel","og_site_name":"LuxPro","article_modified_time":"2024-08-06T19:14:34+00:00","og_image":[{"width":450,"height":364,"url":"https:\/\/luxpro.pt\/wp-content\/uploads\/2022\/07\/Caixa-para-Aparelhagem-22mm-5c90c92470bad.jpeg","type":"image\/jpeg"}],"twitter_card":"summary_large_image","twitter_misc":{"Tiempo de lectura":"1 minuto"},"schema":{"@context":"https:\/\/schema.org","@graph":[{"@type":"WebPage","@id":"https:\/\/luxpro.pt\/es\/produto\/caixa-aparelhagem-o22mm-48992-cz-efapel","url":"https:\/\/luxpro.pt\/es\/produto\/caixa-aparelhagem-o22mm-48992-cz-efapel","name":"Caixa aparelhagem \u00d822mm 48992 CZ EFAPEL - LuxPro","isPartOf":{"@id":"https:\/\/luxpro.pt\/es#website"},"primaryImageOfPage":{"@id":"https:\/\/luxpro.pt\/es\/produto\/caixa-aparelhagem-o22mm-48992-cz-efapel#primaryimage"},"image":{"@id":"https:\/\/luxpro.pt\/es\/produto\/caixa-aparelhagem-o22mm-48992-cz-efapel#primaryimage"},"thumbnailUrl":"https:\/\/luxpro.pt\/wp-content\/uploads\/2022\/07\/Caixa-para-Aparelhagem-22mm-5c90c92470bad.jpeg","datePublished":"2022-07-20T09:50:54+00:00","dateModified":"2024-08-06T19:14:34+00:00","description":"- O \u00cdndice de Prote\u00e7\u00e3o (IP65) s\u00f3 \u00e9 garantido com a utiliza\u00e7\u00e3o de \u00f3rg\u00e3os de comando e sinaliza\u00e7\u00e3o com \u00edndices de prote\u00e7\u00e3o n\u00e3o inferiores.","breadcrumb":{"@id":"https:\/\/luxpro.pt\/es\/produto\/caixa-aparelhagem-o22mm-48992-cz-efapel#breadcrumb"},"inLanguage":"es","potentialAction":[{"@type":"ReadAction","target":["https:\/\/luxpro.pt\/es\/produto\/caixa-aparelhagem-o22mm-48992-cz-efapel"]}]},{"@type":"ImageObject","inLanguage":"es","@id":"https:\/\/luxpro.pt\/es\/produto\/caixa-aparelhagem-o22mm-48992-cz-efapel#primaryimage","url":"https:\/\/luxpro.pt\/wp-content\/uploads\/2022\/07\/Caixa-para-Aparelhagem-22mm-5c90c92470bad.jpeg","contentUrl":"https:\/\/luxpro.pt\/wp-content\/uploads\/2022\/07\/Caixa-para-Aparelhagem-22mm-5c90c92470bad.jpeg","width":450,"height":364},{"@type":"BreadcrumbList","@id":"https:\/\/luxpro.pt\/es\/produto\/caixa-aparelhagem-o22mm-48992-cz-efapel#breadcrumb","itemListElement":[{"@type":"ListItem","position":1,"name":"In\u00edcio","item":"https:\/\/luxpro.pt\/es"},{"@type":"ListItem","position":2,"name":"Loja","item":"https:\/\/luxpro.pt\/loja"},{"@type":"ListItem","position":3,"name":"Caixa aparelhagem \u00d822mm 48992 CZ EFAPEL"}]},{"@type":"WebSite","@id":"https:\/\/luxpro.pt\/es#website","url":"https:\/\/luxpro.pt\/es","name":"LuxPro","description":"","publisher":{"@id":"https:\/\/luxpro.pt\/es#\/schema\/person\/2d1bed59a52ad49be71622bef025e341"},"potentialAction":[{"@type":"SearchAction","target":{"@type":"EntryPoint","urlTemplate":"https:\/\/luxpro.pt\/es?s={search_term_string}"},"query-input":{"@type":"PropertyValueSpecification","valueRequired":true,"valueName":"search_term_string"}}],"inLanguage":"es"},{"@type":["Person","Organization"],"@id":"https:\/\/luxpro.pt\/es#\/schema\/person\/2d1bed59a52ad49be71622bef025e341","name":"Tiago Amadeu Ferreira","image":{"@type":"ImageObject","inLanguage":"es","@id":"https:\/\/luxpro.pt\/es#\/schema\/person\/image\/","url":"https:\/\/luxpro.pt\/wp-content\/uploads\/2017\/11\/logo.jpg","contentUrl":"https:\/\/luxpro.pt\/wp-content\/uploads\/2017\/11\/logo.jpg","width":150,"height":33,"caption":"Tiago Amadeu Ferreira"},"logo":{"@id":"https:\/\/luxpro.pt\/es#\/schema\/person\/image\/"}}]}},"tiered_pricing_type":"fixed","tiered_pricing_fixed_rules":[],"tiered_pricing_product_settings":{"layout":"default","base_unit_name":{"singular":null,"plural":null},"default_variation":null},"tiered_pricing_minimum_quantity":null,"tiered_pricing_roles_data":[],"tiered_pricing_percentage_rules":[],"_links":{"self":[{"href":"https:\/\/luxpro.pt\/es\/wp-json\/wp\/v2\/product\/9744","targetHints":{"allow":["GET"]}}],"collection":[{"href":"https:\/\/luxpro.pt\/es\/wp-json\/wp\/v2\/product"}],"about":[{"href":"https:\/\/luxpro.pt\/es\/wp-json\/wp\/v2\/types\/product"}],"replies":[{"embeddable":true,"href":"https:\/\/luxpro.pt\/es\/wp-json\/wp\/v2\/comments?post=9744"}],"wp:featuredmedia":[{"embeddable":true,"href":"https:\/\/luxpro.pt\/es\/wp-json\/wp\/v2\/media\/9745"}],"wp:attachment":[{"href":"https:\/\/luxpro.pt\/es\/wp-json\/wp\/v2\/media?parent=9744"}],"wp:term":[{"taxonomy":"product_brand","embeddable":true,"href":"https:\/\/luxpro.pt\/es\/wp-json\/wp\/v2\/product_brand?post=9744"},{"taxonomy":"product_cat","embeddable":true,"href":"https:\/\/luxpro.pt\/es\/wp-json\/wp\/v2\/product_cat?post=9744"},{"taxonomy":"product_tag","embeddable":true,"href":"https:\/\/luxpro.pt\/es\/wp-json\/wp\/v2\/product_tag?post=9744"}],"curies":[{"name":"wp","href":"https:\/\/api.w.org\/{rel}","templated":true}]}}