{"id":980,"date":"2018-09-04T10:58:07","date_gmt":"2018-09-04T10:58:07","guid":{"rendered":"https:\/\/luxpro.pt\/produto\/suspensao-para-iluminacao-floral-frlsf\/"},"modified":"2020-11-05T15:36:05","modified_gmt":"2020-11-05T15:36:05","slug":"suspensao-para-iluminacao-floral-frlsf","status":"publish","type":"product","link":"https:\/\/luxpro.pt\/es\/produto\/suspensao-para-iluminacao-floral-frlsf","title":{"rendered":"Suspens\u00e3o para Ilumina\u00e7\u00e3o Floral FRLSF"},"content":{"rendered":"<ul>\n<li>base de fixa\u00e7\u00e3o ao tecto para candeeiro de suspen\u00e7\u00e3o<\/li>\n<\/ul>\n","protected":false},"excerpt":{"rendered":"<p>base de fixa\u00e7\u00e3o ao tecto para candeeiro de suspen\u00e7\u00e3o<\/p>\n","protected":false},"featured_media":981,"comment_status":"closed","ping_status":"closed","template":"","meta":[],"product_brand":[],"product_cat":[24,32],"product_tag":[],"class_list":{"0":"post-980","1":"product","2":"type-product","3":"status-publish","4":"has-post-thumbnail","6":"product_cat-materiais-de-iluminacao","7":"product_cat-acessorios-de-iluminacao","8":"pa_material-de-fabrico-aluminio","10":"first","11":"instock","12":"taxable","13":"shipping-taxable","14":"purchasable","15":"product-type-simple"},"yoast_head":"<!-- This site is optimized with the Yoast SEO plugin v26.5 - https:\/\/yoast.com\/wordpress\/plugins\/seo\/ -->\n<title>Suspens\u00e3o para Ilumina\u00e7\u00e3o Floral FRLSF - LuxPro<\/title>\n<meta name=\"description\" content=\"base de fixa\u00e7\u00e3o ao tecto para candeeiro de suspen\u00e7\u00e3o\" \/>\n<meta name=\"robots\" content=\"index, follow, max-snippet:-1, max-image-preview:large, max-video-preview:-1\" \/>\n<link rel=\"canonical\" href=\"https:\/\/luxpro.pt\/es\/produto\/suspensao-para-iluminacao-floral-frlsf\" \/>\n<meta property=\"og:locale\" content=\"es_ES\" \/>\n<meta property=\"og:type\" content=\"article\" \/>\n<meta property=\"og:title\" content=\"Suspens\u00e3o para Ilumina\u00e7\u00e3o Floral FRLSF - LuxPro\" \/>\n<meta property=\"og:description\" content=\"base de fixa\u00e7\u00e3o ao tecto para candeeiro de suspen\u00e7\u00e3o\" \/>\n<meta property=\"og:url\" content=\"https:\/\/luxpro.pt\/es\/produto\/suspensao-para-iluminacao-floral-frlsf\" \/>\n<meta property=\"og:site_name\" content=\"LuxPro\" \/>\n<meta property=\"article:modified_time\" content=\"2020-11-05T15:36:05+00:00\" \/>\n<meta property=\"og:image\" content=\"https:\/\/luxpro.pt\/wp-content\/uploads\/2018\/09\/SUSPPENSA\u0303O-DE-TECTO.jpg\" \/>\n\t<meta property=\"og:image:width\" content=\"1000\" \/>\n\t<meta property=\"og:image:height\" content=\"1000\" \/>\n\t<meta property=\"og:image:type\" content=\"image\/jpeg\" \/>\n<meta name=\"twitter:card\" content=\"summary_large_image\" \/>\n<script type=\"application\/ld+json\" class=\"yoast-schema-graph\">{\"@context\":\"https:\/\/schema.org\",\"@graph\":[{\"@type\":\"WebPage\",\"@id\":\"https:\/\/luxpro.pt\/es\/produto\/suspensao-para-iluminacao-floral-frlsf\",\"url\":\"https:\/\/luxpro.pt\/es\/produto\/suspensao-para-iluminacao-floral-frlsf\",\"name\":\"Suspens\u00e3o para Ilumina\u00e7\u00e3o Floral FRLSF - LuxPro\",\"isPartOf\":{\"@id\":\"https:\/\/luxpro.pt\/es#website\"},\"primaryImageOfPage\":{\"@id\":\"https:\/\/luxpro.pt\/es\/produto\/suspensao-para-iluminacao-floral-frlsf#primaryimage\"},\"image\":{\"@id\":\"https:\/\/luxpro.pt\/es\/produto\/suspensao-para-iluminacao-floral-frlsf#primaryimage\"},\"thumbnailUrl\":\"https:\/\/luxpro.pt\/wp-content\/uploads\/2018\/09\/SUSPPENSA\u0303O-DE-TECTO.jpg\",\"datePublished\":\"2018-09-04T10:58:07+00:00\",\"dateModified\":\"2020-11-05T15:36:05+00:00\",\"description\":\"base de fixa\u00e7\u00e3o ao tecto para candeeiro de suspen\u00e7\u00e3o\",\"breadcrumb\":{\"@id\":\"https:\/\/luxpro.pt\/es\/produto\/suspensao-para-iluminacao-floral-frlsf#breadcrumb\"},\"inLanguage\":\"es\",\"potentialAction\":[{\"@type\":\"ReadAction\",\"target\":[\"https:\/\/luxpro.pt\/es\/produto\/suspensao-para-iluminacao-floral-frlsf\"]}]},{\"@type\":\"ImageObject\",\"inLanguage\":\"es\",\"@id\":\"https:\/\/luxpro.pt\/es\/produto\/suspensao-para-iluminacao-floral-frlsf#primaryimage\",\"url\":\"https:\/\/luxpro.pt\/wp-content\/uploads\/2018\/09\/SUSPPENSA\u0303O-DE-TECTO.jpg\",\"contentUrl\":\"https:\/\/luxpro.pt\/wp-content\/uploads\/2018\/09\/SUSPPENSA\u0303O-DE-TECTO.jpg\",\"width\":1000,\"height\":1000},{\"@type\":\"BreadcrumbList\",\"@id\":\"https:\/\/luxpro.pt\/es\/produto\/suspensao-para-iluminacao-floral-frlsf#breadcrumb\",\"itemListElement\":[{\"@type\":\"ListItem\",\"position\":1,\"name\":\"In\u00edcio\",\"item\":\"https:\/\/luxpro.pt\/es\"},{\"@type\":\"ListItem\",\"position\":2,\"name\":\"Loja\",\"item\":\"https:\/\/luxpro.pt\/loja\"},{\"@type\":\"ListItem\",\"position\":3,\"name\":\"Suspens\u00e3o para Ilumina\u00e7\u00e3o Floral FRLSF\"}]},{\"@type\":\"WebSite\",\"@id\":\"https:\/\/luxpro.pt\/es#website\",\"url\":\"https:\/\/luxpro.pt\/es\",\"name\":\"LuxPro\",\"description\":\"\",\"publisher\":{\"@id\":\"https:\/\/luxpro.pt\/es#\/schema\/person\/2d1bed59a52ad49be71622bef025e341\"},\"potentialAction\":[{\"@type\":\"SearchAction\",\"target\":{\"@type\":\"EntryPoint\",\"urlTemplate\":\"https:\/\/luxpro.pt\/es?s={search_term_string}\"},\"query-input\":{\"@type\":\"PropertyValueSpecification\",\"valueRequired\":true,\"valueName\":\"search_term_string\"}}],\"inLanguage\":\"es\"},{\"@type\":[\"Person\",\"Organization\"],\"@id\":\"https:\/\/luxpro.pt\/es#\/schema\/person\/2d1bed59a52ad49be71622bef025e341\",\"name\":\"Tiago Amadeu Ferreira\",\"image\":{\"@type\":\"ImageObject\",\"inLanguage\":\"es\",\"@id\":\"https:\/\/luxpro.pt\/es#\/schema\/person\/image\/\",\"url\":\"https:\/\/luxpro.pt\/wp-content\/uploads\/2017\/11\/logo.jpg\",\"contentUrl\":\"https:\/\/luxpro.pt\/wp-content\/uploads\/2017\/11\/logo.jpg\",\"width\":150,\"height\":33,\"caption\":\"Tiago Amadeu Ferreira\"},\"logo\":{\"@id\":\"https:\/\/luxpro.pt\/es#\/schema\/person\/image\/\"}}]}<\/script>\n<!-- \/ Yoast SEO plugin. -->","yoast_head_json":{"title":"Suspens\u00e3o para Ilumina\u00e7\u00e3o Floral FRLSF - LuxPro","description":"base de fixa\u00e7\u00e3o ao tecto para candeeiro de suspen\u00e7\u00e3o","robots":{"index":"index","follow":"follow","max-snippet":"max-snippet:-1","max-image-preview":"max-image-preview:large","max-video-preview":"max-video-preview:-1"},"canonical":"https:\/\/luxpro.pt\/es\/produto\/suspensao-para-iluminacao-floral-frlsf","og_locale":"es_ES","og_type":"article","og_title":"Suspens\u00e3o para Ilumina\u00e7\u00e3o Floral FRLSF - LuxPro","og_description":"base de fixa\u00e7\u00e3o ao tecto para candeeiro de suspen\u00e7\u00e3o","og_url":"https:\/\/luxpro.pt\/es\/produto\/suspensao-para-iluminacao-floral-frlsf","og_site_name":"LuxPro","article_modified_time":"2020-11-05T15:36:05+00:00","og_image":[{"width":1000,"height":1000,"url":"https:\/\/luxpro.pt\/wp-content\/uploads\/2018\/09\/SUSPPENSA\u0303O-DE-TECTO.jpg","type":"image\/jpeg"}],"twitter_card":"summary_large_image","schema":{"@context":"https:\/\/schema.org","@graph":[{"@type":"WebPage","@id":"https:\/\/luxpro.pt\/es\/produto\/suspensao-para-iluminacao-floral-frlsf","url":"https:\/\/luxpro.pt\/es\/produto\/suspensao-para-iluminacao-floral-frlsf","name":"Suspens\u00e3o para Ilumina\u00e7\u00e3o Floral FRLSF - LuxPro","isPartOf":{"@id":"https:\/\/luxpro.pt\/es#website"},"primaryImageOfPage":{"@id":"https:\/\/luxpro.pt\/es\/produto\/suspensao-para-iluminacao-floral-frlsf#primaryimage"},"image":{"@id":"https:\/\/luxpro.pt\/es\/produto\/suspensao-para-iluminacao-floral-frlsf#primaryimage"},"thumbnailUrl":"https:\/\/luxpro.pt\/wp-content\/uploads\/2018\/09\/SUSPPENSA\u0303O-DE-TECTO.jpg","datePublished":"2018-09-04T10:58:07+00:00","dateModified":"2020-11-05T15:36:05+00:00","description":"base de fixa\u00e7\u00e3o ao tecto para candeeiro de suspen\u00e7\u00e3o","breadcrumb":{"@id":"https:\/\/luxpro.pt\/es\/produto\/suspensao-para-iluminacao-floral-frlsf#breadcrumb"},"inLanguage":"es","potentialAction":[{"@type":"ReadAction","target":["https:\/\/luxpro.pt\/es\/produto\/suspensao-para-iluminacao-floral-frlsf"]}]},{"@type":"ImageObject","inLanguage":"es","@id":"https:\/\/luxpro.pt\/es\/produto\/suspensao-para-iluminacao-floral-frlsf#primaryimage","url":"https:\/\/luxpro.pt\/wp-content\/uploads\/2018\/09\/SUSPPENSA\u0303O-DE-TECTO.jpg","contentUrl":"https:\/\/luxpro.pt\/wp-content\/uploads\/2018\/09\/SUSPPENSA\u0303O-DE-TECTO.jpg","width":1000,"height":1000},{"@type":"BreadcrumbList","@id":"https:\/\/luxpro.pt\/es\/produto\/suspensao-para-iluminacao-floral-frlsf#breadcrumb","itemListElement":[{"@type":"ListItem","position":1,"name":"In\u00edcio","item":"https:\/\/luxpro.pt\/es"},{"@type":"ListItem","position":2,"name":"Loja","item":"https:\/\/luxpro.pt\/loja"},{"@type":"ListItem","position":3,"name":"Suspens\u00e3o para Ilumina\u00e7\u00e3o Floral FRLSF"}]},{"@type":"WebSite","@id":"https:\/\/luxpro.pt\/es#website","url":"https:\/\/luxpro.pt\/es","name":"LuxPro","description":"","publisher":{"@id":"https:\/\/luxpro.pt\/es#\/schema\/person\/2d1bed59a52ad49be71622bef025e341"},"potentialAction":[{"@type":"SearchAction","target":{"@type":"EntryPoint","urlTemplate":"https:\/\/luxpro.pt\/es?s={search_term_string}"},"query-input":{"@type":"PropertyValueSpecification","valueRequired":true,"valueName":"search_term_string"}}],"inLanguage":"es"},{"@type":["Person","Organization"],"@id":"https:\/\/luxpro.pt\/es#\/schema\/person\/2d1bed59a52ad49be71622bef025e341","name":"Tiago Amadeu Ferreira","image":{"@type":"ImageObject","inLanguage":"es","@id":"https:\/\/luxpro.pt\/es#\/schema\/person\/image\/","url":"https:\/\/luxpro.pt\/wp-content\/uploads\/2017\/11\/logo.jpg","contentUrl":"https:\/\/luxpro.pt\/wp-content\/uploads\/2017\/11\/logo.jpg","width":150,"height":33,"caption":"Tiago Amadeu Ferreira"},"logo":{"@id":"https:\/\/luxpro.pt\/es#\/schema\/person\/image\/"}}]}},"tiered_pricing_type":"fixed","tiered_pricing_fixed_rules":[],"tiered_pricing_product_settings":{"layout":"default","base_unit_name":{"singular":null,"plural":null},"default_variation":null},"tiered_pricing_minimum_quantity":null,"tiered_pricing_roles_data":[],"tiered_pricing_percentage_rules":[],"_links":{"self":[{"href":"https:\/\/luxpro.pt\/es\/wp-json\/wp\/v2\/product\/980","targetHints":{"allow":["GET"]}}],"collection":[{"href":"https:\/\/luxpro.pt\/es\/wp-json\/wp\/v2\/product"}],"about":[{"href":"https:\/\/luxpro.pt\/es\/wp-json\/wp\/v2\/types\/product"}],"replies":[{"embeddable":true,"href":"https:\/\/luxpro.pt\/es\/wp-json\/wp\/v2\/comments?post=980"}],"wp:featuredmedia":[{"embeddable":true,"href":"https:\/\/luxpro.pt\/es\/wp-json\/wp\/v2\/media\/981"}],"wp:attachment":[{"href":"https:\/\/luxpro.pt\/es\/wp-json\/wp\/v2\/media?parent=980"}],"wp:term":[{"taxonomy":"product_brand","embeddable":true,"href":"https:\/\/luxpro.pt\/es\/wp-json\/wp\/v2\/product_brand?post=980"},{"taxonomy":"product_cat","embeddable":true,"href":"https:\/\/luxpro.pt\/es\/wp-json\/wp\/v2\/product_cat?post=980"},{"taxonomy":"product_tag","embeddable":true,"href":"https:\/\/luxpro.pt\/es\/wp-json\/wp\/v2\/product_tag?post=980"}],"curies":[{"name":"wp","href":"https:\/\/api.w.org\/{rel}","templated":true}]}}